{"id":8500,"date":"2025-09-16T11:41:26","date_gmt":"2025-09-16T11:41:26","guid":{"rendered":"https:\/\/www.granducatocollection.com\/?post_type=product&#038;p=8500"},"modified":"2026-04-16T12:36:40","modified_gmt":"2026-04-16T12:36:40","slug":"prenota-un-mazzo-di-fiori-personalizzato-granducato-collection","status":"publish","type":"product","link":"https:\/\/www.granducatocollection.com\/sv\/product\/prenota-un-mazzo-di-fiori-personalizzato-granducato-collection\/","title":{"rendered":"Personlig blombukett \u2013 Leverans i Toscana | Granducato Collection"},"content":{"rendered":"<p><script type=\"application\/ld+json\">{\n    \"@context\": \"https:\\\/\\\/schema.org\",\n    \"@type\": \"Product\",\n    \"@id\": \"https:\\\/\\\/www.granducatocollection.com\\\/prodotto\\\/prenota-un-mazzo-di-fiori-personalizzato-granducato-collection\\\/\",\n    \"name\": \"Mazzo di Fiori Personalizzato \\u2013 Consegna in Toscana | Granducato Collection\",\n    \"image\": \"https:\\\/\\\/www.granducatocollection.com\\\/wp-content\\\/uploads\\\/2026\\\/01\\\/mazzo-fiori-personalizzato-granducato.jpg\",\n    \"description\": \"Mazzo di fiori freschi e stagionali, composti su misura da fioristi artigiani in Toscana. Consegna in giornata a Firenze, Arezzo, Siena, Pisa, Lucca. Con biglietto personalizzato.\",\n    \"brand\": {\n        \"@type\": \"Organization\",\n        \"name\": \"Granducato Collection\"\n    },\n    \"offers\": {\n        \"@type\": \"Offer\",\n        \"url\": \"https:\\\/\\\/www.granducatocollection.com\\\/prodotto\\\/prenota-un-mazzo-di-fiori-personalizzato-granducato-collection\\\/\",\n        \"priceCurrency\": \"EUR\",\n        \"price\": \"40.00\",\n        \"itemCondition\": \"https:\\\/\\\/schema.org\\\/NewCondition\",\n        \"availability\": \"https:\\\/\\\/schema.org\\\/InStock\",\n        \"seller\": {\n            \"@type\": \"Organization\",\n            \"name\": \"Granducato Collection\"\n        },\n        \"hasMerchantReturnPolicy\": {\n            \"@type\": \"MerchantReturnPolicy\",\n            \"returnPolicyCategory\": \"https:\\\/\\\/schema.org\\\/MerchantReturnFiniteReturnWindow\",\n            \"merchantReturnDays\": 14,\n            \"returnMethod\": \"https:\\\/\\\/schema.org\\\/ReturnByMail\",\n            \"returnFees\": \"https:\\\/\\\/schema.org\\\/FreeReturn\"\n        }\n    },\n    \"sku\": \"MAZZO-FIORI-PERSONALIZZATO\"\n}<\/script><\/p>\n<p class=\"translation-block\">En blombukett \u00e4r mer \u00e4n bara en g\u00e5va: det \u00e4r en gest som talar n\u00e4r ord inte r\u00e4cker till.<br>\nP\u00e5 Granducato Collection \u00e4r varje bukett handgjord av toskanska hantverksblomsterhandlare,<br>\nmed endast f\u00e4rska, s\u00e4songsbetonade, lokalt odlade blommor. Oavsett om du vill \u00f6verraska din<br>\nspecielle partner i v\u00e5ra sviter, fira en \u00e5rsdag eller skicka en omt\u00e4nksam present<br>\ni Arezzo, skapar vi ett unikt arrangemang f\u00f6r dig, inslaget i elegant papper och \u00e5tf\u00f6ljt av<br>\nett handskrivet kort. Leverans samma dag i hela Toscana, med diskret omsorg<br>\noch absolut punktlighet \u2013 eftersom varje detalj \u00e4r viktig.<\/p>\n<p><\/script><\/p>","protected":false},"excerpt":{"rendered":"<h1>Personlig blombukett<\/h1>\n<p class=\"translation-block\"><strong>Ge bort en k\u00e4nslom\u00e4ssig g\u00e5va med en bukett f\u00e4rska blommor, skapade bara f\u00f6r dig.<\/strong> Perfekt f\u00f6r \u00e5rsdagar, f\u00f6delsedagar, romantiska urs\u00e4kter eller enkla tankar om tillgivenhet. V\u00e5ra hantverksblomster v\u00e4ljer ut de vackraste blommorna varje dag f\u00f6r att skapa unika arrangemang, omsorgsfullt levererade \u00f6ver hela Toscana.<br>\n<a style=\"text-decoration: none;align-items: center;color: #159c7f;font-weight: 600\" href=\"https:\/\/wa.me\/3772539581\" target=\"_blank\" class=\"fusion-no-lightbox\"><br>\n<img style=\"width: 24px;height: 24px;margin-right: 8px\" src=\"https:\/\/upload.wikimedia.org\/wikipedia\/commons\/6\/6b\/WhatsApp.svg\" alt=\"WhatsApp-ikon\"><br>\nSkriv till oss p\u00e5 WhatsApp<br>\n<\/a><\/p>","protected":false},"featured_media":8501,"template":"","meta":{"_acf_changed":false},"product_brand":[764],"product_cat":[93],"product_tag":[743,735,774,775,776,777,736,756],"class_list":{"0":"post-8500","1":"product","2":"type-product","3":"status-publish","4":"has-post-thumbnail","6":"product_brand-granducato-collection","7":"product_cat-servizi","8":"product_tag-anniversario","9":"product_tag-bouquet-fresco","10":"product_tag-camera-romantica","11":"product_tag-camera-romantica-arezzo","12":"product_tag-fiori-in-camera-arezzo","13":"product_tag-fiori-in-hotel-arezzo","14":"product_tag-fiori-toscana","15":"product_tag-regalo-per-lei","17":"first","18":"instock","19":"shipping-taxable","20":"purchasable","21":"product-type-simple"},"acf":[],"yoast_head":"<!-- This site is optimized with the Yoast SEO plugin v26.7 - https:\/\/yoast.com\/wordpress\/plugins\/seo\/ -->\n<title>B&amp;B Arezzo - Mazzo di Fiori Personalizzato - Granducato Collection<\/title>\n<meta name=\"description\" content=\"Regala un mazzo di fiori personalizzato, creato da fioristi artigiani. Fallo trovare all&#039;arrivo in stanza alla persona che ami . Prenota via WhatsApp!\" \/>\n<meta name=\"robots\" content=\"index, follow, max-snippet:-1, max-image-preview:large, max-video-preview:-1\" \/>\n<link rel=\"canonical\" href=\"https:\/\/www.granducatocollection.com\/sv\/product\/prenota-un-mazzo-di-fiori-personalizzato-granducato-collection\/\" \/>\n<meta property=\"og:locale\" content=\"sv_SE\" \/>\n<meta property=\"og:type\" content=\"article\" \/>\n<meta property=\"og:title\" content=\"B&amp;B Arezzo - Mazzo di Fiori Personalizzato - Granducato Collection\" \/>\n<meta property=\"og:description\" content=\"Regala un mazzo di fiori personalizzato, creato da fioristi artigiani. Fallo trovare all&#039;arrivo in stanza alla persona che ami . Prenota via WhatsApp!\" \/>\n<meta property=\"og:url\" content=\"https:\/\/www.granducatocollection.com\/sv\/product\/prenota-un-mazzo-di-fiori-personalizzato-granducato-collection\/\" \/>\n<meta property=\"og:site_name\" content=\"Granducato Collection\" \/>\n<meta property=\"article:modified_time\" content=\"2026-04-16T12:36:40+00:00\" \/>\n<meta property=\"og:image\" content=\"https:\/\/www.granducatocollection.com\/wp-content\/uploads\/2025\/09\/Mazzi-di-rose-con-consegna-in-stanza-granducatocollection-Fiori-ad-Arezzo-firenze-viareggio-affittacamere-suitelets-bb.webp\" \/>\n\t<meta property=\"og:image:width\" content=\"800\" \/>\n\t<meta property=\"og:image:height\" content=\"800\" \/>\n\t<meta property=\"og:image:type\" content=\"image\/webp\" \/>\n<meta name=\"twitter:card\" content=\"summary_large_image\" \/>\n<meta name=\"twitter:label1\" content=\"Ber\u00e4knad l\u00e4stid\" \/>\n\t<meta name=\"twitter:data1\" content=\"1 minut\" \/>\n<script type=\"application\/ld+json\" class=\"yoast-schema-graph\">{\"@context\":\"https:\/\/schema.org\",\"@graph\":[{\"@type\":\"WebPage\",\"@id\":\"https:\/\/www.granducatocollection.com\/prodotto\/prenota-un-mazzo-di-fiori-personalizzato-granducato-collection\/\",\"url\":\"https:\/\/www.granducatocollection.com\/prodotto\/prenota-un-mazzo-di-fiori-personalizzato-granducato-collection\/\",\"name\":\"B&B Arezzo - Mazzo di Fiori Personalizzato - Granducato Collection\",\"isPartOf\":{\"@id\":\"https:\/\/www.granducatocollection.com\/#website\"},\"primaryImageOfPage\":{\"@id\":\"https:\/\/www.granducatocollection.com\/prodotto\/prenota-un-mazzo-di-fiori-personalizzato-granducato-collection\/#primaryimage\"},\"image\":{\"@id\":\"https:\/\/www.granducatocollection.com\/prodotto\/prenota-un-mazzo-di-fiori-personalizzato-granducato-collection\/#primaryimage\"},\"thumbnailUrl\":\"https:\/\/www.granducatocollection.com\/wp-content\/uploads\/2025\/09\/Mazzi-di-rose-con-consegna-in-stanza-granducatocollection-Fiori-ad-Arezzo-firenze-viareggio-affittacamere-suitelets-bb.webp\",\"datePublished\":\"2025-09-16T11:41:26+00:00\",\"dateModified\":\"2026-04-16T12:36:40+00:00\",\"description\":\"Regala un mazzo di fiori personalizzato, creato da fioristi artigiani. Fallo trovare all'arrivo in stanza alla persona che ami . Prenota via WhatsApp!\",\"breadcrumb\":{\"@id\":\"https:\/\/www.granducatocollection.com\/prodotto\/prenota-un-mazzo-di-fiori-personalizzato-granducato-collection\/#breadcrumb\"},\"inLanguage\":\"sv-SE\",\"potentialAction\":[{\"@type\":\"ReadAction\",\"target\":[\"https:\/\/www.granducatocollection.com\/prodotto\/prenota-un-mazzo-di-fiori-personalizzato-granducato-collection\/\"]}]},{\"@type\":\"ImageObject\",\"inLanguage\":\"sv-SE\",\"@id\":\"https:\/\/www.granducatocollection.com\/prodotto\/prenota-un-mazzo-di-fiori-personalizzato-granducato-collection\/#primaryimage\",\"url\":\"https:\/\/www.granducatocollection.com\/wp-content\/uploads\/2025\/09\/Mazzi-di-rose-con-consegna-in-stanza-granducatocollection-Fiori-ad-Arezzo-firenze-viareggio-affittacamere-suitelets-bb.webp\",\"contentUrl\":\"https:\/\/www.granducatocollection.com\/wp-content\/uploads\/2025\/09\/Mazzi-di-rose-con-consegna-in-stanza-granducatocollection-Fiori-ad-Arezzo-firenze-viareggio-affittacamere-suitelets-bb.webp\",\"width\":800,\"height\":800,\"caption\":\"mazzo di fiori prenotabile granducato collection\"},{\"@type\":\"BreadcrumbList\",\"@id\":\"https:\/\/www.granducatocollection.com\/prodotto\/prenota-un-mazzo-di-fiori-personalizzato-granducato-collection\/#breadcrumb\",\"itemListElement\":[{\"@type\":\"ListItem\",\"position\":1,\"name\":\"Home\",\"item\":\"https:\/\/www.granducatocollection.com\/\"},{\"@type\":\"ListItem\",\"position\":2,\"name\":\"Shop\",\"item\":\"https:\/\/www.granducatocollection.com\/negozio\/\"},{\"@type\":\"ListItem\",\"position\":3,\"name\":\"Mazzo di Fiori Personalizzato \u2013 Consegna in Toscana | Granducato Collection\"}]},{\"@type\":\"WebSite\",\"@id\":\"https:\/\/www.granducatocollection.com\/#website\",\"url\":\"https:\/\/www.granducatocollection.com\/\",\"name\":\"GranDucato Collection\",\"description\":\"Prenota la tua vacanza e vivi un&#039;esperienza unica\",\"potentialAction\":[{\"@type\":\"SearchAction\",\"target\":{\"@type\":\"EntryPoint\",\"urlTemplate\":\"https:\/\/www.granducatocollection.com\/?s={search_term_string}\"},\"query-input\":{\"@type\":\"PropertyValueSpecification\",\"valueRequired\":true,\"valueName\":\"search_term_string\"}}],\"inLanguage\":\"sv-SE\"}]}<\/script>\n<!-- \/ Yoast SEO plugin. -->","yoast_head_json":{"title":"B&B Arezzo - Mazzo di Fiori Personalizzato - Granducato Collection","description":"Regala un mazzo di fiori personalizzato, creato da fioristi artigiani. Fallo trovare all'arrivo in stanza alla persona che ami . Prenota via WhatsApp!","robots":{"index":"index","follow":"follow","max-snippet":"max-snippet:-1","max-image-preview":"max-image-preview:large","max-video-preview":"max-video-preview:-1"},"canonical":"https:\/\/www.granducatocollection.com\/sv\/product\/prenota-un-mazzo-di-fiori-personalizzato-granducato-collection\/","og_locale":"sv_SE","og_type":"article","og_title":"B&B Arezzo - Mazzo di Fiori Personalizzato - Granducato Collection","og_description":"Regala un mazzo di fiori personalizzato, creato da fioristi artigiani. Fallo trovare all'arrivo in stanza alla persona che ami . Prenota via WhatsApp!","og_url":"https:\/\/www.granducatocollection.com\/sv\/product\/prenota-un-mazzo-di-fiori-personalizzato-granducato-collection\/","og_site_name":"Granducato Collection","article_modified_time":"2026-04-16T12:36:40+00:00","og_image":[{"width":800,"height":800,"url":"https:\/\/www.granducatocollection.com\/wp-content\/uploads\/2025\/09\/Mazzi-di-rose-con-consegna-in-stanza-granducatocollection-Fiori-ad-Arezzo-firenze-viareggio-affittacamere-suitelets-bb.webp","type":"image\/webp"}],"twitter_card":"summary_large_image","twitter_misc":{"Ber\u00e4knad l\u00e4stid":"1 minut"},"schema":{"@context":"https:\/\/schema.org","@graph":[{"@type":"WebPage","@id":"https:\/\/www.granducatocollection.com\/prodotto\/prenota-un-mazzo-di-fiori-personalizzato-granducato-collection\/","url":"https:\/\/www.granducatocollection.com\/prodotto\/prenota-un-mazzo-di-fiori-personalizzato-granducato-collection\/","name":"B&B Arezzo - Mazzo di Fiori Personalizzato - Granducato Collection","isPartOf":{"@id":"https:\/\/www.granducatocollection.com\/#website"},"primaryImageOfPage":{"@id":"https:\/\/www.granducatocollection.com\/prodotto\/prenota-un-mazzo-di-fiori-personalizzato-granducato-collection\/#primaryimage"},"image":{"@id":"https:\/\/www.granducatocollection.com\/prodotto\/prenota-un-mazzo-di-fiori-personalizzato-granducato-collection\/#primaryimage"},"thumbnailUrl":"https:\/\/www.granducatocollection.com\/wp-content\/uploads\/2025\/09\/Mazzi-di-rose-con-consegna-in-stanza-granducatocollection-Fiori-ad-Arezzo-firenze-viareggio-affittacamere-suitelets-bb.webp","datePublished":"2025-09-16T11:41:26+00:00","dateModified":"2026-04-16T12:36:40+00:00","description":"Regala un mazzo di fiori personalizzato, creato da fioristi artigiani. Fallo trovare all'arrivo in stanza alla persona che ami . Prenota via WhatsApp!","breadcrumb":{"@id":"https:\/\/www.granducatocollection.com\/prodotto\/prenota-un-mazzo-di-fiori-personalizzato-granducato-collection\/#breadcrumb"},"inLanguage":"sv-SE","potentialAction":[{"@type":"ReadAction","target":["https:\/\/www.granducatocollection.com\/prodotto\/prenota-un-mazzo-di-fiori-personalizzato-granducato-collection\/"]}]},{"@type":"ImageObject","inLanguage":"sv-SE","@id":"https:\/\/www.granducatocollection.com\/prodotto\/prenota-un-mazzo-di-fiori-personalizzato-granducato-collection\/#primaryimage","url":"https:\/\/www.granducatocollection.com\/wp-content\/uploads\/2025\/09\/Mazzi-di-rose-con-consegna-in-stanza-granducatocollection-Fiori-ad-Arezzo-firenze-viareggio-affittacamere-suitelets-bb.webp","contentUrl":"https:\/\/www.granducatocollection.com\/wp-content\/uploads\/2025\/09\/Mazzi-di-rose-con-consegna-in-stanza-granducatocollection-Fiori-ad-Arezzo-firenze-viareggio-affittacamere-suitelets-bb.webp","width":800,"height":800,"caption":"mazzo di fiori prenotabile granducato collection"},{"@type":"BreadcrumbList","@id":"https:\/\/www.granducatocollection.com\/prodotto\/prenota-un-mazzo-di-fiori-personalizzato-granducato-collection\/#breadcrumb","itemListElement":[{"@type":"ListItem","position":1,"name":"Home","item":"https:\/\/www.granducatocollection.com\/"},{"@type":"ListItem","position":2,"name":"Shop","item":"https:\/\/www.granducatocollection.com\/negozio\/"},{"@type":"ListItem","position":3,"name":"Mazzo di Fiori Personalizzato \u2013 Consegna in Toscana | Granducato Collection"}]},{"@type":"WebSite","@id":"https:\/\/www.granducatocollection.com\/#website","url":"https:\/\/www.granducatocollection.com\/","name":"GranDucato Collection","description":"Prenota la tua vacanza e vivi un&#039;esperienza unica","potentialAction":[{"@type":"SearchAction","target":{"@type":"EntryPoint","urlTemplate":"https:\/\/www.granducatocollection.com\/?s={search_term_string}"},"query-input":{"@type":"PropertyValueSpecification","valueRequired":true,"valueName":"search_term_string"}}],"inLanguage":"sv-SE"}]}},"_links":{"self":[{"href":"https:\/\/www.granducatocollection.com\/sv\/wp-json\/wp\/v2\/product\/8500","targetHints":{"allow":["GET"]}}],"collection":[{"href":"https:\/\/www.granducatocollection.com\/sv\/wp-json\/wp\/v2\/product"}],"about":[{"href":"https:\/\/www.granducatocollection.com\/sv\/wp-json\/wp\/v2\/types\/product"}],"wp:featuredmedia":[{"embeddable":true,"href":"https:\/\/www.granducatocollection.com\/sv\/wp-json\/wp\/v2\/media\/8501"}],"wp:attachment":[{"href":"https:\/\/www.granducatocollection.com\/sv\/wp-json\/wp\/v2\/media?parent=8500"}],"wp:term":[{"taxonomy":"product_brand","embeddable":true,"href":"https:\/\/www.granducatocollection.com\/sv\/wp-json\/wp\/v2\/product_brand?post=8500"},{"taxonomy":"product_cat","embeddable":true,"href":"https:\/\/www.granducatocollection.com\/sv\/wp-json\/wp\/v2\/product_cat?post=8500"},{"taxonomy":"product_tag","embeddable":true,"href":"https:\/\/www.granducatocollection.com\/sv\/wp-json\/wp\/v2\/product_tag?post=8500"}],"curies":[{"name":"wp","href":"https:\/\/api.w.org\/{rel}","templated":true}]}}