{"id":8486,"date":"2025-09-11T14:06:50","date_gmt":"2025-09-11T14:06:50","guid":{"rendered":"https:\/\/www.granducatocollection.com\/?post_type=product&#038;p=8486"},"modified":"2026-04-30T17:13:39","modified_gmt":"2026-04-30T17:13:39","slug":"confettura-di-pesca","status":"publish","type":"product","link":"https:\/\/www.granducatocollection.com\/sv\/product\/confettura-di-pesca\/","title":{"rendered":"Hemgjord persikmarmelad \u2013 Borgunto | Toscana"},"content":{"rendered":"<p><script type=\"application\/ld+json\">{\n    \"@context\": \"https:\\\/\\\/schema.org\",\n    \"@type\": \"Product\",\n    \"@id\": \"https:\\\/\\\/www.granducatocollection.com\\\/prodotto\\\/confettura-di-pesca\\\/\",\n    \"name\": \"Confettura Artigianale di Pesca \\u2013 Borgunto\",\n    \"image\": \"https:\\\/\\\/www.granducatocollection.com\\\/wp-content\\\/uploads\\\/2026\\\/01\\\/confettura-di-pesca-borgunto.jpg\",\n    \"description\": \"Confettura artigianale di pesca con il 72% di frutta, prodotta ad Arezzo in Toscana. Senza conservanti, perfetta per colazioni sane, dolci fatti in casa o come regalo tipico toscano.\",\n    \"brand\": {\n        \"@type\": \"Organization\",\n        \"name\": \"Borgunto\"\n    },\n    \"hasMerchantReturnPolicy\": {\n        \"@type\": \"MerchantReturnPolicy\",\n        \"returnPolicyCategory\": \"https:\\\/\\\/schema.org\\\/MerchantReturnFiniteReturnWindow\",\n        \"merchantReturnDays\": 14,\n        \"returnMethod\": \"https:\\\/\\\/schema.org\\\/ReturnByMail\",\n        \"returnFees\": \"https:\\\/\\\/schema.org\\\/FreeReturn\",\n        \"applicableCountry\": \"IT\"\n    },\n    \"offers\": {\n        \"@type\": \"Offer\",\n        \"url\": \"https:\\\/\\\/www.granducatocollection.com\\\/prodotto\\\/confettura-di-pesca\\\/\",\n        \"priceCurrency\": \"EUR\",\n        \"price\": \"8.50\",\n        \"itemCondition\": \"https:\\\/\\\/schema.org\\\/NewCondition\",\n        \"availability\": \"https:\\\/\\\/schema.org\\\/InStock\",\n        \"seller\": {\n            \"@type\": \"Organization\",\n            \"name\": \"Granducato Collection\"\n        }\n    },\n    \"sku\": \"CONFETTURA-PESCA\",\n    \"category\": \"Alimentari > Conserve e Marmellate > Confettura di Frutta\"\n}<\/script><\/p>\n<h1>Hantverksm\u00e4ssig persikmarmelad<\/h1>\n<h2>Typisk produkt fr\u00e5n Arezzo med 72 % toskanska persikor<\/h2>\n<p class=\"translation-block\">**Hantverksm\u00e4ssig persikmarmelad** \u00e4r en hyllning till den toskanska landsbygdens s\u00f6tma. Tillverkad av **Borgunto** i **Arezzo** inneh\u00e5ller den hela **72%** frukt och endast naturligt socker, utan konserveringsmedel eller artificiella f\u00e4rg\u00e4mnen. De **solmogna persikorna** plockas vid perfekt mognadstid f\u00f6r att s\u00e4kerst\u00e4lla en delikat, balanserad och autentiskt **toskansk** smak.<\/p>\n<h3>Perfekt f\u00f6r h\u00e4lsosamma frukostar, hemlagade desserter eller som en traditionell present<\/h3>\n<p class=\"translation-block\">Perfekt f\u00f6r att berika **h\u00e4lsosamma frukostar** med yoghurt, rostat br\u00f6d eller f\u00e4rska ostar, och denna sylt \u00e4r ocks\u00e5 en v\u00e4rdefull ingrediens i **hemlagade desserter** \u2013 pajer, muffins eller parfaits. Dess eleganta f\u00f6rpackning g\u00f6r den till en **typisk toskansk present**, perfekt f\u00f6r att ge hem en bit italiensk \u00e4kthet.<\/p>\n<h3>Symbol f\u00f6r Granducato-kollektionen: tradition, sp\u00e5rbarhet och kvalitet<\/h3>\n<p class=\"translation-block\">Denna **typiska Arezzo-produkt** f\u00f6rkroppsligar v\u00e4rdena i **Granducato-kollektionen**: direkt kontroll \u00f6ver r\u00e5varor, hantverksm\u00e4ssig produktion i sm\u00e5 partier och respekt f\u00f6r naturens rytmer. Varje burk p\u00e5 200 g \u00e5terspeglar omsorgen i ett land som f\u00f6rvandlar enkelhet till excellens.<\/p>","protected":false},"excerpt":{"rendered":"<h1>Hemlagad persikosylt<\/h1>\n<p class=\"translation-block\">**Hantverksm\u00e4ssig persikmarmelad** tillverkad i Toscana med solmogna persikor och 72 % frukt. Utan konserveringsmedel eller f\u00e4rg\u00e4mnen \u00e4r den perfekt f\u00f6r h\u00e4lsosamma frukostar, hemlagade desserter eller som en typisk Arezzo-present.<\/p>","protected":false},"featured_media":8553,"template":"","meta":{"_acf_changed":false},"product_brand":[764],"product_cat":[845],"product_tag":[473,464,480,466,479,432,484,471,467,841,265],"class_list":{"0":"post-8486","1":"product","2":"type-product","3":"status-publish","4":"has-post-thumbnail","6":"product_brand-granducato-collection","7":"product_cat-confetture-e-specialita-gourmet","8":"product_tag-colazione","9":"product_tag-confettura","10":"product_tag-confettura-casalinga","11":"product_tag-confettura-di-fragola","12":"product_tag-confetture","13":"product_tag-dolce","14":"product_tag-gusti-tradizionali","15":"product_tag-gusto-classico","16":"product_tag-marmellata","17":"product_tag-marmellata-di-pesca","18":"product_tag-prodotto-artigianale","20":"first","21":"instock","22":"shipping-taxable","23":"purchasable","24":"product-type-variable"},"acf":[],"yoast_head":"<!-- This site is optimized with the Yoast SEO plugin v26.7 - https:\/\/yoast.com\/wordpress\/plugins\/seo\/ -->\n<title>B&amp;B Arezzo - Confettura Artigianale di Pesca \u2013 Borgunto | Toscana - Granducato Collection<\/title>\n<meta name=\"description\" content=\"Acquista online su Granducato Collection la deliziosa Confettura di Pesche, perfetto per colazioni e merende golose. Scopri il gusto della tradizione!\" \/>\n<meta name=\"robots\" content=\"index, follow, max-snippet:-1, max-image-preview:large, max-video-preview:-1\" \/>\n<link rel=\"canonical\" href=\"https:\/\/www.granducatocollection.com\/sv\/product\/confetture-di-fragola-e-pesca\/\" \/>\n<meta property=\"og:locale\" content=\"sv_SE\" \/>\n<meta property=\"og:type\" content=\"article\" \/>\n<meta property=\"og:title\" content=\"B&amp;B Arezzo - Confettura Artigianale di Pesca \u2013 Borgunto | Toscana - Granducato Collection\" \/>\n<meta property=\"og:description\" content=\"Acquista online su Granducato Collection la deliziosa Confettura di Pesche, perfetto per colazioni e merende golose. Scopri il gusto della tradizione!\" \/>\n<meta property=\"og:url\" content=\"https:\/\/www.granducatocollection.com\/sv\/product\/confetture-di-fragola-e-pesca\/\" \/>\n<meta property=\"og:site_name\" content=\"Granducato Collection\" \/>\n<meta property=\"article:modified_time\" content=\"2026-04-30T17:13:39+00:00\" \/>\n<meta property=\"og:image\" content=\"https:\/\/www.granducatocollection.com\/wp-content\/uploads\/2025\/09\/confettura-pesca-toscana-artigianale-arezzo-firenze-toscana-bb-affittacamere-suitelets-campeggio-agricampeggio.webp\" \/>\n\t<meta property=\"og:image:width\" content=\"1297\" \/>\n\t<meta property=\"og:image:height\" content=\"1297\" \/>\n\t<meta property=\"og:image:type\" content=\"image\/webp\" \/>\n<meta name=\"twitter:card\" content=\"summary_large_image\" \/>\n<meta name=\"twitter:label1\" content=\"Ber\u00e4knad l\u00e4stid\" \/>\n\t<meta name=\"twitter:data1\" content=\"2 minuter\" \/>\n<script type=\"application\/ld+json\" class=\"yoast-schema-graph\">{\"@context\":\"https:\/\/schema.org\",\"@graph\":[{\"@type\":\"WebPage\",\"@id\":\"https:\/\/www.granducatocollection.com\/prodotto\/confettura-di-pesca\/\",\"url\":\"https:\/\/www.granducatocollection.com\/prodotto\/confetture-di-fragola-e-pesca\/\",\"name\":\"B&B Arezzo - Confettura Artigianale di Pesca \u2013 Borgunto | Toscana - Granducato Collection\",\"isPartOf\":{\"@id\":\"https:\/\/www.granducatocollection.com\/#website\"},\"primaryImageOfPage\":{\"@id\":\"https:\/\/www.granducatocollection.com\/prodotto\/confetture-di-fragola-e-pesca\/#primaryimage\"},\"image\":{\"@id\":\"https:\/\/www.granducatocollection.com\/prodotto\/confetture-di-fragola-e-pesca\/#primaryimage\"},\"thumbnailUrl\":\"https:\/\/www.granducatocollection.com\/wp-content\/uploads\/2025\/09\/confettura-pesca-toscana-artigianale-arezzo-firenze-toscana-bb-affittacamere-suitelets-campeggio-agricampeggio.webp\",\"datePublished\":\"2025-09-11T14:06:50+00:00\",\"dateModified\":\"2026-04-30T17:13:39+00:00\",\"description\":\"Acquista online su Granducato Collection la deliziosa Confettura di Pesche, perfetto per colazioni e merende golose. Scopri il gusto della tradizione!\",\"breadcrumb\":{\"@id\":\"https:\/\/www.granducatocollection.com\/prodotto\/confetture-di-fragola-e-pesca\/#breadcrumb\"},\"inLanguage\":\"sv-SE\",\"potentialAction\":[{\"@type\":\"ReadAction\",\"target\":[\"https:\/\/www.granducatocollection.com\/prodotto\/confetture-di-fragola-e-pesca\/\"]}]},{\"@type\":\"ImageObject\",\"inLanguage\":\"sv-SE\",\"@id\":\"https:\/\/www.granducatocollection.com\/prodotto\/confetture-di-fragola-e-pesca\/#primaryimage\",\"url\":\"https:\/\/www.granducatocollection.com\/wp-content\/uploads\/2025\/09\/confettura-pesca-toscana-artigianale-arezzo-firenze-toscana-bb-affittacamere-suitelets-campeggio-agricampeggio.webp\",\"contentUrl\":\"https:\/\/www.granducatocollection.com\/wp-content\/uploads\/2025\/09\/confettura-pesca-toscana-artigianale-arezzo-firenze-toscana-bb-affittacamere-suitelets-campeggio-agricampeggio.webp\",\"width\":1297,\"height\":1297,\"caption\":\"confettura di pesca granducatocollection e borgunto\"},{\"@type\":\"BreadcrumbList\",\"@id\":\"https:\/\/www.granducatocollection.com\/prodotto\/confetture-di-fragola-e-pesca\/#breadcrumb\",\"itemListElement\":[{\"@type\":\"ListItem\",\"position\":1,\"name\":\"Home\",\"item\":\"https:\/\/www.granducatocollection.com\/\"},{\"@type\":\"ListItem\",\"position\":2,\"name\":\"Shop\",\"item\":\"https:\/\/www.granducatocollection.com\/negozio\/\"},{\"@type\":\"ListItem\",\"position\":3,\"name\":\"Confettura Artigianale di Pesca \u2013 Borgunto | Toscana\"}]},{\"@type\":\"WebSite\",\"@id\":\"https:\/\/www.granducatocollection.com\/#website\",\"url\":\"https:\/\/www.granducatocollection.com\/\",\"name\":\"GranDucato Collection\",\"description\":\"Prenota la tua vacanza e vivi un&#039;esperienza unica\",\"potentialAction\":[{\"@type\":\"SearchAction\",\"target\":{\"@type\":\"EntryPoint\",\"urlTemplate\":\"https:\/\/www.granducatocollection.com\/?s={search_term_string}\"},\"query-input\":{\"@type\":\"PropertyValueSpecification\",\"valueRequired\":true,\"valueName\":\"search_term_string\"}}],\"inLanguage\":\"sv-SE\"}]}<\/script>\n<!-- \/ Yoast SEO plugin. -->","yoast_head_json":{"title":"B&B Arezzo - Confettura Artigianale di Pesca \u2013 Borgunto | Toscana - Granducato Collection","description":"Acquista online su Granducato Collection la deliziosa Confettura di Pesche, perfetto per colazioni e merende golose. Scopri il gusto della tradizione!","robots":{"index":"index","follow":"follow","max-snippet":"max-snippet:-1","max-image-preview":"max-image-preview:large","max-video-preview":"max-video-preview:-1"},"canonical":"https:\/\/www.granducatocollection.com\/sv\/product\/confetture-di-fragola-e-pesca\/","og_locale":"sv_SE","og_type":"article","og_title":"B&B Arezzo - Confettura Artigianale di Pesca \u2013 Borgunto | Toscana - Granducato Collection","og_description":"Acquista online su Granducato Collection la deliziosa Confettura di Pesche, perfetto per colazioni e merende golose. Scopri il gusto della tradizione!","og_url":"https:\/\/www.granducatocollection.com\/sv\/product\/confetture-di-fragola-e-pesca\/","og_site_name":"Granducato Collection","article_modified_time":"2026-04-30T17:13:39+00:00","og_image":[{"width":1297,"height":1297,"url":"https:\/\/www.granducatocollection.com\/wp-content\/uploads\/2025\/09\/confettura-pesca-toscana-artigianale-arezzo-firenze-toscana-bb-affittacamere-suitelets-campeggio-agricampeggio.webp","type":"image\/webp"}],"twitter_card":"summary_large_image","twitter_misc":{"Ber\u00e4knad l\u00e4stid":"2 minuter"},"schema":{"@context":"https:\/\/schema.org","@graph":[{"@type":"WebPage","@id":"https:\/\/www.granducatocollection.com\/prodotto\/confettura-di-pesca\/","url":"https:\/\/www.granducatocollection.com\/prodotto\/confetture-di-fragola-e-pesca\/","name":"B&B Arezzo - Confettura Artigianale di Pesca \u2013 Borgunto | Toscana - Granducato Collection","isPartOf":{"@id":"https:\/\/www.granducatocollection.com\/#website"},"primaryImageOfPage":{"@id":"https:\/\/www.granducatocollection.com\/prodotto\/confetture-di-fragola-e-pesca\/#primaryimage"},"image":{"@id":"https:\/\/www.granducatocollection.com\/prodotto\/confetture-di-fragola-e-pesca\/#primaryimage"},"thumbnailUrl":"https:\/\/www.granducatocollection.com\/wp-content\/uploads\/2025\/09\/confettura-pesca-toscana-artigianale-arezzo-firenze-toscana-bb-affittacamere-suitelets-campeggio-agricampeggio.webp","datePublished":"2025-09-11T14:06:50+00:00","dateModified":"2026-04-30T17:13:39+00:00","description":"Acquista online su Granducato Collection la deliziosa Confettura di Pesche, perfetto per colazioni e merende golose. Scopri il gusto della tradizione!","breadcrumb":{"@id":"https:\/\/www.granducatocollection.com\/prodotto\/confetture-di-fragola-e-pesca\/#breadcrumb"},"inLanguage":"sv-SE","potentialAction":[{"@type":"ReadAction","target":["https:\/\/www.granducatocollection.com\/prodotto\/confetture-di-fragola-e-pesca\/"]}]},{"@type":"ImageObject","inLanguage":"sv-SE","@id":"https:\/\/www.granducatocollection.com\/prodotto\/confetture-di-fragola-e-pesca\/#primaryimage","url":"https:\/\/www.granducatocollection.com\/wp-content\/uploads\/2025\/09\/confettura-pesca-toscana-artigianale-arezzo-firenze-toscana-bb-affittacamere-suitelets-campeggio-agricampeggio.webp","contentUrl":"https:\/\/www.granducatocollection.com\/wp-content\/uploads\/2025\/09\/confettura-pesca-toscana-artigianale-arezzo-firenze-toscana-bb-affittacamere-suitelets-campeggio-agricampeggio.webp","width":1297,"height":1297,"caption":"confettura di pesca granducatocollection e borgunto"},{"@type":"BreadcrumbList","@id":"https:\/\/www.granducatocollection.com\/prodotto\/confetture-di-fragola-e-pesca\/#breadcrumb","itemListElement":[{"@type":"ListItem","position":1,"name":"Home","item":"https:\/\/www.granducatocollection.com\/"},{"@type":"ListItem","position":2,"name":"Shop","item":"https:\/\/www.granducatocollection.com\/negozio\/"},{"@type":"ListItem","position":3,"name":"Confettura Artigianale di Pesca \u2013 Borgunto | Toscana"}]},{"@type":"WebSite","@id":"https:\/\/www.granducatocollection.com\/#website","url":"https:\/\/www.granducatocollection.com\/","name":"GranDucato Collection","description":"Prenota la tua vacanza e vivi un&#039;esperienza unica","potentialAction":[{"@type":"SearchAction","target":{"@type":"EntryPoint","urlTemplate":"https:\/\/www.granducatocollection.com\/?s={search_term_string}"},"query-input":{"@type":"PropertyValueSpecification","valueRequired":true,"valueName":"search_term_string"}}],"inLanguage":"sv-SE"}]}},"_links":{"self":[{"href":"https:\/\/www.granducatocollection.com\/sv\/wp-json\/wp\/v2\/product\/8486","targetHints":{"allow":["GET"]}}],"collection":[{"href":"https:\/\/www.granducatocollection.com\/sv\/wp-json\/wp\/v2\/product"}],"about":[{"href":"https:\/\/www.granducatocollection.com\/sv\/wp-json\/wp\/v2\/types\/product"}],"wp:featuredmedia":[{"embeddable":true,"href":"https:\/\/www.granducatocollection.com\/sv\/wp-json\/wp\/v2\/media\/8553"}],"wp:attachment":[{"href":"https:\/\/www.granducatocollection.com\/sv\/wp-json\/wp\/v2\/media?parent=8486"}],"wp:term":[{"taxonomy":"product_brand","embeddable":true,"href":"https:\/\/www.granducatocollection.com\/sv\/wp-json\/wp\/v2\/product_brand?post=8486"},{"taxonomy":"product_cat","embeddable":true,"href":"https:\/\/www.granducatocollection.com\/sv\/wp-json\/wp\/v2\/product_cat?post=8486"},{"taxonomy":"product_tag","embeddable":true,"href":"https:\/\/www.granducatocollection.com\/sv\/wp-json\/wp\/v2\/product_tag?post=8486"}],"curies":[{"name":"wp","href":"https:\/\/api.w.org\/{rel}","templated":true}]}}