{"id":8375,"date":"2025-08-08T11:24:46","date_gmt":"2025-08-08T11:24:46","guid":{"rendered":"https:\/\/www.granducatocollection.com\/?post_type=product&#038;p=8375"},"modified":"2026-04-04T21:22:16","modified_gmt":"2026-04-04T21:22:16","slug":"prodotto-deposito-bagagli","status":"publish","type":"product","link":"https:\/\/www.granducatocollection.com\/sv\/product\/prodotto-deposito-bagagli\/","title":{"rendered":"S\u00e4ker bagagef\u00f6rvaring \u2013 Arezzo centrum | Granducato samling"},"content":{"rendered":"<p><script type=\"application\/ld+json\">{\n    \"@context\": \"https:\\\/\\\/schema.org\",\n    \"@type\": \"Service\",\n    \"serviceType\": \"Deposito Bagagli Sicuro\",\n    \"provider\": {\n        \"@type\": \"LocalBusiness\",\n        \"name\": \"Granducato Collection\",\n        \"address\": {\n            \"@type\": \"PostalAddress\",\n            \"streetAddress\": \"Via dei Servi\",\n            \"addressLocality\": \"Arezzo\",\n            \"postalCode\": \"52100\",\n            \"addressCountry\": \"IT\"\n        },\n        \"telephone\": \"+393772539581\",\n        \"url\": \"https:\\\/\\\/www.granducatocollection.com\"\n    },\n    \"areaServed\": \"Arezzo, Toscana\",\n    \"description\": \"Deposito bagagli sicuro ad Arezzo, aperto tutti i giorni vicino a Piazza Grande. Servizio videosorvegliato per turisti, viaggiatori business e crocieristi in Toscana.\",\n    \"offers\": {\n        \"@type\": \"Offer\",\n        \"url\": \"https:\\\/\\\/www.granducatocollection.com\\\/prodotto\\\/prodotto-deposito-bagagli\\\/\",\n        \"priceCurrency\": \"EUR\",\n        \"price\": \"8.00\",\n        \"availability\": \"https:\\\/\\\/schema.org\\\/InStock\"\n    }\n}<\/script><\/p>\n<h1>S\u00e4ker bagagef\u00f6rvaring i Arezzo \u2013 Granducato Collection<\/h1>\n<h2>Central bagagef\u00f6rvaring, \u00f6ppen 7 dagar i veckan<\/h2>\n<p class=\"translation-block\">Bagagef\u00f6rvaring i Arezzo, sk\u00f6ts av Granducato Collection, l\u00e5ter dig utforska den historiska centrum utan att beh\u00f6va sl\u00e4pa runt tunga v\u00e4skor. Den \u00e4r \u00f6ppen dagligen fr\u00e5n 10:00 till 19:30 och ligger bekv\u00e4mt bara n\u00e5gra steg fr\u00e5n Piazza Grande, mitt i stadens centrum.<\/p>\n<h3>Perfekt f\u00f6r turister, aff\u00e4rsresen\u00e4rer och kryssningspassagerare i Toscana<\/h3>\n<p class=\"translation-block\">V\u00e5r tj\u00e4nst \u00e4r utformad f\u00f6r dagsbes\u00f6kare, aff\u00e4rsresen\u00e4rer p\u00e5 genomresa eller kryssningspassagerare p\u00e5 utflykter i Toscana och erbjuder snabb och problemfri \u00e5tkomst, video\u00f6vervakning dygnet runt och \u00e5tkomstkontroll. L\u00e4mna dina v\u00e4skor s\u00e4kert och njut av Arezzo med fullst\u00e4ndig frihet.<\/p>\n<h3>Ett diskret v\u00e4lkomnande, en p\u00e5litlig service<\/h3>\n<p class=\"translation-block\">I linje med Granducato Collections filosofi \"osynlig men n\u00e4rvarande\" kombinerar bagagef\u00f6rvaringen effektivitet, s\u00e4kerhet och toskansk artighet. En viktig tj\u00e4nst f\u00f6r dem som v\u00e4ljer Arezzo som ett stopp p\u00e5 sin resa till Italien.<\/p>","protected":false},"excerpt":{"rendered":"<h1>Bagagef\u00f6rvaring Arezzo<\/h1>\n<p class=\"translation-block\">Har du planerat ett bes\u00f6k i Arezzo men vill inte sl\u00e4pa med dig en koffert? Hos Granducato Collection kan du boka en s\u00e4ker och bekv\u00e4m bagagef\u00f6rvaringstj\u00e4nst \u2013 perfekt f\u00f6r turister och resen\u00e4rer. L\u00e4mna din v\u00e4ska med total trygghet och uppt\u00e4ck staden utan att b\u00e4ra tunga v\u00e4skor. Tj\u00e4nsten \u00e4r tillg\u00e4nglig dagligen fr\u00e5n kl. 10:00 till 19:30, sju dagar i veckan, och \u00e4r \u00e4ven tillg\u00e4nglig fr\u00e5n suitelets. Boka nu p\u00e5 granducatocollection.com!<br>\n<a style=\"text-decoration: none;align-items: center;color: #159c7f;font-weight: 600\" href=\"https:\/\/wa.me\/3772539581\" target=\"_blank\" class=\"fusion-no-lightbox\"><br>\n<img style=\"width: 24px;height: 24px;margin-right: 8px\" src=\"https:\/\/upload.wikimedia.org\/wikipedia\/commons\/6\/6b\/WhatsApp.svg\" alt=\"WhatsApp-ikon\"><br>\nSkriv till oss p\u00e5 WhatsApp<br>\n<\/a><\/p>","protected":false},"featured_media":8377,"template":"","meta":{"_acf_changed":false},"product_brand":[764],"product_cat":[93],"product_tag":[113,108,769,771,772,114,110,115,111,112],"class_list":{"0":"post-8375","1":"product","2":"type-product","3":"status-publish","4":"has-post-thumbnail","6":"product_brand-granducato-collection","7":"product_cat-servizi","8":"product_tag-bagaglio","9":"product_tag-deposito-bagagli","10":"product_tag-deposito-bagagli-arezzo","11":"product_tag-deposito-bagagli-piazza-grande","12":"product_tag-deposito-bagagli-piazza-grande-arezzo","13":"product_tag-sicurezza","14":"product_tag-toscana","15":"product_tag-trasporto","16":"product_tag-turismo","17":"product_tag-viaggio","19":"first","20":"instock","21":"shipping-taxable","22":"purchasable","23":"product-type-simple"},"acf":[],"yoast_head":"<!-- This site is optimized with the Yoast SEO plugin v26.7 - https:\/\/yoast.com\/wordpress\/plugins\/seo\/ -->\n<title>B&amp;B Arezzo - Servizio di Deposito Bagagli - Granducato Collection<\/title>\n<meta name=\"description\" content=\"Lascia i tuoi bagagli in sicurezza nel cuore di Arezzo. Deposito sorvegliato, aperto 7 giorni su 7. Prenota online e visita la citt\u00e0 liberi da ingombri.\" \/>\n<meta name=\"robots\" content=\"index, follow, max-snippet:-1, max-image-preview:large, max-video-preview:-1\" \/>\n<link rel=\"canonical\" href=\"https:\/\/www.granducatocollection.com\/sv\/product\/prodotto-deposito-bagagli\/\" \/>\n<meta property=\"og:locale\" content=\"sv_SE\" \/>\n<meta property=\"og:type\" content=\"article\" \/>\n<meta property=\"og:title\" content=\"B&amp;B Arezzo - Servizio di Deposito Bagagli - Granducato Collection\" \/>\n<meta property=\"og:description\" content=\"Lascia i tuoi bagagli in sicurezza nel cuore di Arezzo. Deposito sorvegliato, aperto 7 giorni su 7. Prenota online e visita la citt\u00e0 liberi da ingombri.\" \/>\n<meta property=\"og:url\" content=\"https:\/\/www.granducatocollection.com\/sv\/product\/prodotto-deposito-bagagli\/\" \/>\n<meta property=\"og:site_name\" content=\"Granducato Collection\" \/>\n<meta property=\"article:modified_time\" content=\"2026-04-04T21:22:16+00:00\" \/>\n<meta property=\"og:image\" content=\"https:\/\/www.granducatocollection.com\/wp-content\/uploads\/2025\/08\/luggage-storage-deposito-bagagli-arezzo-lock-your-luggage-granducatogestioni-via-borgunto-7-arezzo-firenze-toscana.jpg\" \/>\n\t<meta property=\"og:image:width\" content=\"450\" \/>\n\t<meta property=\"og:image:height\" content=\"300\" \/>\n\t<meta property=\"og:image:type\" content=\"image\/jpeg\" \/>\n<meta name=\"twitter:card\" content=\"summary_large_image\" \/>\n<meta name=\"twitter:label1\" content=\"Ber\u00e4knad l\u00e4stid\" \/>\n\t<meta name=\"twitter:data1\" content=\"2 minuter\" \/>\n<script type=\"application\/ld+json\" class=\"yoast-schema-graph\">{\"@context\":\"https:\/\/schema.org\",\"@graph\":[{\"@type\":\"WebPage\",\"@id\":\"https:\/\/www.granducatocollection.com\/prodotto\/prodotto-deposito-bagagli\/\",\"url\":\"https:\/\/www.granducatocollection.com\/prodotto\/prodotto-deposito-bagagli\/\",\"name\":\"B&B Arezzo - Servizio di Deposito Bagagli - Granducato Collection\",\"isPartOf\":{\"@id\":\"https:\/\/www.granducatocollection.com\/#website\"},\"primaryImageOfPage\":{\"@id\":\"https:\/\/www.granducatocollection.com\/prodotto\/prodotto-deposito-bagagli\/#primaryimage\"},\"image\":{\"@id\":\"https:\/\/www.granducatocollection.com\/prodotto\/prodotto-deposito-bagagli\/#primaryimage\"},\"thumbnailUrl\":\"https:\/\/www.granducatocollection.com\/wp-content\/uploads\/2025\/08\/luggage-storage-deposito-bagagli-arezzo-lock-your-luggage-granducatogestioni-via-borgunto-7-arezzo-firenze-toscana.jpg\",\"datePublished\":\"2025-08-08T11:24:46+00:00\",\"dateModified\":\"2026-04-04T21:22:16+00:00\",\"description\":\"Lascia i tuoi bagagli in sicurezza nel cuore di Arezzo. Deposito sorvegliato, aperto 7 giorni su 7. Prenota online e visita la citt\u00e0 liberi da ingombri.\",\"breadcrumb\":{\"@id\":\"https:\/\/www.granducatocollection.com\/prodotto\/prodotto-deposito-bagagli\/#breadcrumb\"},\"inLanguage\":\"sv-SE\",\"potentialAction\":[{\"@type\":\"ReadAction\",\"target\":[\"https:\/\/www.granducatocollection.com\/prodotto\/prodotto-deposito-bagagli\/\"]}]},{\"@type\":\"ImageObject\",\"inLanguage\":\"sv-SE\",\"@id\":\"https:\/\/www.granducatocollection.com\/prodotto\/prodotto-deposito-bagagli\/#primaryimage\",\"url\":\"https:\/\/www.granducatocollection.com\/wp-content\/uploads\/2025\/08\/luggage-storage-deposito-bagagli-arezzo-lock-your-luggage-granducatogestioni-via-borgunto-7-arezzo-firenze-toscana.jpg\",\"contentUrl\":\"https:\/\/www.granducatocollection.com\/wp-content\/uploads\/2025\/08\/luggage-storage-deposito-bagagli-arezzo-lock-your-luggage-granducatogestioni-via-borgunto-7-arezzo-firenze-toscana.jpg\",\"width\":450,\"height\":300,\"caption\":\"Servizio deposito bagagli sicuro nel centro storico di Arezzo - custodia vigilata per turisti e viaggiatori Granducato Collection\"},{\"@type\":\"BreadcrumbList\",\"@id\":\"https:\/\/www.granducatocollection.com\/prodotto\/prodotto-deposito-bagagli\/#breadcrumb\",\"itemListElement\":[{\"@type\":\"ListItem\",\"position\":1,\"name\":\"Home\",\"item\":\"https:\/\/www.granducatocollection.com\/\"},{\"@type\":\"ListItem\",\"position\":2,\"name\":\"Shop\",\"item\":\"https:\/\/www.granducatocollection.com\/negozio\/\"},{\"@type\":\"ListItem\",\"position\":3,\"name\":\"Deposito Bagagli Sicuro \u2013 Centro di Arezzo | Granducato Collection\"}]},{\"@type\":\"WebSite\",\"@id\":\"https:\/\/www.granducatocollection.com\/#website\",\"url\":\"https:\/\/www.granducatocollection.com\/\",\"name\":\"GranDucato Collection\",\"description\":\"Prenota la tua vacanza e vivi un&#039;esperienza unica\",\"potentialAction\":[{\"@type\":\"SearchAction\",\"target\":{\"@type\":\"EntryPoint\",\"urlTemplate\":\"https:\/\/www.granducatocollection.com\/?s={search_term_string}\"},\"query-input\":{\"@type\":\"PropertyValueSpecification\",\"valueRequired\":true,\"valueName\":\"search_term_string\"}}],\"inLanguage\":\"sv-SE\"}]}<\/script>\n<!-- \/ Yoast SEO plugin. -->","yoast_head_json":{"title":"B&B Arezzo - Servizio di Deposito Bagagli - Granducato Collection","description":"Lascia i tuoi bagagli in sicurezza nel cuore di Arezzo. Deposito sorvegliato, aperto 7 giorni su 7. Prenota online e visita la citt\u00e0 liberi da ingombri.","robots":{"index":"index","follow":"follow","max-snippet":"max-snippet:-1","max-image-preview":"max-image-preview:large","max-video-preview":"max-video-preview:-1"},"canonical":"https:\/\/www.granducatocollection.com\/sv\/product\/prodotto-deposito-bagagli\/","og_locale":"sv_SE","og_type":"article","og_title":"B&B Arezzo - Servizio di Deposito Bagagli - Granducato Collection","og_description":"Lascia i tuoi bagagli in sicurezza nel cuore di Arezzo. Deposito sorvegliato, aperto 7 giorni su 7. Prenota online e visita la citt\u00e0 liberi da ingombri.","og_url":"https:\/\/www.granducatocollection.com\/sv\/product\/prodotto-deposito-bagagli\/","og_site_name":"Granducato Collection","article_modified_time":"2026-04-04T21:22:16+00:00","og_image":[{"width":450,"height":300,"url":"https:\/\/www.granducatocollection.com\/wp-content\/uploads\/2025\/08\/luggage-storage-deposito-bagagli-arezzo-lock-your-luggage-granducatogestioni-via-borgunto-7-arezzo-firenze-toscana.jpg","type":"image\/jpeg"}],"twitter_card":"summary_large_image","twitter_misc":{"Ber\u00e4knad l\u00e4stid":"2 minuter"},"schema":{"@context":"https:\/\/schema.org","@graph":[{"@type":"WebPage","@id":"https:\/\/www.granducatocollection.com\/prodotto\/prodotto-deposito-bagagli\/","url":"https:\/\/www.granducatocollection.com\/prodotto\/prodotto-deposito-bagagli\/","name":"B&B Arezzo - Servizio di Deposito Bagagli - Granducato Collection","isPartOf":{"@id":"https:\/\/www.granducatocollection.com\/#website"},"primaryImageOfPage":{"@id":"https:\/\/www.granducatocollection.com\/prodotto\/prodotto-deposito-bagagli\/#primaryimage"},"image":{"@id":"https:\/\/www.granducatocollection.com\/prodotto\/prodotto-deposito-bagagli\/#primaryimage"},"thumbnailUrl":"https:\/\/www.granducatocollection.com\/wp-content\/uploads\/2025\/08\/luggage-storage-deposito-bagagli-arezzo-lock-your-luggage-granducatogestioni-via-borgunto-7-arezzo-firenze-toscana.jpg","datePublished":"2025-08-08T11:24:46+00:00","dateModified":"2026-04-04T21:22:16+00:00","description":"Lascia i tuoi bagagli in sicurezza nel cuore di Arezzo. Deposito sorvegliato, aperto 7 giorni su 7. Prenota online e visita la citt\u00e0 liberi da ingombri.","breadcrumb":{"@id":"https:\/\/www.granducatocollection.com\/prodotto\/prodotto-deposito-bagagli\/#breadcrumb"},"inLanguage":"sv-SE","potentialAction":[{"@type":"ReadAction","target":["https:\/\/www.granducatocollection.com\/prodotto\/prodotto-deposito-bagagli\/"]}]},{"@type":"ImageObject","inLanguage":"sv-SE","@id":"https:\/\/www.granducatocollection.com\/prodotto\/prodotto-deposito-bagagli\/#primaryimage","url":"https:\/\/www.granducatocollection.com\/wp-content\/uploads\/2025\/08\/luggage-storage-deposito-bagagli-arezzo-lock-your-luggage-granducatogestioni-via-borgunto-7-arezzo-firenze-toscana.jpg","contentUrl":"https:\/\/www.granducatocollection.com\/wp-content\/uploads\/2025\/08\/luggage-storage-deposito-bagagli-arezzo-lock-your-luggage-granducatogestioni-via-borgunto-7-arezzo-firenze-toscana.jpg","width":450,"height":300,"caption":"Servizio deposito bagagli sicuro nel centro storico di Arezzo - custodia vigilata per turisti e viaggiatori Granducato Collection"},{"@type":"BreadcrumbList","@id":"https:\/\/www.granducatocollection.com\/prodotto\/prodotto-deposito-bagagli\/#breadcrumb","itemListElement":[{"@type":"ListItem","position":1,"name":"Home","item":"https:\/\/www.granducatocollection.com\/"},{"@type":"ListItem","position":2,"name":"Shop","item":"https:\/\/www.granducatocollection.com\/negozio\/"},{"@type":"ListItem","position":3,"name":"Deposito Bagagli Sicuro \u2013 Centro di Arezzo | Granducato Collection"}]},{"@type":"WebSite","@id":"https:\/\/www.granducatocollection.com\/#website","url":"https:\/\/www.granducatocollection.com\/","name":"GranDucato Collection","description":"Prenota la tua vacanza e vivi un&#039;esperienza unica","potentialAction":[{"@type":"SearchAction","target":{"@type":"EntryPoint","urlTemplate":"https:\/\/www.granducatocollection.com\/?s={search_term_string}"},"query-input":{"@type":"PropertyValueSpecification","valueRequired":true,"valueName":"search_term_string"}}],"inLanguage":"sv-SE"}]}},"_links":{"self":[{"href":"https:\/\/www.granducatocollection.com\/sv\/wp-json\/wp\/v2\/product\/8375","targetHints":{"allow":["GET"]}}],"collection":[{"href":"https:\/\/www.granducatocollection.com\/sv\/wp-json\/wp\/v2\/product"}],"about":[{"href":"https:\/\/www.granducatocollection.com\/sv\/wp-json\/wp\/v2\/types\/product"}],"wp:featuredmedia":[{"embeddable":true,"href":"https:\/\/www.granducatocollection.com\/sv\/wp-json\/wp\/v2\/media\/8377"}],"wp:attachment":[{"href":"https:\/\/www.granducatocollection.com\/sv\/wp-json\/wp\/v2\/media?parent=8375"}],"wp:term":[{"taxonomy":"product_brand","embeddable":true,"href":"https:\/\/www.granducatocollection.com\/sv\/wp-json\/wp\/v2\/product_brand?post=8375"},{"taxonomy":"product_cat","embeddable":true,"href":"https:\/\/www.granducatocollection.com\/sv\/wp-json\/wp\/v2\/product_cat?post=8375"},{"taxonomy":"product_tag","embeddable":true,"href":"https:\/\/www.granducatocollection.com\/sv\/wp-json\/wp\/v2\/product_tag?post=8375"}],"curies":[{"name":"wp","href":"https:\/\/api.w.org\/{rel}","templated":true}]}}