{"id":8154,"date":"2025-07-20T23:35:38","date_gmt":"2025-07-20T23:35:38","guid":{"rendered":"https:\/\/www.granducatocollection.com\/?post_type=product&#038;p=8154"},"modified":"2026-03-20T19:17:42","modified_gmt":"2026-03-20T19:17:42","slug":"maionese-tartufo-estivo","status":"publish","type":"product","link":"https:\/\/www.granducatocollection.com\/sv\/product\/maionese-tartufo-estivo\/","title":{"rendered":"Sommartryffelmajonn\u00e4s - Hantverksm\u00e4ssig toskansk produkt | Borgunto"},"content":{"rendered":"<p><script type=\"application\/ld+json\">{\n    \"@context\": \"https:\\\/\\\/schema.org\",\n    \"@type\": \"Product\",\n    \"@id\": \"https:\\\/\\\/www.granducatocollection.com\\\/prodotto\\\/maionese-tartufo-estivo\\\/\",\n    \"name\": \"Maionese al Tartufo Estivo \\u2013 Condimento Gourmet Borgunto\",\n    \"image\": \"https:\\\/\\\/www.granducatocollection.com\\\/wp-content\\\/uploads\\\/2026\\\/01\\\/maionese-tartufo-estivo-borgunto.jpg\",\n    \"description\": \"Maionese al tartufo estivo artigianale, realizzata ad Arezzo in Toscana. Condimento gourmet perfetto per panini gourmet, carni bianche o come regalo gourmet raffinato.\",\n    \"brand\": {\n        \"@type\": \"Organization\",\n        \"name\": \"Borgunto\"\n    },\n    \"offers\": {\n        \"@type\": \"Offer\",\n        \"url\": \"https:\\\/\\\/www.granducatocollection.com\\\/prodotto\\\/maionese-tartufo-estivo\\\/\",\n        \"priceCurrency\": \"EUR\",\n        \"price\": \"12.00\",\n        \"itemCondition\": \"https:\\\/\\\/schema.org\\\/NewCondition\",\n        \"availability\": \"https:\\\/\\\/schema.org\\\/InStock\",\n        \"seller\": {\n            \"@type\": \"Organization\",\n            \"name\": \"Granducato Collection\"\n        }\n    },\n    \"sku\": \"MAIONESE-TARTUFO-ESTIVO\"\n}<\/script><\/p>\n<h1>Sommartryffelmajonn\u00e4s \u2013 Borgunto Gourmetdressing<\/h1>\n<h2>Toskansk hantverksprodukt med sommartryffel<\/h2>\n<p class=\"translation-block\"><strong>Truffelmajonn\u00e4s med sommartruffel<\/strong> \u00e4r en gourmetinnovation skapad i <strong>Arezzo<\/strong>, i <strong>Toscana<\/strong>, av <strong>Borgunto<\/strong>. Den tillverkas hantverksm\u00e4ssigt med noggrant utvalda ingredienser och doftar intensivt av den eftertraktade <strong>sommartruffeln<\/strong> (summer truffle). Majonn\u00e4sen kombinerar sin klassiska kr\u00e4mighet med en genuint <strong>toskansk<\/strong> karakt\u00e4r. Utan konserveringsmedel \u00e4r den den perfekta finishing touchen f\u00f6r att f\u00f6rh\u00f6ja enkla smaker med elegans.<\/p>\n<h3>M\u00e5ngsidig i k\u00f6ket: fr\u00e5n gourmetsm\u00f6rg\u00e5sar till raffinerad mat<\/h3>\n<p class=\"translation-block\">Perfekt f\u00f6r gourmetsm\u00f6rg\u00e5sar, vitt k\u00f6tt, h\u00e5rdkokta \u00e4gg, grillade gr\u00f6nsaker eller som bas f\u00f6r crostini, denna majonn\u00e4s \u00e4r en m\u00e5ngsidig allierad i k\u00f6ket. Dess delikata men distinkta arom g\u00f6r varje r\u00e4tt mer raffinerad, utan att n\u00e5gonsin \u00f6verv\u00e4ldiga de andra ingredienserna.<\/p>\n<h3>Symbol f\u00f6r Granducato-kollektionen: italienskt hantverk och smak<\/h3>\n<p class=\"translation-block\">Denna raffinerade krydda f\u00f6rkroppsligar v\u00e4rderingarna i Granducato-kollektionen: kontrollerad produktion, respekt f\u00f6r italienska gastronomiska traditioner och uppm\u00e4rksamhet p\u00e5 detaljer. F\u00f6rpackad i en elegant burk \u00e4r den \u00e4ven en sofistikerad present till alla som \u00e4lskar \u00e4kta italiensk matlagning.<\/p>","protected":false},"excerpt":{"rendered":"<h1 class=\"translation-block\">Tryffelmajonn\u00e4s<\/h1>\n<p class=\"translation-block\"><strong>Truffelmajonn\u00e4s<\/strong> tillverkad f\u00f6r hand i <strong>Toscana<\/strong> med noggrant utvalda ingredienser. En <strong>gourmetdressing<\/strong> perfekt till <strong>gourmetsm\u00f6rg\u00e5sar<\/strong>, <strong>fj\u00e4derf\u00e4<\/strong>, \u00e4gg eller gr\u00f6nsaker. Ett exklusivt produkt ur <strong>Granducato Collection<\/strong>, idealisk \u00e4ven som <strong>raffinerad gourmetg\u00e5va<\/strong>.<\/p>","protected":false},"featured_media":8155,"template":"","meta":{"_acf_changed":false},"product_brand":[764],"product_cat":[845],"product_tag":[132,129,133,128,134,131,125,130,126,110],"class_list":{"0":"post-8154","1":"product","2":"type-product","3":"status-publish","4":"has-post-thumbnail","6":"product_brand-granducato-collection","7":"product_cat-confetture-e-specialita-gourmet","8":"product_tag-antipasto","9":"product_tag-artigianale","10":"product_tag-carne","11":"product_tag-condimento","12":"product_tag-formaggio","13":"product_tag-insalata","14":"product_tag-maionese","15":"product_tag-senza-conservanti","16":"product_tag-tartufo","17":"product_tag-toscana","19":"first","20":"instock","21":"shipping-taxable","22":"purchasable","23":"product-type-simple"},"acf":[],"yoast_head":"<!-- This site is optimized with the Yoast SEO plugin v26.7 - https:\/\/yoast.com\/wordpress\/plugins\/seo\/ -->\n<title>B&amp;B Arezzo - Maionese di Tartufo Estivo | Granducato Collection<\/title>\n<meta name=\"description\" content=\"Scopri la maionese di tartufo estivo Granduca Collection: cremosa, profumata e perfetta per piatti gourmet. Spedizione veloce in tutta Italia.\" \/>\n<meta name=\"robots\" content=\"index, follow, max-snippet:-1, max-image-preview:large, max-video-preview:-1\" \/>\n<link rel=\"canonical\" href=\"https:\/\/www.granducatocollection.com\/sv\/product\/maionese-di-tartufo-estivo\/\" \/>\n<meta property=\"og:locale\" content=\"sv_SE\" \/>\n<meta property=\"og:type\" content=\"article\" \/>\n<meta property=\"og:title\" content=\"B&amp;B Arezzo - Maionese di Tartufo Estivo | Granducato Collection\" \/>\n<meta property=\"og:description\" content=\"Scopri la maionese di tartufo estivo Granduca Collection: cremosa, profumata e perfetta per piatti gourmet. Spedizione veloce in tutta Italia.\" \/>\n<meta property=\"og:url\" content=\"https:\/\/www.granducatocollection.com\/sv\/product\/maionese-di-tartufo-estivo\/\" \/>\n<meta property=\"og:site_name\" content=\"Granducato Collection\" \/>\n<meta property=\"article:modified_time\" content=\"2026-03-20T19:17:42+00:00\" \/>\n<meta property=\"og:image\" content=\"https:\/\/www.granducatocollection.com\/wp-content\/uploads\/2025\/07\/maionese_-700x700-1.webp\" \/>\n\t<meta property=\"og:image:width\" content=\"700\" \/>\n\t<meta property=\"og:image:height\" content=\"700\" \/>\n\t<meta property=\"og:image:type\" content=\"image\/webp\" \/>\n<meta name=\"twitter:card\" content=\"summary_large_image\" \/>\n<meta name=\"twitter:label1\" content=\"Ber\u00e4knad l\u00e4stid\" \/>\n\t<meta name=\"twitter:data1\" content=\"2 minuter\" \/>\n<script type=\"application\/ld+json\" class=\"yoast-schema-graph\">{\"@context\":\"https:\/\/schema.org\",\"@graph\":[{\"@type\":\"WebPage\",\"@id\":\"https:\/\/www.granducatocollection.com\/prodotto\/maionese-tartufo-estivo\/\",\"url\":\"https:\/\/www.granducatocollection.com\/prodotto\/maionese-di-tartufo-estivo\/\",\"name\":\"B&B Arezzo - Maionese di Tartufo Estivo | Granducato Collection\",\"isPartOf\":{\"@id\":\"https:\/\/www.granducatocollection.com\/#website\"},\"primaryImageOfPage\":{\"@id\":\"https:\/\/www.granducatocollection.com\/prodotto\/maionese-di-tartufo-estivo\/#primaryimage\"},\"image\":{\"@id\":\"https:\/\/www.granducatocollection.com\/prodotto\/maionese-di-tartufo-estivo\/#primaryimage\"},\"thumbnailUrl\":\"https:\/\/www.granducatocollection.com\/wp-content\/uploads\/2025\/07\/maionese_-700x700-1.webp\",\"datePublished\":\"2025-07-20T23:35:38+00:00\",\"dateModified\":\"2026-03-20T19:17:42+00:00\",\"description\":\"Scopri la maionese di tartufo estivo Granduca Collection: cremosa, profumata e perfetta per piatti gourmet. Spedizione veloce in tutta Italia.\",\"breadcrumb\":{\"@id\":\"https:\/\/www.granducatocollection.com\/prodotto\/maionese-di-tartufo-estivo\/#breadcrumb\"},\"inLanguage\":\"sv-SE\",\"potentialAction\":[{\"@type\":\"ReadAction\",\"target\":[\"https:\/\/www.granducatocollection.com\/prodotto\/maionese-di-tartufo-estivo\/\"]}]},{\"@type\":\"ImageObject\",\"inLanguage\":\"sv-SE\",\"@id\":\"https:\/\/www.granducatocollection.com\/prodotto\/maionese-di-tartufo-estivo\/#primaryimage\",\"url\":\"https:\/\/www.granducatocollection.com\/wp-content\/uploads\/2025\/07\/maionese_-700x700-1.webp\",\"contentUrl\":\"https:\/\/www.granducatocollection.com\/wp-content\/uploads\/2025\/07\/maionese_-700x700-1.webp\",\"width\":700,\"height\":700,\"caption\":\"maionese di tartufo estivo\"},{\"@type\":\"BreadcrumbList\",\"@id\":\"https:\/\/www.granducatocollection.com\/prodotto\/maionese-di-tartufo-estivo\/#breadcrumb\",\"itemListElement\":[{\"@type\":\"ListItem\",\"position\":1,\"name\":\"Home\",\"item\":\"https:\/\/www.granducatocollection.com\/\"},{\"@type\":\"ListItem\",\"position\":2,\"name\":\"Shop\",\"item\":\"https:\/\/www.granducatocollection.com\/negozio\/\"},{\"@type\":\"ListItem\",\"position\":3,\"name\":\"Maionese di Tartufo Estivo &#8211; Prodotto Artigianale Toscano | Borgunto\"}]},{\"@type\":\"WebSite\",\"@id\":\"https:\/\/www.granducatocollection.com\/#website\",\"url\":\"https:\/\/www.granducatocollection.com\/\",\"name\":\"GranDucato Collection\",\"description\":\"Prenota la tua vacanza e vivi un&#039;esperienza unica\",\"potentialAction\":[{\"@type\":\"SearchAction\",\"target\":{\"@type\":\"EntryPoint\",\"urlTemplate\":\"https:\/\/www.granducatocollection.com\/?s={search_term_string}\"},\"query-input\":{\"@type\":\"PropertyValueSpecification\",\"valueRequired\":true,\"valueName\":\"search_term_string\"}}],\"inLanguage\":\"sv-SE\"}]}<\/script>\n<!-- \/ Yoast SEO plugin. -->","yoast_head_json":{"title":"B&B Arezzo - Maionese di Tartufo Estivo | Granducato Collection","description":"Scopri la maionese di tartufo estivo Granduca Collection: cremosa, profumata e perfetta per piatti gourmet. Spedizione veloce in tutta Italia.","robots":{"index":"index","follow":"follow","max-snippet":"max-snippet:-1","max-image-preview":"max-image-preview:large","max-video-preview":"max-video-preview:-1"},"canonical":"https:\/\/www.granducatocollection.com\/sv\/product\/maionese-di-tartufo-estivo\/","og_locale":"sv_SE","og_type":"article","og_title":"B&B Arezzo - Maionese di Tartufo Estivo | Granducato Collection","og_description":"Scopri la maionese di tartufo estivo Granduca Collection: cremosa, profumata e perfetta per piatti gourmet. Spedizione veloce in tutta Italia.","og_url":"https:\/\/www.granducatocollection.com\/sv\/product\/maionese-di-tartufo-estivo\/","og_site_name":"Granducato Collection","article_modified_time":"2026-03-20T19:17:42+00:00","og_image":[{"width":700,"height":700,"url":"https:\/\/www.granducatocollection.com\/wp-content\/uploads\/2025\/07\/maionese_-700x700-1.webp","type":"image\/webp"}],"twitter_card":"summary_large_image","twitter_misc":{"Ber\u00e4knad l\u00e4stid":"2 minuter"},"schema":{"@context":"https:\/\/schema.org","@graph":[{"@type":"WebPage","@id":"https:\/\/www.granducatocollection.com\/prodotto\/maionese-tartufo-estivo\/","url":"https:\/\/www.granducatocollection.com\/prodotto\/maionese-di-tartufo-estivo\/","name":"B&B Arezzo - Maionese di Tartufo Estivo | Granducato Collection","isPartOf":{"@id":"https:\/\/www.granducatocollection.com\/#website"},"primaryImageOfPage":{"@id":"https:\/\/www.granducatocollection.com\/prodotto\/maionese-di-tartufo-estivo\/#primaryimage"},"image":{"@id":"https:\/\/www.granducatocollection.com\/prodotto\/maionese-di-tartufo-estivo\/#primaryimage"},"thumbnailUrl":"https:\/\/www.granducatocollection.com\/wp-content\/uploads\/2025\/07\/maionese_-700x700-1.webp","datePublished":"2025-07-20T23:35:38+00:00","dateModified":"2026-03-20T19:17:42+00:00","description":"Scopri la maionese di tartufo estivo Granduca Collection: cremosa, profumata e perfetta per piatti gourmet. Spedizione veloce in tutta Italia.","breadcrumb":{"@id":"https:\/\/www.granducatocollection.com\/prodotto\/maionese-di-tartufo-estivo\/#breadcrumb"},"inLanguage":"sv-SE","potentialAction":[{"@type":"ReadAction","target":["https:\/\/www.granducatocollection.com\/prodotto\/maionese-di-tartufo-estivo\/"]}]},{"@type":"ImageObject","inLanguage":"sv-SE","@id":"https:\/\/www.granducatocollection.com\/prodotto\/maionese-di-tartufo-estivo\/#primaryimage","url":"https:\/\/www.granducatocollection.com\/wp-content\/uploads\/2025\/07\/maionese_-700x700-1.webp","contentUrl":"https:\/\/www.granducatocollection.com\/wp-content\/uploads\/2025\/07\/maionese_-700x700-1.webp","width":700,"height":700,"caption":"maionese di tartufo estivo"},{"@type":"BreadcrumbList","@id":"https:\/\/www.granducatocollection.com\/prodotto\/maionese-di-tartufo-estivo\/#breadcrumb","itemListElement":[{"@type":"ListItem","position":1,"name":"Home","item":"https:\/\/www.granducatocollection.com\/"},{"@type":"ListItem","position":2,"name":"Shop","item":"https:\/\/www.granducatocollection.com\/negozio\/"},{"@type":"ListItem","position":3,"name":"Maionese di Tartufo Estivo &#8211; Prodotto Artigianale Toscano | Borgunto"}]},{"@type":"WebSite","@id":"https:\/\/www.granducatocollection.com\/#website","url":"https:\/\/www.granducatocollection.com\/","name":"GranDucato Collection","description":"Prenota la tua vacanza e vivi un&#039;esperienza unica","potentialAction":[{"@type":"SearchAction","target":{"@type":"EntryPoint","urlTemplate":"https:\/\/www.granducatocollection.com\/?s={search_term_string}"},"query-input":{"@type":"PropertyValueSpecification","valueRequired":true,"valueName":"search_term_string"}}],"inLanguage":"sv-SE"}]}},"_links":{"self":[{"href":"https:\/\/www.granducatocollection.com\/sv\/wp-json\/wp\/v2\/product\/8154","targetHints":{"allow":["GET"]}}],"collection":[{"href":"https:\/\/www.granducatocollection.com\/sv\/wp-json\/wp\/v2\/product"}],"about":[{"href":"https:\/\/www.granducatocollection.com\/sv\/wp-json\/wp\/v2\/types\/product"}],"wp:featuredmedia":[{"embeddable":true,"href":"https:\/\/www.granducatocollection.com\/sv\/wp-json\/wp\/v2\/media\/8155"}],"wp:attachment":[{"href":"https:\/\/www.granducatocollection.com\/sv\/wp-json\/wp\/v2\/media?parent=8154"}],"wp:term":[{"taxonomy":"product_brand","embeddable":true,"href":"https:\/\/www.granducatocollection.com\/sv\/wp-json\/wp\/v2\/product_brand?post=8154"},{"taxonomy":"product_cat","embeddable":true,"href":"https:\/\/www.granducatocollection.com\/sv\/wp-json\/wp\/v2\/product_cat?post=8154"},{"taxonomy":"product_tag","embeddable":true,"href":"https:\/\/www.granducatocollection.com\/sv\/wp-json\/wp\/v2\/product_tag?post=8154"}],"curies":[{"name":"wp","href":"https:\/\/api.w.org\/{rel}","templated":true}]}}