{"id":8150,"date":"2025-07-20T23:06:52","date_gmt":"2025-07-20T23:06:52","guid":{"rendered":"https:\/\/www.granducatocollection.com\/?post_type=product&#038;p=8150"},"modified":"2026-04-20T22:53:04","modified_gmt":"2026-04-20T22:53:04","slug":"sugo-allaglione","status":"publish","type":"product","link":"https:\/\/www.granducatocollection.com\/sv\/product\/sugo-allaglione\/","title":{"rendered":"Toskansk vitl\u00f6kss\u00e5s - Hantverksm\u00e4ssig produkt | Borgunto"},"content":{"rendered":"<p><script type=\"application\/ld+json\">{\n    \"@context\": \"https:\\\/\\\/schema.org\",\n    \"@type\": \"Product\",\n    \"@id\": \"https:\\\/\\\/www.granducatocollection.com\\\/prodotto\\\/sugo-allaglione\\\/\",\n    \"name\": \"Sugo all'Aglione Toscano \\u2013 Borgunto\",\n    \"image\": \"https:\\\/\\\/www.granducatocollection.com\\\/wp-content\\\/uploads\\\/2026\\\/01\\\/sugo-all-aglione-borgunto.jpg\",\n    \"description\": \"Sugo all'aglione toscano artigianale con aglione delle colline aretine e pomodori maturi. Senza conservanti, perfetto per pasta fresca o crostini toscani. Prodotto da Borgunto in Toscana.\",\n    \"brand\": {\n        \"@type\": \"Brand\",\n        \"name\": \"Borgunto\"\n    },\n    \"offers\": {\n        \"@type\": \"Offer\",\n        \"url\": \"https:\\\/\\\/www.granducatocollection.com\\\/prodotto\\\/sugo-allaglione\\\/\",\n        \"priceCurrency\": \"EUR\",\n        \"price\": \"8.00\",\n        \"itemCondition\": \"https:\\\/\\\/schema.org\\\/NewCondition\",\n        \"availability\": \"https:\\\/\\\/schema.org\\\/InStock\",\n        \"seller\": {\n            \"@type\": \"Organization\",\n            \"name\": \"Granducato Collection\"\n        },\n        \"hasMerchantReturnPolicy\": {\n            \"@type\": \"MerchantReturnPolicy\",\n            \"returnPolicyCategory\": \"https:\\\/\\\/schema.org\\\/MerchantReturnFiniteReturnWindow\",\n            \"merchantReturnDays\": 14,\n            \"returnMethod\": \"https:\\\/\\\/schema.org\\\/ReturnByMail\",\n            \"returnFees\": \"https:\\\/\\\/schema.org\\\/FreeReturn\"\n        }\n    },\n    \"sku\": \"SUGO-AGLIONE-TOSCANO\"\n}<\/script><\/p>\n<h1>Toskansk vitl\u00f6kss\u00e5s \u2013 Borgunto<\/h1>\n<h2>Toskansk hantverksprodukt med vitl\u00f6k fr\u00e5n Arezzo-kullarna<\/h2>\n<p class=\"translation-block\"><strong>Toskansk Aglione-s\u00e5s<\/strong> \u00e4r en hyllning till <strong>den toskanska bondg\u00e5rdsk\u00f6ken<\/strong>, tillverkad av <strong>Borgunto<\/strong> i <strong>Arezzo<\/strong>. Tillsammans med <strong>aglione fr\u00e5n de aretinska kullarna<\/strong> \u2014 en lokal variant av s\u00f6tt och aromatiskt vitl\u00f6k \u2014 och <strong>mogna valda tomater<\/strong>, f\u00f6ljer denna s\u00e5s ett <strong>traditionellt recept<\/strong> som \u00e4rvts genom generationer. L\u00e5ngsamt tillagad och <strong>utan konserveringsmedel eller f\u00e4rg\u00e4mnen<\/strong>, framh\u00e4ver den den autentiska smaken av den toskanska landsbygden i varje sked.<\/p>\n<h3>Perfekt till f\u00e4rsk pasta, pici eller toskanska crostini<\/h3>\n<p class=\"translation-block\">Idealiskt i kombination med f\u00e4rsk pasta, handgjord pici eller enkla toskanska crostini, kan Aglione-s\u00e5sen tillagas p\u00e5 bara n\u00e5gra minuter men erbjuder en djupg\u00e5ende och autentisk gastronomisk upplevelse. Det \u00e4r det perfekta tillbeh\u00f6ret f\u00f6r dem som s\u00f6ker enkelhet, kvalitet och respekt f\u00f6r tradition.<\/p>\n<h3>Symbol f\u00f6r Granducato-kollektionen: territorium, sp\u00e5rbarhet och hantverksskicklighet<\/h3>\n<p class=\"translation-block\">Denna <b>hantverksm\u00e4ssiga produkt<\/b> tillverkad i Toscana f\u00f6rkroppsligar v\u00e4rdena i **Granducato-kollektionen**: direkt kontroll \u00f6ver r\u00e5varorna, begr\u00e4nsad produktion och maximal uppm\u00e4rksamhet p\u00e5 detaljer. Varje burk ber\u00e4ttar historien om ett land d\u00e4r vitl\u00f6k inte bara \u00e4r en ingrediens, utan en symbol f\u00f6r kulinarisk identitet.<\/p>","protected":false},"excerpt":{"rendered":"<h1>Toskansk vitl\u00f6kss\u00e5s<\/h1>\n<p>Gjord med lokal Aglione fr\u00e5n Arezzos kullar och utvalda mogna tomater. Ett traditionellt recept utan konserveringsmedel eller f\u00e4rg\u00e4mnen, perfekt f\u00f6r att krydda f\u00e4rsk pasta eller crostini. Hantverksm\u00e4ssig produkt tillverkad i Toscana, klar p\u00e5 n\u00e5gra minuter men med den autentiska smaken av toskansk lantlig matlagning.<br \/>\n<span style=\"color: white;\">sugo di pomodoro<\/span><br \/>\n<span style=\"color: white;\">pomodoro<\/span><br \/>\n<span style=\"color: white;\">pomarola<\/span><br \/>\n<span style=\"color: white;\">sugo toscano<\/span><\/p>","protected":false},"featured_media":11486,"template":"","meta":{"_acf_changed":false},"product_brand":[764],"product_cat":[844],"product_tag":[136,129,128,138,130,135,805,110],"class_list":{"0":"post-8150","1":"product","2":"type-product","3":"status-publish","4":"has-post-thumbnail","6":"product_brand-granducato-collection","7":"product_cat-cucina-pronta","8":"product_tag-aglione","9":"product_tag-artigianale","10":"product_tag-condimento","11":"product_tag-cucina-italiana","12":"product_tag-senza-conservanti","13":"product_tag-sugo","14":"product_tag-sugo-al-pomodoro","15":"product_tag-toscana","17":"first","18":"instock","19":"shipping-taxable","20":"purchasable","21":"product-type-simple"},"acf":[],"yoast_head":"<!-- This site is optimized with the Yoast SEO plugin v26.7 - https:\/\/yoast.com\/wordpress\/plugins\/seo\/ -->\n<title>B&amp;B Arezzo - Sugo all&#039;Aglione Toscano - Granducato Collection<\/title>\n<meta name=\"description\" content=\"Sugo all&#039;aglione artigianale toscano 200g | Gusto intenso e autentico della tradizione Toscana | Senza conservanti | Made in Italy | Acquista ora!\" \/>\n<meta name=\"robots\" content=\"index, follow, max-snippet:-1, max-image-preview:large, max-video-preview:-1\" \/>\n<link rel=\"canonical\" href=\"https:\/\/www.granducatocollection.com\/sv\/product\/sugo-allaglione\/\" \/>\n<meta property=\"og:locale\" content=\"sv_SE\" \/>\n<meta property=\"og:type\" content=\"article\" \/>\n<meta property=\"og:title\" content=\"B&amp;B Arezzo - Sugo all&#039;Aglione Toscano - Granducato Collection\" \/>\n<meta property=\"og:description\" content=\"Sugo all&#039;aglione artigianale toscano 200g | Gusto intenso e autentico della tradizione Toscana | Senza conservanti | Made in Italy | Acquista ora!\" \/>\n<meta property=\"og:url\" content=\"https:\/\/www.granducatocollection.com\/sv\/product\/sugo-allaglione\/\" \/>\n<meta property=\"og:site_name\" content=\"Granducato Collection\" \/>\n<meta property=\"article:modified_time\" content=\"2026-04-20T22:53:04+00:00\" \/>\n<meta property=\"og:image\" content=\"https:\/\/www.granducatocollection.com\/wp-content\/uploads\/2025\/07\/sugo-allaglione-toscano-prodotto-artigianale-borgunto.png\" \/>\n\t<meta property=\"og:image:width\" content=\"500\" \/>\n\t<meta property=\"og:image:height\" content=\"500\" \/>\n\t<meta property=\"og:image:type\" content=\"image\/png\" \/>\n<meta name=\"twitter:card\" content=\"summary_large_image\" \/>\n<meta name=\"twitter:label1\" content=\"Ber\u00e4knad l\u00e4stid\" \/>\n\t<meta name=\"twitter:data1\" content=\"2 minuter\" \/>\n<script type=\"application\/ld+json\" class=\"yoast-schema-graph\">{\"@context\":\"https:\/\/schema.org\",\"@graph\":[{\"@type\":\"WebPage\",\"@id\":\"https:\/\/www.granducatocollection.com\/prodotto\/sugo-allaglione\/\",\"url\":\"https:\/\/www.granducatocollection.com\/prodotto\/sugo-allaglione\/\",\"name\":\"B&B Arezzo - Sugo all'Aglione Toscano - Granducato Collection\",\"isPartOf\":{\"@id\":\"https:\/\/www.granducatocollection.com\/#website\"},\"primaryImageOfPage\":{\"@id\":\"https:\/\/www.granducatocollection.com\/prodotto\/sugo-allaglione\/#primaryimage\"},\"image\":{\"@id\":\"https:\/\/www.granducatocollection.com\/prodotto\/sugo-allaglione\/#primaryimage\"},\"thumbnailUrl\":\"https:\/\/www.granducatocollection.com\/wp-content\/uploads\/2025\/07\/sugo-allaglione-toscano-prodotto-artigianale-borgunto.png\",\"datePublished\":\"2025-07-20T23:06:52+00:00\",\"dateModified\":\"2026-04-20T22:53:04+00:00\",\"description\":\"Sugo all'aglione artigianale toscano 200g | Gusto intenso e autentico della tradizione Toscana | Senza conservanti | Made in Italy | Acquista ora!\",\"breadcrumb\":{\"@id\":\"https:\/\/www.granducatocollection.com\/prodotto\/sugo-allaglione\/#breadcrumb\"},\"inLanguage\":\"sv-SE\",\"potentialAction\":[{\"@type\":\"ReadAction\",\"target\":[\"https:\/\/www.granducatocollection.com\/prodotto\/sugo-allaglione\/\"]}]},{\"@type\":\"ImageObject\",\"inLanguage\":\"sv-SE\",\"@id\":\"https:\/\/www.granducatocollection.com\/prodotto\/sugo-allaglione\/#primaryimage\",\"url\":\"https:\/\/www.granducatocollection.com\/wp-content\/uploads\/2025\/07\/sugo-allaglione-toscano-prodotto-artigianale-borgunto.png\",\"contentUrl\":\"https:\/\/www.granducatocollection.com\/wp-content\/uploads\/2025\/07\/sugo-allaglione-toscano-prodotto-artigianale-borgunto.png\",\"width\":500,\"height\":500},{\"@type\":\"BreadcrumbList\",\"@id\":\"https:\/\/www.granducatocollection.com\/prodotto\/sugo-allaglione\/#breadcrumb\",\"itemListElement\":[{\"@type\":\"ListItem\",\"position\":1,\"name\":\"Home\",\"item\":\"https:\/\/www.granducatocollection.com\/\"},{\"@type\":\"ListItem\",\"position\":2,\"name\":\"Shop\",\"item\":\"https:\/\/www.granducatocollection.com\/negozio\/\"},{\"@type\":\"ListItem\",\"position\":3,\"name\":\"Sugo all\u2019Aglione Toscano &#8211; Prodotto Artigianale | Borgunto\"}]},{\"@type\":\"WebSite\",\"@id\":\"https:\/\/www.granducatocollection.com\/#website\",\"url\":\"https:\/\/www.granducatocollection.com\/\",\"name\":\"GranDucato Collection\",\"description\":\"Prenota la tua vacanza e vivi un&#039;esperienza unica\",\"potentialAction\":[{\"@type\":\"SearchAction\",\"target\":{\"@type\":\"EntryPoint\",\"urlTemplate\":\"https:\/\/www.granducatocollection.com\/?s={search_term_string}\"},\"query-input\":{\"@type\":\"PropertyValueSpecification\",\"valueRequired\":true,\"valueName\":\"search_term_string\"}}],\"inLanguage\":\"sv-SE\"}]}<\/script>\n<!-- \/ Yoast SEO plugin. -->","yoast_head_json":{"title":"B&B Arezzo - Sugo all'Aglione Toscano - Granducato Collection","description":"Sugo all'aglione artigianale toscano 200g | Gusto intenso e autentico della tradizione Toscana | Senza conservanti | Made in Italy | Acquista ora!","robots":{"index":"index","follow":"follow","max-snippet":"max-snippet:-1","max-image-preview":"max-image-preview:large","max-video-preview":"max-video-preview:-1"},"canonical":"https:\/\/www.granducatocollection.com\/sv\/product\/sugo-allaglione\/","og_locale":"sv_SE","og_type":"article","og_title":"B&B Arezzo - Sugo all'Aglione Toscano - Granducato Collection","og_description":"Sugo all'aglione artigianale toscano 200g | Gusto intenso e autentico della tradizione Toscana | Senza conservanti | Made in Italy | Acquista ora!","og_url":"https:\/\/www.granducatocollection.com\/sv\/product\/sugo-allaglione\/","og_site_name":"Granducato Collection","article_modified_time":"2026-04-20T22:53:04+00:00","og_image":[{"width":500,"height":500,"url":"https:\/\/www.granducatocollection.com\/wp-content\/uploads\/2025\/07\/sugo-allaglione-toscano-prodotto-artigianale-borgunto.png","type":"image\/png"}],"twitter_card":"summary_large_image","twitter_misc":{"Ber\u00e4knad l\u00e4stid":"2 minuter"},"schema":{"@context":"https:\/\/schema.org","@graph":[{"@type":"WebPage","@id":"https:\/\/www.granducatocollection.com\/prodotto\/sugo-allaglione\/","url":"https:\/\/www.granducatocollection.com\/prodotto\/sugo-allaglione\/","name":"B&B Arezzo - Sugo all'Aglione Toscano - Granducato Collection","isPartOf":{"@id":"https:\/\/www.granducatocollection.com\/#website"},"primaryImageOfPage":{"@id":"https:\/\/www.granducatocollection.com\/prodotto\/sugo-allaglione\/#primaryimage"},"image":{"@id":"https:\/\/www.granducatocollection.com\/prodotto\/sugo-allaglione\/#primaryimage"},"thumbnailUrl":"https:\/\/www.granducatocollection.com\/wp-content\/uploads\/2025\/07\/sugo-allaglione-toscano-prodotto-artigianale-borgunto.png","datePublished":"2025-07-20T23:06:52+00:00","dateModified":"2026-04-20T22:53:04+00:00","description":"Sugo all'aglione artigianale toscano 200g | Gusto intenso e autentico della tradizione Toscana | Senza conservanti | Made in Italy | Acquista ora!","breadcrumb":{"@id":"https:\/\/www.granducatocollection.com\/prodotto\/sugo-allaglione\/#breadcrumb"},"inLanguage":"sv-SE","potentialAction":[{"@type":"ReadAction","target":["https:\/\/www.granducatocollection.com\/prodotto\/sugo-allaglione\/"]}]},{"@type":"ImageObject","inLanguage":"sv-SE","@id":"https:\/\/www.granducatocollection.com\/prodotto\/sugo-allaglione\/#primaryimage","url":"https:\/\/www.granducatocollection.com\/wp-content\/uploads\/2025\/07\/sugo-allaglione-toscano-prodotto-artigianale-borgunto.png","contentUrl":"https:\/\/www.granducatocollection.com\/wp-content\/uploads\/2025\/07\/sugo-allaglione-toscano-prodotto-artigianale-borgunto.png","width":500,"height":500},{"@type":"BreadcrumbList","@id":"https:\/\/www.granducatocollection.com\/prodotto\/sugo-allaglione\/#breadcrumb","itemListElement":[{"@type":"ListItem","position":1,"name":"Home","item":"https:\/\/www.granducatocollection.com\/"},{"@type":"ListItem","position":2,"name":"Shop","item":"https:\/\/www.granducatocollection.com\/negozio\/"},{"@type":"ListItem","position":3,"name":"Sugo all\u2019Aglione Toscano &#8211; Prodotto Artigianale | Borgunto"}]},{"@type":"WebSite","@id":"https:\/\/www.granducatocollection.com\/#website","url":"https:\/\/www.granducatocollection.com\/","name":"GranDucato Collection","description":"Prenota la tua vacanza e vivi un&#039;esperienza unica","potentialAction":[{"@type":"SearchAction","target":{"@type":"EntryPoint","urlTemplate":"https:\/\/www.granducatocollection.com\/?s={search_term_string}"},"query-input":{"@type":"PropertyValueSpecification","valueRequired":true,"valueName":"search_term_string"}}],"inLanguage":"sv-SE"}]}},"_links":{"self":[{"href":"https:\/\/www.granducatocollection.com\/sv\/wp-json\/wp\/v2\/product\/8150","targetHints":{"allow":["GET"]}}],"collection":[{"href":"https:\/\/www.granducatocollection.com\/sv\/wp-json\/wp\/v2\/product"}],"about":[{"href":"https:\/\/www.granducatocollection.com\/sv\/wp-json\/wp\/v2\/types\/product"}],"wp:featuredmedia":[{"embeddable":true,"href":"https:\/\/www.granducatocollection.com\/sv\/wp-json\/wp\/v2\/media\/11486"}],"wp:attachment":[{"href":"https:\/\/www.granducatocollection.com\/sv\/wp-json\/wp\/v2\/media?parent=8150"}],"wp:term":[{"taxonomy":"product_brand","embeddable":true,"href":"https:\/\/www.granducatocollection.com\/sv\/wp-json\/wp\/v2\/product_brand?post=8150"},{"taxonomy":"product_cat","embeddable":true,"href":"https:\/\/www.granducatocollection.com\/sv\/wp-json\/wp\/v2\/product_cat?post=8150"},{"taxonomy":"product_tag","embeddable":true,"href":"https:\/\/www.granducatocollection.com\/sv\/wp-json\/wp\/v2\/product_tag?post=8150"}],"curies":[{"name":"wp","href":"https:\/\/api.w.org\/{rel}","templated":true}]}}