{"id":7708,"date":"2025-06-27T10:08:18","date_gmt":"2025-06-27T10:08:18","guid":{"rendered":"https:\/\/www.granducatocollection.com\/?post_type=product&#038;p=7708"},"modified":"2026-03-18T12:53:01","modified_gmt":"2026-03-18T12:53:01","slug":"appartamento-attico-corso-italia-108","status":"publish","type":"product","link":"https:\/\/www.granducatocollection.com\/sv\/product\/appartamento-attico-corso-italia-108\/","title":{"rendered":"Takv\u00e5ning med utsikt \u2013 Corso Italia 108, Arezzo | Granducato samling"},"content":{"rendered":"<h1>Takv\u00e5ning bel\u00e4gen p\u00e5 Corso Italia nummer 108, i hj\u00e4rtat av Arezzos historiska centrum.<\/h1>\n<h2>Det \u00e4r en del av Allegra Toscana, ett hotell i Granducato Collection, och \u00e4r perfekt f\u00f6r en romantisk eller kulturell vistelse i Toscana.<\/h2>\n<h3>Bara 700 meter fr\u00e5n t\u00e5gstationen erbjuder det enkel tillg\u00e5ng till Piazza Grande, basilikan San Francesco och de st\u00f6rsta attraktionerna. Boendet har en sittgrupp, ett eget badrum med dusch, gratis WiFi, satellit-TV och en minibar.<\/h3>\n<p><span style=\"color: white;\">Affitti Brevi Arezzo<\/span><br \/>\n<span style=\"color: white;\">Guest House Arezzo<\/span><br \/>\n<span style=\"color: white;\">Short Lets Arezzo<\/span><\/p>","protected":false},"excerpt":{"rendered":"<h1>Appartamento Attico con Vista \u2013 Corso Italia 108, Arezzo | Granducato Collection<\/h1>\n<p><!-- H1 nascosto per SEO (non visibile all'utente) --><\/p>\n<h1 class=\"screen-reader-text\" style=\"position: absolute; width: 1px; height: 1px; padding: 0; margin: -1px; overflow: hidden; clip: rect(0,0,0,0); white-space: nowrap; border: 0;\">Appartamento Attico ad Arezzo \u2013 Centro Storico | Granducato Collection<\/h1>\n<p><!-- Schema JSON-LD conforme a schema.org --><br \/>\n<script type=\"application\/ld+json\">\n{\n  \"@context\": \"https:\/\/schema.org\",\n  \"@type\": \"Apartment\",\n  \"name\": \"Appartamento Attico \u2013 Corso Italia 108\",\n  \"description\": \"Appartamento attico nel cuore di Arezzo, a 850 metri dalla Cattedrale. Ideale per viaggiatori culturali, coppie romantiche e smart worker. Servizi inclusi: colazione in camera, reception virtuale 24\/7, deposito bagagli.\",\n  \"address\": {\n    \"@type\": \"PostalAddress\",\n    \"streetAddress\": \"Corso Italia 108\",\n    \"addressLocality\": \"Arezzo\",\n    \"postalCode\": \"52100\",\n    \"addressCountry\": \"IT\"\n  },\n  \"geo\": {\n    \"@type\": \"GeoCoordinates\",\n    \"latitude\": 43.4628,\n    \"longitude\": 11.8789\n  },\n  \"url\": \"https:\/\/www.granducatocollection.com\/prodotto\/appartamento-attico-corso-italia-108\/\",\n  \"amenityFeature\": [\n    { \"@type\": \"LocationFeatureSpecification\", \"name\": \"Colazione in camera\", \"value\": true },\n    { \"@type\": \"LocationFeatureSpecification\", \"name\": \"Reception virtuale 24\/7\", \"value\": true },\n    { \"@type\": \"LocationFeatureSpecification\", \"name\": \"Assistenza in presenza 10:00\u201319:30\", \"value\": true },\n    { \"@type\": \"LocationFeatureSpecification\", \"name\": \"Deposito bagagli\", \"value\": true }\n  ],\n  \"offers\": {\n    \"@type\": \"Offer\",\n    \"url\": \"https:\/\/www.granducatocollection.com\/prodotto\/appartamento-attico-corso-italia-108\/\",\n    \"priceCurrency\": \"EUR\",\n    \"availability\": \"https:\/\/schema.org\/InStock\"\n  },\n  \"image\": \"https:\/\/www.granducatocollection.com\/wp-content\/uploads\/2025\/01\/appartamento-attico-arezzo-corso-italia.jpg\",\n  \"numberOfRooms\": \"1\",\n  \"petsAllowed\": false\n}\n<\/script><\/p>\n<p><!-- Testo originale (inalterato, pronto per TranslatePress) --><\/p>\n<h3 class=\"fusion-responsive-typography-calculated\" data-start=\"923\" data-end=\"992\" data-fontsize=\"24\" data-lineheight=\"26.64px\"><strong data-start=\"927\" data-end=\"990\">Comfort e servizi su misura per il tuo soggiorno in Toscana<\/strong><\/h3>\n<p data-start=\"993\" data-end=\"1415\">Per iniziare la giornata nel modo migliore, Allegra Toscana propone una\u00a0<strong data-start=\"1065\" data-end=\"1088\">colazione in camera<\/strong>\u00a0(previo acquisto della nostra breakfast box), perfetta per chi desidera un risveglio rilassante. Inoltre, mettiamo a disposizione una\u00a0<strong data-start=\"1223\" data-end=\"1265\">reception virtuale attiva 24 ore su 24<\/strong>, con assistenza in presenza dalle\u00a0<strong data-start=\"1300\" data-end=\"1320\">10:00 alle 19:30<\/strong>\u00a0e un\u00a0<strong data-start=\"1326\" data-end=\"1346\">deposito bagagli<\/strong>\u00a0in\u00a0<strong data-start=\"1350\" data-end=\"1368\">Via Borgunto 7<\/strong>, ideale per esplorare Arezzo senza pensieri.<\/p>\n<h3 class=\"fusion-responsive-typography-calculated\" data-start=\"1417\" data-end=\"1491\" data-fontsize=\"24\" data-lineheight=\"26.64px\"><strong data-start=\"1421\" data-end=\"1489\">Scopri Arezzo: arte, storia e tradizione nel cuore della Toscana<\/strong><\/h3>\n<p data-start=\"1492\" data-end=\"1843\">Situata a soli\u00a0<strong data-start=\"1507\" data-end=\"1547\">850 metri dalla Cattedrale di Arezzo<\/strong>, uno dei capolavori architettonici della citt\u00e0, la nostra struttura ti permette di raggiungere facilmente le\u00a0<strong data-start=\"1657\" data-end=\"1691\">principali attrazioni storiche<\/strong>\u00a0e culturali, tra cui la\u00a0<strong data-start=\"1716\" data-end=\"1733\">Piazza Grande<\/strong>, il\u00a0<strong data-start=\"1738\" data-end=\"1760\">Museo Archeologico<\/strong>, la\u00a0<strong data-start=\"1765\" data-end=\"1794\">Basilica di San Francesco<\/strong>\u00a0e i famosi affreschi di Piero della Francesca.<\/p>\n<p data-start=\"1845\" data-end=\"2008\"><strong data-start=\"1845\" data-end=\"1860\">Prenota ora<\/strong>\u00a0il tuo soggiorno ad\u00a0<strong data-start=\"1881\" data-end=\"1891\">Arezzo<\/strong>\u00a0e regalati un\u2019esperienza indimenticabile nel cuore della\u00a0<strong data-start=\"1949\" data-end=\"1960\">Toscana<\/strong>, tra\u00a0<strong data-start=\"1966\" data-end=\"2005\">arte, cultura e paesaggi mozzafiato<\/strong>.<\/p>\n<p><a style=\"text-decoration: none; display: inline-flex; align-items: center; color: #159c7f; font-weight: 600;\" href=\"https:\/\/wa.me\/3772539581\" target=\"_blank\" rel=\"noopener noreferrer\"><br \/>\n<img decoding=\"async\" style=\"width: 24px; height: 24px; margin-right: 8px;\" src=\"https:\/\/upload.wikimedia.org\/wikipedia\/commons\/6\/6b\/WhatsApp.svg\" alt=\"WhatsApp Icon\" \/><br \/>\nPrenota direttamente su WhatsApp<br \/>\n<\/a><\/p>\n","protected":false},"featured_media":7709,"template":"","meta":{"_acf_changed":false},"product_brand":[764],"product_cat":[91],"product_tag":[831,832,833,829,830,834],"class_list":{"0":"post-7708","1":"product","2":"type-product","3":"status-publish","4":"has-post-thumbnail","6":"product_brand-granducato-collection","7":"product_cat-camere","8":"product_tag-affitti-brevi","9":"product_tag-affitti-transitori","10":"product_tag-bedandbreakfastarezzo","11":"product_tag-guest-house","12":"product_tag-shortlets","13":"product_tag-stazione-arezzo","15":"first","16":"instock","17":"shipping-taxable","18":"product-type-simple"},"acf":[],"yoast_head":"<!-- This site is optimized with the Yoast SEO plugin v26.7 - https:\/\/yoast.com\/wordpress\/plugins\/seo\/ -->\n<title>B&amp;B Arezzo - Attico Corso Italia 108 - Granducato Collection<\/title>\n<meta name=\"description\" content=\"Prenota il tuo soggiorno nell\u2019esclusivo appartamento con attico in Corso Italia 108 ad Arezzo. Struttura elegante e confortevole. Prenota ora!\" \/>\n<meta name=\"robots\" content=\"index, follow, max-snippet:-1, max-image-preview:large, max-video-preview:-1\" \/>\n<link rel=\"canonical\" href=\"https:\/\/www.granducatocollection.com\/sv\/product\/appartamento-attico-corso-italia-108\/\" \/>\n<meta property=\"og:locale\" content=\"sv_SE\" \/>\n<meta property=\"og:type\" content=\"article\" \/>\n<meta property=\"og:title\" content=\"B&amp;B Arezzo - Attico Corso Italia 108 - Granducato Collection\" \/>\n<meta property=\"og:description\" content=\"Prenota il tuo soggiorno nell\u2019esclusivo appartamento con attico in Corso Italia 108 ad Arezzo. Struttura elegante e confortevole. Prenota ora!\" \/>\n<meta property=\"og:url\" content=\"https:\/\/www.granducatocollection.com\/sv\/product\/appartamento-attico-corso-italia-108\/\" \/>\n<meta property=\"og:site_name\" content=\"Granducato Collection\" \/>\n<meta property=\"article:modified_time\" content=\"2026-03-18T12:53:01+00:00\" \/>\n<meta property=\"og:image\" content=\"https:\/\/www.granducatocollection.com\/wp-content\/uploads\/2025\/06\/Affittacamere_Arezzo_3-scaled-1.jpg\" \/>\n\t<meta property=\"og:image:width\" content=\"2560\" \/>\n\t<meta property=\"og:image:height\" content=\"1920\" \/>\n\t<meta property=\"og:image:type\" content=\"image\/jpeg\" \/>\n<meta name=\"twitter:card\" content=\"summary_large_image\" \/>\n<meta name=\"twitter:label1\" content=\"Ber\u00e4knad l\u00e4stid\" \/>\n\t<meta name=\"twitter:data1\" content=\"1 minut\" \/>\n<script type=\"application\/ld+json\" class=\"yoast-schema-graph\">{\"@context\":\"https:\/\/schema.org\",\"@graph\":[{\"@type\":\"WebPage\",\"@id\":\"https:\/\/www.granducatocollection.com\/prodotto\/appartamento-attico-corso-italia-108\/\",\"url\":\"https:\/\/www.granducatocollection.com\/prodotto\/appartamento-attico-corso-italia-108\/\",\"name\":\"B&B Arezzo - Attico Corso Italia 108 - Granducato Collection\",\"isPartOf\":{\"@id\":\"https:\/\/www.granducatocollection.com\/#website\"},\"primaryImageOfPage\":{\"@id\":\"https:\/\/www.granducatocollection.com\/prodotto\/appartamento-attico-corso-italia-108\/#primaryimage\"},\"image\":{\"@id\":\"https:\/\/www.granducatocollection.com\/prodotto\/appartamento-attico-corso-italia-108\/#primaryimage\"},\"thumbnailUrl\":\"https:\/\/www.granducatocollection.com\/wp-content\/uploads\/2025\/06\/Affittacamere_Arezzo_3-scaled-1.jpg\",\"datePublished\":\"2025-06-27T10:08:18+00:00\",\"dateModified\":\"2026-03-18T12:53:01+00:00\",\"description\":\"Prenota il tuo soggiorno nell\u2019esclusivo appartamento con attico in Corso Italia 108 ad Arezzo. Struttura elegante e confortevole. Prenota ora!\",\"breadcrumb\":{\"@id\":\"https:\/\/www.granducatocollection.com\/prodotto\/appartamento-attico-corso-italia-108\/#breadcrumb\"},\"inLanguage\":\"sv-SE\",\"potentialAction\":[{\"@type\":\"ReadAction\",\"target\":[\"https:\/\/www.granducatocollection.com\/prodotto\/appartamento-attico-corso-italia-108\/\"]}]},{\"@type\":\"ImageObject\",\"inLanguage\":\"sv-SE\",\"@id\":\"https:\/\/www.granducatocollection.com\/prodotto\/appartamento-attico-corso-italia-108\/#primaryimage\",\"url\":\"https:\/\/www.granducatocollection.com\/wp-content\/uploads\/2025\/06\/Affittacamere_Arezzo_3-scaled-1.jpg\",\"contentUrl\":\"https:\/\/www.granducatocollection.com\/wp-content\/uploads\/2025\/06\/Affittacamere_Arezzo_3-scaled-1.jpg\",\"width\":2560,\"height\":1920},{\"@type\":\"BreadcrumbList\",\"@id\":\"https:\/\/www.granducatocollection.com\/prodotto\/appartamento-attico-corso-italia-108\/#breadcrumb\",\"itemListElement\":[{\"@type\":\"ListItem\",\"position\":1,\"name\":\"Home\",\"item\":\"https:\/\/www.granducatocollection.com\/\"},{\"@type\":\"ListItem\",\"position\":2,\"name\":\"Shop\",\"item\":\"https:\/\/www.granducatocollection.com\/negozio\/\"},{\"@type\":\"ListItem\",\"position\":3,\"name\":\"Appartamento Attico con Vista \u2013 Corso Italia 108, Arezzo | Granducato Collection\"}]},{\"@type\":\"WebSite\",\"@id\":\"https:\/\/www.granducatocollection.com\/#website\",\"url\":\"https:\/\/www.granducatocollection.com\/\",\"name\":\"GranDucato Collection\",\"description\":\"Prenota la tua vacanza e vivi un&#039;esperienza unica\",\"potentialAction\":[{\"@type\":\"SearchAction\",\"target\":{\"@type\":\"EntryPoint\",\"urlTemplate\":\"https:\/\/www.granducatocollection.com\/?s={search_term_string}\"},\"query-input\":{\"@type\":\"PropertyValueSpecification\",\"valueRequired\":true,\"valueName\":\"search_term_string\"}}],\"inLanguage\":\"sv-SE\"}]}<\/script>\n<!-- \/ Yoast SEO plugin. -->","yoast_head_json":{"title":"B&B Arezzo - Attico Corso Italia 108 - Granducato Collection","description":"Prenota il tuo soggiorno nell\u2019esclusivo appartamento con attico in Corso Italia 108 ad Arezzo. Struttura elegante e confortevole. Prenota ora!","robots":{"index":"index","follow":"follow","max-snippet":"max-snippet:-1","max-image-preview":"max-image-preview:large","max-video-preview":"max-video-preview:-1"},"canonical":"https:\/\/www.granducatocollection.com\/sv\/product\/appartamento-attico-corso-italia-108\/","og_locale":"sv_SE","og_type":"article","og_title":"B&B Arezzo - Attico Corso Italia 108 - Granducato Collection","og_description":"Prenota il tuo soggiorno nell\u2019esclusivo appartamento con attico in Corso Italia 108 ad Arezzo. Struttura elegante e confortevole. Prenota ora!","og_url":"https:\/\/www.granducatocollection.com\/sv\/product\/appartamento-attico-corso-italia-108\/","og_site_name":"Granducato Collection","article_modified_time":"2026-03-18T12:53:01+00:00","og_image":[{"width":2560,"height":1920,"url":"https:\/\/www.granducatocollection.com\/wp-content\/uploads\/2025\/06\/Affittacamere_Arezzo_3-scaled-1.jpg","type":"image\/jpeg"}],"twitter_card":"summary_large_image","twitter_misc":{"Ber\u00e4knad l\u00e4stid":"1 minut"},"schema":{"@context":"https:\/\/schema.org","@graph":[{"@type":"WebPage","@id":"https:\/\/www.granducatocollection.com\/prodotto\/appartamento-attico-corso-italia-108\/","url":"https:\/\/www.granducatocollection.com\/prodotto\/appartamento-attico-corso-italia-108\/","name":"B&B Arezzo - Attico Corso Italia 108 - Granducato Collection","isPartOf":{"@id":"https:\/\/www.granducatocollection.com\/#website"},"primaryImageOfPage":{"@id":"https:\/\/www.granducatocollection.com\/prodotto\/appartamento-attico-corso-italia-108\/#primaryimage"},"image":{"@id":"https:\/\/www.granducatocollection.com\/prodotto\/appartamento-attico-corso-italia-108\/#primaryimage"},"thumbnailUrl":"https:\/\/www.granducatocollection.com\/wp-content\/uploads\/2025\/06\/Affittacamere_Arezzo_3-scaled-1.jpg","datePublished":"2025-06-27T10:08:18+00:00","dateModified":"2026-03-18T12:53:01+00:00","description":"Prenota il tuo soggiorno nell\u2019esclusivo appartamento con attico in Corso Italia 108 ad Arezzo. Struttura elegante e confortevole. Prenota ora!","breadcrumb":{"@id":"https:\/\/www.granducatocollection.com\/prodotto\/appartamento-attico-corso-italia-108\/#breadcrumb"},"inLanguage":"sv-SE","potentialAction":[{"@type":"ReadAction","target":["https:\/\/www.granducatocollection.com\/prodotto\/appartamento-attico-corso-italia-108\/"]}]},{"@type":"ImageObject","inLanguage":"sv-SE","@id":"https:\/\/www.granducatocollection.com\/prodotto\/appartamento-attico-corso-italia-108\/#primaryimage","url":"https:\/\/www.granducatocollection.com\/wp-content\/uploads\/2025\/06\/Affittacamere_Arezzo_3-scaled-1.jpg","contentUrl":"https:\/\/www.granducatocollection.com\/wp-content\/uploads\/2025\/06\/Affittacamere_Arezzo_3-scaled-1.jpg","width":2560,"height":1920},{"@type":"BreadcrumbList","@id":"https:\/\/www.granducatocollection.com\/prodotto\/appartamento-attico-corso-italia-108\/#breadcrumb","itemListElement":[{"@type":"ListItem","position":1,"name":"Home","item":"https:\/\/www.granducatocollection.com\/"},{"@type":"ListItem","position":2,"name":"Shop","item":"https:\/\/www.granducatocollection.com\/negozio\/"},{"@type":"ListItem","position":3,"name":"Appartamento Attico con Vista \u2013 Corso Italia 108, Arezzo | Granducato Collection"}]},{"@type":"WebSite","@id":"https:\/\/www.granducatocollection.com\/#website","url":"https:\/\/www.granducatocollection.com\/","name":"GranDucato Collection","description":"Prenota la tua vacanza e vivi un&#039;esperienza unica","potentialAction":[{"@type":"SearchAction","target":{"@type":"EntryPoint","urlTemplate":"https:\/\/www.granducatocollection.com\/?s={search_term_string}"},"query-input":{"@type":"PropertyValueSpecification","valueRequired":true,"valueName":"search_term_string"}}],"inLanguage":"sv-SE"}]}},"_links":{"self":[{"href":"https:\/\/www.granducatocollection.com\/sv\/wp-json\/wp\/v2\/product\/7708","targetHints":{"allow":["GET"]}}],"collection":[{"href":"https:\/\/www.granducatocollection.com\/sv\/wp-json\/wp\/v2\/product"}],"about":[{"href":"https:\/\/www.granducatocollection.com\/sv\/wp-json\/wp\/v2\/types\/product"}],"wp:featuredmedia":[{"embeddable":true,"href":"https:\/\/www.granducatocollection.com\/sv\/wp-json\/wp\/v2\/media\/7709"}],"wp:attachment":[{"href":"https:\/\/www.granducatocollection.com\/sv\/wp-json\/wp\/v2\/media?parent=7708"}],"wp:term":[{"taxonomy":"product_brand","embeddable":true,"href":"https:\/\/www.granducatocollection.com\/sv\/wp-json\/wp\/v2\/product_brand?post=7708"},{"taxonomy":"product_cat","embeddable":true,"href":"https:\/\/www.granducatocollection.com\/sv\/wp-json\/wp\/v2\/product_cat?post=7708"},{"taxonomy":"product_tag","embeddable":true,"href":"https:\/\/www.granducatocollection.com\/sv\/wp-json\/wp\/v2\/product_tag?post=7708"}],"curies":[{"name":"wp","href":"https:\/\/api.w.org\/{rel}","templated":true}]}}