{"id":7692,"date":"2025-06-27T09:00:35","date_gmt":"2025-06-27T09:00:35","guid":{"rendered":"https:\/\/www.granducatocollection.com\/?post_type=product&#038;p=7692"},"modified":"2026-03-18T12:38:42","modified_gmt":"2026-03-18T12:38:42","slug":"suite-deluxe-con-idromassaggio-corso-italia-114","status":"publish","type":"product","link":"https:\/\/www.granducatocollection.com\/sv\/product\/suite-deluxe-con-idromassaggio-corso-italia-114\/","title":{"rendered":"Svit Deluxe med jacuzzi \u2013 Corso Italia 114, Arezzo | Granducato samling"},"content":{"rendered":"<h1>Svit Deluxe med jacuzzi<\/h1>\n<h2>bel\u00e4get p\u00e5 nummer 114 p\u00e5 Corso Italia, i hj\u00e4rtat av Arezzos historiska centrum<\/h2>\n<h3>Detta eleganta boende \u00e4r en del av Allegra Toscana, en del av Granducato Collection.<\/h3>\n<p>Det \u00e4r perfekt f\u00f6r en romantisk weekend eller en kulturell flykt i Toscana. Bara 700 meter fr\u00e5n t\u00e5gstationen och 850 meter fr\u00e5n Arezzos katedral, erbjuder det omedelbar tillg\u00e5ng till stadens fr\u00e4msta historiska och konstn\u00e4rliga sev\u00e4rdheter.<\/p>","protected":false},"excerpt":{"rendered":"<p><!-- H1 visibile, SEO-friendly --><\/p>\n<h1>Suite Deluxe con Idromassaggio \u2013 Corso Italia 114, Arezzo | Granducato Collection<\/h1>\n<p><!-- Schema JSON-LD corretto e aggiornato --><br \/>\n<script type=\"application\/ld+json\">\n{\n  \"@context\": \"https:\/\/schema.org\",\n  \"@type\": \"Hotel\",\n  \"name\": \"Suite Deluxe \u2013 Corso Italia 114\",\n  \"description\": \"Suite deluxe con vasca idromassaggio nel cuore di Arezzo, arredata con stile ed eleganza. Servizi inclusi: Wi-Fi gratuito, TV satellitare, minibar su richiesta, colazione in camera (breakfast box), reception virtuale 24\/7 e deposito bagagli in Via Borgunto 7.\",\n  \"address\": {\n    \"@type\": \"PostalAddress\",\n    \"streetAddress\": \"Corso Italia 114\",\n    \"addressLocality\": \"Arezzo\",\n    \"postalCode\": \"52100\",\n    \"addressCountry\": \"IT\"\n  },\n  \"geo\": {\n    \"@type\": \"GeoCoordinates\",\n    \"latitude\": 43.4628,\n    \"longitude\": 11.8789\n  },\n  \"url\": \"https:\/\/www.granducatocollection.com\/prodotto\/suite-deluxe-corso-italia-114\/\",\n  \"telephone\": \"+393772539581\",\n  \"amenityFeature\": [\n    { \"@type\": \"LocationFeatureSpecification\", \"name\": \"Wi-Fi gratuito\", \"value\": true },\n    { \"@type\": \"LocationFeatureSpecification\", \"name\": \"TV satellitare\", \"value\": true },\n    { \"@type\": \"LocationFeatureSpecification\", \"name\": \"Minibar su richiesta\", \"value\": true },\n    { \"@type\": \"LocationFeatureSpecification\", \"name\": \"Bagno privato con vasca idromassaggio\", \"value\": true },\n    { \"@type\": \"LocationFeatureSpecification\", \"name\": \"Colazione in camera (breakfast box)\", \"value\": true },\n    { \"@type\": \"LocationFeatureSpecification\", \"name\": \"Reception virtuale 24\/7\", \"value\": true },\n    { \"@type\": \"LocationFeatureSpecification\", \"name\": \"Deposito bagagli\", \"value\": true }\n  ],\n  \"offers\": {\n    \"@type\": \"Offer\",\n    \"priceCurrency\": \"EUR\",\n    \"availability\": \"https:\/\/schema.org\/InStock\"\n  },\n  \"image\": \"https:\/\/www.granducatocollection.com\/wp-content\/uploads\/2025\/01\/suite-deluxe-arezzo-idromassaggio.jpg\"\n}\n<\/script><\/p>\n<p><!-- Testo originale (inalterato, compatibile con TranslatePress) --><\/p>\n<h4 class=\"fusion-responsive-typography-calculated\" data-start=\"839\" data-end=\"888\" data-fontsize=\"18\" data-lineheight=\"19.98px\"><strong data-start=\"844\" data-end=\"886\">Camere Accoglienti con Comfort Moderni<\/strong><\/h4>\n<p data-start=\"889\" data-end=\"1218\">Le nostre\u00a0<strong data-start=\"899\" data-end=\"909\">camere<\/strong>\u00a0sono arredate con\u00a0<strong data-start=\"928\" data-end=\"949\">stile ed eleganza<\/strong>, offrendo servizi pensati per il massimo comfort:<br data-start=\"999\" data-end=\"1002\" \/>\u2714\u00a0<strong data-start=\"1004\" data-end=\"1039\">Wi-Fi gratuito e TV satellitare<\/strong>\u00a0per restare sempre connessi<br data-start=\"1067\" data-end=\"1070\" \/>\u2714\u00a0<strong data-start=\"1072\" data-end=\"1096\">Minibar su richiesta<\/strong>\u00a0e un accogliente\u00a0<strong data-start=\"1114\" data-end=\"1127\">soggiorno<\/strong><br data-start=\"1127\" data-end=\"1130\" \/>\u2714\u00a0<strong data-start=\"1132\" data-end=\"1182\">Bagno privato con doccia o vasca idromassaggio<\/strong>, set di cortesia e asciugacapelli<\/p>\n<h4 class=\"fusion-responsive-typography-calculated\" data-start=\"1220\" data-end=\"1260\" data-fontsize=\"18\" data-lineheight=\"19.98px\"><strong data-start=\"1225\" data-end=\"1258\">Colazione e Servizi Esclusivi<\/strong><\/h4>\n<p data-start=\"1261\" data-end=\"1628\">Per iniziare la giornata con energia, offriamo la possibilit\u00e0 di prenotare la nostra\u00a0<strong data-start=\"1346\" data-end=\"1363\">breakfast box<\/strong>, da gustare comodamente in camera. Inoltre, Allegra Toscana mette a disposizione:<br data-start=\"1445\" data-end=\"1448\" \/>\u2705\u00a0<strong data-start=\"1450\" data-end=\"1484\">Reception virtuale attiva 24\/7<\/strong>\u00a0con assistenza in presenza dalle 10:00 alle 19:30<br data-start=\"1534\" data-end=\"1537\" \/>\u2705\u00a0<strong data-start=\"1539\" data-end=\"1577\">Deposito bagagli in Via Borgunto 7<\/strong>, perfetto per esplorare Arezzo in totale libert\u00e0<\/p>\n<p><a style=\"text-decoration: none; display: inline-flex; align-items: center; color: #159c7f; font-weight: 600;\" href=\"https:\/\/wa.me\/3772539581\" target=\"_blank\" rel=\"noopener noreferrer\"><br \/>\n<img decoding=\"async\" style=\"width: 24px; height: 24px; margin-right: 8px;\" src=\"https:\/\/upload.wikimedia.org\/wikipedia\/commons\/6\/6b\/WhatsApp.svg\" alt=\"WhatsApp Icon\" \/><br \/>\nPrenota direttamente su WhatsApp<br \/>\n<\/a><\/p>\n","protected":false},"featured_media":7693,"template":"","meta":{"_acf_changed":false},"product_brand":[764],"product_cat":[91],"product_tag":[831,832,154,186,167,833,178,829,164,179,830,834,168,110],"class_list":{"0":"post-7692","1":"product","2":"type-product","3":"status-publish","4":"has-post-thumbnail","6":"product_brand-granducato-collection","7":"product_cat-camere","8":"product_tag-affitti-brevi","9":"product_tag-affitti-transitori","10":"product_tag-alloggio","11":"product_tag-alloggio-premium","12":"product_tag-arezzo","13":"product_tag-bedandbreakfastarezzo","14":"product_tag-camera-con-servizi-esclusivi","15":"product_tag-guest-house","16":"product_tag-hotel","17":"product_tag-lusso","18":"product_tag-shortlets","19":"product_tag-stazione-arezzo","20":"product_tag-suite","21":"product_tag-toscana","23":"first","24":"instock","25":"shipping-taxable","26":"product-type-simple"},"acf":[],"yoast_head":"<!-- This site is optimized with the Yoast SEO plugin v26.7 - https:\/\/yoast.com\/wordpress\/plugins\/seo\/ -->\n<title>B&amp;B Arezzo-Suite Deluxe Idromassaggio - Gran ducato Collection<\/title>\n<meta name=\"description\" content=\"Suite Deluxe Idromassaggio ad Arezzo - Camera elegante con vasca privata e servizi premium. Soggiorna esclusivo nella Toscana di GranducaTOCollection.\" \/>\n<meta name=\"robots\" content=\"index, follow, max-snippet:-1, max-image-preview:large, max-video-preview:-1\" \/>\n<link rel=\"canonical\" href=\"https:\/\/www.granducatocollection.com\/sv\/product\/suite-deluxe-con-idromassaggio-corso-italia-114\/\" \/>\n<meta property=\"og:locale\" content=\"sv_SE\" \/>\n<meta property=\"og:type\" content=\"article\" \/>\n<meta property=\"og:title\" content=\"B&amp;B Arezzo-Suite Deluxe Idromassaggio - Gran ducato Collection\" \/>\n<meta property=\"og:description\" content=\"Suite Deluxe Idromassaggio ad Arezzo - Camera elegante con vasca privata e servizi premium. Soggiorna esclusivo nella Toscana di GranducaTOCollection.\" \/>\n<meta property=\"og:url\" content=\"https:\/\/www.granducatocollection.com\/sv\/product\/suite-deluxe-con-idromassaggio-corso-italia-114\/\" \/>\n<meta property=\"og:site_name\" content=\"Granducato Collection\" \/>\n<meta property=\"article:modified_time\" content=\"2026-03-18T12:38:42+00:00\" \/>\n<meta property=\"og:image\" content=\"https:\/\/www.granducatocollection.com\/wp-content\/uploads\/2025\/06\/Suite_Arezzo_-16-scaled-1.jpg\" \/>\n\t<meta property=\"og:image:width\" content=\"2560\" \/>\n\t<meta property=\"og:image:height\" content=\"1696\" \/>\n\t<meta property=\"og:image:type\" content=\"image\/jpeg\" \/>\n<meta name=\"twitter:card\" content=\"summary_large_image\" \/>\n<meta name=\"twitter:label1\" content=\"Ber\u00e4knad l\u00e4stid\" \/>\n\t<meta name=\"twitter:data1\" content=\"1 minut\" \/>\n<script type=\"application\/ld+json\" class=\"yoast-schema-graph\">{\"@context\":\"https:\/\/schema.org\",\"@graph\":[{\"@type\":\"WebPage\",\"@id\":\"https:\/\/www.granducatocollection.com\/prodotto\/suite-deluxe-con-idromassaggio-corso-italia-114\/\",\"url\":\"https:\/\/www.granducatocollection.com\/prodotto\/suite-deluxe-con-idromassaggio-corso-italia-114\/\",\"name\":\"B&B Arezzo-Suite Deluxe Idromassaggio - Gran ducato Collection\",\"isPartOf\":{\"@id\":\"https:\/\/www.granducatocollection.com\/#website\"},\"primaryImageOfPage\":{\"@id\":\"https:\/\/www.granducatocollection.com\/prodotto\/suite-deluxe-con-idromassaggio-corso-italia-114\/#primaryimage\"},\"image\":{\"@id\":\"https:\/\/www.granducatocollection.com\/prodotto\/suite-deluxe-con-idromassaggio-corso-italia-114\/#primaryimage\"},\"thumbnailUrl\":\"https:\/\/www.granducatocollection.com\/wp-content\/uploads\/2025\/06\/Suite_Arezzo_-16-scaled-1.jpg\",\"datePublished\":\"2025-06-27T09:00:35+00:00\",\"dateModified\":\"2026-03-18T12:38:42+00:00\",\"description\":\"Suite Deluxe Idromassaggio ad Arezzo - Camera elegante con vasca privata e servizi premium. Soggiorna esclusivo nella Toscana di GranducaTOCollection.\",\"breadcrumb\":{\"@id\":\"https:\/\/www.granducatocollection.com\/prodotto\/suite-deluxe-con-idromassaggio-corso-italia-114\/#breadcrumb\"},\"inLanguage\":\"sv-SE\",\"potentialAction\":[{\"@type\":\"ReadAction\",\"target\":[\"https:\/\/www.granducatocollection.com\/prodotto\/suite-deluxe-con-idromassaggio-corso-italia-114\/\"]}]},{\"@type\":\"ImageObject\",\"inLanguage\":\"sv-SE\",\"@id\":\"https:\/\/www.granducatocollection.com\/prodotto\/suite-deluxe-con-idromassaggio-corso-italia-114\/#primaryimage\",\"url\":\"https:\/\/www.granducatocollection.com\/wp-content\/uploads\/2025\/06\/Suite_Arezzo_-16-scaled-1.jpg\",\"contentUrl\":\"https:\/\/www.granducatocollection.com\/wp-content\/uploads\/2025\/06\/Suite_Arezzo_-16-scaled-1.jpg\",\"width\":2560,\"height\":1696,\"caption\":\"alt=\\\"Suite Deluxe con vasca idromassaggio privata Corso Italia 114 Arezzo, bagno luxury con jacuzzi, accappatoi e set cortesia, atmosfera relax e benessere\\\"\"},{\"@type\":\"BreadcrumbList\",\"@id\":\"https:\/\/www.granducatocollection.com\/prodotto\/suite-deluxe-con-idromassaggio-corso-italia-114\/#breadcrumb\",\"itemListElement\":[{\"@type\":\"ListItem\",\"position\":1,\"name\":\"Home\",\"item\":\"https:\/\/www.granducatocollection.com\/\"},{\"@type\":\"ListItem\",\"position\":2,\"name\":\"Shop\",\"item\":\"https:\/\/www.granducatocollection.com\/negozio\/\"},{\"@type\":\"ListItem\",\"position\":3,\"name\":\"Suite Deluxe con Idromassaggio \u2013 Corso Italia 114, Arezzo | Granducato Collection\"}]},{\"@type\":\"WebSite\",\"@id\":\"https:\/\/www.granducatocollection.com\/#website\",\"url\":\"https:\/\/www.granducatocollection.com\/\",\"name\":\"GranDucato Collection\",\"description\":\"Prenota la tua vacanza e vivi un&#039;esperienza unica\",\"potentialAction\":[{\"@type\":\"SearchAction\",\"target\":{\"@type\":\"EntryPoint\",\"urlTemplate\":\"https:\/\/www.granducatocollection.com\/?s={search_term_string}\"},\"query-input\":{\"@type\":\"PropertyValueSpecification\",\"valueRequired\":true,\"valueName\":\"search_term_string\"}}],\"inLanguage\":\"sv-SE\"}]}<\/script>\n<!-- \/ Yoast SEO plugin. -->","yoast_head_json":{"title":"B&B Arezzo-Suite Deluxe Idromassaggio - Gran ducato Collection","description":"Suite Deluxe Idromassaggio ad Arezzo - Camera elegante con vasca privata e servizi premium. Soggiorna esclusivo nella Toscana di GranducaTOCollection.","robots":{"index":"index","follow":"follow","max-snippet":"max-snippet:-1","max-image-preview":"max-image-preview:large","max-video-preview":"max-video-preview:-1"},"canonical":"https:\/\/www.granducatocollection.com\/sv\/product\/suite-deluxe-con-idromassaggio-corso-italia-114\/","og_locale":"sv_SE","og_type":"article","og_title":"B&B Arezzo-Suite Deluxe Idromassaggio - Gran ducato Collection","og_description":"Suite Deluxe Idromassaggio ad Arezzo - Camera elegante con vasca privata e servizi premium. Soggiorna esclusivo nella Toscana di GranducaTOCollection.","og_url":"https:\/\/www.granducatocollection.com\/sv\/product\/suite-deluxe-con-idromassaggio-corso-italia-114\/","og_site_name":"Granducato Collection","article_modified_time":"2026-03-18T12:38:42+00:00","og_image":[{"width":2560,"height":1696,"url":"https:\/\/www.granducatocollection.com\/wp-content\/uploads\/2025\/06\/Suite_Arezzo_-16-scaled-1.jpg","type":"image\/jpeg"}],"twitter_card":"summary_large_image","twitter_misc":{"Ber\u00e4knad l\u00e4stid":"1 minut"},"schema":{"@context":"https:\/\/schema.org","@graph":[{"@type":"WebPage","@id":"https:\/\/www.granducatocollection.com\/prodotto\/suite-deluxe-con-idromassaggio-corso-italia-114\/","url":"https:\/\/www.granducatocollection.com\/prodotto\/suite-deluxe-con-idromassaggio-corso-italia-114\/","name":"B&B Arezzo-Suite Deluxe Idromassaggio - Gran ducato Collection","isPartOf":{"@id":"https:\/\/www.granducatocollection.com\/#website"},"primaryImageOfPage":{"@id":"https:\/\/www.granducatocollection.com\/prodotto\/suite-deluxe-con-idromassaggio-corso-italia-114\/#primaryimage"},"image":{"@id":"https:\/\/www.granducatocollection.com\/prodotto\/suite-deluxe-con-idromassaggio-corso-italia-114\/#primaryimage"},"thumbnailUrl":"https:\/\/www.granducatocollection.com\/wp-content\/uploads\/2025\/06\/Suite_Arezzo_-16-scaled-1.jpg","datePublished":"2025-06-27T09:00:35+00:00","dateModified":"2026-03-18T12:38:42+00:00","description":"Suite Deluxe Idromassaggio ad Arezzo - Camera elegante con vasca privata e servizi premium. Soggiorna esclusivo nella Toscana di GranducaTOCollection.","breadcrumb":{"@id":"https:\/\/www.granducatocollection.com\/prodotto\/suite-deluxe-con-idromassaggio-corso-italia-114\/#breadcrumb"},"inLanguage":"sv-SE","potentialAction":[{"@type":"ReadAction","target":["https:\/\/www.granducatocollection.com\/prodotto\/suite-deluxe-con-idromassaggio-corso-italia-114\/"]}]},{"@type":"ImageObject","inLanguage":"sv-SE","@id":"https:\/\/www.granducatocollection.com\/prodotto\/suite-deluxe-con-idromassaggio-corso-italia-114\/#primaryimage","url":"https:\/\/www.granducatocollection.com\/wp-content\/uploads\/2025\/06\/Suite_Arezzo_-16-scaled-1.jpg","contentUrl":"https:\/\/www.granducatocollection.com\/wp-content\/uploads\/2025\/06\/Suite_Arezzo_-16-scaled-1.jpg","width":2560,"height":1696,"caption":"alt=\"Suite Deluxe con vasca idromassaggio privata Corso Italia 114 Arezzo, bagno luxury con jacuzzi, accappatoi e set cortesia, atmosfera relax e benessere\""},{"@type":"BreadcrumbList","@id":"https:\/\/www.granducatocollection.com\/prodotto\/suite-deluxe-con-idromassaggio-corso-italia-114\/#breadcrumb","itemListElement":[{"@type":"ListItem","position":1,"name":"Home","item":"https:\/\/www.granducatocollection.com\/"},{"@type":"ListItem","position":2,"name":"Shop","item":"https:\/\/www.granducatocollection.com\/negozio\/"},{"@type":"ListItem","position":3,"name":"Suite Deluxe con Idromassaggio \u2013 Corso Italia 114, Arezzo | Granducato Collection"}]},{"@type":"WebSite","@id":"https:\/\/www.granducatocollection.com\/#website","url":"https:\/\/www.granducatocollection.com\/","name":"GranDucato Collection","description":"Prenota la tua vacanza e vivi un&#039;esperienza unica","potentialAction":[{"@type":"SearchAction","target":{"@type":"EntryPoint","urlTemplate":"https:\/\/www.granducatocollection.com\/?s={search_term_string}"},"query-input":{"@type":"PropertyValueSpecification","valueRequired":true,"valueName":"search_term_string"}}],"inLanguage":"sv-SE"}]}},"_links":{"self":[{"href":"https:\/\/www.granducatocollection.com\/sv\/wp-json\/wp\/v2\/product\/7692","targetHints":{"allow":["GET"]}}],"collection":[{"href":"https:\/\/www.granducatocollection.com\/sv\/wp-json\/wp\/v2\/product"}],"about":[{"href":"https:\/\/www.granducatocollection.com\/sv\/wp-json\/wp\/v2\/types\/product"}],"wp:featuredmedia":[{"embeddable":true,"href":"https:\/\/www.granducatocollection.com\/sv\/wp-json\/wp\/v2\/media\/7693"}],"wp:attachment":[{"href":"https:\/\/www.granducatocollection.com\/sv\/wp-json\/wp\/v2\/media?parent=7692"}],"wp:term":[{"taxonomy":"product_brand","embeddable":true,"href":"https:\/\/www.granducatocollection.com\/sv\/wp-json\/wp\/v2\/product_brand?post=7692"},{"taxonomy":"product_cat","embeddable":true,"href":"https:\/\/www.granducatocollection.com\/sv\/wp-json\/wp\/v2\/product_cat?post=7692"},{"taxonomy":"product_tag","embeddable":true,"href":"https:\/\/www.granducatocollection.com\/sv\/wp-json\/wp\/v2\/product_tag?post=7692"}],"curies":[{"name":"wp","href":"https:\/\/api.w.org\/{rel}","templated":true}]}}