{"id":7425,"date":"2025-06-08T14:59:23","date_gmt":"2025-06-08T14:59:23","guid":{"rendered":"https:\/\/www.granducatocollection.com\/?post_type=product&#038;p=7425"},"modified":"2026-03-20T19:15:36","modified_gmt":"2026-03-20T19:15:36","slug":"burro-al-tartufo-bianco-2","status":"publish","type":"product","link":"https:\/\/www.granducatocollection.com\/sv\/product\/burro-al-tartufo-bianco-2\/","title":{"rendered":"Vitt tryffelsm\u00f6r"},"content":{"rendered":"<p><script type=\"application\/ld+json\">{\n    \"@context\": \"https:\\\/\\\/schema.org\",\n    \"@type\": \"Product\",\n    \"@id\": \"https:\\\/\\\/www.granducatocollection.com\\\/prodotto\\\/burro-al-tartufo-bianco-2\\\/\",\n    \"name\": \"Burro al Tartufo Bianco con Tartufo Bianchetto \\u2013 Borgunto\",\n    \"image\": \"https:\\\/\\\/www.granducatocollection.com\\\/wp-content\\\/uploads\\\/2026\\\/01\\\/burro-al-tartufo-bianco-2-borgunto.jpg\",\n    \"description\": \"Burro al tartufo bianco arricchito con Tartufo Bianco e Tartufo Bianchetto, prodotto artigianale ad Arezzo in Toscana. Condimento gourmet perfetto per piatti raffinati o come regalo gourmet raffinato.\",\n    \"brand\": {\n        \"@type\": \"Organization\",\n        \"name\": \"Borgunto\"\n    },\n    \"offers\": {\n        \"@type\": \"Offer\",\n        \"url\": \"https:\\\/\\\/www.granducatocollection.com\\\/prodotto\\\/burro-al-tartufo-bianco-2\\\/\",\n        \"priceCurrency\": \"EUR\",\n        \"price\": \"12.00\",\n        \"itemCondition\": \"https:\\\/\\\/schema.org\\\/NewCondition\",\n        \"availability\": \"https:\\\/\\\/schema.org\\\/InStock\",\n        \"seller\": {\n            \"@type\": \"Organization\",\n            \"name\": \"Granducato Collection\"\n        }\n    },\n    \"sku\": \"BURRO-TARTUFO-BIANCO-2\"\n}<\/script><\/p>\n<h1>Vitt tryffelsm\u00f6r \u2013 Borgunto<\/h1>\n<h2>Dressing gjord med hantverksm\u00e4ssigt toskanskt sm\u00f6r, berikad med tv\u00e5 sorters tryffel<\/h2>\n<p class=\"translation-block\"><strong>Sm\u00f6r med vit truffel<\/strong> \u00e4r en <strong>unik gastronomisk delikatess<\/strong> tillverkad av <strong>Borgunto<\/strong> i <strong>Arezzo<\/strong>, <strong>Toscana<\/strong>. Denna <strong>sm\u00f6rbaserade kryddblandning<\/strong> f\u00f6renar sm\u00f6rets kr\u00e4miga konsistens med den intensiva aromen av den v\u00e4rdefulla <strong>vita truffeln<\/strong> och den fina <strong>Bianchetto-truffeln<\/strong>, vilket skapar en extraordin\u00e4r sensorisk upplevelse. Tillverkad med <strong>ingredienser fr\u00e5n kontrollerad ursprung<\/strong> och utan tillsatser, f\u00f6rst\u00e4rker den smaken hos \u00e4gg, rostade br\u00f6dskivor, risotto, f\u00e4rsk pasta eller m\u00f6r k\u00f6tt.<\/p>\n<h3>En raffinerad gourmetpresent f\u00f6r sanna finsmakare<\/h3>\n<p class=\"translation-block\">Elegant f\u00f6rpackad och med f\u00f6rfinad smak \u00e4r detta tryffelsm\u00f6r en raffinerad gourmetpresent f\u00f6r de som \u00e4lskar god mat. Perfekt f\u00f6r jul, \u00e5rsdagar eller speciella tillf\u00e4llen, och det visar upp den italienska gastronomiska traditionens f\u00f6rtr\u00e4fflighet genom en autentisk och minnesv\u00e4rd upplevelse.<\/p>\n<h3>Symbol f\u00f6r Granducato-kollektionen: hantverksskicklighet, territorium och sp\u00e5rbarhet<\/h3>\n<p class=\"translation-block\">Denna tryffelspecialitet f\u00f6rkroppsligar v\u00e4rdena i Granducato-kollektionen: hantverksm\u00e4ssig produktion, direkt kontroll \u00f6ver r\u00e5varor, respekt f\u00f6r den toskanska terroiren och st\u00f6rsta m\u00f6jliga noggrannhet. Varje burk \u00e4r en hyllning till den italienska tryffelkulturen, designad f\u00f6r dem som s\u00f6ker \u00e4kthet och kompromissl\u00f6s kvalitet.<\/p>","protected":false},"excerpt":{"rendered":"<h1>Tryffelsm\u00f6r<\/h1>\n<p class=\"translation-block\"><strong>Tryffelsm\u00f6r<\/strong> berikat med <strong>Vit tryffel<\/strong>, artesiskt tillverkat av <strong>Borgunto<\/strong> i <strong>Arezzo<\/strong>. En <strong>gastronomisk delikatess<\/strong> som \u00e4r idealisk f\u00f6r att f\u00f6r\u00e4dla r\u00e4tter eller som en <strong>raffinerad gourmetg\u00e5va<\/strong>.<\/p>","protected":false},"featured_media":7426,"template":"","meta":{"_acf_changed":false},"product_brand":[764],"product_cat":[845],"product_tag":[228,236,231,234,237,229],"class_list":{"0":"post-7425","1":"product","2":"type-product","3":"status-publish","4":"has-post-thumbnail","6":"product_brand-granducato-collection","7":"product_cat-confetture-e-specialita-gourmet","8":"product_tag-burro-al-tartufo","9":"product_tag-burro-artigianale","10":"product_tag-burro-gourmet","11":"product_tag-condimento-gourmet","12":"product_tag-specialita-enogastronomica","13":"product_tag-tartufo-bianco","15":"first","16":"instock","17":"shipping-taxable","18":"purchasable","19":"product-type-simple"},"acf":[],"yoast_head":"<!-- This site is optimized with the Yoast SEO plugin v26.7 - https:\/\/yoast.com\/wordpress\/plugins\/seo\/ -->\n<title>B&amp;B Arezzo | Burro al Tartufo Borgunto |Granducato Collection<\/title>\n<meta name=\"description\" content=\"Burro al Tartufo Bianco pregiato. Profumo intenso e sapore unico: perfetto per primi piatti, uova e bruschette. Spedizione in tutta Europa. Acquista Ora!\" \/>\n<meta name=\"robots\" content=\"index, follow, max-snippet:-1, max-image-preview:large, max-video-preview:-1\" \/>\n<link rel=\"canonical\" href=\"https:\/\/www.granducatocollection.com\/sv\/product\/burro-al-tartufo-bianco-2\/\" \/>\n<meta property=\"og:locale\" content=\"sv_SE\" \/>\n<meta property=\"og:type\" content=\"article\" \/>\n<meta property=\"og:title\" content=\"B&amp;B Arezzo | Burro al Tartufo Borgunto |Granducato Collection\" \/>\n<meta property=\"og:description\" content=\"Burro al Tartufo Bianco pregiato. Profumo intenso e sapore unico: perfetto per primi piatti, uova e bruschette. Spedizione in tutta Europa. Acquista Ora!\" \/>\n<meta property=\"og:url\" content=\"https:\/\/www.granducatocollection.com\/sv\/product\/burro-al-tartufo-bianco-2\/\" \/>\n<meta property=\"og:site_name\" content=\"Granducato Collection\" \/>\n<meta property=\"article:modified_time\" content=\"2026-03-20T19:15:36+00:00\" \/>\n<meta property=\"og:image\" content=\"https:\/\/www.granducatocollection.com\/wp-content\/uploads\/2025\/06\/tartufo.webp\" \/>\n\t<meta property=\"og:image:width\" content=\"801\" \/>\n\t<meta property=\"og:image:height\" content=\"801\" \/>\n\t<meta property=\"og:image:type\" content=\"image\/webp\" \/>\n<meta name=\"twitter:card\" content=\"summary_large_image\" \/>\n<meta name=\"twitter:label1\" content=\"Ber\u00e4knad l\u00e4stid\" \/>\n\t<meta name=\"twitter:data1\" content=\"2 minuter\" \/>\n<script type=\"application\/ld+json\" class=\"yoast-schema-graph\">{\"@context\":\"https:\/\/schema.org\",\"@graph\":[{\"@type\":\"WebPage\",\"@id\":\"https:\/\/www.granducatocollection.com\/prodotto\/burro-al-tartufo-bianco-2\/\",\"url\":\"https:\/\/www.granducatocollection.com\/prodotto\/burro-al-tartufo-bianco-2\/\",\"name\":\"B&B Arezzo | Burro al Tartufo Borgunto |Granducato Collection\",\"isPartOf\":{\"@id\":\"https:\/\/www.granducatocollection.com\/#website\"},\"primaryImageOfPage\":{\"@id\":\"https:\/\/www.granducatocollection.com\/prodotto\/burro-al-tartufo-bianco-2\/#primaryimage\"},\"image\":{\"@id\":\"https:\/\/www.granducatocollection.com\/prodotto\/burro-al-tartufo-bianco-2\/#primaryimage\"},\"thumbnailUrl\":\"https:\/\/www.granducatocollection.com\/wp-content\/uploads\/2025\/06\/tartufo.webp\",\"datePublished\":\"2025-06-08T14:59:23+00:00\",\"dateModified\":\"2026-03-20T19:15:36+00:00\",\"description\":\"Burro al Tartufo Bianco pregiato. Profumo intenso e sapore unico: perfetto per primi piatti, uova e bruschette. Spedizione in tutta Europa. Acquista Ora!\",\"breadcrumb\":{\"@id\":\"https:\/\/www.granducatocollection.com\/prodotto\/burro-al-tartufo-bianco-2\/#breadcrumb\"},\"inLanguage\":\"sv-SE\",\"potentialAction\":[{\"@type\":\"ReadAction\",\"target\":[\"https:\/\/www.granducatocollection.com\/prodotto\/burro-al-tartufo-bianco-2\/\"]}]},{\"@type\":\"ImageObject\",\"inLanguage\":\"sv-SE\",\"@id\":\"https:\/\/www.granducatocollection.com\/prodotto\/burro-al-tartufo-bianco-2\/#primaryimage\",\"url\":\"https:\/\/www.granducatocollection.com\/wp-content\/uploads\/2025\/06\/tartufo.webp\",\"contentUrl\":\"https:\/\/www.granducatocollection.com\/wp-content\/uploads\/2025\/06\/tartufo.webp\",\"width\":801,\"height\":801,\"caption\":\"burro-al-tartufo-bianco-granducatocollection-arezzo-firenze-toscana-borgunto-affittacamere-B&B-suitelets-azienda-agricola-prodotti-al-tartufo\"},{\"@type\":\"BreadcrumbList\",\"@id\":\"https:\/\/www.granducatocollection.com\/prodotto\/burro-al-tartufo-bianco-2\/#breadcrumb\",\"itemListElement\":[{\"@type\":\"ListItem\",\"position\":1,\"name\":\"Home\",\"item\":\"https:\/\/www.granducatocollection.com\/\"},{\"@type\":\"ListItem\",\"position\":2,\"name\":\"Shop\",\"item\":\"https:\/\/www.granducatocollection.com\/negozio\/\"},{\"@type\":\"ListItem\",\"position\":3,\"name\":\"Burro al Tartufo Bianco\"}]},{\"@type\":\"WebSite\",\"@id\":\"https:\/\/www.granducatocollection.com\/#website\",\"url\":\"https:\/\/www.granducatocollection.com\/\",\"name\":\"GranDucato Collection\",\"description\":\"Prenota la tua vacanza e vivi un&#039;esperienza unica\",\"potentialAction\":[{\"@type\":\"SearchAction\",\"target\":{\"@type\":\"EntryPoint\",\"urlTemplate\":\"https:\/\/www.granducatocollection.com\/?s={search_term_string}\"},\"query-input\":{\"@type\":\"PropertyValueSpecification\",\"valueRequired\":true,\"valueName\":\"search_term_string\"}}],\"inLanguage\":\"sv-SE\"}]}<\/script>\n<!-- \/ Yoast SEO plugin. -->","yoast_head_json":{"title":"B&B Arezzo | Burro al Tartufo Borgunto |Granducato Collection","description":"Burro al Tartufo Bianco pregiato. Profumo intenso e sapore unico: perfetto per primi piatti, uova e bruschette. Spedizione in tutta Europa. Acquista Ora!","robots":{"index":"index","follow":"follow","max-snippet":"max-snippet:-1","max-image-preview":"max-image-preview:large","max-video-preview":"max-video-preview:-1"},"canonical":"https:\/\/www.granducatocollection.com\/sv\/product\/burro-al-tartufo-bianco-2\/","og_locale":"sv_SE","og_type":"article","og_title":"B&B Arezzo | Burro al Tartufo Borgunto |Granducato Collection","og_description":"Burro al Tartufo Bianco pregiato. Profumo intenso e sapore unico: perfetto per primi piatti, uova e bruschette. Spedizione in tutta Europa. Acquista Ora!","og_url":"https:\/\/www.granducatocollection.com\/sv\/product\/burro-al-tartufo-bianco-2\/","og_site_name":"Granducato Collection","article_modified_time":"2026-03-20T19:15:36+00:00","og_image":[{"width":801,"height":801,"url":"https:\/\/www.granducatocollection.com\/wp-content\/uploads\/2025\/06\/tartufo.webp","type":"image\/webp"}],"twitter_card":"summary_large_image","twitter_misc":{"Ber\u00e4knad l\u00e4stid":"2 minuter"},"schema":{"@context":"https:\/\/schema.org","@graph":[{"@type":"WebPage","@id":"https:\/\/www.granducatocollection.com\/prodotto\/burro-al-tartufo-bianco-2\/","url":"https:\/\/www.granducatocollection.com\/prodotto\/burro-al-tartufo-bianco-2\/","name":"B&B Arezzo | Burro al Tartufo Borgunto |Granducato Collection","isPartOf":{"@id":"https:\/\/www.granducatocollection.com\/#website"},"primaryImageOfPage":{"@id":"https:\/\/www.granducatocollection.com\/prodotto\/burro-al-tartufo-bianco-2\/#primaryimage"},"image":{"@id":"https:\/\/www.granducatocollection.com\/prodotto\/burro-al-tartufo-bianco-2\/#primaryimage"},"thumbnailUrl":"https:\/\/www.granducatocollection.com\/wp-content\/uploads\/2025\/06\/tartufo.webp","datePublished":"2025-06-08T14:59:23+00:00","dateModified":"2026-03-20T19:15:36+00:00","description":"Burro al Tartufo Bianco pregiato. Profumo intenso e sapore unico: perfetto per primi piatti, uova e bruschette. Spedizione in tutta Europa. Acquista Ora!","breadcrumb":{"@id":"https:\/\/www.granducatocollection.com\/prodotto\/burro-al-tartufo-bianco-2\/#breadcrumb"},"inLanguage":"sv-SE","potentialAction":[{"@type":"ReadAction","target":["https:\/\/www.granducatocollection.com\/prodotto\/burro-al-tartufo-bianco-2\/"]}]},{"@type":"ImageObject","inLanguage":"sv-SE","@id":"https:\/\/www.granducatocollection.com\/prodotto\/burro-al-tartufo-bianco-2\/#primaryimage","url":"https:\/\/www.granducatocollection.com\/wp-content\/uploads\/2025\/06\/tartufo.webp","contentUrl":"https:\/\/www.granducatocollection.com\/wp-content\/uploads\/2025\/06\/tartufo.webp","width":801,"height":801,"caption":"burro-al-tartufo-bianco-granducatocollection-arezzo-firenze-toscana-borgunto-affittacamere-B&B-suitelets-azienda-agricola-prodotti-al-tartufo"},{"@type":"BreadcrumbList","@id":"https:\/\/www.granducatocollection.com\/prodotto\/burro-al-tartufo-bianco-2\/#breadcrumb","itemListElement":[{"@type":"ListItem","position":1,"name":"Home","item":"https:\/\/www.granducatocollection.com\/"},{"@type":"ListItem","position":2,"name":"Shop","item":"https:\/\/www.granducatocollection.com\/negozio\/"},{"@type":"ListItem","position":3,"name":"Burro al Tartufo Bianco"}]},{"@type":"WebSite","@id":"https:\/\/www.granducatocollection.com\/#website","url":"https:\/\/www.granducatocollection.com\/","name":"GranDucato Collection","description":"Prenota la tua vacanza e vivi un&#039;esperienza unica","potentialAction":[{"@type":"SearchAction","target":{"@type":"EntryPoint","urlTemplate":"https:\/\/www.granducatocollection.com\/?s={search_term_string}"},"query-input":{"@type":"PropertyValueSpecification","valueRequired":true,"valueName":"search_term_string"}}],"inLanguage":"sv-SE"}]}},"_links":{"self":[{"href":"https:\/\/www.granducatocollection.com\/sv\/wp-json\/wp\/v2\/product\/7425","targetHints":{"allow":["GET"]}}],"collection":[{"href":"https:\/\/www.granducatocollection.com\/sv\/wp-json\/wp\/v2\/product"}],"about":[{"href":"https:\/\/www.granducatocollection.com\/sv\/wp-json\/wp\/v2\/types\/product"}],"wp:featuredmedia":[{"embeddable":true,"href":"https:\/\/www.granducatocollection.com\/sv\/wp-json\/wp\/v2\/media\/7426"}],"wp:attachment":[{"href":"https:\/\/www.granducatocollection.com\/sv\/wp-json\/wp\/v2\/media?parent=7425"}],"wp:term":[{"taxonomy":"product_brand","embeddable":true,"href":"https:\/\/www.granducatocollection.com\/sv\/wp-json\/wp\/v2\/product_brand?post=7425"},{"taxonomy":"product_cat","embeddable":true,"href":"https:\/\/www.granducatocollection.com\/sv\/wp-json\/wp\/v2\/product_cat?post=7425"},{"taxonomy":"product_tag","embeddable":true,"href":"https:\/\/www.granducatocollection.com\/sv\/wp-json\/wp\/v2\/product_tag?post=7425"}],"curies":[{"name":"wp","href":"https:\/\/api.w.org\/{rel}","templated":true}]}}