{"id":7281,"date":"2025-05-24T11:14:55","date_gmt":"2025-05-24T11:14:55","guid":{"rendered":"https:\/\/www.granducatocollection.com\/?post_type=product&#038;p=7281"},"modified":"2026-02-27T13:54:42","modified_gmt":"2026-02-27T13:54:42","slug":"una-notte-con-colazione-allallegra-toscana","status":"publish","type":"product","link":"https:\/\/www.granducatocollection.com\/sv\/product\/una-notte-con-colazione-allallegra-toscana\/","title":{"rendered":"En kv\u00e4ll med frukost p\u00e5 Allegra Toscana"},"content":{"rendered":"<p><script type=\"application\/ld+json\">{\n    \"@context\": \"https:\\\/\\\/schema.org\",\n    \"@type\": \"Product\",\n    \"@id\": \"https:\\\/\\\/www.granducatocollection.com\\\/prodotto\\\/una-notte-con-colazione-allallegra-toscana\\\/\",\n    \"name\": \"Una Notte con Colazione all\\u2019Allegra Toscana \\u2013 Arezzo\",\n    \"description\": \"Soggiorno romantico nel cuore di Arezzo con colazione inclusa. Camera elegante affacciata sul corso principale, perfetta per coppie e viaggiatori che cercano charme toscano autentico.\",\n    \"image\": \"https:\\\/\\\/www.granducatocollection.com\\\/wp-content\\\/uploads\\\/2026\\\/01\\\/allegra-toscana-camera-arezzo.jpg\",\n    \"brand\": {\n        \"@type\": \"Organization\",\n        \"name\": \"Granducato Collection\"\n    },\n    \"offers\": {\n        \"@type\": \"Offer\",\n        \"url\": \"https:\\\/\\\/www.granducatocollection.com\\\/prodotto\\\/una-notte-con-colazione-allallegra-toscana\\\/\",\n        \"priceCurrency\": \"EUR\",\n        \"price\": \"59.90\",\n        \"itemCondition\": \"https:\\\/\\\/schema.org\\\/NewCondition\",\n        \"availability\": \"https:\\\/\\\/schema.org\\\/InStock\",\n        \"seller\": {\n            \"@type\": \"Organization\",\n            \"name\": \"Allegra Toscana \\u2013 Granducato Collection\"\n        }\n    },\n    \"sku\": \"NOTTE-COLAZIONE-AREZZO-ALLEGRA-TOSCANA\"\n}<\/script><\/p>\n<h1>En kv\u00e4ll med frukost p\u00e5 Allegra Toscana \u2013 Arezzo<\/h1>\n<h2>En romantisk vistelse i hj\u00e4rtat av Arezzos historiska centrum.<\/h2>\n<p class=\"translation-block\">Upplev den autentiska atmosf\u00e4ren i Arezzo med en natt i v\u00e5rt rum \"Allegra Toscana\", med elegant utsikt \u00f6ver stadens huvudgata. Denna upplevelse \u00e4r utformad f\u00f6r par och resen\u00e4rer som s\u00f6ker toskansk charm och kombinerar diskret komfort, italiensk stil och ett strategiskt l\u00e4ge bara n\u00e5gra steg fr\u00e5n Piazza Grande, Duomo och stadens ren\u00e4ssansskatter.<\/p>\n<h3>Frukost ing\u00e5r med lokala specialiteter och ett \"osynligt men n\u00e4rvarande\" v\u00e4lkomnande<\/h3>\n<p class=\"translation-block\">P\u00e5 morgonen v\u00e4ntar en kostnadsfri frukost med f\u00e4rska r\u00e5varor, hemlagade desserter och lokala specialiteter fr\u00e5n Arezzo. I enlighet med Granducato Collections filosofi \u00e4r v\u00e5r service osynlig men n\u00e4rvarande: diskret, personlig och alltid tillg\u00e4nglig utan att n\u00e5gonsin vara p\u00e5tr\u00e4ngande.<\/p>\n<h3>Perfekt f\u00f6r romantiska weekendresor, smart arbete eller att uppt\u00e4cka Toscana<\/h3>\n<p class=\"translation-block\">Detta alternativ \u00e4r perfekt f\u00f6r en romantisk weekend, en f\u00f6ryngrande paus eller som bas f\u00f6r att utforska Toscana \u2013 Florens, Siena och Cortona kan n\u00e5s p\u00e5 mindre \u00e4n en timme. Denna vistelse \u00e4r mer \u00e4n bara en \u00f6vernattning, utan en sann sensorisk resa in i hj\u00e4rtat av det autentiska Italien.<\/p>","protected":false},"excerpt":{"rendered":"<h1>\u00d6vernattning med frukost p\u00e5 Allegra Toscana<\/h1>\n<p class=\"translation-block\">Bo i hj\u00e4rtat av Arezzo med en natt p\u00e5 Allegra Toscana: ett mysigt rum p\u00e5 huvudgatan, inklusive frukost med lokala specialiteter.<br>\n<a style=\"text-decoration: none;align-items: center;color: #159c7f;font-weight: 600\" href=\"https:\/\/wa.me\/3772539581\" target=\"_blank\" class=\"fusion-no-lightbox\"><br>\n<img style=\"width: 24px;height: 24px;margin-right: 8px\" src=\"https:\/\/upload.wikimedia.org\/wikipedia\/commons\/6\/6b\/WhatsApp.svg\" alt=\"WhatsApp Icon\"><br>\nBoka direkt p\u00e5 WhatsApp<br>\n<\/a><\/p>","protected":false},"featured_media":7714,"template":"","meta":{"_acf_changed":false},"product_brand":[764],"product_cat":[80],"product_tag":[517,160,520,510,522,503,516,518,521,509,507,227,519,523,501],"class_list":{"0":"post-7281","1":"product","2":"type-product","3":"status-publish","4":"has-post-thumbnail","6":"product_brand-granducato-collection","7":"product_cat-soggiorni-e-degustazioni","8":"product_tag-allegra-toscana","9":"product_tag-colazione-inclusa","10":"product_tag-esperienza-toscana","11":"product_tag-fuga-romantica","12":"product_tag-hotel-boutique-toscana","13":"product_tag-hotel-charme","14":"product_tag-notte-con-colazione","15":"product_tag-offerta-hotel-toscana","16":"product_tag-pernottamento-con-colazione","17":"product_tag-regalo-esperienziale","18":"product_tag-soggiorno-benessere","19":"product_tag-soggiorno-romantico","20":"product_tag-vacanza-coppia","21":"product_tag-vacanza-rilassante","22":"product_tag-weekend-in-toscana","24":"first","25":"instock","26":"shipping-taxable","27":"product-type-simple"},"acf":[],"yoast_head":"<!-- This site is optimized with the Yoast SEO plugin v26.7 - https:\/\/yoast.com\/wordpress\/plugins\/seo\/ -->\n<title>B&amp;B Arezzo - Una Notte con Colazione all&#039;Allegra Toscana - Granducato Collection<\/title>\n<meta name=\"description\" content=\"Notte con colazione ad Arezzo in una camera sul corso principale. Comfort, stile toscano e colazione inclusa nel cuore della citt\u00e0.\" \/>\n<meta name=\"robots\" content=\"index, follow, max-snippet:-1, max-image-preview:large, max-video-preview:-1\" \/>\n<link rel=\"canonical\" href=\"https:\/\/www.granducatocollection.com\/sv\/product\/una-notte-con-colazione-allallegra-toscana\/\" \/>\n<meta property=\"og:locale\" content=\"sv_SE\" \/>\n<meta property=\"og:type\" content=\"article\" \/>\n<meta property=\"og:title\" content=\"B&amp;B Arezzo - Una Notte con Colazione all&#039;Allegra Toscana - Granducato Collection\" \/>\n<meta property=\"og:description\" content=\"Notte con colazione ad Arezzo in una camera sul corso principale. Comfort, stile toscano e colazione inclusa nel cuore della citt\u00e0.\" \/>\n<meta property=\"og:url\" content=\"https:\/\/www.granducatocollection.com\/sv\/product\/una-notte-con-colazione-allallegra-toscana\/\" \/>\n<meta property=\"og:site_name\" content=\"Granducato Collection\" \/>\n<meta property=\"article:modified_time\" content=\"2026-02-27T13:54:42+00:00\" \/>\n<meta property=\"og:image\" content=\"https:\/\/www.granducatocollection.com\/wp-content\/uploads\/2025\/06\/Affittacamere_Arezzo_94.jpg\" \/>\n\t<meta property=\"og:image:width\" content=\"960\" \/>\n\t<meta property=\"og:image:height\" content=\"638\" \/>\n\t<meta property=\"og:image:type\" content=\"image\/jpeg\" \/>\n<meta name=\"twitter:card\" content=\"summary_large_image\" \/>\n<meta name=\"twitter:label1\" content=\"Ber\u00e4knad l\u00e4stid\" \/>\n\t<meta name=\"twitter:data1\" content=\"2 minuter\" \/>\n<script type=\"application\/ld+json\" class=\"yoast-schema-graph\">{\"@context\":\"https:\/\/schema.org\",\"@graph\":[{\"@type\":\"WebPage\",\"@id\":\"https:\/\/www.granducatocollection.com\/prodotto\/una-notte-con-colazione-allallegra-toscana\/\",\"url\":\"https:\/\/www.granducatocollection.com\/prodotto\/una-notte-con-colazione-allallegra-toscana\/\",\"name\":\"B&B Arezzo - Una Notte con Colazione all'Allegra Toscana - Granducato Collection\",\"isPartOf\":{\"@id\":\"https:\/\/www.granducatocollection.com\/#website\"},\"primaryImageOfPage\":{\"@id\":\"https:\/\/www.granducatocollection.com\/prodotto\/una-notte-con-colazione-allallegra-toscana\/#primaryimage\"},\"image\":{\"@id\":\"https:\/\/www.granducatocollection.com\/prodotto\/una-notte-con-colazione-allallegra-toscana\/#primaryimage\"},\"thumbnailUrl\":\"https:\/\/www.granducatocollection.com\/wp-content\/uploads\/2025\/06\/entrata-allegratoscana-shortstays-arezzo-hotel.jpg\",\"datePublished\":\"2025-05-24T11:14:55+00:00\",\"dateModified\":\"2026-02-27T13:54:42+00:00\",\"description\":\"Notte con colazione ad Arezzo in una camera sul corso principale. Comfort, stile toscano e colazione inclusa nel cuore della citt\u00e0.\",\"breadcrumb\":{\"@id\":\"https:\/\/www.granducatocollection.com\/prodotto\/una-notte-con-colazione-allallegra-toscana\/#breadcrumb\"},\"inLanguage\":\"sv-SE\",\"potentialAction\":[{\"@type\":\"ReadAction\",\"target\":[\"https:\/\/www.granducatocollection.com\/prodotto\/una-notte-con-colazione-allallegra-toscana\/\"]}]},{\"@type\":\"ImageObject\",\"inLanguage\":\"sv-SE\",\"@id\":\"https:\/\/www.granducatocollection.com\/prodotto\/una-notte-con-colazione-allallegra-toscana\/#primaryimage\",\"url\":\"https:\/\/www.granducatocollection.com\/wp-content\/uploads\/2025\/06\/entrata-allegratoscana-shortstays-arezzo-hotel.jpg\",\"contentUrl\":\"https:\/\/www.granducatocollection.com\/wp-content\/uploads\/2025\/06\/entrata-allegratoscana-shortstays-arezzo-hotel.jpg\",\"width\":960,\"height\":638,\"caption\":\"dettaglio-allegra-toscana-arezzo\"},{\"@type\":\"BreadcrumbList\",\"@id\":\"https:\/\/www.granducatocollection.com\/prodotto\/una-notte-con-colazione-allallegra-toscana\/#breadcrumb\",\"itemListElement\":[{\"@type\":\"ListItem\",\"position\":1,\"name\":\"Home\",\"item\":\"https:\/\/www.granducatocollection.com\/\"},{\"@type\":\"ListItem\",\"position\":2,\"name\":\"Shop\",\"item\":\"https:\/\/www.granducatocollection.com\/negozio\/\"},{\"@type\":\"ListItem\",\"position\":3,\"name\":\"Una Notte con Colazione all&#8217;Allegra Toscana\"}]},{\"@type\":\"WebSite\",\"@id\":\"https:\/\/www.granducatocollection.com\/#website\",\"url\":\"https:\/\/www.granducatocollection.com\/\",\"name\":\"GranDucato Collection\",\"description\":\"Prenota la tua vacanza e vivi un&#039;esperienza unica\",\"potentialAction\":[{\"@type\":\"SearchAction\",\"target\":{\"@type\":\"EntryPoint\",\"urlTemplate\":\"https:\/\/www.granducatocollection.com\/?s={search_term_string}\"},\"query-input\":{\"@type\":\"PropertyValueSpecification\",\"valueRequired\":true,\"valueName\":\"search_term_string\"}}],\"inLanguage\":\"sv-SE\"}]}<\/script>\n<!-- \/ Yoast SEO plugin. -->","yoast_head_json":{"title":"B&B Arezzo - Una Notte con Colazione all'Allegra Toscana - Granducato Collection","description":"Notte con colazione ad Arezzo in una camera sul corso principale. Comfort, stile toscano e colazione inclusa nel cuore della citt\u00e0.","robots":{"index":"index","follow":"follow","max-snippet":"max-snippet:-1","max-image-preview":"max-image-preview:large","max-video-preview":"max-video-preview:-1"},"canonical":"https:\/\/www.granducatocollection.com\/sv\/product\/una-notte-con-colazione-allallegra-toscana\/","og_locale":"sv_SE","og_type":"article","og_title":"B&B Arezzo - Una Notte con Colazione all'Allegra Toscana - Granducato Collection","og_description":"Notte con colazione ad Arezzo in una camera sul corso principale. Comfort, stile toscano e colazione inclusa nel cuore della citt\u00e0.","og_url":"https:\/\/www.granducatocollection.com\/sv\/product\/una-notte-con-colazione-allallegra-toscana\/","og_site_name":"Granducato Collection","article_modified_time":"2026-02-27T13:54:42+00:00","og_image":[{"width":960,"height":638,"url":"https:\/\/www.granducatocollection.com\/wp-content\/uploads\/2025\/06\/Affittacamere_Arezzo_94.jpg","type":"image\/jpeg"}],"twitter_card":"summary_large_image","twitter_misc":{"Ber\u00e4knad l\u00e4stid":"2 minuter"},"schema":{"@context":"https:\/\/schema.org","@graph":[{"@type":"WebPage","@id":"https:\/\/www.granducatocollection.com\/prodotto\/una-notte-con-colazione-allallegra-toscana\/","url":"https:\/\/www.granducatocollection.com\/prodotto\/una-notte-con-colazione-allallegra-toscana\/","name":"B&B Arezzo - Una Notte con Colazione all'Allegra Toscana - Granducato Collection","isPartOf":{"@id":"https:\/\/www.granducatocollection.com\/#website"},"primaryImageOfPage":{"@id":"https:\/\/www.granducatocollection.com\/prodotto\/una-notte-con-colazione-allallegra-toscana\/#primaryimage"},"image":{"@id":"https:\/\/www.granducatocollection.com\/prodotto\/una-notte-con-colazione-allallegra-toscana\/#primaryimage"},"thumbnailUrl":"https:\/\/www.granducatocollection.com\/wp-content\/uploads\/2025\/06\/entrata-allegratoscana-shortstays-arezzo-hotel.jpg","datePublished":"2025-05-24T11:14:55+00:00","dateModified":"2026-02-27T13:54:42+00:00","description":"Notte con colazione ad Arezzo in una camera sul corso principale. Comfort, stile toscano e colazione inclusa nel cuore della citt\u00e0.","breadcrumb":{"@id":"https:\/\/www.granducatocollection.com\/prodotto\/una-notte-con-colazione-allallegra-toscana\/#breadcrumb"},"inLanguage":"sv-SE","potentialAction":[{"@type":"ReadAction","target":["https:\/\/www.granducatocollection.com\/prodotto\/una-notte-con-colazione-allallegra-toscana\/"]}]},{"@type":"ImageObject","inLanguage":"sv-SE","@id":"https:\/\/www.granducatocollection.com\/prodotto\/una-notte-con-colazione-allallegra-toscana\/#primaryimage","url":"https:\/\/www.granducatocollection.com\/wp-content\/uploads\/2025\/06\/entrata-allegratoscana-shortstays-arezzo-hotel.jpg","contentUrl":"https:\/\/www.granducatocollection.com\/wp-content\/uploads\/2025\/06\/entrata-allegratoscana-shortstays-arezzo-hotel.jpg","width":960,"height":638,"caption":"dettaglio-allegra-toscana-arezzo"},{"@type":"BreadcrumbList","@id":"https:\/\/www.granducatocollection.com\/prodotto\/una-notte-con-colazione-allallegra-toscana\/#breadcrumb","itemListElement":[{"@type":"ListItem","position":1,"name":"Home","item":"https:\/\/www.granducatocollection.com\/"},{"@type":"ListItem","position":2,"name":"Shop","item":"https:\/\/www.granducatocollection.com\/negozio\/"},{"@type":"ListItem","position":3,"name":"Una Notte con Colazione all&#8217;Allegra Toscana"}]},{"@type":"WebSite","@id":"https:\/\/www.granducatocollection.com\/#website","url":"https:\/\/www.granducatocollection.com\/","name":"GranDucato Collection","description":"Prenota la tua vacanza e vivi un&#039;esperienza unica","potentialAction":[{"@type":"SearchAction","target":{"@type":"EntryPoint","urlTemplate":"https:\/\/www.granducatocollection.com\/?s={search_term_string}"},"query-input":{"@type":"PropertyValueSpecification","valueRequired":true,"valueName":"search_term_string"}}],"inLanguage":"sv-SE"}]}},"_links":{"self":[{"href":"https:\/\/www.granducatocollection.com\/sv\/wp-json\/wp\/v2\/product\/7281","targetHints":{"allow":["GET"]}}],"collection":[{"href":"https:\/\/www.granducatocollection.com\/sv\/wp-json\/wp\/v2\/product"}],"about":[{"href":"https:\/\/www.granducatocollection.com\/sv\/wp-json\/wp\/v2\/types\/product"}],"wp:featuredmedia":[{"embeddable":true,"href":"https:\/\/www.granducatocollection.com\/sv\/wp-json\/wp\/v2\/media\/7714"}],"wp:attachment":[{"href":"https:\/\/www.granducatocollection.com\/sv\/wp-json\/wp\/v2\/media?parent=7281"}],"wp:term":[{"taxonomy":"product_brand","embeddable":true,"href":"https:\/\/www.granducatocollection.com\/sv\/wp-json\/wp\/v2\/product_brand?post=7281"},{"taxonomy":"product_cat","embeddable":true,"href":"https:\/\/www.granducatocollection.com\/sv\/wp-json\/wp\/v2\/product_cat?post=7281"},{"taxonomy":"product_tag","embeddable":true,"href":"https:\/\/www.granducatocollection.com\/sv\/wp-json\/wp\/v2\/product_tag?post=7281"}],"curies":[{"name":"wp","href":"https:\/\/api.w.org\/{rel}","templated":true}]}}