{"id":7280,"date":"2025-05-24T11:09:19","date_gmt":"2025-05-24T11:09:19","guid":{"rendered":"https:\/\/www.granducatocollection.com\/?post_type=product&#038;p=7280"},"modified":"2026-02-27T14:38:34","modified_gmt":"2026-02-27T14:38:34","slug":"soggiorno-due-notti-con-colazione-piu-aperitivo","status":"publish","type":"product","link":"https:\/\/www.granducatocollection.com\/sv\/product\/soggiorno-due-notti-con-colazione-piu-aperitivo\/","title":{"rendered":"Tv\u00e5 n\u00e4tters vistelse med frukost och aperitif"},"content":{"rendered":"<p><script type=\"application\/ld+json\">{\n    \"@context\": \"https:\\\/\\\/schema.org\",\n    \"@type\": \"Product\",\n    \"@id\": \"https:\\\/\\\/www.granducatocollection.com\\\/prodotto\\\/soggiorno-due-notti-con-colazione-piu-aperitivo\\\/\",\n    \"name\": \"Soggiorno Romantico ad Arezzo \\u2013 2 Notti con Colazione e Aperitivo Toscano\",\n    \"image\": \"https:\\\/\\\/www.granducatocollection.com\\\/wp-content\\\/uploads\\\/2026\\\/01\\\/soggiorno-allegra-toscana-arezzo.jpg\",\n    \"description\": \"Due notti in una camera elegante nel cuore di Arezzo, con colazione inclusa e aperitivo toscano. Esperienza firmata Allegra Toscana \\u2013 Granducato Collection.\",\n    \"brand\": {\n        \"@type\": \"Organization\",\n        \"name\": \"Allegra Toscana\"\n    },\n    \"offers\": {\n        \"@type\": \"Offer\",\n        \"url\": \"https:\\\/\\\/www.granducatocollection.com\\\/prodotto\\\/soggiorno-due-notti-con-colazione-piu-aperitivo\\\/\",\n        \"priceCurrency\": \"EUR\",\n        \"price\": \"129.90\",\n        \"itemCondition\": \"https:\\\/\\\/schema.org\\\/NewCondition\",\n        \"availability\": \"https:\\\/\\\/schema.org\\\/InStock\",\n        \"seller\": {\n            \"@type\": \"Organization\",\n            \"name\": \"Granducato Collection\"\n        }\n    },\n    \"sku\": \"SOGLIORNO-AREZZO-2N-APERITIVO\"\n}<\/script><\/p>\n<h1>Romantisk vistelse i Arezzo \u2013 2 n\u00e4tter med frukost och toskansk aperitif<\/h1>\n<h2>En autentisk upplevelse i hj\u00e4rtat av Toscana<\/h2>\n<p class=\"translation-block\">Upplev Arezzos f\u00f6rtrollning med vistelsen \"Allegra Toscana\": tv\u00e5 n\u00e4tter i ett elegant rum med utsikt \u00f6ver stadens huvudgata, perfekt f\u00f6r par eller resen\u00e4rer som s\u00f6ker charm, autentiska smaker och en avkopplande atmosf\u00e4r. Varje detalj \u00e4r noga med att erbjuda dig ett diskret men uppm\u00e4rksamt v\u00e4lkomnande \u2013 v\u00e5r \"osynliga men n\u00e4rvarande\" stil.<\/p>\n<h3>Frukost ing\u00e5r och en toskansk aperitif: det perfekta v\u00e4lkomnandet.<\/h3>\n<p class=\"translation-block\">Din upplevelse b\u00f6rjar med en **typisk toskansk aperitif**, tillagad med lokala produkter och utvalda viner, f\u00f6r att omedelbart f\u00f6rdjupa dig i regionens sj\u00e4l. N\u00e4r du vaknar v\u00e4ntar en **gourmetfrukost** dig: hantverksm\u00e4ssiga s\u00f6tsaker, italienskt kaffe och specialiteter fr\u00e5n Arezzo-omr\u00e5det.<\/p>\n<h3>Signerad av Granducato Collection: elegans, l\u00e4ge och \u00e4kthet<\/h3>\n<p class=\"translation-block\">Denna vistelse \u00e4r en del av *Granducato Collection*, ett projekt som kombinerar exklusiv g\u00e4stfrihet, k\u00e4rlek till regionen och noggrannhet. Bel\u00e4get bara n\u00e5gra steg fr\u00e5n Arezzos fr\u00e4msta monument, \u00e4r det den perfekta utg\u00e5ngspunkten f\u00f6r att utforska *Toscana* \u2013 fr\u00e5n Florens till Siena, fr\u00e5n Cortona till Sansepolcro \u2013 allt kan n\u00e5s p\u00e5 mindre \u00e4n en timme.<\/p>","protected":false},"excerpt":{"rendered":"<h1>Tv\u00e5 n\u00e4tter med frukost och aperitif<\/h1>\n<p>Tv\u00e5 n\u00e4tter med frukost i ett elegant rum i centrala Arezzo, plus en toskansk aperitif ing\u00e5r.<br \/>\n<a style=\"text-decoration: none; display: inline-flex; align-items: center; color: #159c7f; font-weight: 600;\" href=\"https:\/\/wa.me\/3772539581\" target=\"_blank\" rel=\"noopener noreferrer\"><br \/>\n<img decoding=\"async\" style=\"width: 24px; height: 24px; margin-right: 8px;\" src=\"https:\/\/upload.wikimedia.org\/wikipedia\/commons\/6\/6b\/WhatsApp.svg\" alt=\"WhatsApp Icon\" \/><br \/>\nBoka direkt p\u00e5 WhatsApp<br \/>\n<\/a><\/p>","protected":false},"featured_media":7712,"template":"","meta":{"_acf_changed":false},"product_brand":[764],"product_cat":[80],"product_tag":[525,530,160,157,524,532,164,527,504,492,529,156,165,507,531,227,528,490,526,491],"class_list":{"0":"post-7280","1":"product","2":"type-product","3":"status-publish","4":"has-post-thumbnail","6":"product_brand-granducato-collection","7":"product_cat-soggiorni-e-degustazioni","8":"product_tag-aperitivo-incluso","9":"product_tag-colazione-e-aperitivo","10":"product_tag-colazione-inclusa","11":"product_tag-coppia","12":"product_tag-due-notti","13":"product_tag-esperienza-gourmet","14":"product_tag-hotel","15":"product_tag-offerta-soggiorno","16":"product_tag-offerta-weekend","17":"product_tag-pacchetto-vacanza","18":"product_tag-pernottamento","19":"product_tag-relax","20":"product_tag-soggiorno","21":"product_tag-soggiorno-benessere","22":"product_tag-soggiorno-con-colazione","23":"product_tag-soggiorno-romantico","24":"product_tag-vacanza-breve","25":"product_tag-vacanza-last-minute","26":"product_tag-weekend","27":"product_tag-weekend-fuori-porta","29":"first","30":"instock","31":"shipping-taxable","32":"product-type-simple"},"acf":[],"yoast_head":"<!-- This site is optimized with the Yoast SEO plugin v26.7 - https:\/\/yoast.com\/wordpress\/plugins\/seo\/ -->\n<title>B&amp;B Arezzo - Soggiorno due notti con colazione pi\u00f9 aperitivo - Granducato Collection<\/title>\n<meta name=\"description\" content=\"Soggiorno ad Arezzo con colazione e aperitivo: due notti nel centro storico in camera elegante affacciata sul corso principale.\" \/>\n<meta name=\"robots\" content=\"index, follow, max-snippet:-1, max-image-preview:large, max-video-preview:-1\" \/>\n<link rel=\"canonical\" href=\"https:\/\/www.granducatocollection.com\/sv\/product\/soggiorno-due-notti-con-colazione-piu-aperitivo\/\" \/>\n<meta property=\"og:locale\" content=\"sv_SE\" \/>\n<meta property=\"og:type\" content=\"article\" \/>\n<meta property=\"og:title\" content=\"B&amp;B Arezzo - Soggiorno due notti con colazione pi\u00f9 aperitivo - Granducato Collection\" \/>\n<meta property=\"og:description\" content=\"Soggiorno ad Arezzo con colazione e aperitivo: due notti nel centro storico in camera elegante affacciata sul corso principale.\" \/>\n<meta property=\"og:url\" content=\"https:\/\/www.granducatocollection.com\/sv\/product\/soggiorno-due-notti-con-colazione-piu-aperitivo\/\" \/>\n<meta property=\"og:site_name\" content=\"Granducato Collection\" \/>\n<meta property=\"article:modified_time\" content=\"2026-02-27T14:38:34+00:00\" \/>\n<meta property=\"og:image\" content=\"https:\/\/www.granducatocollection.com\/wp-content\/uploads\/2025\/06\/Affittacamere_Arezzo_5-scaled-1.jpg\" \/>\n\t<meta property=\"og:image:width\" content=\"2560\" \/>\n\t<meta property=\"og:image:height\" content=\"1920\" \/>\n\t<meta property=\"og:image:type\" content=\"image\/jpeg\" \/>\n<meta name=\"twitter:card\" content=\"summary_large_image\" \/>\n<meta name=\"twitter:label1\" content=\"Ber\u00e4knad l\u00e4stid\" \/>\n\t<meta name=\"twitter:data1\" content=\"2 minuter\" \/>\n<script type=\"application\/ld+json\" class=\"yoast-schema-graph\">{\"@context\":\"https:\/\/schema.org\",\"@graph\":[{\"@type\":\"WebPage\",\"@id\":\"https:\/\/www.granducatocollection.com\/prodotto\/soggiorno-due-notti-con-colazione-piu-aperitivo\/\",\"url\":\"https:\/\/www.granducatocollection.com\/prodotto\/soggiorno-due-notti-con-colazione-piu-aperitivo\/\",\"name\":\"B&B Arezzo - Soggiorno due notti con colazione pi\u00f9 aperitivo - Granducato Collection\",\"isPartOf\":{\"@id\":\"https:\/\/www.granducatocollection.com\/#website\"},\"primaryImageOfPage\":{\"@id\":\"https:\/\/www.granducatocollection.com\/prodotto\/soggiorno-due-notti-con-colazione-piu-aperitivo\/#primaryimage\"},\"image\":{\"@id\":\"https:\/\/www.granducatocollection.com\/prodotto\/soggiorno-due-notti-con-colazione-piu-aperitivo\/#primaryimage\"},\"thumbnailUrl\":\"https:\/\/www.granducatocollection.com\/wp-content\/uploads\/2025\/06\/vista-ampia-allegratoscana-shortstays-arezzo.jpg\",\"datePublished\":\"2025-05-24T11:09:19+00:00\",\"dateModified\":\"2026-02-27T14:38:34+00:00\",\"description\":\"Soggiorno ad Arezzo con colazione e aperitivo: due notti nel centro storico in camera elegante affacciata sul corso principale.\",\"breadcrumb\":{\"@id\":\"https:\/\/www.granducatocollection.com\/prodotto\/soggiorno-due-notti-con-colazione-piu-aperitivo\/#breadcrumb\"},\"inLanguage\":\"sv-SE\",\"potentialAction\":[{\"@type\":\"ReadAction\",\"target\":[\"https:\/\/www.granducatocollection.com\/prodotto\/soggiorno-due-notti-con-colazione-piu-aperitivo\/\"]}]},{\"@type\":\"ImageObject\",\"inLanguage\":\"sv-SE\",\"@id\":\"https:\/\/www.granducatocollection.com\/prodotto\/soggiorno-due-notti-con-colazione-piu-aperitivo\/#primaryimage\",\"url\":\"https:\/\/www.granducatocollection.com\/wp-content\/uploads\/2025\/06\/vista-ampia-allegratoscana-shortstays-arezzo.jpg\",\"contentUrl\":\"https:\/\/www.granducatocollection.com\/wp-content\/uploads\/2025\/06\/vista-ampia-allegratoscana-shortstays-arezzo.jpg\",\"width\":2560,\"height\":1920},{\"@type\":\"BreadcrumbList\",\"@id\":\"https:\/\/www.granducatocollection.com\/prodotto\/soggiorno-due-notti-con-colazione-piu-aperitivo\/#breadcrumb\",\"itemListElement\":[{\"@type\":\"ListItem\",\"position\":1,\"name\":\"Home\",\"item\":\"https:\/\/www.granducatocollection.com\/\"},{\"@type\":\"ListItem\",\"position\":2,\"name\":\"Shop\",\"item\":\"https:\/\/www.granducatocollection.com\/negozio\/\"},{\"@type\":\"ListItem\",\"position\":3,\"name\":\"Soggiorno due notti con colazione pi\u00f9 aperitivo\"}]},{\"@type\":\"WebSite\",\"@id\":\"https:\/\/www.granducatocollection.com\/#website\",\"url\":\"https:\/\/www.granducatocollection.com\/\",\"name\":\"GranDucato Collection\",\"description\":\"Prenota la tua vacanza e vivi un&#039;esperienza unica\",\"potentialAction\":[{\"@type\":\"SearchAction\",\"target\":{\"@type\":\"EntryPoint\",\"urlTemplate\":\"https:\/\/www.granducatocollection.com\/?s={search_term_string}\"},\"query-input\":{\"@type\":\"PropertyValueSpecification\",\"valueRequired\":true,\"valueName\":\"search_term_string\"}}],\"inLanguage\":\"sv-SE\"}]}<\/script>\n<!-- \/ Yoast SEO plugin. -->","yoast_head_json":{"title":"B&B Arezzo - Soggiorno due notti con colazione pi\u00f9 aperitivo - Granducato Collection","description":"Soggiorno ad Arezzo con colazione e aperitivo: due notti nel centro storico in camera elegante affacciata sul corso principale.","robots":{"index":"index","follow":"follow","max-snippet":"max-snippet:-1","max-image-preview":"max-image-preview:large","max-video-preview":"max-video-preview:-1"},"canonical":"https:\/\/www.granducatocollection.com\/sv\/product\/soggiorno-due-notti-con-colazione-piu-aperitivo\/","og_locale":"sv_SE","og_type":"article","og_title":"B&B Arezzo - Soggiorno due notti con colazione pi\u00f9 aperitivo - Granducato Collection","og_description":"Soggiorno ad Arezzo con colazione e aperitivo: due notti nel centro storico in camera elegante affacciata sul corso principale.","og_url":"https:\/\/www.granducatocollection.com\/sv\/product\/soggiorno-due-notti-con-colazione-piu-aperitivo\/","og_site_name":"Granducato Collection","article_modified_time":"2026-02-27T14:38:34+00:00","og_image":[{"width":2560,"height":1920,"url":"https:\/\/www.granducatocollection.com\/wp-content\/uploads\/2025\/06\/Affittacamere_Arezzo_5-scaled-1.jpg","type":"image\/jpeg"}],"twitter_card":"summary_large_image","twitter_misc":{"Ber\u00e4knad l\u00e4stid":"2 minuter"},"schema":{"@context":"https:\/\/schema.org","@graph":[{"@type":"WebPage","@id":"https:\/\/www.granducatocollection.com\/prodotto\/soggiorno-due-notti-con-colazione-piu-aperitivo\/","url":"https:\/\/www.granducatocollection.com\/prodotto\/soggiorno-due-notti-con-colazione-piu-aperitivo\/","name":"B&B Arezzo - Soggiorno due notti con colazione pi\u00f9 aperitivo - Granducato Collection","isPartOf":{"@id":"https:\/\/www.granducatocollection.com\/#website"},"primaryImageOfPage":{"@id":"https:\/\/www.granducatocollection.com\/prodotto\/soggiorno-due-notti-con-colazione-piu-aperitivo\/#primaryimage"},"image":{"@id":"https:\/\/www.granducatocollection.com\/prodotto\/soggiorno-due-notti-con-colazione-piu-aperitivo\/#primaryimage"},"thumbnailUrl":"https:\/\/www.granducatocollection.com\/wp-content\/uploads\/2025\/06\/vista-ampia-allegratoscana-shortstays-arezzo.jpg","datePublished":"2025-05-24T11:09:19+00:00","dateModified":"2026-02-27T14:38:34+00:00","description":"Soggiorno ad Arezzo con colazione e aperitivo: due notti nel centro storico in camera elegante affacciata sul corso principale.","breadcrumb":{"@id":"https:\/\/www.granducatocollection.com\/prodotto\/soggiorno-due-notti-con-colazione-piu-aperitivo\/#breadcrumb"},"inLanguage":"sv-SE","potentialAction":[{"@type":"ReadAction","target":["https:\/\/www.granducatocollection.com\/prodotto\/soggiorno-due-notti-con-colazione-piu-aperitivo\/"]}]},{"@type":"ImageObject","inLanguage":"sv-SE","@id":"https:\/\/www.granducatocollection.com\/prodotto\/soggiorno-due-notti-con-colazione-piu-aperitivo\/#primaryimage","url":"https:\/\/www.granducatocollection.com\/wp-content\/uploads\/2025\/06\/vista-ampia-allegratoscana-shortstays-arezzo.jpg","contentUrl":"https:\/\/www.granducatocollection.com\/wp-content\/uploads\/2025\/06\/vista-ampia-allegratoscana-shortstays-arezzo.jpg","width":2560,"height":1920},{"@type":"BreadcrumbList","@id":"https:\/\/www.granducatocollection.com\/prodotto\/soggiorno-due-notti-con-colazione-piu-aperitivo\/#breadcrumb","itemListElement":[{"@type":"ListItem","position":1,"name":"Home","item":"https:\/\/www.granducatocollection.com\/"},{"@type":"ListItem","position":2,"name":"Shop","item":"https:\/\/www.granducatocollection.com\/negozio\/"},{"@type":"ListItem","position":3,"name":"Soggiorno due notti con colazione pi\u00f9 aperitivo"}]},{"@type":"WebSite","@id":"https:\/\/www.granducatocollection.com\/#website","url":"https:\/\/www.granducatocollection.com\/","name":"GranDucato Collection","description":"Prenota la tua vacanza e vivi un&#039;esperienza unica","potentialAction":[{"@type":"SearchAction","target":{"@type":"EntryPoint","urlTemplate":"https:\/\/www.granducatocollection.com\/?s={search_term_string}"},"query-input":{"@type":"PropertyValueSpecification","valueRequired":true,"valueName":"search_term_string"}}],"inLanguage":"sv-SE"}]}},"_links":{"self":[{"href":"https:\/\/www.granducatocollection.com\/sv\/wp-json\/wp\/v2\/product\/7280","targetHints":{"allow":["GET"]}}],"collection":[{"href":"https:\/\/www.granducatocollection.com\/sv\/wp-json\/wp\/v2\/product"}],"about":[{"href":"https:\/\/www.granducatocollection.com\/sv\/wp-json\/wp\/v2\/types\/product"}],"wp:featuredmedia":[{"embeddable":true,"href":"https:\/\/www.granducatocollection.com\/sv\/wp-json\/wp\/v2\/media\/7712"}],"wp:attachment":[{"href":"https:\/\/www.granducatocollection.com\/sv\/wp-json\/wp\/v2\/media?parent=7280"}],"wp:term":[{"taxonomy":"product_brand","embeddable":true,"href":"https:\/\/www.granducatocollection.com\/sv\/wp-json\/wp\/v2\/product_brand?post=7280"},{"taxonomy":"product_cat","embeddable":true,"href":"https:\/\/www.granducatocollection.com\/sv\/wp-json\/wp\/v2\/product_cat?post=7280"},{"taxonomy":"product_tag","embeddable":true,"href":"https:\/\/www.granducatocollection.com\/sv\/wp-json\/wp\/v2\/product_tag?post=7280"}],"curies":[{"name":"wp","href":"https:\/\/api.w.org\/{rel}","templated":true}]}}