{"id":7185,"date":"2025-05-14T16:17:48","date_gmt":"2025-05-14T16:17:48","guid":{"rendered":"https:\/\/www.granducatocollection.com\/?post_type=product&#038;p=7185"},"modified":"2026-04-08T16:24:03","modified_gmt":"2026-04-08T16:24:03","slug":"olio-extravergine-di-oliva-italiano","status":"publish","type":"product","link":"https:\/\/www.granducatocollection.com\/sv\/product\/olio-extravergine-di-oliva-italiano\/","title":{"rendered":"Italiensk extra jungfruolivolja 5L \u2013 100% italienska oliver, kallpressade"},"content":{"rendered":"<section class=\"scheda-olio\">\n<header class=\"intestazione\">\n<h1>100 % italiensk extra jungfruolivolja<\/h1>\n<p><em>Det h\u00f6gsta uttrycket f\u00f6r italiensk olivoljekonst<\/em><\/p>\n<\/header>\n<p><!-- Processo di lavorazione --><\/p>\n<div class=\"lavorazione\">\n<p class=\"translation-block\">Produktionsprocessen i kvarnen sker i en kontinuerlig cykel, alltid kall, f\u00f6r att b\u00e4st bevara de organoleptiska och smakm\u00e4ssiga egenskaperna hos italiensk extra jungfruolivolja.<\/p>\n<p class=\"translation-block\">Med en <strong>lysande guldgul f\u00e4rg<\/strong> har detta olja en gr\u00e4slik doft med en l\u00e4tt kryddig ton och en svag eftersmak av artiskocka. 100 % italiensk, representerar den den h\u00f6gsta uttrycksformen av v\u00e5rt lands oljeproduktion.<\/p>\n<\/div>\n<p><!-- Variet\u00e0 di oliva --><\/p>\n<section class=\"cultivar\">\n<h2>V\u00e5ra oliver<\/h2>\n<article class=\"variet\u00e0\">\n<h3>Leccino<\/h3>\n<p class=\"translation-block\">K\u00e4nd f\u00f6r sin <strong>produktivitet<\/strong> och &lt;<strong>resistens mot klimatp\u00e5verkan<\/strong>, anpassar sig denna oliv till alla f\u00f6rh\u00e5llanden och ger alltid en olja av h\u00f6g kvalitet. F\u00e4rgen \u00e4r <strong>intensivt gr\u00f6n<\/strong>, smaken <strong>fruktig med medelh\u00f6g intensitet<\/strong>, med vegetaliska toner av k\u00e5lros och artisokk samt en explosion av f\u00e4rskt gr\u00e4s.<\/p>\n<\/article>\n<article class=\"variet\u00e0\">\n<h3>Frantoiano<\/h3>\n<p class=\"translation-block\">Bekant f\u00f6r sin <strong>produktivitet<\/strong> och <strong>klimatbest\u00e4ndighet<\/strong> anpassar sig denna oliv till alla f\u00f6rh\u00e5llanden och ger alltid en olja av h\u00f6g kvalitet. F\u00e4rgen \u00e4r <strong>intensivt gr\u00f6n<\/strong>, smaken <strong>fruktig med medelh\u00f6g intensitet<\/strong>, med vegetativa toner av kardborre och krusb\u00e4r samt en explosion av f\u00e4rskt gr\u00e4s.<\/p>\n<\/article>\n<article class=\"variet\u00e0\">\n<h3>Moraiolo<\/h3>\n<p class=\"translation-block\">Den \u00e4lskar kuperad mark och fruktar inte utmaningar. Dess sm\u00e5 men kraftfulla frukter ger en olja med en <strong>intensivt gr\u00f6n<\/strong> f\u00e4rg och en <strong>fruktig<\/strong> smak med en antydan av l\u00f6v. Tr\u00e4diga toner och ett <strong>h\u00f6gt polyfenolhalt<\/strong> g\u00f6r den till en eftertraktad och h\u00e4lsosam produkt.<\/p>\n<\/article>\n<article class=\"variet\u00e0\">\n<h3>Pendel<\/h3>\n<p class=\"translation-block\">Come variet\u00e0 impollinatrice affidabile e ad alta resa, dona un olio dal gusto <strong>delicato<\/strong> e un piacevole sentore di <strong>mandorla<\/strong>, molto apprezzato da chi ama i profili pi\u00f9 morbidi.<\/p>\n<\/article>\n<\/section>\n<p><!-- Specifiche tecniche --><\/p>\n<section class=\"specifiche\">\n<h2>Tekniska egenskaper<\/h2>\n<ul>\n<li><strong>Territorium:<\/strong> Italia<\/li>\n<li><strong>H\u00f6jd \u00f6ver havet:<\/strong> 300 m s.l.m.<\/li>\n<li class=\"translation-block\">Produktion: 30 hl<\/li>\n<li><strong>Aciditet:<\/strong> 0,16%<\/li>\n<li class=\"translation-block\"><strong>Polyfenoler:<\/strong> \u00f6ver 500 mg\/kg (kraftfulla antioxidanter)<\/li>\n<li class=\"translation-block\"><strong>Tokofenoler:<\/strong> 261 mg\/kg (rik p\u00e5 vitamin E)<\/li>\n<\/ul>\n<\/section>\n<p><!-- Note di degustazione --><\/p>\n<section class=\"degustazione\">\n<h2>Smakanteckningar<\/h2>\n<p class=\"translation-block\"><strong>Guiden<\/strong>, de f\u00f6rsta dagarna i november.<\/p>\n<h3>Samling<\/h3>\n<p class=\"translation-block\"><strong>Guiden<\/strong>, de f\u00f6rsta dagarna i november.<\/p>\n<h3>Produktionsomr\u00e5de<\/h3>\n<p>F\u00f6retags\u00e4gda olivlundar.<\/p>\n<h3>F\u00f6rkrossande<\/h3>\n<p class=\"translation-block\">Utf\u00f6rd <strong>inom 6 timmar fr\u00e5n sk\u00f6rd<\/strong>, med hammarmalare, i kontinuerlig och satsvis process.<\/p>\n<h3>Bearbetning i bruket<\/h3>\n<p>Kontinuerlig cykel, kall.<\/p>\n<h3>Organoleptiska egenskaper<\/h3>\n<ul>\n<li class=\"translation-block\"><strong>F\u00e4rg:<\/strong> gr\u00f6n med gula nyanser<\/li>\n<li class=\"translation-block\"><strong>Doft:<\/strong> fruktig, gr\u00f6n, med en k\u00e4nsla av l\u00f6v<\/li>\n<li class=\"translation-block\"><strong>Smak:<\/strong> besk och kryddig med toner av kron\u00e4rta och mandel<\/li>\n<\/ul>\n<\/section>\n<p><!-- Abbinamenti --><\/p>\n<section class=\"abbinamenti\">\n<h2>Rekommenderade parningar<\/h2>\n<p>Perfekt f\u00f6r att f\u00f6rst\u00e4rka de autentiska smakerna fr\u00e5n italiensk mat:<\/p>\n<ul>\n<li>Rostade och grillade k\u00f6ttr\u00e4tter<\/li>\n<li>Soppor (som ribollita)<\/li>\n<li>Kokta baljv\u00e4xter<\/li>\n<li>F\u00e4rska sallader och krispiga gr\u00f6nsaker<\/li>\n<li>Uts\u00f6kt p\u00e5 rostat br\u00f6d, \u00e4ven som det \u00e4r<\/li>\n<\/ul>\n<\/section>\n<\/section>","protected":false},"excerpt":{"rendered":"<div class=\"lavorazione\">\n<h1>Extra jungfruolivolja 5 liter<\/h1>\n<p class=\"translation-block\">Produktionsprocessen i kvarnen sker i en kontinuerlig cykel, alltid kall, f\u00f6r att b\u00e4st bevara de organoleptiska och smakm\u00e4ssiga egenskaperna hos italiensk extra jungfruolivolja.<\/p>\n<p class=\"translation-block\">Denna olja har en ljus gyllengul f\u00e4rg med gr\u00f6na nyanser, en \u00f6rtig arom, en l\u00e4tt kryddig ton och en subtil eftersmak av kron\u00e4rtskocka. 100 % toskansk, representerar den toppen av v\u00e5r regions olivoljeproduktion.<\/p>\n<\/div>\n<p><!-- === SOLO PULSANTI AMAZON &#038; EBAY === --><\/p>\n<div style=\"margin: 20px 0; padding: 15px 0;\">\n<div style=\"display: flex; flex-direction: column; gap: 12px;\">\n<p><!-- Amazon Button --><br \/>\n<a href=\"https:\/\/www.amazon.it\/BORGUNTO-Extravergine-Italiano-retrogusto-insaporire\/dp\/B0GSL72CGY?ref_=ast_sto_dp&#038;th=1\" target=\"_blank\" rel=\"noopener noreferrer\" style=\"display: inline-flex; align-items: center; justify-content: flex-start; gap: 12px; padding: 14px 20px; border-radius: 8px; text-decoration: none !important; font-weight: 600; font-size: 15px; background: linear-gradient(135deg, #FF9900, #FFB14D); color: #232F3E; box-shadow: 0 2px 6px rgba(0,0,0,0.1); transition: transform 0.2s; border: none; cursor: pointer;\"><br \/>\n<img decoding=\"async\" src=\"https:\/\/cdn.iconscout.com\/icon\/free\/png-256\/free-amazon-logo-icon-svg-download-png-1583154.png?f=webp\" alt=\"Amazon\" style=\"width: 28px !important; height: 28px !important; min-width: 28px !important; min-height: 28px !important; max-width: 28px !important; max-height: 28px !important; object-fit: contain; display: block;\"><br \/>\n<span style=\"flex: 1;\">Acquista su Amazon<\/span><br \/>\n<svg viewbox=\"0 0 24 24\" style=\"width: 20px !important; height: 20px !important; min-width: 20px !important; min-height: 20px !important; max-width: 20px !important; max-height: 20px !important; fill: currentColor; opacity: 0.9; flex-shrink: 0;\" xmlns=\"http:\/\/www.w3.org\/2000\/svg\">\n<path d=\"M16 11V7a4 4 0 00-8 0v4M5 9h14l1 12H4L5 9z\"\/>\n<\/svg><br \/>\n<\/a>\n<\/div>\n<\/div>\n<p><!-- === FINE PULSANTI === --><\/p>","protected":false},"featured_media":7186,"template":"","meta":{"_acf_changed":false},"product_brand":[764],"product_cat":[77],"product_tag":[234,248,242,243,238,241,245],"class_list":{"0":"post-7185","1":"product","2":"type-product","3":"status-publish","4":"has-post-thumbnail","6":"product_brand-granducato-collection","7":"product_cat-olio","8":"product_tag-condimento-gourmet","9":"product_tag-olio-5-litri","10":"product_tag-olio-biologico","11":"product_tag-olio-da-cucina","12":"product_tag-olio-extravergine","13":"product_tag-olio-italiano","14":"product_tag-prodotto-italiano","16":"first","17":"instock","18":"shipping-taxable","19":"purchasable","20":"product-type-simple"},"acf":[],"yoast_head":"<!-- This site is optimized with the Yoast SEO plugin v26.7 - https:\/\/yoast.com\/wordpress\/plugins\/seo\/ -->\n<title>B&amp;B Arezzo - Olio EVO 5 Litri Borgunto | Granducato Collection<\/title>\n<meta name=\"description\" content=\"Acquista Olio EVO 100% italiano in lattina da 5 litri su Granducato Collection. Gusto autentico, qualit\u00e0 superiore, acquista ora sul nostro sito\" \/>\n<meta name=\"robots\" content=\"index, follow, max-snippet:-1, max-image-preview:large, max-video-preview:-1\" \/>\n<link rel=\"canonical\" href=\"https:\/\/www.granducatocollection.com\/sv\/product\/olio-extravergine-di-oliva-italiano\/\" \/>\n<meta property=\"og:locale\" content=\"sv_SE\" \/>\n<meta property=\"og:type\" content=\"article\" \/>\n<meta property=\"og:title\" content=\"B&amp;B Arezzo - Olio EVO 5 Litri Borgunto | Granducato Collection\" \/>\n<meta property=\"og:description\" content=\"Acquista Olio EVO 100% italiano in lattina da 5 litri su Granducato Collection. Gusto autentico, qualit\u00e0 superiore, acquista ora sul nostro sito\" \/>\n<meta property=\"og:url\" content=\"https:\/\/www.granducatocollection.com\/sv\/product\/olio-extravergine-di-oliva-italiano\/\" \/>\n<meta property=\"og:site_name\" content=\"Granducato Collection\" \/>\n<meta property=\"article:modified_time\" content=\"2026-04-08T16:24:03+00:00\" \/>\n<meta property=\"og:image\" content=\"https:\/\/www.granducatocollection.com\/wp-content\/uploads\/2025\/05\/olio-5litri-borgunto-granducatogestioni-arezzo-viareggio-firenze-toscana-BB-affittacamere-suitelets-oliodop-oliodocg.webp\" \/>\n\t<meta property=\"og:image:width\" content=\"2560\" \/>\n\t<meta property=\"og:image:height\" content=\"2560\" \/>\n\t<meta property=\"og:image:type\" content=\"image\/webp\" \/>\n<meta name=\"twitter:card\" content=\"summary_large_image\" \/>\n<meta name=\"twitter:label1\" content=\"Ber\u00e4knad l\u00e4stid\" \/>\n\t<meta name=\"twitter:data1\" content=\"3 minuter\" \/>\n<script type=\"application\/ld+json\" class=\"yoast-schema-graph\">{\"@context\":\"https:\/\/schema.org\",\"@graph\":[{\"@type\":\"WebPage\",\"@id\":\"https:\/\/www.granducatocollection.com\/prodotto\/olio-extravergine-di-oliva-italiano\/\",\"url\":\"https:\/\/www.granducatocollection.com\/prodotto\/olio-extravergine-di-oliva-italiano\/\",\"name\":\"B&B Arezzo - Olio EVO 5 Litri Borgunto | Granducato Collection\",\"isPartOf\":{\"@id\":\"https:\/\/www.granducatocollection.com\/#website\"},\"primaryImageOfPage\":{\"@id\":\"https:\/\/www.granducatocollection.com\/prodotto\/olio-extravergine-di-oliva-italiano\/#primaryimage\"},\"image\":{\"@id\":\"https:\/\/www.granducatocollection.com\/prodotto\/olio-extravergine-di-oliva-italiano\/#primaryimage\"},\"thumbnailUrl\":\"https:\/\/www.granducatocollection.com\/wp-content\/uploads\/2025\/05\/olio-5litri-borgunto-granducatogestioni-arezzo-viareggio-firenze-toscana-BB-affittacamere-suitelets-oliodop-oliodocg.webp\",\"datePublished\":\"2025-05-14T16:17:48+00:00\",\"dateModified\":\"2026-04-08T16:24:03+00:00\",\"description\":\"Acquista Olio EVO 100% italiano in lattina da 5 litri su Granducato Collection. Gusto autentico, qualit\u00e0 superiore, acquista ora sul nostro sito\",\"breadcrumb\":{\"@id\":\"https:\/\/www.granducatocollection.com\/prodotto\/olio-extravergine-di-oliva-italiano\/#breadcrumb\"},\"inLanguage\":\"sv-SE\",\"potentialAction\":[{\"@type\":\"ReadAction\",\"target\":[\"https:\/\/www.granducatocollection.com\/prodotto\/olio-extravergine-di-oliva-italiano\/\"]}]},{\"@type\":\"ImageObject\",\"inLanguage\":\"sv-SE\",\"@id\":\"https:\/\/www.granducatocollection.com\/prodotto\/olio-extravergine-di-oliva-italiano\/#primaryimage\",\"url\":\"https:\/\/www.granducatocollection.com\/wp-content\/uploads\/2025\/05\/olio-5litri-borgunto-granducatogestioni-arezzo-viareggio-firenze-toscana-BB-affittacamere-suitelets-oliodop-oliodocg.webp\",\"contentUrl\":\"https:\/\/www.granducatocollection.com\/wp-content\/uploads\/2025\/05\/olio-5litri-borgunto-granducatogestioni-arezzo-viareggio-firenze-toscana-BB-affittacamere-suitelets-oliodop-oliodocg.webp\",\"width\":2560,\"height\":2560,\"caption\":\"Olio Extravergine di Oliva Italiano 5 Litri 100% olive italiane estratto a freddo formato famiglia\"},{\"@type\":\"BreadcrumbList\",\"@id\":\"https:\/\/www.granducatocollection.com\/prodotto\/olio-extravergine-di-oliva-italiano\/#breadcrumb\",\"itemListElement\":[{\"@type\":\"ListItem\",\"position\":1,\"name\":\"Home\",\"item\":\"https:\/\/www.granducatocollection.com\/\"},{\"@type\":\"ListItem\",\"position\":2,\"name\":\"Shop\",\"item\":\"https:\/\/www.granducatocollection.com\/negozio\/\"},{\"@type\":\"ListItem\",\"position\":3,\"name\":\"Olio Extravergine di oliva italiano 5L. \u2013 100% Olive Italiane, Estratto a Freddo\"}]},{\"@type\":\"WebSite\",\"@id\":\"https:\/\/www.granducatocollection.com\/#website\",\"url\":\"https:\/\/www.granducatocollection.com\/\",\"name\":\"GranDucato Collection\",\"description\":\"Prenota la tua vacanza e vivi un&#039;esperienza unica\",\"potentialAction\":[{\"@type\":\"SearchAction\",\"target\":{\"@type\":\"EntryPoint\",\"urlTemplate\":\"https:\/\/www.granducatocollection.com\/?s={search_term_string}\"},\"query-input\":{\"@type\":\"PropertyValueSpecification\",\"valueRequired\":true,\"valueName\":\"search_term_string\"}}],\"inLanguage\":\"sv-SE\"}]}<\/script>\n<!-- \/ Yoast SEO plugin. -->","yoast_head_json":{"title":"B&B Arezzo - Olio EVO 5 Litri Borgunto | Granducato Collection","description":"Acquista Olio EVO 100% italiano in lattina da 5 litri su Granducato Collection. Gusto autentico, qualit\u00e0 superiore, acquista ora sul nostro sito","robots":{"index":"index","follow":"follow","max-snippet":"max-snippet:-1","max-image-preview":"max-image-preview:large","max-video-preview":"max-video-preview:-1"},"canonical":"https:\/\/www.granducatocollection.com\/sv\/product\/olio-extravergine-di-oliva-italiano\/","og_locale":"sv_SE","og_type":"article","og_title":"B&B Arezzo - Olio EVO 5 Litri Borgunto | Granducato Collection","og_description":"Acquista Olio EVO 100% italiano in lattina da 5 litri su Granducato Collection. Gusto autentico, qualit\u00e0 superiore, acquista ora sul nostro sito","og_url":"https:\/\/www.granducatocollection.com\/sv\/product\/olio-extravergine-di-oliva-italiano\/","og_site_name":"Granducato Collection","article_modified_time":"2026-04-08T16:24:03+00:00","og_image":[{"width":2560,"height":2560,"url":"https:\/\/www.granducatocollection.com\/wp-content\/uploads\/2025\/05\/olio-5litri-borgunto-granducatogestioni-arezzo-viareggio-firenze-toscana-BB-affittacamere-suitelets-oliodop-oliodocg.webp","type":"image\/webp"}],"twitter_card":"summary_large_image","twitter_misc":{"Ber\u00e4knad l\u00e4stid":"3 minuter"},"schema":{"@context":"https:\/\/schema.org","@graph":[{"@type":"WebPage","@id":"https:\/\/www.granducatocollection.com\/prodotto\/olio-extravergine-di-oliva-italiano\/","url":"https:\/\/www.granducatocollection.com\/prodotto\/olio-extravergine-di-oliva-italiano\/","name":"B&B Arezzo - Olio EVO 5 Litri Borgunto | Granducato Collection","isPartOf":{"@id":"https:\/\/www.granducatocollection.com\/#website"},"primaryImageOfPage":{"@id":"https:\/\/www.granducatocollection.com\/prodotto\/olio-extravergine-di-oliva-italiano\/#primaryimage"},"image":{"@id":"https:\/\/www.granducatocollection.com\/prodotto\/olio-extravergine-di-oliva-italiano\/#primaryimage"},"thumbnailUrl":"https:\/\/www.granducatocollection.com\/wp-content\/uploads\/2025\/05\/olio-5litri-borgunto-granducatogestioni-arezzo-viareggio-firenze-toscana-BB-affittacamere-suitelets-oliodop-oliodocg.webp","datePublished":"2025-05-14T16:17:48+00:00","dateModified":"2026-04-08T16:24:03+00:00","description":"Acquista Olio EVO 100% italiano in lattina da 5 litri su Granducato Collection. Gusto autentico, qualit\u00e0 superiore, acquista ora sul nostro sito","breadcrumb":{"@id":"https:\/\/www.granducatocollection.com\/prodotto\/olio-extravergine-di-oliva-italiano\/#breadcrumb"},"inLanguage":"sv-SE","potentialAction":[{"@type":"ReadAction","target":["https:\/\/www.granducatocollection.com\/prodotto\/olio-extravergine-di-oliva-italiano\/"]}]},{"@type":"ImageObject","inLanguage":"sv-SE","@id":"https:\/\/www.granducatocollection.com\/prodotto\/olio-extravergine-di-oliva-italiano\/#primaryimage","url":"https:\/\/www.granducatocollection.com\/wp-content\/uploads\/2025\/05\/olio-5litri-borgunto-granducatogestioni-arezzo-viareggio-firenze-toscana-BB-affittacamere-suitelets-oliodop-oliodocg.webp","contentUrl":"https:\/\/www.granducatocollection.com\/wp-content\/uploads\/2025\/05\/olio-5litri-borgunto-granducatogestioni-arezzo-viareggio-firenze-toscana-BB-affittacamere-suitelets-oliodop-oliodocg.webp","width":2560,"height":2560,"caption":"Olio Extravergine di Oliva Italiano 5 Litri 100% olive italiane estratto a freddo formato famiglia"},{"@type":"BreadcrumbList","@id":"https:\/\/www.granducatocollection.com\/prodotto\/olio-extravergine-di-oliva-italiano\/#breadcrumb","itemListElement":[{"@type":"ListItem","position":1,"name":"Home","item":"https:\/\/www.granducatocollection.com\/"},{"@type":"ListItem","position":2,"name":"Shop","item":"https:\/\/www.granducatocollection.com\/negozio\/"},{"@type":"ListItem","position":3,"name":"Olio Extravergine di oliva italiano 5L. \u2013 100% Olive Italiane, Estratto a Freddo"}]},{"@type":"WebSite","@id":"https:\/\/www.granducatocollection.com\/#website","url":"https:\/\/www.granducatocollection.com\/","name":"GranDucato Collection","description":"Prenota la tua vacanza e vivi un&#039;esperienza unica","potentialAction":[{"@type":"SearchAction","target":{"@type":"EntryPoint","urlTemplate":"https:\/\/www.granducatocollection.com\/?s={search_term_string}"},"query-input":{"@type":"PropertyValueSpecification","valueRequired":true,"valueName":"search_term_string"}}],"inLanguage":"sv-SE"}]}},"_links":{"self":[{"href":"https:\/\/www.granducatocollection.com\/sv\/wp-json\/wp\/v2\/product\/7185","targetHints":{"allow":["GET"]}}],"collection":[{"href":"https:\/\/www.granducatocollection.com\/sv\/wp-json\/wp\/v2\/product"}],"about":[{"href":"https:\/\/www.granducatocollection.com\/sv\/wp-json\/wp\/v2\/types\/product"}],"wp:featuredmedia":[{"embeddable":true,"href":"https:\/\/www.granducatocollection.com\/sv\/wp-json\/wp\/v2\/media\/7186"}],"wp:attachment":[{"href":"https:\/\/www.granducatocollection.com\/sv\/wp-json\/wp\/v2\/media?parent=7185"}],"wp:term":[{"taxonomy":"product_brand","embeddable":true,"href":"https:\/\/www.granducatocollection.com\/sv\/wp-json\/wp\/v2\/product_brand?post=7185"},{"taxonomy":"product_cat","embeddable":true,"href":"https:\/\/www.granducatocollection.com\/sv\/wp-json\/wp\/v2\/product_cat?post=7185"},{"taxonomy":"product_tag","embeddable":true,"href":"https:\/\/www.granducatocollection.com\/sv\/wp-json\/wp\/v2\/product_tag?post=7185"}],"curies":[{"name":"wp","href":"https:\/\/api.w.org\/{rel}","templated":true}]}}