{"id":7178,"date":"2025-05-14T12:21:24","date_gmt":"2025-05-14T12:21:24","guid":{"rendered":"https:\/\/www.granducatocollection.com\/?post_type=product&#038;p=7178"},"modified":"2026-04-06T09:54:14","modified_gmt":"2026-04-06T09:54:14","slug":"mayonese-al-tartufo-3-pezzi","status":"publish","type":"product","link":"https:\/\/www.granducatocollection.com\/sv\/product\/mayonese-al-tartufo-3-pezzi\/","title":{"rendered":"Tryffelmajonn\u00e4s 3 bitar"},"content":{"rendered":"<p><script type=\"application\/ld+json\">{\n    \"@context\": \"https:\\\/\\\/schema.org\",\n    \"@type\": \"Product\",\n    \"@id\": \"https:\\\/\\\/www.granducatocollection.com\\\/prodotto\\\/mayonese-al-tartufo-3-pezzi\\\/\",\n    \"name\": \"Maionese al Tartufo Estivo \\u2013 Confezione da 3 Vasetti | Borgunto\",\n    \"image\": \"https:\\\/\\\/www.granducatocollection.com\\\/wp-content\\\/uploads\\\/2026\\\/01\\\/maionese-al-tartufo-estivo-borgunto.jpg\",\n    \"description\": \"Maionese al tartufo estivo con Tuber Aestivum, prodotta artigianalmente ad Arezzo in Toscana. Condimento gourmet perfetto per carne, pesce e panini gourmet. Ideale come regalo gourmet raffinato.\",\n    \"brand\": {\n        \"@type\": \"Organization\",\n        \"name\": \"Borgunto\"\n    },\n    \"offers\": {\n        \"@type\": \"Offer\",\n        \"url\": \"https:\\\/\\\/www.granducatocollection.com\\\/prodotto\\\/mayonese-al-tartufo-3-pezzi\\\/\",\n        \"priceCurrency\": \"EUR\",\n        \"price\": \"36.00\",\n        \"itemCondition\": \"https:\\\/\\\/schema.org\\\/NewCondition\",\n        \"availability\": \"https:\\\/\\\/schema.org\\\/InStock\",\n        \"seller\": {\n            \"@type\": \"Organization\",\n            \"name\": \"Granducato Collection\"\n        }\n    },\n    \"sku\": \"MAIONESE-TARTUFO-ESTIVO-3PZ\"\n}<\/script><\/p>\n<h1>Sommartryffelmajonn\u00e4s \u2013 3-pack<\/h1>\n<h2>Gourmetkrydda med sommartryffel (Tuber Aestivum)<\/h2>\n<p class=\"translation-block\"><strong>Mayonn\u00e4s med sommarraggu<\/strong> \u00e4r en sensorisk upplevelse av h\u00f6gsta klass, tillverkad av <strong>Borgunto<\/strong> i <strong>Arezzo<\/strong>, mitt i <strong>Toscana<\/strong>. Berikad med exklusiv <strong>sommarraggu (Tuber Aestivum)<\/strong> f\u00f6renar denna kr\u00e4miga, silkeslena mayonn\u00e4s sin milda smak med ragguns aromatiska komplexitet och skapar en <strong>gourmetdressing<\/strong> som \u00e4r b\u00e5de m\u00e5ngsidig och raffinerad.<\/p>\n<h3>Perfekt f\u00f6r k\u00f6tt, fisk och gourmetmackor \u2013 eller som en raffinerad gourmetg\u00e5va<\/h3>\n<p class=\"translation-block\">Perfekt tillsammans med grillat k\u00f6tt, vit fisk, \u00e4gg, r\u00e5a gr\u00f6nsaker eller gourmetsm\u00f6rg\u00e5sar, f\u00f6rvandlar denna majonn\u00e4s vilken r\u00e4tt som helst till en sofistikerad gastronomisk upplevelse. 3-burkf\u00f6rpackningen g\u00f6r den ocks\u00e5 till en raffinerad gourmetpresent f\u00f6r tryffel\u00e4lskare, hemmakockar eller finsmakare av italiensk excellens.<\/p>\n<h3>Symbol f\u00f6r Granducato-kollektionen: hantverk, territorium och kvalitet<\/h3>\n<p class=\"translation-block\">Denna toskanska hantverksprodukt f\u00f6rkroppsligar v\u00e4rdena i Granducato-kollektionen: noggrant utvalda r\u00e5varor, omst\u00e4ndligt hantverk och respekt f\u00f6r de kulinariska och vintillverkande traditionerna i Arezzo. Varje burk uttrycker en passion f\u00f6r territoriet och konsten att f\u00f6rvandla enkla ingredienser till uts\u00f6kta m\u00e4sterverk.<\/p>","protected":false},"excerpt":{"rendered":"<h1>Tryffelmajonn\u00e4sl\u00e5da<\/h1>\n<p>Tryffelmajonn\u00e4s, ett innovativt tillbeh\u00f6r perfekt som tillbeh\u00f6r till s\u00e5sen och mer!<\/p>\n<p>L\u00e4mplig f\u00f6r r\u00f6tt k\u00f6tt och specials\u00e5ser: prova det!<\/p>\n<p>L\u00e5dan inneh\u00e5ller 3 stycken.<\/p>","protected":false},"featured_media":11383,"template":"","meta":{"_acf_changed":false},"product_brand":[764],"product_cat":[843],"product_tag":[234,250,251,252,245,247,253,254,229],"class_list":{"0":"post-7178","1":"product","2":"type-product","3":"status-publish","4":"has-post-thumbnail","6":"product_brand-granducato-collection","7":"product_cat-box-e-degustazioni","8":"product_tag-condimento-gourmet","9":"product_tag-maionese-al-tartufo","10":"product_tag-maionese-artigianale","11":"product_tag-maionese-premium","12":"product_tag-prodotto-italiano","13":"product_tag-regalo-enogastronomico","14":"product_tag-salsa-al-tartufo","15":"product_tag-specialita-italiana","16":"product_tag-tartufo-bianco","18":"first","19":"instock","20":"shipping-taxable","21":"purchasable","22":"product-type-simple"},"acf":[],"yoast_head":"<!-- This site is optimized with the Yoast SEO plugin v26.7 - https:\/\/yoast.com\/wordpress\/plugins\/seo\/ -->\n<title>B&amp;B Arezzo - Mayonese al Tartufo 3 pezzi - Gran ducato Collection<\/title>\n<meta name=\"description\" content=\"Scopri la Maionese al Tartufo 3 Pezzi su Granducato Collection: un mix di gusto raffinato e tradizione toscana.Acquista online ora!\" \/>\n<meta name=\"robots\" content=\"index, follow, max-snippet:-1, max-image-preview:large, max-video-preview:-1\" \/>\n<link rel=\"canonical\" href=\"https:\/\/www.granducatocollection.com\/sv\/product\/mayonese-al-tartufo-3-pezzi\/\" \/>\n<meta property=\"og:locale\" content=\"sv_SE\" \/>\n<meta property=\"og:type\" content=\"article\" \/>\n<meta property=\"og:title\" content=\"B&amp;B Arezzo - Mayonese al Tartufo 3 pezzi - Gran ducato Collection\" \/>\n<meta property=\"og:description\" content=\"Scopri la Maionese al Tartufo 3 Pezzi su Granducato Collection: un mix di gusto raffinato e tradizione toscana.Acquista online ora!\" \/>\n<meta property=\"og:url\" content=\"https:\/\/www.granducatocollection.com\/sv\/product\/mayonese-al-tartufo-3-pezzi\/\" \/>\n<meta property=\"og:site_name\" content=\"Granducato Collection\" \/>\n<meta property=\"article:modified_time\" content=\"2026-04-06T09:54:14+00:00\" \/>\n<meta property=\"og:image\" content=\"https:\/\/www.granducatocollection.com\/wp-content\/uploads\/2025\/05\/mayonesealtartufo3pezzi.webp\" \/>\n\t<meta property=\"og:image:width\" content=\"300\" \/>\n\t<meta property=\"og:image:height\" content=\"300\" \/>\n\t<meta property=\"og:image:type\" content=\"image\/webp\" \/>\n<meta name=\"twitter:card\" content=\"summary_large_image\" \/>\n<meta name=\"twitter:label1\" content=\"Ber\u00e4knad l\u00e4stid\" \/>\n\t<meta name=\"twitter:data1\" content=\"2 minuter\" \/>\n<script type=\"application\/ld+json\" class=\"yoast-schema-graph\">{\"@context\":\"https:\/\/schema.org\",\"@graph\":[{\"@type\":\"WebPage\",\"@id\":\"https:\/\/www.granducatocollection.com\/prodotto\/mayonese-al-tartufo-3-pezzi\/\",\"url\":\"https:\/\/www.granducatocollection.com\/prodotto\/mayonese-al-tartufo-3-pezzi\/\",\"name\":\"B&B Arezzo - Mayonese al Tartufo 3 pezzi - Gran ducato Collection\",\"isPartOf\":{\"@id\":\"https:\/\/www.granducatocollection.com\/#website\"},\"primaryImageOfPage\":{\"@id\":\"https:\/\/www.granducatocollection.com\/prodotto\/mayonese-al-tartufo-3-pezzi\/#primaryimage\"},\"image\":{\"@id\":\"https:\/\/www.granducatocollection.com\/prodotto\/mayonese-al-tartufo-3-pezzi\/#primaryimage\"},\"thumbnailUrl\":\"https:\/\/www.granducatocollection.com\/wp-content\/uploads\/2025\/05\/mayonesealtartufo3pezzi.webp\",\"datePublished\":\"2025-05-14T12:21:24+00:00\",\"dateModified\":\"2026-04-06T09:54:14+00:00\",\"description\":\"Scopri la Maionese al Tartufo 3 Pezzi su Granducato Collection: un mix di gusto raffinato e tradizione toscana.Acquista online ora!\",\"breadcrumb\":{\"@id\":\"https:\/\/www.granducatocollection.com\/prodotto\/mayonese-al-tartufo-3-pezzi\/#breadcrumb\"},\"inLanguage\":\"sv-SE\",\"potentialAction\":[{\"@type\":\"ReadAction\",\"target\":[\"https:\/\/www.granducatocollection.com\/prodotto\/mayonese-al-tartufo-3-pezzi\/\"]}]},{\"@type\":\"ImageObject\",\"inLanguage\":\"sv-SE\",\"@id\":\"https:\/\/www.granducatocollection.com\/prodotto\/mayonese-al-tartufo-3-pezzi\/#primaryimage\",\"url\":\"https:\/\/www.granducatocollection.com\/wp-content\/uploads\/2025\/05\/mayonesealtartufo3pezzi.webp\",\"contentUrl\":\"https:\/\/www.granducatocollection.com\/wp-content\/uploads\/2025\/05\/mayonesealtartufo3pezzi.webp\",\"width\":300,\"height\":300,\"caption\":\"maionese al tartufo 3 pezzi box borgunto granducato collection arezzo\"},{\"@type\":\"BreadcrumbList\",\"@id\":\"https:\/\/www.granducatocollection.com\/prodotto\/mayonese-al-tartufo-3-pezzi\/#breadcrumb\",\"itemListElement\":[{\"@type\":\"ListItem\",\"position\":1,\"name\":\"Home\",\"item\":\"https:\/\/www.granducatocollection.com\/\"},{\"@type\":\"ListItem\",\"position\":2,\"name\":\"Shop\",\"item\":\"https:\/\/www.granducatocollection.com\/negozio\/\"},{\"@type\":\"ListItem\",\"position\":3,\"name\":\"Mayonese al Tartufo 3 pezzi\"}]},{\"@type\":\"WebSite\",\"@id\":\"https:\/\/www.granducatocollection.com\/#website\",\"url\":\"https:\/\/www.granducatocollection.com\/\",\"name\":\"GranDucato Collection\",\"description\":\"Prenota la tua vacanza e vivi un&#039;esperienza unica\",\"potentialAction\":[{\"@type\":\"SearchAction\",\"target\":{\"@type\":\"EntryPoint\",\"urlTemplate\":\"https:\/\/www.granducatocollection.com\/?s={search_term_string}\"},\"query-input\":{\"@type\":\"PropertyValueSpecification\",\"valueRequired\":true,\"valueName\":\"search_term_string\"}}],\"inLanguage\":\"sv-SE\"}]}<\/script>\n<!-- \/ Yoast SEO plugin. -->","yoast_head_json":{"title":"B&B Arezzo - Mayonese al Tartufo 3 pezzi - Gran ducato Collection","description":"Scopri la Maionese al Tartufo 3 Pezzi su Granducato Collection: un mix di gusto raffinato e tradizione toscana.Acquista online ora!","robots":{"index":"index","follow":"follow","max-snippet":"max-snippet:-1","max-image-preview":"max-image-preview:large","max-video-preview":"max-video-preview:-1"},"canonical":"https:\/\/www.granducatocollection.com\/sv\/product\/mayonese-al-tartufo-3-pezzi\/","og_locale":"sv_SE","og_type":"article","og_title":"B&B Arezzo - Mayonese al Tartufo 3 pezzi - Gran ducato Collection","og_description":"Scopri la Maionese al Tartufo 3 Pezzi su Granducato Collection: un mix di gusto raffinato e tradizione toscana.Acquista online ora!","og_url":"https:\/\/www.granducatocollection.com\/sv\/product\/mayonese-al-tartufo-3-pezzi\/","og_site_name":"Granducato Collection","article_modified_time":"2026-04-06T09:54:14+00:00","og_image":[{"width":300,"height":300,"url":"https:\/\/www.granducatocollection.com\/wp-content\/uploads\/2025\/05\/mayonesealtartufo3pezzi.webp","type":"image\/webp"}],"twitter_card":"summary_large_image","twitter_misc":{"Ber\u00e4knad l\u00e4stid":"2 minuter"},"schema":{"@context":"https:\/\/schema.org","@graph":[{"@type":"WebPage","@id":"https:\/\/www.granducatocollection.com\/prodotto\/mayonese-al-tartufo-3-pezzi\/","url":"https:\/\/www.granducatocollection.com\/prodotto\/mayonese-al-tartufo-3-pezzi\/","name":"B&B Arezzo - Mayonese al Tartufo 3 pezzi - Gran ducato Collection","isPartOf":{"@id":"https:\/\/www.granducatocollection.com\/#website"},"primaryImageOfPage":{"@id":"https:\/\/www.granducatocollection.com\/prodotto\/mayonese-al-tartufo-3-pezzi\/#primaryimage"},"image":{"@id":"https:\/\/www.granducatocollection.com\/prodotto\/mayonese-al-tartufo-3-pezzi\/#primaryimage"},"thumbnailUrl":"https:\/\/www.granducatocollection.com\/wp-content\/uploads\/2025\/05\/mayonesealtartufo3pezzi.webp","datePublished":"2025-05-14T12:21:24+00:00","dateModified":"2026-04-06T09:54:14+00:00","description":"Scopri la Maionese al Tartufo 3 Pezzi su Granducato Collection: un mix di gusto raffinato e tradizione toscana.Acquista online ora!","breadcrumb":{"@id":"https:\/\/www.granducatocollection.com\/prodotto\/mayonese-al-tartufo-3-pezzi\/#breadcrumb"},"inLanguage":"sv-SE","potentialAction":[{"@type":"ReadAction","target":["https:\/\/www.granducatocollection.com\/prodotto\/mayonese-al-tartufo-3-pezzi\/"]}]},{"@type":"ImageObject","inLanguage":"sv-SE","@id":"https:\/\/www.granducatocollection.com\/prodotto\/mayonese-al-tartufo-3-pezzi\/#primaryimage","url":"https:\/\/www.granducatocollection.com\/wp-content\/uploads\/2025\/05\/mayonesealtartufo3pezzi.webp","contentUrl":"https:\/\/www.granducatocollection.com\/wp-content\/uploads\/2025\/05\/mayonesealtartufo3pezzi.webp","width":300,"height":300,"caption":"maionese al tartufo 3 pezzi box borgunto granducato collection arezzo"},{"@type":"BreadcrumbList","@id":"https:\/\/www.granducatocollection.com\/prodotto\/mayonese-al-tartufo-3-pezzi\/#breadcrumb","itemListElement":[{"@type":"ListItem","position":1,"name":"Home","item":"https:\/\/www.granducatocollection.com\/"},{"@type":"ListItem","position":2,"name":"Shop","item":"https:\/\/www.granducatocollection.com\/negozio\/"},{"@type":"ListItem","position":3,"name":"Mayonese al Tartufo 3 pezzi"}]},{"@type":"WebSite","@id":"https:\/\/www.granducatocollection.com\/#website","url":"https:\/\/www.granducatocollection.com\/","name":"GranDucato Collection","description":"Prenota la tua vacanza e vivi un&#039;esperienza unica","potentialAction":[{"@type":"SearchAction","target":{"@type":"EntryPoint","urlTemplate":"https:\/\/www.granducatocollection.com\/?s={search_term_string}"},"query-input":{"@type":"PropertyValueSpecification","valueRequired":true,"valueName":"search_term_string"}}],"inLanguage":"sv-SE"}]}},"_links":{"self":[{"href":"https:\/\/www.granducatocollection.com\/sv\/wp-json\/wp\/v2\/product\/7178","targetHints":{"allow":["GET"]}}],"collection":[{"href":"https:\/\/www.granducatocollection.com\/sv\/wp-json\/wp\/v2\/product"}],"about":[{"href":"https:\/\/www.granducatocollection.com\/sv\/wp-json\/wp\/v2\/types\/product"}],"wp:featuredmedia":[{"embeddable":true,"href":"https:\/\/www.granducatocollection.com\/sv\/wp-json\/wp\/v2\/media\/11383"}],"wp:attachment":[{"href":"https:\/\/www.granducatocollection.com\/sv\/wp-json\/wp\/v2\/media?parent=7178"}],"wp:term":[{"taxonomy":"product_brand","embeddable":true,"href":"https:\/\/www.granducatocollection.com\/sv\/wp-json\/wp\/v2\/product_brand?post=7178"},{"taxonomy":"product_cat","embeddable":true,"href":"https:\/\/www.granducatocollection.com\/sv\/wp-json\/wp\/v2\/product_cat?post=7178"},{"taxonomy":"product_tag","embeddable":true,"href":"https:\/\/www.granducatocollection.com\/sv\/wp-json\/wp\/v2\/product_tag?post=7178"}],"curies":[{"name":"wp","href":"https:\/\/api.w.org\/{rel}","templated":true}]}}