{"id":7172,"date":"2025-05-14T10:47:59","date_gmt":"2025-05-14T10:47:59","guid":{"rendered":"https:\/\/www.granducatocollection.com\/?post_type=product&#038;p=7172"},"modified":"2026-01-31T10:42:07","modified_gmt":"2026-01-31T10:42:07","slug":"ribollita-toscana-3-pezzi","status":"publish","type":"product","link":"https:\/\/www.granducatocollection.com\/sv\/product\/ribollita-toscana-3-pezzi\/","title":{"rendered":"Toskansk ribollita 3 bitar"},"content":{"rendered":"<p><script type=\"application\/ld+json\">{\n    \"@context\": \"https:\\\/\\\/schema.org\",\n    \"@type\": \"Product\",\n    \"@id\": \"https:\\\/\\\/www.granducatocollection.com\\\/prodotto\\\/ribollita-toscana-3-pezzi\\\/\",\n    \"name\": \"Ribollita Toscana \\u2013 Box 3 Porzioni Gourmet Borgunto\",\n    \"image\": \"https:\\\/\\\/www.granducatocollection.com\\\/wp-content\\\/uploads\\\/2026\\\/01\\\/ribollita-toscana-borgunto-box.jpg\",\n    \"description\": \"Ribollita Toscana artigianale, preparata ad Arezzo secondo la ricetta autentica della cucina povera toscana. Senza conservanti, in comodo box da 3 porzioni. Prodotto gourmet pronto da scaldare.\",\n    \"brand\": {\n        \"@type\": \"Organization\",\n        \"name\": \"Borgunto\"\n    },\n    \"offers\": {\n        \"@type\": \"Offer\",\n        \"url\": \"https:\\\/\\\/www.granducatocollection.com\\\/prodotto\\\/ribollita-toscana-3-pezzi\\\/\",\n        \"priceCurrency\": \"EUR\",\n        \"price\": \"24.00\",\n        \"itemCondition\": \"https:\\\/\\\/schema.org\\\/NewCondition\",\n        \"availability\": \"https:\\\/\\\/schema.org\\\/InStock\",\n        \"seller\": {\n            \"@type\": \"Organization\",\n            \"name\": \"Granducato Collection\"\n        }\n    },\n    \"sku\": \"RIBOLLITA-TOSCANA-3PZ\"\n}<\/script><\/p>\n<h1>Toskansk Ribollita \u2013 3-portions Gourmetl\u00e5da Borgunto<\/h1>\n<h2>Hantverksm\u00e4ssig produkt fr\u00e5n Arezzo, inspirerad av toskansk bondk\u00f6k<\/h2>\n<p class=\"translation-block\">Toskansk ribollita \u00e4r en klassiker fr\u00e5n florentinernas och Arezzos kulinariska traditioner, omtolkad av Borgunto med en gourmettwist. Tillagad i Arezzo med enkla men h\u00f6gkvalitativa ingredienser \u2013 svartk\u00e5l, cannellinib\u00f6nor, gammalt toskanskt br\u00f6d och s\u00e4songens gr\u00f6nsaker \u2013 respekterar denna soppa det autentiska receptet fr\u00e5n det toskanska bondk\u00f6ket, med sin ritual \"ribollitura\" (\u00e5terkokning) som f\u00f6rst\u00e4rker dess smaker och konsistens.<\/p>\n<h3>Gourmetf\u00e4rdiga m\u00e5ltider: bekv\u00e4ma, autentiska och kompromissl\u00f6sa.<\/h3>\n<p class=\"translation-block\">Ribollita, f\u00f6rpackad i en praktisk l\u00e5da f\u00f6r 3 portioner, \u00e4r en f\u00e4rdig gourmetr\u00e4tt, perfekt f\u00f6r dig som vill ge autentisk toskansk mat utan att offra tid. V\u00e4rm helt enkelt upp och servera med en skv\u00e4tt toskansk extra jungfruolja f\u00f6r en of\u00f6rgl\u00f6mlig upplevelse, helt utan konserveringsmedel eller artificiella f\u00e4rg\u00e4mnen.<\/p>\n<h3>Symbol f\u00f6r Granducato-samlingen: tradition, territorium och hantverksm\u00e4ssig omsorg<\/h3>\n<p class=\"translation-block\">Varje burk ber\u00e4ttar historien om ett gener\u00f6st land \u2013 Toscana \u2013 och f\u00f6rkroppsligar v\u00e4rderingarna i Granducato-kollektionen: begr\u00e4nsad hantverksm\u00e4ssig produktion, direkt kontroll \u00f6ver r\u00e5varorna och respekt f\u00f6r recept som g\u00e5tt i arv genom tiderna. En hyllning till landsbygdskulturen, designad f\u00f6r moderna gommar.<\/p>","protected":false},"excerpt":{"rendered":"<div style=\"text-align: justify;\">\n<h1>Toskansk Ribollita-l\u00e5da<\/h1>\n<p>F\u00f6r dig, 3 f\u00f6rpackningar toskansk ribollita: en traditionell toskansk bonder\u00e4tt. Toskansk ribollita \u00e4r en av de mest ikoniska sopporna fr\u00e5n det traditionella toskanska k\u00f6ket. Det \u00e4r en enkel och rustik r\u00e4tt, men rik p\u00e5 smak och historia.<\/p>\n<p>Ursprungligen var ribollita en \u00f6verbliven r\u00e4tt, gjord p\u00e5 \u00f6verblivet gammalt br\u00f6d och s\u00e4songens gr\u00f6nsaker som svartk\u00e5l, b\u00f6nor, mor\u00f6tter och tomater. Den blev senare en stapelvara i det toskanska k\u00f6ket! Perfekt att avnjuta p\u00e5 vinterdagar.<\/p>\n<\/div>","protected":false},"featured_media":8940,"template":"","meta":{"_acf_changed":false},"product_brand":[764],"product_cat":[843],"product_tag":[270,264,265,247,267,262,266,269,263,268],"class_list":{"0":"post-7172","1":"product","2":"type-product","3":"status-publish","4":"has-post-thumbnail","6":"product_brand-granducato-collection","7":"product_cat-box-e-degustazioni","8":"product_tag-alimenti-italiani","9":"product_tag-pasta-e-legumi","10":"product_tag-prodotto-artigianale","11":"product_tag-regalo-enogastronomico","12":"product_tag-ribollita-con-verdure","13":"product_tag-ribollita-toscana","14":"product_tag-ricetta-tradizionale","15":"product_tag-specialita-toscana","16":"product_tag-zuppa-italiana","17":"product_tag-zuppa-vegetale","19":"first","20":"instock","21":"shipping-taxable","22":"purchasable","23":"product-type-simple"},"acf":[],"yoast_head":"<!-- This site is optimized with the Yoast SEO plugin v26.7 - https:\/\/yoast.com\/wordpress\/plugins\/seo\/ -->\n<title>B&amp;B Arezzo - Ribollita toscana 3 pezzi - Gran ducato Collection<\/title>\n<meta name=\"description\" content=\"Scopri il Box Ribollita Tosca 3 Pezzi su Granducato Collection: tradizione e gusto autentico pronti da gustare. Acquista online ora.\" \/>\n<meta name=\"robots\" content=\"index, follow, max-snippet:-1, max-image-preview:large, max-video-preview:-1\" \/>\n<link rel=\"canonical\" href=\"https:\/\/www.granducatocollection.com\/sv\/product\/ribollita-toscana-3-pezzi\/\" \/>\n<meta property=\"og:locale\" content=\"sv_SE\" \/>\n<meta property=\"og:type\" content=\"article\" \/>\n<meta property=\"og:title\" content=\"B&amp;B Arezzo - Ribollita toscana 3 pezzi - Gran ducato Collection\" \/>\n<meta property=\"og:description\" content=\"Scopri il Box Ribollita Tosca 3 Pezzi su Granducato Collection: tradizione e gusto autentico pronti da gustare. Acquista online ora.\" \/>\n<meta property=\"og:url\" content=\"https:\/\/www.granducatocollection.com\/sv\/product\/ribollita-toscana-3-pezzi\/\" \/>\n<meta property=\"og:site_name\" content=\"Granducato Collection\" \/>\n<meta property=\"article:modified_time\" content=\"2026-01-31T10:42:07+00:00\" \/>\n<meta property=\"og:image\" content=\"https:\/\/www.granducatocollection.com\/wp-content\/uploads\/2025\/05\/pappa_al_pomodoro-ribollita_toscana_pesche_sciroppate_granducatocollection_borgunto_arezzo_toscana_viareggio_alloggi_bb.jpg\" \/>\n\t<meta property=\"og:image:width\" content=\"1600\" \/>\n\t<meta property=\"og:image:height\" content=\"1067\" \/>\n\t<meta property=\"og:image:type\" content=\"image\/jpeg\" \/>\n<meta name=\"twitter:card\" content=\"summary_large_image\" \/>\n<meta name=\"twitter:label1\" content=\"Ber\u00e4knad l\u00e4stid\" \/>\n\t<meta name=\"twitter:data1\" content=\"2 minuter\" \/>\n<script type=\"application\/ld+json\" class=\"yoast-schema-graph\">{\"@context\":\"https:\/\/schema.org\",\"@graph\":[{\"@type\":\"WebPage\",\"@id\":\"https:\/\/www.granducatocollection.com\/prodotto\/ribollita-toscana-3-pezzi\/\",\"url\":\"https:\/\/www.granducatocollection.com\/prodotto\/ribollita-toscana-3-pezzi\/\",\"name\":\"B&B Arezzo - Ribollita toscana 3 pezzi - Gran ducato Collection\",\"isPartOf\":{\"@id\":\"https:\/\/www.granducatocollection.com\/#website\"},\"primaryImageOfPage\":{\"@id\":\"https:\/\/www.granducatocollection.com\/prodotto\/ribollita-toscana-3-pezzi\/#primaryimage\"},\"image\":{\"@id\":\"https:\/\/www.granducatocollection.com\/prodotto\/ribollita-toscana-3-pezzi\/#primaryimage\"},\"thumbnailUrl\":\"https:\/\/www.granducatocollection.com\/wp-content\/uploads\/2025\/05\/pappa_al_pomodoro-ribollita_toscana_pesche_sciroppate_granducatocollection_borgunto_arezzo_toscana_viareggio_alloggi_bb.jpg\",\"datePublished\":\"2025-05-14T10:47:59+00:00\",\"dateModified\":\"2026-01-31T10:42:07+00:00\",\"description\":\"Scopri il Box Ribollita Tosca 3 Pezzi su Granducato Collection: tradizione e gusto autentico pronti da gustare. Acquista online ora.\",\"breadcrumb\":{\"@id\":\"https:\/\/www.granducatocollection.com\/prodotto\/ribollita-toscana-3-pezzi\/#breadcrumb\"},\"inLanguage\":\"sv-SE\",\"potentialAction\":[{\"@type\":\"ReadAction\",\"target\":[\"https:\/\/www.granducatocollection.com\/prodotto\/ribollita-toscana-3-pezzi\/\"]}]},{\"@type\":\"ImageObject\",\"inLanguage\":\"sv-SE\",\"@id\":\"https:\/\/www.granducatocollection.com\/prodotto\/ribollita-toscana-3-pezzi\/#primaryimage\",\"url\":\"https:\/\/www.granducatocollection.com\/wp-content\/uploads\/2025\/05\/pappa_al_pomodoro-ribollita_toscana_pesche_sciroppate_granducatocollection_borgunto_arezzo_toscana_viareggio_alloggi_bb.jpg\",\"contentUrl\":\"https:\/\/www.granducatocollection.com\/wp-content\/uploads\/2025\/05\/pappa_al_pomodoro-ribollita_toscana_pesche_sciroppate_granducatocollection_borgunto_arezzo_toscana_viareggio_alloggi_bb.jpg\",\"width\":1600,\"height\":1067},{\"@type\":\"BreadcrumbList\",\"@id\":\"https:\/\/www.granducatocollection.com\/prodotto\/ribollita-toscana-3-pezzi\/#breadcrumb\",\"itemListElement\":[{\"@type\":\"ListItem\",\"position\":1,\"name\":\"Home\",\"item\":\"https:\/\/www.granducatocollection.com\/\"},{\"@type\":\"ListItem\",\"position\":2,\"name\":\"Shop\",\"item\":\"https:\/\/www.granducatocollection.com\/negozio\/\"},{\"@type\":\"ListItem\",\"position\":3,\"name\":\"Ribollita toscana 3 pezzi\"}]},{\"@type\":\"WebSite\",\"@id\":\"https:\/\/www.granducatocollection.com\/#website\",\"url\":\"https:\/\/www.granducatocollection.com\/\",\"name\":\"GranDucato Collection\",\"description\":\"Prenota la tua vacanza e vivi un&#039;esperienza unica\",\"potentialAction\":[{\"@type\":\"SearchAction\",\"target\":{\"@type\":\"EntryPoint\",\"urlTemplate\":\"https:\/\/www.granducatocollection.com\/?s={search_term_string}\"},\"query-input\":{\"@type\":\"PropertyValueSpecification\",\"valueRequired\":true,\"valueName\":\"search_term_string\"}}],\"inLanguage\":\"sv-SE\"}]}<\/script>\n<!-- \/ Yoast SEO plugin. -->","yoast_head_json":{"title":"B&B Arezzo - Ribollita toscana 3 pezzi - Gran ducato Collection","description":"Scopri il Box Ribollita Tosca 3 Pezzi su Granducato Collection: tradizione e gusto autentico pronti da gustare. Acquista online ora.","robots":{"index":"index","follow":"follow","max-snippet":"max-snippet:-1","max-image-preview":"max-image-preview:large","max-video-preview":"max-video-preview:-1"},"canonical":"https:\/\/www.granducatocollection.com\/sv\/product\/ribollita-toscana-3-pezzi\/","og_locale":"sv_SE","og_type":"article","og_title":"B&B Arezzo - Ribollita toscana 3 pezzi - Gran ducato Collection","og_description":"Scopri il Box Ribollita Tosca 3 Pezzi su Granducato Collection: tradizione e gusto autentico pronti da gustare. Acquista online ora.","og_url":"https:\/\/www.granducatocollection.com\/sv\/product\/ribollita-toscana-3-pezzi\/","og_site_name":"Granducato Collection","article_modified_time":"2026-01-31T10:42:07+00:00","og_image":[{"width":1600,"height":1067,"url":"https:\/\/www.granducatocollection.com\/wp-content\/uploads\/2025\/05\/pappa_al_pomodoro-ribollita_toscana_pesche_sciroppate_granducatocollection_borgunto_arezzo_toscana_viareggio_alloggi_bb.jpg","type":"image\/jpeg"}],"twitter_card":"summary_large_image","twitter_misc":{"Ber\u00e4knad l\u00e4stid":"2 minuter"},"schema":{"@context":"https:\/\/schema.org","@graph":[{"@type":"WebPage","@id":"https:\/\/www.granducatocollection.com\/prodotto\/ribollita-toscana-3-pezzi\/","url":"https:\/\/www.granducatocollection.com\/prodotto\/ribollita-toscana-3-pezzi\/","name":"B&B Arezzo - Ribollita toscana 3 pezzi - Gran ducato Collection","isPartOf":{"@id":"https:\/\/www.granducatocollection.com\/#website"},"primaryImageOfPage":{"@id":"https:\/\/www.granducatocollection.com\/prodotto\/ribollita-toscana-3-pezzi\/#primaryimage"},"image":{"@id":"https:\/\/www.granducatocollection.com\/prodotto\/ribollita-toscana-3-pezzi\/#primaryimage"},"thumbnailUrl":"https:\/\/www.granducatocollection.com\/wp-content\/uploads\/2025\/05\/pappa_al_pomodoro-ribollita_toscana_pesche_sciroppate_granducatocollection_borgunto_arezzo_toscana_viareggio_alloggi_bb.jpg","datePublished":"2025-05-14T10:47:59+00:00","dateModified":"2026-01-31T10:42:07+00:00","description":"Scopri il Box Ribollita Tosca 3 Pezzi su Granducato Collection: tradizione e gusto autentico pronti da gustare. Acquista online ora.","breadcrumb":{"@id":"https:\/\/www.granducatocollection.com\/prodotto\/ribollita-toscana-3-pezzi\/#breadcrumb"},"inLanguage":"sv-SE","potentialAction":[{"@type":"ReadAction","target":["https:\/\/www.granducatocollection.com\/prodotto\/ribollita-toscana-3-pezzi\/"]}]},{"@type":"ImageObject","inLanguage":"sv-SE","@id":"https:\/\/www.granducatocollection.com\/prodotto\/ribollita-toscana-3-pezzi\/#primaryimage","url":"https:\/\/www.granducatocollection.com\/wp-content\/uploads\/2025\/05\/pappa_al_pomodoro-ribollita_toscana_pesche_sciroppate_granducatocollection_borgunto_arezzo_toscana_viareggio_alloggi_bb.jpg","contentUrl":"https:\/\/www.granducatocollection.com\/wp-content\/uploads\/2025\/05\/pappa_al_pomodoro-ribollita_toscana_pesche_sciroppate_granducatocollection_borgunto_arezzo_toscana_viareggio_alloggi_bb.jpg","width":1600,"height":1067},{"@type":"BreadcrumbList","@id":"https:\/\/www.granducatocollection.com\/prodotto\/ribollita-toscana-3-pezzi\/#breadcrumb","itemListElement":[{"@type":"ListItem","position":1,"name":"Home","item":"https:\/\/www.granducatocollection.com\/"},{"@type":"ListItem","position":2,"name":"Shop","item":"https:\/\/www.granducatocollection.com\/negozio\/"},{"@type":"ListItem","position":3,"name":"Ribollita toscana 3 pezzi"}]},{"@type":"WebSite","@id":"https:\/\/www.granducatocollection.com\/#website","url":"https:\/\/www.granducatocollection.com\/","name":"GranDucato Collection","description":"Prenota la tua vacanza e vivi un&#039;esperienza unica","potentialAction":[{"@type":"SearchAction","target":{"@type":"EntryPoint","urlTemplate":"https:\/\/www.granducatocollection.com\/?s={search_term_string}"},"query-input":{"@type":"PropertyValueSpecification","valueRequired":true,"valueName":"search_term_string"}}],"inLanguage":"sv-SE"}]}},"_links":{"self":[{"href":"https:\/\/www.granducatocollection.com\/sv\/wp-json\/wp\/v2\/product\/7172","targetHints":{"allow":["GET"]}}],"collection":[{"href":"https:\/\/www.granducatocollection.com\/sv\/wp-json\/wp\/v2\/product"}],"about":[{"href":"https:\/\/www.granducatocollection.com\/sv\/wp-json\/wp\/v2\/types\/product"}],"wp:featuredmedia":[{"embeddable":true,"href":"https:\/\/www.granducatocollection.com\/sv\/wp-json\/wp\/v2\/media\/8940"}],"wp:attachment":[{"href":"https:\/\/www.granducatocollection.com\/sv\/wp-json\/wp\/v2\/media?parent=7172"}],"wp:term":[{"taxonomy":"product_brand","embeddable":true,"href":"https:\/\/www.granducatocollection.com\/sv\/wp-json\/wp\/v2\/product_brand?post=7172"},{"taxonomy":"product_cat","embeddable":true,"href":"https:\/\/www.granducatocollection.com\/sv\/wp-json\/wp\/v2\/product_cat?post=7172"},{"taxonomy":"product_tag","embeddable":true,"href":"https:\/\/www.granducatocollection.com\/sv\/wp-json\/wp\/v2\/product_tag?post=7172"}],"curies":[{"name":"wp","href":"https:\/\/api.w.org\/{rel}","templated":true}]}}