{"id":7171,"date":"2025-05-14T10:39:26","date_gmt":"2025-05-14T10:39:26","guid":{"rendered":"https:\/\/www.granducatocollection.com\/?post_type=product&#038;p=7171"},"modified":"2026-04-06T09:25:13","modified_gmt":"2026-04-06T09:25:13","slug":"box-vini-borgunto","status":"publish","type":"product","link":"https:\/\/www.granducatocollection.com\/sv\/product\/box-vini-borgunto\/","title":{"rendered":"Borgunto vinl\u00e5da 15 stycken"},"content":{"rendered":"<p><script type=\"application\/ld+json\">{\n    \"@context\": \"https:\\\/\\\/schema.org\",\n    \"@type\": \"Product\",\n    \"@id\": \"https:\\\/\\\/www.granducatocollection.com\\\/prodotto\\\/box-vini-borgunto\\\/\",\n    \"name\": \"Box Vini Borgunto \\u2013 Selezione di 15 Bottiglie Toscane\",\n    \"image\": \"https:\\\/\\\/www.granducatocollection.com\\\/wp-content\\\/uploads\\\/2026\\\/01\\\/box-vini-borgunto-granducato-collection.jpg\",\n    \"description\": \"Box regalo con 15 bottiglie di vini toscani artigianali: Chianti DOCG, Rosato Borgunto e altre etichette pregiate. Prodotto ad Arezzo da Borgunto, perfetto come regalo enologico o per degustazioni in Toscana.\",\n    \"brand\": {\n        \"@type\": \"Organization\",\n        \"name\": \"Borgunto\"\n    },\n    \"offers\": {\n        \"@type\": \"Offer\",\n        \"url\": \"https:\\\/\\\/www.granducatocollection.com\\\/prodotto\\\/box-vini-borgunto\\\/\",\n        \"priceCurrency\": \"EUR\",\n        \"price\": \"195.00\",\n        \"itemCondition\": \"https:\\\/\\\/schema.org\\\/NewCondition\",\n        \"availability\": \"https:\\\/\\\/schema.org\\\/InStock\",\n        \"seller\": {\n            \"@type\": \"Organization\",\n            \"name\": \"Granducato Collection\"\n        }\n    },\n    \"sku\": \"BOX-VINI-BORGUNTO-15\"\n}<\/script><\/p>\n<h1>Borgunto vinl\u00e5da \u2013 urval av 15 toskanska flaskor<\/h1>\n<h2>En komplett vinupplevelse, f\u00f6dd i Arezzo<\/h2>\n<p class=\"translation-block\">Borgunto Wine Box omfattar den toskanska vinodlingens f\u00f6rtr\u00e4fflighet i ett exklusivt urval av 15 hantverksm\u00e4ssiga flaskor, inklusive den prestigefyllda Chianti DOCG, den raffinerade Rosato Borgunto Edizione Speciale och andra fina Borgunto-etiketter. Varje vin, som produceras i Arezzo, i hj\u00e4rtat av Toscana, \u00e4r utvalt f\u00f6r att \u00e5terspegla ett territorium, en tradition och en passion f\u00f6r detaljer.<\/p>\n<h3>Den eleganta ving\u00e5van f\u00f6r sanna finsmakare<\/h3>\n<p class=\"translation-block\">Presenterad i en <strong>vinkl\u00e4desl\u00e5da<\/strong> som \u00e4r omsorgsfullt utformad i minsta detalj, \u00e4r denna l\u00e5da perfekt som en <strong>elegant ving\u00e5va<\/strong> till speciella tillf\u00e4llen, jul, jubileum eller f\u00f6retagskunder. Den \u00e4r ocks\u00e5 idealisk f\u00f6r att ordna en <strong>vinprovning i Toscana-stil<\/strong> hemma hos dig \u2013 tillsammans med v\u00e4nner eller under en gourmet-smartworking-dag.<\/p>\n<h3>Symbol f\u00f6r Granducato-samlingen: konst, territorium och kvalitet<\/h3>\n<p class=\"translation-block\">Detta urval f\u00f6rkroppsligar v\u00e4rdena i Granducato-kollektionen: direkt kontroll \u00f6ver ving\u00e5rden, hantverksm\u00e4ssig produktion, sp\u00e5rbarhet och respekt f\u00f6r terroiren. Varje flaska \u00e4r en inbjudan att uppt\u00e4cka Toscana genom glaset \u2013 autentiskt, raffinerat och of\u00f6rgl\u00f6mligt.<\/p>","protected":false},"excerpt":{"rendered":"<h1>Chianti vinl\u00e5da<\/h1>\n<p class=\"translation-block\">Uppt\u00e4ck det toskanska vinets f\u00f6rtr\u00e4fflighet med Borgunto Wine Box: ett exklusivt urval av 15 flaskor inklusive Chianti, Ros\u00e9 och fina Borgunto-etiketter. En sensorisk upplevelse som f\u00e5ngar hj\u00e4rtat av Toscana, perfekt f\u00f6r entusiaster, samlare eller som en elegant present.\n\nVarje flaska \u00e4r ett autentiskt uttryck f\u00f6r terroiren, tillverkad med noggrann uppm\u00e4rksamhet p\u00e5 detaljer f\u00f6r att s\u00e4kerst\u00e4lla kvalitet, smak och tradition.<\/p>\n<p class=\"translation-block\">\u2705 Elegant f\u00f6rpackning<br>\n\ud83c\udf77 15 utvalda flaskor<br>\n\ud83c\udf81 Perfekt f\u00f6r provsmakningar eller f\u00f6retagspresenter<br>\n\ud83c\uddee\ud83c\uddf9 100 % toskansk produktion<\/p>","protected":false},"featured_media":11375,"template":"","meta":{"_acf_changed":false},"product_brand":[764],"product_cat":[843],"product_tag":[271,275,279,247,273,278,274,276,277,272],"class_list":{"0":"post-7171","1":"product","2":"type-product","3":"status-publish","4":"has-post-thumbnail","6":"product_brand-granducato-collection","7":"product_cat-box-e-degustazioni","8":"product_tag-box-vini","9":"product_tag-box-vini-premium","10":"product_tag-offerta-vini","11":"product_tag-regalo-enogastronomico","12":"product_tag-selezione-vini","13":"product_tag-set-vini","14":"product_tag-vini-toscani","15":"product_tag-vino-borgunto","16":"product_tag-vino-da-collezione","17":"product_tag-vino-rosso-italiano","19":"first","20":"instock","21":"shipping-taxable","22":"purchasable","23":"product-type-simple"},"acf":[],"yoast_head":"<!-- This site is optimized with the Yoast SEO plugin v26.7 - https:\/\/yoast.com\/wordpress\/plugins\/seo\/ -->\n<title>B&amp;B Arezzo - Box vini Borgunto 15 pezzi - Gran ducato Collection<\/title>\n<meta name=\"description\" content=\"Scopri il Box 15 Vini Borgunto su Granducato Collection: una selezione esclusiva di vini toscani pregiati. Acquista online e ricevi comodamente a casa tua.\" \/>\n<meta name=\"robots\" content=\"index, follow, max-snippet:-1, max-image-preview:large, max-video-preview:-1\" \/>\n<link rel=\"canonical\" href=\"https:\/\/www.granducatocollection.com\/sv\/product\/box-vini-borgunto-15-pezzi\/\" \/>\n<meta property=\"og:locale\" content=\"sv_SE\" \/>\n<meta property=\"og:type\" content=\"article\" \/>\n<meta property=\"og:title\" content=\"B&amp;B Arezzo - Box vini Borgunto 15 pezzi - Gran ducato Collection\" \/>\n<meta property=\"og:description\" content=\"Scopri il Box 15 Vini Borgunto su Granducato Collection: una selezione esclusiva di vini toscani pregiati. Acquista online e ricevi comodamente a casa tua.\" \/>\n<meta property=\"og:url\" content=\"https:\/\/www.granducatocollection.com\/sv\/product\/box-vini-borgunto-15-pezzi\/\" \/>\n<meta property=\"og:site_name\" content=\"Granducato Collection\" \/>\n<meta property=\"article:modified_time\" content=\"2026-04-06T09:25:13+00:00\" \/>\n<meta property=\"og:image\" content=\"https:\/\/www.granducatocollection.com\/wp-content\/uploads\/2025\/05\/chianti-docg-borgunto-granducatogestioni-arezzo-firenze-toscana-viareggio-aziendaagricola-affittacamere-BB-suitelets-300x300-1.webp\" \/>\n\t<meta property=\"og:image:width\" content=\"300\" \/>\n\t<meta property=\"og:image:height\" content=\"300\" \/>\n\t<meta property=\"og:image:type\" content=\"image\/webp\" \/>\n<meta name=\"twitter:card\" content=\"summary_large_image\" \/>\n<meta name=\"twitter:label1\" content=\"Ber\u00e4knad l\u00e4stid\" \/>\n\t<meta name=\"twitter:data1\" content=\"2 minuter\" \/>\n<script type=\"application\/ld+json\" class=\"yoast-schema-graph\">{\"@context\":\"https:\/\/schema.org\",\"@graph\":[{\"@type\":\"WebPage\",\"@id\":\"https:\/\/www.granducatocollection.com\/prodotto\/box-vini-borgunto\/\",\"url\":\"https:\/\/www.granducatocollection.com\/prodotto\/box-vini-borgunto-15-pezzi\/\",\"name\":\"B&B Arezzo - Box vini Borgunto 15 pezzi - Gran ducato Collection\",\"isPartOf\":{\"@id\":\"https:\/\/www.granducatocollection.com\/#website\"},\"primaryImageOfPage\":{\"@id\":\"https:\/\/www.granducatocollection.com\/prodotto\/box-vini-borgunto-15-pezzi\/#primaryimage\"},\"image\":{\"@id\":\"https:\/\/www.granducatocollection.com\/prodotto\/box-vini-borgunto-15-pezzi\/#primaryimage\"},\"thumbnailUrl\":\"https:\/\/www.granducatocollection.com\/wp-content\/uploads\/2025\/05\/chianti-docg-borgunto-granducatogestioni-arezzo-firenze-toscana-viareggio-aziendaagricola-affittacamere-BB-suitelets-300x300-1.webp\",\"datePublished\":\"2025-05-14T10:39:26+00:00\",\"dateModified\":\"2026-04-06T09:25:13+00:00\",\"description\":\"Scopri il Box 15 Vini Borgunto su Granducato Collection: una selezione esclusiva di vini toscani pregiati. Acquista online e ricevi comodamente a casa tua.\",\"breadcrumb\":{\"@id\":\"https:\/\/www.granducatocollection.com\/prodotto\/box-vini-borgunto-15-pezzi\/#breadcrumb\"},\"inLanguage\":\"sv-SE\",\"potentialAction\":[{\"@type\":\"ReadAction\",\"target\":[\"https:\/\/www.granducatocollection.com\/prodotto\/box-vini-borgunto-15-pezzi\/\"]}]},{\"@type\":\"ImageObject\",\"inLanguage\":\"sv-SE\",\"@id\":\"https:\/\/www.granducatocollection.com\/prodotto\/box-vini-borgunto-15-pezzi\/#primaryimage\",\"url\":\"https:\/\/www.granducatocollection.com\/wp-content\/uploads\/2025\/05\/chianti-docg-borgunto-granducatogestioni-arezzo-firenze-toscana-viareggio-aziendaagricola-affittacamere-BB-suitelets-300x300-1.webp\",\"contentUrl\":\"https:\/\/www.granducatocollection.com\/wp-content\/uploads\/2025\/05\/chianti-docg-borgunto-granducatogestioni-arezzo-firenze-toscana-viareggio-aziendaagricola-affittacamere-BB-suitelets-300x300-1.webp\",\"width\":300,\"height\":300,\"caption\":\"chianti box granducato collection e borgunto arezzo\"},{\"@type\":\"BreadcrumbList\",\"@id\":\"https:\/\/www.granducatocollection.com\/prodotto\/box-vini-borgunto-15-pezzi\/#breadcrumb\",\"itemListElement\":[{\"@type\":\"ListItem\",\"position\":1,\"name\":\"Home\",\"item\":\"https:\/\/www.granducatocollection.com\/\"},{\"@type\":\"ListItem\",\"position\":2,\"name\":\"Shop\",\"item\":\"https:\/\/www.granducatocollection.com\/negozio\/\"},{\"@type\":\"ListItem\",\"position\":3,\"name\":\"Box vini Borgunto 15 pezzi\"}]},{\"@type\":\"WebSite\",\"@id\":\"https:\/\/www.granducatocollection.com\/#website\",\"url\":\"https:\/\/www.granducatocollection.com\/\",\"name\":\"GranDucato Collection\",\"description\":\"Prenota la tua vacanza e vivi un&#039;esperienza unica\",\"potentialAction\":[{\"@type\":\"SearchAction\",\"target\":{\"@type\":\"EntryPoint\",\"urlTemplate\":\"https:\/\/www.granducatocollection.com\/?s={search_term_string}\"},\"query-input\":{\"@type\":\"PropertyValueSpecification\",\"valueRequired\":true,\"valueName\":\"search_term_string\"}}],\"inLanguage\":\"sv-SE\"}]}<\/script>\n<!-- \/ Yoast SEO plugin. -->","yoast_head_json":{"title":"B&B Arezzo - Box vini Borgunto 15 pezzi - Gran ducato Collection","description":"Scopri il Box 15 Vini Borgunto su Granducato Collection: una selezione esclusiva di vini toscani pregiati. Acquista online e ricevi comodamente a casa tua.","robots":{"index":"index","follow":"follow","max-snippet":"max-snippet:-1","max-image-preview":"max-image-preview:large","max-video-preview":"max-video-preview:-1"},"canonical":"https:\/\/www.granducatocollection.com\/sv\/product\/box-vini-borgunto-15-pezzi\/","og_locale":"sv_SE","og_type":"article","og_title":"B&B Arezzo - Box vini Borgunto 15 pezzi - Gran ducato Collection","og_description":"Scopri il Box 15 Vini Borgunto su Granducato Collection: una selezione esclusiva di vini toscani pregiati. Acquista online e ricevi comodamente a casa tua.","og_url":"https:\/\/www.granducatocollection.com\/sv\/product\/box-vini-borgunto-15-pezzi\/","og_site_name":"Granducato Collection","article_modified_time":"2026-04-06T09:25:13+00:00","og_image":[{"width":300,"height":300,"url":"https:\/\/www.granducatocollection.com\/wp-content\/uploads\/2025\/05\/chianti-docg-borgunto-granducatogestioni-arezzo-firenze-toscana-viareggio-aziendaagricola-affittacamere-BB-suitelets-300x300-1.webp","type":"image\/webp"}],"twitter_card":"summary_large_image","twitter_misc":{"Ber\u00e4knad l\u00e4stid":"2 minuter"},"schema":{"@context":"https:\/\/schema.org","@graph":[{"@type":"WebPage","@id":"https:\/\/www.granducatocollection.com\/prodotto\/box-vini-borgunto\/","url":"https:\/\/www.granducatocollection.com\/prodotto\/box-vini-borgunto-15-pezzi\/","name":"B&B Arezzo - Box vini Borgunto 15 pezzi - Gran ducato Collection","isPartOf":{"@id":"https:\/\/www.granducatocollection.com\/#website"},"primaryImageOfPage":{"@id":"https:\/\/www.granducatocollection.com\/prodotto\/box-vini-borgunto-15-pezzi\/#primaryimage"},"image":{"@id":"https:\/\/www.granducatocollection.com\/prodotto\/box-vini-borgunto-15-pezzi\/#primaryimage"},"thumbnailUrl":"https:\/\/www.granducatocollection.com\/wp-content\/uploads\/2025\/05\/chianti-docg-borgunto-granducatogestioni-arezzo-firenze-toscana-viareggio-aziendaagricola-affittacamere-BB-suitelets-300x300-1.webp","datePublished":"2025-05-14T10:39:26+00:00","dateModified":"2026-04-06T09:25:13+00:00","description":"Scopri il Box 15 Vini Borgunto su Granducato Collection: una selezione esclusiva di vini toscani pregiati. Acquista online e ricevi comodamente a casa tua.","breadcrumb":{"@id":"https:\/\/www.granducatocollection.com\/prodotto\/box-vini-borgunto-15-pezzi\/#breadcrumb"},"inLanguage":"sv-SE","potentialAction":[{"@type":"ReadAction","target":["https:\/\/www.granducatocollection.com\/prodotto\/box-vini-borgunto-15-pezzi\/"]}]},{"@type":"ImageObject","inLanguage":"sv-SE","@id":"https:\/\/www.granducatocollection.com\/prodotto\/box-vini-borgunto-15-pezzi\/#primaryimage","url":"https:\/\/www.granducatocollection.com\/wp-content\/uploads\/2025\/05\/chianti-docg-borgunto-granducatogestioni-arezzo-firenze-toscana-viareggio-aziendaagricola-affittacamere-BB-suitelets-300x300-1.webp","contentUrl":"https:\/\/www.granducatocollection.com\/wp-content\/uploads\/2025\/05\/chianti-docg-borgunto-granducatogestioni-arezzo-firenze-toscana-viareggio-aziendaagricola-affittacamere-BB-suitelets-300x300-1.webp","width":300,"height":300,"caption":"chianti box granducato collection e borgunto arezzo"},{"@type":"BreadcrumbList","@id":"https:\/\/www.granducatocollection.com\/prodotto\/box-vini-borgunto-15-pezzi\/#breadcrumb","itemListElement":[{"@type":"ListItem","position":1,"name":"Home","item":"https:\/\/www.granducatocollection.com\/"},{"@type":"ListItem","position":2,"name":"Shop","item":"https:\/\/www.granducatocollection.com\/negozio\/"},{"@type":"ListItem","position":3,"name":"Box vini Borgunto 15 pezzi"}]},{"@type":"WebSite","@id":"https:\/\/www.granducatocollection.com\/#website","url":"https:\/\/www.granducatocollection.com\/","name":"GranDucato Collection","description":"Prenota la tua vacanza e vivi un&#039;esperienza unica","potentialAction":[{"@type":"SearchAction","target":{"@type":"EntryPoint","urlTemplate":"https:\/\/www.granducatocollection.com\/?s={search_term_string}"},"query-input":{"@type":"PropertyValueSpecification","valueRequired":true,"valueName":"search_term_string"}}],"inLanguage":"sv-SE"}]}},"_links":{"self":[{"href":"https:\/\/www.granducatocollection.com\/sv\/wp-json\/wp\/v2\/product\/7171","targetHints":{"allow":["GET"]}}],"collection":[{"href":"https:\/\/www.granducatocollection.com\/sv\/wp-json\/wp\/v2\/product"}],"about":[{"href":"https:\/\/www.granducatocollection.com\/sv\/wp-json\/wp\/v2\/types\/product"}],"wp:featuredmedia":[{"embeddable":true,"href":"https:\/\/www.granducatocollection.com\/sv\/wp-json\/wp\/v2\/media\/11375"}],"wp:attachment":[{"href":"https:\/\/www.granducatocollection.com\/sv\/wp-json\/wp\/v2\/media?parent=7171"}],"wp:term":[{"taxonomy":"product_brand","embeddable":true,"href":"https:\/\/www.granducatocollection.com\/sv\/wp-json\/wp\/v2\/product_brand?post=7171"},{"taxonomy":"product_cat","embeddable":true,"href":"https:\/\/www.granducatocollection.com\/sv\/wp-json\/wp\/v2\/product_cat?post=7171"},{"taxonomy":"product_tag","embeddable":true,"href":"https:\/\/www.granducatocollection.com\/sv\/wp-json\/wp\/v2\/product_tag?post=7171"}],"curies":[{"name":"wp","href":"https:\/\/api.w.org\/{rel}","templated":true}]}}