{"id":7098,"date":"2025-05-10T12:23:32","date_gmt":"2025-05-10T12:23:32","guid":{"rendered":"https:\/\/www.granducatocollection.com\/?post_type=product&#038;p=7098"},"modified":"2026-04-16T12:42:49","modified_gmt":"2026-04-16T12:42:49","slug":"chianti-rosso-docg-colli-aretino-borgunto","status":"publish","type":"product","link":"https:\/\/www.granducatocollection.com\/sv\/product\/chianti-rosso-docg-colli-aretino-borgunto\/","title":{"rendered":"Chianti Rosso DOCG Colli Aretini Borgunto"},"content":{"rendered":"<p><script type=\"application\/ld+json\">{\n    \"@context\": \"https:\\\/\\\/schema.org\",\n    \"@type\": \"Product\",\n    \"@id\": \"https:\\\/\\\/www.granducatocollection.com\\\/prodotto\\\/chianti-rosso-docg-colli-aretino-borgunto\\\/\",\n    \"name\": \"Chianti Rosso DOCG Colli Aretini \\u2013 Borgunto\",\n    \"image\": \"https:\\\/\\\/www.granducatocollection.com\\\/wp-content\\\/uploads\\\/2026\\\/01\\\/chianti-rosso-docg-colli-aretini-borgunto.jpg\",\n    \"description\": \"Chianti Rosso DOCG artigianale da Arezzo, Toscana. Prodotto da Borgunto con uve Sangiovese dei Colli Aretini. Perfetto per cene conviviali o come regalo enologico toscano.\",\n    \"brand\": {\n        \"@type\": \"Organization\",\n        \"name\": \"Borgunto\"\n    },\n    \"offers\": {\n        \"@type\": \"Offer\",\n        \"url\": \"https:\\\/\\\/www.granducatocollection.com\\\/prodotto\\\/chianti-rosso-docg-colli-aretino-borgunto\\\/\",\n        \"priceCurrency\": \"EUR\",\n        \"price\": \"15.00\",\n        \"itemCondition\": \"https:\\\/\\\/schema.org\\\/NewCondition\",\n        \"availability\": \"https:\\\/\\\/schema.org\\\/InStock\",\n        \"seller\": {\n            \"@type\": \"Organization\",\n            \"name\": \"Granducato Collection\"\n        },\n        \"hasMerchantReturnPolicy\": {\n            \"@type\": \"MerchantReturnPolicy\",\n            \"returnPolicyCategory\": \"https:\\\/\\\/schema.org\\\/MerchantReturnFiniteReturnWindow\",\n            \"merchantReturnDays\": 14,\n            \"returnMethod\": \"https:\\\/\\\/schema.org\\\/ReturnByMail\",\n            \"returnFees\": \"https:\\\/\\\/schema.org\\\/FreeReturn\"\n        },\n        \"shippingDetails\": {\n            \"@type\": \"OfferShippingDetails\",\n            \"shippingRate\": {\n                \"@type\": \"MonetaryAmount\",\n                \"value\": \"0.00\",\n                \"currency\": \"EUR\"\n            },\n            \"shippingDestination\": {\n                \"@type\": \"DefinedRegion\",\n                \"addressCountry\": \"IT\"\n            },\n            \"deliveryTime\": {\n                \"@type\": \"ShippingDeliveryTime\",\n                \"handlingTime\": {\n                    \"@type\": \"QuantitativeValue\",\n                    \"minValue\": 1,\n                    \"maxValue\": 2,\n                    \"unitCode\": \"DAY\"\n                },\n                \"transitTime\": {\n                    \"@type\": \"QuantitativeValue\",\n                    \"minValue\": 2,\n                    \"maxValue\": 5,\n                    \"unitCode\": \"DAY\"\n                }\n            }\n        }\n    },\n    \"sku\": \"CHIANTI-ROSSO-DOCG-COLLI-ARETINI\"\n}<\/script><br \/>\n<\/script><\/p>\n<h1>Chianti Rosso DOCG Colli Aretini \u2013 Borgunto<\/h1>\n<h2>Hantverksm\u00e4ssigt toskanskt r\u00f6tt vin fr\u00e5n Arezzo, ett autentiskt uttryck f\u00f6r territoriet.<\/h2>\n<p class=\"translation-block\"><strong>Chianti Rosso DOCG Colli Aretini<\/strong> \u00e4r en hyllning till den italienska vintraditionen, producerad med passion av <strong>Borgunto<\/strong> i hj\u00e4rtat av <strong>Arezzo<\/strong>. Framst\u00e4lld huvudsakligen av <strong>Sangiovese<\/strong>-druvor, berikad med sm\u00e5 m\u00e4ngder Canaiolo nero, Trebbiano Toscano och Malvasia, f\u00f6ds denna <strong>toscanska r\u00f6da vin<\/strong> p\u00e5 de sydv\u00e4nta kullarna, d\u00e4r sol, jord och klimat f\u00f6renas f\u00f6r att skapa ett karakt\u00e4rsfullt vin.<\/p>\n<h3>En Chianti DOCG f\u00f6r trevliga middagar och of\u00f6rgl\u00f6mliga stunder<\/h3>\n<p class=\"translation-block\">Med sin intensiva rubinr\u00f6da f\u00e4rg, omfamnande aromer av k\u00f6rsb\u00e4r, viol och l\u00e4tta kryddor samt en balanserad och ih\u00e5llande smak \u00e4r Chianti Rosso DOCG den perfekta f\u00f6ljeslagaren till <strong>s\u00e4llskapliga middagar<\/strong>, stekar, toskanska f\u00f6rst\u00e5r\u00e4tter eller helt enkelt f\u00f6r att fira konsten att leva gott. Dess elegans g\u00f6r den \u00e4ven till en <strong>raffinerad vinpresent<\/strong>, som i varje glas ber\u00e4ttar om sk\u00f6nheten i det toskanska landskapet.<\/p>\n<h3>Symbol f\u00f6r Granducato-kollektionen: hantverksm\u00e4ssig vinodling och respekt f\u00f6r territoriet<\/h3>\n<p class=\"translation-block\">Producerad av en hantverksving\u00e5rd i Arezzo med djupa r\u00f6tter i Colli Aretini, f\u00f6rkroppsligar denna Chianti v\u00e4rdena i Granducato-kollektionen: direkt kontroll \u00f6ver ving\u00e5rden, manuell sk\u00f6rd, traditionell vinframst\u00e4llning och st\u00f6rsta m\u00f6jliga noggrannhet. Ett vin som inte bara respekterar DOCG-beteckningen, utan ocks\u00e5 framh\u00e4ver dess mest autentiska sj\u00e4l.<\/p>","protected":false},"excerpt":{"rendered":"<h1>Chianti Rosso Colli Aretini DOCG<\/h1>\n<p class=\"translation-block\">Vin <strong>Chianti Rosso DOCG<\/strong> hantverksm\u00e4ssigt tillverkat fr\u00e5n <strong>Arezzo<\/strong>, producerat av <strong>Borgunto<\/strong> fr\u00e5n <strong>Sangiovese<\/strong>-druvor fr\u00e5n <strong>Colli Aretini<\/strong>. Ett <strong>toskanskt r\u00f6dvin<\/strong> perfekt f\u00f6r s\u00e4llskapliga middagar eller som <strong>vinpresent<\/strong> som firar den italienska vintillverkningstraditionen.<\/p>","protected":false},"featured_media":7154,"template":"","meta":{"_acf_changed":false},"product_brand":[764],"product_cat":[92],"product_tag":[311,306,304,308,277,312,309,307,310,305],"class_list":{"0":"post-7098","1":"product","2":"type-product","3":"status-publish","4":"has-post-thumbnail","6":"product_brand-granducato-collection","7":"product_cat-i-nostri-formati-speciali","8":"product_tag-borgunto","9":"product_tag-chianti-docg","10":"product_tag-chianti-rosso","11":"product_tag-colli-aretini","12":"product_tag-vino-da-collezione","13":"product_tag-vino-da-pranzo","14":"product_tag-vino-da-regalo","15":"product_tag-vino-italiano","16":"product_tag-vino-rosso-premium","17":"product_tag-vino-rosso-toscano","19":"first","20":"instock","21":"shipping-taxable","22":"purchasable","23":"product-type-simple"},"acf":[],"yoast_head":"<!-- This site is optimized with the Yoast SEO plugin v26.7 - https:\/\/yoast.com\/wordpress\/plugins\/seo\/ -->\n<title>B&amp;B Arezzo - Chianti Rosso Colli Aretini - Granducato Collection<\/title>\n<meta name=\"description\" content=\"Chianti Rosso Colli Aretini DOCG \u2013 un vino rosso toscano di alta qualit\u00e0, prodotto con uve selezionate. Acquistalo online su granducatocollection.com\" \/>\n<meta name=\"robots\" content=\"index, follow, max-snippet:-1, max-image-preview:large, max-video-preview:-1\" \/>\n<link rel=\"canonical\" href=\"https:\/\/www.granducatocollection.com\/sv\/product\/chianti-rosso-docg-colli-aretino-borgunto\/\" \/>\n<meta property=\"og:locale\" content=\"sv_SE\" \/>\n<meta property=\"og:type\" content=\"article\" \/>\n<meta property=\"og:title\" content=\"B&amp;B Arezzo - Chianti Rosso Colli Aretini - Granducato Collection\" \/>\n<meta property=\"og:description\" content=\"Chianti Rosso Colli Aretini DOCG \u2013 un vino rosso toscano di alta qualit\u00e0, prodotto con uve selezionate. Acquistalo online su granducatocollection.com\" \/>\n<meta property=\"og:url\" content=\"https:\/\/www.granducatocollection.com\/sv\/product\/chianti-rosso-docg-colli-aretino-borgunto\/\" \/>\n<meta property=\"og:site_name\" content=\"Granducato Collection\" \/>\n<meta property=\"article:modified_time\" content=\"2026-04-16T12:42:49+00:00\" \/>\n<meta property=\"og:image\" content=\"https:\/\/www.granducatocollection.com\/wp-content\/uploads\/2025\/05\/chianti-docg-borgunto-granducatogestioni-arezzo-firenze-toscana-viareggio-aziendaagricola-affittacamere-BB-suitelets.jpg\" \/>\n\t<meta property=\"og:image:width\" content=\"350\" \/>\n\t<meta property=\"og:image:height\" content=\"350\" \/>\n\t<meta property=\"og:image:type\" content=\"image\/jpeg\" \/>\n<meta name=\"twitter:card\" content=\"summary_large_image\" \/>\n<meta name=\"twitter:label1\" content=\"Ber\u00e4knad l\u00e4stid\" \/>\n\t<meta name=\"twitter:data1\" content=\"2 minuter\" \/>\n<script type=\"application\/ld+json\" class=\"yoast-schema-graph\">{\"@context\":\"https:\/\/schema.org\",\"@graph\":[{\"@type\":\"WebPage\",\"@id\":\"https:\/\/www.granducatocollection.com\/prodotto\/chianti-rosso-docg-colli-aretino-borgunto\/\",\"url\":\"https:\/\/www.granducatocollection.com\/prodotto\/chianti-rosso-docg-colli-aretino-borgunto\/\",\"name\":\"B&B Arezzo - Chianti Rosso Colli Aretini - Granducato Collection\",\"isPartOf\":{\"@id\":\"https:\/\/www.granducatocollection.com\/#website\"},\"primaryImageOfPage\":{\"@id\":\"https:\/\/www.granducatocollection.com\/prodotto\/chianti-rosso-docg-colli-aretino-borgunto\/#primaryimage\"},\"image\":{\"@id\":\"https:\/\/www.granducatocollection.com\/prodotto\/chianti-rosso-docg-colli-aretino-borgunto\/#primaryimage\"},\"thumbnailUrl\":\"https:\/\/www.granducatocollection.com\/wp-content\/uploads\/2025\/05\/chianti-docg-borgunto-granducatogestioni-arezzo-firenze-toscana-viareggio-aziendaagricola-affittacamere-BB-suitelets.jpg\",\"datePublished\":\"2025-05-10T12:23:32+00:00\",\"dateModified\":\"2026-04-16T12:42:49+00:00\",\"description\":\"Chianti Rosso Colli Aretini DOCG \u2013 un vino rosso toscano di alta qualit\u00e0, prodotto con uve selezionate. Acquistalo online su granducatocollection.com\",\"breadcrumb\":{\"@id\":\"https:\/\/www.granducatocollection.com\/prodotto\/chianti-rosso-docg-colli-aretino-borgunto\/#breadcrumb\"},\"inLanguage\":\"sv-SE\",\"potentialAction\":[{\"@type\":\"ReadAction\",\"target\":[\"https:\/\/www.granducatocollection.com\/prodotto\/chianti-rosso-docg-colli-aretino-borgunto\/\"]}]},{\"@type\":\"ImageObject\",\"inLanguage\":\"sv-SE\",\"@id\":\"https:\/\/www.granducatocollection.com\/prodotto\/chianti-rosso-docg-colli-aretino-borgunto\/#primaryimage\",\"url\":\"https:\/\/www.granducatocollection.com\/wp-content\/uploads\/2025\/05\/chianti-docg-borgunto-granducatogestioni-arezzo-firenze-toscana-viareggio-aziendaagricola-affittacamere-BB-suitelets.jpg\",\"contentUrl\":\"https:\/\/www.granducatocollection.com\/wp-content\/uploads\/2025\/05\/chianti-docg-borgunto-granducatogestioni-arezzo-firenze-toscana-viareggio-aziendaagricola-affittacamere-BB-suitelets.jpg\",\"width\":350,\"height\":350},{\"@type\":\"BreadcrumbList\",\"@id\":\"https:\/\/www.granducatocollection.com\/prodotto\/chianti-rosso-docg-colli-aretino-borgunto\/#breadcrumb\",\"itemListElement\":[{\"@type\":\"ListItem\",\"position\":1,\"name\":\"Home\",\"item\":\"https:\/\/www.granducatocollection.com\/\"},{\"@type\":\"ListItem\",\"position\":2,\"name\":\"Shop\",\"item\":\"https:\/\/www.granducatocollection.com\/negozio\/\"},{\"@type\":\"ListItem\",\"position\":3,\"name\":\"Chianti Rosso Docg Colli Aretini Borgunto\"}]},{\"@type\":\"WebSite\",\"@id\":\"https:\/\/www.granducatocollection.com\/#website\",\"url\":\"https:\/\/www.granducatocollection.com\/\",\"name\":\"GranDucato Collection\",\"description\":\"Prenota la tua vacanza e vivi un&#039;esperienza unica\",\"potentialAction\":[{\"@type\":\"SearchAction\",\"target\":{\"@type\":\"EntryPoint\",\"urlTemplate\":\"https:\/\/www.granducatocollection.com\/?s={search_term_string}\"},\"query-input\":{\"@type\":\"PropertyValueSpecification\",\"valueRequired\":true,\"valueName\":\"search_term_string\"}}],\"inLanguage\":\"sv-SE\"}]}<\/script>\n<!-- \/ Yoast SEO plugin. -->","yoast_head_json":{"title":"B&B Arezzo - Chianti Rosso Colli Aretini - Granducato Collection","description":"Chianti Rosso Colli Aretini DOCG \u2013 un vino rosso toscano di alta qualit\u00e0, prodotto con uve selezionate. Acquistalo online su granducatocollection.com","robots":{"index":"index","follow":"follow","max-snippet":"max-snippet:-1","max-image-preview":"max-image-preview:large","max-video-preview":"max-video-preview:-1"},"canonical":"https:\/\/www.granducatocollection.com\/sv\/product\/chianti-rosso-docg-colli-aretino-borgunto\/","og_locale":"sv_SE","og_type":"article","og_title":"B&B Arezzo - Chianti Rosso Colli Aretini - Granducato Collection","og_description":"Chianti Rosso Colli Aretini DOCG \u2013 un vino rosso toscano di alta qualit\u00e0, prodotto con uve selezionate. Acquistalo online su granducatocollection.com","og_url":"https:\/\/www.granducatocollection.com\/sv\/product\/chianti-rosso-docg-colli-aretino-borgunto\/","og_site_name":"Granducato Collection","article_modified_time":"2026-04-16T12:42:49+00:00","og_image":[{"width":350,"height":350,"url":"https:\/\/www.granducatocollection.com\/wp-content\/uploads\/2025\/05\/chianti-docg-borgunto-granducatogestioni-arezzo-firenze-toscana-viareggio-aziendaagricola-affittacamere-BB-suitelets.jpg","type":"image\/jpeg"}],"twitter_card":"summary_large_image","twitter_misc":{"Ber\u00e4knad l\u00e4stid":"2 minuter"},"schema":{"@context":"https:\/\/schema.org","@graph":[{"@type":"WebPage","@id":"https:\/\/www.granducatocollection.com\/prodotto\/chianti-rosso-docg-colli-aretino-borgunto\/","url":"https:\/\/www.granducatocollection.com\/prodotto\/chianti-rosso-docg-colli-aretino-borgunto\/","name":"B&B Arezzo - Chianti Rosso Colli Aretini - Granducato Collection","isPartOf":{"@id":"https:\/\/www.granducatocollection.com\/#website"},"primaryImageOfPage":{"@id":"https:\/\/www.granducatocollection.com\/prodotto\/chianti-rosso-docg-colli-aretino-borgunto\/#primaryimage"},"image":{"@id":"https:\/\/www.granducatocollection.com\/prodotto\/chianti-rosso-docg-colli-aretino-borgunto\/#primaryimage"},"thumbnailUrl":"https:\/\/www.granducatocollection.com\/wp-content\/uploads\/2025\/05\/chianti-docg-borgunto-granducatogestioni-arezzo-firenze-toscana-viareggio-aziendaagricola-affittacamere-BB-suitelets.jpg","datePublished":"2025-05-10T12:23:32+00:00","dateModified":"2026-04-16T12:42:49+00:00","description":"Chianti Rosso Colli Aretini DOCG \u2013 un vino rosso toscano di alta qualit\u00e0, prodotto con uve selezionate. Acquistalo online su granducatocollection.com","breadcrumb":{"@id":"https:\/\/www.granducatocollection.com\/prodotto\/chianti-rosso-docg-colli-aretino-borgunto\/#breadcrumb"},"inLanguage":"sv-SE","potentialAction":[{"@type":"ReadAction","target":["https:\/\/www.granducatocollection.com\/prodotto\/chianti-rosso-docg-colli-aretino-borgunto\/"]}]},{"@type":"ImageObject","inLanguage":"sv-SE","@id":"https:\/\/www.granducatocollection.com\/prodotto\/chianti-rosso-docg-colli-aretino-borgunto\/#primaryimage","url":"https:\/\/www.granducatocollection.com\/wp-content\/uploads\/2025\/05\/chianti-docg-borgunto-granducatogestioni-arezzo-firenze-toscana-viareggio-aziendaagricola-affittacamere-BB-suitelets.jpg","contentUrl":"https:\/\/www.granducatocollection.com\/wp-content\/uploads\/2025\/05\/chianti-docg-borgunto-granducatogestioni-arezzo-firenze-toscana-viareggio-aziendaagricola-affittacamere-BB-suitelets.jpg","width":350,"height":350},{"@type":"BreadcrumbList","@id":"https:\/\/www.granducatocollection.com\/prodotto\/chianti-rosso-docg-colli-aretino-borgunto\/#breadcrumb","itemListElement":[{"@type":"ListItem","position":1,"name":"Home","item":"https:\/\/www.granducatocollection.com\/"},{"@type":"ListItem","position":2,"name":"Shop","item":"https:\/\/www.granducatocollection.com\/negozio\/"},{"@type":"ListItem","position":3,"name":"Chianti Rosso Docg Colli Aretini Borgunto"}]},{"@type":"WebSite","@id":"https:\/\/www.granducatocollection.com\/#website","url":"https:\/\/www.granducatocollection.com\/","name":"GranDucato Collection","description":"Prenota la tua vacanza e vivi un&#039;esperienza unica","potentialAction":[{"@type":"SearchAction","target":{"@type":"EntryPoint","urlTemplate":"https:\/\/www.granducatocollection.com\/?s={search_term_string}"},"query-input":{"@type":"PropertyValueSpecification","valueRequired":true,"valueName":"search_term_string"}}],"inLanguage":"sv-SE"}]}},"_links":{"self":[{"href":"https:\/\/www.granducatocollection.com\/sv\/wp-json\/wp\/v2\/product\/7098","targetHints":{"allow":["GET"]}}],"collection":[{"href":"https:\/\/www.granducatocollection.com\/sv\/wp-json\/wp\/v2\/product"}],"about":[{"href":"https:\/\/www.granducatocollection.com\/sv\/wp-json\/wp\/v2\/types\/product"}],"wp:featuredmedia":[{"embeddable":true,"href":"https:\/\/www.granducatocollection.com\/sv\/wp-json\/wp\/v2\/media\/7154"}],"wp:attachment":[{"href":"https:\/\/www.granducatocollection.com\/sv\/wp-json\/wp\/v2\/media?parent=7098"}],"wp:term":[{"taxonomy":"product_brand","embeddable":true,"href":"https:\/\/www.granducatocollection.com\/sv\/wp-json\/wp\/v2\/product_brand?post=7098"},{"taxonomy":"product_cat","embeddable":true,"href":"https:\/\/www.granducatocollection.com\/sv\/wp-json\/wp\/v2\/product_cat?post=7098"},{"taxonomy":"product_tag","embeddable":true,"href":"https:\/\/www.granducatocollection.com\/sv\/wp-json\/wp\/v2\/product_tag?post=7098"}],"curies":[{"name":"wp","href":"https:\/\/api.w.org\/{rel}","templated":true}]}}