{"id":7096,"date":"2025-05-10T12:16:42","date_gmt":"2025-05-10T12:16:42","guid":{"rendered":"https:\/\/www.granducatocollection.com\/?post_type=product&#038;p=7096"},"modified":"2026-04-16T12:38:02","modified_gmt":"2026-04-16T12:38:02","slug":"chianti-riserva-docg-vignavecchia","status":"publish","type":"product","link":"https:\/\/www.granducatocollection.com\/sv\/product\/chianti-riserva-docg-vignavecchia\/","title":{"rendered":"Chianti Riserva DOCG Vigna Vecchia"},"content":{"rendered":"<p><script type=\"application\/ld+json\">{\n    \"@context\": \"https:\\\/\\\/schema.org\",\n    \"@type\": \"Product\",\n    \"@id\": \"https:\\\/\\\/www.granducatocollection.com\\\/prodotto\\\/chianti-riserva-docg-vignavecchia\\\/\",\n    \"name\": \"Chianti Riserva DOCG Vignavecchia \\u2013 Borgunto\",\n    \"image\": \"https:\\\/\\\/www.granducatocollection.com\\\/wp-content\\\/uploads\\\/2026\\\/01\\\/chianti-riserva-vignavecchia-borgunto.jpg\",\n    \"description\": \"Chianti Riserva DOCG artigianale da Arezzo, Toscana. Affinato in botte, perfetto per arrosti, selvaggina o come regalo enologico elegante.\",\n    \"brand\": {\n        \"@type\": \"Organization\",\n        \"name\": \"Borgunto\"\n    },\n    \"offers\": {\n        \"@type\": \"Offer\",\n        \"url\": \"https:\\\/\\\/www.granducatocollection.com\\\/prodotto\\\/chianti-riserva-docg-vignavecchia\\\/\",\n        \"priceCurrency\": \"EUR\",\n        \"price\": \"28.00\",\n        \"itemCondition\": \"https:\\\/\\\/schema.org\\\/NewCondition\",\n        \"availability\": \"https:\\\/\\\/schema.org\\\/InStock\",\n        \"seller\": {\n            \"@type\": \"Organization\",\n            \"name\": \"Granducato Collection\"\n        },\n        \"hasMerchantReturnPolicy\": {\n            \"@type\": \"MerchantReturnPolicy\",\n            \"returnPolicyCategory\": \"https:\\\/\\\/schema.org\\\/MerchantReturnFiniteReturnWindow\",\n            \"merchantReturnDays\": 14,\n            \"returnMethod\": \"https:\\\/\\\/schema.org\\\/ReturnByMail\",\n            \"returnFees\": \"https:\\\/\\\/schema.org\\\/ReturnShippingFees\"\n        }\n    },\n    \"sku\": \"CHIANTI-RISERVA-VIGNAVECCHIA-DOCG\"\n}<\/script><\/p>\n<h1>Chianti Riserva DOCG Vigna Vecchia \u2013 Borgunto<\/h1>\n<h2>Hantverksm\u00e4ssigt toskanskt r\u00f6tt vin fr\u00e5n Arezzo, omsorgsfullt lagrat<\/h2>\n<p class=\"translation-block\"><strong>Chianti Riserva DOCG Vignavecchia<\/strong> \u00e4r det mest autentiska uttrycket f\u00f6r den toskanska vintraditionen. Tillverkad i hj\u00e4rtat av <strong>Arezzo<\/strong>, f\u00f6ds denna <strong>toskanska r\u00f6da vin<\/strong> fr\u00e5n noggrant utvalda druvor och mognar i mer \u00e4n 24 m\u00e5nader i ekfat, vilket ger den komplexitet, struktur och en elegant bouquet av r\u00f6da frukter, kryddor och vanilj.<\/p>\n<h3>En ikon f\u00f6r Borgunto-ving\u00e5rden: Riserva Vigna Vecchia<\/h3>\n<p class=\"translation-block\"><strong>Riserva Vignavecchia<\/strong> \u00e4r h\u00f6jdpunkten i <strong>Borguntos<\/strong> produktion. Denna <strong>\u00e5ldrad vin<\/strong> \u00e4r idealisk att servera till rika r\u00e4tter som <strong>stek, vilt eller \u00e4ldre ost<\/strong>, men fungerar ocks\u00e5 som en <strong>elegant vinpresent<\/strong> f\u00f6r sanna k\u00e4nnare.<\/p>\n<h3>Symbol f\u00f6r Granducato-kollektionen: territorium, passion och kvalitet<\/h3>\n<p class=\"translation-block\">Tillverkad av en <strong>hantverksm\u00e4ssig toskansk vink\u00e4llare<\/strong> med djupa r\u00f6tter i omr\u00e5det, utg\u00f6r Chianti Riserva DOCG Vignavecchia en f\u00f6rkroppsligning av <strong>Granducato Collections<\/strong> v\u00e4rderingar: respekt f\u00f6r traditionen, direkt kontroll \u00f6ver ving\u00e5rden och hantverk i varje steg. Ett vin som ber\u00e4ttar om Toscana, glas efter glas.<\/p>","protected":false},"excerpt":{"rendered":"<h1>Chianti Riserva Vignavecchia DOCG<\/h1>\n<p>En begr\u00e4nsad upplaga fr\u00e5n de gamla ving\u00e5rdarna s\u00f6der om Arezzo. Lagrad i \u00f6ver 24 m\u00e5nader p\u00e5 ekfat \u00e4r den elegant, fruktig och ih\u00e5llande. En toskansk hantverksprodukt, perfekt till r\u00f6tt k\u00f6tt och lagrade ostar.<\/p>","protected":false},"featured_media":7097,"template":"","meta":{"_acf_changed":false},"product_brand":[764],"product_cat":[92],"product_tag":[311,306,313,315,277,317,309,316,314,305],"class_list":{"0":"post-7096","1":"product","2":"type-product","3":"status-publish","4":"has-post-thumbnail","6":"product_brand-granducato-collection","7":"product_cat-i-nostri-formati-speciali","8":"product_tag-borgunto","9":"product_tag-chianti-docg","10":"product_tag-chianti-riserva","11":"product_tag-vigna-vecchia","12":"product_tag-vino-da-collezione","13":"product_tag-vino-da-pranzo-elegante","14":"product_tag-vino-da-regalo","15":"product_tag-vino-premium","16":"product_tag-vino-riserva","17":"product_tag-vino-rosso-toscano","19":"first","20":"instock","21":"shipping-taxable","22":"purchasable","23":"product-type-simple"},"acf":[],"yoast_head":"<!-- This site is optimized with the Yoast SEO plugin v26.7 - https:\/\/yoast.com\/wordpress\/plugins\/seo\/ -->\n<title>B&amp;B Arezzo - Chianti Riserva Vignavecchia | Granducato Collection<\/title>\n<meta name=\"description\" content=\"Scopri il Chianti Riserva Vigna Vecchia \u2013 un vino rosso toscano di alta qualit\u00e0, prodotto con uve selezionate da vigneti storici. Ordina ora!\" \/>\n<meta name=\"robots\" content=\"index, follow, max-snippet:-1, max-image-preview:large, max-video-preview:-1\" \/>\n<link rel=\"canonical\" href=\"https:\/\/www.granducatocollection.com\/sv\/product\/chianti-riserva-docg-vigna-vecchia\/\" \/>\n<meta property=\"og:locale\" content=\"sv_SE\" \/>\n<meta property=\"og:type\" content=\"article\" \/>\n<meta property=\"og:title\" content=\"B&amp;B Arezzo - Chianti Riserva Vignavecchia | Granducato Collection\" \/>\n<meta property=\"og:description\" content=\"Scopri il Chianti Riserva Vigna Vecchia \u2013 un vino rosso toscano di alta qualit\u00e0, prodotto con uve selezionate da vigneti storici. Ordina ora!\" \/>\n<meta property=\"og:url\" content=\"https:\/\/www.granducatocollection.com\/sv\/product\/chianti-riserva-docg-vigna-vecchia\/\" \/>\n<meta property=\"og:site_name\" content=\"Granducato Collection\" \/>\n<meta property=\"article:modified_time\" content=\"2026-04-16T12:38:02+00:00\" \/>\n<meta property=\"og:image\" content=\"https:\/\/www.granducatocollection.com\/wp-content\/uploads\/2025\/05\/vignavecchia-borgunto-granducatogestioni-arezzo-firenze-toscana-viareggio-aziendaagricola-affittacamere-BB-suitelets.webp\" \/>\n\t<meta property=\"og:image:width\" content=\"430\" \/>\n\t<meta property=\"og:image:height\" content=\"430\" \/>\n\t<meta property=\"og:image:type\" content=\"image\/webp\" \/>\n<meta name=\"twitter:card\" content=\"summary_large_image\" \/>\n<meta name=\"twitter:label1\" content=\"Ber\u00e4knad l\u00e4stid\" \/>\n\t<meta name=\"twitter:data1\" content=\"2 minuter\" \/>\n<script type=\"application\/ld+json\" class=\"yoast-schema-graph\">{\"@context\":\"https:\/\/schema.org\",\"@graph\":[{\"@type\":\"WebPage\",\"@id\":\"https:\/\/www.granducatocollection.com\/prodotto\/chianti-riserva-docg-vignavecchia\/\",\"url\":\"https:\/\/www.granducatocollection.com\/prodotto\/chianti-riserva-docg-vigna-vecchia\/\",\"name\":\"B&B Arezzo - Chianti Riserva Vignavecchia | Granducato Collection\",\"isPartOf\":{\"@id\":\"https:\/\/www.granducatocollection.com\/#website\"},\"primaryImageOfPage\":{\"@id\":\"https:\/\/www.granducatocollection.com\/prodotto\/chianti-riserva-docg-vigna-vecchia\/#primaryimage\"},\"image\":{\"@id\":\"https:\/\/www.granducatocollection.com\/prodotto\/chianti-riserva-docg-vigna-vecchia\/#primaryimage\"},\"thumbnailUrl\":\"https:\/\/www.granducatocollection.com\/wp-content\/uploads\/2025\/05\/vignavecchia-borgunto-granducatogestioni-arezzo-firenze-toscana-viareggio-aziendaagricola-affittacamere-BB-suitelets.webp\",\"datePublished\":\"2025-05-10T12:16:42+00:00\",\"dateModified\":\"2026-04-16T12:38:02+00:00\",\"description\":\"Scopri il Chianti Riserva Vigna Vecchia \u2013 un vino rosso toscano di alta qualit\u00e0, prodotto con uve selezionate da vigneti storici. Ordina ora!\",\"breadcrumb\":{\"@id\":\"https:\/\/www.granducatocollection.com\/prodotto\/chianti-riserva-docg-vigna-vecchia\/#breadcrumb\"},\"inLanguage\":\"sv-SE\",\"potentialAction\":[{\"@type\":\"ReadAction\",\"target\":[\"https:\/\/www.granducatocollection.com\/prodotto\/chianti-riserva-docg-vigna-vecchia\/\"]}]},{\"@type\":\"ImageObject\",\"inLanguage\":\"sv-SE\",\"@id\":\"https:\/\/www.granducatocollection.com\/prodotto\/chianti-riserva-docg-vigna-vecchia\/#primaryimage\",\"url\":\"https:\/\/www.granducatocollection.com\/wp-content\/uploads\/2025\/05\/vignavecchia-borgunto-granducatogestioni-arezzo-firenze-toscana-viareggio-aziendaagricola-affittacamere-BB-suitelets.webp\",\"contentUrl\":\"https:\/\/www.granducatocollection.com\/wp-content\/uploads\/2025\/05\/vignavecchia-borgunto-granducatogestioni-arezzo-firenze-toscana-viareggio-aziendaagricola-affittacamere-BB-suitelets.webp\",\"width\":430,\"height\":430,\"caption\":\"Jeroboam Vigna Vecchia vino rosso italiano formato 3L edizione limitata\"},{\"@type\":\"BreadcrumbList\",\"@id\":\"https:\/\/www.granducatocollection.com\/prodotto\/chianti-riserva-docg-vigna-vecchia\/#breadcrumb\",\"itemListElement\":[{\"@type\":\"ListItem\",\"position\":1,\"name\":\"Home\",\"item\":\"https:\/\/www.granducatocollection.com\/\"},{\"@type\":\"ListItem\",\"position\":2,\"name\":\"Shop\",\"item\":\"https:\/\/www.granducatocollection.com\/negozio\/\"},{\"@type\":\"ListItem\",\"position\":3,\"name\":\"Chianti Riserva Docg Vigna Vecchia\"}]},{\"@type\":\"WebSite\",\"@id\":\"https:\/\/www.granducatocollection.com\/#website\",\"url\":\"https:\/\/www.granducatocollection.com\/\",\"name\":\"GranDucato Collection\",\"description\":\"Prenota la tua vacanza e vivi un&#039;esperienza unica\",\"potentialAction\":[{\"@type\":\"SearchAction\",\"target\":{\"@type\":\"EntryPoint\",\"urlTemplate\":\"https:\/\/www.granducatocollection.com\/?s={search_term_string}\"},\"query-input\":{\"@type\":\"PropertyValueSpecification\",\"valueRequired\":true,\"valueName\":\"search_term_string\"}}],\"inLanguage\":\"sv-SE\"}]}<\/script>\n<!-- \/ Yoast SEO plugin. -->","yoast_head_json":{"title":"B&B Arezzo - Chianti Riserva Vignavecchia | Granducato Collection","description":"Scopri il Chianti Riserva Vigna Vecchia \u2013 un vino rosso toscano di alta qualit\u00e0, prodotto con uve selezionate da vigneti storici. Ordina ora!","robots":{"index":"index","follow":"follow","max-snippet":"max-snippet:-1","max-image-preview":"max-image-preview:large","max-video-preview":"max-video-preview:-1"},"canonical":"https:\/\/www.granducatocollection.com\/sv\/product\/chianti-riserva-docg-vigna-vecchia\/","og_locale":"sv_SE","og_type":"article","og_title":"B&B Arezzo - Chianti Riserva Vignavecchia | Granducato Collection","og_description":"Scopri il Chianti Riserva Vigna Vecchia \u2013 un vino rosso toscano di alta qualit\u00e0, prodotto con uve selezionate da vigneti storici. Ordina ora!","og_url":"https:\/\/www.granducatocollection.com\/sv\/product\/chianti-riserva-docg-vigna-vecchia\/","og_site_name":"Granducato Collection","article_modified_time":"2026-04-16T12:38:02+00:00","og_image":[{"width":430,"height":430,"url":"https:\/\/www.granducatocollection.com\/wp-content\/uploads\/2025\/05\/vignavecchia-borgunto-granducatogestioni-arezzo-firenze-toscana-viareggio-aziendaagricola-affittacamere-BB-suitelets.webp","type":"image\/webp"}],"twitter_card":"summary_large_image","twitter_misc":{"Ber\u00e4knad l\u00e4stid":"2 minuter"},"schema":{"@context":"https:\/\/schema.org","@graph":[{"@type":"WebPage","@id":"https:\/\/www.granducatocollection.com\/prodotto\/chianti-riserva-docg-vignavecchia\/","url":"https:\/\/www.granducatocollection.com\/prodotto\/chianti-riserva-docg-vigna-vecchia\/","name":"B&B Arezzo - Chianti Riserva Vignavecchia | Granducato Collection","isPartOf":{"@id":"https:\/\/www.granducatocollection.com\/#website"},"primaryImageOfPage":{"@id":"https:\/\/www.granducatocollection.com\/prodotto\/chianti-riserva-docg-vigna-vecchia\/#primaryimage"},"image":{"@id":"https:\/\/www.granducatocollection.com\/prodotto\/chianti-riserva-docg-vigna-vecchia\/#primaryimage"},"thumbnailUrl":"https:\/\/www.granducatocollection.com\/wp-content\/uploads\/2025\/05\/vignavecchia-borgunto-granducatogestioni-arezzo-firenze-toscana-viareggio-aziendaagricola-affittacamere-BB-suitelets.webp","datePublished":"2025-05-10T12:16:42+00:00","dateModified":"2026-04-16T12:38:02+00:00","description":"Scopri il Chianti Riserva Vigna Vecchia \u2013 un vino rosso toscano di alta qualit\u00e0, prodotto con uve selezionate da vigneti storici. Ordina ora!","breadcrumb":{"@id":"https:\/\/www.granducatocollection.com\/prodotto\/chianti-riserva-docg-vigna-vecchia\/#breadcrumb"},"inLanguage":"sv-SE","potentialAction":[{"@type":"ReadAction","target":["https:\/\/www.granducatocollection.com\/prodotto\/chianti-riserva-docg-vigna-vecchia\/"]}]},{"@type":"ImageObject","inLanguage":"sv-SE","@id":"https:\/\/www.granducatocollection.com\/prodotto\/chianti-riserva-docg-vigna-vecchia\/#primaryimage","url":"https:\/\/www.granducatocollection.com\/wp-content\/uploads\/2025\/05\/vignavecchia-borgunto-granducatogestioni-arezzo-firenze-toscana-viareggio-aziendaagricola-affittacamere-BB-suitelets.webp","contentUrl":"https:\/\/www.granducatocollection.com\/wp-content\/uploads\/2025\/05\/vignavecchia-borgunto-granducatogestioni-arezzo-firenze-toscana-viareggio-aziendaagricola-affittacamere-BB-suitelets.webp","width":430,"height":430,"caption":"Jeroboam Vigna Vecchia vino rosso italiano formato 3L edizione limitata"},{"@type":"BreadcrumbList","@id":"https:\/\/www.granducatocollection.com\/prodotto\/chianti-riserva-docg-vigna-vecchia\/#breadcrumb","itemListElement":[{"@type":"ListItem","position":1,"name":"Home","item":"https:\/\/www.granducatocollection.com\/"},{"@type":"ListItem","position":2,"name":"Shop","item":"https:\/\/www.granducatocollection.com\/negozio\/"},{"@type":"ListItem","position":3,"name":"Chianti Riserva Docg Vigna Vecchia"}]},{"@type":"WebSite","@id":"https:\/\/www.granducatocollection.com\/#website","url":"https:\/\/www.granducatocollection.com\/","name":"GranDucato Collection","description":"Prenota la tua vacanza e vivi un&#039;esperienza unica","potentialAction":[{"@type":"SearchAction","target":{"@type":"EntryPoint","urlTemplate":"https:\/\/www.granducatocollection.com\/?s={search_term_string}"},"query-input":{"@type":"PropertyValueSpecification","valueRequired":true,"valueName":"search_term_string"}}],"inLanguage":"sv-SE"}]}},"_links":{"self":[{"href":"https:\/\/www.granducatocollection.com\/sv\/wp-json\/wp\/v2\/product\/7096","targetHints":{"allow":["GET"]}}],"collection":[{"href":"https:\/\/www.granducatocollection.com\/sv\/wp-json\/wp\/v2\/product"}],"about":[{"href":"https:\/\/www.granducatocollection.com\/sv\/wp-json\/wp\/v2\/types\/product"}],"wp:featuredmedia":[{"embeddable":true,"href":"https:\/\/www.granducatocollection.com\/sv\/wp-json\/wp\/v2\/media\/7097"}],"wp:attachment":[{"href":"https:\/\/www.granducatocollection.com\/sv\/wp-json\/wp\/v2\/media?parent=7096"}],"wp:term":[{"taxonomy":"product_brand","embeddable":true,"href":"https:\/\/www.granducatocollection.com\/sv\/wp-json\/wp\/v2\/product_brand?post=7096"},{"taxonomy":"product_cat","embeddable":true,"href":"https:\/\/www.granducatocollection.com\/sv\/wp-json\/wp\/v2\/product_cat?post=7096"},{"taxonomy":"product_tag","embeddable":true,"href":"https:\/\/www.granducatocollection.com\/sv\/wp-json\/wp\/v2\/product_tag?post=7096"}],"curies":[{"name":"wp","href":"https:\/\/api.w.org\/{rel}","templated":true}]}}