{"id":7090,"date":"2025-05-10T11:40:23","date_gmt":"2025-05-10T11:40:23","guid":{"rendered":"https:\/\/www.granducatocollection.com\/?post_type=product&#038;p=7090"},"modified":"2026-04-20T22:33:56","modified_gmt":"2026-04-20T22:33:56","slug":"burro-al-tartufo-bianco","status":"publish","type":"product","link":"https:\/\/www.granducatocollection.com\/sv\/product\/burro-al-tartufo-bianco\/","title":{"rendered":"Vitt tryffelsm\u00f6r"},"content":{"rendered":"<p><script type=\"application\/ld+json\">{\n    \"@context\": \"https:\\\/\\\/schema.org\",\n    \"@type\": \"Product\",\n    \"@id\": \"https:\\\/\\\/www.granducatocollection.com\\\/prodotto\\\/burro-al-tartufo-bianco\\\/\",\n    \"name\": \"Burro al Tartufo Bianco \\u2013 Specialit\\u00e0 Gourmet Borgunto\",\n    \"image\": \"https:\\\/\\\/www.granducatocollection.com\\\/wp-content\\\/uploads\\\/2026\\\/01\\\/burro-al-tartufo-bianco-borgunto.jpg\",\n    \"description\": \"Burro al tartufo bianco artigianale con Tartufo Bianchetto, prodotto ad Arezzo in Toscana. Specialit\\u00e0 gourmet perfetta come regalo raffinato o per impreziosire piatti di alta cucina.\",\n    \"brand\": {\n        \"@type\": \"Organization\",\n        \"name\": \"Borgunto\"\n    },\n    \"offers\": {\n        \"@type\": \"Offer\",\n        \"url\": \"https:\\\/\\\/www.granducatocollection.com\\\/prodotto\\\/burro-al-tartufo-bianco\\\/\",\n        \"priceCurrency\": \"EUR\",\n        \"price\": \"18.00\",\n        \"itemCondition\": \"https:\\\/\\\/schema.org\\\/NewCondition\",\n        \"availability\": \"https:\\\/\\\/schema.org\\\/InStock\",\n        \"seller\": {\n            \"@type\": \"Organization\",\n            \"name\": \"Granducato Collection\"\n        }\n    },\n    \"sku\": \"BURRO-TARTUFO-BIANCO\"\n}<\/script><\/p>\n<h1>Vitt tryffelsm\u00f6r \u2013 Borgunto Gourmet Specialty<\/h1>\n<h2>Toskansk hantverksprodukt med vit tryffel, fr\u00e5n Arezzo<\/h2>\n<p class=\"translation-block\"><strong>Sm\u00f6r med vit truffel<\/strong> \u00e4r en <strong>truffelspecialitet<\/strong> av h\u00f6gsta kvalitet, tillverkad av <strong>Borgunto<\/strong> i hj\u00e4rtat av <strong>Toscana<\/strong>. Produkten tillverkas i <strong>Arezzo<\/strong> med <strong>r\u00e5varor fr\u00e5n kontrollerad ursprung<\/strong> och f\u00f6renar den kr\u00e4miga konsistensen hos noggrant utvalt sm\u00f6r med den intensiva aromen fr\u00e5n den eftertraktade <strong>vita truffeln (Tartufo Bianchetto)<\/strong>, vilket skapar en kulinarisk lyxprodukt perfekt f\u00f6r att f\u00f6rst\u00e4rka pastar\u00e4tter, k\u00f6tt, \u00e4gg eller enkla rostade br\u00f6dskivor.<\/p>\n<h3>En raffinerad gourmetpresent f\u00f6r sanna finsmakare<\/h3>\n<p class=\"translation-block\">Elegant f\u00f6rpackad och med f\u00f6rfinad smak \u00e4r detta tryffelsm\u00f6r en raffinerad gourmetpresent f\u00f6r de som \u00e4lskar god mat. Perfekt f\u00f6r jul, \u00e5rsdagar eller speciella tillf\u00e4llen, och det visar upp den italienska gastronomiska traditionens f\u00f6rtr\u00e4fflighet genom en unik sensorisk upplevelse.<\/p>\n<h3>Symbol f\u00f6r Granducato-kollektionen: hantverksskicklighet, territorium och sp\u00e5rbarhet<\/h3>\n<p class=\"translation-block\">Denna <strong>gastronomiska delikatess<\/strong> f\u00f6rkroppsligar v\u00e4rdena i <strong>Granducato Collection<\/strong>: hantverksm\u00e4ssig produktion, direkt kontroll \u00f6ver r\u00e5varorna, respekt f\u00f6r det toskanska territoriet och st\u00f6rsta m\u00f6jliga uppm\u00e4rksamhet p\u00e5 detaljer. Varje burk \u00e4r en hyllning till den italienska truffelkulturen, skapad f\u00f6r den som s\u00f6ker autenticitet och kvalitet utan kompromisser.<\/p>","protected":false},"excerpt":{"rendered":"<h1>Tryffelsm\u00f6r<\/h1>\n<p>F\u00f6rdjupa dig i en extraordin\u00e4r kulinarisk upplevelse med vit tryffel och Bianchetto tryffelsm\u00f6rkr\u00e4m, en koncentration av lyx och sofistikering som f\u00f6rkroppsligas i varje l\u00e4cker burk. Denna gastronomiska delikatess, gjord med certifierade r\u00e5varor, \u00e4r perfekt f\u00f6r att f\u00f6rb\u00e4ttra dina r\u00e4tter och ge en touch av elegans till alla tillf\u00e4llen.<br \/>\n<!-- === SOLO PULSANTI AMAZON &#038; EBAY === --><\/p>\n<div style=\"margin: 20px 0; padding: 15px 0;\">\n<div style=\"display: flex; flex-direction: column; gap: 12px;\">\n<p><!-- Amazon Button --><br \/>\n<a href=\"https:\/\/www.amazon.it\/Borgunto%C2%AE-BURRO-TARTUFO-BIANCO-80gr\/dp\/B0CPJPBPR8?ref_=ast_sto_dp&#038;th=1&#038;psc=1\" target=\"_blank\" rel=\"noopener noreferrer\" style=\"display: inline-flex; align-items: center; justify-content: flex-start; gap: 12px; padding: 14px 20px; border-radius: 8px; text-decoration: none !important; font-weight: 600; font-size: 15px; background: linear-gradient(135deg, #FF9900, #FFB14D); color: #232F3E; box-shadow: 0 2px 6px rgba(0,0,0,0.1); transition: transform 0.2s; border: none; cursor: pointer;\"><br \/>\n<img decoding=\"async\" src=\"https:\/\/cdn.iconscout.com\/icon\/free\/png-256\/free-amazon-logo-icon-svg-download-png-1583154.png?f=webp\" alt=\"Amazon\" style=\"width: 28px !important; height: 28px !important; min-width: 28px !important; min-height: 28px !important; max-width: 28px !important; max-height: 28px !important; object-fit: contain; display: block;\"><br \/>\n<span style=\"flex: 1;\">Acquista su Amazon<\/span><br \/>\n<svg viewbox=\"0 0 24 24\" style=\"width: 20px !important; height: 20px !important; min-width: 20px !important; min-height: 20px !important; max-width: 20px !important; max-height: 20px !important; fill: currentColor; opacity: 0.9; flex-shrink: 0;\" xmlns=\"http:\/\/www.w3.org\/2000\/svg\">\n<path d=\"M16 11V7a4 4 0 00-8 0v4M5 9h14l1 12H4L5 9z\"\/>\n<\/svg><br \/>\n<\/a><\/p>\n<p><!-- eBay Button --><br \/>\n<a href=\"https:\/\/www.ebay.it\/itm\/376801017584\" target=\"_blank\" rel=\"noopener noreferrer\" style=\"display: inline-flex; align-items: center; justify-content: flex-start; gap: 12px; padding: 14px 20px; border-radius: 8px; text-decoration: none !important; font-weight: 600; font-size: 15px; background: linear-gradient(135deg, #E53238 0%, #0064D2 50%, #F5AF02 100%); background-size: 200% 200%; color: white; box-shadow: 0 2px 6px rgba(0,0,0,0.1); transition: transform 0.2s; border: none; cursor: pointer;\"><br \/>\n<img decoding=\"async\" src=\"https:\/\/storage.googleapis.com\/msgsndr\/z6XdTU91SOnHw123nyir\/media\/67c87de08123744ce68ae3c9.webp\" alt=\"eBay\" style=\"width: 28px !important; height: 28px !important; min-width: 28px !important; min-height: 28px !important; max-width: 28px !important; max-height: 28px !important; object-fit: contain; display: block;\"><br \/>\n<span style=\"flex: 1;\">Acquista su eBay<\/span><br \/>\n<svg viewbox=\"0 0 24 24\" style=\"width: 20px !important; height: 20px !important; min-width: 20px !important; min-height: 20px !important; max-width: 20px !important; max-height: 20px !important; fill: currentColor; opacity: 0.9; flex-shrink: 0;\" xmlns=\"http:\/\/www.w3.org\/2000\/svg\">\n<path d=\"M16 11V7a4 4 0 00-8 0v4M5 9h14l1 12H4L5 9z\"\/>\n<\/svg><br \/>\n<\/a><\/p>\n<\/div>\n<\/div>\n<p><!-- === FINE PULSANTI === --><\/p>","protected":false},"featured_media":8864,"template":"","meta":{"_acf_changed":false},"product_brand":[764],"product_cat":[844],"product_tag":[228,236,234,245,247,229],"class_list":{"0":"post-7090","1":"product","2":"type-product","3":"status-publish","4":"has-post-thumbnail","6":"product_brand-granducato-collection","7":"product_cat-cucina-pronta","8":"product_tag-burro-al-tartufo","9":"product_tag-burro-artigianale","10":"product_tag-condimento-gourmet","11":"product_tag-prodotto-italiano","12":"product_tag-regalo-enogastronomico","13":"product_tag-tartufo-bianco","15":"first","16":"instock","17":"shipping-taxable","18":"purchasable","19":"product-type-simple"},"acf":[],"yoast_head":"<!-- This site is optimized with the Yoast SEO plugin v26.7 - https:\/\/yoast.com\/wordpress\/plugins\/seo\/ -->\n<title>B&amp;B Arezzo - Burro al Tartufo Bianco - Granducato Collection<\/title>\n<meta name=\"description\" content=\"Scopri il Burro al Tartufo Bianco di Granducato Collection: un&#039;eccellenza italiana realizzata con tartufo bianco pregiato e burro artigianale.\" \/>\n<meta name=\"robots\" content=\"index, follow, max-snippet:-1, max-image-preview:large, max-video-preview:-1\" \/>\n<link rel=\"canonical\" href=\"https:\/\/www.granducatocollection.com\/sv\/product\/burro-al-tartufo-bianco\/\" \/>\n<meta property=\"og:locale\" content=\"sv_SE\" \/>\n<meta property=\"og:type\" content=\"article\" \/>\n<meta property=\"og:title\" content=\"B&amp;B Arezzo - Burro al Tartufo Bianco - Granducato Collection\" \/>\n<meta property=\"og:description\" content=\"Scopri il Burro al Tartufo Bianco di Granducato Collection: un&#039;eccellenza italiana realizzata con tartufo bianco pregiato e burro artigianale.\" \/>\n<meta property=\"og:url\" content=\"https:\/\/www.granducatocollection.com\/sv\/product\/burro-al-tartufo-bianco\/\" \/>\n<meta property=\"og:site_name\" content=\"Granducato Collection\" \/>\n<meta property=\"article:modified_time\" content=\"2026-04-20T22:33:56+00:00\" \/>\n<meta property=\"og:image\" content=\"https:\/\/www.granducatocollection.com\/wp-content\/uploads\/2025\/05\/burro_al_tartufo_borgunto_granducatocollection_arezzo_firenze_toscana_tartufo_affittacamere.webp\" \/>\n\t<meta property=\"og:image:width\" content=\"2400\" \/>\n\t<meta property=\"og:image:height\" content=\"2400\" \/>\n\t<meta property=\"og:image:type\" content=\"image\/webp\" \/>\n<meta name=\"twitter:card\" content=\"summary_large_image\" \/>\n<meta name=\"twitter:label1\" content=\"Ber\u00e4knad l\u00e4stid\" \/>\n\t<meta name=\"twitter:data1\" content=\"2 minuter\" \/>\n<script type=\"application\/ld+json\" class=\"yoast-schema-graph\">{\"@context\":\"https:\/\/schema.org\",\"@graph\":[{\"@type\":\"WebPage\",\"@id\":\"https:\/\/www.granducatocollection.com\/prodotto\/burro-al-tartufo-bianco\/\",\"url\":\"https:\/\/www.granducatocollection.com\/prodotto\/burro-al-tartufo-bianco\/\",\"name\":\"B&B Arezzo - Burro al Tartufo Bianco - Granducato Collection\",\"isPartOf\":{\"@id\":\"https:\/\/www.granducatocollection.com\/#website\"},\"primaryImageOfPage\":{\"@id\":\"https:\/\/www.granducatocollection.com\/prodotto\/burro-al-tartufo-bianco\/#primaryimage\"},\"image\":{\"@id\":\"https:\/\/www.granducatocollection.com\/prodotto\/burro-al-tartufo-bianco\/#primaryimage\"},\"thumbnailUrl\":\"https:\/\/www.granducatocollection.com\/wp-content\/uploads\/2025\/05\/burro_al_tartufo_borgunto_granducatocollection_arezzo_firenze_toscana_tartufo_affittacamere.webp\",\"datePublished\":\"2025-05-10T11:40:23+00:00\",\"dateModified\":\"2026-04-20T22:33:56+00:00\",\"description\":\"Scopri il Burro al Tartufo Bianco di Granducato Collection: un'eccellenza italiana realizzata con tartufo bianco pregiato e burro artigianale.\",\"breadcrumb\":{\"@id\":\"https:\/\/www.granducatocollection.com\/prodotto\/burro-al-tartufo-bianco\/#breadcrumb\"},\"inLanguage\":\"sv-SE\",\"potentialAction\":[{\"@type\":\"ReadAction\",\"target\":[\"https:\/\/www.granducatocollection.com\/prodotto\/burro-al-tartufo-bianco\/\"]}]},{\"@type\":\"ImageObject\",\"inLanguage\":\"sv-SE\",\"@id\":\"https:\/\/www.granducatocollection.com\/prodotto\/burro-al-tartufo-bianco\/#primaryimage\",\"url\":\"https:\/\/www.granducatocollection.com\/wp-content\/uploads\/2025\/05\/burro_al_tartufo_borgunto_granducatocollection_arezzo_firenze_toscana_tartufo_affittacamere.webp\",\"contentUrl\":\"https:\/\/www.granducatocollection.com\/wp-content\/uploads\/2025\/05\/burro_al_tartufo_borgunto_granducatocollection_arezzo_firenze_toscana_tartufo_affittacamere.webp\",\"width\":2400,\"height\":2400,\"caption\":\"Burro al tartufo bianco pregiato prodotto artigianale italiano gourmet\"},{\"@type\":\"BreadcrumbList\",\"@id\":\"https:\/\/www.granducatocollection.com\/prodotto\/burro-al-tartufo-bianco\/#breadcrumb\",\"itemListElement\":[{\"@type\":\"ListItem\",\"position\":1,\"name\":\"Home\",\"item\":\"https:\/\/www.granducatocollection.com\/\"},{\"@type\":\"ListItem\",\"position\":2,\"name\":\"Shop\",\"item\":\"https:\/\/www.granducatocollection.com\/negozio\/\"},{\"@type\":\"ListItem\",\"position\":3,\"name\":\"Burro al Tartufo Bianco\"}]},{\"@type\":\"WebSite\",\"@id\":\"https:\/\/www.granducatocollection.com\/#website\",\"url\":\"https:\/\/www.granducatocollection.com\/\",\"name\":\"GranDucato Collection\",\"description\":\"Prenota la tua vacanza e vivi un&#039;esperienza unica\",\"potentialAction\":[{\"@type\":\"SearchAction\",\"target\":{\"@type\":\"EntryPoint\",\"urlTemplate\":\"https:\/\/www.granducatocollection.com\/?s={search_term_string}\"},\"query-input\":{\"@type\":\"PropertyValueSpecification\",\"valueRequired\":true,\"valueName\":\"search_term_string\"}}],\"inLanguage\":\"sv-SE\"}]}<\/script>\n<!-- \/ Yoast SEO plugin. -->","yoast_head_json":{"title":"B&B Arezzo - Burro al Tartufo Bianco - Granducato Collection","description":"Scopri il Burro al Tartufo Bianco di Granducato Collection: un'eccellenza italiana realizzata con tartufo bianco pregiato e burro artigianale.","robots":{"index":"index","follow":"follow","max-snippet":"max-snippet:-1","max-image-preview":"max-image-preview:large","max-video-preview":"max-video-preview:-1"},"canonical":"https:\/\/www.granducatocollection.com\/sv\/product\/burro-al-tartufo-bianco\/","og_locale":"sv_SE","og_type":"article","og_title":"B&B Arezzo - Burro al Tartufo Bianco - Granducato Collection","og_description":"Scopri il Burro al Tartufo Bianco di Granducato Collection: un'eccellenza italiana realizzata con tartufo bianco pregiato e burro artigianale.","og_url":"https:\/\/www.granducatocollection.com\/sv\/product\/burro-al-tartufo-bianco\/","og_site_name":"Granducato Collection","article_modified_time":"2026-04-20T22:33:56+00:00","og_image":[{"width":2400,"height":2400,"url":"https:\/\/www.granducatocollection.com\/wp-content\/uploads\/2025\/05\/burro_al_tartufo_borgunto_granducatocollection_arezzo_firenze_toscana_tartufo_affittacamere.webp","type":"image\/webp"}],"twitter_card":"summary_large_image","twitter_misc":{"Ber\u00e4knad l\u00e4stid":"2 minuter"},"schema":{"@context":"https:\/\/schema.org","@graph":[{"@type":"WebPage","@id":"https:\/\/www.granducatocollection.com\/prodotto\/burro-al-tartufo-bianco\/","url":"https:\/\/www.granducatocollection.com\/prodotto\/burro-al-tartufo-bianco\/","name":"B&B Arezzo - Burro al Tartufo Bianco - Granducato Collection","isPartOf":{"@id":"https:\/\/www.granducatocollection.com\/#website"},"primaryImageOfPage":{"@id":"https:\/\/www.granducatocollection.com\/prodotto\/burro-al-tartufo-bianco\/#primaryimage"},"image":{"@id":"https:\/\/www.granducatocollection.com\/prodotto\/burro-al-tartufo-bianco\/#primaryimage"},"thumbnailUrl":"https:\/\/www.granducatocollection.com\/wp-content\/uploads\/2025\/05\/burro_al_tartufo_borgunto_granducatocollection_arezzo_firenze_toscana_tartufo_affittacamere.webp","datePublished":"2025-05-10T11:40:23+00:00","dateModified":"2026-04-20T22:33:56+00:00","description":"Scopri il Burro al Tartufo Bianco di Granducato Collection: un'eccellenza italiana realizzata con tartufo bianco pregiato e burro artigianale.","breadcrumb":{"@id":"https:\/\/www.granducatocollection.com\/prodotto\/burro-al-tartufo-bianco\/#breadcrumb"},"inLanguage":"sv-SE","potentialAction":[{"@type":"ReadAction","target":["https:\/\/www.granducatocollection.com\/prodotto\/burro-al-tartufo-bianco\/"]}]},{"@type":"ImageObject","inLanguage":"sv-SE","@id":"https:\/\/www.granducatocollection.com\/prodotto\/burro-al-tartufo-bianco\/#primaryimage","url":"https:\/\/www.granducatocollection.com\/wp-content\/uploads\/2025\/05\/burro_al_tartufo_borgunto_granducatocollection_arezzo_firenze_toscana_tartufo_affittacamere.webp","contentUrl":"https:\/\/www.granducatocollection.com\/wp-content\/uploads\/2025\/05\/burro_al_tartufo_borgunto_granducatocollection_arezzo_firenze_toscana_tartufo_affittacamere.webp","width":2400,"height":2400,"caption":"Burro al tartufo bianco pregiato prodotto artigianale italiano gourmet"},{"@type":"BreadcrumbList","@id":"https:\/\/www.granducatocollection.com\/prodotto\/burro-al-tartufo-bianco\/#breadcrumb","itemListElement":[{"@type":"ListItem","position":1,"name":"Home","item":"https:\/\/www.granducatocollection.com\/"},{"@type":"ListItem","position":2,"name":"Shop","item":"https:\/\/www.granducatocollection.com\/negozio\/"},{"@type":"ListItem","position":3,"name":"Burro al Tartufo Bianco"}]},{"@type":"WebSite","@id":"https:\/\/www.granducatocollection.com\/#website","url":"https:\/\/www.granducatocollection.com\/","name":"GranDucato Collection","description":"Prenota la tua vacanza e vivi un&#039;esperienza unica","potentialAction":[{"@type":"SearchAction","target":{"@type":"EntryPoint","urlTemplate":"https:\/\/www.granducatocollection.com\/?s={search_term_string}"},"query-input":{"@type":"PropertyValueSpecification","valueRequired":true,"valueName":"search_term_string"}}],"inLanguage":"sv-SE"}]}},"_links":{"self":[{"href":"https:\/\/www.granducatocollection.com\/sv\/wp-json\/wp\/v2\/product\/7090","targetHints":{"allow":["GET"]}}],"collection":[{"href":"https:\/\/www.granducatocollection.com\/sv\/wp-json\/wp\/v2\/product"}],"about":[{"href":"https:\/\/www.granducatocollection.com\/sv\/wp-json\/wp\/v2\/types\/product"}],"wp:featuredmedia":[{"embeddable":true,"href":"https:\/\/www.granducatocollection.com\/sv\/wp-json\/wp\/v2\/media\/8864"}],"wp:attachment":[{"href":"https:\/\/www.granducatocollection.com\/sv\/wp-json\/wp\/v2\/media?parent=7090"}],"wp:term":[{"taxonomy":"product_brand","embeddable":true,"href":"https:\/\/www.granducatocollection.com\/sv\/wp-json\/wp\/v2\/product_brand?post=7090"},{"taxonomy":"product_cat","embeddable":true,"href":"https:\/\/www.granducatocollection.com\/sv\/wp-json\/wp\/v2\/product_cat?post=7090"},{"taxonomy":"product_tag","embeddable":true,"href":"https:\/\/www.granducatocollection.com\/sv\/wp-json\/wp\/v2\/product_tag?post=7090"}],"curies":[{"name":"wp","href":"https:\/\/api.w.org\/{rel}","templated":true}]}}