{"id":7081,"date":"2025-05-10T11:00:41","date_gmt":"2025-05-10T11:00:41","guid":{"rendered":"https:\/\/www.granducatocollection.com\/?post_type=product&#038;p=7081"},"modified":"2026-04-20T22:30:11","modified_gmt":"2026-04-20T22:30:11","slug":"borgunto-la-pasta-dei-coltivatori-toscani","status":"publish","type":"product","link":"https:\/\/www.granducatocollection.com\/sv\/product\/borgunto-la-pasta-dei-coltivatori-toscani\/","title":{"rendered":"Borgunto, pasta fr\u00e5n toskanska b\u00f6nder"},"content":{"rendered":"<p><script type=\"application\/ld+json\">{\n    \"@context\": \"https:\\\/\\\/schema.org\",\n    \"@type\": \"Product\",\n    \"@id\": \"https:\\\/\\\/www.granducatocollection.com\\\/prodotto\\\/borgunto-la-pasta-dei-coltivatori-toscani\\\/\",\n    \"name\": \"La Pasta dei Coltivatori Toscani \\u2013 Borgunto\",\n    \"image\": \"https:\\\/\\\/www.granducatocollection.com\\\/wp-content\\\/uploads\\\/2026\\\/01\\\/pasta-coltivatori-toscani-borgunto.jpg\",\n    \"description\": \"Pasta artigianale toscana realizzata ad Arezzo con semola di grano duro italiano. Prodotto Borgunto con tracciabilit\\u00e0 dal campo alla tavola, senza additivi. Perfetta per regali gourmet o uso quotidiano.\",\n    \"brand\": {\n        \"@type\": \"Brand\",\n        \"name\": \"Borgunto\"\n    },\n    \"offers\": {\n        \"@type\": \"Offer\",\n        \"url\": \"https:\\\/\\\/www.granducatocollection.com\\\/prodotto\\\/borgunto-la-pasta-dei-coltivatori-toscani\\\/\",\n        \"priceCurrency\": \"EUR\",\n        \"price\": \"5.50\",\n        \"itemCondition\": \"https:\\\/\\\/schema.org\\\/NewCondition\",\n        \"availability\": \"https:\\\/\\\/schema.org\\\/InStock\",\n        \"seller\": {\n            \"@type\": \"Organization\",\n            \"name\": \"Granducato Collection\"\n        },\n        \"hasMerchantReturnPolicy\": {\n            \"@type\": \"MerchantReturnPolicy\",\n            \"returnPolicyCategory\": \"https:\\\/\\\/schema.org\\\/MerchantReturnFiniteReturnWindow\",\n            \"merchantReturnDays\": 14,\n            \"returnMethod\": \"https:\\\/\\\/schema.org\\\/ReturnByMail\",\n            \"returnFees\": \"https:\\\/\\\/schema.org\\\/FreeReturn\"\n        }\n    },\n    \"sku\": \"PASTA-COLTI-TOSCANI\"\n}<\/script><br \/>\n<\/script><\/p>\n<h1>Toskansk bondpasta \u2013 Borgunto<\/h1>\n<h2>Hantverksm\u00e4ssig toskansk pasta med italiensk durumvetemj\u00f6l, producerad i Arezzo<\/h2>\n<p class=\"translation-block\">**Pasta dei Coltivatori Toscani** \u00e4r en hyllning till italiensk tradition, tillverkad av *Borgunto* i hj\u00e4rtat av *Arezzo*. Denna *hantverksm\u00e4ssigt tillverkade toskanska pasta* \u00e4r tillagad uteslutande med *italiensk durumvetemj\u00f6l* och k\u00e4llvatten. Den h\u00e4r *hantverksm\u00e4ssigt tillverkade toskanska pastan* \u00e4r sprungen ur ett direkt samarbete mellan bonden och pastafabriken, vilket garanterar maximal kvalitet och *sp\u00e5rbarhet fr\u00e5n jord till bord*.<\/p>\n<h3>Utan tillsatser, perfekt f\u00f6r vardagsmatlagning eller som gourmetpresent<\/h3>\n<p class=\"translation-block\">Bearbetad vid l\u00e5g temperatur och bronsdragen, bibeh\u00e5ller den den ideala porositeten f\u00f6r att h\u00e5lla s\u00e5ser. **Utan tillsatser eller konserveringsmedel** \u00e4r den perfekt f\u00f6r familjer som s\u00f6ker \u00e4kthet varje dag \u2013 men ocks\u00e5 som en **vardaglig gourmetpresent** f\u00f6r dem som uppskattar \u00e4kta italiensk pasta.<\/p>\n<h3>Symbol f\u00f6r Storhertigd\u00f6mets samling: territorium, transparens och tradition<\/h3>\n<p class=\"translation-block\">Denna produkt f\u00f6rkroppsligar v\u00e4rdena i *Granducato Collection*: respekt f\u00f6r det toskanska territoriet, direkt kontroll \u00f6ver leveranskedjan och ett firande av den *italienska pastatraditionen*. Varje 500 g f\u00f6rpackning ber\u00e4ttar historien om dem som odlar, producerar och \u00e4lskar pasta som den en g\u00e5ng gjordes.<\/p>","protected":false},"excerpt":{"rendered":"<h1><strong>Hantverksm\u00e4ssig toskansk pasta<\/strong><\/h1>\n<p class=\"translation-block\">**Hantverksm\u00e4ssig toskansk pasta** fr\u00e5n **Borgunto**, gjord p\u00e5 **italiensk durumvetemj\u00f6l** av **toscanska b\u00f6nder**. H\u00f6gkvalitativ produkt, utan tillsatser, sp\u00e5rbar fr\u00e5n f\u00e4lt till bord. Perfekt f\u00f6r dig som s\u00f6ker \u00e4kthet och smak i italiensk tradition.<\/p>","protected":false},"featured_media":7152,"template":"","meta":{"_acf_changed":false},"product_brand":[764],"product_cat":[844],"product_tag":[329,336,334,335,330,331,247,254],"class_list":{"0":"post-7081","1":"product","2":"type-product","3":"status-publish","4":"has-post-thumbnail","6":"product_brand-granducato-collection","7":"product_cat-cucina-pronta","8":"product_tag-pasta-artigianale","9":"product_tag-pasta-biologica","10":"product_tag-pasta-fresca","11":"product_tag-pasta-gourmet","12":"product_tag-pasta-italiana","13":"product_tag-pasta-toscana","14":"product_tag-regalo-enogastronomico","15":"product_tag-specialita-italiana","17":"first","18":"instock","19":"shipping-taxable","20":"purchasable","21":"product-type-simple"},"acf":[],"yoast_head":"<!-- This site is optimized with the Yoast SEO plugin v26.7 - https:\/\/yoast.com\/wordpress\/plugins\/seo\/ -->\n<title>B&amp;B Arezzo | Pasta dei Coltivatori Toscani | Granducato Collection<\/title>\n<meta name=\"description\" content=\"Scopri Borgunto, la Pasta artigianale realizzata dai coltivatori toscani con grano duro 100% italiano. Acquista ora su GranducatoCollection.com.\" \/>\n<meta name=\"robots\" content=\"index, follow, max-snippet:-1, max-image-preview:large, max-video-preview:-1\" \/>\n<link rel=\"canonical\" href=\"https:\/\/www.granducatocollection.com\/sv\/product\/borgunto-la-pasta-dei-coltivatori-toscani\/\" \/>\n<meta property=\"og:locale\" content=\"sv_SE\" \/>\n<meta property=\"og:type\" content=\"article\" \/>\n<meta property=\"og:title\" content=\"B&amp;B Arezzo | Pasta dei Coltivatori Toscani | Granducato Collection\" \/>\n<meta property=\"og:description\" content=\"Scopri Borgunto, la Pasta artigianale realizzata dai coltivatori toscani con grano duro 100% italiano. Acquista ora su GranducatoCollection.com.\" \/>\n<meta property=\"og:url\" content=\"https:\/\/www.granducatocollection.com\/sv\/product\/borgunto-la-pasta-dei-coltivatori-toscani\/\" \/>\n<meta property=\"og:site_name\" content=\"Granducato Collection\" \/>\n<meta property=\"article:modified_time\" content=\"2026-04-20T22:30:11+00:00\" \/>\n<meta property=\"og:image\" content=\"https:\/\/www.granducatocollection.com\/wp-content\/uploads\/2025\/05\/spaghetti-borgunto-granducatogestioni-azienda-agricola-arezzo-viareggio-firenze-toscana-bb-affittacamere-bb.png\" \/>\n\t<meta property=\"og:image:width\" content=\"600\" \/>\n\t<meta property=\"og:image:height\" content=\"600\" \/>\n\t<meta property=\"og:image:type\" content=\"image\/png\" \/>\n<meta name=\"twitter:card\" content=\"summary_large_image\" \/>\n<meta name=\"twitter:label1\" content=\"Ber\u00e4knad l\u00e4stid\" \/>\n\t<meta name=\"twitter:data1\" content=\"2 minuter\" \/>\n<script type=\"application\/ld+json\" class=\"yoast-schema-graph\">{\"@context\":\"https:\/\/schema.org\",\"@graph\":[{\"@type\":\"WebPage\",\"@id\":\"https:\/\/www.granducatocollection.com\/prodotto\/borgunto-la-pasta-dei-coltivatori-toscani\/\",\"url\":\"https:\/\/www.granducatocollection.com\/prodotto\/borgunto-la-pasta-dei-coltivatori-toscani\/\",\"name\":\"B&B Arezzo | Pasta dei Coltivatori Toscani | Granducato Collection\",\"isPartOf\":{\"@id\":\"https:\/\/www.granducatocollection.com\/#website\"},\"primaryImageOfPage\":{\"@id\":\"https:\/\/www.granducatocollection.com\/prodotto\/borgunto-la-pasta-dei-coltivatori-toscani\/#primaryimage\"},\"image\":{\"@id\":\"https:\/\/www.granducatocollection.com\/prodotto\/borgunto-la-pasta-dei-coltivatori-toscani\/#primaryimage\"},\"thumbnailUrl\":\"https:\/\/www.granducatocollection.com\/wp-content\/uploads\/2025\/05\/spaghetti-borgunto-granducatogestioni-azienda-agricola-arezzo-viareggio-firenze-toscana-bb-affittacamere-bb.png\",\"datePublished\":\"2025-05-10T11:00:41+00:00\",\"dateModified\":\"2026-04-20T22:30:11+00:00\",\"description\":\"Scopri Borgunto, la Pasta artigianale realizzata dai coltivatori toscani con grano duro 100% italiano. Acquista ora su GranducatoCollection.com.\",\"breadcrumb\":{\"@id\":\"https:\/\/www.granducatocollection.com\/prodotto\/borgunto-la-pasta-dei-coltivatori-toscani\/#breadcrumb\"},\"inLanguage\":\"sv-SE\",\"potentialAction\":[{\"@type\":\"ReadAction\",\"target\":[\"https:\/\/www.granducatocollection.com\/prodotto\/borgunto-la-pasta-dei-coltivatori-toscani\/\"]}]},{\"@type\":\"ImageObject\",\"inLanguage\":\"sv-SE\",\"@id\":\"https:\/\/www.granducatocollection.com\/prodotto\/borgunto-la-pasta-dei-coltivatori-toscani\/#primaryimage\",\"url\":\"https:\/\/www.granducatocollection.com\/wp-content\/uploads\/2025\/05\/spaghetti-borgunto-granducatogestioni-azienda-agricola-arezzo-viareggio-firenze-toscana-bb-affittacamere-bb.png\",\"contentUrl\":\"https:\/\/www.granducatocollection.com\/wp-content\/uploads\/2025\/05\/spaghetti-borgunto-granducatogestioni-azienda-agricola-arezzo-viareggio-firenze-toscana-bb-affittacamere-bb.png\",\"width\":600,\"height\":600},{\"@type\":\"BreadcrumbList\",\"@id\":\"https:\/\/www.granducatocollection.com\/prodotto\/borgunto-la-pasta-dei-coltivatori-toscani\/#breadcrumb\",\"itemListElement\":[{\"@type\":\"ListItem\",\"position\":1,\"name\":\"Home\",\"item\":\"https:\/\/www.granducatocollection.com\/\"},{\"@type\":\"ListItem\",\"position\":2,\"name\":\"Shop\",\"item\":\"https:\/\/www.granducatocollection.com\/negozio\/\"},{\"@type\":\"ListItem\",\"position\":3,\"name\":\"Borgunto la pasta dei coltivatori Toscani\"}]},{\"@type\":\"WebSite\",\"@id\":\"https:\/\/www.granducatocollection.com\/#website\",\"url\":\"https:\/\/www.granducatocollection.com\/\",\"name\":\"GranDucato Collection\",\"description\":\"Prenota la tua vacanza e vivi un&#039;esperienza unica\",\"potentialAction\":[{\"@type\":\"SearchAction\",\"target\":{\"@type\":\"EntryPoint\",\"urlTemplate\":\"https:\/\/www.granducatocollection.com\/?s={search_term_string}\"},\"query-input\":{\"@type\":\"PropertyValueSpecification\",\"valueRequired\":true,\"valueName\":\"search_term_string\"}}],\"inLanguage\":\"sv-SE\"}]}<\/script>\n<!-- \/ Yoast SEO plugin. -->","yoast_head_json":{"title":"B&B Arezzo | Pasta dei Coltivatori Toscani | Granducato Collection","description":"Scopri Borgunto, la Pasta artigianale realizzata dai coltivatori toscani con grano duro 100% italiano. Acquista ora su GranducatoCollection.com.","robots":{"index":"index","follow":"follow","max-snippet":"max-snippet:-1","max-image-preview":"max-image-preview:large","max-video-preview":"max-video-preview:-1"},"canonical":"https:\/\/www.granducatocollection.com\/sv\/product\/borgunto-la-pasta-dei-coltivatori-toscani\/","og_locale":"sv_SE","og_type":"article","og_title":"B&B Arezzo | Pasta dei Coltivatori Toscani | Granducato Collection","og_description":"Scopri Borgunto, la Pasta artigianale realizzata dai coltivatori toscani con grano duro 100% italiano. Acquista ora su GranducatoCollection.com.","og_url":"https:\/\/www.granducatocollection.com\/sv\/product\/borgunto-la-pasta-dei-coltivatori-toscani\/","og_site_name":"Granducato Collection","article_modified_time":"2026-04-20T22:30:11+00:00","og_image":[{"width":600,"height":600,"url":"https:\/\/www.granducatocollection.com\/wp-content\/uploads\/2025\/05\/spaghetti-borgunto-granducatogestioni-azienda-agricola-arezzo-viareggio-firenze-toscana-bb-affittacamere-bb.png","type":"image\/png"}],"twitter_card":"summary_large_image","twitter_misc":{"Ber\u00e4knad l\u00e4stid":"2 minuter"},"schema":{"@context":"https:\/\/schema.org","@graph":[{"@type":"WebPage","@id":"https:\/\/www.granducatocollection.com\/prodotto\/borgunto-la-pasta-dei-coltivatori-toscani\/","url":"https:\/\/www.granducatocollection.com\/prodotto\/borgunto-la-pasta-dei-coltivatori-toscani\/","name":"B&B Arezzo | Pasta dei Coltivatori Toscani | Granducato Collection","isPartOf":{"@id":"https:\/\/www.granducatocollection.com\/#website"},"primaryImageOfPage":{"@id":"https:\/\/www.granducatocollection.com\/prodotto\/borgunto-la-pasta-dei-coltivatori-toscani\/#primaryimage"},"image":{"@id":"https:\/\/www.granducatocollection.com\/prodotto\/borgunto-la-pasta-dei-coltivatori-toscani\/#primaryimage"},"thumbnailUrl":"https:\/\/www.granducatocollection.com\/wp-content\/uploads\/2025\/05\/spaghetti-borgunto-granducatogestioni-azienda-agricola-arezzo-viareggio-firenze-toscana-bb-affittacamere-bb.png","datePublished":"2025-05-10T11:00:41+00:00","dateModified":"2026-04-20T22:30:11+00:00","description":"Scopri Borgunto, la Pasta artigianale realizzata dai coltivatori toscani con grano duro 100% italiano. Acquista ora su GranducatoCollection.com.","breadcrumb":{"@id":"https:\/\/www.granducatocollection.com\/prodotto\/borgunto-la-pasta-dei-coltivatori-toscani\/#breadcrumb"},"inLanguage":"sv-SE","potentialAction":[{"@type":"ReadAction","target":["https:\/\/www.granducatocollection.com\/prodotto\/borgunto-la-pasta-dei-coltivatori-toscani\/"]}]},{"@type":"ImageObject","inLanguage":"sv-SE","@id":"https:\/\/www.granducatocollection.com\/prodotto\/borgunto-la-pasta-dei-coltivatori-toscani\/#primaryimage","url":"https:\/\/www.granducatocollection.com\/wp-content\/uploads\/2025\/05\/spaghetti-borgunto-granducatogestioni-azienda-agricola-arezzo-viareggio-firenze-toscana-bb-affittacamere-bb.png","contentUrl":"https:\/\/www.granducatocollection.com\/wp-content\/uploads\/2025\/05\/spaghetti-borgunto-granducatogestioni-azienda-agricola-arezzo-viareggio-firenze-toscana-bb-affittacamere-bb.png","width":600,"height":600},{"@type":"BreadcrumbList","@id":"https:\/\/www.granducatocollection.com\/prodotto\/borgunto-la-pasta-dei-coltivatori-toscani\/#breadcrumb","itemListElement":[{"@type":"ListItem","position":1,"name":"Home","item":"https:\/\/www.granducatocollection.com\/"},{"@type":"ListItem","position":2,"name":"Shop","item":"https:\/\/www.granducatocollection.com\/negozio\/"},{"@type":"ListItem","position":3,"name":"Borgunto la pasta dei coltivatori Toscani"}]},{"@type":"WebSite","@id":"https:\/\/www.granducatocollection.com\/#website","url":"https:\/\/www.granducatocollection.com\/","name":"GranDucato Collection","description":"Prenota la tua vacanza e vivi un&#039;esperienza unica","potentialAction":[{"@type":"SearchAction","target":{"@type":"EntryPoint","urlTemplate":"https:\/\/www.granducatocollection.com\/?s={search_term_string}"},"query-input":{"@type":"PropertyValueSpecification","valueRequired":true,"valueName":"search_term_string"}}],"inLanguage":"sv-SE"}]}},"_links":{"self":[{"href":"https:\/\/www.granducatocollection.com\/sv\/wp-json\/wp\/v2\/product\/7081","targetHints":{"allow":["GET"]}}],"collection":[{"href":"https:\/\/www.granducatocollection.com\/sv\/wp-json\/wp\/v2\/product"}],"about":[{"href":"https:\/\/www.granducatocollection.com\/sv\/wp-json\/wp\/v2\/types\/product"}],"wp:featuredmedia":[{"embeddable":true,"href":"https:\/\/www.granducatocollection.com\/sv\/wp-json\/wp\/v2\/media\/7152"}],"wp:attachment":[{"href":"https:\/\/www.granducatocollection.com\/sv\/wp-json\/wp\/v2\/media?parent=7081"}],"wp:term":[{"taxonomy":"product_brand","embeddable":true,"href":"https:\/\/www.granducatocollection.com\/sv\/wp-json\/wp\/v2\/product_brand?post=7081"},{"taxonomy":"product_cat","embeddable":true,"href":"https:\/\/www.granducatocollection.com\/sv\/wp-json\/wp\/v2\/product_cat?post=7081"},{"taxonomy":"product_tag","embeddable":true,"href":"https:\/\/www.granducatocollection.com\/sv\/wp-json\/wp\/v2\/product_tag?post=7081"}],"curies":[{"name":"wp","href":"https:\/\/api.w.org\/{rel}","templated":true}]}}