{"id":6982,"date":"2025-05-02T12:23:10","date_gmt":"2025-05-02T12:23:10","guid":{"rendered":"https:\/\/www.granducatocollection.com\/?post_type=product&#038;p=6982"},"modified":"2026-01-31T10:41:24","modified_gmt":"2026-01-31T10:41:24","slug":"ragu-di-chianina-3-pezzi","status":"publish","type":"product","link":"https:\/\/www.granducatocollection.com\/sv\/product\/ragu-di-chianina-3-pezzi\/","title":{"rendered":"Chianina rag\u00f9 3 bitar"},"content":{"rendered":"<p><script type=\"application\/ld+json\">{\n    \"@context\": \"https:\\\/\\\/schema.org\",\n    \"@type\": \"Product\",\n    \"@id\": \"https:\\\/\\\/www.granducatocollection.com\\\/prodotto\\\/ragu-di-chianina-3-pezzi\\\/\",\n    \"name\": \"Rag\\u00f9 di Chianina DOP \\u2013 Confezione da 3 Vasetti | Borgunto\",\n    \"image\": \"https:\\\/\\\/www.granducatocollection.com\\\/wp-content\\\/uploads\\\/2026\\\/01\\\/ragu-chianina-3-pezzi-borgunto.jpg\",\n    \"description\": \"Confezione da 3 vasetti di Rag\\u00f9 di Chianina DOP artigianale, preparato ad Arezzo in Toscana con carne della Val di Chiana. Senza conservanti, perfetto per tagliatelle o come regalo gastronomico.\",\n    \"brand\": {\n        \"@type\": \"Organization\",\n        \"name\": \"Borgunto\"\n    },\n    \"offers\": {\n        \"@type\": \"Offer\",\n        \"url\": \"https:\\\/\\\/www.granducatocollection.com\\\/prodotto\\\/ragu-di-chianina-3-pezzi\\\/\",\n        \"priceCurrency\": \"EUR\",\n        \"price\": \"45.00\",\n        \"itemCondition\": \"https:\\\/\\\/schema.org\\\/NewCondition\",\n        \"availability\": \"https:\\\/\\\/schema.org\\\/InStock\",\n        \"seller\": {\n            \"@type\": \"Organization\",\n            \"name\": \"Granducato Collection\"\n        }\n    },\n    \"sku\": \"RAGU-CHIANINA-3-PEZZI\"\n}<\/script><\/p>\n<h1>Chianina DOP Rag\u00f9 \u2013 3-burk f\u00f6rpackning<\/h1>\n<h2>Hantverksm\u00e4ssig toskansk produkt med DOP Chianina-n\u00f6tk\u00f6tt fr\u00e5n Val di Chiana<\/h2>\n<p class=\"translation-block\"><strong>Rag\u00f9 di Chianina DOP<\/strong> \u00e4r en ikon inom den toskanska k\u00f6kskonsten, tillverkad av <strong>Borgunto<\/strong> i <strong>Arezzo<\/strong> med certifierat k\u00f6tt fr\u00e5n den prestigefyllda boskaprasen <strong>Chianina DOP<\/strong>, uppf\u00f6dd i <strong>Val di Chiana<\/strong>. S\u00e5sen tillagas l\u00e5ngsamt p\u00e5 svag v\u00e4rme, utan konserveringsmedel eller tillsatser, och utvecklar d\u00e4rmed en rik, \u00e4kta smak som \u00e4r djupt f\u00f6rankrad i sitt ursprungsomr\u00e5de.<\/p>\n<h3>Klar att anv\u00e4nda: perfekt f\u00f6r tagliatelle, gnocchi eller som en gourmetpresent<\/h3>\n<p class=\"translation-block\">**3-burkf\u00f6rpackningen** erbjuder bekv\u00e4mlighet och kvalitet: v\u00e4rm bara i vattenbad, stekpanna eller mikrov\u00e5gsugn f\u00f6r en f\u00e4rdig krydda p\u00e5 n\u00e5gra minuter. Perfekt f\u00f6r **hemlagad tagliatelle, gnocchetti, ravioli** eller toskanska crostini, och \u00e4r ocks\u00e5 en **raffinerad gastronomisk present** f\u00f6r \u00e4lskare av autentisk italiensk mat.<\/p>\n<h3>Symbol f\u00f6r Granducato-kollektionen: tradition, sp\u00e5rbarhet och smak<\/h3>\n<p class=\"translation-block\">Denna f\u00e4rdiglagade gourmets\u00e5s f\u00f6rkroppsligar v\u00e4rdena i Granducato-kollektionen: direkt kontroll \u00f6ver r\u00e5varorna, respekt f\u00f6r Arezzos kulinariska tradition och hantverksm\u00e4ssig produktion. Varje burk ber\u00e4ttar historien om ett land \u2013 Toscana \u2013 d\u00e4r enkelhet blir excellens.<\/p>","protected":false},"excerpt":{"rendered":"<h1>Chianina-biffrag\u00f9-l\u00e5da<\/h1>\n<div><\/div>\n<div style=\"text-align: justify;\">Chianina \u00e4r en italiensk n\u00f6tkreatursras fr\u00e5n Arezzo-omr\u00e5det, en g\u00e5ng i tiden anv\u00e4nd som lantbruksdjur och nu n\u00e4stan uteslutande uppf\u00f6dd f\u00f6r k\u00f6ttproduktion. Den har f\u00e5tt sitt namn fr\u00e5n Val di Chiana och anses vara en inhemsk ras i centrala Italien, n\u00e4rmare best\u00e4mt s\u00f6dra Toscana. Det \u00e4r en ras med ur\u00e5ldrigt ursprung, k\u00e4nd i \u00f6ver tv\u00e5 tusen \u00e5r.<\/div>\n<div style=\"text-align: justify;\"><\/div>\n<div style=\"text-align: justify;\">V\u00e5r Chianina rag\u00f9 \u00e4r en uts\u00f6kt s\u00e5s, perfekt till alla typer av pasta: gnocchi, ravioli, tagliatelle och mycket mer.<\/div>\n<div style=\"text-align: justify;\"><\/div>\n<p>L\u00e5dan inneh\u00e5ller 3 f\u00e4rdiga delar!<\/p>","protected":false},"featured_media":9601,"template":"","meta":{"_acf_changed":false},"product_brand":[764],"product_cat":[843],"product_tag":[344,339,341,337,340,343,247,254,338,342],"class_list":{"0":"post-6982","1":"product","2":"type-product","3":"status-publish","4":"has-post-thumbnail","6":"product_brand-granducato-collection","7":"product_cat-box-e-degustazioni","8":"product_tag-carne-bovina","9":"product_tag-carne-di-chianina","10":"product_tag-prodotto-toscano","11":"product_tag-ragu-di-chianina","12":"product_tag-ragu-italiano","13":"product_tag-ragu-premium","14":"product_tag-regalo-enogastronomico","15":"product_tag-specialita-italiana","16":"product_tag-sugo-artigianale","17":"product_tag-sugo-gourmet","19":"first","20":"instock","21":"shipping-taxable","22":"purchasable","23":"product-type-simple"},"acf":[],"yoast_head":"<!-- This site is optimized with the Yoast SEO plugin v26.7 - https:\/\/yoast.com\/wordpress\/plugins\/seo\/ -->\n<title>B&amp;B Arezzo - Rag\u00f9 di Chianina 3 pezzi - Gran ducato Collection<\/title>\n<meta name=\"description\" content=\"Scopri la Box con 3 Rag\u00f9 di Chianina su Granducato Collection: sapori autentici della Toscana direttamente a casa tua.Ordina Ora!\" \/>\n<meta name=\"robots\" content=\"index, follow, max-snippet:-1, max-image-preview:large, max-video-preview:-1\" \/>\n<link rel=\"canonical\" href=\"https:\/\/www.granducatocollection.com\/sv\/product\/ragu-di-chianina-3-pezzi\/\" \/>\n<meta property=\"og:locale\" content=\"sv_SE\" \/>\n<meta property=\"og:type\" content=\"article\" \/>\n<meta property=\"og:title\" content=\"B&amp;B Arezzo - Rag\u00f9 di Chianina 3 pezzi - Gran ducato Collection\" \/>\n<meta property=\"og:description\" content=\"Scopri la Box con 3 Rag\u00f9 di Chianina su Granducato Collection: sapori autentici della Toscana direttamente a casa tua.Ordina Ora!\" \/>\n<meta property=\"og:url\" content=\"https:\/\/www.granducatocollection.com\/sv\/product\/ragu-di-chianina-3-pezzi\/\" \/>\n<meta property=\"og:site_name\" content=\"Granducato Collection\" \/>\n<meta property=\"article:modified_time\" content=\"2026-01-31T10:41:24+00:00\" \/>\n<meta property=\"og:image\" content=\"https:\/\/www.granducatocollection.com\/wp-content\/uploads\/2025\/05\/ragudichianina3pezzi.png\" \/>\n\t<meta property=\"og:image:width\" content=\"300\" \/>\n\t<meta property=\"og:image:height\" content=\"300\" \/>\n\t<meta property=\"og:image:type\" content=\"image\/png\" \/>\n<meta name=\"twitter:card\" content=\"summary_large_image\" \/>\n<meta name=\"twitter:label1\" content=\"Ber\u00e4knad l\u00e4stid\" \/>\n\t<meta name=\"twitter:data1\" content=\"1 minut\" \/>\n<script type=\"application\/ld+json\" class=\"yoast-schema-graph\">{\"@context\":\"https:\/\/schema.org\",\"@graph\":[{\"@type\":\"WebPage\",\"@id\":\"https:\/\/www.granducatocollection.com\/prodotto\/ragu-di-chianina-3-pezzi\/\",\"url\":\"https:\/\/www.granducatocollection.com\/prodotto\/ragu-di-chianina-3-pezzi\/\",\"name\":\"B&B Arezzo - Rag\u00f9 di Chianina 3 pezzi - Gran ducato Collection\",\"isPartOf\":{\"@id\":\"https:\/\/www.granducatocollection.com\/#website\"},\"primaryImageOfPage\":{\"@id\":\"https:\/\/www.granducatocollection.com\/prodotto\/ragu-di-chianina-3-pezzi\/#primaryimage\"},\"image\":{\"@id\":\"https:\/\/www.granducatocollection.com\/prodotto\/ragu-di-chianina-3-pezzi\/#primaryimage\"},\"thumbnailUrl\":\"https:\/\/www.granducatocollection.com\/wp-content\/uploads\/2025\/05\/ragudichianina3pezzi.png\",\"datePublished\":\"2025-05-02T12:23:10+00:00\",\"dateModified\":\"2026-01-31T10:41:24+00:00\",\"description\":\"Scopri la Box con 3 Rag\u00f9 di Chianina su Granducato Collection: sapori autentici della Toscana direttamente a casa tua.Ordina Ora!\",\"breadcrumb\":{\"@id\":\"https:\/\/www.granducatocollection.com\/prodotto\/ragu-di-chianina-3-pezzi\/#breadcrumb\"},\"inLanguage\":\"sv-SE\",\"potentialAction\":[{\"@type\":\"ReadAction\",\"target\":[\"https:\/\/www.granducatocollection.com\/prodotto\/ragu-di-chianina-3-pezzi\/\"]}]},{\"@type\":\"ImageObject\",\"inLanguage\":\"sv-SE\",\"@id\":\"https:\/\/www.granducatocollection.com\/prodotto\/ragu-di-chianina-3-pezzi\/#primaryimage\",\"url\":\"https:\/\/www.granducatocollection.com\/wp-content\/uploads\/2025\/05\/ragudichianina3pezzi.png\",\"contentUrl\":\"https:\/\/www.granducatocollection.com\/wp-content\/uploads\/2025\/05\/ragudichianina3pezzi.png\",\"width\":300,\"height\":300},{\"@type\":\"BreadcrumbList\",\"@id\":\"https:\/\/www.granducatocollection.com\/prodotto\/ragu-di-chianina-3-pezzi\/#breadcrumb\",\"itemListElement\":[{\"@type\":\"ListItem\",\"position\":1,\"name\":\"Home\",\"item\":\"https:\/\/www.granducatocollection.com\/\"},{\"@type\":\"ListItem\",\"position\":2,\"name\":\"Shop\",\"item\":\"https:\/\/www.granducatocollection.com\/negozio\/\"},{\"@type\":\"ListItem\",\"position\":3,\"name\":\"Rag\u00f9 di Chianina 3 pezzi\"}]},{\"@type\":\"WebSite\",\"@id\":\"https:\/\/www.granducatocollection.com\/#website\",\"url\":\"https:\/\/www.granducatocollection.com\/\",\"name\":\"GranDucato Collection\",\"description\":\"Prenota la tua vacanza e vivi un&#039;esperienza unica\",\"potentialAction\":[{\"@type\":\"SearchAction\",\"target\":{\"@type\":\"EntryPoint\",\"urlTemplate\":\"https:\/\/www.granducatocollection.com\/?s={search_term_string}\"},\"query-input\":{\"@type\":\"PropertyValueSpecification\",\"valueRequired\":true,\"valueName\":\"search_term_string\"}}],\"inLanguage\":\"sv-SE\"}]}<\/script>\n<!-- \/ Yoast SEO plugin. -->","yoast_head_json":{"title":"B&B Arezzo - Rag\u00f9 di Chianina 3 pezzi - Gran ducato Collection","description":"Scopri la Box con 3 Rag\u00f9 di Chianina su Granducato Collection: sapori autentici della Toscana direttamente a casa tua.Ordina Ora!","robots":{"index":"index","follow":"follow","max-snippet":"max-snippet:-1","max-image-preview":"max-image-preview:large","max-video-preview":"max-video-preview:-1"},"canonical":"https:\/\/www.granducatocollection.com\/sv\/product\/ragu-di-chianina-3-pezzi\/","og_locale":"sv_SE","og_type":"article","og_title":"B&B Arezzo - Rag\u00f9 di Chianina 3 pezzi - Gran ducato Collection","og_description":"Scopri la Box con 3 Rag\u00f9 di Chianina su Granducato Collection: sapori autentici della Toscana direttamente a casa tua.Ordina Ora!","og_url":"https:\/\/www.granducatocollection.com\/sv\/product\/ragu-di-chianina-3-pezzi\/","og_site_name":"Granducato Collection","article_modified_time":"2026-01-31T10:41:24+00:00","og_image":[{"width":300,"height":300,"url":"https:\/\/www.granducatocollection.com\/wp-content\/uploads\/2025\/05\/ragudichianina3pezzi.png","type":"image\/png"}],"twitter_card":"summary_large_image","twitter_misc":{"Ber\u00e4knad l\u00e4stid":"1 minut"},"schema":{"@context":"https:\/\/schema.org","@graph":[{"@type":"WebPage","@id":"https:\/\/www.granducatocollection.com\/prodotto\/ragu-di-chianina-3-pezzi\/","url":"https:\/\/www.granducatocollection.com\/prodotto\/ragu-di-chianina-3-pezzi\/","name":"B&B Arezzo - Rag\u00f9 di Chianina 3 pezzi - Gran ducato Collection","isPartOf":{"@id":"https:\/\/www.granducatocollection.com\/#website"},"primaryImageOfPage":{"@id":"https:\/\/www.granducatocollection.com\/prodotto\/ragu-di-chianina-3-pezzi\/#primaryimage"},"image":{"@id":"https:\/\/www.granducatocollection.com\/prodotto\/ragu-di-chianina-3-pezzi\/#primaryimage"},"thumbnailUrl":"https:\/\/www.granducatocollection.com\/wp-content\/uploads\/2025\/05\/ragudichianina3pezzi.png","datePublished":"2025-05-02T12:23:10+00:00","dateModified":"2026-01-31T10:41:24+00:00","description":"Scopri la Box con 3 Rag\u00f9 di Chianina su Granducato Collection: sapori autentici della Toscana direttamente a casa tua.Ordina Ora!","breadcrumb":{"@id":"https:\/\/www.granducatocollection.com\/prodotto\/ragu-di-chianina-3-pezzi\/#breadcrumb"},"inLanguage":"sv-SE","potentialAction":[{"@type":"ReadAction","target":["https:\/\/www.granducatocollection.com\/prodotto\/ragu-di-chianina-3-pezzi\/"]}]},{"@type":"ImageObject","inLanguage":"sv-SE","@id":"https:\/\/www.granducatocollection.com\/prodotto\/ragu-di-chianina-3-pezzi\/#primaryimage","url":"https:\/\/www.granducatocollection.com\/wp-content\/uploads\/2025\/05\/ragudichianina3pezzi.png","contentUrl":"https:\/\/www.granducatocollection.com\/wp-content\/uploads\/2025\/05\/ragudichianina3pezzi.png","width":300,"height":300},{"@type":"BreadcrumbList","@id":"https:\/\/www.granducatocollection.com\/prodotto\/ragu-di-chianina-3-pezzi\/#breadcrumb","itemListElement":[{"@type":"ListItem","position":1,"name":"Home","item":"https:\/\/www.granducatocollection.com\/"},{"@type":"ListItem","position":2,"name":"Shop","item":"https:\/\/www.granducatocollection.com\/negozio\/"},{"@type":"ListItem","position":3,"name":"Rag\u00f9 di Chianina 3 pezzi"}]},{"@type":"WebSite","@id":"https:\/\/www.granducatocollection.com\/#website","url":"https:\/\/www.granducatocollection.com\/","name":"GranDucato Collection","description":"Prenota la tua vacanza e vivi un&#039;esperienza unica","potentialAction":[{"@type":"SearchAction","target":{"@type":"EntryPoint","urlTemplate":"https:\/\/www.granducatocollection.com\/?s={search_term_string}"},"query-input":{"@type":"PropertyValueSpecification","valueRequired":true,"valueName":"search_term_string"}}],"inLanguage":"sv-SE"}]}},"_links":{"self":[{"href":"https:\/\/www.granducatocollection.com\/sv\/wp-json\/wp\/v2\/product\/6982","targetHints":{"allow":["GET"]}}],"collection":[{"href":"https:\/\/www.granducatocollection.com\/sv\/wp-json\/wp\/v2\/product"}],"about":[{"href":"https:\/\/www.granducatocollection.com\/sv\/wp-json\/wp\/v2\/types\/product"}],"wp:featuredmedia":[{"embeddable":true,"href":"https:\/\/www.granducatocollection.com\/sv\/wp-json\/wp\/v2\/media\/9601"}],"wp:attachment":[{"href":"https:\/\/www.granducatocollection.com\/sv\/wp-json\/wp\/v2\/media?parent=6982"}],"wp:term":[{"taxonomy":"product_brand","embeddable":true,"href":"https:\/\/www.granducatocollection.com\/sv\/wp-json\/wp\/v2\/product_brand?post=6982"},{"taxonomy":"product_cat","embeddable":true,"href":"https:\/\/www.granducatocollection.com\/sv\/wp-json\/wp\/v2\/product_cat?post=6982"},{"taxonomy":"product_tag","embeddable":true,"href":"https:\/\/www.granducatocollection.com\/sv\/wp-json\/wp\/v2\/product_tag?post=6982"}],"curies":[{"name":"wp","href":"https:\/\/api.w.org\/{rel}","templated":true}]}}