{"id":6980,"date":"2025-05-02T11:59:52","date_gmt":"2025-05-02T11:59:52","guid":{"rendered":"https:\/\/www.granducatocollection.com\/?post_type=product&#038;p=6980"},"modified":"2026-04-06T09:29:34","modified_gmt":"2026-04-06T09:29:34","slug":"confettura-di-fragole-3-pezzi","status":"publish","type":"product","link":"https:\/\/www.granducatocollection.com\/sv\/product\/confettura-di-fragole-3-pezzi\/","title":{"rendered":"Jordgubbssylt 3 bitar"},"content":{"rendered":"<p><script type=\"application\/ld+json\">{\n    \"@context\": \"https:\\\/\\\/schema.org\",\n    \"@type\": \"Product\",\n    \"@id\": \"https:\\\/\\\/www.granducatocollection.com\\\/prodotto\\\/confettura-di-fragole-3-pezzi\\\/\",\n    \"name\": \"Confettura di Fragole Artigianale \\u2013 3 Vasetti Borgunto\",\n    \"image\": \"https:\\\/\\\/www.granducatocollection.com\\\/wp-content\\\/uploads\\\/2026\\\/01\\\/confettura-fragole-borgunto-3pz.jpg\",\n    \"description\": \"Confettura di fragole artigianale al 72% di frutta italiana, prodotta ad Arezzo in Toscana. Senza conservanti, perfetta per colazioni sane, dolci fatti in casa o come regalo gourmet della Granducato Collection.\",\n    \"brand\": {\n        \"@type\": \"Organization\",\n        \"name\": \"Borgunto\"\n    },\n    \"offers\": {\n        \"@type\": \"Offer\",\n        \"url\": \"https:\\\/\\\/www.granducatocollection.com\\\/prodotto\\\/confettura-di-fragole-3-pezzi\\\/\",\n        \"priceCurrency\": \"EUR\",\n        \"price\": \"24.00\",\n        \"itemCondition\": \"https:\\\/\\\/schema.org\\\/NewCondition\",\n        \"availability\": \"https:\\\/\\\/schema.org\\\/InStock\",\n        \"seller\": {\n            \"@type\": \"Organization\",\n            \"name\": \"Granducato Collection\"\n        }\n    },\n    \"sku\": \"CONFETTURA-FRAGOLE-3PZ\"\n}<\/script><\/p>\n<h1>Hemlagad jordgubbssylt \u2013 3 burkar Borgunto<\/h1>\n<h2>72% di frutta italiana, senza conservanti, prodotta ad Arezzo<\/h2>\n<p class=\"translation-block\">Borguntos hantverksm\u00e4ssiga jordgubbssylt \u00e4r gjord med 72 % italiensk frukt, utvald fr\u00e5n de b\u00e4sta frukttr\u00e4dg\u00e5rdarna i Toscana. Den produceras i Arezzo med traditionella metoder och inneh\u00e5ller endast socker, naturligt pektin och citronsyra: inga konserveringsmedel, f\u00e4rg\u00e4mnen eller tillsatser. Resultatet \u00e4r en burk med en autentisk sommarsmak, perfekt f\u00f6r dem som s\u00f6ker kvalitet och transparens.<\/p>\n<h3>Perfekt f\u00f6r h\u00e4lsosamma frukostar, hemlagade desserter eller som en gourmetg\u00e5va<\/h3>\n<p class=\"translation-block\">Med en klarr\u00f6d f\u00e4rg och den intensiva aromen av f\u00e4rska jordgubbar passar denna sylt perfekt med grekisk yoghurt, f\u00e4rska ostar, pajer eller helt enkelt rostat br\u00f6d. Setet med 3 burkar g\u00f6r det ocks\u00e5 till en raffinerad gourmetpresent till jul, \u00e5rsdagar eller f\u00f6r alla som \u00e4lskar den autentiska s\u00f6tman fr\u00e5n den italienska landsbygden.<\/p>\n<h3>Symbol f\u00f6r Granducato-kollektionen: hantverksskicklighet, territorium och sp\u00e5rbarhet<\/h3>\n<p class=\"translation-block\">Varje burk f\u00f6rkroppsligar v\u00e4rdena i Granducato-kollektionen: direkt kontroll \u00f6ver r\u00e5varorna, begr\u00e4nsad produktion och respekt f\u00f6r toskansk tradition. En sylt som inte bara fr\u00f6jdar gommen, utan ocks\u00e5 talar om omsorgen om ett land \u2013 Toscana \u2013 d\u00e4r enkelhet blir excellens.<\/p>","protected":false},"excerpt":{"rendered":"<h1>Jam Box<\/h1>\n<div style=\"text-align: justify;\">Vi anv\u00e4nder endast naturliga, solmogna jordgubbar, kokta med lite socker och utan tillsatta konserveringsmedel.<\/div>\n<div style=\"text-align: justify;\"><\/div>\n<div style=\"text-align: justify;\">\n<p>V\u00e5r sylt \u00e4r gjord p\u00e5 72 % frukt, 47 % totalt socker och en liten m\u00e4ngd pektin och citronsyra. Med sin autentiska och uts\u00f6kta smak \u00e4r den utm\u00e4rkt till desserter eller en h\u00e4lsosam frukost.<\/p>\n<p>Il cofanetto include 3 confetture.<\/p>\n<\/div>","protected":false},"featured_media":11377,"template":"","meta":{"_acf_changed":false},"product_brand":[764],"product_cat":[843],"product_tag":[350,345,347,349,324,346,348,245,247,254],"class_list":{"0":"post-6980","1":"product","2":"type-product","3":"status-publish","4":"has-post-thumbnail","6":"product_brand-granducato-collection","7":"product_cat-box-e-degustazioni","8":"product_tag-confettura-biologica","9":"product_tag-confettura-di-fragole","10":"product_tag-confettura-gourmet","11":"product_tag-confettura-senza-conservanti","12":"product_tag-frutta-fresca","13":"product_tag-marmellata-artigianale","14":"product_tag-marmellata-di-fragole","15":"product_tag-prodotto-italiano","16":"product_tag-regalo-enogastronomico","17":"product_tag-specialita-italiana","19":"first","20":"instock","21":"shipping-taxable","22":"purchasable","23":"product-type-simple"},"acf":[],"yoast_head":"<!-- This site is optimized with the Yoast SEO plugin v26.7 - https:\/\/yoast.com\/wordpress\/plugins\/seo\/ -->\n<title>Confettura di fragole 3 pezzi - Granducato Collection<\/title>\n<meta name=\"description\" content=\"Scopri la box con 3 confetture artigianali toscane di alta qualit\u00e0: sapori autentici per una colazione speciale o un regalo gourmet. Spedizione veloce.\" \/>\n<meta name=\"robots\" content=\"index, follow, max-snippet:-1, max-image-preview:large, max-video-preview:-1\" \/>\n<link rel=\"canonical\" href=\"https:\/\/www.granducatocollection.com\/sv\/product\/confettura-di-fragole-3-pezzi\/\" \/>\n<meta property=\"og:locale\" content=\"sv_SE\" \/>\n<meta property=\"og:type\" content=\"article\" \/>\n<meta property=\"og:title\" content=\"Confettura di fragole 3 pezzi - Granducato Collection\" \/>\n<meta property=\"og:description\" content=\"Scopri la box con 3 confetture artigianali toscane di alta qualit\u00e0: sapori autentici per una colazione speciale o un regalo gourmet. Spedizione veloce.\" \/>\n<meta property=\"og:url\" content=\"https:\/\/www.granducatocollection.com\/sv\/product\/confettura-di-fragole-3-pezzi\/\" \/>\n<meta property=\"og:site_name\" content=\"Granducato Collection\" \/>\n<meta property=\"article:modified_time\" content=\"2026-04-06T09:29:34+00:00\" \/>\n<meta property=\"og:image\" content=\"https:\/\/www.granducatocollection.com\/wp-content\/uploads\/2025\/05\/Confettura-fragola-3-pezzi.webp\" \/>\n\t<meta property=\"og:image:width\" content=\"300\" \/>\n\t<meta property=\"og:image:height\" content=\"300\" \/>\n\t<meta property=\"og:image:type\" content=\"image\/webp\" \/>\n<meta name=\"twitter:card\" content=\"summary_large_image\" \/>\n<meta name=\"twitter:label1\" content=\"Ber\u00e4knad l\u00e4stid\" \/>\n\t<meta name=\"twitter:data1\" content=\"2 minuter\" \/>\n<script type=\"application\/ld+json\" class=\"yoast-schema-graph\">{\"@context\":\"https:\/\/schema.org\",\"@graph\":[{\"@type\":\"WebPage\",\"@id\":\"https:\/\/www.granducatocollection.com\/prodotto\/confettura-di-fragole-3-pezzi\/\",\"url\":\"https:\/\/www.granducatocollection.com\/prodotto\/confettura-di-fragole-3-pezzi\/\",\"name\":\"Confettura di fragole 3 pezzi - Granducato Collection\",\"isPartOf\":{\"@id\":\"https:\/\/www.granducatocollection.com\/#website\"},\"primaryImageOfPage\":{\"@id\":\"https:\/\/www.granducatocollection.com\/prodotto\/confettura-di-fragole-3-pezzi\/#primaryimage\"},\"image\":{\"@id\":\"https:\/\/www.granducatocollection.com\/prodotto\/confettura-di-fragole-3-pezzi\/#primaryimage\"},\"thumbnailUrl\":\"https:\/\/www.granducatocollection.com\/wp-content\/uploads\/2025\/05\/Confettura-fragola-3-pezzi.webp\",\"datePublished\":\"2025-05-02T11:59:52+00:00\",\"dateModified\":\"2026-04-06T09:29:34+00:00\",\"description\":\"Scopri la box con 3 confetture artigianali toscane di alta qualit\u00e0: sapori autentici per una colazione speciale o un regalo gourmet. Spedizione veloce.\",\"breadcrumb\":{\"@id\":\"https:\/\/www.granducatocollection.com\/prodotto\/confettura-di-fragole-3-pezzi\/#breadcrumb\"},\"inLanguage\":\"sv-SE\",\"potentialAction\":[{\"@type\":\"ReadAction\",\"target\":[\"https:\/\/www.granducatocollection.com\/prodotto\/confettura-di-fragole-3-pezzi\/\"]}]},{\"@type\":\"ImageObject\",\"inLanguage\":\"sv-SE\",\"@id\":\"https:\/\/www.granducatocollection.com\/prodotto\/confettura-di-fragole-3-pezzi\/#primaryimage\",\"url\":\"https:\/\/www.granducatocollection.com\/wp-content\/uploads\/2025\/05\/Confettura-fragola-3-pezzi.webp\",\"contentUrl\":\"https:\/\/www.granducatocollection.com\/wp-content\/uploads\/2025\/05\/Confettura-fragola-3-pezzi.webp\",\"width\":300,\"height\":300,\"caption\":\"box confettura 3 pezzi borgunto e granducato\"},{\"@type\":\"BreadcrumbList\",\"@id\":\"https:\/\/www.granducatocollection.com\/prodotto\/confettura-di-fragole-3-pezzi\/#breadcrumb\",\"itemListElement\":[{\"@type\":\"ListItem\",\"position\":1,\"name\":\"Home\",\"item\":\"https:\/\/www.granducatocollection.com\/\"},{\"@type\":\"ListItem\",\"position\":2,\"name\":\"Shop\",\"item\":\"https:\/\/www.granducatocollection.com\/negozio\/\"},{\"@type\":\"ListItem\",\"position\":3,\"name\":\"Confettura di fragole 3 pezzi\"}]},{\"@type\":\"WebSite\",\"@id\":\"https:\/\/www.granducatocollection.com\/#website\",\"url\":\"https:\/\/www.granducatocollection.com\/\",\"name\":\"GranDucato Collection\",\"description\":\"Prenota la tua vacanza e vivi un&#039;esperienza unica\",\"potentialAction\":[{\"@type\":\"SearchAction\",\"target\":{\"@type\":\"EntryPoint\",\"urlTemplate\":\"https:\/\/www.granducatocollection.com\/?s={search_term_string}\"},\"query-input\":{\"@type\":\"PropertyValueSpecification\",\"valueRequired\":true,\"valueName\":\"search_term_string\"}}],\"inLanguage\":\"sv-SE\"}]}<\/script>\n<!-- \/ Yoast SEO plugin. -->","yoast_head_json":{"title":"Confettura di fragole 3 pezzi - Granducato Collection","description":"Scopri la box con 3 confetture artigianali toscane di alta qualit\u00e0: sapori autentici per una colazione speciale o un regalo gourmet. Spedizione veloce.","robots":{"index":"index","follow":"follow","max-snippet":"max-snippet:-1","max-image-preview":"max-image-preview:large","max-video-preview":"max-video-preview:-1"},"canonical":"https:\/\/www.granducatocollection.com\/sv\/product\/confettura-di-fragole-3-pezzi\/","og_locale":"sv_SE","og_type":"article","og_title":"Confettura di fragole 3 pezzi - Granducato Collection","og_description":"Scopri la box con 3 confetture artigianali toscane di alta qualit\u00e0: sapori autentici per una colazione speciale o un regalo gourmet. Spedizione veloce.","og_url":"https:\/\/www.granducatocollection.com\/sv\/product\/confettura-di-fragole-3-pezzi\/","og_site_name":"Granducato Collection","article_modified_time":"2026-04-06T09:29:34+00:00","og_image":[{"width":300,"height":300,"url":"https:\/\/www.granducatocollection.com\/wp-content\/uploads\/2025\/05\/Confettura-fragola-3-pezzi.webp","type":"image\/webp"}],"twitter_card":"summary_large_image","twitter_misc":{"Ber\u00e4knad l\u00e4stid":"2 minuter"},"schema":{"@context":"https:\/\/schema.org","@graph":[{"@type":"WebPage","@id":"https:\/\/www.granducatocollection.com\/prodotto\/confettura-di-fragole-3-pezzi\/","url":"https:\/\/www.granducatocollection.com\/prodotto\/confettura-di-fragole-3-pezzi\/","name":"Confettura di fragole 3 pezzi - Granducato Collection","isPartOf":{"@id":"https:\/\/www.granducatocollection.com\/#website"},"primaryImageOfPage":{"@id":"https:\/\/www.granducatocollection.com\/prodotto\/confettura-di-fragole-3-pezzi\/#primaryimage"},"image":{"@id":"https:\/\/www.granducatocollection.com\/prodotto\/confettura-di-fragole-3-pezzi\/#primaryimage"},"thumbnailUrl":"https:\/\/www.granducatocollection.com\/wp-content\/uploads\/2025\/05\/Confettura-fragola-3-pezzi.webp","datePublished":"2025-05-02T11:59:52+00:00","dateModified":"2026-04-06T09:29:34+00:00","description":"Scopri la box con 3 confetture artigianali toscane di alta qualit\u00e0: sapori autentici per una colazione speciale o un regalo gourmet. Spedizione veloce.","breadcrumb":{"@id":"https:\/\/www.granducatocollection.com\/prodotto\/confettura-di-fragole-3-pezzi\/#breadcrumb"},"inLanguage":"sv-SE","potentialAction":[{"@type":"ReadAction","target":["https:\/\/www.granducatocollection.com\/prodotto\/confettura-di-fragole-3-pezzi\/"]}]},{"@type":"ImageObject","inLanguage":"sv-SE","@id":"https:\/\/www.granducatocollection.com\/prodotto\/confettura-di-fragole-3-pezzi\/#primaryimage","url":"https:\/\/www.granducatocollection.com\/wp-content\/uploads\/2025\/05\/Confettura-fragola-3-pezzi.webp","contentUrl":"https:\/\/www.granducatocollection.com\/wp-content\/uploads\/2025\/05\/Confettura-fragola-3-pezzi.webp","width":300,"height":300,"caption":"box confettura 3 pezzi borgunto e granducato"},{"@type":"BreadcrumbList","@id":"https:\/\/www.granducatocollection.com\/prodotto\/confettura-di-fragole-3-pezzi\/#breadcrumb","itemListElement":[{"@type":"ListItem","position":1,"name":"Home","item":"https:\/\/www.granducatocollection.com\/"},{"@type":"ListItem","position":2,"name":"Shop","item":"https:\/\/www.granducatocollection.com\/negozio\/"},{"@type":"ListItem","position":3,"name":"Confettura di fragole 3 pezzi"}]},{"@type":"WebSite","@id":"https:\/\/www.granducatocollection.com\/#website","url":"https:\/\/www.granducatocollection.com\/","name":"GranDucato Collection","description":"Prenota la tua vacanza e vivi un&#039;esperienza unica","potentialAction":[{"@type":"SearchAction","target":{"@type":"EntryPoint","urlTemplate":"https:\/\/www.granducatocollection.com\/?s={search_term_string}"},"query-input":{"@type":"PropertyValueSpecification","valueRequired":true,"valueName":"search_term_string"}}],"inLanguage":"sv-SE"}]}},"_links":{"self":[{"href":"https:\/\/www.granducatocollection.com\/sv\/wp-json\/wp\/v2\/product\/6980","targetHints":{"allow":["GET"]}}],"collection":[{"href":"https:\/\/www.granducatocollection.com\/sv\/wp-json\/wp\/v2\/product"}],"about":[{"href":"https:\/\/www.granducatocollection.com\/sv\/wp-json\/wp\/v2\/types\/product"}],"wp:featuredmedia":[{"embeddable":true,"href":"https:\/\/www.granducatocollection.com\/sv\/wp-json\/wp\/v2\/media\/11377"}],"wp:attachment":[{"href":"https:\/\/www.granducatocollection.com\/sv\/wp-json\/wp\/v2\/media?parent=6980"}],"wp:term":[{"taxonomy":"product_brand","embeddable":true,"href":"https:\/\/www.granducatocollection.com\/sv\/wp-json\/wp\/v2\/product_brand?post=6980"},{"taxonomy":"product_cat","embeddable":true,"href":"https:\/\/www.granducatocollection.com\/sv\/wp-json\/wp\/v2\/product_cat?post=6980"},{"taxonomy":"product_tag","embeddable":true,"href":"https:\/\/www.granducatocollection.com\/sv\/wp-json\/wp\/v2\/product_tag?post=6980"}],"curies":[{"name":"wp","href":"https:\/\/api.w.org\/{rel}","templated":true}]}}