{"id":6952,"date":"2025-04-30T10:56:33","date_gmt":"2025-04-30T10:56:33","guid":{"rendered":"https:\/\/www.granducatocollection.com\/?post_type=product&#038;p=6952"},"modified":"2026-02-27T15:35:29","modified_gmt":"2026-02-27T15:35:29","slug":"tramonto-aretino-2","status":"publish","type":"product","link":"https:\/\/www.granducatocollection.com\/sv\/product\/tramonto-aretino-2\/","title":{"rendered":"Soggiorno di 1 notte in suite room a Viareggio"},"content":{"rendered":"<div style=\"text-align: justify;\" class=\"translation-block\"><strong>Allegra Viareggio<\/strong> ligger i Viareggios historiska centrum, 700 meter fr\u00e5n t\u00e5gstationen, och erbjuder gratis WiFi i alla utrymmen. **Alla rum har TV, minibar, sittgrupp och eget badrum med dusch, h\u00e5rtork och gratis toalettartiklar.**<\/div>\n<div style=\"text-align: justify;\"><\/div>\n<div style=\"text-align: justify;\">\n<p class=\"translation-block\">L\u00e4genheten \u00e4r ljus och rymlig och har ett eget k\u00f6k, ett privat badrum och en \u00f6ppen planl\u00f6sning med bubbelpool. Det fullt utrustade k\u00f6ket l\u00e5ter dig laga l\u00e4ckra m\u00e5ltider att njuta av p\u00e5 panoramaterrassen, medan det mysiga vardagsrummet \u00e4r perfekt f\u00f6r avkoppling efter en dag p\u00e5 stranden.\n\n<br><\/p>\n<\/div>\n<div style=\"text-align: justify;\" class=\"translation-block\">Den verkliga attraktionen med den h\u00e4r l\u00e4genheten \u00e4r dess l\u00e4ge. Bara n\u00e5gra steg och du befinner dig p\u00e5 den **gyllene stranden**, redo att njuta av solen och det kristallklara havet: mitt i centrala Viareggio och 700 meter fr\u00e5n havet.<\/div>\n<div style=\"text-align: justify;\"><\/div>\n<div style=\"text-align: justify;\">\n<p><strong>Per voi 1 notte in suite room, in bassa stagione<br \/>\nPrenotazione infrasettimanale<strong>\u00a0GIO-DOM<\/strong><br \/>\n<\/strong><\/p>\n<div style=\"text-align: justify;\">\n<p>Inoltre vi sar\u00e0 recapitato a domicilio un pacco che comprende:<\/p>\n<p>- 1 bottiglia di vino rosato<br \/>\n-\u00a01 bottiglia di vino riserva<br \/>\n-\u00a01 bottiglia di vino rosso<br \/>\n- 1 bottiglia di olio<\/p>\n<\/div>\n<\/div>\n<p><strong><br \/>\nAnv\u00e4ndbar information:<br \/>\n<\/strong><\/p>\n<ul>\n<li>F\u00f6r mer information om h\u00f6g-\/l\u00e5gs\u00e4song, v\u00e4nligen kontakta boendet.<\/li>\n<li>Boendet hanteras EXKLUSIVT via sj\u00e4lvincheckning.<\/li>\n<li><span style=\"text-align: justify;\">Vid bokningstillf\u00e4llet \u00e4r det n\u00f6dv\u00e4ndigt att ange telefonnummer<\/span><\/li>\n<li><span style=\"text-align: justify;\">Maximal kapacitet per rum: 3 personer<\/span><\/li>\n<\/ul>\n<p><span style=\"color: white;\">hotel Viareggio<\/span><br \/>\n<span style=\"color: white;\">Affittacamere Viareggio<\/span><br \/>\n<span style=\"color: white;\">Casavacanze Viareggio<\/span><\/p>","protected":false},"excerpt":{"rendered":"<h1>En natt i svit i Viareggio<\/h1>\n<div><\/div>\n<div style=\"text-align: justify;\" class=\"translation-block\"><strong>Allegra Viareggio<\/strong> ligger i Viareggios historiska centrum, 700 meter fr\u00e5n t\u00e5gstationen, och erbjuder gratis WiFi i alla utrymmen. **Alla rum har TV, minibar, sittgrupp och eget badrum med dusch, h\u00e5rtork och gratis toalettartiklar.**<\/div>\n<div style=\"text-align: justify;\"><\/div>\n<div style=\"text-align: justify;\">\n<p class=\"translation-block\">L\u00e4genheten \u00e4r ljus och rymlig och har ett eget k\u00f6k, ett privat badrum och en \u00f6ppen planl\u00f6sning med bubbelpool. Det fullt utrustade k\u00f6ket l\u00e5ter dig laga l\u00e4ckra m\u00e5ltider att njuta av p\u00e5 panoramaterrassen, medan det mysiga vardagsrummet \u00e4r perfekt f\u00f6r avkoppling efter en dag p\u00e5 stranden.\n\n<br><\/p>\n<\/div>\n<div style=\"text-align: justify;\" class=\"translation-block\">Den verkliga attraktionen med den h\u00e4r l\u00e4genheten \u00e4r dess l\u00e4ge. Bara n\u00e5gra steg och du befinner dig p\u00e5 den **gyllene stranden**, redo att njuta av solen och det kristallklara havet: mitt i centrala Viareggio och 700 meter fr\u00e5n havet.<\/div>\n<div style=\"text-align: justify;\"><\/div>\n<div style=\"text-align: justify;\">\n<p><strong>Per voi 1 notte in suite room, in bassa stagione<br \/>\nPrenotazione infrasettimanale<strong>\u00a0GIO-DOM<\/strong><br \/>\n<\/strong><\/p>\n<div style=\"text-align: justify;\">\n<p>Inoltre vi sar\u00e0 recapitato a domicilio un pacco che comprende:<\/p>\n<p>- 1 bottiglia di vino rosato<br \/>\n-\u00a01 bottiglia di vino riserva<br \/>\n-\u00a01 bottiglia di vino rosso<br \/>\n- 1 bottiglia di olio<\/p>\n<\/div>\n<\/div>\n<p><strong><br \/>\nAnv\u00e4ndbar information:<br \/>\n<\/strong><\/p>\n<ul>\n<li>F\u00f6r mer information om h\u00f6g-\/l\u00e5gs\u00e4song, v\u00e4nligen kontakta boendet.<\/li>\n<li>Boendet hanteras EXKLUSIVT via sj\u00e4lvincheckning.<\/li>\n<li><span style=\"text-align: justify;\">Vid bokningstillf\u00e4llet \u00e4r det n\u00f6dv\u00e4ndigt att ange telefonnummer<\/span><\/li>\n<li><span style=\"text-align: justify;\">Maximal kapacitet per rum: 3 personer<\/span><\/li>\n<\/ul>\n<p style=\"box-sizing: border-box; border: 0px; font-size: 15px; margin: 0px 0px 1.6em; outline: 0px; padding: 0px; vertical-align: baseline; font-family: Montserrat, sans-serif; text-align: justify;\">\n<p><a style=\"text-decoration: none; display: inline-flex; align-items: center; color: #159c7f; font-weight: 600;\" href=\"https:\/\/wa.me\/3772539581\" target=\"_blank\" rel=\"noopener noreferrer\"><br \/>\n<img decoding=\"async\" style=\"width: 24px; height: 24px; margin-right: 8px;\" src=\"https:\/\/upload.wikimedia.org\/wikipedia\/commons\/6\/6b\/WhatsApp.svg\" alt=\"WhatsApp Icon\" \/><br \/>\nBoka direkt p\u00e5 WhatsApp<br \/>\n<\/a><\/p>","protected":false},"featured_media":9609,"template":"","meta":{"_acf_changed":false},"product_brand":[764],"product_cat":[80],"product_tag":[517,846,160,520,510,522,516,521,509,507,227,519,523,501],"class_list":{"0":"post-6952","1":"product","2":"type-product","3":"status-publish","4":"has-post-thumbnail","6":"product_brand-granducato-collection","7":"product_cat-soggiorni-e-degustazioni","8":"product_tag-allegra-toscana","9":"product_tag-charme","10":"product_tag-colazione-inclusa","11":"product_tag-esperienza-toscana","12":"product_tag-fuga-romantica","13":"product_tag-hotel-boutique-toscana","14":"product_tag-notte-con-colazione","15":"product_tag-pernottamento-con-colazione","16":"product_tag-regalo-esperienziale","17":"product_tag-soggiorno-benessere","18":"product_tag-soggiorno-romantico","19":"product_tag-vacanza-coppia","20":"product_tag-vacanza-rilassante","21":"product_tag-weekend-in-toscana","23":"first","24":"instock","25":"shipping-taxable","26":"product-type-simple"},"acf":[],"yoast_head":"<!-- This site is optimized with the Yoast SEO plugin v26.7 - https:\/\/yoast.com\/wordpress\/plugins\/seo\/ -->\n<title>B&amp;B Arezzo - Pacchetto Soggiorno di 1 notte in suite room a Viareggio - Gran ducato Gestioni<\/title>\n<meta name=\"description\" content=\"Scopri Tramonti Aretini: una notte in suite con degustazione inclusa ad Arezzo, nel cuore della Toscana. Tutte le info su granducatocollection.com.\" \/>\n<meta name=\"robots\" content=\"index, follow, max-snippet:-1, max-image-preview:large, max-video-preview:-1\" \/>\n<link rel=\"canonical\" href=\"https:\/\/www.granducatocollection.com\/sv\/product\/tramonto-aretino-2\/\" \/>\n<meta property=\"og:locale\" content=\"sv_SE\" \/>\n<meta property=\"og:type\" content=\"article\" \/>\n<meta property=\"og:title\" content=\"B&amp;B Arezzo - Pacchetto Soggiorno di 1 notte in suite room a Viareggio - Gran ducato Gestioni\" \/>\n<meta property=\"og:description\" content=\"Scopri Tramonti Aretini: una notte in suite con degustazione inclusa ad Arezzo, nel cuore della Toscana. Tutte le info su granducatocollection.com.\" \/>\n<meta property=\"og:url\" content=\"https:\/\/www.granducatocollection.com\/sv\/product\/tramonto-aretino-2\/\" \/>\n<meta property=\"og:site_name\" content=\"Granducato Collection\" \/>\n<meta property=\"article:modified_time\" content=\"2026-02-27T15:35:29+00:00\" \/>\n<meta property=\"og:image\" content=\"https:\/\/www.granducatocollection.com\/wp-content\/uploads\/2025\/04\/suiteconvasca_bathtub_allegravia.jpg\" \/>\n\t<meta property=\"og:image:width\" content=\"300\" \/>\n\t<meta property=\"og:image:height\" content=\"300\" \/>\n\t<meta property=\"og:image:type\" content=\"image\/jpeg\" \/>\n<meta name=\"twitter:card\" content=\"summary_large_image\" \/>\n<meta name=\"twitter:label1\" content=\"Ber\u00e4knad l\u00e4stid\" \/>\n\t<meta name=\"twitter:data1\" content=\"2 minuter\" \/>\n<script type=\"application\/ld+json\" class=\"yoast-schema-graph\">{\"@context\":\"https:\/\/schema.org\",\"@graph\":[{\"@type\":\"WebPage\",\"@id\":\"https:\/\/www.granducatocollection.com\/prodotto\/tramonto-aretino-2\/\",\"url\":\"https:\/\/www.granducatocollection.com\/prodotto\/tramonto-aretino-2\/\",\"name\":\"B&B Arezzo - Pacchetto Soggiorno di 1 notte in suite room a Viareggio - Gran ducato Gestioni\",\"isPartOf\":{\"@id\":\"https:\/\/www.granducatocollection.com\/#website\"},\"primaryImageOfPage\":{\"@id\":\"https:\/\/www.granducatocollection.com\/prodotto\/tramonto-aretino-2\/#primaryimage\"},\"image\":{\"@id\":\"https:\/\/www.granducatocollection.com\/prodotto\/tramonto-aretino-2\/#primaryimage\"},\"thumbnailUrl\":\"https:\/\/www.granducatocollection.com\/wp-content\/uploads\/2025\/04\/soggiorno-di-1-notte-in-suite-room-a-viareggio.jpg\",\"datePublished\":\"2025-04-30T10:56:33+00:00\",\"dateModified\":\"2026-02-27T15:35:29+00:00\",\"description\":\"Scopri Tramonti Aretini: una notte in suite con degustazione inclusa ad Arezzo, nel cuore della Toscana. Tutte le info su granducatocollection.com.\",\"breadcrumb\":{\"@id\":\"https:\/\/www.granducatocollection.com\/prodotto\/tramonto-aretino-2\/#breadcrumb\"},\"inLanguage\":\"sv-SE\",\"potentialAction\":[{\"@type\":\"ReadAction\",\"target\":[\"https:\/\/www.granducatocollection.com\/prodotto\/tramonto-aretino-2\/\"]}]},{\"@type\":\"ImageObject\",\"inLanguage\":\"sv-SE\",\"@id\":\"https:\/\/www.granducatocollection.com\/prodotto\/tramonto-aretino-2\/#primaryimage\",\"url\":\"https:\/\/www.granducatocollection.com\/wp-content\/uploads\/2025\/04\/soggiorno-di-1-notte-in-suite-room-a-viareggio.jpg\",\"contentUrl\":\"https:\/\/www.granducatocollection.com\/wp-content\/uploads\/2025\/04\/soggiorno-di-1-notte-in-suite-room-a-viareggio.jpg\",\"width\":300,\"height\":300},{\"@type\":\"BreadcrumbList\",\"@id\":\"https:\/\/www.granducatocollection.com\/prodotto\/tramonto-aretino-2\/#breadcrumb\",\"itemListElement\":[{\"@type\":\"ListItem\",\"position\":1,\"name\":\"Home\",\"item\":\"https:\/\/www.granducatocollection.com\/\"},{\"@type\":\"ListItem\",\"position\":2,\"name\":\"Shop\",\"item\":\"https:\/\/www.granducatocollection.com\/negozio\/\"},{\"@type\":\"ListItem\",\"position\":3,\"name\":\"Soggiorno di 1 notte in suite room a Viareggio\"}]},{\"@type\":\"WebSite\",\"@id\":\"https:\/\/www.granducatocollection.com\/#website\",\"url\":\"https:\/\/www.granducatocollection.com\/\",\"name\":\"GranDucato Collection\",\"description\":\"Prenota la tua vacanza e vivi un&#039;esperienza unica\",\"potentialAction\":[{\"@type\":\"SearchAction\",\"target\":{\"@type\":\"EntryPoint\",\"urlTemplate\":\"https:\/\/www.granducatocollection.com\/?s={search_term_string}\"},\"query-input\":{\"@type\":\"PropertyValueSpecification\",\"valueRequired\":true,\"valueName\":\"search_term_string\"}}],\"inLanguage\":\"sv-SE\"}]}<\/script>\n<!-- \/ Yoast SEO plugin. -->","yoast_head_json":{"title":"B&B Arezzo - Pacchetto Soggiorno di 1 notte in suite room a Viareggio - Gran ducato Gestioni","description":"Scopri Tramonti Aretini: una notte in suite con degustazione inclusa ad Arezzo, nel cuore della Toscana. Tutte le info su granducatocollection.com.","robots":{"index":"index","follow":"follow","max-snippet":"max-snippet:-1","max-image-preview":"max-image-preview:large","max-video-preview":"max-video-preview:-1"},"canonical":"https:\/\/www.granducatocollection.com\/sv\/product\/tramonto-aretino-2\/","og_locale":"sv_SE","og_type":"article","og_title":"B&B Arezzo - Pacchetto Soggiorno di 1 notte in suite room a Viareggio - Gran ducato Gestioni","og_description":"Scopri Tramonti Aretini: una notte in suite con degustazione inclusa ad Arezzo, nel cuore della Toscana. Tutte le info su granducatocollection.com.","og_url":"https:\/\/www.granducatocollection.com\/sv\/product\/tramonto-aretino-2\/","og_site_name":"Granducato Collection","article_modified_time":"2026-02-27T15:35:29+00:00","og_image":[{"width":300,"height":300,"url":"https:\/\/www.granducatocollection.com\/wp-content\/uploads\/2025\/04\/suiteconvasca_bathtub_allegravia.jpg","type":"image\/jpeg"}],"twitter_card":"summary_large_image","twitter_misc":{"Ber\u00e4knad l\u00e4stid":"2 minuter"},"schema":{"@context":"https:\/\/schema.org","@graph":[{"@type":"WebPage","@id":"https:\/\/www.granducatocollection.com\/prodotto\/tramonto-aretino-2\/","url":"https:\/\/www.granducatocollection.com\/prodotto\/tramonto-aretino-2\/","name":"B&B Arezzo - Pacchetto Soggiorno di 1 notte in suite room a Viareggio - Gran ducato Gestioni","isPartOf":{"@id":"https:\/\/www.granducatocollection.com\/#website"},"primaryImageOfPage":{"@id":"https:\/\/www.granducatocollection.com\/prodotto\/tramonto-aretino-2\/#primaryimage"},"image":{"@id":"https:\/\/www.granducatocollection.com\/prodotto\/tramonto-aretino-2\/#primaryimage"},"thumbnailUrl":"https:\/\/www.granducatocollection.com\/wp-content\/uploads\/2025\/04\/soggiorno-di-1-notte-in-suite-room-a-viareggio.jpg","datePublished":"2025-04-30T10:56:33+00:00","dateModified":"2026-02-27T15:35:29+00:00","description":"Scopri Tramonti Aretini: una notte in suite con degustazione inclusa ad Arezzo, nel cuore della Toscana. Tutte le info su granducatocollection.com.","breadcrumb":{"@id":"https:\/\/www.granducatocollection.com\/prodotto\/tramonto-aretino-2\/#breadcrumb"},"inLanguage":"sv-SE","potentialAction":[{"@type":"ReadAction","target":["https:\/\/www.granducatocollection.com\/prodotto\/tramonto-aretino-2\/"]}]},{"@type":"ImageObject","inLanguage":"sv-SE","@id":"https:\/\/www.granducatocollection.com\/prodotto\/tramonto-aretino-2\/#primaryimage","url":"https:\/\/www.granducatocollection.com\/wp-content\/uploads\/2025\/04\/soggiorno-di-1-notte-in-suite-room-a-viareggio.jpg","contentUrl":"https:\/\/www.granducatocollection.com\/wp-content\/uploads\/2025\/04\/soggiorno-di-1-notte-in-suite-room-a-viareggio.jpg","width":300,"height":300},{"@type":"BreadcrumbList","@id":"https:\/\/www.granducatocollection.com\/prodotto\/tramonto-aretino-2\/#breadcrumb","itemListElement":[{"@type":"ListItem","position":1,"name":"Home","item":"https:\/\/www.granducatocollection.com\/"},{"@type":"ListItem","position":2,"name":"Shop","item":"https:\/\/www.granducatocollection.com\/negozio\/"},{"@type":"ListItem","position":3,"name":"Soggiorno di 1 notte in suite room a Viareggio"}]},{"@type":"WebSite","@id":"https:\/\/www.granducatocollection.com\/#website","url":"https:\/\/www.granducatocollection.com\/","name":"GranDucato Collection","description":"Prenota la tua vacanza e vivi un&#039;esperienza unica","potentialAction":[{"@type":"SearchAction","target":{"@type":"EntryPoint","urlTemplate":"https:\/\/www.granducatocollection.com\/?s={search_term_string}"},"query-input":{"@type":"PropertyValueSpecification","valueRequired":true,"valueName":"search_term_string"}}],"inLanguage":"sv-SE"}]}},"_links":{"self":[{"href":"https:\/\/www.granducatocollection.com\/sv\/wp-json\/wp\/v2\/product\/6952","targetHints":{"allow":["GET"]}}],"collection":[{"href":"https:\/\/www.granducatocollection.com\/sv\/wp-json\/wp\/v2\/product"}],"about":[{"href":"https:\/\/www.granducatocollection.com\/sv\/wp-json\/wp\/v2\/types\/product"}],"wp:featuredmedia":[{"embeddable":true,"href":"https:\/\/www.granducatocollection.com\/sv\/wp-json\/wp\/v2\/media\/9609"}],"wp:attachment":[{"href":"https:\/\/www.granducatocollection.com\/sv\/wp-json\/wp\/v2\/media?parent=6952"}],"wp:term":[{"taxonomy":"product_brand","embeddable":true,"href":"https:\/\/www.granducatocollection.com\/sv\/wp-json\/wp\/v2\/product_brand?post=6952"},{"taxonomy":"product_cat","embeddable":true,"href":"https:\/\/www.granducatocollection.com\/sv\/wp-json\/wp\/v2\/product_cat?post=6952"},{"taxonomy":"product_tag","embeddable":true,"href":"https:\/\/www.granducatocollection.com\/sv\/wp-json\/wp\/v2\/product_tag?post=6952"}],"curies":[{"name":"wp","href":"https:\/\/api.w.org\/{rel}","templated":true}]}}