{"id":6879,"date":"2025-04-26T14:41:06","date_gmt":"2025-04-26T14:41:06","guid":{"rendered":"https:\/\/www.granducatocollection.com\/?post_type=product&#038;p=6879"},"modified":"2026-02-27T13:29:00","modified_gmt":"2026-02-27T13:29:00","slug":"notturno-deccellenza","status":"publish","type":"product","link":"https:\/\/www.granducatocollection.com\/sv\/product\/notturno-deccellenza\/","title":{"rendered":"2 n\u00e4tter med frukost i Toscana"},"content":{"rendered":"<h1>Tv\u00e5 n\u00e4tter i ett av v\u00e5ra eleganta toskanska hem, perfekt bel\u00e4get bland regionens kulturskatter.<\/h1>\n<p class=\"translation-block\">Varje detalj \u00e4r noga med att erbjuda dig en **intim, raffinerad och kompromissl\u00f6s** vistelse.<\/p>\n<h2>Din bokning inkluderar:<\/h2>\n<ul>\n<li class=\"translation-block\"><strong>2 n\u00e4tter<\/strong>i lyxrum med panoramautsikt<\/li>\n<li class=\"translation-block\">**Daglig hantverksfrukost**, tillagad med lokala produkter fr\u00e5n v\u00e5r Granducato-grupp: hemlagad sylt, extra jungfruolja fr\u00e5n Chianti DOP, nybakat toskanskt br\u00f6d och utvalt rostat kaffe<\/li>\n<li class=\"translation-block\">Privat tillg\u00e5ng till <strong>fastighetens spa<\/strong>, med bubbelpool, finsk bastu och relaxavdelning omgiven av gr\u00f6nska<\/li>\n<li class=\"translation-block\">Digital incheckning och assistans dygnet runt med v\u00e5r tj\u00e4nst <strong>osynlig men n\u00e4rvarande<\/strong>: absolut diskretion, men alltid tillg\u00e4nglig<\/li>\n<\/ul>\n<h3 class=\"translation-block\">Ideal per una <strong>fuga romantica<\/strong>, un weekend rigenerante o un regalo indimenticabile, questa esperienza ti permette di vivere la Toscana autentica, a pochi minuti da Firenze, Siena e Cortona \u2014 e a meno di un\u2019ora di treno da Pisa e Lucca.<\/h3>\n<p>Boka nu och f\u00f6rdjupa dig i den toskanska landsbygdens lugna elegans.<\/p>","protected":false},"excerpt":{"rendered":"<h1>2 n\u00e4tter med frukost i Toscana<\/h1>\n<p class=\"translation-block\">Njut av en avkopplande upplevelse i Toscana med en 2-n\u00e4tters vistelse f\u00f6r 2 personer,<br>\ninklusive frukost och tillg\u00e5ng till spaet.<br>\nEtt perfekt erbjudande f\u00f6r en romantisk semester, en f\u00f6ryngrande helg<br>\neller en speciell present.<br>\n<a style=\"text-decoration: none;align-items: center;color: #159c7f;font-weight: 600\" href=\"https:\/\/wa.me\/3772539581\" target=\"_blank\" class=\"fusion-no-lightbox\"><br>\n<img style=\"width: 24px;height: 24px;margin-right: 8px\" src=\"https:\/\/upload.wikimedia.org\/wikipedia\/commons\/6\/6b\/WhatsApp.svg\" alt=\"WhatsApp Icon\"><br>\nBoka direkt p\u00e5 WhatsApp<br>\n<\/a><\/p>","protected":false},"featured_media":7297,"template":"","meta":{"_acf_changed":false},"product_brand":[764],"product_cat":[80],"product_tag":[517,846,160,520,510,522,516,521,509,507,227,519,523,501],"class_list":{"0":"post-6879","1":"product","2":"type-product","3":"status-publish","4":"has-post-thumbnail","6":"product_brand-granducato-collection","7":"product_cat-soggiorni-e-degustazioni","8":"product_tag-allegra-toscana","9":"product_tag-charme","10":"product_tag-colazione-inclusa","11":"product_tag-esperienza-toscana","12":"product_tag-fuga-romantica","13":"product_tag-hotel-boutique-toscana","14":"product_tag-notte-con-colazione","15":"product_tag-pernottamento-con-colazione","16":"product_tag-regalo-esperienziale","17":"product_tag-soggiorno-benessere","18":"product_tag-soggiorno-romantico","19":"product_tag-vacanza-coppia","20":"product_tag-vacanza-rilassante","21":"product_tag-weekend-in-toscana","23":"first","24":"instock","25":"shipping-taxable","26":"product-type-simple"},"acf":[],"yoast_head":"<!-- This site is optimized with the Yoast SEO plugin v26.7 - https:\/\/yoast.com\/wordpress\/plugins\/seo\/ -->\n<title>B&amp;B Arezzo -2 Notti con Colazione in Toscana - Gran ducato Collection<\/title>\n<meta name=\"description\" content=\"Vivi due notti di puro relax in Toscana con il pacchetto &quot;Notturno di Eccellenza&quot;: soggiorno per 2 persone. Scoprilo su granducatocollection.com.\" \/>\n<meta name=\"robots\" content=\"index, follow, max-snippet:-1, max-image-preview:large, max-video-preview:-1\" \/>\n<link rel=\"canonical\" href=\"https:\/\/www.granducatocollection.com\/sv\/product\/notturno-deccellenza\/\" \/>\n<meta property=\"og:locale\" content=\"sv_SE\" \/>\n<meta property=\"og:type\" content=\"article\" \/>\n<meta property=\"og:title\" content=\"B&amp;B Arezzo -2 Notti con Colazione in Toscana - Gran ducato Collection\" \/>\n<meta property=\"og:description\" content=\"Vivi due notti di puro relax in Toscana con il pacchetto &quot;Notturno di Eccellenza&quot;: soggiorno per 2 persone. Scoprilo su granducatocollection.com.\" \/>\n<meta property=\"og:url\" content=\"https:\/\/www.granducatocollection.com\/sv\/product\/notturno-deccellenza\/\" \/>\n<meta property=\"og:site_name\" content=\"Granducato Collection\" \/>\n<meta property=\"article:modified_time\" content=\"2026-02-27T13:29:00+00:00\" \/>\n<meta property=\"og:image\" content=\"https:\/\/www.granducatocollection.com\/wp-content\/uploads\/2025\/05\/Suite_Jacuzzi_Arezzo_-49-scaled.jpg\" \/>\n\t<meta property=\"og:image:width\" content=\"2560\" \/>\n\t<meta property=\"og:image:height\" content=\"1920\" \/>\n\t<meta property=\"og:image:type\" content=\"image\/jpeg\" \/>\n<meta name=\"twitter:card\" content=\"summary_large_image\" \/>\n<meta name=\"twitter:label1\" content=\"Ber\u00e4knad l\u00e4stid\" \/>\n\t<meta name=\"twitter:data1\" content=\"2 minuter\" \/>\n<script type=\"application\/ld+json\" class=\"yoast-schema-graph\">{\"@context\":\"https:\/\/schema.org\",\"@graph\":[{\"@type\":\"WebPage\",\"@id\":\"https:\/\/www.granducatocollection.com\/prodotto\/notturno-deccellenza\/\",\"url\":\"https:\/\/www.granducatocollection.com\/prodotto\/notturno-deccellenza\/\",\"name\":\"B&B Arezzo -2 Notti con Colazione in Toscana - Gran ducato Collection\",\"isPartOf\":{\"@id\":\"https:\/\/www.granducatocollection.com\/#website\"},\"primaryImageOfPage\":{\"@id\":\"https:\/\/www.granducatocollection.com\/prodotto\/notturno-deccellenza\/#primaryimage\"},\"image\":{\"@id\":\"https:\/\/www.granducatocollection.com\/prodotto\/notturno-deccellenza\/#primaryimage\"},\"thumbnailUrl\":\"https:\/\/www.granducatocollection.com\/wp-content\/uploads\/2025\/05\/Suite_Jacuzzi_Arezzo_-49-scaled.jpg\",\"datePublished\":\"2025-04-26T14:41:06+00:00\",\"dateModified\":\"2026-02-27T13:29:00+00:00\",\"description\":\"Vivi due notti di puro relax in Toscana con il pacchetto \\\"Notturno di Eccellenza\\\": soggiorno per 2 persone. Scoprilo su granducatocollection.com.\",\"breadcrumb\":{\"@id\":\"https:\/\/www.granducatocollection.com\/prodotto\/notturno-deccellenza\/#breadcrumb\"},\"inLanguage\":\"sv-SE\",\"potentialAction\":[{\"@type\":\"ReadAction\",\"target\":[\"https:\/\/www.granducatocollection.com\/prodotto\/notturno-deccellenza\/\"]}]},{\"@type\":\"ImageObject\",\"inLanguage\":\"sv-SE\",\"@id\":\"https:\/\/www.granducatocollection.com\/prodotto\/notturno-deccellenza\/#primaryimage\",\"url\":\"https:\/\/www.granducatocollection.com\/wp-content\/uploads\/2025\/05\/Suite_Jacuzzi_Arezzo_-49-scaled.jpg\",\"contentUrl\":\"https:\/\/www.granducatocollection.com\/wp-content\/uploads\/2025\/05\/Suite_Jacuzzi_Arezzo_-49-scaled.jpg\",\"width\":2560,\"height\":1920,\"caption\":\"vista-con-porta-antica_b&b-arezzo-affittacamere-suitelets\"},{\"@type\":\"BreadcrumbList\",\"@id\":\"https:\/\/www.granducatocollection.com\/prodotto\/notturno-deccellenza\/#breadcrumb\",\"itemListElement\":[{\"@type\":\"ListItem\",\"position\":1,\"name\":\"Home\",\"item\":\"https:\/\/www.granducatocollection.com\/\"},{\"@type\":\"ListItem\",\"position\":2,\"name\":\"Shop\",\"item\":\"https:\/\/www.granducatocollection.com\/negozio\/\"},{\"@type\":\"ListItem\",\"position\":3,\"name\":\"2 Notti con Colazione in Toscana\"}]},{\"@type\":\"WebSite\",\"@id\":\"https:\/\/www.granducatocollection.com\/#website\",\"url\":\"https:\/\/www.granducatocollection.com\/\",\"name\":\"GranDucato Collection\",\"description\":\"Prenota la tua vacanza e vivi un&#039;esperienza unica\",\"potentialAction\":[{\"@type\":\"SearchAction\",\"target\":{\"@type\":\"EntryPoint\",\"urlTemplate\":\"https:\/\/www.granducatocollection.com\/?s={search_term_string}\"},\"query-input\":{\"@type\":\"PropertyValueSpecification\",\"valueRequired\":true,\"valueName\":\"search_term_string\"}}],\"inLanguage\":\"sv-SE\"}]}<\/script>\n<!-- \/ Yoast SEO plugin. -->","yoast_head_json":{"title":"B&B Arezzo -2 Notti con Colazione in Toscana - Gran ducato Collection","description":"Vivi due notti di puro relax in Toscana con il pacchetto \"Notturno di Eccellenza\": soggiorno per 2 persone. Scoprilo su granducatocollection.com.","robots":{"index":"index","follow":"follow","max-snippet":"max-snippet:-1","max-image-preview":"max-image-preview:large","max-video-preview":"max-video-preview:-1"},"canonical":"https:\/\/www.granducatocollection.com\/sv\/product\/notturno-deccellenza\/","og_locale":"sv_SE","og_type":"article","og_title":"B&B Arezzo -2 Notti con Colazione in Toscana - Gran ducato Collection","og_description":"Vivi due notti di puro relax in Toscana con il pacchetto \"Notturno di Eccellenza\": soggiorno per 2 persone. Scoprilo su granducatocollection.com.","og_url":"https:\/\/www.granducatocollection.com\/sv\/product\/notturno-deccellenza\/","og_site_name":"Granducato Collection","article_modified_time":"2026-02-27T13:29:00+00:00","og_image":[{"width":2560,"height":1920,"url":"https:\/\/www.granducatocollection.com\/wp-content\/uploads\/2025\/05\/Suite_Jacuzzi_Arezzo_-49-scaled.jpg","type":"image\/jpeg"}],"twitter_card":"summary_large_image","twitter_misc":{"Ber\u00e4knad l\u00e4stid":"2 minuter"},"schema":{"@context":"https:\/\/schema.org","@graph":[{"@type":"WebPage","@id":"https:\/\/www.granducatocollection.com\/prodotto\/notturno-deccellenza\/","url":"https:\/\/www.granducatocollection.com\/prodotto\/notturno-deccellenza\/","name":"B&B Arezzo -2 Notti con Colazione in Toscana - Gran ducato Collection","isPartOf":{"@id":"https:\/\/www.granducatocollection.com\/#website"},"primaryImageOfPage":{"@id":"https:\/\/www.granducatocollection.com\/prodotto\/notturno-deccellenza\/#primaryimage"},"image":{"@id":"https:\/\/www.granducatocollection.com\/prodotto\/notturno-deccellenza\/#primaryimage"},"thumbnailUrl":"https:\/\/www.granducatocollection.com\/wp-content\/uploads\/2025\/05\/Suite_Jacuzzi_Arezzo_-49-scaled.jpg","datePublished":"2025-04-26T14:41:06+00:00","dateModified":"2026-02-27T13:29:00+00:00","description":"Vivi due notti di puro relax in Toscana con il pacchetto \"Notturno di Eccellenza\": soggiorno per 2 persone. Scoprilo su granducatocollection.com.","breadcrumb":{"@id":"https:\/\/www.granducatocollection.com\/prodotto\/notturno-deccellenza\/#breadcrumb"},"inLanguage":"sv-SE","potentialAction":[{"@type":"ReadAction","target":["https:\/\/www.granducatocollection.com\/prodotto\/notturno-deccellenza\/"]}]},{"@type":"ImageObject","inLanguage":"sv-SE","@id":"https:\/\/www.granducatocollection.com\/prodotto\/notturno-deccellenza\/#primaryimage","url":"https:\/\/www.granducatocollection.com\/wp-content\/uploads\/2025\/05\/Suite_Jacuzzi_Arezzo_-49-scaled.jpg","contentUrl":"https:\/\/www.granducatocollection.com\/wp-content\/uploads\/2025\/05\/Suite_Jacuzzi_Arezzo_-49-scaled.jpg","width":2560,"height":1920,"caption":"vista-con-porta-antica_b&b-arezzo-affittacamere-suitelets"},{"@type":"BreadcrumbList","@id":"https:\/\/www.granducatocollection.com\/prodotto\/notturno-deccellenza\/#breadcrumb","itemListElement":[{"@type":"ListItem","position":1,"name":"Home","item":"https:\/\/www.granducatocollection.com\/"},{"@type":"ListItem","position":2,"name":"Shop","item":"https:\/\/www.granducatocollection.com\/negozio\/"},{"@type":"ListItem","position":3,"name":"2 Notti con Colazione in Toscana"}]},{"@type":"WebSite","@id":"https:\/\/www.granducatocollection.com\/#website","url":"https:\/\/www.granducatocollection.com\/","name":"GranDucato Collection","description":"Prenota la tua vacanza e vivi un&#039;esperienza unica","potentialAction":[{"@type":"SearchAction","target":{"@type":"EntryPoint","urlTemplate":"https:\/\/www.granducatocollection.com\/?s={search_term_string}"},"query-input":{"@type":"PropertyValueSpecification","valueRequired":true,"valueName":"search_term_string"}}],"inLanguage":"sv-SE"}]}},"_links":{"self":[{"href":"https:\/\/www.granducatocollection.com\/sv\/wp-json\/wp\/v2\/product\/6879","targetHints":{"allow":["GET"]}}],"collection":[{"href":"https:\/\/www.granducatocollection.com\/sv\/wp-json\/wp\/v2\/product"}],"about":[{"href":"https:\/\/www.granducatocollection.com\/sv\/wp-json\/wp\/v2\/types\/product"}],"wp:featuredmedia":[{"embeddable":true,"href":"https:\/\/www.granducatocollection.com\/sv\/wp-json\/wp\/v2\/media\/7297"}],"wp:attachment":[{"href":"https:\/\/www.granducatocollection.com\/sv\/wp-json\/wp\/v2\/media?parent=6879"}],"wp:term":[{"taxonomy":"product_brand","embeddable":true,"href":"https:\/\/www.granducatocollection.com\/sv\/wp-json\/wp\/v2\/product_brand?post=6879"},{"taxonomy":"product_cat","embeddable":true,"href":"https:\/\/www.granducatocollection.com\/sv\/wp-json\/wp\/v2\/product_cat?post=6879"},{"taxonomy":"product_tag","embeddable":true,"href":"https:\/\/www.granducatocollection.com\/sv\/wp-json\/wp\/v2\/product_tag?post=6879"}],"curies":[{"name":"wp","href":"https:\/\/api.w.org\/{rel}","templated":true}]}}