{"id":6876,"date":"2025-04-26T13:41:23","date_gmt":"2025-04-26T13:41:23","guid":{"rendered":"https:\/\/www.granducatocollection.com\/?post_type=product&#038;p=6876"},"modified":"2026-04-20T23:02:26","modified_gmt":"2026-04-20T23:02:26","slug":"bottiglia-bordolese-vignavecchia","status":"publish","type":"product","link":"https:\/\/www.granducatocollection.com\/sv\/product\/bottiglia-bordolese-vignavecchia\/","title":{"rendered":"Bordeauxflaska Vigna Vecchia Specialutg\u00e5va"},"content":{"rendered":"<p><script type=\"application\/ld+json\">{\n    \"@context\": \"https:\\\/\\\/schema.org\",\n    \"@type\": \"Product\",\n    \"@id\": \"https:\\\/\\\/www.granducatocollection.com\\\/prodotto\\\/bottiglia-bordolese-vignavecchia\\\/\",\n    \"name\": \"Vigna Vecchia Edizione Speciale \\u2013 Bottiglia Bordolese Borgunto\",\n    \"image\": \"https:\\\/\\\/www.granducatocollection.com\\\/wp-content\\\/uploads\\\/2026\\\/01\\\/vignavecchia-borgunto-bottiglia-bordolese.jpg\",\n    \"description\": \"Vino rosso toscano artigianale da Arezzo, in edizione limitata. Prodotto da Borgunto con uve selezionate da vigneti storici. Perfetto come regalo enologico elegante.\",\n    \"brand\": {\n        \"@type\": \"Organization\",\n        \"name\": \"Borgunto\"\n    },\n    \"offers\": {\n        \"@type\": \"Offer\",\n        \"url\": \"https:\\\/\\\/www.granducatocollection.com\\\/prodotto\\\/bottiglia-bordolese-vignavecchia\\\/\",\n        \"priceCurrency\": \"EUR\",\n        \"price\": \"25.00\",\n        \"itemCondition\": \"https:\\\/\\\/schema.org\\\/NewCondition\",\n        \"availability\": \"https:\\\/\\\/schema.org\\\/InStock\",\n        \"seller\": {\n            \"@type\": \"Organization\",\n            \"name\": \"Granducato Collection\"\n        }\n    },\n    \"sku\": \"VIGNAVECCHIA-BORDOLESE-EDIZIONE-SPECIALE\"\n}<\/script><\/p>\n<h1>Vignavecchia Specialutg\u00e5va \u2013 Bordeauxflaska<\/h1>\n<h2>Hantverksm\u00e4ssigt toskanskt r\u00f6tt vin fr\u00e5n Arezzo, tillverkat av historiska ving\u00e5rdar<\/h2>\n<p class=\"translation-block\">Vigna Vecchia Edizione Speciale Borgunto \u00e4r h\u00f6jdpunkten av toskansk vinframst\u00e4llning. Detta toskanska r\u00f6dvin, som produceras i Arezzo med utvalda druvor fr\u00e5n historiska ving\u00e5rdar, f\u00f6rkroppsligar omr\u00e5dets vinframst\u00e4llningstradition, kombinerat med en modern vision om kvalitet. Varje klunk talar om passionen f\u00f6r marken, respekten f\u00f6r tiden och hantverket hos en ving\u00e5rd som v\u00e4rdes\u00e4tter sp\u00e5rbarhet.<\/p>\n<h3>En begr\u00e4nsad upplaga i en Bordeaux-flaska med tidl\u00f6s design<\/h3>\n<p class=\"translation-block\">Innesluten i en elegant Bordeauxflaska, avsmalnande och smal, presenterar sig Vigna Vecchia som ett sant samlarobjekt. Dess begr\u00e4nsade upplaga g\u00f6r den perfekt f\u00f6r dem som s\u00f6ker en elegant ving\u00e5va, som kan begeistra sanna finsmakare eller fira speciella tillf\u00e4llen med italiensk \u00e4kthet.<\/p>\n<h3>Symbol f\u00f6r Granducato-samlingen: konst, territorium och vinkvalitet<\/h3>\n<p class=\"translation-block\">Detta vin, producerat av *Borgunto*, \u00e4r en h\u00f6rnsten i *Granducato Collection*, ett projekt som f\u00f6renar konst, toskansk identitet och vinframst\u00e4llningskvalitet. Det \u00e4r inte bara ett vin: det \u00e4r ett kulturellt arv, serverat p\u00e5 glas.<\/p>","protected":false},"excerpt":{"rendered":"<h1>Vignavecchia specialutg\u00e5va Borgunto<\/h1>\n<p class=\"translation-block\">**Vignavecchia Edizione Speciale Borgunto**: ett hantverksm\u00e4ssigt toskanskt r\u00f6tt vin fr\u00e5n Arezzo, gjort med utvalda druvor fr\u00e5n historiska ving\u00e5rdar. Detta vin i begr\u00e4nsad upplaga, som presenteras i en raffinerad Bordeaux-flaska, \u00e4r perfekt som en elegant ving\u00e5va eller en symbol f\u00f6r Granducato-kollektionen.<\/p>","protected":false},"featured_media":8352,"template":"","meta":{"_acf_changed":false},"product_brand":[764],"product_cat":[92],"product_tag":[315,396,277,317,309,403,402,307,316,401],"class_list":{"0":"post-6876","1":"product","2":"type-product","3":"status-publish","4":"has-post-thumbnail","6":"product_brand-granducato-collection","7":"product_cat-i-nostri-formati-speciali","8":"product_tag-vigna-vecchia","9":"product_tag-vino-artigianale","10":"product_tag-vino-da-collezione","11":"product_tag-vino-da-pranzo-elegante","12":"product_tag-vino-da-regalo","13":"product_tag-vino-di-qualita","14":"product_tag-vino-edizione-speciale","15":"product_tag-vino-italiano","16":"product_tag-vino-premium","17":"product_tag-vino-rosso-bordolese","19":"first","20":"instock","21":"shipping-taxable","22":"purchasable","23":"product-type-simple"},"acf":[],"yoast_head":"<!-- This site is optimized with the Yoast SEO plugin v26.7 - https:\/\/yoast.com\/wordpress\/plugins\/seo\/ -->\n<title>B&amp;B Arezzo -Vigna Vecchia Sp. Edition - Gran ducato Collection<\/title>\n<meta name=\"description\" content=\"Edizione speciale Jeroboam Vignavecchia: vino Chianti in formato maxi. Un&#039;eccellenza da Arezzo, perfetta da regalare.\" \/>\n<meta name=\"robots\" content=\"index, follow, max-snippet:-1, max-image-preview:large, max-video-preview:-1\" \/>\n<link rel=\"canonical\" href=\"https:\/\/www.granducatocollection.com\/sv\/product\/bottiglia-bordolese-vignavecchia\/\" \/>\n<meta property=\"og:locale\" content=\"sv_SE\" \/>\n<meta property=\"og:type\" content=\"article\" \/>\n<meta property=\"og:title\" content=\"B&amp;B Arezzo -Vigna Vecchia Sp. Edition - Gran ducato Collection\" \/>\n<meta property=\"og:description\" content=\"Edizione speciale Jeroboam Vignavecchia: vino Chianti in formato maxi. Un&#039;eccellenza da Arezzo, perfetta da regalare.\" \/>\n<meta property=\"og:url\" content=\"https:\/\/www.granducatocollection.com\/sv\/product\/bottiglia-bordolese-vignavecchia\/\" \/>\n<meta property=\"og:site_name\" content=\"Granducato Collection\" \/>\n<meta property=\"article:modified_time\" content=\"2026-04-20T23:02:26+00:00\" \/>\n<meta property=\"og:image\" content=\"https:\/\/www.granducatocollection.com\/wp-content\/uploads\/2025\/04\/granducatocollection-borgunto-vignavecchia-bordolese-arezzo-bb-suitelets-soggiornare-in-toscana.webp.webp\" \/>\n\t<meta property=\"og:image:width\" content=\"700\" \/>\n\t<meta property=\"og:image:height\" content=\"700\" \/>\n\t<meta property=\"og:image:type\" content=\"image\/webp\" \/>\n<meta name=\"twitter:card\" content=\"summary_large_image\" \/>\n<meta name=\"twitter:label1\" content=\"Ber\u00e4knad l\u00e4stid\" \/>\n\t<meta name=\"twitter:data1\" content=\"2 minuter\" \/>\n<script type=\"application\/ld+json\" class=\"yoast-schema-graph\">{\"@context\":\"https:\/\/schema.org\",\"@graph\":[{\"@type\":\"WebPage\",\"@id\":\"https:\/\/www.granducatocollection.com\/prodotto\/bottiglia-bordolese-vignavecchia\/\",\"url\":\"https:\/\/www.granducatocollection.com\/prodotto\/bottiglia-bordolese-vignavecchia\/\",\"name\":\"B&B Arezzo -Vigna Vecchia Sp. Edition - Gran ducato Collection\",\"isPartOf\":{\"@id\":\"https:\/\/www.granducatocollection.com\/#website\"},\"primaryImageOfPage\":{\"@id\":\"https:\/\/www.granducatocollection.com\/prodotto\/bottiglia-bordolese-vignavecchia\/#primaryimage\"},\"image\":{\"@id\":\"https:\/\/www.granducatocollection.com\/prodotto\/bottiglia-bordolese-vignavecchia\/#primaryimage\"},\"thumbnailUrl\":\"https:\/\/www.granducatocollection.com\/wp-content\/uploads\/2025\/04\/granducatocollection-borgunto-vignavecchia-bordolese-arezzo-bb-suitelets-soggiornare-in-toscana.webp.webp\",\"datePublished\":\"2025-04-26T13:41:23+00:00\",\"dateModified\":\"2026-04-20T23:02:26+00:00\",\"description\":\"Edizione speciale Jeroboam Vignavecchia: vino Chianti in formato maxi. Un'eccellenza da Arezzo, perfetta da regalare.\",\"breadcrumb\":{\"@id\":\"https:\/\/www.granducatocollection.com\/prodotto\/bottiglia-bordolese-vignavecchia\/#breadcrumb\"},\"inLanguage\":\"sv-SE\",\"potentialAction\":[{\"@type\":\"ReadAction\",\"target\":[\"https:\/\/www.granducatocollection.com\/prodotto\/bottiglia-bordolese-vignavecchia\/\"]}]},{\"@type\":\"ImageObject\",\"inLanguage\":\"sv-SE\",\"@id\":\"https:\/\/www.granducatocollection.com\/prodotto\/bottiglia-bordolese-vignavecchia\/#primaryimage\",\"url\":\"https:\/\/www.granducatocollection.com\/wp-content\/uploads\/2025\/04\/granducatocollection-borgunto-vignavecchia-bordolese-arezzo-bb-suitelets-soggiornare-in-toscana.webp.webp\",\"contentUrl\":\"https:\/\/www.granducatocollection.com\/wp-content\/uploads\/2025\/04\/granducatocollection-borgunto-vignavecchia-bordolese-arezzo-bb-suitelets-soggiornare-in-toscana.webp.webp\",\"width\":700,\"height\":700,\"caption\":\"Bottiglia Bordolese Vigna Vecchia Edizione Speciale vino rosso italiano artigianale\"},{\"@type\":\"BreadcrumbList\",\"@id\":\"https:\/\/www.granducatocollection.com\/prodotto\/bottiglia-bordolese-vignavecchia\/#breadcrumb\",\"itemListElement\":[{\"@type\":\"ListItem\",\"position\":1,\"name\":\"Home\",\"item\":\"https:\/\/www.granducatocollection.com\/\"},{\"@type\":\"ListItem\",\"position\":2,\"name\":\"Shop\",\"item\":\"https:\/\/www.granducatocollection.com\/negozio\/\"},{\"@type\":\"ListItem\",\"position\":3,\"name\":\"Bottiglia Bordolese Vigna Vecchia Edizione Speciale\"}]},{\"@type\":\"WebSite\",\"@id\":\"https:\/\/www.granducatocollection.com\/#website\",\"url\":\"https:\/\/www.granducatocollection.com\/\",\"name\":\"GranDucato Collection\",\"description\":\"Prenota la tua vacanza e vivi un&#039;esperienza unica\",\"potentialAction\":[{\"@type\":\"SearchAction\",\"target\":{\"@type\":\"EntryPoint\",\"urlTemplate\":\"https:\/\/www.granducatocollection.com\/?s={search_term_string}\"},\"query-input\":{\"@type\":\"PropertyValueSpecification\",\"valueRequired\":true,\"valueName\":\"search_term_string\"}}],\"inLanguage\":\"sv-SE\"}]}<\/script>\n<!-- \/ Yoast SEO plugin. -->","yoast_head_json":{"title":"B&B Arezzo -Vigna Vecchia Sp. Edition - Gran ducato Collection","description":"Edizione speciale Jeroboam Vignavecchia: vino Chianti in formato maxi. Un'eccellenza da Arezzo, perfetta da regalare.","robots":{"index":"index","follow":"follow","max-snippet":"max-snippet:-1","max-image-preview":"max-image-preview:large","max-video-preview":"max-video-preview:-1"},"canonical":"https:\/\/www.granducatocollection.com\/sv\/product\/bottiglia-bordolese-vignavecchia\/","og_locale":"sv_SE","og_type":"article","og_title":"B&B Arezzo -Vigna Vecchia Sp. Edition - Gran ducato Collection","og_description":"Edizione speciale Jeroboam Vignavecchia: vino Chianti in formato maxi. Un'eccellenza da Arezzo, perfetta da regalare.","og_url":"https:\/\/www.granducatocollection.com\/sv\/product\/bottiglia-bordolese-vignavecchia\/","og_site_name":"Granducato Collection","article_modified_time":"2026-04-20T23:02:26+00:00","og_image":[{"width":700,"height":700,"url":"https:\/\/www.granducatocollection.com\/wp-content\/uploads\/2025\/04\/granducatocollection-borgunto-vignavecchia-bordolese-arezzo-bb-suitelets-soggiornare-in-toscana.webp.webp","type":"image\/webp"}],"twitter_card":"summary_large_image","twitter_misc":{"Ber\u00e4knad l\u00e4stid":"2 minuter"},"schema":{"@context":"https:\/\/schema.org","@graph":[{"@type":"WebPage","@id":"https:\/\/www.granducatocollection.com\/prodotto\/bottiglia-bordolese-vignavecchia\/","url":"https:\/\/www.granducatocollection.com\/prodotto\/bottiglia-bordolese-vignavecchia\/","name":"B&B Arezzo -Vigna Vecchia Sp. Edition - Gran ducato Collection","isPartOf":{"@id":"https:\/\/www.granducatocollection.com\/#website"},"primaryImageOfPage":{"@id":"https:\/\/www.granducatocollection.com\/prodotto\/bottiglia-bordolese-vignavecchia\/#primaryimage"},"image":{"@id":"https:\/\/www.granducatocollection.com\/prodotto\/bottiglia-bordolese-vignavecchia\/#primaryimage"},"thumbnailUrl":"https:\/\/www.granducatocollection.com\/wp-content\/uploads\/2025\/04\/granducatocollection-borgunto-vignavecchia-bordolese-arezzo-bb-suitelets-soggiornare-in-toscana.webp.webp","datePublished":"2025-04-26T13:41:23+00:00","dateModified":"2026-04-20T23:02:26+00:00","description":"Edizione speciale Jeroboam Vignavecchia: vino Chianti in formato maxi. Un'eccellenza da Arezzo, perfetta da regalare.","breadcrumb":{"@id":"https:\/\/www.granducatocollection.com\/prodotto\/bottiglia-bordolese-vignavecchia\/#breadcrumb"},"inLanguage":"sv-SE","potentialAction":[{"@type":"ReadAction","target":["https:\/\/www.granducatocollection.com\/prodotto\/bottiglia-bordolese-vignavecchia\/"]}]},{"@type":"ImageObject","inLanguage":"sv-SE","@id":"https:\/\/www.granducatocollection.com\/prodotto\/bottiglia-bordolese-vignavecchia\/#primaryimage","url":"https:\/\/www.granducatocollection.com\/wp-content\/uploads\/2025\/04\/granducatocollection-borgunto-vignavecchia-bordolese-arezzo-bb-suitelets-soggiornare-in-toscana.webp.webp","contentUrl":"https:\/\/www.granducatocollection.com\/wp-content\/uploads\/2025\/04\/granducatocollection-borgunto-vignavecchia-bordolese-arezzo-bb-suitelets-soggiornare-in-toscana.webp.webp","width":700,"height":700,"caption":"Bottiglia Bordolese Vigna Vecchia Edizione Speciale vino rosso italiano artigianale"},{"@type":"BreadcrumbList","@id":"https:\/\/www.granducatocollection.com\/prodotto\/bottiglia-bordolese-vignavecchia\/#breadcrumb","itemListElement":[{"@type":"ListItem","position":1,"name":"Home","item":"https:\/\/www.granducatocollection.com\/"},{"@type":"ListItem","position":2,"name":"Shop","item":"https:\/\/www.granducatocollection.com\/negozio\/"},{"@type":"ListItem","position":3,"name":"Bottiglia Bordolese Vigna Vecchia Edizione Speciale"}]},{"@type":"WebSite","@id":"https:\/\/www.granducatocollection.com\/#website","url":"https:\/\/www.granducatocollection.com\/","name":"GranDucato Collection","description":"Prenota la tua vacanza e vivi un&#039;esperienza unica","potentialAction":[{"@type":"SearchAction","target":{"@type":"EntryPoint","urlTemplate":"https:\/\/www.granducatocollection.com\/?s={search_term_string}"},"query-input":{"@type":"PropertyValueSpecification","valueRequired":true,"valueName":"search_term_string"}}],"inLanguage":"sv-SE"}]}},"_links":{"self":[{"href":"https:\/\/www.granducatocollection.com\/sv\/wp-json\/wp\/v2\/product\/6876","targetHints":{"allow":["GET"]}}],"collection":[{"href":"https:\/\/www.granducatocollection.com\/sv\/wp-json\/wp\/v2\/product"}],"about":[{"href":"https:\/\/www.granducatocollection.com\/sv\/wp-json\/wp\/v2\/types\/product"}],"wp:featuredmedia":[{"embeddable":true,"href":"https:\/\/www.granducatocollection.com\/sv\/wp-json\/wp\/v2\/media\/8352"}],"wp:attachment":[{"href":"https:\/\/www.granducatocollection.com\/sv\/wp-json\/wp\/v2\/media?parent=6876"}],"wp:term":[{"taxonomy":"product_brand","embeddable":true,"href":"https:\/\/www.granducatocollection.com\/sv\/wp-json\/wp\/v2\/product_brand?post=6876"},{"taxonomy":"product_cat","embeddable":true,"href":"https:\/\/www.granducatocollection.com\/sv\/wp-json\/wp\/v2\/product_cat?post=6876"},{"taxonomy":"product_tag","embeddable":true,"href":"https:\/\/www.granducatocollection.com\/sv\/wp-json\/wp\/v2\/product_tag?post=6876"}],"curies":[{"name":"wp","href":"https:\/\/api.w.org\/{rel}","templated":true}]}}