{"id":6714,"date":"2025-04-18T13:46:15","date_gmt":"2025-04-18T13:46:15","guid":{"rendered":"https:\/\/www.granducatocollection.com\/?post_type=product&#038;p=6714"},"modified":"2026-04-06T09:07:27","modified_gmt":"2026-04-06T09:07:27","slug":"borgunto-box-standard","status":"publish","type":"product","link":"https:\/\/www.granducatocollection.com\/sv\/product\/borgunto-box-standard\/","title":{"rendered":"Borgunto-l\u00e5da (standard)"},"content":{"rendered":"<p><script type=\"application\/ld+json\">{\n    \"@context\": \"https:\\\/\\\/schema.org\",\n    \"@type\": \"Product\",\n    \"@id\": \"https:\\\/\\\/www.granducatocollection.com\\\/prodotto\\\/borgunto-box-standard\\\/\",\n    \"name\": \"Borgunto Box Standard \\u2013 Selezione Gourmet Toscana\",\n    \"image\": \"https:\\\/\\\/www.granducatocollection.com\\\/wp-content\\\/uploads\\\/2026\\\/01\\\/borgunto-box-standard.jpg\",\n    \"description\": \"Box gourmet toscano con Chianti Riserva DOCG, burro al tartufo bianco, maionese al tartufo nero e pasta artigianale. Prodotto ad Arezzo, senza conservanti. Perfetto come regalo enogastronomico.\",\n    \"brand\": {\n        \"@type\": \"Organization\",\n        \"name\": \"Borgunto\"\n    },\n    \"offers\": {\n        \"@type\": \"Offer\",\n        \"url\": \"https:\\\/\\\/www.granducatocollection.com\\\/prodotto\\\/borgunto-box-standard\\\/\",\n        \"priceCurrency\": \"EUR\",\n        \"price\": \"75.00\",\n        \"itemCondition\": \"https:\\\/\\\/schema.org\\\/NewCondition\",\n        \"availability\": \"https:\\\/\\\/schema.org\\\/InStock\",\n        \"seller\": {\n            \"@type\": \"Organization\",\n            \"name\": \"Granducato Collection\"\n        }\n    },\n    \"sku\": \"BORGUNTO-BOX-STANDARD\"\n}<\/script><\/p>\n<h1>Borgunto Standard Box \u2013 Toskanskt gourmeturval<\/h1>\n<h2>En komplett mat- och vinupplevelse, utvald i Arezzo<\/h2>\n<p class=\"translation-block\"><strong>Borgunto Standard Box<\/strong> \u00e4r en sensuell resa genom de mest autentiska smakerna i Toscana. Denna premiumkasse, tillverkad i Arezzo av f\u00f6retaget <strong>Borgunto<\/strong>, inneh\u00e5ller: en flaska av det sammetsslena och strukturerade vinet <strong>Chianti Riserva DOCG Vignavecchia<\/strong>; en burk vittruffelolja<\/strong> med den v\u00e4rdefulla Bianchetto-truffeln; majonn\u00e4s med svart sommartruffel<\/strong>; samt ett paket <strong>hantillverkad toskansk pasta<\/strong>, framst\u00e4lld med bronspressning och med sp\u00e5rbar ursprungsgaranti. Alla produkter \u00e4r tillverkade enligt <strong>traditionella metoder och utan konserveringsmedel<\/strong>.<\/p>\n<h3>Den perfekta mat- och vinpresenten f\u00f6r riktiga finsmakare<\/h3>\n<p class=\"translation-block\">Elegant, noggrant tillverkad och handf\u00f6rpackad \u2013 Borgunto-boxen \u00e4r den perfekta presentid\u00e9n f\u00f6r mat och vin till jul, \u00e5rsdagar eller speciella tillf\u00e4llen. Varje present \u00e5terspeglar en passion f\u00f6r landet, traditionen och de toskanska produkternas excellens.<\/p>\n<h3>Symbol f\u00f6r Storhertigd\u00f6mets samling: territorium, kvalitet och sp\u00e5rbarhet<\/h3>\n<p class=\"translation-block\">Denna l\u00e5da f\u00f6rkroppsligar v\u00e4rdena i Granducato-kollektionen: direkt kontroll \u00f6ver leveranskedjan, respekt f\u00f6r Arezzo-regionen och begr\u00e4nsad produktion. En hyllning till den toskanska landsbygdskulturen, designad f\u00f6r dem som s\u00f6ker \u00e4kthet, kvalitet och en of\u00f6rgl\u00f6mlig kulinarisk upplevelse.<\/p>","protected":false},"excerpt":{"rendered":"<h1>Borgunto Standard Box<\/h1>\n<p class=\"translation-block\"><strong>Borgunto Box Standard<\/strong> \u00e4r en komplett gourmetupplevelse: den inneh\u00e5ller <strong>Chianti Riserva DOCG<\/strong>, <strong>sm\u00f6r med vitt truffel<\/strong>, <strong>mayonn\u00e4s med svart truffel<\/strong> och <strong>hantverksframst\u00e4lld toskansk pasta<\/strong>. Perfekt som <strong>enogastronomiskt presentpaket<\/strong> eller f\u00f6r att servera Toscana p\u00e5 tallriken med hantverksprodukter fr\u00e5n <strong>Arezzo<\/strong>.<\/p>","protected":false},"featured_media":11372,"template":"","meta":{"_acf_changed":false},"product_brand":[764],"product_cat":[843],"product_tag":[811,664,138,685],"class_list":{"0":"post-6714","1":"product","2":"type-product","3":"status-publish","4":"has-post-thumbnail","6":"product_brand-granducato-collection","7":"product_cat-box-e-degustazioni","8":"product_tag-box-prodotti","9":"product_tag-cooking-box","10":"product_tag-cucina-italiana","11":"product_tag-cucina-toscana","13":"first","14":"instock","15":"shipping-taxable","16":"purchasable","17":"product-type-simple"},"acf":[],"yoast_head":"<!-- This site is optimized with the Yoast SEO plugin v26.7 - https:\/\/yoast.com\/wordpress\/plugins\/seo\/ -->\n<title>B&amp;B Arezzo - Borgunto Box (Standard) - Gran Ducato Collection<\/title>\n<meta name=\"description\" content=\"Trasfoma la tua tavola in un ristorante stellato con una selezione premium di prodotti Borgunto vini raffinati i, tartufi pregiati e pasta d&#039;autore.\" \/>\n<meta name=\"robots\" content=\"index, follow, max-snippet:-1, max-image-preview:large, max-video-preview:-1\" \/>\n<link rel=\"canonical\" href=\"https:\/\/www.granducatocollection.com\/sv\/product\/borgunto-box-standard\/\" \/>\n<meta property=\"og:locale\" content=\"sv_SE\" \/>\n<meta property=\"og:type\" content=\"article\" \/>\n<meta property=\"og:title\" content=\"B&amp;B Arezzo - Borgunto Box (Standard) - Gran Ducato Collection\" \/>\n<meta property=\"og:description\" content=\"Trasfoma la tua tavola in un ristorante stellato con una selezione premium di prodotti Borgunto vini raffinati i, tartufi pregiati e pasta d&#039;autore.\" \/>\n<meta property=\"og:url\" content=\"https:\/\/www.granducatocollection.com\/sv\/product\/borgunto-box-standard\/\" \/>\n<meta property=\"og:site_name\" content=\"Granducato Collection\" \/>\n<meta property=\"article:modified_time\" content=\"2026-04-06T09:07:27+00:00\" \/>\n<meta property=\"og:image\" content=\"https:\/\/www.granducatocollection.com\/wp-content\/uploads\/2025\/04\/borgunto-box-base-chianti-olio-evo-pasta-marmellata.webp\" \/>\n\t<meta property=\"og:image:width\" content=\"280\" \/>\n\t<meta property=\"og:image:height\" content=\"232\" \/>\n\t<meta property=\"og:image:type\" content=\"image\/webp\" \/>\n<meta name=\"twitter:card\" content=\"summary_large_image\" \/>\n<meta name=\"twitter:label1\" content=\"Ber\u00e4knad l\u00e4stid\" \/>\n\t<meta name=\"twitter:data1\" content=\"2 minuter\" \/>\n<script type=\"application\/ld+json\" class=\"yoast-schema-graph\">{\"@context\":\"https:\/\/schema.org\",\"@graph\":[{\"@type\":\"WebPage\",\"@id\":\"https:\/\/www.granducatocollection.com\/prodotto\/borgunto-box-standard\/\",\"url\":\"https:\/\/www.granducatocollection.com\/prodotto\/borgunto-box-standard\/\",\"name\":\"B&B Arezzo - Borgunto Box (Standard) - Gran Ducato Collection\",\"isPartOf\":{\"@id\":\"https:\/\/www.granducatocollection.com\/#website\"},\"primaryImageOfPage\":{\"@id\":\"https:\/\/www.granducatocollection.com\/prodotto\/borgunto-box-standard\/#primaryimage\"},\"image\":{\"@id\":\"https:\/\/www.granducatocollection.com\/prodotto\/borgunto-box-standard\/#primaryimage\"},\"thumbnailUrl\":\"https:\/\/www.granducatocollection.com\/wp-content\/uploads\/2025\/04\/borgunto-box-base-chianti-olio-evo-pasta-marmellata.webp\",\"datePublished\":\"2025-04-18T13:46:15+00:00\",\"dateModified\":\"2026-04-06T09:07:27+00:00\",\"description\":\"Trasfoma la tua tavola in un ristorante stellato con una selezione premium di prodotti Borgunto vini raffinati i, tartufi pregiati e pasta d'autore.\",\"breadcrumb\":{\"@id\":\"https:\/\/www.granducatocollection.com\/prodotto\/borgunto-box-standard\/#breadcrumb\"},\"inLanguage\":\"sv-SE\",\"potentialAction\":[{\"@type\":\"ReadAction\",\"target\":[\"https:\/\/www.granducatocollection.com\/prodotto\/borgunto-box-standard\/\"]}]},{\"@type\":\"ImageObject\",\"inLanguage\":\"sv-SE\",\"@id\":\"https:\/\/www.granducatocollection.com\/prodotto\/borgunto-box-standard\/#primaryimage\",\"url\":\"https:\/\/www.granducatocollection.com\/wp-content\/uploads\/2025\/04\/borgunto-box-base-chianti-olio-evo-pasta-marmellata.webp\",\"contentUrl\":\"https:\/\/www.granducatocollection.com\/wp-content\/uploads\/2025\/04\/borgunto-box-base-chianti-olio-evo-pasta-marmellata.webp\",\"width\":280,\"height\":232,\"caption\":\"cooking box standard granducato arezzo\"},{\"@type\":\"BreadcrumbList\",\"@id\":\"https:\/\/www.granducatocollection.com\/prodotto\/borgunto-box-standard\/#breadcrumb\",\"itemListElement\":[{\"@type\":\"ListItem\",\"position\":1,\"name\":\"Home\",\"item\":\"https:\/\/www.granducatocollection.com\/\"},{\"@type\":\"ListItem\",\"position\":2,\"name\":\"Shop\",\"item\":\"https:\/\/www.granducatocollection.com\/negozio\/\"},{\"@type\":\"ListItem\",\"position\":3,\"name\":\"Borgunto Box (Standard)\"}]},{\"@type\":\"WebSite\",\"@id\":\"https:\/\/www.granducatocollection.com\/#website\",\"url\":\"https:\/\/www.granducatocollection.com\/\",\"name\":\"GranDucato Collection\",\"description\":\"Prenota la tua vacanza e vivi un&#039;esperienza unica\",\"potentialAction\":[{\"@type\":\"SearchAction\",\"target\":{\"@type\":\"EntryPoint\",\"urlTemplate\":\"https:\/\/www.granducatocollection.com\/?s={search_term_string}\"},\"query-input\":{\"@type\":\"PropertyValueSpecification\",\"valueRequired\":true,\"valueName\":\"search_term_string\"}}],\"inLanguage\":\"sv-SE\"}]}<\/script>\n<!-- \/ Yoast SEO plugin. -->","yoast_head_json":{"title":"B&B Arezzo - Borgunto Box (Standard) - Gran Ducato Collection","description":"Trasfoma la tua tavola in un ristorante stellato con una selezione premium di prodotti Borgunto vini raffinati i, tartufi pregiati e pasta d'autore.","robots":{"index":"index","follow":"follow","max-snippet":"max-snippet:-1","max-image-preview":"max-image-preview:large","max-video-preview":"max-video-preview:-1"},"canonical":"https:\/\/www.granducatocollection.com\/sv\/product\/borgunto-box-standard\/","og_locale":"sv_SE","og_type":"article","og_title":"B&B Arezzo - Borgunto Box (Standard) - Gran Ducato Collection","og_description":"Trasfoma la tua tavola in un ristorante stellato con una selezione premium di prodotti Borgunto vini raffinati i, tartufi pregiati e pasta d'autore.","og_url":"https:\/\/www.granducatocollection.com\/sv\/product\/borgunto-box-standard\/","og_site_name":"Granducato Collection","article_modified_time":"2026-04-06T09:07:27+00:00","og_image":[{"width":280,"height":232,"url":"https:\/\/www.granducatocollection.com\/wp-content\/uploads\/2025\/04\/borgunto-box-base-chianti-olio-evo-pasta-marmellata.webp","type":"image\/webp"}],"twitter_card":"summary_large_image","twitter_misc":{"Ber\u00e4knad l\u00e4stid":"2 minuter"},"schema":{"@context":"https:\/\/schema.org","@graph":[{"@type":"WebPage","@id":"https:\/\/www.granducatocollection.com\/prodotto\/borgunto-box-standard\/","url":"https:\/\/www.granducatocollection.com\/prodotto\/borgunto-box-standard\/","name":"B&B Arezzo - Borgunto Box (Standard) - Gran Ducato Collection","isPartOf":{"@id":"https:\/\/www.granducatocollection.com\/#website"},"primaryImageOfPage":{"@id":"https:\/\/www.granducatocollection.com\/prodotto\/borgunto-box-standard\/#primaryimage"},"image":{"@id":"https:\/\/www.granducatocollection.com\/prodotto\/borgunto-box-standard\/#primaryimage"},"thumbnailUrl":"https:\/\/www.granducatocollection.com\/wp-content\/uploads\/2025\/04\/borgunto-box-base-chianti-olio-evo-pasta-marmellata.webp","datePublished":"2025-04-18T13:46:15+00:00","dateModified":"2026-04-06T09:07:27+00:00","description":"Trasfoma la tua tavola in un ristorante stellato con una selezione premium di prodotti Borgunto vini raffinati i, tartufi pregiati e pasta d'autore.","breadcrumb":{"@id":"https:\/\/www.granducatocollection.com\/prodotto\/borgunto-box-standard\/#breadcrumb"},"inLanguage":"sv-SE","potentialAction":[{"@type":"ReadAction","target":["https:\/\/www.granducatocollection.com\/prodotto\/borgunto-box-standard\/"]}]},{"@type":"ImageObject","inLanguage":"sv-SE","@id":"https:\/\/www.granducatocollection.com\/prodotto\/borgunto-box-standard\/#primaryimage","url":"https:\/\/www.granducatocollection.com\/wp-content\/uploads\/2025\/04\/borgunto-box-base-chianti-olio-evo-pasta-marmellata.webp","contentUrl":"https:\/\/www.granducatocollection.com\/wp-content\/uploads\/2025\/04\/borgunto-box-base-chianti-olio-evo-pasta-marmellata.webp","width":280,"height":232,"caption":"cooking box standard granducato arezzo"},{"@type":"BreadcrumbList","@id":"https:\/\/www.granducatocollection.com\/prodotto\/borgunto-box-standard\/#breadcrumb","itemListElement":[{"@type":"ListItem","position":1,"name":"Home","item":"https:\/\/www.granducatocollection.com\/"},{"@type":"ListItem","position":2,"name":"Shop","item":"https:\/\/www.granducatocollection.com\/negozio\/"},{"@type":"ListItem","position":3,"name":"Borgunto Box (Standard)"}]},{"@type":"WebSite","@id":"https:\/\/www.granducatocollection.com\/#website","url":"https:\/\/www.granducatocollection.com\/","name":"GranDucato Collection","description":"Prenota la tua vacanza e vivi un&#039;esperienza unica","potentialAction":[{"@type":"SearchAction","target":{"@type":"EntryPoint","urlTemplate":"https:\/\/www.granducatocollection.com\/?s={search_term_string}"},"query-input":{"@type":"PropertyValueSpecification","valueRequired":true,"valueName":"search_term_string"}}],"inLanguage":"sv-SE"}]}},"_links":{"self":[{"href":"https:\/\/www.granducatocollection.com\/sv\/wp-json\/wp\/v2\/product\/6714","targetHints":{"allow":["GET"]}}],"collection":[{"href":"https:\/\/www.granducatocollection.com\/sv\/wp-json\/wp\/v2\/product"}],"about":[{"href":"https:\/\/www.granducatocollection.com\/sv\/wp-json\/wp\/v2\/types\/product"}],"wp:featuredmedia":[{"embeddable":true,"href":"https:\/\/www.granducatocollection.com\/sv\/wp-json\/wp\/v2\/media\/11372"}],"wp:attachment":[{"href":"https:\/\/www.granducatocollection.com\/sv\/wp-json\/wp\/v2\/media?parent=6714"}],"wp:term":[{"taxonomy":"product_brand","embeddable":true,"href":"https:\/\/www.granducatocollection.com\/sv\/wp-json\/wp\/v2\/product_brand?post=6714"},{"taxonomy":"product_cat","embeddable":true,"href":"https:\/\/www.granducatocollection.com\/sv\/wp-json\/wp\/v2\/product_cat?post=6714"},{"taxonomy":"product_tag","embeddable":true,"href":"https:\/\/www.granducatocollection.com\/sv\/wp-json\/wp\/v2\/product_tag?post=6714"}],"curies":[{"name":"wp","href":"https:\/\/api.w.org\/{rel}","templated":true}]}}