{"id":6713,"date":"2025-04-18T13:25:27","date_gmt":"2025-04-18T13:25:27","guid":{"rendered":"https:\/\/www.granducatocollection.com\/?post_type=product&#038;p=6713"},"modified":"2026-04-06T09:03:43","modified_gmt":"2026-04-06T09:03:43","slug":"borgunto-box","status":"publish","type":"product","link":"https:\/\/www.granducatocollection.com\/sv\/product\/borgunto-box\/","title":{"rendered":"Borgunto Box"},"content":{"rendered":"<p><script type=\"application\/ld+json\">{\n    \"@context\": \"https:\\\/\\\/schema.org\",\n    \"@type\": \"Product\",\n    \"@id\": \"https:\\\/\\\/www.granducatocollection.com\\\/prodotto\\\/borgunto-box\\\/\",\n    \"name\": \"Borgunto Box \\u2013 Kit Gourmet Italiano\",\n    \"image\": \"https:\\\/\\\/www.granducatocollection.com\\\/wp-content\\\/uploads\\\/2026\\\/01\\\/borgunto-box-kit-gourmet.jpg\",\n    \"description\": \"Kit gourmet italiano con prodotti artigianali toscani: confetture, sughi tradizionali, pesche sciroppate e pasta degli Agricoltori. Perfetto come regalo gourmet completo. Spedizione inclusa.\",\n    \"brand\": {\n        \"@type\": \"Organization\",\n        \"name\": \"Borgunto\"\n    },\n    \"offers\": {\n        \"@type\": \"Offer\",\n        \"url\": \"https:\\\/\\\/www.granducatocollection.com\\\/prodotto\\\/borgunto-box\\\/\",\n        \"priceCurrency\": \"EUR\",\n        \"price\": \"49.00\",\n        \"itemCondition\": \"https:\\\/\\\/schema.org\\\/NewCondition\",\n        \"availability\": \"https:\\\/\\\/schema.org\\\/InStock\",\n        \"seller\": {\n            \"@type\": \"Organization\",\n            \"name\": \"Granducato Collection\"\n        }\n    },\n    \"sku\": \"BORGUNTO-BOX-KIT-GOURMET\"\n}<\/script><\/p>\n<h1>Matlagningsl\u00e5da \u2013 Italienskt gourmetkit<\/h1>\n<h2>En komplett gourmetpresent med hantverksm\u00e4ssiga toskanska produkter fr\u00e5n Arezzo<\/h2>\n<p class=\"translation-block\"><strong>Borgunto Box<\/strong> \u00e4r en gastronomisk upplevelse utformad i <strong>Arezzo<\/strong>, i <strong>Toscana<\/strong>, som en del av <strong>Granducato Collection<\/strong>. Den samlar de b\u00e4sta <strong>hantverksproducerade toskanska specialiteterna<\/strong> i en enda presentl\u00e5da, skapad f\u00f6r den som \u00e4lskar autentisk matlagning, kvalitet och gl\u00e4djen att uppt\u00e4cka \u00e4kta smaker.<\/p>\n<h3>Vad Borgunto-l\u00e5dan inneh\u00e5ller:<\/h3>\n<ul>\n<li class=\"translation-block\"><strong>2 hantverksm\u00e4ssiga sylt<\/strong> \u2013 Handgjorda s\u00f6tsaker, perfekta f\u00f6r dr\u00f6mfrukostar eller raffinerade snacks<\/li>\n<li class=\"translation-block\">2 traditionella italienska s\u00e5ser** \u2013 Den autentiska smaken av toskansk mat, redo att f\u00f6rb\u00e4ttra varje f\u00f6rr\u00e4tt<\/li>\n<li class=\"translation-block\">1 burk hantverksm\u00e4ssiga persikor i sirap \u2013 Den italienska landsbygdens sommars\u00f6tma, perfekt till dessert eller som en godbit<\/li>\n<li class=\"translation-block\">1 f\u00f6rpackning bondpasta (500 g) \u2013 Utvald semolina och bronsf\u00e4rgad f\u00f6r utm\u00e4rkt pasta<\/li>\n<\/ul>\n<h3>Den perfekta gourmetpresenten \u2013 inklusive frakt<\/h3>\n<p class=\"translation-block\">Perfekt f\u00f6r jul, \u00e5rsdagar, f\u00f6delsedagar eller helt enkelt som en speciell present \u2013 \u200b\u200bBorgunto Box \u00e4r den kompletta gourmetpresenten som \u00f6verraskar och gl\u00e4djer. Varje produkt \u00e4r noggrant utvald, elegant f\u00f6rpackad och skickas direkt till ditt hem \u2013 inklusive frakt, utan extra kostnad.<\/p>","protected":false},"excerpt":{"rendered":"<h1><strong>Borgunto Box<\/strong><\/h1>\n<p class=\"translation-block\"><strong>Borgunto Box<\/strong> \u00e4r en <strong>italiensk gourmetl\u00e5da<\/strong> sammanst\u00e4lld av <strong>Borgunto<\/strong> i <strong>Arezzo<\/strong>, <strong>Toscana<\/strong>. Den inneh\u00e5ller <strong>hembakade syltvarianter<\/strong>, <strong>traditionella pastas\u00e5ser<\/strong>, <strong>sirapade persikor<\/strong> och <strong>pasta fr\u00e5n Agricoltori<\/strong> \u2013 den <strong>fullst\u00e4ndiga gourmetg\u00e5van<\/strong> f\u00f6r \u00e4lskare av autentisk matlagning. <strong>Fri frakt inkluderad<\/strong>.<\/p>","protected":false},"featured_media":11371,"template":"","meta":{"_acf_changed":false},"product_brand":[764],"product_cat":[843],"product_tag":[811,664,726],"class_list":{"0":"post-6713","1":"product","2":"type-product","3":"status-publish","4":"has-post-thumbnail","6":"product_brand-granducato-collection","7":"product_cat-box-e-degustazioni","8":"product_tag-box-prodotti","9":"product_tag-cooking-box","10":"product_tag-prodotti-deccellenza","12":"first","13":"instock","14":"shipping-taxable","15":"purchasable","16":"product-type-simple"},"acf":[],"yoast_head":"<!-- This site is optimized with the Yoast SEO plugin v26.7 - https:\/\/yoast.com\/wordpress\/plugins\/seo\/ -->\n<title>Borgunto Box - Granducato Collection<\/title>\n<meta name=\"robots\" content=\"index, follow, max-snippet:-1, max-image-preview:large, max-video-preview:-1\" \/>\n<link rel=\"canonical\" href=\"https:\/\/www.granducatocollection.com\/sv\/product\/borgunto-box\/\" \/>\n<meta property=\"og:locale\" content=\"sv_SE\" \/>\n<meta property=\"og:type\" content=\"article\" \/>\n<meta property=\"og:title\" content=\"Borgunto Box - Granducato Collection\" \/>\n<meta property=\"og:description\" content=\"Borgunto Box La Borgunto Box \u00e8 un kit gourmet italiano curato da Borgunto ad Arezzo, in Toscana. Include confetture artigianali, sughi tradizionali, pesche sciroppate e pasta degli Agricoltori \u2014 il regalo gourmet completo per amanti della cucina autentica. Spedizione inclusa.\" \/>\n<meta property=\"og:url\" content=\"https:\/\/www.granducatocollection.com\/sv\/product\/borgunto-box\/\" \/>\n<meta property=\"og:site_name\" content=\"Granducato Collection\" \/>\n<meta property=\"article:modified_time\" content=\"2026-04-06T09:03:43+00:00\" \/>\n<meta property=\"og:image\" content=\"https:\/\/www.granducatocollection.com\/wp-content\/uploads\/2025\/04\/cookingbox-granducatogestioni-borgunto-prodotti-olio-vino-pasta-confettura-chianti-arezzo-toscana-viar.webp\" \/>\n\t<meta property=\"og:image:width\" content=\"2560\" \/>\n\t<meta property=\"og:image:height\" content=\"1920\" \/>\n\t<meta property=\"og:image:type\" content=\"image\/webp\" \/>\n<meta name=\"twitter:card\" content=\"summary_large_image\" \/>\n<meta name=\"twitter:label1\" content=\"Ber\u00e4knad l\u00e4stid\" \/>\n\t<meta name=\"twitter:data1\" content=\"2 minuter\" \/>\n<script type=\"application\/ld+json\" class=\"yoast-schema-graph\">{\"@context\":\"https:\/\/schema.org\",\"@graph\":[{\"@type\":\"WebPage\",\"@id\":\"https:\/\/www.granducatocollection.com\/prodotto\/borgunto-box\/\",\"url\":\"https:\/\/www.granducatocollection.com\/prodotto\/borgunto-box\/\",\"name\":\"Borgunto Box - Granducato Collection\",\"isPartOf\":{\"@id\":\"https:\/\/www.granducatocollection.com\/#website\"},\"primaryImageOfPage\":{\"@id\":\"https:\/\/www.granducatocollection.com\/prodotto\/borgunto-box\/#primaryimage\"},\"image\":{\"@id\":\"https:\/\/www.granducatocollection.com\/prodotto\/borgunto-box\/#primaryimage\"},\"thumbnailUrl\":\"https:\/\/www.granducatocollection.com\/wp-content\/uploads\/2025\/04\/cookingbox-granducatogestioni-borgunto-prodotti-olio-vino-pasta-confettura-chianti-arezzo-toscana-viar.webp\",\"datePublished\":\"2025-04-18T13:25:27+00:00\",\"dateModified\":\"2026-04-06T09:03:43+00:00\",\"breadcrumb\":{\"@id\":\"https:\/\/www.granducatocollection.com\/prodotto\/borgunto-box\/#breadcrumb\"},\"inLanguage\":\"sv-SE\",\"potentialAction\":[{\"@type\":\"ReadAction\",\"target\":[\"https:\/\/www.granducatocollection.com\/prodotto\/borgunto-box\/\"]}]},{\"@type\":\"ImageObject\",\"inLanguage\":\"sv-SE\",\"@id\":\"https:\/\/www.granducatocollection.com\/prodotto\/borgunto-box\/#primaryimage\",\"url\":\"https:\/\/www.granducatocollection.com\/wp-content\/uploads\/2025\/04\/cookingbox-granducatogestioni-borgunto-prodotti-olio-vino-pasta-confettura-chianti-arezzo-toscana-viar.webp\",\"contentUrl\":\"https:\/\/www.granducatocollection.com\/wp-content\/uploads\/2025\/04\/cookingbox-granducatogestioni-borgunto-prodotti-olio-vino-pasta-confettura-chianti-arezzo-toscana-viar.webp\",\"width\":2560,\"height\":1920,\"caption\":\"borgunto box granducato collection\"},{\"@type\":\"BreadcrumbList\",\"@id\":\"https:\/\/www.granducatocollection.com\/prodotto\/borgunto-box\/#breadcrumb\",\"itemListElement\":[{\"@type\":\"ListItem\",\"position\":1,\"name\":\"Home\",\"item\":\"https:\/\/www.granducatocollection.com\/\"},{\"@type\":\"ListItem\",\"position\":2,\"name\":\"Shop\",\"item\":\"https:\/\/www.granducatocollection.com\/negozio\/\"},{\"@type\":\"ListItem\",\"position\":3,\"name\":\"Borgunto Box\"}]},{\"@type\":\"WebSite\",\"@id\":\"https:\/\/www.granducatocollection.com\/#website\",\"url\":\"https:\/\/www.granducatocollection.com\/\",\"name\":\"GranDucato Collection\",\"description\":\"Prenota la tua vacanza e vivi un&#039;esperienza unica\",\"potentialAction\":[{\"@type\":\"SearchAction\",\"target\":{\"@type\":\"EntryPoint\",\"urlTemplate\":\"https:\/\/www.granducatocollection.com\/?s={search_term_string}\"},\"query-input\":{\"@type\":\"PropertyValueSpecification\",\"valueRequired\":true,\"valueName\":\"search_term_string\"}}],\"inLanguage\":\"sv-SE\"}]}<\/script>\n<!-- \/ Yoast SEO plugin. -->","yoast_head_json":{"title":"Borgunto Box - Granducato Collection","robots":{"index":"index","follow":"follow","max-snippet":"max-snippet:-1","max-image-preview":"max-image-preview:large","max-video-preview":"max-video-preview:-1"},"canonical":"https:\/\/www.granducatocollection.com\/sv\/product\/borgunto-box\/","og_locale":"sv_SE","og_type":"article","og_title":"Borgunto Box - Granducato Collection","og_description":"Borgunto Box La Borgunto Box \u00e8 un kit gourmet italiano curato da Borgunto ad Arezzo, in Toscana. Include confetture artigianali, sughi tradizionali, pesche sciroppate e pasta degli Agricoltori \u2014 il regalo gourmet completo per amanti della cucina autentica. Spedizione inclusa.","og_url":"https:\/\/www.granducatocollection.com\/sv\/product\/borgunto-box\/","og_site_name":"Granducato Collection","article_modified_time":"2026-04-06T09:03:43+00:00","og_image":[{"width":2560,"height":1920,"url":"https:\/\/www.granducatocollection.com\/wp-content\/uploads\/2025\/04\/cookingbox-granducatogestioni-borgunto-prodotti-olio-vino-pasta-confettura-chianti-arezzo-toscana-viar.webp","type":"image\/webp"}],"twitter_card":"summary_large_image","twitter_misc":{"Ber\u00e4knad l\u00e4stid":"2 minuter"},"schema":{"@context":"https:\/\/schema.org","@graph":[{"@type":"WebPage","@id":"https:\/\/www.granducatocollection.com\/prodotto\/borgunto-box\/","url":"https:\/\/www.granducatocollection.com\/prodotto\/borgunto-box\/","name":"Borgunto Box - Granducato Collection","isPartOf":{"@id":"https:\/\/www.granducatocollection.com\/#website"},"primaryImageOfPage":{"@id":"https:\/\/www.granducatocollection.com\/prodotto\/borgunto-box\/#primaryimage"},"image":{"@id":"https:\/\/www.granducatocollection.com\/prodotto\/borgunto-box\/#primaryimage"},"thumbnailUrl":"https:\/\/www.granducatocollection.com\/wp-content\/uploads\/2025\/04\/cookingbox-granducatogestioni-borgunto-prodotti-olio-vino-pasta-confettura-chianti-arezzo-toscana-viar.webp","datePublished":"2025-04-18T13:25:27+00:00","dateModified":"2026-04-06T09:03:43+00:00","breadcrumb":{"@id":"https:\/\/www.granducatocollection.com\/prodotto\/borgunto-box\/#breadcrumb"},"inLanguage":"sv-SE","potentialAction":[{"@type":"ReadAction","target":["https:\/\/www.granducatocollection.com\/prodotto\/borgunto-box\/"]}]},{"@type":"ImageObject","inLanguage":"sv-SE","@id":"https:\/\/www.granducatocollection.com\/prodotto\/borgunto-box\/#primaryimage","url":"https:\/\/www.granducatocollection.com\/wp-content\/uploads\/2025\/04\/cookingbox-granducatogestioni-borgunto-prodotti-olio-vino-pasta-confettura-chianti-arezzo-toscana-viar.webp","contentUrl":"https:\/\/www.granducatocollection.com\/wp-content\/uploads\/2025\/04\/cookingbox-granducatogestioni-borgunto-prodotti-olio-vino-pasta-confettura-chianti-arezzo-toscana-viar.webp","width":2560,"height":1920,"caption":"borgunto box granducato collection"},{"@type":"BreadcrumbList","@id":"https:\/\/www.granducatocollection.com\/prodotto\/borgunto-box\/#breadcrumb","itemListElement":[{"@type":"ListItem","position":1,"name":"Home","item":"https:\/\/www.granducatocollection.com\/"},{"@type":"ListItem","position":2,"name":"Shop","item":"https:\/\/www.granducatocollection.com\/negozio\/"},{"@type":"ListItem","position":3,"name":"Borgunto Box"}]},{"@type":"WebSite","@id":"https:\/\/www.granducatocollection.com\/#website","url":"https:\/\/www.granducatocollection.com\/","name":"GranDucato Collection","description":"Prenota la tua vacanza e vivi un&#039;esperienza unica","potentialAction":[{"@type":"SearchAction","target":{"@type":"EntryPoint","urlTemplate":"https:\/\/www.granducatocollection.com\/?s={search_term_string}"},"query-input":{"@type":"PropertyValueSpecification","valueRequired":true,"valueName":"search_term_string"}}],"inLanguage":"sv-SE"}]}},"_links":{"self":[{"href":"https:\/\/www.granducatocollection.com\/sv\/wp-json\/wp\/v2\/product\/6713","targetHints":{"allow":["GET"]}}],"collection":[{"href":"https:\/\/www.granducatocollection.com\/sv\/wp-json\/wp\/v2\/product"}],"about":[{"href":"https:\/\/www.granducatocollection.com\/sv\/wp-json\/wp\/v2\/types\/product"}],"wp:featuredmedia":[{"embeddable":true,"href":"https:\/\/www.granducatocollection.com\/sv\/wp-json\/wp\/v2\/media\/11371"}],"wp:attachment":[{"href":"https:\/\/www.granducatocollection.com\/sv\/wp-json\/wp\/v2\/media?parent=6713"}],"wp:term":[{"taxonomy":"product_brand","embeddable":true,"href":"https:\/\/www.granducatocollection.com\/sv\/wp-json\/wp\/v2\/product_brand?post=6713"},{"taxonomy":"product_cat","embeddable":true,"href":"https:\/\/www.granducatocollection.com\/sv\/wp-json\/wp\/v2\/product_cat?post=6713"},{"taxonomy":"product_tag","embeddable":true,"href":"https:\/\/www.granducatocollection.com\/sv\/wp-json\/wp\/v2\/product_tag?post=6713"}],"curies":[{"name":"wp","href":"https:\/\/api.w.org\/{rel}","templated":true}]}}