{"id":6710,"date":"2025-04-18T12:42:42","date_gmt":"2025-04-18T12:42:42","guid":{"rendered":"https:\/\/www.granducatocollection.com\/?post_type=product&#038;p=6710"},"modified":"2026-04-06T11:02:29","modified_gmt":"2026-04-06T11:02:29","slug":"prodotti-borgunto-gourmet","status":"publish","type":"product","link":"https:\/\/www.granducatocollection.com\/sv\/product\/prodotti-borgunto-gourmet\/","title":{"rendered":"Borgunto-produkter (Gourmet)"},"content":{"rendered":"<p class=\"translation-block\" data-start=\"246\" data-end=\"1283\">\ud83c\udf77 1 flaska <strong data-start=\"295\" data-end=\"333\">Chianti Rosso \u201cColli Aretini\u201d DOCG<\/strong> 13 % \u2013 ett vin med stark och autentisk karakt\u00e4r, en symbol f\u00f6r den toskanska traditionen.<br data-start=\"414\" data-end=\"417\">\ud83c\udf5d 2 hembakade pastas\u00e5ser \u2013 tillagade med f\u00e4rska och \u00e4kta ingredienser f\u00f6r att f\u00f6rst\u00e4rka varje r\u00e4tt.<br data-start=\"511\" data-end=\"514\">\ud83c\udf5d 2 f\u00f6rpackningar <strong data-start=\"529\" data-end=\"556\">pasta fr\u00e5n lantbruksproducenter<\/strong> (500 g) \u2013 pasta av h\u00f6g kvalitet, producerad av v\u00e5ra lokala b\u00f6nder.<br data-start=\"628\" data-end=\"631\" data-is-only-node=\"\">\ud83c\udf6f 1 burk <strong data-start=\"647\" data-end=\"679\">Honung med svart sommartryffel<\/strong> \u2013 s\u00f6tma och raffinemang, perfekt f\u00f6r att f\u00f6rh\u00f6ja dina r\u00e4tter.<br data-start=\"743\" data-end=\"746\">\ud83c\udf7f 1 f\u00f6rpackning <strong data-start=\"765\" data-end=\"799\">Popcorn med svart sommartryffel<\/strong> \u2013 en gourmet-snack med en rik och unik smak.<br data-start=\"845\" data-end=\"848\">\ud83c\udf45 1 burk <strong data-start=\"864\" data-end=\"885\">Pappa al Pomodoro<\/strong> \u2013 den traditionella toskanska r\u00e4tten, enkel och l\u00e4cker.<br data-start=\"939\" data-end=\"942\">\ud83c\udf72 1 burk <strong data-start=\"958\" data-end=\"979\">Ribollita Toscana<\/strong> \u2013 den ber\u00f6mda toskanska soppan, idealisk \u00e5ret runt.<br data-start=\"1032\" data-end=\"1035\">\ud83c\udf51 1 burk <strong data-start=\"1053\" data-end=\"1074\">Syrade persikor<\/strong> \u2013 s\u00f6tma och fr\u00e4sch\u00f6r i varje sked.<br data-start=\"1119\" data-end=\"1122\">\ud83c\udf6f 1 burk <strong data-start=\"1138\" data-end=\"1152\">Sylt<\/strong> \u2013 perfekt till frukost och mellanm\u00e5l.<br data-start=\"1189\" data-end=\"1192\">\ud83c\udf4a 1 flaska <strong data-start=\"1210\" data-end=\"1231\">Fruktnektar<\/strong> (200 ml) \u2013 naturlig, fr\u00e4sch och uppfriskande saft.<\/p>\n<p class=\"translation-block\" data-start=\"1285\" data-end=\"1322\">\ud83d\udce6 <strong data-start=\"336\" data-end=\"370\">Frakt ing\u00e5r i priset!<\/strong><\/p>","protected":false},"excerpt":{"rendered":"<h1>Borgunto (Gourmet)<\/h1>\n<p>En resa genom Toscanas autentiska smaker, med ett urval av lokala delikatesser att njuta av och dela.<\/p>","protected":false},"featured_media":11374,"template":"","meta":{"_acf_changed":false},"product_brand":[764],"product_cat":[843],"product_tag":[664,821,584,791],"class_list":{"0":"post-6710","1":"product","2":"type-product","3":"status-publish","4":"has-post-thumbnail","6":"product_brand-granducato-collection","7":"product_cat-box-e-degustazioni","8":"product_tag-cooking-box","9":"product_tag-prodotti-gourmet","10":"product_tag-prodotti-tipici","11":"product_tag-prodotti-toscani","13":"first","14":"instock","15":"shipping-taxable","16":"purchasable","17":"product-type-simple"},"acf":[],"yoast_head":"<!-- This site is optimized with the Yoast SEO plugin v26.7 - https:\/\/yoast.com\/wordpress\/plugins\/seo\/ -->\n<title>B&amp;B Arezzo - Prodotti Borgunto (Gourmet) - Gran Ducato Collection<\/title>\n<meta name=\"description\" content=\"L\u2019eccellenza dei Prodotti Borgunto (Gourmet): un&#039;accurata selezione di prelibatezze toscane, perfette per chi cerca il gusto raffinato.\" \/>\n<meta name=\"robots\" content=\"index, follow, max-snippet:-1, max-image-preview:large, max-video-preview:-1\" \/>\n<link rel=\"canonical\" href=\"https:\/\/www.granducatocollection.com\/sv\/product\/prodotti-borgunto-gourmet\/\" \/>\n<meta property=\"og:locale\" content=\"sv_SE\" \/>\n<meta property=\"og:type\" content=\"article\" \/>\n<meta property=\"og:title\" content=\"B&amp;B Arezzo - Prodotti Borgunto (Gourmet) - Gran Ducato Collection\" \/>\n<meta property=\"og:description\" content=\"L\u2019eccellenza dei Prodotti Borgunto (Gourmet): un&#039;accurata selezione di prelibatezze toscane, perfette per chi cerca il gusto raffinato.\" \/>\n<meta property=\"og:url\" content=\"https:\/\/www.granducatocollection.com\/sv\/product\/prodotti-borgunto-gourmet\/\" \/>\n<meta property=\"og:site_name\" content=\"Granducato Collection\" \/>\n<meta property=\"article:modified_time\" content=\"2026-04-06T11:02:29+00:00\" \/>\n<meta property=\"og:image\" content=\"https:\/\/www.granducatocollection.com\/wp-content\/uploads\/2025\/04\/tutti-i-prodotti-granducato.webp\" \/>\n\t<meta property=\"og:image:width\" content=\"300\" \/>\n\t<meta property=\"og:image:height\" content=\"200\" \/>\n\t<meta property=\"og:image:type\" content=\"image\/webp\" \/>\n<meta name=\"twitter:card\" content=\"summary_large_image\" \/>\n<meta name=\"twitter:label1\" content=\"Ber\u00e4knad l\u00e4stid\" \/>\n\t<meta name=\"twitter:data1\" content=\"2 minuter\" \/>\n<script type=\"application\/ld+json\" class=\"yoast-schema-graph\">{\"@context\":\"https:\/\/schema.org\",\"@graph\":[{\"@type\":\"WebPage\",\"@id\":\"https:\/\/www.granducatocollection.com\/prodotto\/prodotti-borgunto-gourmet\/\",\"url\":\"https:\/\/www.granducatocollection.com\/prodotto\/prodotti-borgunto-gourmet\/\",\"name\":\"B&B Arezzo - Prodotti Borgunto (Gourmet) - Gran Ducato Collection\",\"isPartOf\":{\"@id\":\"https:\/\/www.granducatocollection.com\/#website\"},\"primaryImageOfPage\":{\"@id\":\"https:\/\/www.granducatocollection.com\/prodotto\/prodotti-borgunto-gourmet\/#primaryimage\"},\"image\":{\"@id\":\"https:\/\/www.granducatocollection.com\/prodotto\/prodotti-borgunto-gourmet\/#primaryimage\"},\"thumbnailUrl\":\"https:\/\/www.granducatocollection.com\/wp-content\/uploads\/2025\/04\/tutti-i-prodotti-granducato.webp\",\"datePublished\":\"2025-04-18T12:42:42+00:00\",\"dateModified\":\"2026-04-06T11:02:29+00:00\",\"description\":\"L\u2019eccellenza dei Prodotti Borgunto (Gourmet): un'accurata selezione di prelibatezze toscane, perfette per chi cerca il gusto raffinato.\",\"breadcrumb\":{\"@id\":\"https:\/\/www.granducatocollection.com\/prodotto\/prodotti-borgunto-gourmet\/#breadcrumb\"},\"inLanguage\":\"sv-SE\",\"potentialAction\":[{\"@type\":\"ReadAction\",\"target\":[\"https:\/\/www.granducatocollection.com\/prodotto\/prodotti-borgunto-gourmet\/\"]}]},{\"@type\":\"ImageObject\",\"inLanguage\":\"sv-SE\",\"@id\":\"https:\/\/www.granducatocollection.com\/prodotto\/prodotti-borgunto-gourmet\/#primaryimage\",\"url\":\"https:\/\/www.granducatocollection.com\/wp-content\/uploads\/2025\/04\/tutti-i-prodotti-granducato.webp\",\"contentUrl\":\"https:\/\/www.granducatocollection.com\/wp-content\/uploads\/2025\/04\/tutti-i-prodotti-granducato.webp\",\"width\":300,\"height\":200,\"caption\":\"tutti i prodotti granducato collection borgunto\"},{\"@type\":\"BreadcrumbList\",\"@id\":\"https:\/\/www.granducatocollection.com\/prodotto\/prodotti-borgunto-gourmet\/#breadcrumb\",\"itemListElement\":[{\"@type\":\"ListItem\",\"position\":1,\"name\":\"Home\",\"item\":\"https:\/\/www.granducatocollection.com\/\"},{\"@type\":\"ListItem\",\"position\":2,\"name\":\"Shop\",\"item\":\"https:\/\/www.granducatocollection.com\/negozio\/\"},{\"@type\":\"ListItem\",\"position\":3,\"name\":\"Prodotti Borgunto (Gourmet)\"}]},{\"@type\":\"WebSite\",\"@id\":\"https:\/\/www.granducatocollection.com\/#website\",\"url\":\"https:\/\/www.granducatocollection.com\/\",\"name\":\"GranDucato Collection\",\"description\":\"Prenota la tua vacanza e vivi un&#039;esperienza unica\",\"potentialAction\":[{\"@type\":\"SearchAction\",\"target\":{\"@type\":\"EntryPoint\",\"urlTemplate\":\"https:\/\/www.granducatocollection.com\/?s={search_term_string}\"},\"query-input\":{\"@type\":\"PropertyValueSpecification\",\"valueRequired\":true,\"valueName\":\"search_term_string\"}}],\"inLanguage\":\"sv-SE\"}]}<\/script>\n<!-- \/ Yoast SEO plugin. -->","yoast_head_json":{"title":"B&B Arezzo - Prodotti Borgunto (Gourmet) - Gran Ducato Collection","description":"L\u2019eccellenza dei Prodotti Borgunto (Gourmet): un'accurata selezione di prelibatezze toscane, perfette per chi cerca il gusto raffinato.","robots":{"index":"index","follow":"follow","max-snippet":"max-snippet:-1","max-image-preview":"max-image-preview:large","max-video-preview":"max-video-preview:-1"},"canonical":"https:\/\/www.granducatocollection.com\/sv\/product\/prodotti-borgunto-gourmet\/","og_locale":"sv_SE","og_type":"article","og_title":"B&B Arezzo - Prodotti Borgunto (Gourmet) - Gran Ducato Collection","og_description":"L\u2019eccellenza dei Prodotti Borgunto (Gourmet): un'accurata selezione di prelibatezze toscane, perfette per chi cerca il gusto raffinato.","og_url":"https:\/\/www.granducatocollection.com\/sv\/product\/prodotti-borgunto-gourmet\/","og_site_name":"Granducato Collection","article_modified_time":"2026-04-06T11:02:29+00:00","og_image":[{"width":300,"height":200,"url":"https:\/\/www.granducatocollection.com\/wp-content\/uploads\/2025\/04\/tutti-i-prodotti-granducato.webp","type":"image\/webp"}],"twitter_card":"summary_large_image","twitter_misc":{"Ber\u00e4knad l\u00e4stid":"2 minuter"},"schema":{"@context":"https:\/\/schema.org","@graph":[{"@type":"WebPage","@id":"https:\/\/www.granducatocollection.com\/prodotto\/prodotti-borgunto-gourmet\/","url":"https:\/\/www.granducatocollection.com\/prodotto\/prodotti-borgunto-gourmet\/","name":"B&B Arezzo - Prodotti Borgunto (Gourmet) - Gran Ducato Collection","isPartOf":{"@id":"https:\/\/www.granducatocollection.com\/#website"},"primaryImageOfPage":{"@id":"https:\/\/www.granducatocollection.com\/prodotto\/prodotti-borgunto-gourmet\/#primaryimage"},"image":{"@id":"https:\/\/www.granducatocollection.com\/prodotto\/prodotti-borgunto-gourmet\/#primaryimage"},"thumbnailUrl":"https:\/\/www.granducatocollection.com\/wp-content\/uploads\/2025\/04\/tutti-i-prodotti-granducato.webp","datePublished":"2025-04-18T12:42:42+00:00","dateModified":"2026-04-06T11:02:29+00:00","description":"L\u2019eccellenza dei Prodotti Borgunto (Gourmet): un'accurata selezione di prelibatezze toscane, perfette per chi cerca il gusto raffinato.","breadcrumb":{"@id":"https:\/\/www.granducatocollection.com\/prodotto\/prodotti-borgunto-gourmet\/#breadcrumb"},"inLanguage":"sv-SE","potentialAction":[{"@type":"ReadAction","target":["https:\/\/www.granducatocollection.com\/prodotto\/prodotti-borgunto-gourmet\/"]}]},{"@type":"ImageObject","inLanguage":"sv-SE","@id":"https:\/\/www.granducatocollection.com\/prodotto\/prodotti-borgunto-gourmet\/#primaryimage","url":"https:\/\/www.granducatocollection.com\/wp-content\/uploads\/2025\/04\/tutti-i-prodotti-granducato.webp","contentUrl":"https:\/\/www.granducatocollection.com\/wp-content\/uploads\/2025\/04\/tutti-i-prodotti-granducato.webp","width":300,"height":200,"caption":"tutti i prodotti granducato collection borgunto"},{"@type":"BreadcrumbList","@id":"https:\/\/www.granducatocollection.com\/prodotto\/prodotti-borgunto-gourmet\/#breadcrumb","itemListElement":[{"@type":"ListItem","position":1,"name":"Home","item":"https:\/\/www.granducatocollection.com\/"},{"@type":"ListItem","position":2,"name":"Shop","item":"https:\/\/www.granducatocollection.com\/negozio\/"},{"@type":"ListItem","position":3,"name":"Prodotti Borgunto (Gourmet)"}]},{"@type":"WebSite","@id":"https:\/\/www.granducatocollection.com\/#website","url":"https:\/\/www.granducatocollection.com\/","name":"GranDucato Collection","description":"Prenota la tua vacanza e vivi un&#039;esperienza unica","potentialAction":[{"@type":"SearchAction","target":{"@type":"EntryPoint","urlTemplate":"https:\/\/www.granducatocollection.com\/?s={search_term_string}"},"query-input":{"@type":"PropertyValueSpecification","valueRequired":true,"valueName":"search_term_string"}}],"inLanguage":"sv-SE"}]}},"_links":{"self":[{"href":"https:\/\/www.granducatocollection.com\/sv\/wp-json\/wp\/v2\/product\/6710","targetHints":{"allow":["GET"]}}],"collection":[{"href":"https:\/\/www.granducatocollection.com\/sv\/wp-json\/wp\/v2\/product"}],"about":[{"href":"https:\/\/www.granducatocollection.com\/sv\/wp-json\/wp\/v2\/types\/product"}],"wp:featuredmedia":[{"embeddable":true,"href":"https:\/\/www.granducatocollection.com\/sv\/wp-json\/wp\/v2\/media\/11374"}],"wp:attachment":[{"href":"https:\/\/www.granducatocollection.com\/sv\/wp-json\/wp\/v2\/media?parent=6710"}],"wp:term":[{"taxonomy":"product_brand","embeddable":true,"href":"https:\/\/www.granducatocollection.com\/sv\/wp-json\/wp\/v2\/product_brand?post=6710"},{"taxonomy":"product_cat","embeddable":true,"href":"https:\/\/www.granducatocollection.com\/sv\/wp-json\/wp\/v2\/product_cat?post=6710"},{"taxonomy":"product_tag","embeddable":true,"href":"https:\/\/www.granducatocollection.com\/sv\/wp-json\/wp\/v2\/product_tag?post=6710"}],"curies":[{"name":"wp","href":"https:\/\/api.w.org\/{rel}","templated":true}]}}