{"id":6693,"date":"2025-04-18T09:15:09","date_gmt":"2025-04-18T09:15:09","guid":{"rendered":"https:\/\/www.granducatocollection.com\/?post_type=product&#038;p=6693"},"modified":"2026-02-03T13:47:13","modified_gmt":"2026-02-03T13:47:13","slug":"prodotti-allegra-toscana-gourmet","status":"publish","type":"product","link":"https:\/\/www.granducatocollection.com\/sv\/product\/prodotti-allegra-toscana-gourmet\/","title":{"rendered":"Allegra Toscana-produkter (Gourmet)"},"content":{"rendered":"<p><script type=\"application\/ld+json\">{\n    \"@context\": \"https:\\\/\\\/schema.org\",\n    \"@type\": \"Product\",\n    \"@id\": \"https:\\\/\\\/www.granducatocollection.com\\\/prodotto\\\/prodotti-allegra-toscana-gourmet\\\/\",\n    \"name\": \"Box Regalo Gourmet Toscana \\u2013 Allegra Toscana by Borgunto\",\n    \"image\": \"https:\\\/\\\/www.granducatocollection.com\\\/wp-content\\\/uploads\\\/2026\\\/01\\\/box-regalo-allegra-toscana-borgunto.jpg\",\n    \"description\": \"Box regalo gourmet toscano con Chianti DOCG Colli Aretini, Chianti Riserva DOCG, olio EVO Borgunto, sughi artigianali, confetture e burro al tartufo. Spedizione inclusa. Perfetto come confezione regalo Arezzo.\",\n    \"brand\": {\n        \"@type\": \"Organization\",\n        \"name\": \"Borgunto\"\n    },\n    \"offers\": {\n        \"@type\": \"Offer\",\n        \"url\": \"https:\\\/\\\/www.granducatocollection.com\\\/prodotto\\\/prodotti-allegra-toscana-gourmet\\\/\",\n        \"priceCurrency\": \"EUR\",\n        \"price\": \"89.00\",\n        \"itemCondition\": \"https:\\\/\\\/schema.org\\\/NewCondition\",\n        \"availability\": \"https:\\\/\\\/schema.org\\\/InStock\",\n        \"seller\": {\n            \"@type\": \"Organization\",\n            \"name\": \"Granducato Collection\"\n        }\n    },\n    \"sku\": \"BOX-ALLEGRA-TOSCANA-GOURMET\"\n}<\/script><\/p>\n<h1>Gourmet Toscana presentask \u2013 Allegra Toscana av Borgunto<\/h1>\n<h2>En komplett mat- och vinupplevelse med typiska toskanska produkter<\/h2>\n<p class=\"translation-block\">Uppt\u00e4ck den autentiska essensen av Toscana med gourmetpresentl\u00e5dan \"Allegra Toscana\", ett exklusivt urval av typiska toskanska produkter utvalda av Borgunto. Varje l\u00e5da inneh\u00e5ller det b\u00e4sta fr\u00e5n regionen: fina viner, extra jungfruolja, tryffelspecialiteter, hantverksm\u00e4ssiga s\u00e5ser och autentiska sylt, allt tillverkat i Arezzo med passion och respekt f\u00f6r traditionen.<\/p>\n<h3>Vad inneh\u00e5ller l\u00e5dan \u201dAllegra Toscana\u201d (Gourmet)?<\/h3>\n<ul>\n<li class=\"translation-block\">1 flaska <strong>Chianti DOCG Colli Aretini<\/strong> \u2013 13% vol.<\/li>\n<li class=\"translation-block\">1 flaska *Chianti Riserva DOCG* \u2013 14 % vol.<\/li>\n<li class=\"translation-block\">1 500 ml flaska Borgunto extra jungfruolivolja<\/li>\n<li>2 hantverksm\u00e4ssiga toskanska s\u00e5ser (t.ex. Chianina rag\u00f9, tryffels\u00e5s)<\/li>\n<li>2 riktiga sylt (t.ex. fikonsylt, k\u00f6rsb\u00e4rssylt)<\/li>\n<li class=\"translation-block\">1 burk **Vit tryffel och Bianchettosm\u00f6r**<\/li>\n<\/ul>\n<p>Med en idealisk balans mellan vin, olja och marmelad \u00e4r denna l\u00e5da perfekt f\u00f6r en speciell middag, en f\u00f6retagspresent eller en f\u00f6rfinad tanke f\u00f6r dig som \u00e4lskar god mat.<\/p>\n<h3>Den perfekta presentf\u00f6rpackningen fr\u00e5n Arezzo \u2013 inklusive frakt<\/h3>\n<p class=\"translation-block\">Presenterad i en elegant presentf\u00f6rpackning \u00e4r \"Allegra Toscana\"-boxen Arezzos mest uppskattade presentf\u00f6rpackning bland \u00e4lskare av Made in Italy. Den \u00e4r en del av Granducato-kollektionen och representerar en sinnlig resa genom den toskanska landsbygden, fr\u00e5n ving\u00e5rden till olivlunden. Frakt ing\u00e5r i hela Italien.<\/p>","protected":false},"excerpt":{"rendered":"<h1>Allegra Toscana Gourmetl\u00e5da<\/h1>\n<p>En autentisk toskansk upplevelse i ett enda paket: fina viner, extra jungfruolja av h\u00f6g kvalitet, lokala specialiteter och den unika smaken av tryffel. Perfekt som present eller att njuta av med v\u00e4nner.<\/p>","protected":false},"featured_media":9966,"template":"","meta":{"_acf_changed":false},"product_brand":[764],"product_cat":[843],"product_tag":[664,819,584,791],"class_list":{"0":"post-6693","1":"product","2":"type-product","3":"status-publish","4":"has-post-thumbnail","6":"product_brand-granducato-collection","7":"product_cat-box-e-degustazioni","8":"product_tag-cooking-box","9":"product_tag-cooking-box-arezzo","10":"product_tag-prodotti-tipici","11":"product_tag-prodotti-toscani","13":"first","14":"instock","15":"shipping-taxable","16":"purchasable","17":"product-type-simple"},"acf":[],"yoast_head":"<!-- This site is optimized with the Yoast SEO plugin v26.7 - https:\/\/yoast.com\/wordpress\/plugins\/seo\/ -->\n<title>Prodotti Allegra Toscana (Gourmet) - Granducato Collection<\/title>\n<meta name=\"robots\" content=\"index, follow, max-snippet:-1, max-image-preview:large, max-video-preview:-1\" \/>\n<link rel=\"canonical\" href=\"https:\/\/www.granducatocollection.com\/sv\/product\/prodotti-allegra-toscana-gourmet\/\" \/>\n<meta property=\"og:locale\" content=\"sv_SE\" \/>\n<meta property=\"og:type\" content=\"article\" \/>\n<meta property=\"og:title\" content=\"Prodotti Allegra Toscana (Gourmet) - Granducato Collection\" \/>\n<meta property=\"og:description\" content=\"Box Allegra Toscana Gourmet Un\u2019autentica esperienza toscana in un\u2019unica confezione: vini pregiati, olio EVO di qualit\u00e0, specialit\u00e0 locali e il gusto unico del tartufo. Perfetto da regalare o da gustare in compagnia.\" \/>\n<meta property=\"og:url\" content=\"https:\/\/www.granducatocollection.com\/sv\/product\/prodotti-allegra-toscana-gourmet\/\" \/>\n<meta property=\"og:site_name\" content=\"Granducato Collection\" \/>\n<meta property=\"article:modified_time\" content=\"2026-02-03T13:47:13+00:00\" \/>\n<meta property=\"og:image\" content=\"https:\/\/www.granducatocollection.com\/wp-content\/uploads\/2025\/04\/image00006-scaled.jpeg\" \/>\n\t<meta property=\"og:image:width\" content=\"2560\" \/>\n\t<meta property=\"og:image:height\" content=\"1920\" \/>\n\t<meta property=\"og:image:type\" content=\"image\/jpeg\" \/>\n<meta name=\"twitter:card\" content=\"summary_large_image\" \/>\n<meta name=\"twitter:label1\" content=\"Ber\u00e4knad l\u00e4stid\" \/>\n\t<meta name=\"twitter:data1\" content=\"2 minuter\" \/>\n<script type=\"application\/ld+json\" class=\"yoast-schema-graph\">{\"@context\":\"https:\/\/schema.org\",\"@graph\":[{\"@type\":\"WebPage\",\"@id\":\"https:\/\/www.granducatocollection.com\/prodotto\/prodotti-allegra-toscana-gourmet\/\",\"url\":\"https:\/\/www.granducatocollection.com\/prodotto\/prodotti-allegra-toscana-gourmet\/\",\"name\":\"Prodotti Allegra Toscana (Gourmet) - Granducato Collection\",\"isPartOf\":{\"@id\":\"https:\/\/www.granducatocollection.com\/#website\"},\"primaryImageOfPage\":{\"@id\":\"https:\/\/www.granducatocollection.com\/prodotto\/prodotti-allegra-toscana-gourmet\/#primaryimage\"},\"image\":{\"@id\":\"https:\/\/www.granducatocollection.com\/prodotto\/prodotti-allegra-toscana-gourmet\/#primaryimage\"},\"thumbnailUrl\":\"https:\/\/www.granducatocollection.com\/wp-content\/uploads\/2025\/04\/image00006-scaled.jpeg\",\"datePublished\":\"2025-04-18T09:15:09+00:00\",\"dateModified\":\"2026-02-03T13:47:13+00:00\",\"breadcrumb\":{\"@id\":\"https:\/\/www.granducatocollection.com\/prodotto\/prodotti-allegra-toscana-gourmet\/#breadcrumb\"},\"inLanguage\":\"sv-SE\",\"potentialAction\":[{\"@type\":\"ReadAction\",\"target\":[\"https:\/\/www.granducatocollection.com\/prodotto\/prodotti-allegra-toscana-gourmet\/\"]}]},{\"@type\":\"ImageObject\",\"inLanguage\":\"sv-SE\",\"@id\":\"https:\/\/www.granducatocollection.com\/prodotto\/prodotti-allegra-toscana-gourmet\/#primaryimage\",\"url\":\"https:\/\/www.granducatocollection.com\/wp-content\/uploads\/2025\/04\/image00006-scaled.jpeg\",\"contentUrl\":\"https:\/\/www.granducatocollection.com\/wp-content\/uploads\/2025\/04\/image00006-scaled.jpeg\",\"width\":2560,\"height\":1920},{\"@type\":\"BreadcrumbList\",\"@id\":\"https:\/\/www.granducatocollection.com\/prodotto\/prodotti-allegra-toscana-gourmet\/#breadcrumb\",\"itemListElement\":[{\"@type\":\"ListItem\",\"position\":1,\"name\":\"Home\",\"item\":\"https:\/\/www.granducatocollection.com\/\"},{\"@type\":\"ListItem\",\"position\":2,\"name\":\"Shop\",\"item\":\"https:\/\/www.granducatocollection.com\/negozio\/\"},{\"@type\":\"ListItem\",\"position\":3,\"name\":\"Prodotti Allegra Toscana (Gourmet)\"}]},{\"@type\":\"WebSite\",\"@id\":\"https:\/\/www.granducatocollection.com\/#website\",\"url\":\"https:\/\/www.granducatocollection.com\/\",\"name\":\"GranDucato Collection\",\"description\":\"Prenota la tua vacanza e vivi un&#039;esperienza unica\",\"potentialAction\":[{\"@type\":\"SearchAction\",\"target\":{\"@type\":\"EntryPoint\",\"urlTemplate\":\"https:\/\/www.granducatocollection.com\/?s={search_term_string}\"},\"query-input\":{\"@type\":\"PropertyValueSpecification\",\"valueRequired\":true,\"valueName\":\"search_term_string\"}}],\"inLanguage\":\"sv-SE\"}]}<\/script>\n<!-- \/ Yoast SEO plugin. -->","yoast_head_json":{"title":"Prodotti Allegra Toscana (Gourmet) - Granducato Collection","robots":{"index":"index","follow":"follow","max-snippet":"max-snippet:-1","max-image-preview":"max-image-preview:large","max-video-preview":"max-video-preview:-1"},"canonical":"https:\/\/www.granducatocollection.com\/sv\/product\/prodotti-allegra-toscana-gourmet\/","og_locale":"sv_SE","og_type":"article","og_title":"Prodotti Allegra Toscana (Gourmet) - Granducato Collection","og_description":"Box Allegra Toscana Gourmet Un\u2019autentica esperienza toscana in un\u2019unica confezione: vini pregiati, olio EVO di qualit\u00e0, specialit\u00e0 locali e il gusto unico del tartufo. Perfetto da regalare o da gustare in compagnia.","og_url":"https:\/\/www.granducatocollection.com\/sv\/product\/prodotti-allegra-toscana-gourmet\/","og_site_name":"Granducato Collection","article_modified_time":"2026-02-03T13:47:13+00:00","og_image":[{"width":2560,"height":1920,"url":"https:\/\/www.granducatocollection.com\/wp-content\/uploads\/2025\/04\/image00006-scaled.jpeg","type":"image\/jpeg"}],"twitter_card":"summary_large_image","twitter_misc":{"Ber\u00e4knad l\u00e4stid":"2 minuter"},"schema":{"@context":"https:\/\/schema.org","@graph":[{"@type":"WebPage","@id":"https:\/\/www.granducatocollection.com\/prodotto\/prodotti-allegra-toscana-gourmet\/","url":"https:\/\/www.granducatocollection.com\/prodotto\/prodotti-allegra-toscana-gourmet\/","name":"Prodotti Allegra Toscana (Gourmet) - Granducato Collection","isPartOf":{"@id":"https:\/\/www.granducatocollection.com\/#website"},"primaryImageOfPage":{"@id":"https:\/\/www.granducatocollection.com\/prodotto\/prodotti-allegra-toscana-gourmet\/#primaryimage"},"image":{"@id":"https:\/\/www.granducatocollection.com\/prodotto\/prodotti-allegra-toscana-gourmet\/#primaryimage"},"thumbnailUrl":"https:\/\/www.granducatocollection.com\/wp-content\/uploads\/2025\/04\/image00006-scaled.jpeg","datePublished":"2025-04-18T09:15:09+00:00","dateModified":"2026-02-03T13:47:13+00:00","breadcrumb":{"@id":"https:\/\/www.granducatocollection.com\/prodotto\/prodotti-allegra-toscana-gourmet\/#breadcrumb"},"inLanguage":"sv-SE","potentialAction":[{"@type":"ReadAction","target":["https:\/\/www.granducatocollection.com\/prodotto\/prodotti-allegra-toscana-gourmet\/"]}]},{"@type":"ImageObject","inLanguage":"sv-SE","@id":"https:\/\/www.granducatocollection.com\/prodotto\/prodotti-allegra-toscana-gourmet\/#primaryimage","url":"https:\/\/www.granducatocollection.com\/wp-content\/uploads\/2025\/04\/image00006-scaled.jpeg","contentUrl":"https:\/\/www.granducatocollection.com\/wp-content\/uploads\/2025\/04\/image00006-scaled.jpeg","width":2560,"height":1920},{"@type":"BreadcrumbList","@id":"https:\/\/www.granducatocollection.com\/prodotto\/prodotti-allegra-toscana-gourmet\/#breadcrumb","itemListElement":[{"@type":"ListItem","position":1,"name":"Home","item":"https:\/\/www.granducatocollection.com\/"},{"@type":"ListItem","position":2,"name":"Shop","item":"https:\/\/www.granducatocollection.com\/negozio\/"},{"@type":"ListItem","position":3,"name":"Prodotti Allegra Toscana (Gourmet)"}]},{"@type":"WebSite","@id":"https:\/\/www.granducatocollection.com\/#website","url":"https:\/\/www.granducatocollection.com\/","name":"GranDucato Collection","description":"Prenota la tua vacanza e vivi un&#039;esperienza unica","potentialAction":[{"@type":"SearchAction","target":{"@type":"EntryPoint","urlTemplate":"https:\/\/www.granducatocollection.com\/?s={search_term_string}"},"query-input":{"@type":"PropertyValueSpecification","valueRequired":true,"valueName":"search_term_string"}}],"inLanguage":"sv-SE"}]}},"_links":{"self":[{"href":"https:\/\/www.granducatocollection.com\/sv\/wp-json\/wp\/v2\/product\/6693","targetHints":{"allow":["GET"]}}],"collection":[{"href":"https:\/\/www.granducatocollection.com\/sv\/wp-json\/wp\/v2\/product"}],"about":[{"href":"https:\/\/www.granducatocollection.com\/sv\/wp-json\/wp\/v2\/types\/product"}],"wp:featuredmedia":[{"embeddable":true,"href":"https:\/\/www.granducatocollection.com\/sv\/wp-json\/wp\/v2\/media\/9966"}],"wp:attachment":[{"href":"https:\/\/www.granducatocollection.com\/sv\/wp-json\/wp\/v2\/media?parent=6693"}],"wp:term":[{"taxonomy":"product_brand","embeddable":true,"href":"https:\/\/www.granducatocollection.com\/sv\/wp-json\/wp\/v2\/product_brand?post=6693"},{"taxonomy":"product_cat","embeddable":true,"href":"https:\/\/www.granducatocollection.com\/sv\/wp-json\/wp\/v2\/product_cat?post=6693"},{"taxonomy":"product_tag","embeddable":true,"href":"https:\/\/www.granducatocollection.com\/sv\/wp-json\/wp\/v2\/product_tag?post=6693"}],"curies":[{"name":"wp","href":"https:\/\/api.w.org\/{rel}","templated":true}]}}