{"id":6692,"date":"2025-04-18T09:06:50","date_gmt":"2025-04-18T09:06:50","guid":{"rendered":"https:\/\/www.granducatocollection.com\/?post_type=product&#038;p=6692"},"modified":"2026-02-16T12:22:40","modified_gmt":"2026-02-16T12:22:40","slug":"prodotti-allegra-toscana-completo","status":"publish","type":"product","link":"https:\/\/www.granducatocollection.com\/sv\/product\/prodotti-allegra-toscana-completo\/","title":{"rendered":"Allegra Toscana-produkter (komplett)"},"content":{"rendered":"<p><script type=\"application\/ld+json\">{\n    \"@context\": \"https:\\\/\\\/schema.org\",\n    \"@type\": \"Product\",\n    \"@id\": \"https:\\\/\\\/www.granducatocollection.com\\\/prodotto\\\/prodotti-allegra-toscana-completo\\\/\",\n    \"name\": \"Box Regalo Allegra Toscana \\u2013 Pacchetto Enogastronomico Toscano\",\n    \"image\": \"https:\\\/\\\/www.granducatocollection.com\\\/wp-content\\\/uploads\\\/2026\\\/01\\\/box-allegra-toscana-completo.jpg\",\n    \"description\": \"Box regalo toscano con Chianti Colli Aretini DOCG, Chianti Riserva DOCG e Olio Extra Vergine di Oliva Borgunto. Prodotto artigianale da Arezzo, perfetto come regalo esperienziale in Toscana. Spedizione inclusa.\",\n    \"brand\": {\n        \"@type\": \"Organization\",\n        \"name\": \"Borgunto\"\n    },\n    \"offers\": {\n        \"@type\": \"Offer\",\n        \"url\": \"https:\\\/\\\/www.granducatocollection.com\\\/prodotto\\\/prodotti-allegra-toscana-completo\\\/\",\n        \"priceCurrency\": \"EUR\",\n        \"price\": \"59.00\",\n        \"itemCondition\": \"https:\\\/\\\/schema.org\\\/NewCondition\",\n        \"availability\": \"https:\\\/\\\/schema.org\\\/InStock\",\n        \"seller\": {\n            \"@type\": \"Organization\",\n            \"name\": \"Granducato Collection\"\n        }\n    },\n    \"sku\": \"BOX-ALLEGRA-TOSCANA-COMPLETO\"\n}<\/script><\/p>\n<h1>Presentf\u00f6rpackning \u201cAllegra Toscana\u201d \u2013 Toskansk mat och vinpaket<\/h1>\n<h2>En autentisk toskansk upplevelse, f\u00f6rpackad i Arezzo<\/h2>\n<p class=\"translation-block\">Presentf\u00f6rpackningen *Allegra Toscana* \u00e4r ett exklusivt *mat- och vinpaket*, skapat av *Borgunto* i hj\u00e4rtat av *Arezzo*. Den kombinerar tre hantverksm\u00e4ssiga f\u00f6rtr\u00e4ffligheter: en flaska *Chianti Colli Aretini DOCG*, en flaska *Chianti Riserva DOCG* och en 500 ml flaska *Borgunto Extra Virgin Olive Oil*. Varje produkt uttrycker en passion f\u00f6r territoriet, tradition och kompromissl\u00f6s kvalitet.<\/p>\n<h3>Den perfekta upplevelsepresenten f\u00f6r Toscana-\u00e4lskare<\/h3>\n<p class=\"translation-block\">Perfekt f\u00f6r jul, \u00e5rsdagar, f\u00f6delsedagar eller enkla gester av tillgivenhet. Denna l\u00e5da \u00e4r en upplevelserik present som inbjuder dig att uppleva toskansk mat och vin i ditt eget hem. Perfekt f\u00f6r dig som s\u00f6ker \u00e4kthet, elegans och en smak av italienskt liv.<\/p>\n<h3>Symbol f\u00f6r Granducato-kollektionen: hantverksskicklighet, sp\u00e5rbarhet, frakt ing\u00e5r<\/h3>\n<p class=\"translation-block\">L\u00e5dan, som \u00e4r sammanst\u00e4lld av *Granducato Collection*, inneh\u00e5ller endast *hantverksm\u00e4ssiga produkter fr\u00e5n Arezzo*, med en kontrollerad leveranskedja fr\u00e5n jord till bord. *Frakt ing\u00e5r i priset*, s\u00e5 att du kan leverera toskansk kvalitet direkt till ditt hem, i hela Italien.<\/p>","protected":false},"excerpt":{"rendered":"<h1 data-start=\"102\" data-end=\"331\"><strong data-start=\"102\" data-end=\"148\">Allegra Toscana-paketet<\/strong><\/h1>\n<p class=\"translation-block\" data-start=\"102\" data-end=\"331\"><strong data-start=\"102\" data-end=\"148\">Inneh\u00e5ll i paketet \"Allegra Toscana\":<\/strong><br data-start=\"148\" data-end=\"151\">\ud83c\udf77 1 flaska Chianti <em data-start=\"177\" data-end=\"192\">Colli Aretini<\/em> DOCG \u2013 13% vol.<br data-start=\"208\" data-end=\"211\">\ud83c\udf77 1 flaska Chianti <em data-start=\"237\" data-end=\"246\">Riserva<\/em> DOCG \u2013 14% vol.<br data-start=\"262\" data-end=\"265\">\ud83e\uded2 1 flaska (500 ml) extra jungfruolja <em data-start=\"321\" data-end=\"331\">Borgunto<\/em><\/p>\n<p class=\"translation-block\" data-start=\"333\" data-end=\"370\">\ud83d\udce6 <strong data-start=\"336\" data-end=\"370\">Frakt ing\u00e5r i priset!<\/strong><\/p>","protected":false},"featured_media":8100,"template":"","meta":{"_acf_changed":false},"product_brand":[764],"product_cat":[843],"product_tag":[664,819,584,791],"class_list":{"0":"post-6692","1":"product","2":"type-product","3":"status-publish","4":"has-post-thumbnail","6":"product_brand-granducato-collection","7":"product_cat-box-e-degustazioni","8":"product_tag-cooking-box","9":"product_tag-cooking-box-arezzo","10":"product_tag-prodotti-tipici","11":"product_tag-prodotti-toscani","13":"first","14":"instock","15":"shipping-taxable","16":"purchasable","17":"product-type-simple"},"acf":[],"yoast_head":"<!-- This site is optimized with the Yoast SEO plugin v26.7 - https:\/\/yoast.com\/wordpress\/plugins\/seo\/ -->\n<title>Prodotti Allegra Toscana (Completo) - Granducato Collection<\/title>\n<meta name=\"robots\" content=\"index, follow, max-snippet:-1, max-image-preview:large, max-video-preview:-1\" \/>\n<link rel=\"canonical\" href=\"https:\/\/www.granducatocollection.com\/sv\/product\/prodotti-allegra-toscana-completo\/\" \/>\n<meta property=\"og:locale\" content=\"sv_SE\" \/>\n<meta property=\"og:type\" content=\"article\" \/>\n<meta property=\"og:title\" content=\"Prodotti Allegra Toscana (Completo) - Granducato Collection\" \/>\n<meta property=\"og:description\" content=\"Pacchetto Allegra Toscana Contenuto del Pacchetto &quot;Allegra Toscana&quot;:\ud83c\udf77 1 bottiglia di Chianti Colli Aretini DOCG \u2013 13% vol.\ud83c\udf77 1 bottiglia di Chianti Riserva DOCG \u2013 14% vol.\ud83e\uded2 1 bottiglia da 500 ml di Olio Extra Vergine di Oliva Borgunto \ud83d\udce6 Spedizione inclusa nel prezzo!\" \/>\n<meta property=\"og:url\" content=\"https:\/\/www.granducatocollection.com\/sv\/product\/prodotti-allegra-toscana-completo\/\" \/>\n<meta property=\"og:site_name\" content=\"Granducato Collection\" \/>\n<meta property=\"article:modified_time\" content=\"2026-02-16T12:22:40+00:00\" \/>\n<meta property=\"og:image\" content=\"https:\/\/www.granducatocollection.com\/wp-content\/uploads\/2025\/07\/Senzanome3.webp\" \/>\n\t<meta property=\"og:image:width\" content=\"280\" \/>\n\t<meta property=\"og:image:height\" content=\"232\" \/>\n\t<meta property=\"og:image:type\" content=\"image\/webp\" \/>\n<meta name=\"twitter:card\" content=\"summary_large_image\" \/>\n<meta name=\"twitter:label1\" content=\"Ber\u00e4knad l\u00e4stid\" \/>\n\t<meta name=\"twitter:data1\" content=\"2 minuter\" \/>\n<script type=\"application\/ld+json\" class=\"yoast-schema-graph\">{\"@context\":\"https:\/\/schema.org\",\"@graph\":[{\"@type\":\"WebPage\",\"@id\":\"https:\/\/www.granducatocollection.com\/prodotto\/prodotti-allegra-toscana-completo\/\",\"url\":\"https:\/\/www.granducatocollection.com\/prodotto\/prodotti-allegra-toscana-completo\/\",\"name\":\"Prodotti Allegra Toscana (Completo) - Granducato Collection\",\"isPartOf\":{\"@id\":\"https:\/\/www.granducatocollection.com\/#website\"},\"primaryImageOfPage\":{\"@id\":\"https:\/\/www.granducatocollection.com\/prodotto\/prodotti-allegra-toscana-completo\/#primaryimage\"},\"image\":{\"@id\":\"https:\/\/www.granducatocollection.com\/prodotto\/prodotti-allegra-toscana-completo\/#primaryimage\"},\"thumbnailUrl\":\"https:\/\/www.granducatocollection.com\/wp-content\/uploads\/2025\/07\/Senzanome3.webp\",\"datePublished\":\"2025-04-18T09:06:50+00:00\",\"dateModified\":\"2026-02-16T12:22:40+00:00\",\"breadcrumb\":{\"@id\":\"https:\/\/www.granducatocollection.com\/prodotto\/prodotti-allegra-toscana-completo\/#breadcrumb\"},\"inLanguage\":\"sv-SE\",\"potentialAction\":[{\"@type\":\"ReadAction\",\"target\":[\"https:\/\/www.granducatocollection.com\/prodotto\/prodotti-allegra-toscana-completo\/\"]}]},{\"@type\":\"ImageObject\",\"inLanguage\":\"sv-SE\",\"@id\":\"https:\/\/www.granducatocollection.com\/prodotto\/prodotti-allegra-toscana-completo\/#primaryimage\",\"url\":\"https:\/\/www.granducatocollection.com\/wp-content\/uploads\/2025\/07\/Senzanome3.webp\",\"contentUrl\":\"https:\/\/www.granducatocollection.com\/wp-content\/uploads\/2025\/07\/Senzanome3.webp\",\"width\":280,\"height\":232},{\"@type\":\"BreadcrumbList\",\"@id\":\"https:\/\/www.granducatocollection.com\/prodotto\/prodotti-allegra-toscana-completo\/#breadcrumb\",\"itemListElement\":[{\"@type\":\"ListItem\",\"position\":1,\"name\":\"Home\",\"item\":\"https:\/\/www.granducatocollection.com\/\"},{\"@type\":\"ListItem\",\"position\":2,\"name\":\"Shop\",\"item\":\"https:\/\/www.granducatocollection.com\/negozio\/\"},{\"@type\":\"ListItem\",\"position\":3,\"name\":\"Prodotti Allegra Toscana (Completo)\"}]},{\"@type\":\"WebSite\",\"@id\":\"https:\/\/www.granducatocollection.com\/#website\",\"url\":\"https:\/\/www.granducatocollection.com\/\",\"name\":\"GranDucato Collection\",\"description\":\"Prenota la tua vacanza e vivi un&#039;esperienza unica\",\"potentialAction\":[{\"@type\":\"SearchAction\",\"target\":{\"@type\":\"EntryPoint\",\"urlTemplate\":\"https:\/\/www.granducatocollection.com\/?s={search_term_string}\"},\"query-input\":{\"@type\":\"PropertyValueSpecification\",\"valueRequired\":true,\"valueName\":\"search_term_string\"}}],\"inLanguage\":\"sv-SE\"}]}<\/script>\n<!-- \/ Yoast SEO plugin. -->","yoast_head_json":{"title":"Prodotti Allegra Toscana (Completo) - Granducato Collection","robots":{"index":"index","follow":"follow","max-snippet":"max-snippet:-1","max-image-preview":"max-image-preview:large","max-video-preview":"max-video-preview:-1"},"canonical":"https:\/\/www.granducatocollection.com\/sv\/product\/prodotti-allegra-toscana-completo\/","og_locale":"sv_SE","og_type":"article","og_title":"Prodotti Allegra Toscana (Completo) - Granducato Collection","og_description":"Pacchetto Allegra Toscana Contenuto del Pacchetto \"Allegra Toscana\":\ud83c\udf77 1 bottiglia di Chianti Colli Aretini DOCG \u2013 13% vol.\ud83c\udf77 1 bottiglia di Chianti Riserva DOCG \u2013 14% vol.\ud83e\uded2 1 bottiglia da 500 ml di Olio Extra Vergine di Oliva Borgunto \ud83d\udce6 Spedizione inclusa nel prezzo!","og_url":"https:\/\/www.granducatocollection.com\/sv\/product\/prodotti-allegra-toscana-completo\/","og_site_name":"Granducato Collection","article_modified_time":"2026-02-16T12:22:40+00:00","og_image":[{"width":280,"height":232,"url":"https:\/\/www.granducatocollection.com\/wp-content\/uploads\/2025\/07\/Senzanome3.webp","type":"image\/webp"}],"twitter_card":"summary_large_image","twitter_misc":{"Ber\u00e4knad l\u00e4stid":"2 minuter"},"schema":{"@context":"https:\/\/schema.org","@graph":[{"@type":"WebPage","@id":"https:\/\/www.granducatocollection.com\/prodotto\/prodotti-allegra-toscana-completo\/","url":"https:\/\/www.granducatocollection.com\/prodotto\/prodotti-allegra-toscana-completo\/","name":"Prodotti Allegra Toscana (Completo) - Granducato Collection","isPartOf":{"@id":"https:\/\/www.granducatocollection.com\/#website"},"primaryImageOfPage":{"@id":"https:\/\/www.granducatocollection.com\/prodotto\/prodotti-allegra-toscana-completo\/#primaryimage"},"image":{"@id":"https:\/\/www.granducatocollection.com\/prodotto\/prodotti-allegra-toscana-completo\/#primaryimage"},"thumbnailUrl":"https:\/\/www.granducatocollection.com\/wp-content\/uploads\/2025\/07\/Senzanome3.webp","datePublished":"2025-04-18T09:06:50+00:00","dateModified":"2026-02-16T12:22:40+00:00","breadcrumb":{"@id":"https:\/\/www.granducatocollection.com\/prodotto\/prodotti-allegra-toscana-completo\/#breadcrumb"},"inLanguage":"sv-SE","potentialAction":[{"@type":"ReadAction","target":["https:\/\/www.granducatocollection.com\/prodotto\/prodotti-allegra-toscana-completo\/"]}]},{"@type":"ImageObject","inLanguage":"sv-SE","@id":"https:\/\/www.granducatocollection.com\/prodotto\/prodotti-allegra-toscana-completo\/#primaryimage","url":"https:\/\/www.granducatocollection.com\/wp-content\/uploads\/2025\/07\/Senzanome3.webp","contentUrl":"https:\/\/www.granducatocollection.com\/wp-content\/uploads\/2025\/07\/Senzanome3.webp","width":280,"height":232},{"@type":"BreadcrumbList","@id":"https:\/\/www.granducatocollection.com\/prodotto\/prodotti-allegra-toscana-completo\/#breadcrumb","itemListElement":[{"@type":"ListItem","position":1,"name":"Home","item":"https:\/\/www.granducatocollection.com\/"},{"@type":"ListItem","position":2,"name":"Shop","item":"https:\/\/www.granducatocollection.com\/negozio\/"},{"@type":"ListItem","position":3,"name":"Prodotti Allegra Toscana (Completo)"}]},{"@type":"WebSite","@id":"https:\/\/www.granducatocollection.com\/#website","url":"https:\/\/www.granducatocollection.com\/","name":"GranDucato Collection","description":"Prenota la tua vacanza e vivi un&#039;esperienza unica","potentialAction":[{"@type":"SearchAction","target":{"@type":"EntryPoint","urlTemplate":"https:\/\/www.granducatocollection.com\/?s={search_term_string}"},"query-input":{"@type":"PropertyValueSpecification","valueRequired":true,"valueName":"search_term_string"}}],"inLanguage":"sv-SE"}]}},"_links":{"self":[{"href":"https:\/\/www.granducatocollection.com\/sv\/wp-json\/wp\/v2\/product\/6692","targetHints":{"allow":["GET"]}}],"collection":[{"href":"https:\/\/www.granducatocollection.com\/sv\/wp-json\/wp\/v2\/product"}],"about":[{"href":"https:\/\/www.granducatocollection.com\/sv\/wp-json\/wp\/v2\/types\/product"}],"wp:featuredmedia":[{"embeddable":true,"href":"https:\/\/www.granducatocollection.com\/sv\/wp-json\/wp\/v2\/media\/8100"}],"wp:attachment":[{"href":"https:\/\/www.granducatocollection.com\/sv\/wp-json\/wp\/v2\/media?parent=6692"}],"wp:term":[{"taxonomy":"product_brand","embeddable":true,"href":"https:\/\/www.granducatocollection.com\/sv\/wp-json\/wp\/v2\/product_brand?post=6692"},{"taxonomy":"product_cat","embeddable":true,"href":"https:\/\/www.granducatocollection.com\/sv\/wp-json\/wp\/v2\/product_cat?post=6692"},{"taxonomy":"product_tag","embeddable":true,"href":"https:\/\/www.granducatocollection.com\/sv\/wp-json\/wp\/v2\/product_tag?post=6692"}],"curies":[{"name":"wp","href":"https:\/\/api.w.org\/{rel}","templated":true}]}}