{"id":6689,"date":"2025-04-18T08:43:39","date_gmt":"2025-04-18T08:43:39","guid":{"rendered":"https:\/\/www.granducatocollection.com\/?post_type=product&#038;p=6689"},"modified":"2026-02-03T13:38:03","modified_gmt":"2026-02-03T13:38:03","slug":"prodotti-allegra-toscana","status":"publish","type":"product","link":"https:\/\/www.granducatocollection.com\/sv\/product\/prodotti-allegra-toscana\/","title":{"rendered":"Allegra Toscana-produkter"},"content":{"rendered":"<p><script type=\"application\/ld+json\">{\n    \"@context\": \"https:\\\/\\\/schema.org\",\n    \"@type\": \"Product\",\n    \"@id\": \"https:\\\/\\\/www.granducatocollection.com\\\/prodotto\\\/prodotti-allegra-toscana\\\/\",\n    \"name\": \"Pacchetto Enologico Allegra Toscana \\u2013 Borgunto\",\n    \"image\": \"https:\\\/\\\/www.granducatocollection.com\\\/wp-content\\\/uploads\\\/2026\\\/01\\\/pacchetto-allegra-toscana-borgunto.jpg\",\n    \"description\": \"Pacchetto enologico con Chianti Colli Aretini DOCG e Chianti Riserva DOCG, prodotti artigianali da Borgunto ad Arezzo. Perfetto come regalo enologico toscano. Spedizione inclusa.\",\n    \"brand\": {\n        \"@type\": \"Organization\",\n        \"name\": \"Borgunto\"\n    },\n    \"offers\": {\n        \"@type\": \"Offer\",\n        \"url\": \"https:\\\/\\\/www.granducatocollection.com\\\/prodotto\\\/prodotti-allegra-toscana\\\/\",\n        \"priceCurrency\": \"EUR\",\n        \"price\": \"45.00\",\n        \"itemCondition\": \"https:\\\/\\\/schema.org\\\/NewCondition\",\n        \"availability\": \"https:\\\/\\\/schema.org\\\/InStock\",\n        \"seller\": {\n            \"@type\": \"Organization\",\n            \"name\": \"Granducato Collection\"\n        }\n    },\n    \"sku\": \"PACCHETTO-ALLEGRA-TOSCANA\"\n}<\/script><\/p>\n<h1>Allegra Toscana vinpaket \u2013 Borgunto<\/h1>\n<h2>Tv\u00e5 hantverksm\u00e4ssiga Chianti DOCG-viner fr\u00e5n Arezzo, hj\u00e4rtat av Toscana.<\/h2>\n<p class=\"translation-block\">Vinsetet Allegra Toscana inneh\u00e5ller tv\u00e5 \u00e4kta viner fr\u00e5n regionen Arezzo: en flaska Chianti Colli Aretini DOCG (13 % vol.) och en flaska Chianti Riserva DOCG (14 % vol.). B\u00e5da vinerna tillverkas av f\u00f6retaget Borgunto i Arezzo av noggrant utvald Sangiovese-druva, med anv\u00e4ndning av traditionella vintillverkningsmetoder och med respekt f\u00f6r de toskanska traditionerna.<\/p>\n<h3>En perfekt present till toskanskt vin, inklusive frakt.<\/h3>\n<p class=\"translation-block\">Perfekt f\u00f6r italienska vin\u00e4lskare, detta paket \u00e4r en f\u00f6rfinad och minnesv\u00e4rd present i form av toskanskt vin. Perfekt f\u00f6r \u00e5rsdagar, speciella middagar eller helt enkelt f\u00f6r att unna dig en autentisk mat- och vinupplevelse. Frakt ing\u00e5r i priset \u2013 elegans och bekv\u00e4mlighet i ett.<\/p>\n<h3>Symbol f\u00f6r Granducato-kollektionen: kvalitet, territorium och hantverksm\u00e4ssig omsorg<\/h3>\n<p class=\"translation-block\">Varje flaska f\u00f6rkroppsligar v\u00e4rdena i Granducato-kollektionen: direkt kontroll \u00f6ver ving\u00e5rden, manuell sk\u00f6rd och lagring som respekterar naturliga rytmer. Allegra Toscana-paketet \u00e4r mer \u00e4n bara en vinduo \u2013 det \u00e4r en inbjudan att uppt\u00e4cka Toscana, glas efter glas.<\/p>","protected":false},"excerpt":{"rendered":"<h1>Allegra Toscana-produkter<\/h1>\n<p class=\"translation-block\">Tv\u00e5 fantastiska uttryck f\u00f6r Chianti i ett och samma erbjudande: den autentiska smaken av Toscana, levererad direkt hem till dig.<\/p>","protected":false},"featured_media":9965,"template":"","meta":{"_acf_changed":false},"product_brand":[764],"product_cat":[843],"product_tag":[818,816,817,800,814,784,782],"class_list":{"0":"post-6689","1":"product","2":"type-product","3":"status-publish","4":"has-post-thumbnail","6":"product_brand-granducato-collection","7":"product_cat-box-e-degustazioni","8":"product_tag-affittibrevi-arezzo","9":"product_tag-cookingbox","10":"product_tag-dormire-arezzo","11":"product_tag-pernottamento-arezzo","12":"product_tag-suitelets-arezzo","13":"product_tag-vacanza-arezzo","14":"product_tag-visitare-arezzo","16":"first","17":"instock","18":"shipping-taxable","19":"purchasable","20":"product-type-simple"},"acf":[],"yoast_head":"<!-- This site is optimized with the Yoast SEO plugin v26.7 - https:\/\/yoast.com\/wordpress\/plugins\/seo\/ -->\n<title>B&amp;B Arezzo - Prodotti Allegra Toscana - Gran Ducato Collection<\/title>\n<meta name=\"description\" content=\"Scopri il gusto autentico della Toscana con il cofanetto &quot;Prodotti Allegra Toscana&quot;: due vini Chianti DOCG selezionati con spedizione inclusa.\" \/>\n<meta name=\"robots\" content=\"index, follow, max-snippet:-1, max-image-preview:large, max-video-preview:-1\" \/>\n<link rel=\"canonical\" href=\"https:\/\/www.granducatocollection.com\/sv\/product\/prodotti-allegra-toscana\/\" \/>\n<meta property=\"og:locale\" content=\"sv_SE\" \/>\n<meta property=\"og:type\" content=\"article\" \/>\n<meta property=\"og:title\" content=\"B&amp;B Arezzo - Prodotti Allegra Toscana - Gran Ducato Collection\" \/>\n<meta property=\"og:description\" content=\"Scopri il gusto autentico della Toscana con il cofanetto &quot;Prodotti Allegra Toscana&quot;: due vini Chianti DOCG selezionati con spedizione inclusa.\" \/>\n<meta property=\"og:url\" content=\"https:\/\/www.granducatocollection.com\/sv\/product\/prodotti-allegra-toscana\/\" \/>\n<meta property=\"og:site_name\" content=\"Granducato Collection\" \/>\n<meta property=\"article:modified_time\" content=\"2026-02-03T13:38:03+00:00\" \/>\n<meta property=\"og:image\" content=\"https:\/\/www.granducatocollection.com\/wp-content\/uploads\/2025\/04\/image00001-scaled.jpeg\" \/>\n\t<meta property=\"og:image:width\" content=\"2560\" \/>\n\t<meta property=\"og:image:height\" content=\"1920\" \/>\n\t<meta property=\"og:image:type\" content=\"image\/jpeg\" \/>\n<meta name=\"twitter:card\" content=\"summary_large_image\" \/>\n<meta name=\"twitter:label1\" content=\"Ber\u00e4knad l\u00e4stid\" \/>\n\t<meta name=\"twitter:data1\" content=\"2 minuter\" \/>\n<script type=\"application\/ld+json\" class=\"yoast-schema-graph\">{\"@context\":\"https:\/\/schema.org\",\"@graph\":[{\"@type\":\"WebPage\",\"@id\":\"https:\/\/www.granducatocollection.com\/prodotto\/prodotti-allegra-toscana\/\",\"url\":\"https:\/\/www.granducatocollection.com\/prodotto\/prodotti-allegra-toscana\/\",\"name\":\"B&B Arezzo - Prodotti Allegra Toscana - Gran Ducato Collection\",\"isPartOf\":{\"@id\":\"https:\/\/www.granducatocollection.com\/#website\"},\"primaryImageOfPage\":{\"@id\":\"https:\/\/www.granducatocollection.com\/prodotto\/prodotti-allegra-toscana\/#primaryimage\"},\"image\":{\"@id\":\"https:\/\/www.granducatocollection.com\/prodotto\/prodotti-allegra-toscana\/#primaryimage\"},\"thumbnailUrl\":\"https:\/\/www.granducatocollection.com\/wp-content\/uploads\/2025\/04\/image00001-scaled.jpeg\",\"datePublished\":\"2025-04-18T08:43:39+00:00\",\"dateModified\":\"2026-02-03T13:38:03+00:00\",\"description\":\"Scopri il gusto autentico della Toscana con il cofanetto \\\"Prodotti Allegra Toscana\\\": due vini Chianti DOCG selezionati con spedizione inclusa.\",\"breadcrumb\":{\"@id\":\"https:\/\/www.granducatocollection.com\/prodotto\/prodotti-allegra-toscana\/#breadcrumb\"},\"inLanguage\":\"sv-SE\",\"potentialAction\":[{\"@type\":\"ReadAction\",\"target\":[\"https:\/\/www.granducatocollection.com\/prodotto\/prodotti-allegra-toscana\/\"]}]},{\"@type\":\"ImageObject\",\"inLanguage\":\"sv-SE\",\"@id\":\"https:\/\/www.granducatocollection.com\/prodotto\/prodotti-allegra-toscana\/#primaryimage\",\"url\":\"https:\/\/www.granducatocollection.com\/wp-content\/uploads\/2025\/04\/image00001-scaled.jpeg\",\"contentUrl\":\"https:\/\/www.granducatocollection.com\/wp-content\/uploads\/2025\/04\/image00001-scaled.jpeg\",\"width\":2560,\"height\":1920},{\"@type\":\"BreadcrumbList\",\"@id\":\"https:\/\/www.granducatocollection.com\/prodotto\/prodotti-allegra-toscana\/#breadcrumb\",\"itemListElement\":[{\"@type\":\"ListItem\",\"position\":1,\"name\":\"Home\",\"item\":\"https:\/\/www.granducatocollection.com\/\"},{\"@type\":\"ListItem\",\"position\":2,\"name\":\"Shop\",\"item\":\"https:\/\/www.granducatocollection.com\/negozio\/\"},{\"@type\":\"ListItem\",\"position\":3,\"name\":\"Prodotti Allegra Toscana\"}]},{\"@type\":\"WebSite\",\"@id\":\"https:\/\/www.granducatocollection.com\/#website\",\"url\":\"https:\/\/www.granducatocollection.com\/\",\"name\":\"GranDucato Collection\",\"description\":\"Prenota la tua vacanza e vivi un&#039;esperienza unica\",\"potentialAction\":[{\"@type\":\"SearchAction\",\"target\":{\"@type\":\"EntryPoint\",\"urlTemplate\":\"https:\/\/www.granducatocollection.com\/?s={search_term_string}\"},\"query-input\":{\"@type\":\"PropertyValueSpecification\",\"valueRequired\":true,\"valueName\":\"search_term_string\"}}],\"inLanguage\":\"sv-SE\"}]}<\/script>\n<!-- \/ Yoast SEO plugin. -->","yoast_head_json":{"title":"B&B Arezzo - Prodotti Allegra Toscana - Gran Ducato Collection","description":"Scopri il gusto autentico della Toscana con il cofanetto \"Prodotti Allegra Toscana\": due vini Chianti DOCG selezionati con spedizione inclusa.","robots":{"index":"index","follow":"follow","max-snippet":"max-snippet:-1","max-image-preview":"max-image-preview:large","max-video-preview":"max-video-preview:-1"},"canonical":"https:\/\/www.granducatocollection.com\/sv\/product\/prodotti-allegra-toscana\/","og_locale":"sv_SE","og_type":"article","og_title":"B&B Arezzo - Prodotti Allegra Toscana - Gran Ducato Collection","og_description":"Scopri il gusto autentico della Toscana con il cofanetto \"Prodotti Allegra Toscana\": due vini Chianti DOCG selezionati con spedizione inclusa.","og_url":"https:\/\/www.granducatocollection.com\/sv\/product\/prodotti-allegra-toscana\/","og_site_name":"Granducato Collection","article_modified_time":"2026-02-03T13:38:03+00:00","og_image":[{"width":2560,"height":1920,"url":"https:\/\/www.granducatocollection.com\/wp-content\/uploads\/2025\/04\/image00001-scaled.jpeg","type":"image\/jpeg"}],"twitter_card":"summary_large_image","twitter_misc":{"Ber\u00e4knad l\u00e4stid":"2 minuter"},"schema":{"@context":"https:\/\/schema.org","@graph":[{"@type":"WebPage","@id":"https:\/\/www.granducatocollection.com\/prodotto\/prodotti-allegra-toscana\/","url":"https:\/\/www.granducatocollection.com\/prodotto\/prodotti-allegra-toscana\/","name":"B&B Arezzo - Prodotti Allegra Toscana - Gran Ducato Collection","isPartOf":{"@id":"https:\/\/www.granducatocollection.com\/#website"},"primaryImageOfPage":{"@id":"https:\/\/www.granducatocollection.com\/prodotto\/prodotti-allegra-toscana\/#primaryimage"},"image":{"@id":"https:\/\/www.granducatocollection.com\/prodotto\/prodotti-allegra-toscana\/#primaryimage"},"thumbnailUrl":"https:\/\/www.granducatocollection.com\/wp-content\/uploads\/2025\/04\/image00001-scaled.jpeg","datePublished":"2025-04-18T08:43:39+00:00","dateModified":"2026-02-03T13:38:03+00:00","description":"Scopri il gusto autentico della Toscana con il cofanetto \"Prodotti Allegra Toscana\": due vini Chianti DOCG selezionati con spedizione inclusa.","breadcrumb":{"@id":"https:\/\/www.granducatocollection.com\/prodotto\/prodotti-allegra-toscana\/#breadcrumb"},"inLanguage":"sv-SE","potentialAction":[{"@type":"ReadAction","target":["https:\/\/www.granducatocollection.com\/prodotto\/prodotti-allegra-toscana\/"]}]},{"@type":"ImageObject","inLanguage":"sv-SE","@id":"https:\/\/www.granducatocollection.com\/prodotto\/prodotti-allegra-toscana\/#primaryimage","url":"https:\/\/www.granducatocollection.com\/wp-content\/uploads\/2025\/04\/image00001-scaled.jpeg","contentUrl":"https:\/\/www.granducatocollection.com\/wp-content\/uploads\/2025\/04\/image00001-scaled.jpeg","width":2560,"height":1920},{"@type":"BreadcrumbList","@id":"https:\/\/www.granducatocollection.com\/prodotto\/prodotti-allegra-toscana\/#breadcrumb","itemListElement":[{"@type":"ListItem","position":1,"name":"Home","item":"https:\/\/www.granducatocollection.com\/"},{"@type":"ListItem","position":2,"name":"Shop","item":"https:\/\/www.granducatocollection.com\/negozio\/"},{"@type":"ListItem","position":3,"name":"Prodotti Allegra Toscana"}]},{"@type":"WebSite","@id":"https:\/\/www.granducatocollection.com\/#website","url":"https:\/\/www.granducatocollection.com\/","name":"GranDucato Collection","description":"Prenota la tua vacanza e vivi un&#039;esperienza unica","potentialAction":[{"@type":"SearchAction","target":{"@type":"EntryPoint","urlTemplate":"https:\/\/www.granducatocollection.com\/?s={search_term_string}"},"query-input":{"@type":"PropertyValueSpecification","valueRequired":true,"valueName":"search_term_string"}}],"inLanguage":"sv-SE"}]}},"_links":{"self":[{"href":"https:\/\/www.granducatocollection.com\/sv\/wp-json\/wp\/v2\/product\/6689","targetHints":{"allow":["GET"]}}],"collection":[{"href":"https:\/\/www.granducatocollection.com\/sv\/wp-json\/wp\/v2\/product"}],"about":[{"href":"https:\/\/www.granducatocollection.com\/sv\/wp-json\/wp\/v2\/types\/product"}],"wp:featuredmedia":[{"embeddable":true,"href":"https:\/\/www.granducatocollection.com\/sv\/wp-json\/wp\/v2\/media\/9965"}],"wp:attachment":[{"href":"https:\/\/www.granducatocollection.com\/sv\/wp-json\/wp\/v2\/media?parent=6689"}],"wp:term":[{"taxonomy":"product_brand","embeddable":true,"href":"https:\/\/www.granducatocollection.com\/sv\/wp-json\/wp\/v2\/product_brand?post=6689"},{"taxonomy":"product_cat","embeddable":true,"href":"https:\/\/www.granducatocollection.com\/sv\/wp-json\/wp\/v2\/product_cat?post=6689"},{"taxonomy":"product_tag","embeddable":true,"href":"https:\/\/www.granducatocollection.com\/sv\/wp-json\/wp\/v2\/product_tag?post=6689"}],"curies":[{"name":"wp","href":"https:\/\/api.w.org\/{rel}","templated":true}]}}