{"id":6672,"date":"2025-04-17T10:42:55","date_gmt":"2025-04-17T10:42:55","guid":{"rendered":"https:\/\/www.granducatocollection.com\/?post_type=product&#038;p=6672"},"modified":"2026-03-16T18:46:31","modified_gmt":"2026-03-16T18:46:31","slug":"late-check-out","status":"publish","type":"product","link":"https:\/\/www.granducatocollection.com\/sv\/product\/late-check-out\/","title":{"rendered":"Late Check-Out"},"content":{"rendered":"<p><script type=\"application\/ld+json\">\n{\n  \"@context\": \"https:\/\/schema.org\",\n  \"@type\": \"Service\",\n  \"@id\": \"https:\/\/www.granducatocollection.com\/prodotto\/late-ceck-out\/\",\n  \"name\": \"Late Checkout fino alle 12:00 \u2013 Granducato Collection\",\n  \"description\": \"Servizio di late checkout fino alle 12:00 ad Arezzo e Viareggio. Hospitality discreta, su richiesta, per prolungare il tuo soggiorno senza fretta.\",\n  \"provider\": {\n    \"@type\": \"Organization\",\n    \"name\": \"Granducato Collection\"\n  },\n  \"areaServed\": [\"Arezzo\", \"Viareggio\", \"Toscana\"],\n  \"offers\": {\n    \"@type\": \"Offer\",\n    \"url\": \"https:\/\/www.granducatocollection.com\/prodotto\/late-ceck-out\/\",\n    \"priceCurrency\": \"EUR\",\n    \"price\": \"15.00\",\n    \"availability\": \"https:\/\/schema.org\/InStock\"\n  }\n}\n<\/script><\/p>\n<h1>Late Checkout fino alle 12:00 \u2013 Granducato Collection<\/h1>\n<h2>Hospitality discreta per prolungare il tuo soggiorno ad Arezzo o Viareggio<\/h2>\n<p>Con il servizio di <strong>late checkout fino alle 12:00<\/strong>, puoi goderti ogni istante del tuo soggiorno senza l\u2019ansia dell\u2019orario standard di check-out alle 10:00. Disponibile su richiesta nelle nostre strutture ad <strong>Arezzo<\/strong> e <strong>Viareggio<\/strong>, \u00e8 un gesto semplice che incarna la nostra filosofia: <em>invisibile ma presente<\/em>.<\/p>\n<h3>Un\u2019esperienza ospite personalizzata, senza vincoli<\/h3>\n<p>Pensato per <strong>viaggiatori culturali<\/strong>, <strong>professionisti in smart working<\/strong> e <strong>coppie in cerca di romanticismo<\/strong>, il late checkout ti regala tempo prezioso per una colazione tranquilla, una passeggiata finale o semplicemente un ultimo momento di relax. Prenotalo comodamente online o in pochi secondi via WhatsApp.<\/p>\n<h3>Parte della Granducato Collection: eleganza, discrezione, attenzione<\/h3>\n<p>Questo servizio riflette l\u2019essenza della <strong>Granducato Collection<\/strong>: un\u2019accoglienza che non si impone, ma si adatta alle tue esigenze. Perch\u00e9 il vero lusso \u00e8 sentirsi liberi \u2014 anche nell\u2019ora del commiato.<\/p>\n","protected":false},"excerpt":{"rendered":"<h1>Sen utcheckning fram till 12:00<\/h1>\n<p class=\"translation-block\"><strong>F\u00f6rl\u00e4ng din upplevelse<\/strong>: Bo bekv\u00e4mt p\u00e5 ditt rum fram till middag, ist\u00e4llet f\u00f6r standardutcheckningstiden 10:00.<\/p>\n<p class=\"translation-block\">Tj\u00e4nsten \u00e4r tillg\u00e4nglig p\u00e5 beg\u00e4ran och kan enkelt k\u00f6pas <a href=\"https:\/\/www.granducatocollection.com\/sv\/\" rel=\"noopener\" target=\"_self\">online p\u00e5 v\u00e5r webbplats<\/a> eller snabbt och direkt <a href=\"https:\/\/wa.me\/tuonumerowhatsapp\" rel=\"nofollow noopener\" target=\"_self\">via WhatsApp<\/a>.<\/p>\n<p><a class=\"fusion-no-lightbox\" style=\"text-decoration: none; display: inline-flex; align-items: center; color: #159c7f; font-weight: 600;\" href=\"https:\/\/wa.me\/3772539581\" target=\"_blank\" rel=\"noopener\"><br \/>\n<img decoding=\"async\" style=\"width: 24px; height: 24px; margin-right: 8px;\" src=\"https:\/\/upload.wikimedia.org\/wikipedia\/commons\/6\/6b\/WhatsApp.svg\" alt=\"WhatsApp Icon\" \/><br \/>\nSkriv till oss p\u00e5 WhatsApp<br \/>\n<\/a><br \/>\n<span style=\"color: white;\">last minute arezzo<\/span><br \/>\n<span style=\"color: white;\">affittacamere arezzo<\/span><br \/>\n<span style=\"color: white;\">soggiorno arezzo<\/span><\/p>","protected":false},"featured_media":6673,"template":"","meta":{"_acf_changed":false},"product_brand":[764],"product_cat":[93],"product_tag":[578,768,565,568,576,571,579],"class_list":{"0":"post-6672","1":"product","2":"type-product","3":"status-publish","4":"has-post-thumbnail","6":"product_brand-granducato-collection","7":"product_cat-servizi","8":"product_tag-check-out-flessibile","9":"product_tag-check-out-tardivo-arezzo","10":"product_tag-late-checkout","11":"product_tag-servizio-hotel","12":"product_tag-servizio-personalizzato","13":"product_tag-servizio-premium","14":"product_tag-soggiorno-prolungato","16":"first","17":"instock","18":"shipping-taxable","19":"purchasable","20":"product-type-simple"},"acf":[],"yoast_head":"<!-- This site is optimized with the Yoast SEO plugin v26.7 - https:\/\/yoast.com\/wordpress\/plugins\/seo\/ -->\n<title>B&amp;B Arezzo - Late Check-Out - Granducato Collection<\/title>\n<meta name=\"description\" content=\"Richiedi facilmente il late checkout della tua stanza fino alle 12:00 al costo di 40\u20ac. Compila il form e scegli se pagare online o in reception.\" \/>\n<meta name=\"robots\" content=\"index, follow, max-snippet:-1, max-image-preview:large, max-video-preview:-1\" \/>\n<link rel=\"canonical\" href=\"https:\/\/www.granducatocollection.com\/sv\/product\/late-ceck-out\/\" \/>\n<meta property=\"og:locale\" content=\"sv_SE\" \/>\n<meta property=\"og:type\" content=\"article\" \/>\n<meta property=\"og:title\" content=\"B&amp;B Arezzo - Late Check-Out - Granducato Collection\" \/>\n<meta property=\"og:description\" content=\"Richiedi facilmente il late checkout della tua stanza fino alle 12:00 al costo di 40\u20ac. Compila il form e scegli se pagare online o in reception.\" \/>\n<meta property=\"og:url\" content=\"https:\/\/www.granducatocollection.com\/sv\/product\/late-ceck-out\/\" \/>\n<meta property=\"og:site_name\" content=\"Granducato Collection\" \/>\n<meta property=\"article:modified_time\" content=\"2026-03-16T18:46:31+00:00\" \/>\n<meta property=\"og:image\" content=\"https:\/\/www.granducatocollection.com\/wp-content\/uploads\/2025\/04\/late-check-out-granductogestioni-arezzo-firenze-viareggio-toscana-affittacamere-bb.jpg\" \/>\n\t<meta property=\"og:image:width\" content=\"924\" \/>\n\t<meta property=\"og:image:height\" content=\"924\" \/>\n\t<meta property=\"og:image:type\" content=\"image\/jpeg\" \/>\n<meta name=\"twitter:card\" content=\"summary_large_image\" \/>\n<meta name=\"twitter:label1\" content=\"Ber\u00e4knad l\u00e4stid\" \/>\n\t<meta name=\"twitter:data1\" content=\"1 minut\" \/>\n<script type=\"application\/ld+json\" class=\"yoast-schema-graph\">{\"@context\":\"https:\/\/schema.org\",\"@graph\":[{\"@type\":\"WebPage\",\"@id\":\"https:\/\/www.granducatocollection.com\/prodotto\/late-check-out\/\",\"url\":\"https:\/\/www.granducatocollection.com\/prodotto\/late-ceck-out\/\",\"name\":\"B&B Arezzo - Late Check-Out - Granducato Collection\",\"isPartOf\":{\"@id\":\"https:\/\/www.granducatocollection.com\/#website\"},\"primaryImageOfPage\":{\"@id\":\"https:\/\/www.granducatocollection.com\/prodotto\/late-ceck-out\/#primaryimage\"},\"image\":{\"@id\":\"https:\/\/www.granducatocollection.com\/prodotto\/late-ceck-out\/#primaryimage\"},\"thumbnailUrl\":\"https:\/\/www.granducatocollection.com\/wp-content\/uploads\/2025\/04\/late-check-out-granductogestioni-arezzo-firenze-viareggio-toscana-affittacamere-bb.jpg\",\"datePublished\":\"2025-04-17T10:42:55+00:00\",\"dateModified\":\"2026-03-16T18:46:31+00:00\",\"description\":\"Richiedi facilmente il late checkout della tua stanza fino alle 12:00 al costo di 40\u20ac. Compila il form e scegli se pagare online o in reception.\",\"breadcrumb\":{\"@id\":\"https:\/\/www.granducatocollection.com\/prodotto\/late-ceck-out\/#breadcrumb\"},\"inLanguage\":\"sv-SE\",\"potentialAction\":[{\"@type\":\"ReadAction\",\"target\":[\"https:\/\/www.granducatocollection.com\/prodotto\/late-ceck-out\/\"]}]},{\"@type\":\"ImageObject\",\"inLanguage\":\"sv-SE\",\"@id\":\"https:\/\/www.granducatocollection.com\/prodotto\/late-ceck-out\/#primaryimage\",\"url\":\"https:\/\/www.granducatocollection.com\/wp-content\/uploads\/2025\/04\/late-check-out-granductogestioni-arezzo-firenze-viareggio-toscana-affittacamere-bb.jpg\",\"contentUrl\":\"https:\/\/www.granducatocollection.com\/wp-content\/uploads\/2025\/04\/late-check-out-granductogestioni-arezzo-firenze-viareggio-toscana-affittacamere-bb.jpg\",\"width\":924,\"height\":924,\"caption\":\"late-check-out-granductogestioni-arezzo-firenze-viareggio-toscana-affittacamere-bb\"},{\"@type\":\"BreadcrumbList\",\"@id\":\"https:\/\/www.granducatocollection.com\/prodotto\/late-ceck-out\/#breadcrumb\",\"itemListElement\":[{\"@type\":\"ListItem\",\"position\":1,\"name\":\"Home\",\"item\":\"https:\/\/www.granducatocollection.com\/\"},{\"@type\":\"ListItem\",\"position\":2,\"name\":\"Shop\",\"item\":\"https:\/\/www.granducatocollection.com\/negozio\/\"},{\"@type\":\"ListItem\",\"position\":3,\"name\":\"Late Check-Out\"}]},{\"@type\":\"WebSite\",\"@id\":\"https:\/\/www.granducatocollection.com\/#website\",\"url\":\"https:\/\/www.granducatocollection.com\/\",\"name\":\"GranDucato Collection\",\"description\":\"Prenota la tua vacanza e vivi un&#039;esperienza unica\",\"potentialAction\":[{\"@type\":\"SearchAction\",\"target\":{\"@type\":\"EntryPoint\",\"urlTemplate\":\"https:\/\/www.granducatocollection.com\/?s={search_term_string}\"},\"query-input\":{\"@type\":\"PropertyValueSpecification\",\"valueRequired\":true,\"valueName\":\"search_term_string\"}}],\"inLanguage\":\"sv-SE\"}]}<\/script>\n<!-- \/ Yoast SEO plugin. -->","yoast_head_json":{"title":"B&B Arezzo - Late Check-Out - Granducato Collection","description":"Richiedi facilmente il late checkout della tua stanza fino alle 12:00 al costo di 40\u20ac. Compila il form e scegli se pagare online o in reception.","robots":{"index":"index","follow":"follow","max-snippet":"max-snippet:-1","max-image-preview":"max-image-preview:large","max-video-preview":"max-video-preview:-1"},"canonical":"https:\/\/www.granducatocollection.com\/sv\/product\/late-ceck-out\/","og_locale":"sv_SE","og_type":"article","og_title":"B&B Arezzo - Late Check-Out - Granducato Collection","og_description":"Richiedi facilmente il late checkout della tua stanza fino alle 12:00 al costo di 40\u20ac. Compila il form e scegli se pagare online o in reception.","og_url":"https:\/\/www.granducatocollection.com\/sv\/product\/late-ceck-out\/","og_site_name":"Granducato Collection","article_modified_time":"2026-03-16T18:46:31+00:00","og_image":[{"width":924,"height":924,"url":"https:\/\/www.granducatocollection.com\/wp-content\/uploads\/2025\/04\/late-check-out-granductogestioni-arezzo-firenze-viareggio-toscana-affittacamere-bb.jpg","type":"image\/jpeg"}],"twitter_card":"summary_large_image","twitter_misc":{"Ber\u00e4knad l\u00e4stid":"1 minut"},"schema":{"@context":"https:\/\/schema.org","@graph":[{"@type":"WebPage","@id":"https:\/\/www.granducatocollection.com\/prodotto\/late-check-out\/","url":"https:\/\/www.granducatocollection.com\/prodotto\/late-ceck-out\/","name":"B&B Arezzo - Late Check-Out - Granducato Collection","isPartOf":{"@id":"https:\/\/www.granducatocollection.com\/#website"},"primaryImageOfPage":{"@id":"https:\/\/www.granducatocollection.com\/prodotto\/late-ceck-out\/#primaryimage"},"image":{"@id":"https:\/\/www.granducatocollection.com\/prodotto\/late-ceck-out\/#primaryimage"},"thumbnailUrl":"https:\/\/www.granducatocollection.com\/wp-content\/uploads\/2025\/04\/late-check-out-granductogestioni-arezzo-firenze-viareggio-toscana-affittacamere-bb.jpg","datePublished":"2025-04-17T10:42:55+00:00","dateModified":"2026-03-16T18:46:31+00:00","description":"Richiedi facilmente il late checkout della tua stanza fino alle 12:00 al costo di 40\u20ac. Compila il form e scegli se pagare online o in reception.","breadcrumb":{"@id":"https:\/\/www.granducatocollection.com\/prodotto\/late-ceck-out\/#breadcrumb"},"inLanguage":"sv-SE","potentialAction":[{"@type":"ReadAction","target":["https:\/\/www.granducatocollection.com\/prodotto\/late-ceck-out\/"]}]},{"@type":"ImageObject","inLanguage":"sv-SE","@id":"https:\/\/www.granducatocollection.com\/prodotto\/late-ceck-out\/#primaryimage","url":"https:\/\/www.granducatocollection.com\/wp-content\/uploads\/2025\/04\/late-check-out-granductogestioni-arezzo-firenze-viareggio-toscana-affittacamere-bb.jpg","contentUrl":"https:\/\/www.granducatocollection.com\/wp-content\/uploads\/2025\/04\/late-check-out-granductogestioni-arezzo-firenze-viareggio-toscana-affittacamere-bb.jpg","width":924,"height":924,"caption":"late-check-out-granductogestioni-arezzo-firenze-viareggio-toscana-affittacamere-bb"},{"@type":"BreadcrumbList","@id":"https:\/\/www.granducatocollection.com\/prodotto\/late-ceck-out\/#breadcrumb","itemListElement":[{"@type":"ListItem","position":1,"name":"Home","item":"https:\/\/www.granducatocollection.com\/"},{"@type":"ListItem","position":2,"name":"Shop","item":"https:\/\/www.granducatocollection.com\/negozio\/"},{"@type":"ListItem","position":3,"name":"Late Check-Out"}]},{"@type":"WebSite","@id":"https:\/\/www.granducatocollection.com\/#website","url":"https:\/\/www.granducatocollection.com\/","name":"GranDucato Collection","description":"Prenota la tua vacanza e vivi un&#039;esperienza unica","potentialAction":[{"@type":"SearchAction","target":{"@type":"EntryPoint","urlTemplate":"https:\/\/www.granducatocollection.com\/?s={search_term_string}"},"query-input":{"@type":"PropertyValueSpecification","valueRequired":true,"valueName":"search_term_string"}}],"inLanguage":"sv-SE"}]}},"_links":{"self":[{"href":"https:\/\/www.granducatocollection.com\/sv\/wp-json\/wp\/v2\/product\/6672","targetHints":{"allow":["GET"]}}],"collection":[{"href":"https:\/\/www.granducatocollection.com\/sv\/wp-json\/wp\/v2\/product"}],"about":[{"href":"https:\/\/www.granducatocollection.com\/sv\/wp-json\/wp\/v2\/types\/product"}],"wp:featuredmedia":[{"embeddable":true,"href":"https:\/\/www.granducatocollection.com\/sv\/wp-json\/wp\/v2\/media\/6673"}],"wp:attachment":[{"href":"https:\/\/www.granducatocollection.com\/sv\/wp-json\/wp\/v2\/media?parent=6672"}],"wp:term":[{"taxonomy":"product_brand","embeddable":true,"href":"https:\/\/www.granducatocollection.com\/sv\/wp-json\/wp\/v2\/product_brand?post=6672"},{"taxonomy":"product_cat","embeddable":true,"href":"https:\/\/www.granducatocollection.com\/sv\/wp-json\/wp\/v2\/product_cat?post=6672"},{"taxonomy":"product_tag","embeddable":true,"href":"https:\/\/www.granducatocollection.com\/sv\/wp-json\/wp\/v2\/product_tag?post=6672"}],"curies":[{"name":"wp","href":"https:\/\/api.w.org\/{rel}","templated":true}]}}