{"id":6514,"date":"2025-04-11T11:37:38","date_gmt":"2025-04-11T11:37:38","guid":{"rendered":"https:\/\/www.granducatocollection.com\/?post_type=product&#038;p=6514"},"modified":"2026-02-27T14:06:28","modified_gmt":"2026-02-27T14:06:28","slug":"suite-deluxe-corso-italia-108","status":"publish","type":"product","link":"https:\/\/www.granducatocollection.com\/sv\/product\/suite-deluxe-corso-italia-108\/","title":{"rendered":"Svit Deluxe med jacuzzi \u2013 Corso Italia 108, Arezzo | Granducato samling"},"content":{"rendered":"<p><script type=\"application\/ld+json\">{\n    \"@context\": \"https:\\\/\\\/schema.org\",\n    \"@type\": \"Product\",\n    \"name\": \"Suite Deluxe \\u2013 Corso Italia 108, Arezzo\",\n    \"description\": \"Suite Deluxe nel cuore di Arezzo, Toscana. Elegante, silenziosa e dotata di ogni comfort: Wi-Fi gratuito, TV satellitare, bagno privato con vasca idromassaggio e colazione con prodotti tipici toscani.\",\n    \"brand\": {\n        \"@type\": \"Organization\",\n        \"name\": \"Granducato Collection\"\n    },\n    \"offers\": {\n        \"@type\": \"Offer\",\n        \"url\": \"https:\\\/\\\/www.granducatocollection.com\\\/prodotto\\\/suite-deluxe-corso-italia-108\\\/\",\n        \"priceCurrency\": \"EUR\",\n        \"price\": \"149.00\",\n        \"priceValidUntil\": \"2026-12-31\",\n        \"itemCondition\": \"https:\\\/\\\/schema.org\\\/NewCondition\",\n        \"availability\": \"https:\\\/\\\/schema.org\\\/InStock\",\n        \"seller\": {\n            \"@type\": \"Organization\",\n            \"name\": \"Granducato Collection\"\n        }\n    },\n    \"sku\": \"SUITE-DELUXE-CORSO-ITALIA-108\"\n}<\/script><\/p>\n<h1>Svit Deluxe \u2013 Corso Italia 108, Arezzo<\/h1>\n<h2>Diskret elegans i hj\u00e4rtat av Toscana<\/h2>\n<p class=\"translation-block\">**Deluxe-sviten p\u00e5 Corso Italia 108** \u00e4r en elegant oas i Arezzos historiska centrum, perfekt f\u00f6r dig som s\u00f6ker en kompromissl\u00f6s vistelse av h\u00f6g kvalitet. Denna svit \u00e4r noggrant designad av **Granducato Collection** och kombinerar diskret design, modern komfort och en k\u00e4nsla f\u00f6r detaljer som g\u00f6r varje \u00f6gonblick of\u00f6rgl\u00f6mligt.<\/p>\n<h3>Komfort och service f\u00f6r en perfekt vistelse<\/h3>\n<p class=\"translation-block\">Varje detalj \u00e4r utformad f\u00f6r ditt v\u00e4lbefinnande:<br>\n\u2705 <strong>Gratis Wi-Fi<\/strong> och <strong>satellit-TV<\/strong> f\u00f6r att h\u00e5lla dig uppkopplad<br>\n\u2705 <strong>Minibar p\u00e5 beg\u00e4ran<\/strong> och ett mysigt vardagsrum<br>\n\u2705 <strong>Eget badrum<\/strong> med dusch eller <strong>bubbelbadkar<\/strong>, gratis toalettartiklar och h\u00e5rtork<br>\n\u2705 M\u00f6jlighet att boka <strong>frukost i en restaurang utanf\u00f6r hotellet<\/strong> med <strong>typiska toskanska produkter<\/strong><\/p>\n<h3>Strategiskt l\u00e4ge, autentisk upplevelse<\/h3>\n<p class=\"translation-block\">Bara n\u00e5gra steg fr\u00e5n Piazza Grande, Duomo och hantverksverkst\u00e4der, l\u00e5ter Deluxe-sviten dig uppleva Arezzo som en sann lokalinv\u00e5nare. Perfekt f\u00f6r romantiska par, yrkesverksamma som arbetar hemifr\u00e5n eller kulturresen\u00e4rer, f\u00f6rkroppsligar denna fastighet Granducato Collections filosofi \"osynlig men n\u00e4rvarande\": absolut diskretion, med personlig assistans tillg\u00e4nglig dygnet runt.<\/p>","protected":false},"excerpt":{"rendered":"<h1 data-start=\"796\" data-end=\"859\" data-fontsize=\"24\" data-lineheight=\"26.64px\">Svit Deluxe med jacuzzi<\/h1>\n<h3 class=\"fusion-responsive-typography-calculated\" data-start=\"796\" data-end=\"859\" data-fontsize=\"24\" data-lineheight=\"26.64px\"><strong data-start=\"800\" data-end=\"857\">Komfort och service f\u00f6r en perfekt vistelse i Arezzo<\/strong><\/h3>\n<p data-start=\"860\" data-end=\"1156\" class=\"translation-block\">V\u00e5ra v\u00e4lkomnande och omsorgsfullt designade rum erbjuder:<br data-start=\"921\" data-end=\"924\">\u2705\u00a0<strong data-start=\"926\" data-end=\"944\">Gratis Wi-Fi<\/strong>\u00a0och\u00a0<strong data-start=\"947\" data-end=\"965\">Satellit-TV<\/strong>\u00a0f\u00f6r maximal anslutning<br data-start=\"999\" data-end=\"1002\">\u2705\u00a0<strong data-start=\"1004\" data-end=\"1028\">Minibar p\u00e5 beg\u00e4ran<\/strong>\u00a0och ett vardagsrum f\u00f6r avkoppling<br data-start=\"1065\" data-end=\"1068\">\u2705\u00a0<strong data-start=\"1070\" data-end=\"1120\">Eget badrum med dusch eller hydromassagebadkar<\/strong>, gratis toalettartiklar och h\u00e5rtork<\/p>\n<p data-start=\"1158\" data-end=\"1278\" class=\"translation-block\">F\u00f6r att b\u00f6rja dagen p\u00e5 r\u00e4tt s\u00e4tt kan du boka frukost p\u00e5 en extern restaurang, som serverar typiska toskanska produkter.<\/p>\n<p><a style=\"text-decoration: none; display: inline-flex; align-items: center; color: #159c7f; font-weight: 600;\" href=\"https:\/\/wa.me\/3772539581\" target=\"_blank\" rel=\"noopener noreferrer\"><br \/>\n<img decoding=\"async\" style=\"width: 24px; height: 24px; margin-right: 8px;\" src=\"https:\/\/upload.wikimedia.org\/wikipedia\/commons\/6\/6b\/WhatsApp.svg\" alt=\"WhatsApp Icon\" \/><br \/>\nBoka direkt p\u00e5 WhatsApp<br \/>\n<\/a><\/p>","protected":false},"featured_media":6515,"template":"","meta":{"_acf_changed":false},"product_brand":[764],"product_cat":[80],"product_tag":[623,637,634,620,630,632,640,578,160,449,633,638,635,377,631,176,639,641,177,636],"class_list":{"0":"post-6514","1":"product","2":"type-product","3":"status-publish","4":"has-post-thumbnail","6":"product_brand-granducato-collection","7":"product_cat-soggiorni-e-degustazioni","8":"product_tag-adatto-a-coppie","9":"product_tag-aria-condizionata","10":"product_tag-arredi-di-pregio","11":"product_tag-bagno-privato","12":"product_tag-camera-di-lusso","13":"product_tag-centro-citta","14":"product_tag-check-in-veloce","15":"product_tag-check-out-flessibile","16":"product_tag-colazione-inclusa","17":"product_tag-corso-italia-108","18":"product_tag-design-moderno","19":"product_tag-doccia-idromassaggio","20":"product_tag-servizio-concierge","21":"product_tag-soggiorno-business","22":"product_tag-soggiorno-elegante","23":"product_tag-suite-deluxe","24":"product_tag-terrazza-privata","25":"product_tag-viaggio-romantico","26":"product_tag-vista-panoramica","27":"product_tag-wi-fi-gratuito","29":"first","30":"instock","31":"shipping-taxable","32":"product-type-simple"},"acf":[],"yoast_head":"<!-- This site is optimized with the Yoast SEO plugin v26.7 - https:\/\/yoast.com\/wordpress\/plugins\/seo\/ -->\n<title>Suite Deluxe con Jacuzzi \u2013 Corso Italia 108, Arezzo | Granducato Collection - Granducato Collection<\/title>\n<meta name=\"robots\" content=\"index, follow, max-snippet:-1, max-image-preview:large, max-video-preview:-1\" \/>\n<link rel=\"canonical\" href=\"https:\/\/www.granducatocollection.com\/sv\/product\/suite-deluxe-corso-italia-108\/\" \/>\n<meta property=\"og:locale\" content=\"sv_SE\" \/>\n<meta property=\"og:type\" content=\"article\" \/>\n<meta property=\"og:title\" content=\"Suite Deluxe con Jacuzzi \u2013 Corso Italia 108, Arezzo | Granducato Collection - Granducato Collection\" \/>\n<meta property=\"og:description\" content=\"Suite Deluxe con Jacuzzi Comfort e Servizi per un Soggiorno Perfetto ad Arezzo Le nostre camere, accoglienti e curate nei dettagli, offrono:\u2705\u00a0Wi-Fi gratuito\u00a0e\u00a0TV satellitare\u00a0per il massimo della connettivit\u00e0\u2705\u00a0Minibar su richiesta\u00a0e un angolo soggiorno per rilassarti\u2705\u00a0Bagno privato con doccia o vasca idromassaggio, set di cortesia e asciugacapelli Per iniziare la giornata al meglio, puoi prenotare la\u00a0colazione in un locale esterno, con prodotti tipici toscani.   Prenota direttamente su WhatsApp\" \/>\n<meta property=\"og:url\" content=\"https:\/\/www.granducatocollection.com\/sv\/product\/suite-deluxe-corso-italia-108\/\" \/>\n<meta property=\"og:site_name\" content=\"Granducato Collection\" \/>\n<meta property=\"article:modified_time\" content=\"2026-02-27T14:06:28+00:00\" \/>\n<meta property=\"og:image\" content=\"https:\/\/www.granducatocollection.com\/wp-content\/uploads\/2025\/04\/Suite_Deluxe_Corso_Italia_108_granducatogestioni_arezzo_firenze_toscana_4.jpg\" \/>\n\t<meta property=\"og:image:width\" content=\"600\" \/>\n\t<meta property=\"og:image:height\" content=\"450\" \/>\n\t<meta property=\"og:image:type\" content=\"image\/jpeg\" \/>\n<meta name=\"twitter:card\" content=\"summary_large_image\" \/>\n<meta name=\"twitter:label1\" content=\"Ber\u00e4knad l\u00e4stid\" \/>\n\t<meta name=\"twitter:data1\" content=\"2 minuter\" \/>\n<script type=\"application\/ld+json\" class=\"yoast-schema-graph\">{\"@context\":\"https:\/\/schema.org\",\"@graph\":[{\"@type\":\"WebPage\",\"@id\":\"https:\/\/www.granducatocollection.com\/prodotto\/suite-deluxe-corso-italia-108\/\",\"url\":\"https:\/\/www.granducatocollection.com\/prodotto\/suite-deluxe-corso-italia-108\/\",\"name\":\"Suite Deluxe con Jacuzzi \u2013 Corso Italia 108, Arezzo | Granducato Collection - Granducato Collection\",\"isPartOf\":{\"@id\":\"https:\/\/www.granducatocollection.com\/#website\"},\"primaryImageOfPage\":{\"@id\":\"https:\/\/www.granducatocollection.com\/prodotto\/suite-deluxe-corso-italia-108\/#primaryimage\"},\"image\":{\"@id\":\"https:\/\/www.granducatocollection.com\/prodotto\/suite-deluxe-corso-italia-108\/#primaryimage\"},\"thumbnailUrl\":\"https:\/\/www.granducatocollection.com\/wp-content\/uploads\/2025\/04\/Suite_Deluxe_Corso_Italia_108_granducatogestioni_arezzo_firenze_toscana_4.jpg\",\"datePublished\":\"2025-04-11T11:37:38+00:00\",\"dateModified\":\"2026-02-27T14:06:28+00:00\",\"breadcrumb\":{\"@id\":\"https:\/\/www.granducatocollection.com\/prodotto\/suite-deluxe-corso-italia-108\/#breadcrumb\"},\"inLanguage\":\"sv-SE\",\"potentialAction\":[{\"@type\":\"ReadAction\",\"target\":[\"https:\/\/www.granducatocollection.com\/prodotto\/suite-deluxe-corso-italia-108\/\"]}]},{\"@type\":\"ImageObject\",\"inLanguage\":\"sv-SE\",\"@id\":\"https:\/\/www.granducatocollection.com\/prodotto\/suite-deluxe-corso-italia-108\/#primaryimage\",\"url\":\"https:\/\/www.granducatocollection.com\/wp-content\/uploads\/2025\/04\/Suite_Deluxe_Corso_Italia_108_granducatogestioni_arezzo_firenze_toscana_4.jpg\",\"contentUrl\":\"https:\/\/www.granducatocollection.com\/wp-content\/uploads\/2025\/04\/Suite_Deluxe_Corso_Italia_108_granducatogestioni_arezzo_firenze_toscana_4.jpg\",\"width\":600,\"height\":450},{\"@type\":\"BreadcrumbList\",\"@id\":\"https:\/\/www.granducatocollection.com\/prodotto\/suite-deluxe-corso-italia-108\/#breadcrumb\",\"itemListElement\":[{\"@type\":\"ListItem\",\"position\":1,\"name\":\"Home\",\"item\":\"https:\/\/www.granducatocollection.com\/\"},{\"@type\":\"ListItem\",\"position\":2,\"name\":\"Shop\",\"item\":\"https:\/\/www.granducatocollection.com\/negozio\/\"},{\"@type\":\"ListItem\",\"position\":3,\"name\":\"Suite Deluxe con Jacuzzi \u2013 Corso Italia 108, Arezzo | Granducato Collection\"}]},{\"@type\":\"WebSite\",\"@id\":\"https:\/\/www.granducatocollection.com\/#website\",\"url\":\"https:\/\/www.granducatocollection.com\/\",\"name\":\"GranDucato Collection\",\"description\":\"Prenota la tua vacanza e vivi un&#039;esperienza unica\",\"potentialAction\":[{\"@type\":\"SearchAction\",\"target\":{\"@type\":\"EntryPoint\",\"urlTemplate\":\"https:\/\/www.granducatocollection.com\/?s={search_term_string}\"},\"query-input\":{\"@type\":\"PropertyValueSpecification\",\"valueRequired\":true,\"valueName\":\"search_term_string\"}}],\"inLanguage\":\"sv-SE\"}]}<\/script>\n<!-- \/ Yoast SEO plugin. -->","yoast_head_json":{"title":"Suite Deluxe con Jacuzzi \u2013 Corso Italia 108, Arezzo | Granducato Collection - Granducato Collection","robots":{"index":"index","follow":"follow","max-snippet":"max-snippet:-1","max-image-preview":"max-image-preview:large","max-video-preview":"max-video-preview:-1"},"canonical":"https:\/\/www.granducatocollection.com\/sv\/product\/suite-deluxe-corso-italia-108\/","og_locale":"sv_SE","og_type":"article","og_title":"Suite Deluxe con Jacuzzi \u2013 Corso Italia 108, Arezzo | Granducato Collection - Granducato Collection","og_description":"Suite Deluxe con Jacuzzi Comfort e Servizi per un Soggiorno Perfetto ad Arezzo Le nostre camere, accoglienti e curate nei dettagli, offrono:\u2705\u00a0Wi-Fi gratuito\u00a0e\u00a0TV satellitare\u00a0per il massimo della connettivit\u00e0\u2705\u00a0Minibar su richiesta\u00a0e un angolo soggiorno per rilassarti\u2705\u00a0Bagno privato con doccia o vasca idromassaggio, set di cortesia e asciugacapelli Per iniziare la giornata al meglio, puoi prenotare la\u00a0colazione in un locale esterno, con prodotti tipici toscani.   Prenota direttamente su WhatsApp","og_url":"https:\/\/www.granducatocollection.com\/sv\/product\/suite-deluxe-corso-italia-108\/","og_site_name":"Granducato Collection","article_modified_time":"2026-02-27T14:06:28+00:00","og_image":[{"width":600,"height":450,"url":"https:\/\/www.granducatocollection.com\/wp-content\/uploads\/2025\/04\/Suite_Deluxe_Corso_Italia_108_granducatogestioni_arezzo_firenze_toscana_4.jpg","type":"image\/jpeg"}],"twitter_card":"summary_large_image","twitter_misc":{"Ber\u00e4knad l\u00e4stid":"2 minuter"},"schema":{"@context":"https:\/\/schema.org","@graph":[{"@type":"WebPage","@id":"https:\/\/www.granducatocollection.com\/prodotto\/suite-deluxe-corso-italia-108\/","url":"https:\/\/www.granducatocollection.com\/prodotto\/suite-deluxe-corso-italia-108\/","name":"Suite Deluxe con Jacuzzi \u2013 Corso Italia 108, Arezzo | Granducato Collection - Granducato Collection","isPartOf":{"@id":"https:\/\/www.granducatocollection.com\/#website"},"primaryImageOfPage":{"@id":"https:\/\/www.granducatocollection.com\/prodotto\/suite-deluxe-corso-italia-108\/#primaryimage"},"image":{"@id":"https:\/\/www.granducatocollection.com\/prodotto\/suite-deluxe-corso-italia-108\/#primaryimage"},"thumbnailUrl":"https:\/\/www.granducatocollection.com\/wp-content\/uploads\/2025\/04\/Suite_Deluxe_Corso_Italia_108_granducatogestioni_arezzo_firenze_toscana_4.jpg","datePublished":"2025-04-11T11:37:38+00:00","dateModified":"2026-02-27T14:06:28+00:00","breadcrumb":{"@id":"https:\/\/www.granducatocollection.com\/prodotto\/suite-deluxe-corso-italia-108\/#breadcrumb"},"inLanguage":"sv-SE","potentialAction":[{"@type":"ReadAction","target":["https:\/\/www.granducatocollection.com\/prodotto\/suite-deluxe-corso-italia-108\/"]}]},{"@type":"ImageObject","inLanguage":"sv-SE","@id":"https:\/\/www.granducatocollection.com\/prodotto\/suite-deluxe-corso-italia-108\/#primaryimage","url":"https:\/\/www.granducatocollection.com\/wp-content\/uploads\/2025\/04\/Suite_Deluxe_Corso_Italia_108_granducatogestioni_arezzo_firenze_toscana_4.jpg","contentUrl":"https:\/\/www.granducatocollection.com\/wp-content\/uploads\/2025\/04\/Suite_Deluxe_Corso_Italia_108_granducatogestioni_arezzo_firenze_toscana_4.jpg","width":600,"height":450},{"@type":"BreadcrumbList","@id":"https:\/\/www.granducatocollection.com\/prodotto\/suite-deluxe-corso-italia-108\/#breadcrumb","itemListElement":[{"@type":"ListItem","position":1,"name":"Home","item":"https:\/\/www.granducatocollection.com\/"},{"@type":"ListItem","position":2,"name":"Shop","item":"https:\/\/www.granducatocollection.com\/negozio\/"},{"@type":"ListItem","position":3,"name":"Suite Deluxe con Jacuzzi \u2013 Corso Italia 108, Arezzo | Granducato Collection"}]},{"@type":"WebSite","@id":"https:\/\/www.granducatocollection.com\/#website","url":"https:\/\/www.granducatocollection.com\/","name":"GranDucato Collection","description":"Prenota la tua vacanza e vivi un&#039;esperienza unica","potentialAction":[{"@type":"SearchAction","target":{"@type":"EntryPoint","urlTemplate":"https:\/\/www.granducatocollection.com\/?s={search_term_string}"},"query-input":{"@type":"PropertyValueSpecification","valueRequired":true,"valueName":"search_term_string"}}],"inLanguage":"sv-SE"}]}},"_links":{"self":[{"href":"https:\/\/www.granducatocollection.com\/sv\/wp-json\/wp\/v2\/product\/6514","targetHints":{"allow":["GET"]}}],"collection":[{"href":"https:\/\/www.granducatocollection.com\/sv\/wp-json\/wp\/v2\/product"}],"about":[{"href":"https:\/\/www.granducatocollection.com\/sv\/wp-json\/wp\/v2\/types\/product"}],"wp:featuredmedia":[{"embeddable":true,"href":"https:\/\/www.granducatocollection.com\/sv\/wp-json\/wp\/v2\/media\/6515"}],"wp:attachment":[{"href":"https:\/\/www.granducatocollection.com\/sv\/wp-json\/wp\/v2\/media?parent=6514"}],"wp:term":[{"taxonomy":"product_brand","embeddable":true,"href":"https:\/\/www.granducatocollection.com\/sv\/wp-json\/wp\/v2\/product_brand?post=6514"},{"taxonomy":"product_cat","embeddable":true,"href":"https:\/\/www.granducatocollection.com\/sv\/wp-json\/wp\/v2\/product_cat?post=6514"},{"taxonomy":"product_tag","embeddable":true,"href":"https:\/\/www.granducatocollection.com\/sv\/wp-json\/wp\/v2\/product_tag?post=6514"}],"curies":[{"name":"wp","href":"https:\/\/api.w.org\/{rel}","templated":true}]}}