{"id":6474,"date":"2025-04-10T10:33:59","date_gmt":"2025-04-10T10:33:59","guid":{"rendered":"https:\/\/www.granducatocollection.com\/?post_type=product&#038;p=6474"},"modified":"2026-04-06T10:49:44","modified_gmt":"2026-04-06T10:49:44","slug":"pappa-al-pomodoro-ribollita-pesche-sciroppate","status":"publish","type":"product","link":"https:\/\/www.granducatocollection.com\/sv\/product\/pappa-al-pomodoro-ribollita-pesche-sciroppate\/","title":{"rendered":"Toskanska f\u00e4rdigmat \u2013 Ribollita, Pappa al Pomodoro och persikor i sirap | Borgunto"},"content":{"rendered":"<p><script type=\"application\/ld+json\">{\n    \"@context\": \"https:\\\/\\\/schema.org\",\n    \"@type\": \"Product\",\n    \"@id\": \"https:\\\/\\\/www.granducatocollection.com\\\/prodotto\\\/pappa-al-pomodoro-ribollita-pesche-sciroppate\\\/\",\n    \"name\": \"Set Tradizione Toscana \\u2013 Pappa al Pomodoro, Ribollita e Pesche Sciroppate\",\n    \"image\": \"https:\\\/\\\/www.granducatocollection.com\\\/wp-content\\\/uploads\\\/2026\\\/01\\\/set-tradizione-toscana-borgunto.jpg\",\n    \"description\": \"Set di specialit\\u00e0 toscane artigianali: pappa al pomodoro, ribollita toscana e pesche sciroppate. Prodotto ad Arezzo da Borgunto, perfetto come regalo gourmet o per assaporare la vera cucina contadina toscana a casa.\",\n    \"brand\": {\n        \"@type\": \"Organization\",\n        \"name\": \"Borgunto\"\n    },\n    \"offers\": {\n        \"@type\": \"Offer\",\n        \"url\": \"https:\\\/\\\/www.granducatocollection.com\\\/prodotto\\\/pappa-al-pomodoro-ribollita-pesche-sciroppate\\\/\",\n        \"priceCurrency\": \"EUR\",\n        \"price\": \"32.00\",\n        \"itemCondition\": \"https:\\\/\\\/schema.org\\\/NewCondition\",\n        \"availability\": \"https:\\\/\\\/schema.org\\\/InStock\",\n        \"seller\": {\n            \"@type\": \"Organization\",\n            \"name\": \"Granducato Collection\"\n        }\n    },\n    \"sku\": \"SET-TRADIZIONE-TOSCANA\"\n}<\/script><\/p>\n<h1>Toskansk traditionsupps\u00e4ttning \u2013 Pappa al Pomodoro, Ribollita och persikor i sirap<\/h1>\n<h2>Hantverksm\u00e4ssiga specialiteter fr\u00e5n toskansk bondk\u00f6k, tillagade i Arezzo<\/h2>\n<p class=\"translation-block\">Denna exklusiva upps\u00e4ttning sammanf\u00f6r tre h\u00f6rnstenar fr\u00e5n toskansk bondk\u00f6k: pappa al pomodoro (med mogna tomater, toskanskt br\u00f6d och basilika), toskansk ribollita (rik p\u00e5 svartk\u00e5l, b\u00f6nor och gammalt br\u00f6d) och hantverksm\u00e4ssigt tillverkade persikor i sirap, sk\u00f6rdade fr\u00e5n frukttr\u00e4dg\u00e5rdarna i Chianti-omr\u00e5det n\u00e4ra Arezzo. Varje r\u00e4tt tillagas av Borgonto i Arezzo med lokala ingredienser, traditionella metoder och utan konserveringsmedel.<\/p>\n<h3>Klar att v\u00e4rmas, perfekt f\u00f6r en autentisk upplevelse hemma<\/h3>\n<p class=\"translation-block\">F\u00f6rpackade i individuella portioner och redo att v\u00e4rmas, tar dessa r\u00e4tter dig direkt till bordet i ett toskanskt hem. Perfekt f\u00f6r avslappnade middagar, romantiska middagar eller helt enkelt f\u00f6r att njuta av Toscanas autentiska smaker.<\/p>\n<h3>En gourmetg\u00e5va som hyllar Granducato-kollektionen<\/h3>\n<p class=\"translation-block\">Elegant och meningsfullt, detta set \u00e4r ocks\u00e5 en sl\u00e5ende toskansk gourmetg\u00e5va. Perfekt till jul, \u00e5rsdagar eller f\u00f6r att \u00f6verraska en mat\u00e4lskare. En hyllning till landet, traditionen och f\u00f6rtr\u00e4ffligheten hos Granducato-kollektionen.<\/p>","protected":false},"excerpt":{"rendered":"<h1>Fiskel\u00e5da, Ribollita, Tomatsoppa<\/h1>\n<p class=\"translation-block\">En samling toskanska delikatesser: <strong>pappa al pomodoro<\/strong>, <strong>toscansk ribollita<\/strong> och <strong>persikor i hemgjord sirap<\/strong>. Tillagat av <strong>Borgunto<\/strong> i <strong>Arezzo<\/strong> med lokala ingredienser och enligt traditionella metoder. Perfekt f\u00f6r att njuta av <strong>toskansk bondk\u00f6k<\/strong> hemma eller som en autentisk <strong>gourmetpresent<\/strong>.<\/p>","protected":false},"featured_media":6475,"template":"","meta":{"_acf_changed":false},"product_brand":[764],"product_cat":[843],"product_tag":[695,694,690,687,688,685,560,318,280,686,691,233,584,689,247,684,130,665,693,692],"class_list":{"0":"post-6474","1":"product","2":"type-product","3":"status-publish","4":"has-post-thumbnail","6":"product_brand-granducato-collection","7":"product_cat-box-e-degustazioni","8":"product_tag-autentico-sapore-toscano","9":"product_tag-box-regionale","10":"product_tag-cibo-della-nonna","11":"product_tag-comfort-food","12":"product_tag-conserve-artigianali","13":"product_tag-cucina-toscana","14":"product_tag-made-in-italy","15":"product_tag-pappa-al-pomodoro","16":"product_tag-pesche-sciroppate","17":"product_tag-piatti-tradizionali","18":"product_tag-prodotti-genuini","19":"product_tag-prodotti-italiani","20":"product_tag-prodotti-tipici","21":"product_tag-pronti-da-scaldare","22":"product_tag-regalo-enogastronomico","23":"product_tag-ribollita","24":"product_tag-senza-conservanti","25":"product_tag-specialita-regionali","26":"product_tag-street-food-gourmet","27":"product_tag-vegetariano","29":"first","30":"instock","31":"shipping-taxable","32":"purchasable","33":"product-type-simple"},"acf":[],"yoast_head":"<!-- This site is optimized with the Yoast SEO plugin v26.7 - https:\/\/yoast.com\/wordpress\/plugins\/seo\/ -->\n<title>B&amp;B Arezzo - Piatti Pronti Toscani \u2013 Ribollita, Pappa al Pomodoro e Pesche Sciroppate | Borgunto - Granducato Collection<\/title>\n<meta name=\"description\" content=\"Scopri la tradizione toscana con la nostra Pappa al Pomodoro, Ribollita e Pesche Sciroppate \u2013 qualit\u00e0 artigianale su granducatocollection.com. Ordina ora!\" \/>\n<meta name=\"robots\" content=\"index, follow, max-snippet:-1, max-image-preview:large, max-video-preview:-1\" \/>\n<link rel=\"canonical\" href=\"https:\/\/www.granducatocollection.com\/sv\/product\/pappa-al-pomodoro-ribollita-pesche-sciroppate\/\" \/>\n<meta property=\"og:locale\" content=\"sv_SE\" \/>\n<meta property=\"og:type\" content=\"article\" \/>\n<meta property=\"og:title\" content=\"B&amp;B Arezzo - Piatti Pronti Toscani \u2013 Ribollita, Pappa al Pomodoro e Pesche Sciroppate | Borgunto - Granducato Collection\" \/>\n<meta property=\"og:description\" content=\"Scopri la tradizione toscana con la nostra Pappa al Pomodoro, Ribollita e Pesche Sciroppate \u2013 qualit\u00e0 artigianale su granducatocollection.com. Ordina ora!\" \/>\n<meta property=\"og:url\" content=\"https:\/\/www.granducatocollection.com\/sv\/product\/pappa-al-pomodoro-ribollita-pesche-sciroppate\/\" \/>\n<meta property=\"og:site_name\" content=\"Granducato Collection\" \/>\n<meta property=\"article:modified_time\" content=\"2026-04-06T10:49:44+00:00\" \/>\n<meta property=\"og:image\" content=\"https:\/\/www.granducatocollection.com\/wp-content\/uploads\/2025\/04\/pappa_al_pomodoro-ribollita_toscana_pesche_sciroppate_granducatocollection_borgunto_arezzo_toscana_viareggio_alloggi_bb.jpg\" \/>\n\t<meta property=\"og:image:width\" content=\"1600\" \/>\n\t<meta property=\"og:image:height\" content=\"1067\" \/>\n\t<meta property=\"og:image:type\" content=\"image\/jpeg\" \/>\n<meta name=\"twitter:card\" content=\"summary_large_image\" \/>\n<meta name=\"twitter:label1\" content=\"Ber\u00e4knad l\u00e4stid\" \/>\n\t<meta name=\"twitter:data1\" content=\"2 minuter\" \/>\n<script type=\"application\/ld+json\" class=\"yoast-schema-graph\">{\"@context\":\"https:\/\/schema.org\",\"@graph\":[{\"@type\":\"WebPage\",\"@id\":\"https:\/\/www.granducatocollection.com\/prodotto\/pappa-al-pomodoro-ribollita-pesche-sciroppate\/\",\"url\":\"https:\/\/www.granducatocollection.com\/prodotto\/pappa-al-pomodoro-ribollita-pesche-sciroppate\/\",\"name\":\"B&B Arezzo - Piatti Pronti Toscani \u2013 Ribollita, Pappa al Pomodoro e Pesche Sciroppate | Borgunto - Granducato Collection\",\"isPartOf\":{\"@id\":\"https:\/\/www.granducatocollection.com\/#website\"},\"primaryImageOfPage\":{\"@id\":\"https:\/\/www.granducatocollection.com\/prodotto\/pappa-al-pomodoro-ribollita-pesche-sciroppate\/#primaryimage\"},\"image\":{\"@id\":\"https:\/\/www.granducatocollection.com\/prodotto\/pappa-al-pomodoro-ribollita-pesche-sciroppate\/#primaryimage\"},\"thumbnailUrl\":\"https:\/\/www.granducatocollection.com\/wp-content\/uploads\/2025\/04\/pappa_al_pomodoro-ribollita_toscana_pesche_sciroppate_granducatocollection_borgunto_arezzo_toscana_viareggio_alloggi_bb.jpg\",\"datePublished\":\"2025-04-10T10:33:59+00:00\",\"dateModified\":\"2026-04-06T10:49:44+00:00\",\"description\":\"Scopri la tradizione toscana con la nostra Pappa al Pomodoro, Ribollita e Pesche Sciroppate \u2013 qualit\u00e0 artigianale su granducatocollection.com. Ordina ora!\",\"breadcrumb\":{\"@id\":\"https:\/\/www.granducatocollection.com\/prodotto\/pappa-al-pomodoro-ribollita-pesche-sciroppate\/#breadcrumb\"},\"inLanguage\":\"sv-SE\",\"potentialAction\":[{\"@type\":\"ReadAction\",\"target\":[\"https:\/\/www.granducatocollection.com\/prodotto\/pappa-al-pomodoro-ribollita-pesche-sciroppate\/\"]}]},{\"@type\":\"ImageObject\",\"inLanguage\":\"sv-SE\",\"@id\":\"https:\/\/www.granducatocollection.com\/prodotto\/pappa-al-pomodoro-ribollita-pesche-sciroppate\/#primaryimage\",\"url\":\"https:\/\/www.granducatocollection.com\/wp-content\/uploads\/2025\/04\/pappa_al_pomodoro-ribollita_toscana_pesche_sciroppate_granducatocollection_borgunto_arezzo_toscana_viareggio_alloggi_bb.jpg\",\"contentUrl\":\"https:\/\/www.granducatocollection.com\/wp-content\/uploads\/2025\/04\/pappa_al_pomodoro-ribollita_toscana_pesche_sciroppate_granducatocollection_borgunto_arezzo_toscana_viareggio_alloggi_bb.jpg\",\"width\":1600,\"height\":1067},{\"@type\":\"BreadcrumbList\",\"@id\":\"https:\/\/www.granducatocollection.com\/prodotto\/pappa-al-pomodoro-ribollita-pesche-sciroppate\/#breadcrumb\",\"itemListElement\":[{\"@type\":\"ListItem\",\"position\":1,\"name\":\"Home\",\"item\":\"https:\/\/www.granducatocollection.com\/\"},{\"@type\":\"ListItem\",\"position\":2,\"name\":\"Shop\",\"item\":\"https:\/\/www.granducatocollection.com\/negozio\/\"},{\"@type\":\"ListItem\",\"position\":3,\"name\":\"Piatti Pronti Toscani \u2013 Ribollita, Pappa al Pomodoro e Pesche Sciroppate | Borgunto\"}]},{\"@type\":\"WebSite\",\"@id\":\"https:\/\/www.granducatocollection.com\/#website\",\"url\":\"https:\/\/www.granducatocollection.com\/\",\"name\":\"GranDucato Collection\",\"description\":\"Prenota la tua vacanza e vivi un&#039;esperienza unica\",\"potentialAction\":[{\"@type\":\"SearchAction\",\"target\":{\"@type\":\"EntryPoint\",\"urlTemplate\":\"https:\/\/www.granducatocollection.com\/?s={search_term_string}\"},\"query-input\":{\"@type\":\"PropertyValueSpecification\",\"valueRequired\":true,\"valueName\":\"search_term_string\"}}],\"inLanguage\":\"sv-SE\"}]}<\/script>\n<!-- \/ Yoast SEO plugin. -->","yoast_head_json":{"title":"B&B Arezzo - Piatti Pronti Toscani \u2013 Ribollita, Pappa al Pomodoro e Pesche Sciroppate | Borgunto - Granducato Collection","description":"Scopri la tradizione toscana con la nostra Pappa al Pomodoro, Ribollita e Pesche Sciroppate \u2013 qualit\u00e0 artigianale su granducatocollection.com. Ordina ora!","robots":{"index":"index","follow":"follow","max-snippet":"max-snippet:-1","max-image-preview":"max-image-preview:large","max-video-preview":"max-video-preview:-1"},"canonical":"https:\/\/www.granducatocollection.com\/sv\/product\/pappa-al-pomodoro-ribollita-pesche-sciroppate\/","og_locale":"sv_SE","og_type":"article","og_title":"B&B Arezzo - Piatti Pronti Toscani \u2013 Ribollita, Pappa al Pomodoro e Pesche Sciroppate | Borgunto - Granducato Collection","og_description":"Scopri la tradizione toscana con la nostra Pappa al Pomodoro, Ribollita e Pesche Sciroppate \u2013 qualit\u00e0 artigianale su granducatocollection.com. Ordina ora!","og_url":"https:\/\/www.granducatocollection.com\/sv\/product\/pappa-al-pomodoro-ribollita-pesche-sciroppate\/","og_site_name":"Granducato Collection","article_modified_time":"2026-04-06T10:49:44+00:00","og_image":[{"width":1600,"height":1067,"url":"https:\/\/www.granducatocollection.com\/wp-content\/uploads\/2025\/04\/pappa_al_pomodoro-ribollita_toscana_pesche_sciroppate_granducatocollection_borgunto_arezzo_toscana_viareggio_alloggi_bb.jpg","type":"image\/jpeg"}],"twitter_card":"summary_large_image","twitter_misc":{"Ber\u00e4knad l\u00e4stid":"2 minuter"},"schema":{"@context":"https:\/\/schema.org","@graph":[{"@type":"WebPage","@id":"https:\/\/www.granducatocollection.com\/prodotto\/pappa-al-pomodoro-ribollita-pesche-sciroppate\/","url":"https:\/\/www.granducatocollection.com\/prodotto\/pappa-al-pomodoro-ribollita-pesche-sciroppate\/","name":"B&B Arezzo - Piatti Pronti Toscani \u2013 Ribollita, Pappa al Pomodoro e Pesche Sciroppate | Borgunto - Granducato Collection","isPartOf":{"@id":"https:\/\/www.granducatocollection.com\/#website"},"primaryImageOfPage":{"@id":"https:\/\/www.granducatocollection.com\/prodotto\/pappa-al-pomodoro-ribollita-pesche-sciroppate\/#primaryimage"},"image":{"@id":"https:\/\/www.granducatocollection.com\/prodotto\/pappa-al-pomodoro-ribollita-pesche-sciroppate\/#primaryimage"},"thumbnailUrl":"https:\/\/www.granducatocollection.com\/wp-content\/uploads\/2025\/04\/pappa_al_pomodoro-ribollita_toscana_pesche_sciroppate_granducatocollection_borgunto_arezzo_toscana_viareggio_alloggi_bb.jpg","datePublished":"2025-04-10T10:33:59+00:00","dateModified":"2026-04-06T10:49:44+00:00","description":"Scopri la tradizione toscana con la nostra Pappa al Pomodoro, Ribollita e Pesche Sciroppate \u2013 qualit\u00e0 artigianale su granducatocollection.com. Ordina ora!","breadcrumb":{"@id":"https:\/\/www.granducatocollection.com\/prodotto\/pappa-al-pomodoro-ribollita-pesche-sciroppate\/#breadcrumb"},"inLanguage":"sv-SE","potentialAction":[{"@type":"ReadAction","target":["https:\/\/www.granducatocollection.com\/prodotto\/pappa-al-pomodoro-ribollita-pesche-sciroppate\/"]}]},{"@type":"ImageObject","inLanguage":"sv-SE","@id":"https:\/\/www.granducatocollection.com\/prodotto\/pappa-al-pomodoro-ribollita-pesche-sciroppate\/#primaryimage","url":"https:\/\/www.granducatocollection.com\/wp-content\/uploads\/2025\/04\/pappa_al_pomodoro-ribollita_toscana_pesche_sciroppate_granducatocollection_borgunto_arezzo_toscana_viareggio_alloggi_bb.jpg","contentUrl":"https:\/\/www.granducatocollection.com\/wp-content\/uploads\/2025\/04\/pappa_al_pomodoro-ribollita_toscana_pesche_sciroppate_granducatocollection_borgunto_arezzo_toscana_viareggio_alloggi_bb.jpg","width":1600,"height":1067},{"@type":"BreadcrumbList","@id":"https:\/\/www.granducatocollection.com\/prodotto\/pappa-al-pomodoro-ribollita-pesche-sciroppate\/#breadcrumb","itemListElement":[{"@type":"ListItem","position":1,"name":"Home","item":"https:\/\/www.granducatocollection.com\/"},{"@type":"ListItem","position":2,"name":"Shop","item":"https:\/\/www.granducatocollection.com\/negozio\/"},{"@type":"ListItem","position":3,"name":"Piatti Pronti Toscani \u2013 Ribollita, Pappa al Pomodoro e Pesche Sciroppate | Borgunto"}]},{"@type":"WebSite","@id":"https:\/\/www.granducatocollection.com\/#website","url":"https:\/\/www.granducatocollection.com\/","name":"GranDucato Collection","description":"Prenota la tua vacanza e vivi un&#039;esperienza unica","potentialAction":[{"@type":"SearchAction","target":{"@type":"EntryPoint","urlTemplate":"https:\/\/www.granducatocollection.com\/?s={search_term_string}"},"query-input":{"@type":"PropertyValueSpecification","valueRequired":true,"valueName":"search_term_string"}}],"inLanguage":"sv-SE"}]}},"_links":{"self":[{"href":"https:\/\/www.granducatocollection.com\/sv\/wp-json\/wp\/v2\/product\/6474","targetHints":{"allow":["GET"]}}],"collection":[{"href":"https:\/\/www.granducatocollection.com\/sv\/wp-json\/wp\/v2\/product"}],"about":[{"href":"https:\/\/www.granducatocollection.com\/sv\/wp-json\/wp\/v2\/types\/product"}],"wp:featuredmedia":[{"embeddable":true,"href":"https:\/\/www.granducatocollection.com\/sv\/wp-json\/wp\/v2\/media\/6475"}],"wp:attachment":[{"href":"https:\/\/www.granducatocollection.com\/sv\/wp-json\/wp\/v2\/media?parent=6474"}],"wp:term":[{"taxonomy":"product_brand","embeddable":true,"href":"https:\/\/www.granducatocollection.com\/sv\/wp-json\/wp\/v2\/product_brand?post=6474"},{"taxonomy":"product_cat","embeddable":true,"href":"https:\/\/www.granducatocollection.com\/sv\/wp-json\/wp\/v2\/product_cat?post=6474"},{"taxonomy":"product_tag","embeddable":true,"href":"https:\/\/www.granducatocollection.com\/sv\/wp-json\/wp\/v2\/product_tag?post=6474"}],"curies":[{"name":"wp","href":"https:\/\/api.w.org\/{rel}","templated":true}]}}