{"id":6472,"date":"2025-04-10T10:25:23","date_gmt":"2025-04-10T10:25:23","guid":{"rendered":"https:\/\/www.granducatocollection.com\/?post_type=product&#038;p=6472"},"modified":"2026-03-18T11:01:23","modified_gmt":"2026-03-18T11:01:23","slug":"pacchetto-di-prodotti-al-tartufo-borgunto","status":"publish","type":"product","link":"https:\/\/www.granducatocollection.com\/sv\/product\/pacchetto-di-prodotti-al-tartufo-borgunto\/","title":{"rendered":"Gourmettryffelpaket \u2013 Popcorn, honung, sm\u00f6r och majonn\u00e4s | Borgunto"},"content":{"rendered":"<p><script type=\"application\/ld+json\">{\n    \"@context\": \"https:\\\/\\\/schema.org\",\n    \"@type\": \"Product\",\n    \"@id\": \"https:\\\/\\\/www.granducatocollection.com\\\/prodotto\\\/pacchetto-di-prodotti-al-tartufo-borgunto\\\/\",\n    \"name\": \"Pacchetto Gourmet al Tartufo \\u2013 Gift Box Borgunto\",\n    \"image\": \"https:\\\/\\\/www.granducatocollection.com\\\/wp-content\\\/uploads\\\/2026\\\/01\\\/pacchetto-tartufo-borgunto.jpg\",\n    \"description\": \"Gift box gourmet con selezione di prodotti al tartufo artigianali da Arezzo, Toscana. Senza conservanti, perfetta come regalo enogastronomico made in Italy.\",\n    \"brand\": {\n        \"@type\": \"Organization\",\n        \"name\": \"Borgunto\"\n    },\n    \"offers\": {\n        \"@type\": \"Offer\",\n        \"url\": \"https:\\\/\\\/www.granducatocollection.com\\\/prodotto\\\/pacchetto-di-prodotti-al-tartufo-borgunto\\\/\",\n        \"priceCurrency\": \"EUR\",\n        \"price\": \"45.00\",\n        \"itemCondition\": \"https:\\\/\\\/schema.org\\\/NewCondition\",\n        \"availability\": \"https:\\\/\\\/schema.org\\\/InStock\",\n        \"seller\": {\n            \"@type\": \"Organization\",\n            \"name\": \"Granducato Collection\"\n        }\n    },\n    \"sku\": \"GIFT-BOX-TARTUFO-BORGUNTO\"\n}<\/script><\/p>\n<h1>Gourmet tryffelpaket \u2013 Borgunto presentf\u00f6rpackning<\/h1>\n<h2>Ett urval av hantverksm\u00e4ssiga tryffelspecialiteter fr\u00e5n Arezzo, Toscana.<\/h2>\n<p class=\"translation-block\"><strong>Truffelgourmetpaketet<\/strong> \u00e4r en unik sensorisk upplevelse, skapat av <strong>Borgunto<\/strong> i hj\u00e4rtat av <strong>Toscana<\/strong>. Tillverkat i <strong>Arezzo<\/strong>, inneh\u00e5ller det en exklusiv urval av <strong>truffelprodukter<\/strong>: <strong>truffelpopcorn<\/strong> f\u00f6r raffinerade aperitifer, <strong>truffelhonung<\/strong> perfekt till mozzarella och \u00e4ldre ostar, <strong>sm\u00f6r med vit truffel<\/strong> f\u00f6r minnesv\u00e4rda f\u00f6rstater och <strong>mayonn\u00e4s med truffel<\/strong> till gourmetsm\u00f6rg\u00e5sar. Alla produkter \u00e4r <strong>utan konserveringsmedel<\/strong>, tillverkade med lokala ingredienser och hantverksm\u00e4ssigt bearbetade.<\/p>\n<h3>Den perfekta presenten till italiensk mat och vin f\u00f6r alla tillf\u00e4llen.<\/h3>\n<p class=\"translation-block\">Elegant, sofistikerad och autentisk \u2013 denna gourmetpresentask \u00e4r den perfekta mat- och vinpresenten till jul, \u00e5rsdagar eller f\u00f6r att \u00f6verraska n\u00e5gon som \u00e4lskar autentiska italienska produkter. Varje f\u00f6rpackning uttrycker en passion f\u00f6r regionen och str\u00e4van efter excellens.<\/p>\n<h3>Simbolo della Granducato Collection: artigianalit\u00e0, tracciabilit\u00e0 e gusto<\/h3>\n<p>Questa <strong>selezione di specialit\u00e0 al tartufo<\/strong> incarna i valori della <strong>Granducato Collection<\/strong>: controllo diretto delle materie prime, produzione limitata e rispetto della tradizione gastronomica toscana. Un omaggio al tartufo italiano, pensato per chi cerca autenticit\u00e0 senza compromessi.<\/p>","protected":false},"excerpt":{"rendered":"<h1>Box med tryffelprodukter<\/h1>\n<p>Scopri il <strong>Pacchetto Gourmet al Tartufo Borgunto<\/strong>: una selezione di <strong>prodotti al tartufo<\/strong> artigianali da <strong>Arezzo<\/strong>, in <strong>Toscana<\/strong>. Perfetto come <strong>mat och vin present<\/strong> o per chi ama il <strong>made in Italy<\/strong> di qualit\u00e0. Tutti i prodotti sono <strong>utan konserveringsmedel<\/strong> e realizzati con ingredienti locali.<\/p>","protected":false},"featured_media":6473,"template":"","meta":{"_acf_changed":false},"product_brand":[764],"product_cat":[843],"product_tag":[311,581,585,589,590,592,591,586,560,580,587,593,584,427,582,588,126,229,583,594],"class_list":{"0":"post-6472","1":"product","2":"type-product","3":"status-publish","4":"has-post-thumbnail","6":"product_brand-granducato-collection","7":"product_cat-box-e-degustazioni","8":"product_tag-borgunto","9":"product_tag-box-tartufo","10":"product_tag-cesto-gourmet","11":"product_tag-confezione-regalo","12":"product_tag-eccellenze-italiane","13":"product_tag-food-lover","14":"product_tag-gourmet","15":"product_tag-idea-regalo","16":"product_tag-made-in-italy","17":"product_tag-prodotti-al-tartufo","18":"product_tag-prodotti-artigianali","19":"product_tag-prodotti-regionali","20":"product_tag-prodotti-tipici","21":"product_tag-regalo-gourmet","22":"product_tag-specialita-italiane","23":"product_tag-tartufi","24":"product_tag-tartufo","25":"product_tag-tartufo-bianco","26":"product_tag-tartufo-nero","27":"product_tag-tartufo-pregiato","29":"first","30":"instock","31":"shipping-taxable","32":"purchasable","33":"product-type-simple"},"acf":[],"yoast_head":"<!-- This site is optimized with the Yoast SEO plugin v26.7 - https:\/\/yoast.com\/wordpress\/plugins\/seo\/ -->\n<title>B&amp;B Arezzo - Prodotti al Tartufo Borgunto - Gran ducato Collection<\/title>\n<meta name=\"description\" content=\"Prodotti al Tartufo Borgunto: selezione gourmet con tartufo autentico. Oli, salse e condimenti per un&#039;esperienza culinaria unica.randucatocollection.com!\" \/>\n<meta name=\"robots\" content=\"index, follow, max-snippet:-1, max-image-preview:large, max-video-preview:-1\" \/>\n<link rel=\"canonical\" href=\"https:\/\/www.granducatocollection.com\/sv\/product\/pacchetto-di-prodotti-al-tartufo-borgunto\/\" \/>\n<meta property=\"og:locale\" content=\"sv_SE\" \/>\n<meta property=\"og:type\" content=\"article\" \/>\n<meta property=\"og:title\" content=\"B&amp;B Arezzo - Prodotti al Tartufo Borgunto - Gran ducato Collection\" \/>\n<meta property=\"og:description\" content=\"Prodotti al Tartufo Borgunto: selezione gourmet con tartufo autentico. Oli, salse e condimenti per un&#039;esperienza culinaria unica.randucatocollection.com!\" \/>\n<meta property=\"og:url\" content=\"https:\/\/www.granducatocollection.com\/sv\/product\/pacchetto-di-prodotti-al-tartufo-borgunto\/\" \/>\n<meta property=\"og:site_name\" content=\"Granducato Collection\" \/>\n<meta property=\"article:modified_time\" content=\"2026-03-18T11:01:23+00:00\" \/>\n<meta property=\"og:image\" content=\"https:\/\/www.granducatocollection.com\/wp-content\/uploads\/2025\/04\/prodotti_al_tartufo_granducatogestioni_borgunto_arezzo_viareggio_firenze_toscana.jpg\" \/>\n\t<meta property=\"og:image:width\" content=\"2400\" \/>\n\t<meta property=\"og:image:height\" content=\"2400\" \/>\n\t<meta property=\"og:image:type\" content=\"image\/jpeg\" \/>\n<meta name=\"twitter:card\" content=\"summary_large_image\" \/>\n<meta name=\"twitter:label1\" content=\"Ber\u00e4knad l\u00e4stid\" \/>\n\t<meta name=\"twitter:data1\" content=\"2 minuter\" \/>\n<script type=\"application\/ld+json\" class=\"yoast-schema-graph\">{\"@context\":\"https:\/\/schema.org\",\"@graph\":[{\"@type\":\"WebPage\",\"@id\":\"https:\/\/www.granducatocollection.com\/prodotto\/pacchetto-di-prodotti-al-tartufo-borgunto\/\",\"url\":\"https:\/\/www.granducatocollection.com\/de\/product\/pacchetto-di-prodotti-al-tartufo-borgunto\/\",\"name\":\"B&B Arezzo - Prodotti al Tartufo Borgunto - Gran ducato Collection\",\"isPartOf\":{\"@id\":\"https:\/\/www.granducatocollection.com\/#website\"},\"primaryImageOfPage\":{\"@id\":\"https:\/\/www.granducatocollection.com\/de\/product\/pacchetto-di-prodotti-al-tartufo-borgunto\/#primaryimage\"},\"image\":{\"@id\":\"https:\/\/www.granducatocollection.com\/de\/product\/pacchetto-di-prodotti-al-tartufo-borgunto\/#primaryimage\"},\"thumbnailUrl\":\"https:\/\/www.granducatocollection.com\/wp-content\/uploads\/2025\/04\/prodotti_al_tartufo_granducatogestioni_borgunto_arezzo_viareggio_firenze_toscana.jpg\",\"datePublished\":\"2025-04-10T10:25:23+00:00\",\"dateModified\":\"2026-03-18T11:01:23+00:00\",\"description\":\"Prodotti al Tartufo Borgunto: selezione gourmet con tartufo autentico. Oli, salse e condimenti per un'esperienza culinaria unica.randucatocollection.com!\",\"breadcrumb\":{\"@id\":\"https:\/\/www.granducatocollection.com\/de\/product\/pacchetto-di-prodotti-al-tartufo-borgunto\/#breadcrumb\"},\"inLanguage\":\"sv-SE\",\"potentialAction\":[{\"@type\":\"ReadAction\",\"target\":[\"https:\/\/www.granducatocollection.com\/de\/product\/pacchetto-di-prodotti-al-tartufo-borgunto\/\"]}]},{\"@type\":\"ImageObject\",\"inLanguage\":\"sv-SE\",\"@id\":\"https:\/\/www.granducatocollection.com\/de\/product\/pacchetto-di-prodotti-al-tartufo-borgunto\/#primaryimage\",\"url\":\"https:\/\/www.granducatocollection.com\/wp-content\/uploads\/2025\/04\/prodotti_al_tartufo_granducatogestioni_borgunto_arezzo_viareggio_firenze_toscana.jpg\",\"contentUrl\":\"https:\/\/www.granducatocollection.com\/wp-content\/uploads\/2025\/04\/prodotti_al_tartufo_granducatogestioni_borgunto_arezzo_viareggio_firenze_toscana.jpg\",\"width\":2400,\"height\":2400,\"caption\":\"Box Borgunto Gourmet luxury con Chianti Riserva, olio EVO biologico, tartufo nero, grappe e prodotti esclusivi toscani\"},{\"@type\":\"BreadcrumbList\",\"@id\":\"https:\/\/www.granducatocollection.com\/de\/product\/pacchetto-di-prodotti-al-tartufo-borgunto\/#breadcrumb\",\"itemListElement\":[{\"@type\":\"ListItem\",\"position\":1,\"name\":\"Home\",\"item\":\"https:\/\/www.granducatocollection.com\/\"},{\"@type\":\"ListItem\",\"position\":2,\"name\":\"Shop\",\"item\":\"https:\/\/www.granducatocollection.com\/negozio\/\"},{\"@type\":\"ListItem\",\"position\":3,\"name\":\"Pacchetto Gourmet al Tartufo \u2013 Popcorn, Miele, Burro e Maionese | Borgunto\"}]},{\"@type\":\"WebSite\",\"@id\":\"https:\/\/www.granducatocollection.com\/#website\",\"url\":\"https:\/\/www.granducatocollection.com\/\",\"name\":\"GranDucato Collection\",\"description\":\"Prenota la tua vacanza e vivi un&#039;esperienza unica\",\"potentialAction\":[{\"@type\":\"SearchAction\",\"target\":{\"@type\":\"EntryPoint\",\"urlTemplate\":\"https:\/\/www.granducatocollection.com\/?s={search_term_string}\"},\"query-input\":{\"@type\":\"PropertyValueSpecification\",\"valueRequired\":true,\"valueName\":\"search_term_string\"}}],\"inLanguage\":\"sv-SE\"}]}<\/script>\n<!-- \/ Yoast SEO plugin. -->","yoast_head_json":{"title":"B&B Arezzo - Prodotti al Tartufo Borgunto - Gran ducato Collection","description":"Prodotti al Tartufo Borgunto: selezione gourmet con tartufo autentico. Oli, salse e condimenti per un'esperienza culinaria unica.randucatocollection.com!","robots":{"index":"index","follow":"follow","max-snippet":"max-snippet:-1","max-image-preview":"max-image-preview:large","max-video-preview":"max-video-preview:-1"},"canonical":"https:\/\/www.granducatocollection.com\/sv\/product\/pacchetto-di-prodotti-al-tartufo-borgunto\/","og_locale":"sv_SE","og_type":"article","og_title":"B&B Arezzo - Prodotti al Tartufo Borgunto - Gran ducato Collection","og_description":"Prodotti al Tartufo Borgunto: selezione gourmet con tartufo autentico. Oli, salse e condimenti per un'esperienza culinaria unica.randucatocollection.com!","og_url":"https:\/\/www.granducatocollection.com\/sv\/product\/pacchetto-di-prodotti-al-tartufo-borgunto\/","og_site_name":"Granducato Collection","article_modified_time":"2026-03-18T11:01:23+00:00","og_image":[{"width":2400,"height":2400,"url":"https:\/\/www.granducatocollection.com\/wp-content\/uploads\/2025\/04\/prodotti_al_tartufo_granducatogestioni_borgunto_arezzo_viareggio_firenze_toscana.jpg","type":"image\/jpeg"}],"twitter_card":"summary_large_image","twitter_misc":{"Ber\u00e4knad l\u00e4stid":"2 minuter"},"schema":{"@context":"https:\/\/schema.org","@graph":[{"@type":"WebPage","@id":"https:\/\/www.granducatocollection.com\/prodotto\/pacchetto-di-prodotti-al-tartufo-borgunto\/","url":"https:\/\/www.granducatocollection.com\/de\/product\/pacchetto-di-prodotti-al-tartufo-borgunto\/","name":"B&B Arezzo - Prodotti al Tartufo Borgunto - Gran ducato Collection","isPartOf":{"@id":"https:\/\/www.granducatocollection.com\/#website"},"primaryImageOfPage":{"@id":"https:\/\/www.granducatocollection.com\/de\/product\/pacchetto-di-prodotti-al-tartufo-borgunto\/#primaryimage"},"image":{"@id":"https:\/\/www.granducatocollection.com\/de\/product\/pacchetto-di-prodotti-al-tartufo-borgunto\/#primaryimage"},"thumbnailUrl":"https:\/\/www.granducatocollection.com\/wp-content\/uploads\/2025\/04\/prodotti_al_tartufo_granducatogestioni_borgunto_arezzo_viareggio_firenze_toscana.jpg","datePublished":"2025-04-10T10:25:23+00:00","dateModified":"2026-03-18T11:01:23+00:00","description":"Prodotti al Tartufo Borgunto: selezione gourmet con tartufo autentico. Oli, salse e condimenti per un'esperienza culinaria unica.randucatocollection.com!","breadcrumb":{"@id":"https:\/\/www.granducatocollection.com\/de\/product\/pacchetto-di-prodotti-al-tartufo-borgunto\/#breadcrumb"},"inLanguage":"sv-SE","potentialAction":[{"@type":"ReadAction","target":["https:\/\/www.granducatocollection.com\/de\/product\/pacchetto-di-prodotti-al-tartufo-borgunto\/"]}]},{"@type":"ImageObject","inLanguage":"sv-SE","@id":"https:\/\/www.granducatocollection.com\/de\/product\/pacchetto-di-prodotti-al-tartufo-borgunto\/#primaryimage","url":"https:\/\/www.granducatocollection.com\/wp-content\/uploads\/2025\/04\/prodotti_al_tartufo_granducatogestioni_borgunto_arezzo_viareggio_firenze_toscana.jpg","contentUrl":"https:\/\/www.granducatocollection.com\/wp-content\/uploads\/2025\/04\/prodotti_al_tartufo_granducatogestioni_borgunto_arezzo_viareggio_firenze_toscana.jpg","width":2400,"height":2400,"caption":"Box Borgunto Gourmet luxury con Chianti Riserva, olio EVO biologico, tartufo nero, grappe e prodotti esclusivi toscani"},{"@type":"BreadcrumbList","@id":"https:\/\/www.granducatocollection.com\/de\/product\/pacchetto-di-prodotti-al-tartufo-borgunto\/#breadcrumb","itemListElement":[{"@type":"ListItem","position":1,"name":"Home","item":"https:\/\/www.granducatocollection.com\/"},{"@type":"ListItem","position":2,"name":"Shop","item":"https:\/\/www.granducatocollection.com\/negozio\/"},{"@type":"ListItem","position":3,"name":"Pacchetto Gourmet al Tartufo \u2013 Popcorn, Miele, Burro e Maionese | Borgunto"}]},{"@type":"WebSite","@id":"https:\/\/www.granducatocollection.com\/#website","url":"https:\/\/www.granducatocollection.com\/","name":"GranDucato Collection","description":"Prenota la tua vacanza e vivi un&#039;esperienza unica","potentialAction":[{"@type":"SearchAction","target":{"@type":"EntryPoint","urlTemplate":"https:\/\/www.granducatocollection.com\/?s={search_term_string}"},"query-input":{"@type":"PropertyValueSpecification","valueRequired":true,"valueName":"search_term_string"}}],"inLanguage":"sv-SE"}]}},"_links":{"self":[{"href":"https:\/\/www.granducatocollection.com\/sv\/wp-json\/wp\/v2\/product\/6472","targetHints":{"allow":["GET"]}}],"collection":[{"href":"https:\/\/www.granducatocollection.com\/sv\/wp-json\/wp\/v2\/product"}],"about":[{"href":"https:\/\/www.granducatocollection.com\/sv\/wp-json\/wp\/v2\/types\/product"}],"wp:featuredmedia":[{"embeddable":true,"href":"https:\/\/www.granducatocollection.com\/sv\/wp-json\/wp\/v2\/media\/6473"}],"wp:attachment":[{"href":"https:\/\/www.granducatocollection.com\/sv\/wp-json\/wp\/v2\/media?parent=6472"}],"wp:term":[{"taxonomy":"product_brand","embeddable":true,"href":"https:\/\/www.granducatocollection.com\/sv\/wp-json\/wp\/v2\/product_brand?post=6472"},{"taxonomy":"product_cat","embeddable":true,"href":"https:\/\/www.granducatocollection.com\/sv\/wp-json\/wp\/v2\/product_cat?post=6472"},{"taxonomy":"product_tag","embeddable":true,"href":"https:\/\/www.granducatocollection.com\/sv\/wp-json\/wp\/v2\/product_tag?post=6472"}],"curies":[{"name":"wp","href":"https:\/\/api.w.org\/{rel}","templated":true}]}}