{"id":6470,"date":"2025-04-10T10:16:38","date_gmt":"2025-04-10T10:16:38","guid":{"rendered":"https:\/\/www.granducatocollection.com\/?post_type=product&#038;p=6470"},"modified":"2026-04-20T22:45:34","modified_gmt":"2026-04-20T22:45:34","slug":"confetture-di-fragola-e-pesca","status":"publish","type":"product","link":"https:\/\/www.granducatocollection.com\/sv\/product\/confetture-di-fragola-e-pesca\/","title":{"rendered":"Hemgjord jordgubbs- och persikmarmelad \u2013 2 x 200 g burkar | Borgunto"},"content":{"rendered":"<p><script type=\"application\/ld+json\">{\n    \"@context\": \"https:\\\/\\\/schema.org\",\n    \"@type\": \"Product\",\n    \"@id\": \"https:\\\/\\\/www.granducatocollection.com\\\/prodotto\\\/confetture-di-fragola-e-pesca\\\/\",\n    \"name\": \"Confettura Artigianale Fragola e Pesca \\u2013 Borgunto\",\n    \"image\": \"https:\\\/\\\/www.granducatocollection.com\\\/wp-content\\\/uploads\\\/2026\\\/01\\\/confettura-fragola-pesca-borgunto.jpg\",\n    \"description\": \"Confettura artigianale toscana con 72% frutta, senza conservanti, prodotta ad Arezzo. Perfetta per colazioni sane, dolci fatti in casa o come regalo gourmet italiano.\",\n    \"brand\": {\n        \"@type\": \"Organization\",\n        \"name\": \"Borgunto\"\n    },\n    \"offers\": {\n        \"@type\": \"Offer\",\n        \"url\": \"https:\\\/\\\/www.granducatocollection.com\\\/prodotto\\\/confetture-di-fragola-e-pesca\\\/\",\n        \"priceCurrency\": \"EUR\",\n        \"price\": \"7.00\",\n        \"itemCondition\": \"https:\\\/\\\/schema.org\\\/NewCondition\",\n        \"availability\": \"https:\\\/\\\/schema.org\\\/InStock\",\n        \"seller\": {\n            \"@type\": \"Organization\",\n            \"name\": \"Granducato Collection\"\n        }\n    },\n    \"sku\": \"CONFETTURA-FRAGOLA-PESCA-2X200G\"\n}<\/script><\/p>\n<h1>Hemgjord jordgubbs- och persikmarmelad \u2013 Borgunto<\/h1>\n<h2>2-pack burkar: autentisk smak av den toskanska landsbygden<\/h2>\n<p class=\"translation-block\">Denna **hantverksm\u00e4ssiga toskanska jordgubbs- och persikmarmelad** \u00e4r en hyllning till naturens s\u00f6tma, producerad av **Borgunto** i **Arezzo** med **solmogen frukt**, socker och naturligt pektin. Varje burk inneh\u00e5ller hela **72%** frukt och \u00e4r fri fr\u00e5n **konserveringsmedel och f\u00e4rg\u00e4mnen**, vilket garanterar en ren, intensiv smak som respekterar traditionen.<\/p>\n<h3>F\u00f6r h\u00e4lsosamma frukostar, hemlagade desserter eller som tillbeh\u00f6r till ostar<\/h3>\n<p>Idealmente spalmata su pane tostato, mescolata nello yogurt o utilizzata come farcitura per crostate, questa confettura si rivela anche un <strong>accompagnamento raffinato per formaggi stagionati<\/strong>. La sua freschezza fruttata esalta sia i sapori semplici della colazione che quelli complessi della tavola gourmet.<\/p>\n<h3>En italiensk gourmetg\u00e5va fr\u00e5n Granducato-kollektionen<\/h3>\n<p class=\"translation-block\">F\u00f6rpackad i tv\u00e5 eleganta 200g-burkar (jordgubb och persika) \u00e4r denna specialitet perfekt som en **italiensk gourmetpresent** f\u00f6r \u00e4lskare av autentisk mat. Den \u00e4r en del av **Granducato-kollektionen**, ett projekt som hyllar toskansk jordbruksmat genom hantverksm\u00e4ssiga, sp\u00e5rbara produkter knutna till omr\u00e5det.<\/p>","protected":false},"excerpt":{"rendered":"<h1>Hemgjord jordgubbs- och persikmarmelad<\/h1>\n<p class=\"translation-block\">**Hantverksm\u00e4ssig toskansk jordgubbs- och persikmarmelad**, producerad av **Borgunto** i **Arezzo**. Tillverkad med **solmogen frukt**, **72 % frukt** och **inga konserveringsmedel**. Perfekt f\u00f6r **h\u00e4lsosamma frukostar**, hemlagade desserter eller som **osttillbeh\u00f6r**. F\u00f6rpackning med tv\u00e5 burkar \u00e0 200 g.<\/p>","protected":false},"featured_media":11487,"template":"","meta":{"_acf_changed":false},"product_brand":[764],"product_cat":[845],"product_tag":[464,480,466,479,465,147,471,467,468,265,130],"class_list":{"0":"post-6470","1":"product","2":"type-product","3":"status-publish","4":"has-post-thumbnail","6":"product_brand-granducato-collection","7":"product_cat-confetture-e-specialita-gourmet","8":"product_tag-confettura","9":"product_tag-confettura-casalinga","10":"product_tag-confettura-di-fragola","11":"product_tag-confetture","12":"product_tag-fragola","13":"product_tag-fragole","14":"product_tag-gusto-classico","15":"product_tag-marmellata","16":"product_tag-marmellata-di-fragola","17":"product_tag-prodotto-artigianale","18":"product_tag-senza-conservanti","20":"first","21":"instock","22":"shipping-taxable","23":"purchasable","24":"product-type-simple"},"acf":[],"yoast_head":"<!-- This site is optimized with the Yoast SEO plugin v26.7 - https:\/\/yoast.com\/wordpress\/plugins\/seo\/ -->\n<title>B&amp;B Arezzo - Confettura Artigianale Fragola e Pesca \u2013 2 Vasetti da 200g | Borgunto - Granducato Gestioni<\/title>\n<meta name=\"description\" content=\"Acquista online su Granducato Collection la deliziosa Confettura di Pesche, perfetto per colazioni e merende golose. Scopri il gusto della tradizione!\" \/>\n<meta name=\"robots\" content=\"index, follow, max-snippet:-1, max-image-preview:large, max-video-preview:-1\" \/>\n<link rel=\"canonical\" href=\"https:\/\/www.granducatocollection.com\/sv\/product\/confetture-di-fragola-e-pesca\/\" \/>\n<meta property=\"og:locale\" content=\"sv_SE\" \/>\n<meta property=\"og:type\" content=\"article\" \/>\n<meta property=\"og:title\" content=\"B&amp;B Arezzo - Confettura Artigianale Fragola e Pesca \u2013 2 Vasetti da 200g | Borgunto - Granducato Gestioni\" \/>\n<meta property=\"og:description\" content=\"Acquista online su Granducato Collection la deliziosa Confettura di Pesche, perfetto per colazioni e merende golose. Scopri il gusto della tradizione!\" \/>\n<meta property=\"og:url\" content=\"https:\/\/www.granducatocollection.com\/sv\/product\/confetture-di-fragola-e-pesca\/\" \/>\n<meta property=\"og:site_name\" content=\"Granducato Collection\" \/>\n<meta property=\"article:modified_time\" content=\"2026-04-20T22:45:34+00:00\" \/>\n<meta property=\"og:image\" content=\"https:\/\/www.granducatocollection.com\/wp-content\/uploads\/2025\/04\/confettura_fragola.jpg\" \/>\n\t<meta property=\"og:image:width\" content=\"1297\" \/>\n\t<meta property=\"og:image:height\" content=\"1297\" \/>\n\t<meta property=\"og:image:type\" content=\"image\/jpeg\" \/>\n<meta name=\"twitter:card\" content=\"summary_large_image\" \/>\n<meta name=\"twitter:label1\" content=\"Ber\u00e4knad l\u00e4stid\" \/>\n\t<meta name=\"twitter:data1\" content=\"2 minuter\" \/>\n<script type=\"application\/ld+json\" class=\"yoast-schema-graph\">{\"@context\":\"https:\/\/schema.org\",\"@graph\":[{\"@type\":\"WebPage\",\"@id\":\"https:\/\/www.granducatocollection.com\/prodotto\/confetture-di-fragola-e-pesca\/\",\"url\":\"https:\/\/www.granducatocollection.com\/prodotto\/confetture-di-fragola-e-pesca\/\",\"name\":\"B&B Arezzo - Confettura Artigianale Fragola e Pesca \u2013 2 Vasetti da 200g | Borgunto - Granducato Gestioni\",\"isPartOf\":{\"@id\":\"https:\/\/www.granducatocollection.com\/#website\"},\"primaryImageOfPage\":{\"@id\":\"https:\/\/www.granducatocollection.com\/prodotto\/confetture-di-fragola-e-pesca\/#primaryimage\"},\"image\":{\"@id\":\"https:\/\/www.granducatocollection.com\/prodotto\/confetture-di-fragola-e-pesca\/#primaryimage\"},\"thumbnailUrl\":\"https:\/\/www.granducatocollection.com\/wp-content\/uploads\/2025\/04\/confettura_fragola.jpg\",\"datePublished\":\"2025-04-10T10:16:38+00:00\",\"dateModified\":\"2026-04-20T22:45:34+00:00\",\"description\":\"Acquista online su Granducato Collection la deliziosa Confettura di Pesche, perfetto per colazioni e merende golose. Scopri il gusto della tradizione!\",\"breadcrumb\":{\"@id\":\"https:\/\/www.granducatocollection.com\/prodotto\/confetture-di-fragola-e-pesca\/#breadcrumb\"},\"inLanguage\":\"sv-SE\",\"potentialAction\":[{\"@type\":\"ReadAction\",\"target\":[\"https:\/\/www.granducatocollection.com\/prodotto\/confetture-di-fragola-e-pesca\/\"]}]},{\"@type\":\"ImageObject\",\"inLanguage\":\"sv-SE\",\"@id\":\"https:\/\/www.granducatocollection.com\/prodotto\/confetture-di-fragola-e-pesca\/#primaryimage\",\"url\":\"https:\/\/www.granducatocollection.com\/wp-content\/uploads\/2025\/04\/confettura_fragola.jpg\",\"contentUrl\":\"https:\/\/www.granducatocollection.com\/wp-content\/uploads\/2025\/04\/confettura_fragola.jpg\",\"width\":1297,\"height\":1297},{\"@type\":\"BreadcrumbList\",\"@id\":\"https:\/\/www.granducatocollection.com\/prodotto\/confetture-di-fragola-e-pesca\/#breadcrumb\",\"itemListElement\":[{\"@type\":\"ListItem\",\"position\":1,\"name\":\"Home\",\"item\":\"https:\/\/www.granducatocollection.com\/\"},{\"@type\":\"ListItem\",\"position\":2,\"name\":\"Shop\",\"item\":\"https:\/\/www.granducatocollection.com\/negozio\/\"},{\"@type\":\"ListItem\",\"position\":3,\"name\":\"Confettura Artigianale Fragola e Pesca \u2013 2 Vasetti da 200g | Borgunto\"}]},{\"@type\":\"WebSite\",\"@id\":\"https:\/\/www.granducatocollection.com\/#website\",\"url\":\"https:\/\/www.granducatocollection.com\/\",\"name\":\"GranDucato Collection\",\"description\":\"Prenota la tua vacanza e vivi un&#039;esperienza unica\",\"potentialAction\":[{\"@type\":\"SearchAction\",\"target\":{\"@type\":\"EntryPoint\",\"urlTemplate\":\"https:\/\/www.granducatocollection.com\/?s={search_term_string}\"},\"query-input\":{\"@type\":\"PropertyValueSpecification\",\"valueRequired\":true,\"valueName\":\"search_term_string\"}}],\"inLanguage\":\"sv-SE\"}]}<\/script>\n<!-- \/ Yoast SEO plugin. -->","yoast_head_json":{"title":"B&B Arezzo - Confettura Artigianale Fragola e Pesca \u2013 2 Vasetti da 200g | Borgunto - Granducato Gestioni","description":"Acquista online su Granducato Collection la deliziosa Confettura di Pesche, perfetto per colazioni e merende golose. Scopri il gusto della tradizione!","robots":{"index":"index","follow":"follow","max-snippet":"max-snippet:-1","max-image-preview":"max-image-preview:large","max-video-preview":"max-video-preview:-1"},"canonical":"https:\/\/www.granducatocollection.com\/sv\/product\/confetture-di-fragola-e-pesca\/","og_locale":"sv_SE","og_type":"article","og_title":"B&B Arezzo - Confettura Artigianale Fragola e Pesca \u2013 2 Vasetti da 200g | Borgunto - Granducato Gestioni","og_description":"Acquista online su Granducato Collection la deliziosa Confettura di Pesche, perfetto per colazioni e merende golose. Scopri il gusto della tradizione!","og_url":"https:\/\/www.granducatocollection.com\/sv\/product\/confetture-di-fragola-e-pesca\/","og_site_name":"Granducato Collection","article_modified_time":"2026-04-20T22:45:34+00:00","og_image":[{"width":1297,"height":1297,"url":"https:\/\/www.granducatocollection.com\/wp-content\/uploads\/2025\/04\/confettura_fragola.jpg","type":"image\/jpeg"}],"twitter_card":"summary_large_image","twitter_misc":{"Ber\u00e4knad l\u00e4stid":"2 minuter"},"schema":{"@context":"https:\/\/schema.org","@graph":[{"@type":"WebPage","@id":"https:\/\/www.granducatocollection.com\/prodotto\/confetture-di-fragola-e-pesca\/","url":"https:\/\/www.granducatocollection.com\/prodotto\/confetture-di-fragola-e-pesca\/","name":"B&B Arezzo - Confettura Artigianale Fragola e Pesca \u2013 2 Vasetti da 200g | Borgunto - Granducato Gestioni","isPartOf":{"@id":"https:\/\/www.granducatocollection.com\/#website"},"primaryImageOfPage":{"@id":"https:\/\/www.granducatocollection.com\/prodotto\/confetture-di-fragola-e-pesca\/#primaryimage"},"image":{"@id":"https:\/\/www.granducatocollection.com\/prodotto\/confetture-di-fragola-e-pesca\/#primaryimage"},"thumbnailUrl":"https:\/\/www.granducatocollection.com\/wp-content\/uploads\/2025\/04\/confettura_fragola.jpg","datePublished":"2025-04-10T10:16:38+00:00","dateModified":"2026-04-20T22:45:34+00:00","description":"Acquista online su Granducato Collection la deliziosa Confettura di Pesche, perfetto per colazioni e merende golose. Scopri il gusto della tradizione!","breadcrumb":{"@id":"https:\/\/www.granducatocollection.com\/prodotto\/confetture-di-fragola-e-pesca\/#breadcrumb"},"inLanguage":"sv-SE","potentialAction":[{"@type":"ReadAction","target":["https:\/\/www.granducatocollection.com\/prodotto\/confetture-di-fragola-e-pesca\/"]}]},{"@type":"ImageObject","inLanguage":"sv-SE","@id":"https:\/\/www.granducatocollection.com\/prodotto\/confetture-di-fragola-e-pesca\/#primaryimage","url":"https:\/\/www.granducatocollection.com\/wp-content\/uploads\/2025\/04\/confettura_fragola.jpg","contentUrl":"https:\/\/www.granducatocollection.com\/wp-content\/uploads\/2025\/04\/confettura_fragola.jpg","width":1297,"height":1297},{"@type":"BreadcrumbList","@id":"https:\/\/www.granducatocollection.com\/prodotto\/confetture-di-fragola-e-pesca\/#breadcrumb","itemListElement":[{"@type":"ListItem","position":1,"name":"Home","item":"https:\/\/www.granducatocollection.com\/"},{"@type":"ListItem","position":2,"name":"Shop","item":"https:\/\/www.granducatocollection.com\/negozio\/"},{"@type":"ListItem","position":3,"name":"Confettura Artigianale Fragola e Pesca \u2013 2 Vasetti da 200g | Borgunto"}]},{"@type":"WebSite","@id":"https:\/\/www.granducatocollection.com\/#website","url":"https:\/\/www.granducatocollection.com\/","name":"GranDucato Collection","description":"Prenota la tua vacanza e vivi un&#039;esperienza unica","potentialAction":[{"@type":"SearchAction","target":{"@type":"EntryPoint","urlTemplate":"https:\/\/www.granducatocollection.com\/?s={search_term_string}"},"query-input":{"@type":"PropertyValueSpecification","valueRequired":true,"valueName":"search_term_string"}}],"inLanguage":"sv-SE"}]}},"_links":{"self":[{"href":"https:\/\/www.granducatocollection.com\/sv\/wp-json\/wp\/v2\/product\/6470","targetHints":{"allow":["GET"]}}],"collection":[{"href":"https:\/\/www.granducatocollection.com\/sv\/wp-json\/wp\/v2\/product"}],"about":[{"href":"https:\/\/www.granducatocollection.com\/sv\/wp-json\/wp\/v2\/types\/product"}],"wp:featuredmedia":[{"embeddable":true,"href":"https:\/\/www.granducatocollection.com\/sv\/wp-json\/wp\/v2\/media\/11487"}],"wp:attachment":[{"href":"https:\/\/www.granducatocollection.com\/sv\/wp-json\/wp\/v2\/media?parent=6470"}],"wp:term":[{"taxonomy":"product_brand","embeddable":true,"href":"https:\/\/www.granducatocollection.com\/sv\/wp-json\/wp\/v2\/product_brand?post=6470"},{"taxonomy":"product_cat","embeddable":true,"href":"https:\/\/www.granducatocollection.com\/sv\/wp-json\/wp\/v2\/product_cat?post=6470"},{"taxonomy":"product_tag","embeddable":true,"href":"https:\/\/www.granducatocollection.com\/sv\/wp-json\/wp\/v2\/product_tag?post=6470"}],"curies":[{"name":"wp","href":"https:\/\/api.w.org\/{rel}","templated":true}]}}