{"id":6466,"date":"2025-04-10T09:42:50","date_gmt":"2025-04-10T09:42:50","guid":{"rendered":"https:\/\/www.granducatocollection.com\/?post_type=product&#038;p=6466"},"modified":"2026-03-30T16:38:45","modified_gmt":"2026-03-30T16:38:45","slug":"box-3-vini-borgunto","status":"publish","type":"product","link":"https:\/\/www.granducatocollection.com\/sv\/product\/box-3-vini-borgunto\/","title":{"rendered":"L\u00e5da 3 Borgunto-viner \u2013 Chianti Riserva DOCG fr\u00e5n Arezzos kullar"},"content":{"rendered":"<p><script type=\"application\/ld+json\">{\n    \"@context\": \"https:\\\/\\\/schema.org\",\n    \"@type\": \"Product\",\n    \"@id\": \"https:\\\/\\\/www.granducatocollection.com\\\/prodotto\\\/box-3-vini-borgunto\\\/\",\n    \"name\": \"Box 3 Vini Borgunto \\u2013 Selezione Premium Toscana\",\n    \"image\": \"https:\\\/\\\/www.granducatocollection.com\\\/wp-content\\\/uploads\\\/2026\\\/01\\\/box-3-vini-borgunto-granducato.jpg\",\n    \"description\": \"Box esclusivo con 3 vini artigianali toscani di Borgunto: Chianti Rosso DOCG, Chianti Riserva DOCG e Rosato Edizione Speciale. Perfetto come regalo enologico elegante o per una degustazione autentica della Toscana.\",\n    \"brand\": {\n        \"@type\": \"Organization\",\n        \"name\": \"Borgunto\"\n    },\n    \"offers\": {\n        \"@type\": \"Offer\",\n        \"url\": \"https:\\\/\\\/www.granducatocollection.com\\\/prodotto\\\/box-3-vini-borgunto\\\/\",\n        \"priceCurrency\": \"EUR\",\n        \"price\": \"45.00\",\n        \"itemCondition\": \"https:\\\/\\\/schema.org\\\/NewCondition\",\n        \"availability\": \"https:\\\/\\\/schema.org\\\/InStock\",\n        \"seller\": {\n            \"@type\": \"Organization\",\n            \"name\": \"Granducato Collection\"\n        }\n    },\n    \"sku\": \"BOX-3-VINI-BORGUNTO\"\n}<\/script><\/p>\n<h1>L\u00e5da med 3 Borgunto-viner \u2013 Premium toskanskt urval<\/h1>\n<h2>En hantverksm\u00e4ssig mat- och vinupplevelse fr\u00e5n Arezzo<\/h2>\n<p class=\"translation-block\">Uppt\u00e4ck Toscana genom en sensorisk resa, utvald av Borgonto: 3 Wine Box sammanf\u00f6r tre autentiska uttryck f\u00f6r Arezzos vinodling. Varje flaska produceras i Arezzo med lokala druvor, handsk\u00f6rdade och traditionellt lagrade, och erbjuder ett premiumurval av toskanska r\u00f6da och ros\u00e9viner som hyllar terroiren.<\/p>\n<h3>L\u00e5dans inneh\u00e5ll: vinframst\u00e4llningens excellens i varje glas<\/h3>\n<p class=\"translation-block\">L\u00e5dan inneh\u00e5ller:<br>\n\u2022 <strong>Chianti Rosso DOCG<\/strong> \u2013 frisk, fruktig, perfekt f\u00f6r trevliga middagar<br>\n\u2022 <strong>Chianti Riserva DOCG<\/strong> \u2013 strukturerad, komplex, idealisk till stekar och vilt<br>\n\u2022 <strong>Rosato Specialutg\u00e5va<\/strong> \u2013 elegant, blommig, perfekt f\u00f6r raffinerade aperitifer<\/p>\n<p class=\"translation-block\">En komplett <strong>toscanavinprovning<strong>, redo att delas eller ges bort som present.<\/p>\n<h3>Den eleganta ving\u00e5van fr\u00e5n Granducato-kollektionen<\/h3>\n<p class=\"translation-block\">Noggrant f\u00f6rpackad och presenterad i en elegant l\u00e5da, \u00e4r detta set den perfekta **eleganta ving\u00e5van** f\u00f6r sanna entusiaster. Som en del av **Granducato-kollektionen** representerar det f\u00f6rtr\u00e4ffligheten hos **Made in Tuscany**: hantverk, sp\u00e5rbarhet och en passion f\u00f6r detaljer. En hyllning till italiensk vinkultur, direkt fr\u00e5n Arezzos kullar.<\/p>","protected":false},"excerpt":{"rendered":"<h1>L\u00e5da med 3 Chianti-viner<\/h1>\n<p class=\"translation-block\">Uppt\u00e4ck Toscana genom en sensorisk resa, sammanst\u00e4lld av Borgonto: 3 Wine Box sammanf\u00f6r tre autentiska uttryck f\u00f6r Arezzos vinodling. Varje flaska produceras i Arezzo med lokala druvor, handplockade och traditionellt lagrade, och erbjuder ett premiumurval av toskanska r\u00f6da och ros\u00e9viner som hyllar terroiren.<\/p>","protected":false},"featured_media":6467,"template":"","meta":{"_acf_changed":false},"product_brand":[764],"product_cat":[92],"product_tag":[710,271,700,598,273,702,697,701,704,709,699,707,698,708,705,703,696,706,274,307],"class_list":{"0":"post-6466","1":"product","2":"type-product","3":"status-publish","4":"has-post-thumbnail","6":"product_brand-granducato-collection","7":"product_cat-i-nostri-formati-speciali","8":"product_tag-abbinamento-vini-cibo","9":"product_tag-box-vini","10":"product_tag-degustazione-vini","11":"product_tag-enoteca","12":"product_tag-selezione-vini","13":"product_tag-vini-artigianali","14":"product_tag-vini-bianchi","15":"product_tag-vini-biologici","16":"product_tag-vini-boutique","17":"product_tag-vini-da-collezione","18":"product_tag-vini-da-regalo","19":"product_tag-vini-doc","20":"product_tag-vini-dolci","21":"product_tag-vini-igt","22":"product_tag-vini-locali","23":"product_tag-vini-premiati","24":"product_tag-vini-rossi","25":"product_tag-vini-tipici","26":"product_tag-vini-toscani","27":"product_tag-vino-italiano","29":"first","30":"instock","31":"shipping-taxable","32":"purchasable","33":"product-type-simple"},"acf":[],"yoast_head":"<!-- This site is optimized with the Yoast SEO plugin v26.7 - https:\/\/yoast.com\/wordpress\/plugins\/seo\/ -->\n<title>B&amp;B Arezzo - Box 3 vini Chianti Borgunto - Granducato Collection<\/title>\n<meta name=\"description\" content=\"Box 3 Vini Borgunto \u2013 Un elegante cofanetto con tre etichette toscane selezionate. Ideale per un regalo o una degustazione esclusiva. Acquista ora!\" \/>\n<meta name=\"robots\" content=\"index, follow, max-snippet:-1, max-image-preview:large, max-video-preview:-1\" \/>\n<link rel=\"canonical\" href=\"https:\/\/www.granducatocollection.com\/sv\/product\/box-3-vini-borgunto\/\" \/>\n<meta property=\"og:locale\" content=\"sv_SE\" \/>\n<meta property=\"og:type\" content=\"article\" \/>\n<meta property=\"og:title\" content=\"B&amp;B Arezzo - Box 3 vini Chianti Borgunto - Granducato Collection\" \/>\n<meta property=\"og:description\" content=\"Box 3 Vini Borgunto \u2013 Un elegante cofanetto con tre etichette toscane selezionate. Ideale per un regalo o una degustazione esclusiva. Acquista ora!\" \/>\n<meta property=\"og:url\" content=\"https:\/\/www.granducatocollection.com\/sv\/product\/box-3-vini-borgunto\/\" \/>\n<meta property=\"og:site_name\" content=\"Granducato Collection\" \/>\n<meta property=\"article:modified_time\" content=\"2026-03-30T16:38:45+00:00\" \/>\n<meta property=\"og:image\" content=\"https:\/\/www.granducatocollection.com\/wp-content\/uploads\/2025\/04\/box_3_vini_borgunto_granducatogestioni_arezzo_firenze_toscana_alloggi_BB-1024x1024.jpg\" \/>\n\t<meta property=\"og:image:width\" content=\"1024\" \/>\n\t<meta property=\"og:image:height\" content=\"1024\" \/>\n\t<meta property=\"og:image:type\" content=\"image\/jpeg\" \/>\n<meta name=\"twitter:card\" content=\"summary_large_image\" \/>\n<meta name=\"twitter:label1\" content=\"Ber\u00e4knad l\u00e4stid\" \/>\n\t<meta name=\"twitter:data1\" content=\"2 minuter\" \/>\n<script type=\"application\/ld+json\" class=\"yoast-schema-graph\">{\"@context\":\"https:\/\/schema.org\",\"@graph\":[{\"@type\":\"WebPage\",\"@id\":\"https:\/\/www.granducatocollection.com\/prodotto\/box-3-vini-borgunto\/\",\"url\":\"https:\/\/www.granducatocollection.com\/prodotto\/box-3-vini-borgunto\/\",\"name\":\"B&B Arezzo - Box 3 vini Chianti Borgunto - Granducato Collection\",\"isPartOf\":{\"@id\":\"https:\/\/www.granducatocollection.com\/#website\"},\"primaryImageOfPage\":{\"@id\":\"https:\/\/www.granducatocollection.com\/prodotto\/box-3-vini-borgunto\/#primaryimage\"},\"image\":{\"@id\":\"https:\/\/www.granducatocollection.com\/prodotto\/box-3-vini-borgunto\/#primaryimage\"},\"thumbnailUrl\":\"https:\/\/www.granducatocollection.com\/wp-content\/uploads\/2025\/04\/box_3_vini_borgunto_granducatogestioni_arezzo_firenze_toscana_alloggi_BB.jpg\",\"datePublished\":\"2025-04-10T09:42:50+00:00\",\"dateModified\":\"2026-03-30T16:38:45+00:00\",\"description\":\"Box 3 Vini Borgunto \u2013 Un elegante cofanetto con tre etichette toscane selezionate. Ideale per un regalo o una degustazione esclusiva. Acquista ora!\",\"breadcrumb\":{\"@id\":\"https:\/\/www.granducatocollection.com\/prodotto\/box-3-vini-borgunto\/#breadcrumb\"},\"inLanguage\":\"sv-SE\",\"potentialAction\":[{\"@type\":\"ReadAction\",\"target\":[\"https:\/\/www.granducatocollection.com\/prodotto\/box-3-vini-borgunto\/\"]}]},{\"@type\":\"ImageObject\",\"inLanguage\":\"sv-SE\",\"@id\":\"https:\/\/www.granducatocollection.com\/prodotto\/box-3-vini-borgunto\/#primaryimage\",\"url\":\"https:\/\/www.granducatocollection.com\/wp-content\/uploads\/2025\/04\/box_3_vini_borgunto_granducatogestioni_arezzo_firenze_toscana_alloggi_BB.jpg\",\"contentUrl\":\"https:\/\/www.granducatocollection.com\/wp-content\/uploads\/2025\/04\/box_3_vini_borgunto_granducatogestioni_arezzo_firenze_toscana_alloggi_BB.jpg\",\"width\":1800,\"height\":1800,\"caption\":\"Box degustazione 3 vini Chianti Riserva DOCG confezione regalo vino italiano\"},{\"@type\":\"BreadcrumbList\",\"@id\":\"https:\/\/www.granducatocollection.com\/prodotto\/box-3-vini-borgunto\/#breadcrumb\",\"itemListElement\":[{\"@type\":\"ListItem\",\"position\":1,\"name\":\"Home\",\"item\":\"https:\/\/www.granducatocollection.com\/\"},{\"@type\":\"ListItem\",\"position\":2,\"name\":\"Shop\",\"item\":\"https:\/\/www.granducatocollection.com\/negozio\/\"},{\"@type\":\"ListItem\",\"position\":3,\"name\":\"Box 3 Vini Borgunto \u2013 Chianti Riserva DOCG dalle Colline di Arezzo\"}]},{\"@type\":\"WebSite\",\"@id\":\"https:\/\/www.granducatocollection.com\/#website\",\"url\":\"https:\/\/www.granducatocollection.com\/\",\"name\":\"GranDucato Collection\",\"description\":\"Prenota la tua vacanza e vivi un&#039;esperienza unica\",\"potentialAction\":[{\"@type\":\"SearchAction\",\"target\":{\"@type\":\"EntryPoint\",\"urlTemplate\":\"https:\/\/www.granducatocollection.com\/?s={search_term_string}\"},\"query-input\":{\"@type\":\"PropertyValueSpecification\",\"valueRequired\":true,\"valueName\":\"search_term_string\"}}],\"inLanguage\":\"sv-SE\"}]}<\/script>\n<!-- \/ Yoast SEO plugin. -->","yoast_head_json":{"title":"B&B Arezzo - Box 3 vini Chianti Borgunto - Granducato Collection","description":"Box 3 Vini Borgunto \u2013 Un elegante cofanetto con tre etichette toscane selezionate. Ideale per un regalo o una degustazione esclusiva. Acquista ora!","robots":{"index":"index","follow":"follow","max-snippet":"max-snippet:-1","max-image-preview":"max-image-preview:large","max-video-preview":"max-video-preview:-1"},"canonical":"https:\/\/www.granducatocollection.com\/sv\/product\/box-3-vini-borgunto\/","og_locale":"sv_SE","og_type":"article","og_title":"B&B Arezzo - Box 3 vini Chianti Borgunto - Granducato Collection","og_description":"Box 3 Vini Borgunto \u2013 Un elegante cofanetto con tre etichette toscane selezionate. Ideale per un regalo o una degustazione esclusiva. Acquista ora!","og_url":"https:\/\/www.granducatocollection.com\/sv\/product\/box-3-vini-borgunto\/","og_site_name":"Granducato Collection","article_modified_time":"2026-03-30T16:38:45+00:00","og_image":[{"width":1024,"height":1024,"url":"https:\/\/www.granducatocollection.com\/wp-content\/uploads\/2025\/04\/box_3_vini_borgunto_granducatogestioni_arezzo_firenze_toscana_alloggi_BB-1024x1024.jpg","type":"image\/jpeg"}],"twitter_card":"summary_large_image","twitter_misc":{"Ber\u00e4knad l\u00e4stid":"2 minuter"},"schema":{"@context":"https:\/\/schema.org","@graph":[{"@type":"WebPage","@id":"https:\/\/www.granducatocollection.com\/prodotto\/box-3-vini-borgunto\/","url":"https:\/\/www.granducatocollection.com\/prodotto\/box-3-vini-borgunto\/","name":"B&B Arezzo - Box 3 vini Chianti Borgunto - Granducato Collection","isPartOf":{"@id":"https:\/\/www.granducatocollection.com\/#website"},"primaryImageOfPage":{"@id":"https:\/\/www.granducatocollection.com\/prodotto\/box-3-vini-borgunto\/#primaryimage"},"image":{"@id":"https:\/\/www.granducatocollection.com\/prodotto\/box-3-vini-borgunto\/#primaryimage"},"thumbnailUrl":"https:\/\/www.granducatocollection.com\/wp-content\/uploads\/2025\/04\/box_3_vini_borgunto_granducatogestioni_arezzo_firenze_toscana_alloggi_BB.jpg","datePublished":"2025-04-10T09:42:50+00:00","dateModified":"2026-03-30T16:38:45+00:00","description":"Box 3 Vini Borgunto \u2013 Un elegante cofanetto con tre etichette toscane selezionate. Ideale per un regalo o una degustazione esclusiva. Acquista ora!","breadcrumb":{"@id":"https:\/\/www.granducatocollection.com\/prodotto\/box-3-vini-borgunto\/#breadcrumb"},"inLanguage":"sv-SE","potentialAction":[{"@type":"ReadAction","target":["https:\/\/www.granducatocollection.com\/prodotto\/box-3-vini-borgunto\/"]}]},{"@type":"ImageObject","inLanguage":"sv-SE","@id":"https:\/\/www.granducatocollection.com\/prodotto\/box-3-vini-borgunto\/#primaryimage","url":"https:\/\/www.granducatocollection.com\/wp-content\/uploads\/2025\/04\/box_3_vini_borgunto_granducatogestioni_arezzo_firenze_toscana_alloggi_BB.jpg","contentUrl":"https:\/\/www.granducatocollection.com\/wp-content\/uploads\/2025\/04\/box_3_vini_borgunto_granducatogestioni_arezzo_firenze_toscana_alloggi_BB.jpg","width":1800,"height":1800,"caption":"Box degustazione 3 vini Chianti Riserva DOCG confezione regalo vino italiano"},{"@type":"BreadcrumbList","@id":"https:\/\/www.granducatocollection.com\/prodotto\/box-3-vini-borgunto\/#breadcrumb","itemListElement":[{"@type":"ListItem","position":1,"name":"Home","item":"https:\/\/www.granducatocollection.com\/"},{"@type":"ListItem","position":2,"name":"Shop","item":"https:\/\/www.granducatocollection.com\/negozio\/"},{"@type":"ListItem","position":3,"name":"Box 3 Vini Borgunto \u2013 Chianti Riserva DOCG dalle Colline di Arezzo"}]},{"@type":"WebSite","@id":"https:\/\/www.granducatocollection.com\/#website","url":"https:\/\/www.granducatocollection.com\/","name":"GranDucato Collection","description":"Prenota la tua vacanza e vivi un&#039;esperienza unica","potentialAction":[{"@type":"SearchAction","target":{"@type":"EntryPoint","urlTemplate":"https:\/\/www.granducatocollection.com\/?s={search_term_string}"},"query-input":{"@type":"PropertyValueSpecification","valueRequired":true,"valueName":"search_term_string"}}],"inLanguage":"sv-SE"}]}},"_links":{"self":[{"href":"https:\/\/www.granducatocollection.com\/sv\/wp-json\/wp\/v2\/product\/6466","targetHints":{"allow":["GET"]}}],"collection":[{"href":"https:\/\/www.granducatocollection.com\/sv\/wp-json\/wp\/v2\/product"}],"about":[{"href":"https:\/\/www.granducatocollection.com\/sv\/wp-json\/wp\/v2\/types\/product"}],"wp:featuredmedia":[{"embeddable":true,"href":"https:\/\/www.granducatocollection.com\/sv\/wp-json\/wp\/v2\/media\/6467"}],"wp:attachment":[{"href":"https:\/\/www.granducatocollection.com\/sv\/wp-json\/wp\/v2\/media?parent=6466"}],"wp:term":[{"taxonomy":"product_brand","embeddable":true,"href":"https:\/\/www.granducatocollection.com\/sv\/wp-json\/wp\/v2\/product_brand?post=6466"},{"taxonomy":"product_cat","embeddable":true,"href":"https:\/\/www.granducatocollection.com\/sv\/wp-json\/wp\/v2\/product_cat?post=6466"},{"taxonomy":"product_tag","embeddable":true,"href":"https:\/\/www.granducatocollection.com\/sv\/wp-json\/wp\/v2\/product_tag?post=6466"}],"curies":[{"name":"wp","href":"https:\/\/api.w.org\/{rel}","templated":true}]}}