{"id":4276,"date":"2024-08-02T09:53:36","date_gmt":"2024-08-02T09:53:36","guid":{"rendered":"https:\/\/www.granducatocollection.com\/?page_id=4276"},"modified":"2024-08-02T12:16:53","modified_gmt":"2024-08-02T12:16:53","slug":"privacy-policy","status":"publish","type":"page","link":"https:\/\/www.granducatocollection.com\/sv\/privacy-policy\/","title":{"rendered":"Privacy Policy"},"content":{"rendered":"<div class=\"fusion-fullwidth fullwidth-box fusion-builder-row-1 fusion-flex-container has-pattern-background has-mask-background nonhundred-percent-fullwidth non-hundred-percent-height-scrolling\" style=\"--awb-border-radius-top-left:0px;--awb-border-radius-top-right:0px;--awb-border-radius-bottom-right:0px;--awb-border-radius-bottom-left:0px;--awb-margin-top:30px;--awb-flex-wrap:wrap;\" ><div class=\"fusion-builder-row fusion-row fusion-flex-align-items-flex-start fusion-flex-content-wrap\" style=\"max-width:1216.8px;margin-left: calc(-4% \/ 2 );margin-right: calc(-4% \/ 2 );\"><div class=\"fusion-layout-column fusion_builder_column fusion-builder-column-0 fusion_builder_column_1_1 1_1 fusion-flex-column\" style=\"--awb-bg-size:cover;--awb-width-large:100%;--awb-margin-top-large:0px;--awb-spacing-right-large:1.92%;--awb-margin-bottom-large:20px;--awb-spacing-left-large:1.92%;--awb-width-medium:100%;--awb-order-medium:0;--awb-spacing-right-medium:1.92%;--awb-spacing-left-medium:1.92%;--awb-width-small:100%;--awb-order-small:0;--awb-spacing-right-small:1.92%;--awb-spacing-left-small:1.92%;\"><div class=\"fusion-column-wrapper fusion-column-has-shadow fusion-flex-justify-content-flex-start fusion-content-layout-column\"><div class=\"fusion-text fusion-text-1\"><p class=\"translation-block\">Dataskyddsdeklaration<br>\nUppdatering: 08\/2024<br>\nDenna dataskyddsdeklaration ger en \u00f6versikt \u00f6ver behandlingen av era uppgifter<br>\nhos Granducato Gestioni srl, Granducato Natura Sarl och Granducato di Toscana srls,<br>\n\u00e4gare av varum\u00e4rkena Allegra Toscana, Villa al Castello, La Corte del Re, Granducato<br>\nCollection, Allegra Toscana Viareggio, Vio VIllas, Granducato Natura, Granducato<br>\nGestioni, Borgunto, L'Oro di Borgunto, Libercredit och alla varum\u00e4rken som finns p\u00e5<br>\nwww.granducatocollection.com. Denna deklaration g\u00e4ller f\u00f6r alla webbplatser, appar, andra<br>\ntj\u00e4nster och prestationer som erbjuds av bolagen och personerna inom koncernen.<br>\nF\u00f6rfr\u00e5gningar r\u00f6rande denna dataskyddsdeklaration eller behandlingen av uppgifter<br>\nutf\u00f6rd av Granducato Gestioni srl, Granducato Natura sarl och Granducato di Toscana srls,<br>\nv\u00e4nligen kontakta bolagens personuppgiftsansvarige p\u00e5 adressen granducatogestioni@gmail.com. Om ni vill ut\u00f6va er r\u00e4tt till information eller r\u00e4tten att bli bortgl\u00f6md, inklusive \u00e5terkallande av samtycke f\u00f6r marknadsf\u00f6ring,<br>\navregistrering fr\u00e5n nyhetsbrev etc., kontakta personuppgiftsansvarige via e-post. F\u00f6r ytterligare information, se avsnitten f\u00f6r kontakter p\u00e5 v\u00e5r webbplats.<br>\nVi erbjuder alternativa s\u00e4tt att l\u00e4sa denna dataskyddsdeklaration f\u00f6r personuppgifter. I detta avsnitt finner ni f\u00f6rst och fr\u00e4mst viss grundl\u00e4ggande information. D\u00e4refter har vi indelat denna dataskyddsdeklaration i kapitel baserat p\u00e5 de teman vi anser vara av intresse f\u00f6r er.<br>\nKapitelsval<br>\nVarje kapitel f\u00f6reg\u00e5s av en kort introduktionstext d\u00e4r vi sammanfattar inneh\u00e5llet i kapitlet kortfattat. Om ni vill ha en helhetsbild av alla uppgiftsbehandlingar rekommenderar vi att ni l\u00e4ser introduktionstexterna. Om ni vill veta detaljerna kan ni klicka p\u00e5 \"l\u00e4s mer\" under respektive introduktionstext. D\u00e5 visas det fullst\u00e4ndiga inneh\u00e5llet i det behandlade kapitlet.<br>\nF\u00f6r vilka erbjudanden och tj\u00e4nster g\u00e4ller denna dataskyddsdeklaration:<br>\nTypen och s\u00e4tten f\u00f6r uppgiftsbehandling som utf\u00f6rs av Granducato \u00e4r enhetliga f\u00f6r de flesta av v\u00e5ra erbjudanden. D\u00e4rf\u00f6r g\u00e4ller denna dataskyddsdeklaration f\u00f6r alla tj\u00e4nster och prestationer som vi erbjuder v\u00e5ra kunder i Europa. Detta g\u00e4ller oavsett vilken plattform vi erbjuder tj\u00e4nsten p\u00e5: webbplats, app, f\u00f6rs\u00e4ljningsst\u00e4llen, per telefon, evenemang eller via sociala n\u00e4tverk.<br>\nDet finns dock \u00e4ven tj\u00e4nster f\u00f6r vilka vi behandlar era uppgifter p\u00e5 annat s\u00e4tt eller f\u00f6r andra \u00e4ndam\u00e5l. Detta kan bero p\u00e5 typen av tj\u00e4nst eller p\u00e5 krav beroende p\u00e5 anv\u00e4ndningslandet. N\u00e4r vi h\u00e4nvisar till dessa fall, undantag fr\u00e5n normalfallet, talar vi om \"tj\u00e4nstespecifika\" eller \"landsspecifika\" best\u00e4mmelser.<br>\nGranducato Collection \u00e4r inte ett enskilt f\u00f6retag. Granducato Gestioni \u00e4r en koncern och best\u00e5r d\u00e4rf\u00f6r av bolagen Granducato Gestioni srl, Granducato Natura sarl och Granducato di Toscana srls. F\u00f6r enkelhets skull listas nedan endast de bolag inom koncernen Granducato Collection som faktiskt har att g\u00f6ra med behandlingen av era uppgifter. Om vi nedan talar om \"Granducato\" eller \"vi\" menar vi de bolag som respektive \u00e4r ansvariga inom koncernen Granducato Collection.<br>\nKonkret g\u00e4ller detta f\u00f6ljande Granducato-bolag.<\/p>\n<p class=\"translation-block\">Vad f\u00e5r ni veta genom denna deklaration om databehandling:<br>\nVilka uppgifter som lagras av Granducato.<br>\nVad vi g\u00f6r med dessa uppgifter och vad de beh\u00f6vs till.<br>\nVilka r\u00e4ttigheter ni har g\u00e4llande dataskydd och vilka valm\u00f6jligheter ni har till ert f\u00f6rfogande.<br>\nVilka teknologier och vilka uppgifter vi anv\u00e4nder f\u00f6r anpassning och justering av<br>v\u00e5ra tj\u00e4nster och inneh\u00e5ll f\u00f6r att erbjuda er en trygg, enkel,<br>avbrottsfri och individuell shoppingupplevelse.<br>\nVilka teknologier och vilka uppgifter vi anv\u00e4nder f\u00f6r reklam, inklusive teknologier f\u00f6r<br>sp\u00e5rning.<br>\n1. Vilka uppgifter behandlas av Granducato?<br>\nGranducato erbjuder olika tj\u00e4nster som ni kan anv\u00e4nda p\u00e5 olika s\u00e4tt. Beroende p\u00e5 om ni kontaktar oss online, per telefon, personligen eller p\u00e5 annat s\u00e4tt, kommer olika uppgifter fr\u00e5n olika k\u00e4llor att vara aktuella. M\u00e5nga av de uppgifter vi behandlar f\u00e5r vi fr\u00e5n er sj\u00e4lva n\u00e4r ni anv\u00e4nder v\u00e5ra tj\u00e4nster, till exempel n\u00e4r ni kontaktar oss och registrerar er med ert namn, e-postadress eller adress. Vi f\u00e5r dock \u00e4ven tekniska uppgifter om enheter och \u00e5tkomst som registreras automatiskt under interaktionen med v\u00e5ra tj\u00e4nster och bes\u00f6k. Dessa kan avse vilken typ av enhet ni anv\u00e4nder. Vi samlar in ytterligare uppgifter baserat p\u00e5 analyser som vi genomf\u00f6r (till exempel inom ramen f\u00f6r marknadsunders\u00f6kningar eller kundutv\u00e4rderingar). Vi kan \u00e4ven motta tredjepartsuppgifter om er, till exempel fr\u00e5n kreditupplysningsf\u00f6retag eller betalningstj\u00e4nstleverant\u00f6rer.<br>\n2. F\u00f6r vilket \u00e4ndam\u00e5l anv\u00e4nder Granducato uppgifterna?<br>\nGranducato behandlar era uppgifter i enlighet med alla till\u00e4mpliga dataskyddslagar. D\u00e4rvid f\u00f6ljer vi principerna i dataskyddsr\u00e4tten f\u00f6r behandling av personuppgifter. Som en grundprincip behandlar vi d\u00e4rf\u00f6r era uppgifter endast f\u00f6r de \u00e4ndam\u00e5l som f\u00f6rklaras i denna dataskyddsdeklaration och som angavs vid tidpunkten f\u00f6r insamlingen. Dessa \u00e4r i f\u00f6rsta hand genomf\u00f6randet av k\u00f6p och tillhandah\u00e5llandet,<br>anpassningen och utvecklingen samt s\u00e4kerheten f\u00f6r v\u00e5r tj\u00e4nst. Ut\u00f6ver detta anv\u00e4nder vi era uppgifter inom ramen f\u00f6r de strikta tyska och EU-r\u00e4ttsliga best\u00e4mmelserna om dataskydd, men \u00e4ven f\u00f6r andra \u00e4ndam\u00e5l, s\u00e5som produktutveckling, vetenskaplig forskning (s\u00e4rskilt inom omr\u00e5dena maskininl\u00e4rning, artificiell intelligens och djupinl\u00e4rning) och marknadsunders\u00f6kningar f\u00f6r optimering av aff\u00e4rsprocesser, anpassning av v\u00e5ra tj\u00e4nster efter behov samt personlig reklam och Google-annonser.<br>\n3. Personliga tj\u00e4nster<br>\nUtvecklingen och tillhandah\u00e5llandet av anpassade funktioner och tj\u00e4nster har h\u00f6gsta prioritet f\u00f6r oss. Oavsett plats, tidpunkt och typ av enhet som anv\u00e4nds erbjuder vi er en individuell shoppingupplevelse och ett utbud anpassat efter era individuella intressen. Behandlingen av era uppgifter f\u00f6r anpassning av v\u00e5ra tj\u00e4nster hos Granducato \u00e4r en integrerad del av tj\u00e4nsterna.<br>\n4. Information om webbplatser och appar<br>\nVi anv\u00e4nder era uppgifter f\u00f6r att tillhandah\u00e5lla Granducatos webbplatser och appar. Ut\u00f6ver enhets- och \u00e5tkomstuppgifter, som skapas vid varje anv\u00e4ndning av dessa tj\u00e4nster, beror typen av behandlade uppgifter och syftet med behandlingen s\u00e4rskilt p\u00e5 hur ni anv\u00e4nder de funktioner och tj\u00e4nster som tillhandah\u00e5lls via v\u00e5ra tj\u00e4nster. Dessutom anv\u00e4nder vi de uppgifter som skapas under anv\u00e4ndningen av v\u00e5ra tj\u00e4nster f\u00f6r att ta reda p\u00e5 hur v\u00e5rt onlineutbud anv\u00e4nds. Vi anv\u00e4nder s\u00e5dan information bland annat inom ramen f\u00f6r<\/p>\n<p class=\"translation-block\">per personalisering f\u00f6r att f\u00f6rb\u00e4ttra v\u00e5ra tj\u00e4nster samt f\u00f6r anpassad marknadsf\u00f6ring<br>\npersonanpassad.<br>\n5. Information om fansidor p\u00e5 sociala medier<br>\nGranducato \u00e4ger sociala medieprofiler p\u00e5 sociala n\u00e4tverk som Facebook och<br>\nInstagram. P\u00e5 v\u00e5ra fansidor publicerar och delar vi regelbundet inneh\u00e5ll,<br>\nerbjudanden och tips. Operat\u00f6rerna av sociala n\u00e4tverk registrerar ditt vanliga beteende<br>\nvia cookies och liknande tekniker vid varje interaktion med v\u00e5ra fansidor eller<br>\np\u00e5 andra Facebook- eller Instagram-webbplatser. Operat\u00f6rerna av fansidorna kan visa<br>\nallm\u00e4n statistik om intressen och demografiska egenskaper (t.ex. \u00e5lder, k\u00f6n,<br>\nregion) f\u00f6r bes\u00f6kare p\u00e5 dessa. N\u00e4r man anv\u00e4nder sociala n\u00e4tverk best\u00e4ms karakt\u00e4ren, omfattningen och syftet med databehandlingen huvudsakligen av operat\u00f6rerna<br>\nav dessa.<br>\n6. Nyhetsbrev<br>\nVi erbjuder olika nyhetsbrevstj\u00e4nster som inkluderar v\u00e5ra tj\u00e4nster. Genom att prenumerera p\u00e5<br>\nnyhetsbrevet kan du ta emot vissa av nyhetsbrevstj\u00e4nsterna enligt ovan (beroende<br>\np\u00e5 syftet med prenumerationen). Det finns ocks\u00e5 tj\u00e4nstespecifika nyhetsbrev, som<br>\n\u00e4r en integrerad del av en specifik tj\u00e4nst.<br>\n7. Produktrekommendationer via e-post och toppservice<br>\nI samband med v\u00e5ra tj\u00e4nster presenterar vi information och erbjudanden fr\u00e5n Granducato baserat<br>\np\u00e5 era intressen. Ni kan f\u00e5 ett begr\u00e4nsat antal individuella produktrekommendationer,<br>\nenk\u00e4ter, f\u00f6rfr\u00e5gningar om produktrecensioner fr\u00e5n oss,<br>\noavsett om ni \u00e4r prenumeranter p\u00e5 ett nyhetsbrev eller inte. I enlighet med<br>\nlagstiftningen anv\u00e4nder vi f\u00f6retr\u00e4desvis uppgifter om tidigare best\u00e4llningar f\u00f6r<br>\natt v\u00e4lja ut individuella produktrekommendationer.<br>\n8. Presentkort\/kuponger<br>\nVi anv\u00e4nder de uppgifter som l\u00e4mnats i samband med en best\u00e4llning av Granducato-kuponger f\u00f6r verifiering och<br>\nhantering av best\u00e4llningen samt f\u00f6r leverans och inl\u00f6sen av voucher. Detta<br>\ninneb\u00e4r ocks\u00e5 behandling av uppgifter kopplade till anv\u00e4ndningen av kupongen, s\u00e4rskilt i syfte<br>\natt f\u00f6rebygga bedr\u00e4gerier och svindleri.<br>\n9. Hur anv\u00e4nder Granducato mina uppgifter f\u00f6r marknadsf\u00f6rings\u00e4ndam\u00e5l?<br>\nVi och v\u00e5ra reklampartners anv\u00e4nder era uppgifter f\u00f6r anpassad marknadsf\u00f6ring som<br>\nvisas f\u00f6r er i Granducatos tj\u00e4nster samt p\u00e5 webbplatser och i appar fr\u00e5n andra leverant\u00f6rer. F\u00f6r detta<br>\n\u00e4ndam\u00e5l anv\u00e4nder vi och v\u00e5ra reklampartners vanliga internettekniker p\u00e5 marknaden.<br>\nP\u00e5 detta s\u00e4tt kan vi g\u00f6ra reklam med st\u00f6rre precision och visa er s\u00e5 mycket som m\u00f6jligt endast reklam och erbjudanden som \u00e4r relevanta f\u00f6r er. Detta g\u00f6r det m\u00f6jligt att b\u00e4ttre svara<br>\np\u00e5 v\u00e5ra anv\u00e4ndares behov av personalisering och s\u00f6kning efter nya produkter<br>\nsamt att l\u00e5ngsiktigt intressera dem f\u00f6r v\u00e5ra tj\u00e4nster genom en personlig<br>\nshoppingupplevelse.<br>\n10. Till vem vidarebefordras mina uppgifter?<br>\nGranducato vidarebefordrar endast uppgifter om detta till\u00e5ts enligt italiensk eller<br>\nEU-dataskyddslagstiftning. Vi har s\u00e4rskilt n\u00e4ra samarbeten med vissa tj\u00e4nstef\u00f6retag,<br>\nt.ex. inom kundtj\u00e4nst, med tekniska bolag eller med logistikf\u00f6retag<\/p>\n<p class=\"translation-block\">(t.ex. transport\u00f6rer som Poste). Som princip f\u00e5r dessa f\u00f6retag endast bearbeta era<br>\nuppgifter under s\u00e4rskilda villkor och p\u00e5 v\u00e5rt uppdrag. N\u00e4r vi anv\u00e4nder<br>\ns\u00e5dana f\u00f6retag som uppdragsbehandlare, f\u00e5r servicef\u00f6retagen<br>\ntillg\u00e5ng till era uppgifter endast i den omfattning och under den period som kr\u00e4vs<br>\nf\u00f6r tillhandah\u00e5llandet av respektive tj\u00e4nst. Om ni k\u00f6per fr\u00e5n en Granducato-partner,<br>\n\u00f6verf\u00f6r vi vissa av era k\u00f6puppgifter till Granducato-partnern, s\u00e5 att<br>\npartnern kan leverera den best\u00e4llda varan till er.<br>\n11. Vilka r\u00e4ttigheter har jag g\u00e4llande dataskydd?<br>\nH\u00e4nvisningar om dataskydd: r\u00e4tt till information (artikel 15 GDPR), r\u00e4tt till<br>radering (artikel 17 GDPR), r\u00e4tt till r\u00e4ttelse (artikel 16 GDPR), r\u00e4tt till<br>begr\u00e4nsning av behandling (artikel 18 GDPR), r\u00e4tt till dataportabilitet (artikel 20<br>GDPR), r\u00e4tt att inge klagom\u00e5l till en tillsynsmyndighet (artikel 77 GDPR),<br>r\u00e4tt att \u00e5terkalla samtycke (artikel 7 punkt 3 GDPR) samt r\u00e4tt att<br>g\u00f6ra inv\u00e4ndningar mot vissa behandlings\u00e5tg\u00e4rder (artikel 21 GDPR). Om<br>ni \u00f6nskar ut\u00f6va era r\u00e4ttigheter g\u00e4llande databehandling kan ni n\u00e4r som helst kontakta den personuppgiftsansvarige<br>\np\u00e5 adressen granducatogestioni@gmail.com. Ytterligare information finns i<br>\navsnittet Kontakt p\u00e5 webbplatsen.<br>\n12. N\u00e4r raderas mina uppgifter?<br>\nVi lagrar era personuppgifter s\u00e5 l\u00e4nge de \u00e4r n\u00f6dv\u00e4ndiga f\u00f6r syftena i denna<br>\ndataskyddsdeklaration, s\u00e4rskilt f\u00f6r att uppfylla lagstadgade och avtalsenliga f\u00f6rpliktelser. Ibland lagrar vi era personuppgifter \u00e4ven f\u00f6r<br>\nandra syften, om och s\u00e5 l\u00e4nge lagen till\u00e5ter fortsatt lagring f\u00f6r<br>\nbest\u00e4mda \u00e4ndam\u00e5l, inklusive f\u00f6rsvar mot juridiska anspr\u00e5k.<br>\n13. Hur skyddar Granducato mina uppgifter?<br>\nEra personuppgifter \u00f6verf\u00f6rs p\u00e5 ett s\u00e4kert s\u00e4tt genom kryptering. Detta g\u00e4ller<br>\n\u00e4ven f\u00f6r er best\u00e4llning och kundinloggning. F\u00f6r detta \u00e4ndam\u00e5l anv\u00e4nder vi<br>\nkoderingssystemet SSL (Secure Socket Layer). Dessutom skyddar vi v\u00e5ra webbplatser och andra<br>\nsystem genom f\u00f6rebyggande \u00e5tg\u00e4rder mot f\u00f6rlust, f\u00f6rst\u00f6relse, \u00e5tkomst,<br>\nmanipulation eller spridning av era uppgifter av obeh\u00f6riga personer.<br>\n14. \u00c4ndringar av denna dataskyddsdeklaration<br>\nVid vidareutveckling av v\u00e5ra webbplatser och appar samt implementering<br>\nav nya tekniker f\u00f6r att f\u00f6rb\u00e4ttra v\u00e5ra tj\u00e4nster f\u00f6r er, kan \u00e4ndringar av denna<br>\ndataskyddsinformation bli n\u00f6dv\u00e4ndiga. Vi rekommenderar d\u00e4rf\u00f6r att ni l\u00e4ser denna<br>\ndataskyddsdeklaration regelbundet.<br>\n15. Kontakt<br>\nNi kan n\u00e4r som helst kontakta granducatogestioni@gmail.com, v\u00e5rt team<br>\nsom arbetar med dataskydd, f\u00f6r allm\u00e4nna fr\u00e5gor eller f\u00f6r att ut\u00f6va era r\u00e4ttigheter.<br>\n16. Specifik serviceinformation<br>\nDen databehandling vi utf\u00f6r kan variera beroende p\u00e5 tj\u00e4nst. H\u00e4r kan ni<br>\ninformera er om de specifika skillnader som f\u00f6rekommer.<\/p>\n<p class=\"translation-block\">17. Landsspecifik information<br>\nV\u00e5r databehandling kan variera fr\u00e5n land till land, och du kan l\u00e4sa mer om landsspecifika skillnader h\u00e4r.<br>\n18. Cookie-meddelanden<br>\nVi och utvalda tredje parter anv\u00e4nder cookies eller liknande tekniker f\u00f6r tekniska \u00e4ndam\u00e5l och,<br>\nmed ditt samtycke, \u00e4ven f\u00f6r andra \u00e4ndam\u00e5l som anges i den specifika cookiepolicyn.<br>\nV\u00e4gran av samtycke kan g\u00f6ra relevanta webbplatsfunktioner otillg\u00e4ngliga.<br>\nN\u00e4r det g\u00e4ller reklam kan vi och utvalda tredje parter anv\u00e4nda exakta geolokaliseringsdata och identifiering genom enhetsskanning f\u00f6r att lagra och\/eller komma \u00e5t information p\u00e5 en enhet och behandla personuppgifter s\u00e5som dina<br>\nanv\u00e4ndningsdata f\u00f6r f\u00f6ljande reklam\u00e4ndam\u00e5l: personliga annonser och inneh\u00e5ll, annons- och inneh\u00e5llsm\u00e4tning, f\u00f6rs\u00e4ljning, publikinsikter och innovativ produktutveckling. ny.<br>\nDu kan fritt ge, v\u00e4gra eller \u00e5terkalla ditt samtycke n\u00e4r som helst genom att<br>\n\u00f6ppna inst\u00e4llningspanelen.<br>\nH\u00e4r kan du l\u00e4sa mer om de cookies vi anv\u00e4nder.<br>\nF\u00f6r att f\u00e5 en \u00f6versikt \u00f6ver alla cookies, bes\u00f6k www.granducatogestioni.com\/privacy eller<br>\navsluta prenumerationen fr\u00e5n webbplatsens kontaktformul\u00e4r.<\/p>\n<\/div><\/div><\/div><\/div><\/div>","protected":false},"excerpt":{"rendered":"","protected":false},"author":1,"featured_media":0,"parent":0,"menu_order":0,"comment_status":"open","ping_status":"closed","template":"100-width.php","meta":{"_acf_changed":false,"footnotes":""},"class_list":["post-4276","page","type-page","status-publish","hentry"],"acf":[],"yoast_head":"<!-- This site is optimized with the Yoast SEO plugin v26.7 - https:\/\/yoast.com\/wordpress\/plugins\/seo\/ -->\n<title>Privacy Policy - Granducato Collection<\/title>\n<meta name=\"robots\" content=\"index, follow, max-snippet:-1, max-image-preview:large, max-video-preview:-1\" \/>\n<link rel=\"canonical\" href=\"https:\/\/www.granducatocollection.com\/sv\/privacy-policy\/\" \/>\n<meta property=\"og:locale\" content=\"sv_SE\" \/>\n<meta property=\"og:type\" content=\"article\" \/>\n<meta property=\"og:title\" content=\"Privacy Policy - Granducato Collection\" \/>\n<meta property=\"og:url\" content=\"https:\/\/www.granducatocollection.com\/sv\/privacy-policy\/\" \/>\n<meta property=\"og:site_name\" content=\"Granducato Collection\" \/>\n<meta property=\"article:modified_time\" content=\"2024-08-02T12:16:53+00:00\" \/>\n<meta name=\"twitter:card\" content=\"summary_large_image\" \/>\n<meta name=\"twitter:label1\" content=\"Ber\u00e4knad l\u00e4stid\" \/>\n\t<meta name=\"twitter:data1\" content=\"23 minuter\" \/>\n<script type=\"application\/ld+json\" class=\"yoast-schema-graph\">{\"@context\":\"https:\/\/schema.org\",\"@graph\":[{\"@type\":\"WebPage\",\"@id\":\"https:\/\/www.granducatocollection.com\/privacy-policy\/\",\"url\":\"https:\/\/www.granducatocollection.com\/privacy-policy\/\",\"name\":\"Privacy Policy - Granducato Collection\",\"isPartOf\":{\"@id\":\"https:\/\/www.granducatocollection.com\/#website\"},\"datePublished\":\"2024-08-02T09:53:36+00:00\",\"dateModified\":\"2024-08-02T12:16:53+00:00\",\"breadcrumb\":{\"@id\":\"https:\/\/www.granducatocollection.com\/privacy-policy\/#breadcrumb\"},\"inLanguage\":\"sv-SE\",\"potentialAction\":[{\"@type\":\"ReadAction\",\"target\":[\"https:\/\/www.granducatocollection.com\/privacy-policy\/\"]}]},{\"@type\":\"BreadcrumbList\",\"@id\":\"https:\/\/www.granducatocollection.com\/privacy-policy\/#breadcrumb\",\"itemListElement\":[{\"@type\":\"ListItem\",\"position\":1,\"name\":\"Home\",\"item\":\"https:\/\/www.granducatocollection.com\/\"},{\"@type\":\"ListItem\",\"position\":2,\"name\":\"Privacy Policy\"}]},{\"@type\":\"WebSite\",\"@id\":\"https:\/\/www.granducatocollection.com\/#website\",\"url\":\"https:\/\/www.granducatocollection.com\/\",\"name\":\"GranDucato Collection\",\"description\":\"Prenota la tua vacanza e vivi un&#039;esperienza unica\",\"potentialAction\":[{\"@type\":\"SearchAction\",\"target\":{\"@type\":\"EntryPoint\",\"urlTemplate\":\"https:\/\/www.granducatocollection.com\/?s={search_term_string}\"},\"query-input\":{\"@type\":\"PropertyValueSpecification\",\"valueRequired\":true,\"valueName\":\"search_term_string\"}}],\"inLanguage\":\"sv-SE\"}]}<\/script>\n<!-- \/ Yoast SEO plugin. -->","yoast_head_json":{"title":"Privacy Policy - Granducato Collection","robots":{"index":"index","follow":"follow","max-snippet":"max-snippet:-1","max-image-preview":"max-image-preview:large","max-video-preview":"max-video-preview:-1"},"canonical":"https:\/\/www.granducatocollection.com\/sv\/privacy-policy\/","og_locale":"sv_SE","og_type":"article","og_title":"Privacy Policy - Granducato Collection","og_url":"https:\/\/www.granducatocollection.com\/sv\/privacy-policy\/","og_site_name":"Granducato Collection","article_modified_time":"2024-08-02T12:16:53+00:00","twitter_card":"summary_large_image","twitter_misc":{"Ber\u00e4knad l\u00e4stid":"23 minuter"},"schema":{"@context":"https:\/\/schema.org","@graph":[{"@type":"WebPage","@id":"https:\/\/www.granducatocollection.com\/privacy-policy\/","url":"https:\/\/www.granducatocollection.com\/privacy-policy\/","name":"Privacy Policy - Granducato Collection","isPartOf":{"@id":"https:\/\/www.granducatocollection.com\/#website"},"datePublished":"2024-08-02T09:53:36+00:00","dateModified":"2024-08-02T12:16:53+00:00","breadcrumb":{"@id":"https:\/\/www.granducatocollection.com\/privacy-policy\/#breadcrumb"},"inLanguage":"sv-SE","potentialAction":[{"@type":"ReadAction","target":["https:\/\/www.granducatocollection.com\/privacy-policy\/"]}]},{"@type":"BreadcrumbList","@id":"https:\/\/www.granducatocollection.com\/privacy-policy\/#breadcrumb","itemListElement":[{"@type":"ListItem","position":1,"name":"Home","item":"https:\/\/www.granducatocollection.com\/"},{"@type":"ListItem","position":2,"name":"Privacy Policy"}]},{"@type":"WebSite","@id":"https:\/\/www.granducatocollection.com\/#website","url":"https:\/\/www.granducatocollection.com\/","name":"GranDucato Collection","description":"Prenota la tua vacanza e vivi un&#039;esperienza unica","potentialAction":[{"@type":"SearchAction","target":{"@type":"EntryPoint","urlTemplate":"https:\/\/www.granducatocollection.com\/?s={search_term_string}"},"query-input":{"@type":"PropertyValueSpecification","valueRequired":true,"valueName":"search_term_string"}}],"inLanguage":"sv-SE"}]}},"_links":{"self":[{"href":"https:\/\/www.granducatocollection.com\/sv\/wp-json\/wp\/v2\/pages\/4276","targetHints":{"allow":["GET"]}}],"collection":[{"href":"https:\/\/www.granducatocollection.com\/sv\/wp-json\/wp\/v2\/pages"}],"about":[{"href":"https:\/\/www.granducatocollection.com\/sv\/wp-json\/wp\/v2\/types\/page"}],"author":[{"embeddable":true,"href":"https:\/\/www.granducatocollection.com\/sv\/wp-json\/wp\/v2\/users\/1"}],"replies":[{"embeddable":true,"href":"https:\/\/www.granducatocollection.com\/sv\/wp-json\/wp\/v2\/comments?post=4276"}],"version-history":[{"count":4,"href":"https:\/\/www.granducatocollection.com\/sv\/wp-json\/wp\/v2\/pages\/4276\/revisions"}],"predecessor-version":[{"id":5175,"href":"https:\/\/www.granducatocollection.com\/sv\/wp-json\/wp\/v2\/pages\/4276\/revisions\/5175"}],"wp:attachment":[{"href":"https:\/\/www.granducatocollection.com\/sv\/wp-json\/wp\/v2\/media?parent=4276"}],"curies":[{"name":"wp","href":"https:\/\/api.w.org\/{rel}","templated":true}]}}