{"id":7769,"date":"2025-06-27T13:21:31","date_gmt":"2025-06-27T13:21:31","guid":{"rendered":"https:\/\/www.granducatocollection.com\/?post_type=product&#038;p=7769"},"modified":"2026-03-18T12:42:48","modified_gmt":"2026-03-18T12:42:48","slug":"bungalow-jacuzzi","status":"publish","type":"product","link":"https:\/\/www.granducatocollection.com\/ru\/product\/bungalow-jacuzzi\/","title":{"rendered":"\u0411\u0443\u043d\u0433\u0430\u043b\u043e \u0441 \u0434\u0436\u0430\u043a\u0443\u0437\u0438 \u2013 Viovillas \u0432 \u0445\u043e\u043b\u043c\u0430\u0445 \u0410\u0440\u0435\u0446\u0446\u043e | \u041a\u043e\u043b\u043b\u0435\u043a\u0446\u0438\u044f Granducato"},"content":{"rendered":"<h1>Bungalow con jacuzzi privata presso Viovillas<\/h1>\n<h2>Struttura immersa nella campagna toscana a pochi minuti da Arezzo<\/h2>\n<h3>Perfetto per chi cerca relax, privacy e contatto con la natura. Dotato di area soggiorno, WiFi gratuito e vista panoramica sulle colline. Ideale per coppie o viaggiatori in cerca di benessere autentico in Toscana.<\/h3>\n<p><span style=\"color: white;\">Campeggio Arezzo<\/span><br \/>\n<span style=\"color: white;\">Glamping Arezzo<\/span><br \/>\n<span style=\"color: white;\">Agriturismo Arezzo<\/span><br \/>\n<span style=\"color: white;\">\u041e\u0442\u0435\u043b\u044c \u0410\u0440\u0435\u0446\u0446\u043e<\/span><\/p>","protected":false},"excerpt":{"rendered":"<p><!-- H1 principale - SEO optimized --><\/p>\n<h1 class=\"fusion-responsive-typography-calculated\" style=\"margin-bottom: 24px;\" data-fontsize=\"32\" data-lineheight=\"36px\">Bungalow con Jacuzzi Privata ad Arezzo \u2013 Vio Villas<\/h1>\n<p><!-- Contenuto esistente (inalterato) --><\/p>\n<h2 class=\"fusion-responsive-typography-calculated\" data-fontsize=\"26\" data-lineheight=\"28.86px\">Camere confortevoli e curate nei minimi dettagli<\/h2>\n<div class=\"paragrafo\">Le nostre camere sono progettate per garantire relax e benessere: dotate di TV, minibar, area salotto e bagno privato completo di doccia, asciugacapelli e set di cortesia. Un ambiente accogliente dove sentirsi subito a casa, perfetto per viaggiatori singoli, coppie o piccole famiglie.<\/div>\n<h2 class=\"fusion-responsive-typography-calculated\" data-fontsize=\"26\" data-lineheight=\"28.86px\">Colazione personalizzata con la nostra Breakfast Box<\/h2>\n<div class=\"paragrafo\">Inclusa su richiesta, la nostra Breakfast Box ti permette di gustare una colazione genuina direttamente in camera. Troverai prodotti freschi, dolci fatti in casa, bevande calde e succhi naturali, pensati per iniziare al meglio la tua giornata tra arte e natura.<\/div>\n<h2 class=\"fusion-responsive-typography-calculated\" data-fontsize=\"26\" data-lineheight=\"28.86px\">Comodit\u00e0 e Assistenza h24<\/h2>\n<div class=\"paragrafo\">Per il massimo della comodit\u00e0, Vio Villas offre una reception virtuale attiva 24 ore su 24 e una reception fisica operativa dalle 10:00 alle 19:30. Inoltre, mettiamo a disposizione un servizio di deposito bagagli gratuito, cos\u00ec potrai goderti Arezzo senza preoccupazioni.<\/div>\n<h2 class=\"fusion-responsive-typography-calculated\" data-fontsize=\"26\" data-lineheight=\"28.86px\">Esplora Arezzo e la Toscana da Vio Villas<\/h2>\n<div class=\"paragrafo\">Se desideri scoprire il fascino autentico della Toscana, partendo da uno dei punti pi\u00f9 suggestivi della regione, Vio Villas \u00e8 la base ideale. Vicinissimo al centro storico di Arezzo, ma immerso nella tranquillit\u00e0 dei Colli Aretini, \u00e8 la scelta perfetta per turisti, viaggiatori business e amanti della cultura enogastronomica toscana.<\/div>\n<h2 class=\"fusion-responsive-typography-calculated\" data-fontsize=\"26\" data-lineheight=\"28.86px\">Prenota il tuo soggiorno a Vio Villas<\/h2>\n<div class=\"paragrafo\">Non aspettare oltre: prenota ora il tuo soggiorno a Vio Villas e vivi l\u2019autenticit\u00e0 della Toscana in un ambiente confortevole, curato nei dettagli e circondato dal verde dei Colli Aretini. Ti aspettiamo per farti vivere un\u2019esperienza unica nel cuore della Toscana!<\/div>\n<p><!-- Schema JSON-LD per SEO avanzata (Google compliant) --><br \/>\n<script type=\"application\/ld+json\">\n{\n  \"@context\": \"https:\/\/schema.org\",\n  \"@type\": \"LodgingBusiness\",\n  \"name\": \"Vio Villas \u2013 Bungalow con Jacuzzi\",\n  \"url\": \"https:\/\/www.granducatocollection.com\/prodotto\/bungalow-jacuzzi\/\",\n  \"image\": \"https:\/\/www.granducatocollection.com\/wp-content\/uploads\/2025\/12\/viovillas-bungalow-jacuzzi-arezzo.jpg\",\n  \"description\": \"Bungalow con jacuzzi privata riscaldata nei Colli Aretini, a 10 minuti dal centro di Arezzo. Perfetto per coppie e viaggiatori culturali.\",\n  \"address\": {\n    \"@type\": \"PostalAddress\",\n    \"streetAddress\": \"Localit\u00e0 Vio\",\n    \"addressLocality\": \"Arezzo\",\n    \"postalCode\": \"52100\",\n    \"addressCountry\": \"IT\"\n  },\n  \"geo\": {\n    \"@type\": \"GeoCoordinates\",\n    \"latitude\": 43.467,\n    \"longitude\": 11.885\n  },\n  \"telephone\": \"+393772539581\",\n  \"amenityFeature\": [\n    {\n      \"@type\": \"LocationFeatureSpecification\",\n      \"name\": \"Jacuzzi privata\",\n      \"value\": true\n    },\n    {\n      \"@type\": \"LocationFeatureSpecification\",\n      \"name\": \"WiFi gratuito\",\n      \"value\": true\n    },\n    {\n      \"@type\": \"LocationFeatureSpecification\",\n      \"name\": \"Breakfast Box\",\n      \"value\": true\n    },\n    {\n      \"@type\": \"LocationFeatureSpecification\",\n      \"name\": \"Reception 24h\",\n      \"value\": true\n    }\n  ],\n  \"offers\": {\n    \"@type\": \"Offer\",\n    \"url\": \"https:\/\/www.granducatocollection.com\/prodotto\/bungalow-jacuzzi\/\",\n    \"priceCurrency\": \"EUR\",\n    \"price\": \"120.00\",\n    \"priceValidUntil\": \"2026-12-31\",\n    \"availability\": \"https:\/\/schema.org\/InStock\",\n    \"itemCondition\": \"https:\/\/schema.org\/NewCondition\"\n  },\n  \"sameAs\": [\n    \"https:\/\/www.granducatocollection.com\",\n    \"https:\/\/www.instagram.com\/granducatocollection\/\"\n  ]\n}\n<\/script><br \/>\n<a style=\"text-decoration: none; display: inline-flex; align-items: center; color: #159c7f; font-weight: 600;\" href=\"https:\/\/wa.me\/3772539581\" target=\"_blank\" rel=\"noopener noreferrer\"><br \/>\n<img decoding=\"async\" style=\"width: 24px; height: 24px; margin-right: 8px;\" src=\"https:\/\/upload.wikimedia.org\/wikipedia\/commons\/6\/6b\/WhatsApp.svg\" alt=\"WhatsApp Icon\" \/><br \/>\nPrenota direttamente su WhatsApp<br \/>\n<\/a><\/p>\n","protected":false},"featured_media":7759,"template":"","meta":{"_acf_changed":false},"product_brand":[764],"product_cat":[91],"product_tag":[154,186,167,152,184,178,185,156,165,110],"class_list":{"0":"post-7769","1":"product","2":"type-product","3":"status-publish","4":"has-post-thumbnail","6":"product_brand-granducato-collection","7":"product_cat-camere","8":"product_tag-alloggio","9":"product_tag-alloggio-premium","10":"product_tag-arezzo","11":"product_tag-bungalow","12":"product_tag-bungalow-con-jacuzzi","13":"product_tag-camera-con-servizi-esclusivi","14":"product_tag-jacuzzi-privato","15":"product_tag-relax","16":"product_tag-soggiorno","17":"product_tag-toscana","19":"first","20":"instock","21":"shipping-taxable","22":"product-type-simple"},"acf":[],"yoast_head":"<!-- This site is optimized with the Yoast SEO plugin v26.7 - https:\/\/yoast.com\/wordpress\/plugins\/seo\/ -->\n<title>B&amp;B Arezzo - Bungalow con Jacuzzi \u2013 Viovillas tra i Colli Aretini | Granducato Collection - Granducato Collection<\/title>\n<meta name=\"description\" content=\"Soggiorna nel cuore della Toscana con Jacuzzi privata, arredi raffinati e vista panoramica. Esperienza di lusso nella nostra collezione esclusiva.\" \/>\n<meta name=\"robots\" content=\"index, follow, max-snippet:-1, max-image-preview:large, max-video-preview:-1\" \/>\n<link rel=\"canonical\" href=\"https:\/\/www.granducatocollection.com\/ru\/product\/bungalow-jacuzzi\/\" \/>\n<meta property=\"og:locale\" content=\"ru_RU\" \/>\n<meta property=\"og:type\" content=\"article\" \/>\n<meta property=\"og:title\" content=\"B&amp;B Arezzo - Bungalow con Jacuzzi \u2013 Viovillas tra i Colli Aretini | Granducato Collection - Granducato Collection\" \/>\n<meta property=\"og:description\" content=\"Soggiorna nel cuore della Toscana con Jacuzzi privata, arredi raffinati e vista panoramica. Esperienza di lusso nella nostra collezione esclusiva.\" \/>\n<meta property=\"og:url\" content=\"https:\/\/www.granducatocollection.com\/ru\/product\/bungalow-jacuzzi\/\" \/>\n<meta property=\"og:site_name\" content=\"Granducato Collection\" \/>\n<meta property=\"article:modified_time\" content=\"2026-03-18T12:42:48+00:00\" \/>\n<meta property=\"og:image\" content=\"https:\/\/www.granducatocollection.com\/wp-content\/uploads\/2025\/06\/20250609_132454-scaled-1.jpg\" \/>\n\t<meta property=\"og:image:width\" content=\"1920\" \/>\n\t<meta property=\"og:image:height\" content=\"2560\" \/>\n\t<meta property=\"og:image:type\" content=\"image\/jpeg\" \/>\n<meta name=\"twitter:card\" content=\"summary_large_image\" \/>\n<meta name=\"twitter:label1\" content=\"\u041f\u0440\u0438\u043c\u0435\u0440\u043d\u043e\u0435 \u0432\u0440\u0435\u043c\u044f \u0434\u043b\u044f \u0447\u0442\u0435\u043d\u0438\u044f\" \/>\n\t<meta name=\"twitter:data1\" content=\"1 \u043c\u0438\u043d\u0443\u0442\u0430\" \/>\n<script type=\"application\/ld+json\" class=\"yoast-schema-graph\">{\"@context\":\"https:\/\/schema.org\",\"@graph\":[{\"@type\":\"WebPage\",\"@id\":\"https:\/\/www.granducatocollection.com\/prodotto\/bungalow-jacuzzi\/\",\"url\":\"https:\/\/www.granducatocollection.com\/prodotto\/bungalow-jacuzzi\/\",\"name\":\"B&B Arezzo - Bungalow con Jacuzzi \u2013 Viovillas tra i Colli Aretini | Granducato Collection - Granducato Collection\",\"isPartOf\":{\"@id\":\"https:\/\/www.granducatocollection.com\/#website\"},\"primaryImageOfPage\":{\"@id\":\"https:\/\/www.granducatocollection.com\/prodotto\/bungalow-jacuzzi\/#primaryimage\"},\"image\":{\"@id\":\"https:\/\/www.granducatocollection.com\/prodotto\/bungalow-jacuzzi\/#primaryimage\"},\"thumbnailUrl\":\"https:\/\/www.granducatocollection.com\/wp-content\/uploads\/2025\/06\/20250609_132454-scaled-1.jpg\",\"datePublished\":\"2025-06-27T13:21:31+00:00\",\"dateModified\":\"2026-03-18T12:42:48+00:00\",\"description\":\"Soggiorna nel cuore della Toscana con Jacuzzi privata, arredi raffinati e vista panoramica. Esperienza di lusso nella nostra collezione esclusiva.\",\"breadcrumb\":{\"@id\":\"https:\/\/www.granducatocollection.com\/prodotto\/bungalow-jacuzzi\/#breadcrumb\"},\"inLanguage\":\"ru-RU\",\"potentialAction\":[{\"@type\":\"ReadAction\",\"target\":[\"https:\/\/www.granducatocollection.com\/prodotto\/bungalow-jacuzzi\/\"]}]},{\"@type\":\"ImageObject\",\"inLanguage\":\"ru-RU\",\"@id\":\"https:\/\/www.granducatocollection.com\/prodotto\/bungalow-jacuzzi\/#primaryimage\",\"url\":\"https:\/\/www.granducatocollection.com\/wp-content\/uploads\/2025\/06\/20250609_132454-scaled-1.jpg\",\"contentUrl\":\"https:\/\/www.granducatocollection.com\/wp-content\/uploads\/2025\/06\/20250609_132454-scaled-1.jpg\",\"width\":1920,\"height\":2560,\"caption\":\"Bungalow esclusivo a Borgunto, Arezzo \u2013 Scopri la struttura del Granducato Gestioni con jacuzzi privata e ambienti confortevoli per una vacanza rigenerante in Toscana.\"},{\"@type\":\"BreadcrumbList\",\"@id\":\"https:\/\/www.granducatocollection.com\/prodotto\/bungalow-jacuzzi\/#breadcrumb\",\"itemListElement\":[{\"@type\":\"ListItem\",\"position\":1,\"name\":\"Home\",\"item\":\"https:\/\/www.granducatocollection.com\/\"},{\"@type\":\"ListItem\",\"position\":2,\"name\":\"Shop\",\"item\":\"https:\/\/www.granducatocollection.com\/negozio\/\"},{\"@type\":\"ListItem\",\"position\":3,\"name\":\"Bungalow con Jacuzzi \u2013 Viovillas tra i Colli Aretini | Granducato Collection\"}]},{\"@type\":\"WebSite\",\"@id\":\"https:\/\/www.granducatocollection.com\/#website\",\"url\":\"https:\/\/www.granducatocollection.com\/\",\"name\":\"GranDucato Collection\",\"description\":\"Prenota la tua vacanza e vivi un&#039;esperienza unica\",\"potentialAction\":[{\"@type\":\"SearchAction\",\"target\":{\"@type\":\"EntryPoint\",\"urlTemplate\":\"https:\/\/www.granducatocollection.com\/?s={search_term_string}\"},\"query-input\":{\"@type\":\"PropertyValueSpecification\",\"valueRequired\":true,\"valueName\":\"search_term_string\"}}],\"inLanguage\":\"ru-RU\"}]}<\/script>\n<!-- \/ Yoast SEO plugin. -->","yoast_head_json":{"title":"B&B Arezzo - Bungalow con Jacuzzi \u2013 Viovillas tra i Colli Aretini | Granducato Collection - Granducato Collection","description":"Soggiorna nel cuore della Toscana con Jacuzzi privata, arredi raffinati e vista panoramica. Esperienza di lusso nella nostra collezione esclusiva.","robots":{"index":"index","follow":"follow","max-snippet":"max-snippet:-1","max-image-preview":"max-image-preview:large","max-video-preview":"max-video-preview:-1"},"canonical":"https:\/\/www.granducatocollection.com\/ru\/product\/bungalow-jacuzzi\/","og_locale":"ru_RU","og_type":"article","og_title":"B&B Arezzo - Bungalow con Jacuzzi \u2013 Viovillas tra i Colli Aretini | Granducato Collection - Granducato Collection","og_description":"Soggiorna nel cuore della Toscana con Jacuzzi privata, arredi raffinati e vista panoramica. Esperienza di lusso nella nostra collezione esclusiva.","og_url":"https:\/\/www.granducatocollection.com\/ru\/product\/bungalow-jacuzzi\/","og_site_name":"Granducato Collection","article_modified_time":"2026-03-18T12:42:48+00:00","og_image":[{"width":1920,"height":2560,"url":"https:\/\/www.granducatocollection.com\/wp-content\/uploads\/2025\/06\/20250609_132454-scaled-1.jpg","type":"image\/jpeg"}],"twitter_card":"summary_large_image","twitter_misc":{"\u041f\u0440\u0438\u043c\u0435\u0440\u043d\u043e\u0435 \u0432\u0440\u0435\u043c\u044f \u0434\u043b\u044f \u0447\u0442\u0435\u043d\u0438\u044f":"1 \u043c\u0438\u043d\u0443\u0442\u0430"},"schema":{"@context":"https:\/\/schema.org","@graph":[{"@type":"WebPage","@id":"https:\/\/www.granducatocollection.com\/prodotto\/bungalow-jacuzzi\/","url":"https:\/\/www.granducatocollection.com\/prodotto\/bungalow-jacuzzi\/","name":"B&B Arezzo - Bungalow con Jacuzzi \u2013 Viovillas tra i Colli Aretini | Granducato Collection - Granducato Collection","isPartOf":{"@id":"https:\/\/www.granducatocollection.com\/#website"},"primaryImageOfPage":{"@id":"https:\/\/www.granducatocollection.com\/prodotto\/bungalow-jacuzzi\/#primaryimage"},"image":{"@id":"https:\/\/www.granducatocollection.com\/prodotto\/bungalow-jacuzzi\/#primaryimage"},"thumbnailUrl":"https:\/\/www.granducatocollection.com\/wp-content\/uploads\/2025\/06\/20250609_132454-scaled-1.jpg","datePublished":"2025-06-27T13:21:31+00:00","dateModified":"2026-03-18T12:42:48+00:00","description":"Soggiorna nel cuore della Toscana con Jacuzzi privata, arredi raffinati e vista panoramica. Esperienza di lusso nella nostra collezione esclusiva.","breadcrumb":{"@id":"https:\/\/www.granducatocollection.com\/prodotto\/bungalow-jacuzzi\/#breadcrumb"},"inLanguage":"ru-RU","potentialAction":[{"@type":"ReadAction","target":["https:\/\/www.granducatocollection.com\/prodotto\/bungalow-jacuzzi\/"]}]},{"@type":"ImageObject","inLanguage":"ru-RU","@id":"https:\/\/www.granducatocollection.com\/prodotto\/bungalow-jacuzzi\/#primaryimage","url":"https:\/\/www.granducatocollection.com\/wp-content\/uploads\/2025\/06\/20250609_132454-scaled-1.jpg","contentUrl":"https:\/\/www.granducatocollection.com\/wp-content\/uploads\/2025\/06\/20250609_132454-scaled-1.jpg","width":1920,"height":2560,"caption":"Bungalow esclusivo a Borgunto, Arezzo \u2013 Scopri la struttura del Granducato Gestioni con jacuzzi privata e ambienti confortevoli per una vacanza rigenerante in Toscana."},{"@type":"BreadcrumbList","@id":"https:\/\/www.granducatocollection.com\/prodotto\/bungalow-jacuzzi\/#breadcrumb","itemListElement":[{"@type":"ListItem","position":1,"name":"Home","item":"https:\/\/www.granducatocollection.com\/"},{"@type":"ListItem","position":2,"name":"Shop","item":"https:\/\/www.granducatocollection.com\/negozio\/"},{"@type":"ListItem","position":3,"name":"Bungalow con Jacuzzi \u2013 Viovillas tra i Colli Aretini | Granducato Collection"}]},{"@type":"WebSite","@id":"https:\/\/www.granducatocollection.com\/#website","url":"https:\/\/www.granducatocollection.com\/","name":"GranDucato Collection","description":"Prenota la tua vacanza e vivi un&#039;esperienza unica","potentialAction":[{"@type":"SearchAction","target":{"@type":"EntryPoint","urlTemplate":"https:\/\/www.granducatocollection.com\/?s={search_term_string}"},"query-input":{"@type":"PropertyValueSpecification","valueRequired":true,"valueName":"search_term_string"}}],"inLanguage":"ru-RU"}]}},"_links":{"self":[{"href":"https:\/\/www.granducatocollection.com\/ru\/wp-json\/wp\/v2\/product\/7769","targetHints":{"allow":["GET"]}}],"collection":[{"href":"https:\/\/www.granducatocollection.com\/ru\/wp-json\/wp\/v2\/product"}],"about":[{"href":"https:\/\/www.granducatocollection.com\/ru\/wp-json\/wp\/v2\/types\/product"}],"wp:featuredmedia":[{"embeddable":true,"href":"https:\/\/www.granducatocollection.com\/ru\/wp-json\/wp\/v2\/media\/7759"}],"wp:attachment":[{"href":"https:\/\/www.granducatocollection.com\/ru\/wp-json\/wp\/v2\/media?parent=7769"}],"wp:term":[{"taxonomy":"product_brand","embeddable":true,"href":"https:\/\/www.granducatocollection.com\/ru\/wp-json\/wp\/v2\/product_brand?post=7769"},{"taxonomy":"product_cat","embeddable":true,"href":"https:\/\/www.granducatocollection.com\/ru\/wp-json\/wp\/v2\/product_cat?post=7769"},{"taxonomy":"product_tag","embeddable":true,"href":"https:\/\/www.granducatocollection.com\/ru\/wp-json\/wp\/v2\/product_tag?post=7769"}],"curies":[{"name":"wp","href":"https:\/\/api.w.org\/{rel}","templated":true}]}}