{"id":6978,"date":"2025-05-02T10:55:04","date_gmt":"2025-05-02T10:55:04","guid":{"rendered":"https:\/\/www.granducatocollection.com\/?post_type=product&#038;p=6978"},"modified":"2026-04-06T09:39:49","modified_gmt":"2026-04-06T09:39:49","slug":"degustazione-in-pieno-centro-storico","status":"publish","type":"product","link":"https:\/\/www.granducatocollection.com\/ru\/product\/degustazione-in-pieno-centro-storico\/","title":{"rendered":"\u0414\u0435\u0433\u0443\u0441\u0442\u0430\u0446\u0438\u044f \u0432 \u0441\u0430\u043c\u043e\u043c \u0441\u0435\u0440\u0434\u0446\u0435 \u0438\u0441\u0442\u043e\u0440\u0438\u0447\u0435\u0441\u043a\u043e\u0433\u043e \u0446\u0435\u043d\u0442\u0440\u0430 \u2014 \u0433\u0430\u0441\u0442\u0440\u043e\u043d\u043e\u043c\u0438\u0447\u0435\u0441\u043a\u0438\u0439 \u0438 \u0432\u0438\u043d\u043d\u044b\u0439 \u0442\u0443\u0440 (\u0434\u043b\u044f \u043b\u0438\u0446 \u0441\u0442\u0430\u0440\u0448\u0435 18 \u043b\u0435\u0442)"},"content":{"rendered":"<div class=\"product-description\">\n<h1>Degustazione in pieno centro storico<\/h1>\n<p>&nbsp;<\/p>\n<p class=\"intro\">Nel cuore dei vigneti, dove il sole accarezza le vigne e il vento sussurra segreti antichi, si svela un'arte millenaria: la degustazione del vino. \u00c8 un rituale che danza tra il passato e il presente, un'armonia di sensazioni che si dipana tra le botti di legno e i calici di cristallo.<\/p>\n<p>Il primo sorso \u00e8 un viaggio, un percorso sensoriale che abbraccia il gusto con la stessa intensit\u00e0 con cui il vento accarezza i grappoli. Il dolce abbraccio dell'uvaggio, seguito dalla danza vivace dell'acidit\u00e0 che risveglia il palato. Poi, la trama dei tannini, come il tessuto di una storia avvincente che si svela lentamente e ti avvolge completamente.<\/p>\n<p>Il tutto accompagnato dal sapore sublime dei nostri prodotti tipici al tartufo e non: un'esperienza unica, fuori dal comune e che non ci si aspetta di trovare nel centro storico di una citt\u00e0 famosa, al contrario, nelle campagne sconfinate.<\/p>\n<h3>Cosa degusterai<\/h3>\n<ul class=\"tasting-list\">\n<li>1 calice di Chianti Rosso DOCG<\/li>\n<li>1 calice di Chianti Riserva DOCG<\/li>\n<li>1 calice di Chianti Rosato IGT<\/li>\n<li>Bruschetta con olio EVO Borgunto<\/li>\n<li>Bruschetta con maionese al tartufo Borgunto<\/li>\n<li>Popcorn al tartufo Borgunto<\/li>\n<li>Formaggio con miele al tartufo Borgunto<\/li>\n<\/ul>\n<p class=\"contact-info\">Per ulteriori informazioni, contattaci al<br \/>\n<a href=\"tel:+393772539581\">+39 377 253 9581<\/a>.<br \/>\nSiamo situati in <strong>Via Borgunto, n. 7, Piazza Grande, Arezzo (AR)<\/strong>.<\/p>\n<\/div>","protected":false},"excerpt":{"rendered":"<h1 class=\"product-description\" style=\"text-align: justify;\">Degustazione in centro storico<\/h1>\n<p>Nel cuore dei vigneti, dove il sole accarezza le vigne e il vento sussurra segreti antichi, si svela un'arte millenaria: la degustazione del vino. \u00c8 un rituale che danza tra il passato e il presente, un'armonia di sensazioni che si dipana tra le botti di legno e i calici di cristallo.<\/p>\n<p>Il primo sorso \u00e8 un viaggio, un percorso sensoriale che abbraccia il gusto con la stessa intensit\u00e0 con cui il vento accarezza i grappoli. Il dolce abbraccio dell'uvaggio, seguito dalla danza vivace dell'acidit\u00e0 che risveglia il palato. Poi, la trama dei tannini, come il tessuto di una storia avvincente che si svela lentamente e ti avvolge completamente.<\/p>\n<p>Il tutto accompagnato dal sapore sublime dei nostri prodotti tipici al tartufo e non, un'esperienza unica, fuori dal comune e che non ci si aspetta di trovare nel centro storico di una citt\u00e0 famosa, al contrario, nelle campagne sconfinate.<\/p>\n<h3>Cosa degusterai<\/h3>\n<ul>\n<li>1 calice di Chianti Rosso DOCG<\/li>\n<li>1 calice di Chianti Riserva DOCG<\/li>\n<li>1 calice di Chianti Rosato IGT<\/li>\n<li>Bruschetta con olio EVO Borgunto<\/li>\n<li>Bruschetta con maionese al tartufo Borgunto<\/li>\n<li>Popcorn al tartufo Borgunto<\/li>\n<li>Formaggio con miele al tartufo Borgunto<\/li>\n<\/ul>\n<p>Per ulteriori informazioni, contattaci al<br \/>\n<a href=\"tel:+393772539581\">377 253 9581<\/a>.<br \/>\nSiamo situati in Via Borgunto, n. 7, Piazza Grande, Arezzo (AR).<\/p>","protected":false},"featured_media":11379,"template":"","meta":{"_acf_changed":false},"product_brand":[764],"product_cat":[843],"product_tag":[360,794,723,796,420],"class_list":{"0":"post-6978","1":"product","2":"type-product","3":"status-publish","4":"has-post-thumbnail","6":"product_brand-granducato-collection","7":"product_cat-box-e-degustazioni","8":"product_tag-degustazione-arezzo","9":"product_tag-degustazione-centro-storico","10":"product_tag-degustazione-chianti","11":"product_tag-degustazione-prodotti-tipici","12":"product_tag-degustazione-toscana","14":"first","15":"instock","16":"shipping-taxable","17":"purchasable","18":"product-type-simple"},"acf":[],"yoast_head":"<!-- This site is optimized with the Yoast SEO plugin v26.7 - https:\/\/yoast.com\/wordpress\/plugins\/seo\/ -->\n<title>`Arezzo - Degustazione in Centro Storico- Granducato Collection<\/title>\n<meta name=\"description\" content=\"Degustazione di vini Chianti e prodotti tipici al tartufo nel cuore del centro storico di Arezzo. Prenota su GranducatoCollection.com.\" \/>\n<meta name=\"robots\" content=\"index, follow, max-snippet:-1, max-image-preview:large, max-video-preview:-1\" \/>\n<link rel=\"canonical\" href=\"https:\/\/www.granducatocollection.com\/ru\/product\/degustazione-in-pieno-centro-storico\/\" \/>\n<meta property=\"og:locale\" content=\"ru_RU\" \/>\n<meta property=\"og:type\" content=\"article\" \/>\n<meta property=\"og:title\" content=\"`Arezzo - Degustazione in Centro Storico- Granducato Collection\" \/>\n<meta property=\"og:description\" content=\"Degustazione di vini Chianti e prodotti tipici al tartufo nel cuore del centro storico di Arezzo. Prenota su GranducatoCollection.com.\" \/>\n<meta property=\"og:url\" content=\"https:\/\/www.granducatocollection.com\/ru\/product\/degustazione-in-pieno-centro-storico\/\" \/>\n<meta property=\"og:site_name\" content=\"Granducato Collection\" \/>\n<meta property=\"article:modified_time\" content=\"2026-04-06T09:39:49+00:00\" \/>\n<meta property=\"og:image\" content=\"https:\/\/www.granducatocollection.com\/wp-content\/uploads\/2025\/05\/DEGUSTAZIONIcentro-300x300-1.webp\" \/>\n\t<meta property=\"og:image:width\" content=\"300\" \/>\n\t<meta property=\"og:image:height\" content=\"300\" \/>\n\t<meta property=\"og:image:type\" content=\"image\/webp\" \/>\n<meta name=\"twitter:card\" content=\"summary_large_image\" \/>\n<meta name=\"twitter:label1\" content=\"\u041f\u0440\u0438\u043c\u0435\u0440\u043d\u043e\u0435 \u0432\u0440\u0435\u043c\u044f \u0434\u043b\u044f \u0447\u0442\u0435\u043d\u0438\u044f\" \/>\n\t<meta name=\"twitter:data1\" content=\"2 \u043c\u0438\u043d\u0443\u0442\u044b\" \/>\n<script type=\"application\/ld+json\" class=\"yoast-schema-graph\">{\"@context\":\"https:\/\/schema.org\",\"@graph\":[{\"@type\":\"WebPage\",\"@id\":\"https:\/\/www.granducatocollection.com\/prodotto\/degustazione-in-pieno-centro-storico\/\",\"url\":\"https:\/\/www.granducatocollection.com\/prodotto\/degustazione-in-pieno-centro-storico\/\",\"name\":\"`Arezzo - Degustazione in Centro Storico- Granducato Collection\",\"isPartOf\":{\"@id\":\"https:\/\/www.granducatocollection.com\/#website\"},\"primaryImageOfPage\":{\"@id\":\"https:\/\/www.granducatocollection.com\/prodotto\/degustazione-in-pieno-centro-storico\/#primaryimage\"},\"image\":{\"@id\":\"https:\/\/www.granducatocollection.com\/prodotto\/degustazione-in-pieno-centro-storico\/#primaryimage\"},\"thumbnailUrl\":\"https:\/\/www.granducatocollection.com\/wp-content\/uploads\/2025\/05\/degustazionicentro-300x300-1.webp\",\"datePublished\":\"2025-05-02T10:55:04+00:00\",\"dateModified\":\"2026-04-06T09:39:49+00:00\",\"description\":\"Degustazione di vini Chianti e prodotti tipici al tartufo nel cuore del centro storico di Arezzo. Prenota su GranducatoCollection.com.\",\"breadcrumb\":{\"@id\":\"https:\/\/www.granducatocollection.com\/prodotto\/degustazione-in-pieno-centro-storico\/#breadcrumb\"},\"inLanguage\":\"ru-RU\",\"potentialAction\":[{\"@type\":\"ReadAction\",\"target\":[\"https:\/\/www.granducatocollection.com\/prodotto\/degustazione-in-pieno-centro-storico\/\"]}]},{\"@type\":\"ImageObject\",\"inLanguage\":\"ru-RU\",\"@id\":\"https:\/\/www.granducatocollection.com\/prodotto\/degustazione-in-pieno-centro-storico\/#primaryimage\",\"url\":\"https:\/\/www.granducatocollection.com\/wp-content\/uploads\/2025\/05\/degustazionicentro-300x300-1.webp\",\"contentUrl\":\"https:\/\/www.granducatocollection.com\/wp-content\/uploads\/2025\/05\/degustazionicentro-300x300-1.webp\",\"width\":300,\"height\":300,\"caption\":\"Box piatti pronti toscani Borgunto con ribollita, pappa al pomodoro artigianali e pesche sciroppate - cena tipica Toscana facile e veloce\"},{\"@type\":\"BreadcrumbList\",\"@id\":\"https:\/\/www.granducatocollection.com\/prodotto\/degustazione-in-pieno-centro-storico\/#breadcrumb\",\"itemListElement\":[{\"@type\":\"ListItem\",\"position\":1,\"name\":\"Home\",\"item\":\"https:\/\/www.granducatocollection.com\/\"},{\"@type\":\"ListItem\",\"position\":2,\"name\":\"Shop\",\"item\":\"https:\/\/www.granducatocollection.com\/negozio\/\"},{\"@type\":\"ListItem\",\"position\":3,\"name\":\"Degustazione in pieno centro storico &#8211; Tour Enogastronomico (>18)\"}]},{\"@type\":\"WebSite\",\"@id\":\"https:\/\/www.granducatocollection.com\/#website\",\"url\":\"https:\/\/www.granducatocollection.com\/\",\"name\":\"GranDucato Collection\",\"description\":\"Prenota la tua vacanza e vivi un&#039;esperienza unica\",\"potentialAction\":[{\"@type\":\"SearchAction\",\"target\":{\"@type\":\"EntryPoint\",\"urlTemplate\":\"https:\/\/www.granducatocollection.com\/?s={search_term_string}\"},\"query-input\":{\"@type\":\"PropertyValueSpecification\",\"valueRequired\":true,\"valueName\":\"search_term_string\"}}],\"inLanguage\":\"ru-RU\"}]}<\/script>\n<!-- \/ Yoast SEO plugin. -->","yoast_head_json":{"title":"`Arezzo - Degustazione in Centro Storico- Granducato Collection","description":"Degustazione di vini Chianti e prodotti tipici al tartufo nel cuore del centro storico di Arezzo. Prenota su GranducatoCollection.com.","robots":{"index":"index","follow":"follow","max-snippet":"max-snippet:-1","max-image-preview":"max-image-preview:large","max-video-preview":"max-video-preview:-1"},"canonical":"https:\/\/www.granducatocollection.com\/ru\/product\/degustazione-in-pieno-centro-storico\/","og_locale":"ru_RU","og_type":"article","og_title":"`Arezzo - Degustazione in Centro Storico- Granducato Collection","og_description":"Degustazione di vini Chianti e prodotti tipici al tartufo nel cuore del centro storico di Arezzo. Prenota su GranducatoCollection.com.","og_url":"https:\/\/www.granducatocollection.com\/ru\/product\/degustazione-in-pieno-centro-storico\/","og_site_name":"Granducato Collection","article_modified_time":"2026-04-06T09:39:49+00:00","og_image":[{"width":300,"height":300,"url":"https:\/\/www.granducatocollection.com\/wp-content\/uploads\/2025\/05\/DEGUSTAZIONIcentro-300x300-1.webp","type":"image\/webp"}],"twitter_card":"summary_large_image","twitter_misc":{"\u041f\u0440\u0438\u043c\u0435\u0440\u043d\u043e\u0435 \u0432\u0440\u0435\u043c\u044f \u0434\u043b\u044f \u0447\u0442\u0435\u043d\u0438\u044f":"2 \u043c\u0438\u043d\u0443\u0442\u044b"},"schema":{"@context":"https:\/\/schema.org","@graph":[{"@type":"WebPage","@id":"https:\/\/www.granducatocollection.com\/prodotto\/degustazione-in-pieno-centro-storico\/","url":"https:\/\/www.granducatocollection.com\/prodotto\/degustazione-in-pieno-centro-storico\/","name":"`Arezzo - Degustazione in Centro Storico- Granducato Collection","isPartOf":{"@id":"https:\/\/www.granducatocollection.com\/#website"},"primaryImageOfPage":{"@id":"https:\/\/www.granducatocollection.com\/prodotto\/degustazione-in-pieno-centro-storico\/#primaryimage"},"image":{"@id":"https:\/\/www.granducatocollection.com\/prodotto\/degustazione-in-pieno-centro-storico\/#primaryimage"},"thumbnailUrl":"https:\/\/www.granducatocollection.com\/wp-content\/uploads\/2025\/05\/degustazionicentro-300x300-1.webp","datePublished":"2025-05-02T10:55:04+00:00","dateModified":"2026-04-06T09:39:49+00:00","description":"Degustazione di vini Chianti e prodotti tipici al tartufo nel cuore del centro storico di Arezzo. Prenota su GranducatoCollection.com.","breadcrumb":{"@id":"https:\/\/www.granducatocollection.com\/prodotto\/degustazione-in-pieno-centro-storico\/#breadcrumb"},"inLanguage":"ru-RU","potentialAction":[{"@type":"ReadAction","target":["https:\/\/www.granducatocollection.com\/prodotto\/degustazione-in-pieno-centro-storico\/"]}]},{"@type":"ImageObject","inLanguage":"ru-RU","@id":"https:\/\/www.granducatocollection.com\/prodotto\/degustazione-in-pieno-centro-storico\/#primaryimage","url":"https:\/\/www.granducatocollection.com\/wp-content\/uploads\/2025\/05\/degustazionicentro-300x300-1.webp","contentUrl":"https:\/\/www.granducatocollection.com\/wp-content\/uploads\/2025\/05\/degustazionicentro-300x300-1.webp","width":300,"height":300,"caption":"Box piatti pronti toscani Borgunto con ribollita, pappa al pomodoro artigianali e pesche sciroppate - cena tipica Toscana facile e veloce"},{"@type":"BreadcrumbList","@id":"https:\/\/www.granducatocollection.com\/prodotto\/degustazione-in-pieno-centro-storico\/#breadcrumb","itemListElement":[{"@type":"ListItem","position":1,"name":"Home","item":"https:\/\/www.granducatocollection.com\/"},{"@type":"ListItem","position":2,"name":"Shop","item":"https:\/\/www.granducatocollection.com\/negozio\/"},{"@type":"ListItem","position":3,"name":"Degustazione in pieno centro storico &#8211; Tour Enogastronomico (>18)"}]},{"@type":"WebSite","@id":"https:\/\/www.granducatocollection.com\/#website","url":"https:\/\/www.granducatocollection.com\/","name":"GranDucato Collection","description":"Prenota la tua vacanza e vivi un&#039;esperienza unica","potentialAction":[{"@type":"SearchAction","target":{"@type":"EntryPoint","urlTemplate":"https:\/\/www.granducatocollection.com\/?s={search_term_string}"},"query-input":{"@type":"PropertyValueSpecification","valueRequired":true,"valueName":"search_term_string"}}],"inLanguage":"ru-RU"}]}},"_links":{"self":[{"href":"https:\/\/www.granducatocollection.com\/ru\/wp-json\/wp\/v2\/product\/6978","targetHints":{"allow":["GET"]}}],"collection":[{"href":"https:\/\/www.granducatocollection.com\/ru\/wp-json\/wp\/v2\/product"}],"about":[{"href":"https:\/\/www.granducatocollection.com\/ru\/wp-json\/wp\/v2\/types\/product"}],"wp:featuredmedia":[{"embeddable":true,"href":"https:\/\/www.granducatocollection.com\/ru\/wp-json\/wp\/v2\/media\/11379"}],"wp:attachment":[{"href":"https:\/\/www.granducatocollection.com\/ru\/wp-json\/wp\/v2\/media?parent=6978"}],"wp:term":[{"taxonomy":"product_brand","embeddable":true,"href":"https:\/\/www.granducatocollection.com\/ru\/wp-json\/wp\/v2\/product_brand?post=6978"},{"taxonomy":"product_cat","embeddable":true,"href":"https:\/\/www.granducatocollection.com\/ru\/wp-json\/wp\/v2\/product_cat?post=6978"},{"taxonomy":"product_tag","embeddable":true,"href":"https:\/\/www.granducatocollection.com\/ru\/wp-json\/wp\/v2\/product_tag?post=6978"}],"curies":[{"name":"wp","href":"https:\/\/api.w.org\/{rel}","templated":true}]}}