{"id":6976,"date":"2025-05-02T10:11:42","date_gmt":"2025-05-02T10:11:42","guid":{"rendered":"https:\/\/www.granducatocollection.com\/?post_type=product&#038;p=6976"},"modified":"2026-04-06T10:18:50","modified_gmt":"2026-04-06T10:18:50","slug":"pacchetto-bambino","status":"publish","type":"product","link":"https:\/\/www.granducatocollection.com\/ru\/product\/pacchetto-bambino\/","title":{"rendered":"\u0414\u0435\u0442\u0441\u043a\u0438\u0439 \u043f\u0430\u043a\u0435\u0442"},"content":{"rendered":"<p><script type=\"application\/ld+json\">{\n    \"@context\": \"https:\\\/\\\/schema.org\",\n    \"@type\": \"Product\",\n    \"@id\": \"https:\\\/\\\/www.granducatocollection.com\\\/prodotto\\\/pacchetto-bambino\\\/\",\n    \"name\": \"Pacchetto Goloso per Bambini \\u2013 Borgunto\",\n    \"image\": \"https:\\\/\\\/www.granducatocollection.com\\\/wp-content\\\/uploads\\\/2026\\\/01\\\/pacchetto-bambino-granducato-collection.jpg\",\n    \"description\": \"Pacchetto bambini con prodotti naturali senza conservanti: nettari di frutta artigianali, confetture di fragola e pesca, olio extra vergine di oliva toscano. Perfetto per colazione, merenda o come regalo per famiglie.\",\n    \"brand\": {\n        \"@type\": \"Organization\",\n        \"name\": \"Borgunto\"\n    },\n    \"offers\": {\n        \"@type\": \"Offer\",\n        \"url\": \"https:\\\/\\\/www.granducatocollection.com\\\/prodotto\\\/pacchetto-bambino\\\/\",\n        \"priceCurrency\": \"EUR\",\n        \"price\": \"25.00\",\n        \"itemCondition\": \"https:\\\/\\\/schema.org\\\/NewCondition\",\n        \"availability\": \"https:\\\/\\\/schema.org\\\/InStock\",\n        \"seller\": {\n            \"@type\": \"Organization\",\n            \"name\": \"Granducato Collection\"\n        }\n    },\n    \"sku\": \"PACCHETTO-BAMBINO\"\n}<\/script><\/p>\n<h1>\u0412\u043a\u0443\u0441\u043d\u044b\u0439 \u043d\u0430\u0431\u043e\u0440 \u0434\u043b\u044f \u0434\u0435\u0442\u0435\u0439 \u2013 \u0411\u043e\u0440\u0433\u0443\u043d\u0442\u043e<\/h1>\n<h2>\u041d\u0430\u0442\u0443\u0440\u0430\u043b\u044c\u043d\u044b\u0435 \u043f\u0440\u043e\u0434\u0443\u043a\u0442\u044b \u0431\u0435\u0437 \u043a\u043e\u043d\u0441\u0435\u0440\u0432\u0430\u043d\u0442\u043e\u0432 \u0434\u043b\u044f \u0437\u0430\u0432\u0442\u0440\u0430\u043a\u0430 \u0438 \u043f\u0435\u0440\u0435\u043a\u0443\u0441\u043e\u0432.<\/h2>\n<p class=\"translation-block\">\u041d\u0430\u0431\u043e\u0440 \u00ab\u0414\u043b\u044f \u0433\u0443\u0440\u043c\u0430\u043d\u043e\u0432\u00bb \u0441\u043e\u0437\u0434\u0430\u043d, \u0447\u0442\u043e\u0431\u044b \u043f\u043e\u0440\u0430\u0434\u043e\u0432\u0430\u0442\u044c \u043c\u0430\u043b\u044b\u0448\u0435\u0439 \u0441\u043b\u0430\u0434\u043e\u0441\u0442\u044c\u044e \u0438 \u043a\u0430\u0447\u0435\u0441\u0442\u0432\u043e\u043c. \u041f\u0440\u043e\u0438\u0437\u0432\u0435\u0434\u0435\u043d\u043d\u044b\u0439 \u043a\u043e\u043c\u043f\u0430\u043d\u0438\u0435\u0439 Borgunto \u0432 \u0422\u043e\u0441\u043a\u0430\u043d\u0435, \u043e\u043d \u0432\u043a\u043b\u044e\u0447\u0430\u0435\u0442 \u0432 \u0441\u0435\u0431\u044f \u043f\u043e\u0434\u0431\u043e\u0440\u043a\u0443 \u043d\u0430\u0442\u0443\u0440\u0430\u043b\u044c\u043d\u044b\u0445 \u043f\u0440\u043e\u0434\u0443\u043a\u0442\u043e\u0432 \u0431\u0435\u0437 \u043a\u043e\u043d\u0441\u0435\u0440\u0432\u0430\u043d\u0442\u043e\u0432: \u0444\u0440\u0443\u043a\u0442\u043e\u0432\u044b\u0435 \u043d\u0435\u043a\u0442\u0430\u0440\u044b \u0440\u0443\u0447\u043d\u043e\u0439 \u0440\u0430\u0431\u043e\u0442\u044b (\u044f\u0431\u043b\u043e\u0447\u043d\u044b\u0435, \u0433\u0440\u0443\u0448\u0435\u0432\u044b\u0435, \u043f\u0435\u0440\u0441\u0438\u043a\u043e\u0432\u044b\u0435 \u0438 \u043a\u043b\u0443\u0431\u043d\u0438\u0447\u043d\u044b\u0435), \u0442\u0449\u0430\u0442\u0435\u043b\u044c\u043d\u043e \u043f\u0440\u0438\u0433\u043e\u0442\u043e\u0432\u043b\u0435\u043d\u043d\u044b\u0435 \u043a\u043b\u0443\u0431\u043d\u0438\u0447\u043d\u044b\u0435 \u0438 \u043f\u0435\u0440\u0441\u0438\u043a\u043e\u0432\u044b\u0435 \u0434\u0436\u0435\u043c\u044b, \u0430 \u0442\u0430\u043a\u0436\u0435 \u043d\u0435\u0436\u043d\u043e\u0435 \u0442\u043e\u0441\u043a\u0430\u043d\u0441\u043a\u043e\u0435 \u043e\u043b\u0438\u0432\u043a\u043e\u0432\u043e\u0435 \u043c\u0430\u0441\u043b\u043e \u043f\u0435\u0440\u0432\u043e\u0433\u043e \u0445\u043e\u043b\u043e\u0434\u043d\u043e\u0433\u043e \u043e\u0442\u0436\u0438\u043c\u0430, \u0438\u0434\u0435\u0430\u043b\u044c\u043d\u043e \u043f\u043e\u0434\u0445\u043e\u0434\u044f\u0449\u0435\u0435 \u0434\u043b\u044f \u043f\u0435\u0440\u0432\u044b\u0445 \u0434\u0435\u0433\u0443\u0441\u0442\u0430\u0446\u0438\u0439 \u0434\u0435\u0442\u0435\u0439.<\/p>\n<h3>Un regalo per famiglie che scelgono un\u2019alimentazione sana<\/h3>\n<p>Perfetto per la <strong>\u0437\u0430\u0432\u0442\u0440\u0430\u043a<\/strong> o la <strong>merenda<\/strong>, questo pacchetto unisce bont\u00e0 e benessere. \u00c8 anche un <strong>regalo per famiglie<\/strong> attente all\u2019alimentazione sana, alla tracciabilit\u00e0 e alla genuinit\u00e0 degli ingredienti. Ogni prodotto \u00e8 formulato per essere nutriente, digeribile e ricco di sapori autentici.<\/p>\n<h3>Simbolo della Granducato Collection: tradizione, cura e territorio<\/h3>\n<p>Questo <strong>pacchetto bambini<\/strong> incarna i valori della <strong>\u041a\u043e\u043b\u043b\u0435\u043a\u0446\u0438\u044f \u0412\u0435\u043b\u0438\u043a\u043e\u0433\u043e \u0413\u0435\u0440\u0446\u043e\u0433\u0441\u0442\u0432\u0430<\/strong>: produzione artigianale, controllo diretto delle materie prime e rispetto per le esigenze dei pi\u00f9 piccoli. Un omaggio alla <strong>cultura gastronomica toscana<\/strong>, pensato per crescere con gusto, salute e allegria.<\/p>","protected":false},"excerpt":{"rendered":"<h1>\u0412\u043a\u0443\u0441\u043d\u044b\u0439 \u043f\u0430\u043a\u0435\u0442 \u0434\u043b\u044f \u0434\u0435\u0442\u0435\u0439<\/h1>\n<p class=\"translation-block\">\u041f\u043e\u0434\u0431\u043e\u0440\u043a\u0430 \u043d\u0430\u0442\u0443\u0440\u0430\u043b\u044c\u043d\u044b\u0445 \u043f\u0440\u043e\u0434\u0443\u043a\u0442\u043e\u0432 \u0431\u0435\u0437 \u043a\u043e\u043d\u0441\u0435\u0440\u0432\u0430\u043d\u0442\u043e\u0432, \u0438\u0434\u0435\u0430\u043b\u044c\u043d\u043e \u043f\u043e\u0434\u0445\u043e\u0434\u044f\u0449\u0438\u0445 \u0434\u043b\u044f \u0437\u0430\u0432\u0442\u0440\u0430\u043a\u0430 \u0438 \u043f\u0435\u0440\u0435\u043a\u0443\u0441\u043e\u0432. \u0412\u043a\u043b\u044e\u0447\u0430\u0435\u0442 \u0432 \u0441\u0435\u0431\u044f \u0444\u0440\u0443\u043a\u0442\u043e\u0432\u044b\u0435 \u043d\u0435\u043a\u0442\u0430\u0440\u044b \u0440\u0443\u0447\u043d\u043e\u0439 \u0440\u0430\u0431\u043e\u0442\u044b, \u043a\u043b\u0443\u0431\u043d\u0438\u0447\u043d\u043e\u0435 \u0438 \u043f\u0435\u0440\u0441\u0438\u043a\u043e\u0432\u043e\u0435 \u0432\u0430\u0440\u0435\u043d\u044c\u0435, \u0430 \u0442\u0430\u043a\u0436\u0435 \u0442\u043e\u0441\u043a\u0430\u043d\u0441\u043a\u043e\u0435 \u043e\u043b\u0438\u0432\u043a\u043e\u0432\u043e\u0435 \u043c\u0430\u0441\u043b\u043e \u043f\u0435\u0440\u0432\u043e\u0433\u043e \u0445\u043e\u043b\u043e\u0434\u043d\u043e\u0433\u043e \u043e\u0442\u0436\u0438\u043c\u0430. \u0418\u0434\u0435\u0430\u043b\u044c\u043d\u044b\u0439 \u043f\u043e\u0434\u0430\u0440\u043e\u043a \u0434\u043b\u044f \u0441\u0435\u043c\u0435\u0439, \u043a\u043e\u0442\u043e\u0440\u044b\u0435 \u0438\u0449\u0443\u0442 \u0437\u0434\u043e\u0440\u043e\u0432\u043e\u0435 \u0438 \u0441\u0431\u0430\u043b\u0430\u043d\u0441\u0438\u0440\u043e\u0432\u0430\u043d\u043d\u043e\u0435 \u043f\u0438\u0442\u0430\u043d\u0438\u0435 \u0434\u043b\u044f \u0441\u0432\u043e\u0438\u0445 \u043c\u0430\u043b\u044b\u0448\u0435\u0439.<\/p>","protected":false},"featured_media":11385,"template":"","meta":{"_acf_changed":false},"product_brand":[764],"product_cat":[843],"product_tag":[382,387,383,379,385,381,378,384,386,380],"class_list":{"0":"post-6976","1":"product","2":"type-product","3":"status-publish","4":"has-post-thumbnail","6":"product_brand-granducato-collection","7":"product_cat-box-e-degustazioni","8":"product_tag-assaggio-in-hotel","9":"product_tag-attivita-per-piccoli-avventurieri","10":"product_tag-degustazione-arezzo-per-bambini","11":"product_tag-degustazione-per-bambini","12":"product_tag-esperienza-per-bambini","13":"product_tag-gastronomia-per-bambini","14":"product_tag-pacchetto-bambino","15":"product_tag-pacchetto-famiglia","16":"product_tag-regalo-originale","17":"product_tag-regalo-per-bambini","19":"first","20":"instock","21":"shipping-taxable","22":"purchasable","23":"product-type-simple"},"acf":[],"yoast_head":"<!-- This site is optimized with the Yoast SEO plugin v26.7 - https:\/\/yoast.com\/wordpress\/plugins\/seo\/ -->\n<title>B&amp;B Arezzo - Pacchetto Bambino - Gran Ducato Gestioni<\/title>\n<meta name=\"description\" content=\"Scopri la nostra Box Bambino: una selezione curata di prodotti locali e genuini pensata per i pi\u00f9 piccoli. Perfetta per regalare un assaggio della Toscana!\" \/>\n<meta name=\"robots\" content=\"index, follow, max-snippet:-1, max-image-preview:large, max-video-preview:-1\" \/>\n<link rel=\"canonical\" href=\"https:\/\/www.granducatocollection.com\/ru\/product\/pacchetto-bambino\/\" \/>\n<meta property=\"og:locale\" content=\"ru_RU\" \/>\n<meta property=\"og:type\" content=\"article\" \/>\n<meta property=\"og:title\" content=\"B&amp;B Arezzo - Pacchetto Bambino - Gran Ducato Gestioni\" \/>\n<meta property=\"og:description\" content=\"Scopri la nostra Box Bambino: una selezione curata di prodotti locali e genuini pensata per i pi\u00f9 piccoli. Perfetta per regalare un assaggio della Toscana!\" \/>\n<meta property=\"og:url\" content=\"https:\/\/www.granducatocollection.com\/ru\/product\/pacchetto-bambino\/\" \/>\n<meta property=\"og:site_name\" content=\"Granducato Collection\" \/>\n<meta property=\"article:modified_time\" content=\"2026-04-06T10:18:50+00:00\" \/>\n<meta property=\"og:image\" content=\"https:\/\/www.granducatocollection.com\/wp-content\/uploads\/2025\/05\/pacchettobambino-300x300-1.webp\" \/>\n\t<meta property=\"og:image:width\" content=\"300\" \/>\n\t<meta property=\"og:image:height\" content=\"300\" \/>\n\t<meta property=\"og:image:type\" content=\"image\/webp\" \/>\n<meta name=\"twitter:card\" content=\"summary_large_image\" \/>\n<meta name=\"twitter:label1\" content=\"\u041f\u0440\u0438\u043c\u0435\u0440\u043d\u043e\u0435 \u0432\u0440\u0435\u043c\u044f \u0434\u043b\u044f \u0447\u0442\u0435\u043d\u0438\u044f\" \/>\n\t<meta name=\"twitter:data1\" content=\"2 \u043c\u0438\u043d\u0443\u0442\u044b\" \/>\n<script type=\"application\/ld+json\" class=\"yoast-schema-graph\">{\"@context\":\"https:\/\/schema.org\",\"@graph\":[{\"@type\":\"WebPage\",\"@id\":\"https:\/\/www.granducatocollection.com\/prodotto\/pacchetto-bambino\/\",\"url\":\"https:\/\/www.granducatocollection.com\/prodotto\/pacchetto-bambino\/\",\"name\":\"B&B Arezzo - Pacchetto Bambino - Gran Ducato Gestioni\",\"isPartOf\":{\"@id\":\"https:\/\/www.granducatocollection.com\/#website\"},\"primaryImageOfPage\":{\"@id\":\"https:\/\/www.granducatocollection.com\/prodotto\/pacchetto-bambino\/#primaryimage\"},\"image\":{\"@id\":\"https:\/\/www.granducatocollection.com\/prodotto\/pacchetto-bambino\/#primaryimage\"},\"thumbnailUrl\":\"https:\/\/www.granducatocollection.com\/wp-content\/uploads\/2025\/05\/pacchettobambino-300x300-1.webp\",\"datePublished\":\"2025-05-02T10:11:42+00:00\",\"dateModified\":\"2026-04-06T10:18:50+00:00\",\"description\":\"Scopri la nostra Box Bambino: una selezione curata di prodotti locali e genuini pensata per i pi\u00f9 piccoli. Perfetta per regalare un assaggio della Toscana!\",\"breadcrumb\":{\"@id\":\"https:\/\/www.granducatocollection.com\/prodotto\/pacchetto-bambino\/#breadcrumb\"},\"inLanguage\":\"ru-RU\",\"potentialAction\":[{\"@type\":\"ReadAction\",\"target\":[\"https:\/\/www.granducatocollection.com\/prodotto\/pacchetto-bambino\/\"]}]},{\"@type\":\"ImageObject\",\"inLanguage\":\"ru-RU\",\"@id\":\"https:\/\/www.granducatocollection.com\/prodotto\/pacchetto-bambino\/#primaryimage\",\"url\":\"https:\/\/www.granducatocollection.com\/wp-content\/uploads\/2025\/05\/pacchettobambino-300x300-1.webp\",\"contentUrl\":\"https:\/\/www.granducatocollection.com\/wp-content\/uploads\/2025\/05\/pacchettobambino-300x300-1.webp\",\"width\":300,\"height\":300,\"caption\":\"Box famiglia Pacchetto Bambino Borgunto con prodotti tipici toscani kid-friendly: succhi frutta biologici, merende e specialit\u00e0 per bambini\"},{\"@type\":\"BreadcrumbList\",\"@id\":\"https:\/\/www.granducatocollection.com\/prodotto\/pacchetto-bambino\/#breadcrumb\",\"itemListElement\":[{\"@type\":\"ListItem\",\"position\":1,\"name\":\"Home\",\"item\":\"https:\/\/www.granducatocollection.com\/\"},{\"@type\":\"ListItem\",\"position\":2,\"name\":\"Shop\",\"item\":\"https:\/\/www.granducatocollection.com\/negozio\/\"},{\"@type\":\"ListItem\",\"position\":3,\"name\":\"Pacchetto Bambino\"}]},{\"@type\":\"WebSite\",\"@id\":\"https:\/\/www.granducatocollection.com\/#website\",\"url\":\"https:\/\/www.granducatocollection.com\/\",\"name\":\"GranDucato Collection\",\"description\":\"Prenota la tua vacanza e vivi un&#039;esperienza unica\",\"potentialAction\":[{\"@type\":\"SearchAction\",\"target\":{\"@type\":\"EntryPoint\",\"urlTemplate\":\"https:\/\/www.granducatocollection.com\/?s={search_term_string}\"},\"query-input\":{\"@type\":\"PropertyValueSpecification\",\"valueRequired\":true,\"valueName\":\"search_term_string\"}}],\"inLanguage\":\"ru-RU\"}]}<\/script>\n<!-- \/ Yoast SEO plugin. -->","yoast_head_json":{"title":"B&B Arezzo - Pacchetto Bambino - Gran Ducato Gestioni","description":"Scopri la nostra Box Bambino: una selezione curata di prodotti locali e genuini pensata per i pi\u00f9 piccoli. Perfetta per regalare un assaggio della Toscana!","robots":{"index":"index","follow":"follow","max-snippet":"max-snippet:-1","max-image-preview":"max-image-preview:large","max-video-preview":"max-video-preview:-1"},"canonical":"https:\/\/www.granducatocollection.com\/ru\/product\/pacchetto-bambino\/","og_locale":"ru_RU","og_type":"article","og_title":"B&B Arezzo - Pacchetto Bambino - Gran Ducato Gestioni","og_description":"Scopri la nostra Box Bambino: una selezione curata di prodotti locali e genuini pensata per i pi\u00f9 piccoli. Perfetta per regalare un assaggio della Toscana!","og_url":"https:\/\/www.granducatocollection.com\/ru\/product\/pacchetto-bambino\/","og_site_name":"Granducato Collection","article_modified_time":"2026-04-06T10:18:50+00:00","og_image":[{"width":300,"height":300,"url":"https:\/\/www.granducatocollection.com\/wp-content\/uploads\/2025\/05\/pacchettobambino-300x300-1.webp","type":"image\/webp"}],"twitter_card":"summary_large_image","twitter_misc":{"\u041f\u0440\u0438\u043c\u0435\u0440\u043d\u043e\u0435 \u0432\u0440\u0435\u043c\u044f \u0434\u043b\u044f \u0447\u0442\u0435\u043d\u0438\u044f":"2 \u043c\u0438\u043d\u0443\u0442\u044b"},"schema":{"@context":"https:\/\/schema.org","@graph":[{"@type":"WebPage","@id":"https:\/\/www.granducatocollection.com\/prodotto\/pacchetto-bambino\/","url":"https:\/\/www.granducatocollection.com\/prodotto\/pacchetto-bambino\/","name":"B&B Arezzo - Pacchetto Bambino - Gran Ducato Gestioni","isPartOf":{"@id":"https:\/\/www.granducatocollection.com\/#website"},"primaryImageOfPage":{"@id":"https:\/\/www.granducatocollection.com\/prodotto\/pacchetto-bambino\/#primaryimage"},"image":{"@id":"https:\/\/www.granducatocollection.com\/prodotto\/pacchetto-bambino\/#primaryimage"},"thumbnailUrl":"https:\/\/www.granducatocollection.com\/wp-content\/uploads\/2025\/05\/pacchettobambino-300x300-1.webp","datePublished":"2025-05-02T10:11:42+00:00","dateModified":"2026-04-06T10:18:50+00:00","description":"Scopri la nostra Box Bambino: una selezione curata di prodotti locali e genuini pensata per i pi\u00f9 piccoli. Perfetta per regalare un assaggio della Toscana!","breadcrumb":{"@id":"https:\/\/www.granducatocollection.com\/prodotto\/pacchetto-bambino\/#breadcrumb"},"inLanguage":"ru-RU","potentialAction":[{"@type":"ReadAction","target":["https:\/\/www.granducatocollection.com\/prodotto\/pacchetto-bambino\/"]}]},{"@type":"ImageObject","inLanguage":"ru-RU","@id":"https:\/\/www.granducatocollection.com\/prodotto\/pacchetto-bambino\/#primaryimage","url":"https:\/\/www.granducatocollection.com\/wp-content\/uploads\/2025\/05\/pacchettobambino-300x300-1.webp","contentUrl":"https:\/\/www.granducatocollection.com\/wp-content\/uploads\/2025\/05\/pacchettobambino-300x300-1.webp","width":300,"height":300,"caption":"Box famiglia Pacchetto Bambino Borgunto con prodotti tipici toscani kid-friendly: succhi frutta biologici, merende e specialit\u00e0 per bambini"},{"@type":"BreadcrumbList","@id":"https:\/\/www.granducatocollection.com\/prodotto\/pacchetto-bambino\/#breadcrumb","itemListElement":[{"@type":"ListItem","position":1,"name":"Home","item":"https:\/\/www.granducatocollection.com\/"},{"@type":"ListItem","position":2,"name":"Shop","item":"https:\/\/www.granducatocollection.com\/negozio\/"},{"@type":"ListItem","position":3,"name":"Pacchetto Bambino"}]},{"@type":"WebSite","@id":"https:\/\/www.granducatocollection.com\/#website","url":"https:\/\/www.granducatocollection.com\/","name":"GranDucato Collection","description":"Prenota la tua vacanza e vivi un&#039;esperienza unica","potentialAction":[{"@type":"SearchAction","target":{"@type":"EntryPoint","urlTemplate":"https:\/\/www.granducatocollection.com\/?s={search_term_string}"},"query-input":{"@type":"PropertyValueSpecification","valueRequired":true,"valueName":"search_term_string"}}],"inLanguage":"ru-RU"}]}},"_links":{"self":[{"href":"https:\/\/www.granducatocollection.com\/ru\/wp-json\/wp\/v2\/product\/6976","targetHints":{"allow":["GET"]}}],"collection":[{"href":"https:\/\/www.granducatocollection.com\/ru\/wp-json\/wp\/v2\/product"}],"about":[{"href":"https:\/\/www.granducatocollection.com\/ru\/wp-json\/wp\/v2\/types\/product"}],"wp:featuredmedia":[{"embeddable":true,"href":"https:\/\/www.granducatocollection.com\/ru\/wp-json\/wp\/v2\/media\/11385"}],"wp:attachment":[{"href":"https:\/\/www.granducatocollection.com\/ru\/wp-json\/wp\/v2\/media?parent=6976"}],"wp:term":[{"taxonomy":"product_brand","embeddable":true,"href":"https:\/\/www.granducatocollection.com\/ru\/wp-json\/wp\/v2\/product_brand?post=6976"},{"taxonomy":"product_cat","embeddable":true,"href":"https:\/\/www.granducatocollection.com\/ru\/wp-json\/wp\/v2\/product_cat?post=6976"},{"taxonomy":"product_tag","embeddable":true,"href":"https:\/\/www.granducatocollection.com\/ru\/wp-json\/wp\/v2\/product_tag?post=6976"}],"curies":[{"name":"wp","href":"https:\/\/api.w.org\/{rel}","templated":true}]}}