{"id":8486,"date":"2025-09-11T14:06:50","date_gmt":"2025-09-11T14:06:50","guid":{"rendered":"https:\/\/www.granducatocollection.com\/?post_type=product&#038;p=8486"},"modified":"2026-04-30T17:13:39","modified_gmt":"2026-04-30T17:13:39","slug":"confettura-di-pesca","status":"publish","type":"product","link":"https:\/\/www.granducatocollection.com\/pl\/product\/confettura-di-pesca\/","title":{"rendered":"Domowy d\u017cem brzoskwiniowy \u2013 Borgunto | Toskania"},"content":{"rendered":"<p><script type=\"application\/ld+json\">{\n    \"@context\": \"https:\\\/\\\/schema.org\",\n    \"@type\": \"Product\",\n    \"@id\": \"https:\\\/\\\/www.granducatocollection.com\\\/prodotto\\\/confettura-di-pesca\\\/\",\n    \"name\": \"Confettura Artigianale di Pesca \\u2013 Borgunto\",\n    \"image\": \"https:\\\/\\\/www.granducatocollection.com\\\/wp-content\\\/uploads\\\/2026\\\/01\\\/confettura-di-pesca-borgunto.jpg\",\n    \"description\": \"Confettura artigianale di pesca con il 72% di frutta, prodotta ad Arezzo in Toscana. Senza conservanti, perfetta per colazioni sane, dolci fatti in casa o come regalo tipico toscano.\",\n    \"brand\": {\n        \"@type\": \"Organization\",\n        \"name\": \"Borgunto\"\n    },\n    \"hasMerchantReturnPolicy\": {\n        \"@type\": \"MerchantReturnPolicy\",\n        \"returnPolicyCategory\": \"https:\\\/\\\/schema.org\\\/MerchantReturnFiniteReturnWindow\",\n        \"merchantReturnDays\": 14,\n        \"returnMethod\": \"https:\\\/\\\/schema.org\\\/ReturnByMail\",\n        \"returnFees\": \"https:\\\/\\\/schema.org\\\/FreeReturn\",\n        \"applicableCountry\": \"IT\"\n    },\n    \"offers\": {\n        \"@type\": \"Offer\",\n        \"url\": \"https:\\\/\\\/www.granducatocollection.com\\\/prodotto\\\/confettura-di-pesca\\\/\",\n        \"priceCurrency\": \"EUR\",\n        \"price\": \"8.50\",\n        \"itemCondition\": \"https:\\\/\\\/schema.org\\\/NewCondition\",\n        \"availability\": \"https:\\\/\\\/schema.org\\\/InStock\",\n        \"seller\": {\n            \"@type\": \"Organization\",\n            \"name\": \"Granducato Collection\"\n        }\n    },\n    \"sku\": \"CONFETTURA-PESCA\",\n    \"category\": \"Alimentari > Conserve e Marmellate > Confettura di Frutta\"\n}<\/script><\/p>\n<h1>Rzemie\u015blniczy d\u017cem brzoskwiniowy<\/h1>\n<h2>Typowy produkt z Arezzo, zawieraj\u0105cy 72% brzoskwi\u0144 toska\u0144skich<\/h2>\n<p class=\"translation-block\"><strong>Rzemie\u015blniczy d\u017cem brzoskwiniowy<\/strong> to ho\u0142d dla s\u0142odyczy toska\u0144skiej wsi. Wyprodukowany przez <strong>Borgunto<\/strong> w <strong>Arezzo<\/strong>, zawiera a\u017c <strong>72%<\/strong> owoc\u00f3w i wy\u0142\u0105cznie naturalne cukry, bez konserwant\u00f3w i sztucznych barwnik\u00f3w. Dojrza\u0142e w s\u0142o\u0144cu brzoskwinie s\u0105 zbierane w idealnym momencie dojrza\u0142o\u015bci, co zapewnia delikatny, zr\u00f3wnowa\u017cony i autentycznie <strong>toska\u0144ski<\/strong> smak.<\/p>\n<h3>Idealne na zdrowe \u015bniadania, domowe desery lub jako tradycyjny prezent<\/h3>\n<p class=\"translation-block\">Idealny do wzbogacania <strong>zdrowych \u015bniada\u0144<\/strong> jogurtem, tostami lub \u015bwie\u017cymi serami, ten d\u017cem jest r\u00f3wnie\u017c cennym sk\u0142adnikiem <strong>domowych deser\u00f3w<\/strong> \u2013 ciast, muffinek czy parfait\u00f3w. Eleganckie opakowanie sprawia, \u017ce \u200b\u200bjest to <strong>typowy toska\u0144ski prezent<\/strong>, idealny, by przynie\u015b\u0107 do domu kawa\u0142ek w\u0142oskiej autentyczno\u015bci.<\/p>\n<h3>Symbol kolekcji Granducato: tradycja, identyfikowalno\u015b\u0107 i jako\u015b\u0107<\/h3>\n<p class=\"translation-block\">Ten <strong>typowy produkt z Arezzo<\/strong> uciele\u015bnia warto\u015bci kolekcji <strong>Granducato<\/strong>: bezpo\u015bredni\u0105 kontrol\u0119 surowc\u00f3w, rzemie\u015blnicz\u0105 produkcj\u0119 w ma\u0142ych partiach i szacunek dla rytm\u00f3w natury. Ka\u017cdy 200-gramowy s\u0142oik odzwierciedla trosk\u0119 o ziemi\u0119, kt\u00f3ra przekszta\u0142ca prostot\u0119 w doskona\u0142o\u015b\u0107.<\/p>","protected":false},"excerpt":{"rendered":"<h1>Domowy d\u017cem brzoskwiniowy<\/h1>\n<p class=\"translation-block\"><strong>Rzemie\u015blniczy d\u017cem brzoskwiniowy<\/strong> wyprodukowany w <strong>Toskanii<\/strong> z <strong>brzoskwi\u0144 dojrzewaj\u0105cych w s\u0142o\u0144cu<\/strong> i <strong>72% owoc\u00f3w<\/strong>. <strong>Bez konserwant\u00f3w i barwnik\u00f3w<\/strong>, idealnie nadaje si\u0119 na <strong>zdrowe \u015bniadania<\/strong>, <strong>domowe desery<\/strong> lub jako <strong>typowy prezent z Arezzo<\/strong>.<\/p>","protected":false},"featured_media":8553,"template":"","meta":{"_acf_changed":false},"product_brand":[764],"product_cat":[845],"product_tag":[473,464,480,466,479,432,484,471,467,841,265],"class_list":{"0":"post-8486","1":"product","2":"type-product","3":"status-publish","4":"has-post-thumbnail","6":"product_brand-granducato-collection","7":"product_cat-confetture-e-specialita-gourmet","8":"product_tag-colazione","9":"product_tag-confettura","10":"product_tag-confettura-casalinga","11":"product_tag-confettura-di-fragola","12":"product_tag-confetture","13":"product_tag-dolce","14":"product_tag-gusti-tradizionali","15":"product_tag-gusto-classico","16":"product_tag-marmellata","17":"product_tag-marmellata-di-pesca","18":"product_tag-prodotto-artigianale","20":"first","21":"instock","22":"shipping-taxable","23":"purchasable","24":"product-type-variable"},"acf":[],"yoast_head":"<!-- This site is optimized with the Yoast SEO plugin v26.7 - https:\/\/yoast.com\/wordpress\/plugins\/seo\/ -->\n<title>B&amp;B Arezzo - Confettura Artigianale di Pesca \u2013 Borgunto | Toscana - Granducato Collection<\/title>\n<meta name=\"description\" content=\"Acquista online su Granducato Collection la deliziosa Confettura di Pesche, perfetto per colazioni e merende golose. Scopri il gusto della tradizione!\" \/>\n<meta name=\"robots\" content=\"index, follow, max-snippet:-1, max-image-preview:large, max-video-preview:-1\" \/>\n<link rel=\"canonical\" href=\"https:\/\/www.granducatocollection.com\/pl\/product\/confetture-di-fragola-e-pesca\/\" \/>\n<meta property=\"og:locale\" content=\"pl_PL\" \/>\n<meta property=\"og:type\" content=\"article\" \/>\n<meta property=\"og:title\" content=\"B&amp;B Arezzo - Confettura Artigianale di Pesca \u2013 Borgunto | Toscana - Granducato Collection\" \/>\n<meta property=\"og:description\" content=\"Acquista online su Granducato Collection la deliziosa Confettura di Pesche, perfetto per colazioni e merende golose. Scopri il gusto della tradizione!\" \/>\n<meta property=\"og:url\" content=\"https:\/\/www.granducatocollection.com\/pl\/product\/confetture-di-fragola-e-pesca\/\" \/>\n<meta property=\"og:site_name\" content=\"Granducato Collection\" \/>\n<meta property=\"article:modified_time\" content=\"2026-04-30T17:13:39+00:00\" \/>\n<meta property=\"og:image\" content=\"https:\/\/www.granducatocollection.com\/wp-content\/uploads\/2025\/09\/confettura-pesca-toscana-artigianale-arezzo-firenze-toscana-bb-affittacamere-suitelets-campeggio-agricampeggio.webp\" \/>\n\t<meta property=\"og:image:width\" content=\"1297\" \/>\n\t<meta property=\"og:image:height\" content=\"1297\" \/>\n\t<meta property=\"og:image:type\" content=\"image\/webp\" \/>\n<meta name=\"twitter:card\" content=\"summary_large_image\" \/>\n<meta name=\"twitter:label1\" content=\"Szacowany czas czytania\" \/>\n\t<meta name=\"twitter:data1\" content=\"2 minuty\" \/>\n<script type=\"application\/ld+json\" class=\"yoast-schema-graph\">{\"@context\":\"https:\/\/schema.org\",\"@graph\":[{\"@type\":\"WebPage\",\"@id\":\"https:\/\/www.granducatocollection.com\/prodotto\/confettura-di-pesca\/\",\"url\":\"https:\/\/www.granducatocollection.com\/prodotto\/confetture-di-fragola-e-pesca\/\",\"name\":\"B&B Arezzo - Confettura Artigianale di Pesca \u2013 Borgunto | Toscana - Granducato Collection\",\"isPartOf\":{\"@id\":\"https:\/\/www.granducatocollection.com\/#website\"},\"primaryImageOfPage\":{\"@id\":\"https:\/\/www.granducatocollection.com\/prodotto\/confetture-di-fragola-e-pesca\/#primaryimage\"},\"image\":{\"@id\":\"https:\/\/www.granducatocollection.com\/prodotto\/confetture-di-fragola-e-pesca\/#primaryimage\"},\"thumbnailUrl\":\"https:\/\/www.granducatocollection.com\/wp-content\/uploads\/2025\/09\/confettura-pesca-toscana-artigianale-arezzo-firenze-toscana-bb-affittacamere-suitelets-campeggio-agricampeggio.webp\",\"datePublished\":\"2025-09-11T14:06:50+00:00\",\"dateModified\":\"2026-04-30T17:13:39+00:00\",\"description\":\"Acquista online su Granducato Collection la deliziosa Confettura di Pesche, perfetto per colazioni e merende golose. Scopri il gusto della tradizione!\",\"breadcrumb\":{\"@id\":\"https:\/\/www.granducatocollection.com\/prodotto\/confetture-di-fragola-e-pesca\/#breadcrumb\"},\"inLanguage\":\"pl-PL\",\"potentialAction\":[{\"@type\":\"ReadAction\",\"target\":[\"https:\/\/www.granducatocollection.com\/prodotto\/confetture-di-fragola-e-pesca\/\"]}]},{\"@type\":\"ImageObject\",\"inLanguage\":\"pl-PL\",\"@id\":\"https:\/\/www.granducatocollection.com\/prodotto\/confetture-di-fragola-e-pesca\/#primaryimage\",\"url\":\"https:\/\/www.granducatocollection.com\/wp-content\/uploads\/2025\/09\/confettura-pesca-toscana-artigianale-arezzo-firenze-toscana-bb-affittacamere-suitelets-campeggio-agricampeggio.webp\",\"contentUrl\":\"https:\/\/www.granducatocollection.com\/wp-content\/uploads\/2025\/09\/confettura-pesca-toscana-artigianale-arezzo-firenze-toscana-bb-affittacamere-suitelets-campeggio-agricampeggio.webp\",\"width\":1297,\"height\":1297,\"caption\":\"confettura di pesca granducatocollection e borgunto\"},{\"@type\":\"BreadcrumbList\",\"@id\":\"https:\/\/www.granducatocollection.com\/prodotto\/confetture-di-fragola-e-pesca\/#breadcrumb\",\"itemListElement\":[{\"@type\":\"ListItem\",\"position\":1,\"name\":\"Home\",\"item\":\"https:\/\/www.granducatocollection.com\/\"},{\"@type\":\"ListItem\",\"position\":2,\"name\":\"Shop\",\"item\":\"https:\/\/www.granducatocollection.com\/negozio\/\"},{\"@type\":\"ListItem\",\"position\":3,\"name\":\"Confettura Artigianale di Pesca \u2013 Borgunto | Toscana\"}]},{\"@type\":\"WebSite\",\"@id\":\"https:\/\/www.granducatocollection.com\/#website\",\"url\":\"https:\/\/www.granducatocollection.com\/\",\"name\":\"GranDucato Collection\",\"description\":\"Prenota la tua vacanza e vivi un&#039;esperienza unica\",\"potentialAction\":[{\"@type\":\"SearchAction\",\"target\":{\"@type\":\"EntryPoint\",\"urlTemplate\":\"https:\/\/www.granducatocollection.com\/?s={search_term_string}\"},\"query-input\":{\"@type\":\"PropertyValueSpecification\",\"valueRequired\":true,\"valueName\":\"search_term_string\"}}],\"inLanguage\":\"pl-PL\"}]}<\/script>\n<!-- \/ Yoast SEO plugin. -->","yoast_head_json":{"title":"B&B Arezzo - Confettura Artigianale di Pesca \u2013 Borgunto | Toscana - Granducato Collection","description":"Acquista online su Granducato Collection la deliziosa Confettura di Pesche, perfetto per colazioni e merende golose. Scopri il gusto della tradizione!","robots":{"index":"index","follow":"follow","max-snippet":"max-snippet:-1","max-image-preview":"max-image-preview:large","max-video-preview":"max-video-preview:-1"},"canonical":"https:\/\/www.granducatocollection.com\/pl\/product\/confetture-di-fragola-e-pesca\/","og_locale":"pl_PL","og_type":"article","og_title":"B&B Arezzo - Confettura Artigianale di Pesca \u2013 Borgunto | Toscana - Granducato Collection","og_description":"Acquista online su Granducato Collection la deliziosa Confettura di Pesche, perfetto per colazioni e merende golose. Scopri il gusto della tradizione!","og_url":"https:\/\/www.granducatocollection.com\/pl\/product\/confetture-di-fragola-e-pesca\/","og_site_name":"Granducato Collection","article_modified_time":"2026-04-30T17:13:39+00:00","og_image":[{"width":1297,"height":1297,"url":"https:\/\/www.granducatocollection.com\/wp-content\/uploads\/2025\/09\/confettura-pesca-toscana-artigianale-arezzo-firenze-toscana-bb-affittacamere-suitelets-campeggio-agricampeggio.webp","type":"image\/webp"}],"twitter_card":"summary_large_image","twitter_misc":{"Szacowany czas czytania":"2 minuty"},"schema":{"@context":"https:\/\/schema.org","@graph":[{"@type":"WebPage","@id":"https:\/\/www.granducatocollection.com\/prodotto\/confettura-di-pesca\/","url":"https:\/\/www.granducatocollection.com\/prodotto\/confetture-di-fragola-e-pesca\/","name":"B&B Arezzo - Confettura Artigianale di Pesca \u2013 Borgunto | Toscana - Granducato Collection","isPartOf":{"@id":"https:\/\/www.granducatocollection.com\/#website"},"primaryImageOfPage":{"@id":"https:\/\/www.granducatocollection.com\/prodotto\/confetture-di-fragola-e-pesca\/#primaryimage"},"image":{"@id":"https:\/\/www.granducatocollection.com\/prodotto\/confetture-di-fragola-e-pesca\/#primaryimage"},"thumbnailUrl":"https:\/\/www.granducatocollection.com\/wp-content\/uploads\/2025\/09\/confettura-pesca-toscana-artigianale-arezzo-firenze-toscana-bb-affittacamere-suitelets-campeggio-agricampeggio.webp","datePublished":"2025-09-11T14:06:50+00:00","dateModified":"2026-04-30T17:13:39+00:00","description":"Acquista online su Granducato Collection la deliziosa Confettura di Pesche, perfetto per colazioni e merende golose. Scopri il gusto della tradizione!","breadcrumb":{"@id":"https:\/\/www.granducatocollection.com\/prodotto\/confetture-di-fragola-e-pesca\/#breadcrumb"},"inLanguage":"pl-PL","potentialAction":[{"@type":"ReadAction","target":["https:\/\/www.granducatocollection.com\/prodotto\/confetture-di-fragola-e-pesca\/"]}]},{"@type":"ImageObject","inLanguage":"pl-PL","@id":"https:\/\/www.granducatocollection.com\/prodotto\/confetture-di-fragola-e-pesca\/#primaryimage","url":"https:\/\/www.granducatocollection.com\/wp-content\/uploads\/2025\/09\/confettura-pesca-toscana-artigianale-arezzo-firenze-toscana-bb-affittacamere-suitelets-campeggio-agricampeggio.webp","contentUrl":"https:\/\/www.granducatocollection.com\/wp-content\/uploads\/2025\/09\/confettura-pesca-toscana-artigianale-arezzo-firenze-toscana-bb-affittacamere-suitelets-campeggio-agricampeggio.webp","width":1297,"height":1297,"caption":"confettura di pesca granducatocollection e borgunto"},{"@type":"BreadcrumbList","@id":"https:\/\/www.granducatocollection.com\/prodotto\/confetture-di-fragola-e-pesca\/#breadcrumb","itemListElement":[{"@type":"ListItem","position":1,"name":"Home","item":"https:\/\/www.granducatocollection.com\/"},{"@type":"ListItem","position":2,"name":"Shop","item":"https:\/\/www.granducatocollection.com\/negozio\/"},{"@type":"ListItem","position":3,"name":"Confettura Artigianale di Pesca \u2013 Borgunto | Toscana"}]},{"@type":"WebSite","@id":"https:\/\/www.granducatocollection.com\/#website","url":"https:\/\/www.granducatocollection.com\/","name":"GranDucato Collection","description":"Prenota la tua vacanza e vivi un&#039;esperienza unica","potentialAction":[{"@type":"SearchAction","target":{"@type":"EntryPoint","urlTemplate":"https:\/\/www.granducatocollection.com\/?s={search_term_string}"},"query-input":{"@type":"PropertyValueSpecification","valueRequired":true,"valueName":"search_term_string"}}],"inLanguage":"pl-PL"}]}},"_links":{"self":[{"href":"https:\/\/www.granducatocollection.com\/pl\/wp-json\/wp\/v2\/product\/8486","targetHints":{"allow":["GET"]}}],"collection":[{"href":"https:\/\/www.granducatocollection.com\/pl\/wp-json\/wp\/v2\/product"}],"about":[{"href":"https:\/\/www.granducatocollection.com\/pl\/wp-json\/wp\/v2\/types\/product"}],"wp:featuredmedia":[{"embeddable":true,"href":"https:\/\/www.granducatocollection.com\/pl\/wp-json\/wp\/v2\/media\/8553"}],"wp:attachment":[{"href":"https:\/\/www.granducatocollection.com\/pl\/wp-json\/wp\/v2\/media?parent=8486"}],"wp:term":[{"taxonomy":"product_brand","embeddable":true,"href":"https:\/\/www.granducatocollection.com\/pl\/wp-json\/wp\/v2\/product_brand?post=8486"},{"taxonomy":"product_cat","embeddable":true,"href":"https:\/\/www.granducatocollection.com\/pl\/wp-json\/wp\/v2\/product_cat?post=8486"},{"taxonomy":"product_tag","embeddable":true,"href":"https:\/\/www.granducatocollection.com\/pl\/wp-json\/wp\/v2\/product_tag?post=8486"}],"curies":[{"name":"wp","href":"https:\/\/api.w.org\/{rel}","templated":true}]}}