{"id":8154,"date":"2025-07-20T23:35:38","date_gmt":"2025-07-20T23:35:38","guid":{"rendered":"https:\/\/www.granducatocollection.com\/?post_type=product&#038;p=8154"},"modified":"2026-03-20T19:17:42","modified_gmt":"2026-03-20T19:17:42","slug":"maionese-tartufo-estivo","status":"publish","type":"product","link":"https:\/\/www.granducatocollection.com\/pl\/product\/maionese-tartufo-estivo\/","title":{"rendered":"Majonez z letni\u0105 trufl\u0105 \u2013 produkt rzemie\u015blniczy z Toskanii | Borgunto"},"content":{"rendered":"<p><script type=\"application\/ld+json\">{\n    \"@context\": \"https:\\\/\\\/schema.org\",\n    \"@type\": \"Product\",\n    \"@id\": \"https:\\\/\\\/www.granducatocollection.com\\\/prodotto\\\/maionese-tartufo-estivo\\\/\",\n    \"name\": \"Maionese al Tartufo Estivo \\u2013 Condimento Gourmet Borgunto\",\n    \"image\": \"https:\\\/\\\/www.granducatocollection.com\\\/wp-content\\\/uploads\\\/2026\\\/01\\\/maionese-tartufo-estivo-borgunto.jpg\",\n    \"description\": \"Maionese al tartufo estivo artigianale, realizzata ad Arezzo in Toscana. Condimento gourmet perfetto per panini gourmet, carni bianche o come regalo gourmet raffinato.\",\n    \"brand\": {\n        \"@type\": \"Organization\",\n        \"name\": \"Borgunto\"\n    },\n    \"offers\": {\n        \"@type\": \"Offer\",\n        \"url\": \"https:\\\/\\\/www.granducatocollection.com\\\/prodotto\\\/maionese-tartufo-estivo\\\/\",\n        \"priceCurrency\": \"EUR\",\n        \"price\": \"12.00\",\n        \"itemCondition\": \"https:\\\/\\\/schema.org\\\/NewCondition\",\n        \"availability\": \"https:\\\/\\\/schema.org\\\/InStock\",\n        \"seller\": {\n            \"@type\": \"Organization\",\n            \"name\": \"Granducato Collection\"\n        }\n    },\n    \"sku\": \"MAIONESE-TARTUFO-ESTIVO\"\n}<\/script><\/p>\n<h1>Letni Majonez Truflowy \u2013 Borgunto Gourmet Dressing<\/h1>\n<h2>Toska\u0144ski produkt rzemie\u015blniczy z letni\u0105 trufl\u0105<\/h2>\n<p class=\"translation-block\"><strong>Majonez z letnim trufl\u0105<\/strong> to innowacyjny produkt gastronomiczny, kt\u00f3ry powsta\u0142 w <strong>Arezzo<\/strong>, w <strong>Toskanii<\/strong>, dzi\u0119ki firmie <strong>Borgunto<\/strong>. Wykonany r\u0119cznie z wyselekcjonowanych sk\u0142adnik\u00f3w i intensywnym aromatem cenionego <strong>letniego trufla<\/strong> (summer truffle), \u0142\u0105czy kremow\u0105 konsystencj\u0119 klasycznej majonezu z g\u0142\u0119boko <strong>toska\u0144skim<\/strong> charakterem. Bez konserwant\u00f3w \u2013 to idealne, wyko\u0144czeniowe akcenty, kt\u00f3re z elegancj\u0105 podkre\u015blaj\u0105 prostot\u0119 smak\u00f3w.<\/p>\n<h3>Wszechstronny w kuchni: od kanapek gourmet po wykwintne dania<\/h3>\n<p class=\"translation-block\">Idealny do kanapek gourmet, bia\u0142ego mi\u0119sa, jajek na twardo, grillowanych warzyw lub jako baza do crostini, ten majonez to wszechstronny sprzymierzeniec w kuchni. Jego delikatny, a zarazem wyrazisty aromat sprawia, \u017ce \u200b\u200bka\u017cde danie jest bardziej wyrafinowane, nie przyt\u0142aczaj\u0105c przy tym pozosta\u0142ych sk\u0142adnik\u00f3w.<\/p>\n<h3>Symbol kolekcji Granducato: w\u0142oskie rzemios\u0142o i smak<\/h3>\n<p class=\"translation-block\">Ten <strong>smakowy dodatek<\/strong> uciele\u015bnia warto\u015bci kolekcji <strong>Granducato<\/strong>: kontrolowan\u0105 produkcj\u0119, szacunek dla w\u0142oskiej tradycji gastronomicznej i dba\u0142o\u015b\u0107 o szczeg\u00f3\u0142y. Zapakowany w elegancki s\u0142oik, stanowi r\u00f3wnie\u017c <strong>wykwintny prezent<\/strong> dla mi\u0142o\u015bnik\u00f3w autentycznej w\u0142oskiej kuchni.<\/p>","protected":false},"excerpt":{"rendered":"<h1 class=\"translation-block\">Majonez truflowy<\/h1>\n<p class=\"translation-block\"><strong>Majonez z trufl\u0105 letni\u0105<\/strong> rzemie\u015blniczy, produkowany w <strong>Toskanii<\/strong> z wyselekcjonowanych sk\u0142adnik\u00f3w. <strong>Wykwintny sos<\/strong> idealny do <strong>gourmetowych kanapek<\/strong>, <strong>mi\u0119sa drobiowego<\/strong>, jajek czy warzyw. Ekskluzywny produkt z kolekcji <strong>Granducato Collection<\/strong>, doskona\u0142y r\u00f3wnie\u017c jako <strong>wyrafinowany prezent gourmet<\/strong>.<\/p>","protected":false},"featured_media":8155,"template":"","meta":{"_acf_changed":false},"product_brand":[764],"product_cat":[845],"product_tag":[132,129,133,128,134,131,125,130,126,110],"class_list":{"0":"post-8154","1":"product","2":"type-product","3":"status-publish","4":"has-post-thumbnail","6":"product_brand-granducato-collection","7":"product_cat-confetture-e-specialita-gourmet","8":"product_tag-antipasto","9":"product_tag-artigianale","10":"product_tag-carne","11":"product_tag-condimento","12":"product_tag-formaggio","13":"product_tag-insalata","14":"product_tag-maionese","15":"product_tag-senza-conservanti","16":"product_tag-tartufo","17":"product_tag-toscana","19":"first","20":"instock","21":"shipping-taxable","22":"purchasable","23":"product-type-simple"},"acf":[],"yoast_head":"<!-- This site is optimized with the Yoast SEO plugin v26.7 - https:\/\/yoast.com\/wordpress\/plugins\/seo\/ -->\n<title>B&amp;B Arezzo - Maionese di Tartufo Estivo | Granducato Collection<\/title>\n<meta name=\"description\" content=\"Scopri la maionese di tartufo estivo Granduca Collection: cremosa, profumata e perfetta per piatti gourmet. Spedizione veloce in tutta Italia.\" \/>\n<meta name=\"robots\" content=\"index, follow, max-snippet:-1, max-image-preview:large, max-video-preview:-1\" \/>\n<link rel=\"canonical\" href=\"https:\/\/www.granducatocollection.com\/pl\/product\/maionese-di-tartufo-estivo\/\" \/>\n<meta property=\"og:locale\" content=\"pl_PL\" \/>\n<meta property=\"og:type\" content=\"article\" \/>\n<meta property=\"og:title\" content=\"B&amp;B Arezzo - Maionese di Tartufo Estivo | Granducato Collection\" \/>\n<meta property=\"og:description\" content=\"Scopri la maionese di tartufo estivo Granduca Collection: cremosa, profumata e perfetta per piatti gourmet. Spedizione veloce in tutta Italia.\" \/>\n<meta property=\"og:url\" content=\"https:\/\/www.granducatocollection.com\/pl\/product\/maionese-di-tartufo-estivo\/\" \/>\n<meta property=\"og:site_name\" content=\"Granducato Collection\" \/>\n<meta property=\"article:modified_time\" content=\"2026-03-20T19:17:42+00:00\" \/>\n<meta property=\"og:image\" content=\"https:\/\/www.granducatocollection.com\/wp-content\/uploads\/2025\/07\/maionese_-700x700-1.webp\" \/>\n\t<meta property=\"og:image:width\" content=\"700\" \/>\n\t<meta property=\"og:image:height\" content=\"700\" \/>\n\t<meta property=\"og:image:type\" content=\"image\/webp\" \/>\n<meta name=\"twitter:card\" content=\"summary_large_image\" \/>\n<meta name=\"twitter:label1\" content=\"Szacowany czas czytania\" \/>\n\t<meta name=\"twitter:data1\" content=\"2 minuty\" \/>\n<script type=\"application\/ld+json\" class=\"yoast-schema-graph\">{\"@context\":\"https:\/\/schema.org\",\"@graph\":[{\"@type\":\"WebPage\",\"@id\":\"https:\/\/www.granducatocollection.com\/prodotto\/maionese-tartufo-estivo\/\",\"url\":\"https:\/\/www.granducatocollection.com\/prodotto\/maionese-di-tartufo-estivo\/\",\"name\":\"B&B Arezzo - Maionese di Tartufo Estivo | Granducato Collection\",\"isPartOf\":{\"@id\":\"https:\/\/www.granducatocollection.com\/#website\"},\"primaryImageOfPage\":{\"@id\":\"https:\/\/www.granducatocollection.com\/prodotto\/maionese-di-tartufo-estivo\/#primaryimage\"},\"image\":{\"@id\":\"https:\/\/www.granducatocollection.com\/prodotto\/maionese-di-tartufo-estivo\/#primaryimage\"},\"thumbnailUrl\":\"https:\/\/www.granducatocollection.com\/wp-content\/uploads\/2025\/07\/maionese_-700x700-1.webp\",\"datePublished\":\"2025-07-20T23:35:38+00:00\",\"dateModified\":\"2026-03-20T19:17:42+00:00\",\"description\":\"Scopri la maionese di tartufo estivo Granduca Collection: cremosa, profumata e perfetta per piatti gourmet. Spedizione veloce in tutta Italia.\",\"breadcrumb\":{\"@id\":\"https:\/\/www.granducatocollection.com\/prodotto\/maionese-di-tartufo-estivo\/#breadcrumb\"},\"inLanguage\":\"pl-PL\",\"potentialAction\":[{\"@type\":\"ReadAction\",\"target\":[\"https:\/\/www.granducatocollection.com\/prodotto\/maionese-di-tartufo-estivo\/\"]}]},{\"@type\":\"ImageObject\",\"inLanguage\":\"pl-PL\",\"@id\":\"https:\/\/www.granducatocollection.com\/prodotto\/maionese-di-tartufo-estivo\/#primaryimage\",\"url\":\"https:\/\/www.granducatocollection.com\/wp-content\/uploads\/2025\/07\/maionese_-700x700-1.webp\",\"contentUrl\":\"https:\/\/www.granducatocollection.com\/wp-content\/uploads\/2025\/07\/maionese_-700x700-1.webp\",\"width\":700,\"height\":700,\"caption\":\"maionese di tartufo estivo\"},{\"@type\":\"BreadcrumbList\",\"@id\":\"https:\/\/www.granducatocollection.com\/prodotto\/maionese-di-tartufo-estivo\/#breadcrumb\",\"itemListElement\":[{\"@type\":\"ListItem\",\"position\":1,\"name\":\"Home\",\"item\":\"https:\/\/www.granducatocollection.com\/\"},{\"@type\":\"ListItem\",\"position\":2,\"name\":\"Shop\",\"item\":\"https:\/\/www.granducatocollection.com\/negozio\/\"},{\"@type\":\"ListItem\",\"position\":3,\"name\":\"Maionese di Tartufo Estivo &#8211; Prodotto Artigianale Toscano | Borgunto\"}]},{\"@type\":\"WebSite\",\"@id\":\"https:\/\/www.granducatocollection.com\/#website\",\"url\":\"https:\/\/www.granducatocollection.com\/\",\"name\":\"GranDucato Collection\",\"description\":\"Prenota la tua vacanza e vivi un&#039;esperienza unica\",\"potentialAction\":[{\"@type\":\"SearchAction\",\"target\":{\"@type\":\"EntryPoint\",\"urlTemplate\":\"https:\/\/www.granducatocollection.com\/?s={search_term_string}\"},\"query-input\":{\"@type\":\"PropertyValueSpecification\",\"valueRequired\":true,\"valueName\":\"search_term_string\"}}],\"inLanguage\":\"pl-PL\"}]}<\/script>\n<!-- \/ Yoast SEO plugin. -->","yoast_head_json":{"title":"B&B Arezzo - Maionese di Tartufo Estivo | Granducato Collection","description":"Scopri la maionese di tartufo estivo Granduca Collection: cremosa, profumata e perfetta per piatti gourmet. Spedizione veloce in tutta Italia.","robots":{"index":"index","follow":"follow","max-snippet":"max-snippet:-1","max-image-preview":"max-image-preview:large","max-video-preview":"max-video-preview:-1"},"canonical":"https:\/\/www.granducatocollection.com\/pl\/product\/maionese-di-tartufo-estivo\/","og_locale":"pl_PL","og_type":"article","og_title":"B&B Arezzo - Maionese di Tartufo Estivo | Granducato Collection","og_description":"Scopri la maionese di tartufo estivo Granduca Collection: cremosa, profumata e perfetta per piatti gourmet. Spedizione veloce in tutta Italia.","og_url":"https:\/\/www.granducatocollection.com\/pl\/product\/maionese-di-tartufo-estivo\/","og_site_name":"Granducato Collection","article_modified_time":"2026-03-20T19:17:42+00:00","og_image":[{"width":700,"height":700,"url":"https:\/\/www.granducatocollection.com\/wp-content\/uploads\/2025\/07\/maionese_-700x700-1.webp","type":"image\/webp"}],"twitter_card":"summary_large_image","twitter_misc":{"Szacowany czas czytania":"2 minuty"},"schema":{"@context":"https:\/\/schema.org","@graph":[{"@type":"WebPage","@id":"https:\/\/www.granducatocollection.com\/prodotto\/maionese-tartufo-estivo\/","url":"https:\/\/www.granducatocollection.com\/prodotto\/maionese-di-tartufo-estivo\/","name":"B&B Arezzo - Maionese di Tartufo Estivo | Granducato Collection","isPartOf":{"@id":"https:\/\/www.granducatocollection.com\/#website"},"primaryImageOfPage":{"@id":"https:\/\/www.granducatocollection.com\/prodotto\/maionese-di-tartufo-estivo\/#primaryimage"},"image":{"@id":"https:\/\/www.granducatocollection.com\/prodotto\/maionese-di-tartufo-estivo\/#primaryimage"},"thumbnailUrl":"https:\/\/www.granducatocollection.com\/wp-content\/uploads\/2025\/07\/maionese_-700x700-1.webp","datePublished":"2025-07-20T23:35:38+00:00","dateModified":"2026-03-20T19:17:42+00:00","description":"Scopri la maionese di tartufo estivo Granduca Collection: cremosa, profumata e perfetta per piatti gourmet. Spedizione veloce in tutta Italia.","breadcrumb":{"@id":"https:\/\/www.granducatocollection.com\/prodotto\/maionese-di-tartufo-estivo\/#breadcrumb"},"inLanguage":"pl-PL","potentialAction":[{"@type":"ReadAction","target":["https:\/\/www.granducatocollection.com\/prodotto\/maionese-di-tartufo-estivo\/"]}]},{"@type":"ImageObject","inLanguage":"pl-PL","@id":"https:\/\/www.granducatocollection.com\/prodotto\/maionese-di-tartufo-estivo\/#primaryimage","url":"https:\/\/www.granducatocollection.com\/wp-content\/uploads\/2025\/07\/maionese_-700x700-1.webp","contentUrl":"https:\/\/www.granducatocollection.com\/wp-content\/uploads\/2025\/07\/maionese_-700x700-1.webp","width":700,"height":700,"caption":"maionese di tartufo estivo"},{"@type":"BreadcrumbList","@id":"https:\/\/www.granducatocollection.com\/prodotto\/maionese-di-tartufo-estivo\/#breadcrumb","itemListElement":[{"@type":"ListItem","position":1,"name":"Home","item":"https:\/\/www.granducatocollection.com\/"},{"@type":"ListItem","position":2,"name":"Shop","item":"https:\/\/www.granducatocollection.com\/negozio\/"},{"@type":"ListItem","position":3,"name":"Maionese di Tartufo Estivo &#8211; Prodotto Artigianale Toscano | Borgunto"}]},{"@type":"WebSite","@id":"https:\/\/www.granducatocollection.com\/#website","url":"https:\/\/www.granducatocollection.com\/","name":"GranDucato Collection","description":"Prenota la tua vacanza e vivi un&#039;esperienza unica","potentialAction":[{"@type":"SearchAction","target":{"@type":"EntryPoint","urlTemplate":"https:\/\/www.granducatocollection.com\/?s={search_term_string}"},"query-input":{"@type":"PropertyValueSpecification","valueRequired":true,"valueName":"search_term_string"}}],"inLanguage":"pl-PL"}]}},"_links":{"self":[{"href":"https:\/\/www.granducatocollection.com\/pl\/wp-json\/wp\/v2\/product\/8154","targetHints":{"allow":["GET"]}}],"collection":[{"href":"https:\/\/www.granducatocollection.com\/pl\/wp-json\/wp\/v2\/product"}],"about":[{"href":"https:\/\/www.granducatocollection.com\/pl\/wp-json\/wp\/v2\/types\/product"}],"wp:featuredmedia":[{"embeddable":true,"href":"https:\/\/www.granducatocollection.com\/pl\/wp-json\/wp\/v2\/media\/8155"}],"wp:attachment":[{"href":"https:\/\/www.granducatocollection.com\/pl\/wp-json\/wp\/v2\/media?parent=8154"}],"wp:term":[{"taxonomy":"product_brand","embeddable":true,"href":"https:\/\/www.granducatocollection.com\/pl\/wp-json\/wp\/v2\/product_brand?post=8154"},{"taxonomy":"product_cat","embeddable":true,"href":"https:\/\/www.granducatocollection.com\/pl\/wp-json\/wp\/v2\/product_cat?post=8154"},{"taxonomy":"product_tag","embeddable":true,"href":"https:\/\/www.granducatocollection.com\/pl\/wp-json\/wp\/v2\/product_tag?post=8154"}],"curies":[{"name":"wp","href":"https:\/\/api.w.org\/{rel}","templated":true}]}}