{"id":8150,"date":"2025-07-20T23:06:52","date_gmt":"2025-07-20T23:06:52","guid":{"rendered":"https:\/\/www.granducatocollection.com\/?post_type=product&#038;p=8150"},"modified":"2026-04-20T22:53:04","modified_gmt":"2026-04-20T22:53:04","slug":"sugo-allaglione","status":"publish","type":"product","link":"https:\/\/www.granducatocollection.com\/pl\/product\/sugo-allaglione\/","title":{"rendered":"Sos czosnkowy po toska\u0144sku \u2013 produkt rzemie\u015blniczy | Borgunto"},"content":{"rendered":"<p><script type=\"application\/ld+json\">{\n    \"@context\": \"https:\\\/\\\/schema.org\",\n    \"@type\": \"Product\",\n    \"@id\": \"https:\\\/\\\/www.granducatocollection.com\\\/prodotto\\\/sugo-allaglione\\\/\",\n    \"name\": \"Sugo all'Aglione Toscano \\u2013 Borgunto\",\n    \"image\": \"https:\\\/\\\/www.granducatocollection.com\\\/wp-content\\\/uploads\\\/2026\\\/01\\\/sugo-all-aglione-borgunto.jpg\",\n    \"description\": \"Sugo all'aglione toscano artigianale con aglione delle colline aretine e pomodori maturi. Senza conservanti, perfetto per pasta fresca o crostini toscani. Prodotto da Borgunto in Toscana.\",\n    \"brand\": {\n        \"@type\": \"Brand\",\n        \"name\": \"Borgunto\"\n    },\n    \"offers\": {\n        \"@type\": \"Offer\",\n        \"url\": \"https:\\\/\\\/www.granducatocollection.com\\\/prodotto\\\/sugo-allaglione\\\/\",\n        \"priceCurrency\": \"EUR\",\n        \"price\": \"8.00\",\n        \"itemCondition\": \"https:\\\/\\\/schema.org\\\/NewCondition\",\n        \"availability\": \"https:\\\/\\\/schema.org\\\/InStock\",\n        \"seller\": {\n            \"@type\": \"Organization\",\n            \"name\": \"Granducato Collection\"\n        },\n        \"hasMerchantReturnPolicy\": {\n            \"@type\": \"MerchantReturnPolicy\",\n            \"returnPolicyCategory\": \"https:\\\/\\\/schema.org\\\/MerchantReturnFiniteReturnWindow\",\n            \"merchantReturnDays\": 14,\n            \"returnMethod\": \"https:\\\/\\\/schema.org\\\/ReturnByMail\",\n            \"returnFees\": \"https:\\\/\\\/schema.org\\\/FreeReturn\"\n        }\n    },\n    \"sku\": \"SUGO-AGLIONE-TOSCANO\"\n}<\/script><\/p>\n<h1>Toska\u0144ski sos czosnkowy \u2013 Borgunto<\/h1>\n<h2>Toska\u0144ski produkt rzemie\u015blniczy z czosnkiem pochodz\u0105cym ze wzg\u00f3rz Arezzo<\/h2>\n<p class=\"translation-block\"><strong>Sos Aglione Toscano<\/strong> to ho\u0142d z\u0142o\u017cony <strong>toska\u0144skiej kuchni wiejskiej<\/strong>, przygotowywany przez <strong>Borgunto<\/strong> w <strong>Arezzo<\/strong>. Wykonany z <strong>aglione delle colline aretine<\/strong> \u2013 lokalnego, s\u0142odkiego i aromatycznego rodzaju czosnku \u2013 oraz <strong>dojrza\u0142ych, starannie wyselekcjonowanych pomidor\u00f3w<\/strong>, sos ten powstaje wed\u0142ug <strong>tradycyjnego przepisu<\/strong> przekazywanego z pokolenia na pokolenie. Powoli gotowany i <strong>bez konserwant\u00f3w ani barwnik\u00f3w<\/strong>, oddaje autentyczny smak toska\u0144skiej wsi w ka\u017cdej \u0142y\u017cce.<\/p>\n<h3>Idealne do \u015bwie\u017cego makaronu, pici lub toska\u0144skich crostini<\/h3>\n<p class=\"translation-block\">Sos Aglione idealnie komponuje si\u0119 ze \u015bwie\u017cym makaronem, r\u0119cznie robionym pici lub prostymi toska\u0144skimi crostini. Mo\u017cna go przygotowa\u0107 w zaledwie kilka minut, a jednocze\u015bnie oferuje g\u0142\u0119bokie i autentyczne doznania kulinarne. To idealny dodatek dla os\u00f3b poszukuj\u0105cych prostoty, jako\u015bci i szacunku do tradycji.<\/p>\n<h3>Symbol kolekcji Granducato: terytorium, identyfikowalno\u015b\u0107 i rzemios\u0142o<\/h3>\n<p class=\"translation-block\">Ten <strong>rzemie\u015blniczy produkt wyprodukowany w Toskanii<\/strong> uciele\u015bnia warto\u015bci kolekcji <strong>Granducato<\/strong>: bezpo\u015bredni\u0105 kontrol\u0119 nad surowcami, ograniczon\u0105 produkcj\u0119 i maksymaln\u0105 dba\u0142o\u015b\u0107 o szczeg\u00f3\u0142y. Ka\u017cdy s\u0142oik opowiada histori\u0119 krainy, w kt\u00f3rej czosnek jest nie tylko sk\u0142adnikiem, ale symbolem kulinarnej to\u017csamo\u015bci.<\/p>","protected":false},"excerpt":{"rendered":"<h1>Sos czosnkowy toska\u0144ski<\/h1>\n<p>Wyprodukowane z lokalnych pomidor\u00f3w Aglione ze wzg\u00f3rz Arezzo i wyselekcjonowanych, dojrza\u0142ych pomidor\u00f3w. Tradycyjny przepis bez konserwant\u00f3w i barwnik\u00f3w, idealny do przyprawiania \u015bwie\u017cego makaronu lub crostini. Produkt rzemie\u015blniczy z Toskanii, gotowy w kilka minut, ale z autentycznym smakiem toska\u0144skiej kuchni wiejskiej.<br \/>\n<span style=\"color: white;\">sugo di pomodoro<\/span><br \/>\n<span style=\"color: white;\">pomodoro<\/span><br \/>\n<span style=\"color: white;\">pomarola<\/span><br \/>\n<span style=\"color: white;\">sugo toscano<\/span><\/p>","protected":false},"featured_media":11486,"template":"","meta":{"_acf_changed":false},"product_brand":[764],"product_cat":[844],"product_tag":[136,129,128,138,130,135,805,110],"class_list":{"0":"post-8150","1":"product","2":"type-product","3":"status-publish","4":"has-post-thumbnail","6":"product_brand-granducato-collection","7":"product_cat-cucina-pronta","8":"product_tag-aglione","9":"product_tag-artigianale","10":"product_tag-condimento","11":"product_tag-cucina-italiana","12":"product_tag-senza-conservanti","13":"product_tag-sugo","14":"product_tag-sugo-al-pomodoro","15":"product_tag-toscana","17":"first","18":"instock","19":"shipping-taxable","20":"purchasable","21":"product-type-simple"},"acf":[],"yoast_head":"<!-- This site is optimized with the Yoast SEO plugin v26.7 - https:\/\/yoast.com\/wordpress\/plugins\/seo\/ -->\n<title>B&amp;B Arezzo - Sugo all&#039;Aglione Toscano - Granducato Collection<\/title>\n<meta name=\"description\" content=\"Sugo all&#039;aglione artigianale toscano 200g | Gusto intenso e autentico della tradizione Toscana | Senza conservanti | Made in Italy | Acquista ora!\" \/>\n<meta name=\"robots\" content=\"index, follow, max-snippet:-1, max-image-preview:large, max-video-preview:-1\" \/>\n<link rel=\"canonical\" href=\"https:\/\/www.granducatocollection.com\/pl\/product\/sugo-allaglione\/\" \/>\n<meta property=\"og:locale\" content=\"pl_PL\" \/>\n<meta property=\"og:type\" content=\"article\" \/>\n<meta property=\"og:title\" content=\"B&amp;B Arezzo - Sugo all&#039;Aglione Toscano - Granducato Collection\" \/>\n<meta property=\"og:description\" content=\"Sugo all&#039;aglione artigianale toscano 200g | Gusto intenso e autentico della tradizione Toscana | Senza conservanti | Made in Italy | Acquista ora!\" \/>\n<meta property=\"og:url\" content=\"https:\/\/www.granducatocollection.com\/pl\/product\/sugo-allaglione\/\" \/>\n<meta property=\"og:site_name\" content=\"Granducato Collection\" \/>\n<meta property=\"article:modified_time\" content=\"2026-04-20T22:53:04+00:00\" \/>\n<meta property=\"og:image\" content=\"https:\/\/www.granducatocollection.com\/wp-content\/uploads\/2025\/07\/sugo-allaglione-toscano-prodotto-artigianale-borgunto.png\" \/>\n\t<meta property=\"og:image:width\" content=\"500\" \/>\n\t<meta property=\"og:image:height\" content=\"500\" \/>\n\t<meta property=\"og:image:type\" content=\"image\/png\" \/>\n<meta name=\"twitter:card\" content=\"summary_large_image\" \/>\n<meta name=\"twitter:label1\" content=\"Szacowany czas czytania\" \/>\n\t<meta name=\"twitter:data1\" content=\"2 minuty\" \/>\n<script type=\"application\/ld+json\" class=\"yoast-schema-graph\">{\"@context\":\"https:\/\/schema.org\",\"@graph\":[{\"@type\":\"WebPage\",\"@id\":\"https:\/\/www.granducatocollection.com\/prodotto\/sugo-allaglione\/\",\"url\":\"https:\/\/www.granducatocollection.com\/prodotto\/sugo-allaglione\/\",\"name\":\"B&B Arezzo - Sugo all'Aglione Toscano - Granducato Collection\",\"isPartOf\":{\"@id\":\"https:\/\/www.granducatocollection.com\/#website\"},\"primaryImageOfPage\":{\"@id\":\"https:\/\/www.granducatocollection.com\/prodotto\/sugo-allaglione\/#primaryimage\"},\"image\":{\"@id\":\"https:\/\/www.granducatocollection.com\/prodotto\/sugo-allaglione\/#primaryimage\"},\"thumbnailUrl\":\"https:\/\/www.granducatocollection.com\/wp-content\/uploads\/2025\/07\/sugo-allaglione-toscano-prodotto-artigianale-borgunto.png\",\"datePublished\":\"2025-07-20T23:06:52+00:00\",\"dateModified\":\"2026-04-20T22:53:04+00:00\",\"description\":\"Sugo all'aglione artigianale toscano 200g | Gusto intenso e autentico della tradizione Toscana | Senza conservanti | Made in Italy | Acquista ora!\",\"breadcrumb\":{\"@id\":\"https:\/\/www.granducatocollection.com\/prodotto\/sugo-allaglione\/#breadcrumb\"},\"inLanguage\":\"pl-PL\",\"potentialAction\":[{\"@type\":\"ReadAction\",\"target\":[\"https:\/\/www.granducatocollection.com\/prodotto\/sugo-allaglione\/\"]}]},{\"@type\":\"ImageObject\",\"inLanguage\":\"pl-PL\",\"@id\":\"https:\/\/www.granducatocollection.com\/prodotto\/sugo-allaglione\/#primaryimage\",\"url\":\"https:\/\/www.granducatocollection.com\/wp-content\/uploads\/2025\/07\/sugo-allaglione-toscano-prodotto-artigianale-borgunto.png\",\"contentUrl\":\"https:\/\/www.granducatocollection.com\/wp-content\/uploads\/2025\/07\/sugo-allaglione-toscano-prodotto-artigianale-borgunto.png\",\"width\":500,\"height\":500},{\"@type\":\"BreadcrumbList\",\"@id\":\"https:\/\/www.granducatocollection.com\/prodotto\/sugo-allaglione\/#breadcrumb\",\"itemListElement\":[{\"@type\":\"ListItem\",\"position\":1,\"name\":\"Home\",\"item\":\"https:\/\/www.granducatocollection.com\/\"},{\"@type\":\"ListItem\",\"position\":2,\"name\":\"Shop\",\"item\":\"https:\/\/www.granducatocollection.com\/negozio\/\"},{\"@type\":\"ListItem\",\"position\":3,\"name\":\"Sugo all\u2019Aglione Toscano &#8211; Prodotto Artigianale | Borgunto\"}]},{\"@type\":\"WebSite\",\"@id\":\"https:\/\/www.granducatocollection.com\/#website\",\"url\":\"https:\/\/www.granducatocollection.com\/\",\"name\":\"GranDucato Collection\",\"description\":\"Prenota la tua vacanza e vivi un&#039;esperienza unica\",\"potentialAction\":[{\"@type\":\"SearchAction\",\"target\":{\"@type\":\"EntryPoint\",\"urlTemplate\":\"https:\/\/www.granducatocollection.com\/?s={search_term_string}\"},\"query-input\":{\"@type\":\"PropertyValueSpecification\",\"valueRequired\":true,\"valueName\":\"search_term_string\"}}],\"inLanguage\":\"pl-PL\"}]}<\/script>\n<!-- \/ Yoast SEO plugin. -->","yoast_head_json":{"title":"B&B Arezzo - Sugo all'Aglione Toscano - Granducato Collection","description":"Sugo all'aglione artigianale toscano 200g | Gusto intenso e autentico della tradizione Toscana | Senza conservanti | Made in Italy | Acquista ora!","robots":{"index":"index","follow":"follow","max-snippet":"max-snippet:-1","max-image-preview":"max-image-preview:large","max-video-preview":"max-video-preview:-1"},"canonical":"https:\/\/www.granducatocollection.com\/pl\/product\/sugo-allaglione\/","og_locale":"pl_PL","og_type":"article","og_title":"B&B Arezzo - Sugo all'Aglione Toscano - Granducato Collection","og_description":"Sugo all'aglione artigianale toscano 200g | Gusto intenso e autentico della tradizione Toscana | Senza conservanti | Made in Italy | Acquista ora!","og_url":"https:\/\/www.granducatocollection.com\/pl\/product\/sugo-allaglione\/","og_site_name":"Granducato Collection","article_modified_time":"2026-04-20T22:53:04+00:00","og_image":[{"width":500,"height":500,"url":"https:\/\/www.granducatocollection.com\/wp-content\/uploads\/2025\/07\/sugo-allaglione-toscano-prodotto-artigianale-borgunto.png","type":"image\/png"}],"twitter_card":"summary_large_image","twitter_misc":{"Szacowany czas czytania":"2 minuty"},"schema":{"@context":"https:\/\/schema.org","@graph":[{"@type":"WebPage","@id":"https:\/\/www.granducatocollection.com\/prodotto\/sugo-allaglione\/","url":"https:\/\/www.granducatocollection.com\/prodotto\/sugo-allaglione\/","name":"B&B Arezzo - Sugo all'Aglione Toscano - Granducato Collection","isPartOf":{"@id":"https:\/\/www.granducatocollection.com\/#website"},"primaryImageOfPage":{"@id":"https:\/\/www.granducatocollection.com\/prodotto\/sugo-allaglione\/#primaryimage"},"image":{"@id":"https:\/\/www.granducatocollection.com\/prodotto\/sugo-allaglione\/#primaryimage"},"thumbnailUrl":"https:\/\/www.granducatocollection.com\/wp-content\/uploads\/2025\/07\/sugo-allaglione-toscano-prodotto-artigianale-borgunto.png","datePublished":"2025-07-20T23:06:52+00:00","dateModified":"2026-04-20T22:53:04+00:00","description":"Sugo all'aglione artigianale toscano 200g | Gusto intenso e autentico della tradizione Toscana | Senza conservanti | Made in Italy | Acquista ora!","breadcrumb":{"@id":"https:\/\/www.granducatocollection.com\/prodotto\/sugo-allaglione\/#breadcrumb"},"inLanguage":"pl-PL","potentialAction":[{"@type":"ReadAction","target":["https:\/\/www.granducatocollection.com\/prodotto\/sugo-allaglione\/"]}]},{"@type":"ImageObject","inLanguage":"pl-PL","@id":"https:\/\/www.granducatocollection.com\/prodotto\/sugo-allaglione\/#primaryimage","url":"https:\/\/www.granducatocollection.com\/wp-content\/uploads\/2025\/07\/sugo-allaglione-toscano-prodotto-artigianale-borgunto.png","contentUrl":"https:\/\/www.granducatocollection.com\/wp-content\/uploads\/2025\/07\/sugo-allaglione-toscano-prodotto-artigianale-borgunto.png","width":500,"height":500},{"@type":"BreadcrumbList","@id":"https:\/\/www.granducatocollection.com\/prodotto\/sugo-allaglione\/#breadcrumb","itemListElement":[{"@type":"ListItem","position":1,"name":"Home","item":"https:\/\/www.granducatocollection.com\/"},{"@type":"ListItem","position":2,"name":"Shop","item":"https:\/\/www.granducatocollection.com\/negozio\/"},{"@type":"ListItem","position":3,"name":"Sugo all\u2019Aglione Toscano &#8211; Prodotto Artigianale | Borgunto"}]},{"@type":"WebSite","@id":"https:\/\/www.granducatocollection.com\/#website","url":"https:\/\/www.granducatocollection.com\/","name":"GranDucato Collection","description":"Prenota la tua vacanza e vivi un&#039;esperienza unica","potentialAction":[{"@type":"SearchAction","target":{"@type":"EntryPoint","urlTemplate":"https:\/\/www.granducatocollection.com\/?s={search_term_string}"},"query-input":{"@type":"PropertyValueSpecification","valueRequired":true,"valueName":"search_term_string"}}],"inLanguage":"pl-PL"}]}},"_links":{"self":[{"href":"https:\/\/www.granducatocollection.com\/pl\/wp-json\/wp\/v2\/product\/8150","targetHints":{"allow":["GET"]}}],"collection":[{"href":"https:\/\/www.granducatocollection.com\/pl\/wp-json\/wp\/v2\/product"}],"about":[{"href":"https:\/\/www.granducatocollection.com\/pl\/wp-json\/wp\/v2\/types\/product"}],"wp:featuredmedia":[{"embeddable":true,"href":"https:\/\/www.granducatocollection.com\/pl\/wp-json\/wp\/v2\/media\/11486"}],"wp:attachment":[{"href":"https:\/\/www.granducatocollection.com\/pl\/wp-json\/wp\/v2\/media?parent=8150"}],"wp:term":[{"taxonomy":"product_brand","embeddable":true,"href":"https:\/\/www.granducatocollection.com\/pl\/wp-json\/wp\/v2\/product_brand?post=8150"},{"taxonomy":"product_cat","embeddable":true,"href":"https:\/\/www.granducatocollection.com\/pl\/wp-json\/wp\/v2\/product_cat?post=8150"},{"taxonomy":"product_tag","embeddable":true,"href":"https:\/\/www.granducatocollection.com\/pl\/wp-json\/wp\/v2\/product_tag?post=8150"}],"curies":[{"name":"wp","href":"https:\/\/api.w.org\/{rel}","templated":true}]}}