{"id":7791,"date":"2025-06-27T14:24:23","date_gmt":"2025-06-27T14:24:23","guid":{"rendered":"https:\/\/www.granducatocollection.com\/?post_type=product&#038;p=7791"},"modified":"2026-03-18T12:32:45","modified_gmt":"2026-03-18T12:32:45","slug":"suite-king-alla-corte-del-re","status":"publish","type":"product","link":"https:\/\/www.granducatocollection.com\/pl\/product\/suite-king-alla-corte-del-re\/","title":{"rendered":"Apartament z \u0142\u00f3\u017ckiem typu king-size i widokiem na Arezzo \u2013 Corte del Re, Piazza Grande | Kolekcja Granducato"},"content":{"rendered":"<h1>Elegancki i przestronny apartament typu king-size<\/h1>\n<h2>Obiekt po\u0142o\u017cony jest w samym sercu Arezzo, zaledwie kilka krok\u00f3w od Piazza Grande i zaledwie 700 metr\u00f3w od dworca kolejowego.<\/h2>\n<h3>Obiekt ten idealnie nadaje si\u0119 na romantyczny weekend lub kulturalny wypad do Toskanii. Oferuje bezp\u0142atne WiFi, cz\u0119\u015b\u0107 wypoczynkow\u0105, prywatn\u0105 \u0142azienk\u0119 i ekskluzywne udogodnienia.<\/h3>\n<p>Idealne miejsce do zwiedzania Arezzo, Cortony i toska\u0144skich miast sztuki.<\/p>","protected":false},"excerpt":{"rendered":"<p><!-- H1 visibile e ottimizzato per SEO --><\/p>\n<h1>Suite King \u2013 La Corte Del Re, Arezzo | Granducato Collection<\/h1>\n<p><!-- Schema JSON-LD conforme a schema.org per Apartment (suite privata) --><br \/>\n<script type=\"application\/ld+json\">\n{\n  \"@context\": \"https:\/\/schema.org\",\n  \"@type\": \"Apartment\",\n  \"name\": \"Suite King \u2013 La Corte Del Re\",\n  \"description\": \"Suite King nel cuore di Arezzo, con TV, minibar, area salotto e bagno privato. Servizi inclusi: colazione in camera (su richiesta), reception virtuale 24\/7, WiFi gratuito. Ideale per coppie, viaggiatori business e amanti della Toscana autentica.\",\n  \"address\": {\n    \"@type\": \"PostalAddress\",\n    \"streetAddress\": \"Via Borgunto 7\",\n    \"addressLocality\": \"Arezzo\",\n    \"postalCode\": \"52100\",\n    \"addressCountry\": \"IT\"\n  },\n  \"geo\": {\n    \"@type\": \"GeoCoordinates\",\n    \"latitude\": 43.4628,\n    \"longitude\": 11.8789\n  },\n  \"url\": \"https:\/\/www.granducatocollection.com\/prodotto\/suite-king-la-corte-del-re\/\",\n  \"telephone\": \"+393772539581\",\n  \"amenityFeature\": [\n    { \"@type\": \"LocationFeatureSpecification\", \"name\": \"TV\", \"value\": true },\n    { \"@type\": \"LocationFeatureSpecification\", \"name\": \"Minibar\", \"value\": true },\n    { \"@type\": \"LocationFeatureSpecification\", \"name\": \"Area salotto\", \"value\": true },\n    { \"@type\": \"LocationFeatureSpecification\", \"name\": \"Bagno privato con doccia\", \"value\": true },\n    { \"@type\": \"LocationFeatureSpecification\", \"name\": \"Asciugacapelli\", \"value\": true },\n    { \"@type\": \"LocationFeatureSpecification\", \"name\": \"Set di cortesia\", \"value\": true },\n    { \"@type\": \"LocationFeatureSpecification\", \"name\": \"WiFi gratuito\", \"value\": true },\n    { \"@type\": \"LocationFeatureSpecification\", \"name\": \"Reception virtuale 24\/7\", \"value\": true },\n    { \"@type\": \"LocationFeatureSpecification\", \"name\": \"Colazione in camera (previo acquisto)\", \"value\": true },\n    { \"@type\": \"LocationFeatureSpecification\", \"name\": \"Deposito bagagli\", \"value\": true }\n  ],\n  \"offers\": {\n    \"@type\": \"Offer\",\n    \"url\": \"https:\/\/www.granducatocollection.com\/prodotto\/suite-king-la-corte-del-re\/\",\n    \"priceCurrency\": \"EUR\",\n    \"availability\": \"https:\/\/schema.org\/InStock\"\n  },\n  \"image\": \"https:\/\/www.granducatocollection.com\/wp-content\/uploads\/2025\/01\/suite-king-la-corte-del-re-arezzo.jpg\",\n  \"numberOfRooms\": \"1\",\n  \"petsAllowed\": false\n}\n<\/script><\/p>\n<p><!-- Testo originale (inalterato, compatibile con TranslatePress) --><br \/>\nLe nostre\u00a0<strong>Suite King<\/strong>\u00a0offrono tutto il comfort necessario per un soggiorno indimenticabile:\u00a0<strong>TV<\/strong>,\u00a0<strong>minibar<\/strong>,\u00a0<strong>area salotto<\/strong>\u00a0e un\u00a0<strong>bagno privato<\/strong>\u00a0con\u00a0<strong>doccia<\/strong>,\u00a0<strong>asciugacapelli<\/strong>\u00a0e\u00a0<strong>set di cortesia<\/strong>. Ideali per coppie, viaggiatori business o chi cerca un rifugio elegante nel cuore della Toscana.<\/p>\n<p>Un\u00a0<strong>servizio di colazione<\/strong>\u00a0(previo acquisto della nostra breakfast box), da consumare comodamente in camera.<\/p>\n<p>Con una\u00a0<strong>reception virtuale aperta 24 ore su 24<\/strong>\u00a0e un servizio in presenza dalle\u00a0<strong>10:00 alle 19:30<\/strong>, siamo sempre a tua disposizione. Offriamo anche un comodo\u00a0<strong>servizio di deposito bagagli<\/strong>, ideale per chi vuole visitare la citt\u00e0 senza preoccupazioni.<\/p>\n<p><strong>Perch\u00e9 scegliere la Corte Del Re?<\/strong><\/p>\n<ul>\n<li>Posizione centrale nel\u00a0<strong>cuore di Arezzo<\/strong>, vicino alla stazione e ai principali punti di interesse.<\/li>\n<li>Suite spaziose e confortevoli, perfette per un soggiorno rilassante.<\/li>\n<li>Ideale per esplorare la\u00a0<strong>Toscana<\/strong>, tra\u00a0<strong>Arezzo<\/strong>,\u00a0<strong>Cortona<\/strong>\u00a0e le citt\u00e0 d\u2019arte.<\/li>\n<li>Servizi moderni come il\u00a0<strong>WiFi gratuito<\/strong>\u00a0e la\u00a0<strong>reception virtuale<\/strong>.<\/li>\n<\/ul>\n<p>Prenota ora la tua\u00a0<strong>Suite King<\/strong>\u00a0alla Corte Del Re e vivi un\u2019esperienza unica nel cuore della\u00a0<strong>Toscana<\/strong><\/p>\n<p><center><b>Prenota Ora!<\/b><\/center><br \/>\n<a style=\"text-decoration: none; display: inline-flex; align-items: center; color: #159c7f; font-weight: 600;\" href=\"https:\/\/wa.me\/3772539581\" target=\"_blank\" rel=\"noopener noreferrer\"><br \/>\n<img decoding=\"async\" style=\"width: 24px; height: 24px; margin-right: 8px;\" src=\"https:\/\/upload.wikimedia.org\/wikipedia\/commons\/6\/6b\/WhatsApp.svg\" alt=\"WhatsApp Icon\" \/><br \/>\nPrenota direttamente su WhatsApp<br \/>\n<\/a><\/p>\n","protected":false},"featured_media":7792,"template":"","meta":{"_acf_changed":false},"product_brand":[764],"product_cat":[91],"product_tag":[835,178,817,164,783,837,179,838,165,834,836,182,784,177],"class_list":{"0":"post-7791","1":"product","2":"type-product","3":"status-publish","4":"has-post-thumbnail","6":"product_brand-granducato-collection","7":"product_cat-camere","8":"product_tag-camera-arezzo","9":"product_tag-camera-con-servizi-esclusivi","10":"product_tag-dormire-arezzo","11":"product_tag-hotel","12":"product_tag-hotel-arezzo","13":"product_tag-hotel-piazza-grande","14":"product_tag-lusso","15":"product_tag-piazza-grande-arezzo","16":"product_tag-soggiorno","17":"product_tag-stazione-arezzo","18":"product_tag-suite-arezzo","19":"product_tag-suite-premium","20":"product_tag-vacanza-arezzo","21":"product_tag-vista-panoramica","23":"first","24":"instock","25":"shipping-taxable","26":"product-type-simple"},"acf":[],"yoast_head":"<!-- This site is optimized with the Yoast SEO plugin v26.7 - https:\/\/yoast.com\/wordpress\/plugins\/seo\/ -->\n<title>Suite King con Vista su Arezzo \u2013 Corte del Re, Piazza Grande | Granducato Collection - Granducato Collection<\/title>\n<meta name=\"robots\" content=\"index, follow, max-snippet:-1, max-image-preview:large, max-video-preview:-1\" \/>\n<link rel=\"canonical\" href=\"https:\/\/www.granducatocollection.com\/pl\/product\/suite-king-alla-corte-del-re\/\" \/>\n<meta property=\"og:locale\" content=\"pl_PL\" \/>\n<meta property=\"og:type\" content=\"article\" \/>\n<meta property=\"og:title\" content=\"Suite King con Vista su Arezzo \u2013 Corte del Re, Piazza Grande | Granducato Collection - Granducato Collection\" \/>\n<meta property=\"og:description\" content=\"Suite King \u2013 La Corte Del Re, Arezzo | Granducato Collection     Le nostre\u00a0Suite King\u00a0offrono tutto il comfort necessario per un soggiorno indimenticabile:\u00a0TV,\u00a0minibar,\u00a0area salotto\u00a0e un\u00a0bagno privato\u00a0con\u00a0doccia,\u00a0asciugacapelli\u00a0e\u00a0set di cortesia. Ideali per coppie, viaggiatori business o chi cerca un rifugio elegante nel cuore della Toscana.  Un\u00a0servizio di colazione\u00a0(previo acquisto della nostra breakfast box), da consumare comodamente in camera.  Con una\u00a0reception virtuale aperta 24 ore su 24\u00a0e un servizio in presenza dalle\u00a010:00 alle 19:30, siamo sempre a tua disposizione. Offriamo anche un comodo\u00a0servizio di deposito bagagli, ideale per chi vuole visitare la citt\u00e0 senza preoccupazioni.  Perch\u00e9 scegliere la Corte Del Re?   Posizione centrale nel\u00a0cuore di Arezzo, vicino alla stazione e ai principali punti di interesse.  Suite spaziose e confortevoli, perfette per un soggiorno rilassante.  Ideale per esplorare la\u00a0Toscana, tra\u00a0Arezzo,\u00a0Cortona\u00a0e le citt\u00e0 d\u2019arte.  Servizi moderni come il\u00a0WiFi gratuito\u00a0e la\u00a0reception virtuale.  Prenota ora la tua\u00a0Suite King\u00a0alla Corte Del Re e vivi un\u2019esperienza unica nel cuore della\u00a0Toscana  Prenota Ora!   Prenota direttamente su WhatsApp\" \/>\n<meta property=\"og:url\" content=\"https:\/\/www.granducatocollection.com\/pl\/product\/suite-king-alla-corte-del-re\/\" \/>\n<meta property=\"og:site_name\" content=\"Granducato Collection\" \/>\n<meta property=\"article:modified_time\" content=\"2026-03-18T12:32:45+00:00\" \/>\n<meta property=\"og:image\" content=\"https:\/\/www.granducatocollection.com\/wp-content\/uploads\/2025\/06\/HotelBedBreakfastArezzo-1-scaled-1.jpg\" \/>\n\t<meta property=\"og:image:width\" content=\"2560\" \/>\n\t<meta property=\"og:image:height\" content=\"1707\" \/>\n\t<meta property=\"og:image:type\" content=\"image\/jpeg\" \/>\n<meta name=\"twitter:card\" content=\"summary_large_image\" \/>\n<meta name=\"twitter:label1\" content=\"Szacowany czas czytania\" \/>\n\t<meta name=\"twitter:data1\" content=\"1 minuta\" \/>\n<script type=\"application\/ld+json\" class=\"yoast-schema-graph\">{\"@context\":\"https:\/\/schema.org\",\"@graph\":[{\"@type\":\"WebPage\",\"@id\":\"https:\/\/www.granducatocollection.com\/prodotto\/suite-king-alla-corte-del-re\/\",\"url\":\"https:\/\/www.granducatocollection.com\/prodotto\/suite-king-alla-corte-del-re\/\",\"name\":\"Suite King con Vista su Arezzo \u2013 Corte del Re, Piazza Grande | Granducato Collection - Granducato Collection\",\"isPartOf\":{\"@id\":\"https:\/\/www.granducatocollection.com\/#website\"},\"primaryImageOfPage\":{\"@id\":\"https:\/\/www.granducatocollection.com\/prodotto\/suite-king-alla-corte-del-re\/#primaryimage\"},\"image\":{\"@id\":\"https:\/\/www.granducatocollection.com\/prodotto\/suite-king-alla-corte-del-re\/#primaryimage\"},\"thumbnailUrl\":\"https:\/\/www.granducatocollection.com\/wp-content\/uploads\/2025\/06\/HotelBedBreakfastArezzo-1-scaled-1.jpg\",\"datePublished\":\"2025-06-27T14:24:23+00:00\",\"dateModified\":\"2026-03-18T12:32:45+00:00\",\"breadcrumb\":{\"@id\":\"https:\/\/www.granducatocollection.com\/prodotto\/suite-king-alla-corte-del-re\/#breadcrumb\"},\"inLanguage\":\"pl-PL\",\"potentialAction\":[{\"@type\":\"ReadAction\",\"target\":[\"https:\/\/www.granducatocollection.com\/prodotto\/suite-king-alla-corte-del-re\/\"]}]},{\"@type\":\"ImageObject\",\"inLanguage\":\"pl-PL\",\"@id\":\"https:\/\/www.granducatocollection.com\/prodotto\/suite-king-alla-corte-del-re\/#primaryimage\",\"url\":\"https:\/\/www.granducatocollection.com\/wp-content\/uploads\/2025\/06\/HotelBedBreakfastArezzo-1-scaled-1.jpg\",\"contentUrl\":\"https:\/\/www.granducatocollection.com\/wp-content\/uploads\/2025\/06\/HotelBedBreakfastArezzo-1-scaled-1.jpg\",\"width\":2560,\"height\":1707,\"caption\":\"alt=\\\"Suite King con vista panoramica su Arezzo e Piazza Grande dalla finestra, terrazza privata, arredamento luxury e atmosfera romantica toscana\\\"\"},{\"@type\":\"BreadcrumbList\",\"@id\":\"https:\/\/www.granducatocollection.com\/prodotto\/suite-king-alla-corte-del-re\/#breadcrumb\",\"itemListElement\":[{\"@type\":\"ListItem\",\"position\":1,\"name\":\"Home\",\"item\":\"https:\/\/www.granducatocollection.com\/\"},{\"@type\":\"ListItem\",\"position\":2,\"name\":\"Shop\",\"item\":\"https:\/\/www.granducatocollection.com\/negozio\/\"},{\"@type\":\"ListItem\",\"position\":3,\"name\":\"Suite King con Vista su Arezzo \u2013 Corte del Re, Piazza Grande | Granducato Collection\"}]},{\"@type\":\"WebSite\",\"@id\":\"https:\/\/www.granducatocollection.com\/#website\",\"url\":\"https:\/\/www.granducatocollection.com\/\",\"name\":\"GranDucato Collection\",\"description\":\"Prenota la tua vacanza e vivi un&#039;esperienza unica\",\"potentialAction\":[{\"@type\":\"SearchAction\",\"target\":{\"@type\":\"EntryPoint\",\"urlTemplate\":\"https:\/\/www.granducatocollection.com\/?s={search_term_string}\"},\"query-input\":{\"@type\":\"PropertyValueSpecification\",\"valueRequired\":true,\"valueName\":\"search_term_string\"}}],\"inLanguage\":\"pl-PL\"}]}<\/script>\n<!-- \/ Yoast SEO plugin. -->","yoast_head_json":{"title":"Suite King con Vista su Arezzo \u2013 Corte del Re, Piazza Grande | Granducato Collection - Granducato Collection","robots":{"index":"index","follow":"follow","max-snippet":"max-snippet:-1","max-image-preview":"max-image-preview:large","max-video-preview":"max-video-preview:-1"},"canonical":"https:\/\/www.granducatocollection.com\/pl\/product\/suite-king-alla-corte-del-re\/","og_locale":"pl_PL","og_type":"article","og_title":"Suite King con Vista su Arezzo \u2013 Corte del Re, Piazza Grande | Granducato Collection - Granducato Collection","og_description":"Suite King \u2013 La Corte Del Re, Arezzo | Granducato Collection     Le nostre\u00a0Suite King\u00a0offrono tutto il comfort necessario per un soggiorno indimenticabile:\u00a0TV,\u00a0minibar,\u00a0area salotto\u00a0e un\u00a0bagno privato\u00a0con\u00a0doccia,\u00a0asciugacapelli\u00a0e\u00a0set di cortesia. Ideali per coppie, viaggiatori business o chi cerca un rifugio elegante nel cuore della Toscana.  Un\u00a0servizio di colazione\u00a0(previo acquisto della nostra breakfast box), da consumare comodamente in camera.  Con una\u00a0reception virtuale aperta 24 ore su 24\u00a0e un servizio in presenza dalle\u00a010:00 alle 19:30, siamo sempre a tua disposizione. Offriamo anche un comodo\u00a0servizio di deposito bagagli, ideale per chi vuole visitare la citt\u00e0 senza preoccupazioni.  Perch\u00e9 scegliere la Corte Del Re?   Posizione centrale nel\u00a0cuore di Arezzo, vicino alla stazione e ai principali punti di interesse.  Suite spaziose e confortevoli, perfette per un soggiorno rilassante.  Ideale per esplorare la\u00a0Toscana, tra\u00a0Arezzo,\u00a0Cortona\u00a0e le citt\u00e0 d\u2019arte.  Servizi moderni come il\u00a0WiFi gratuito\u00a0e la\u00a0reception virtuale.  Prenota ora la tua\u00a0Suite King\u00a0alla Corte Del Re e vivi un\u2019esperienza unica nel cuore della\u00a0Toscana  Prenota Ora!   Prenota direttamente su WhatsApp","og_url":"https:\/\/www.granducatocollection.com\/pl\/product\/suite-king-alla-corte-del-re\/","og_site_name":"Granducato Collection","article_modified_time":"2026-03-18T12:32:45+00:00","og_image":[{"width":2560,"height":1707,"url":"https:\/\/www.granducatocollection.com\/wp-content\/uploads\/2025\/06\/HotelBedBreakfastArezzo-1-scaled-1.jpg","type":"image\/jpeg"}],"twitter_card":"summary_large_image","twitter_misc":{"Szacowany czas czytania":"1 minuta"},"schema":{"@context":"https:\/\/schema.org","@graph":[{"@type":"WebPage","@id":"https:\/\/www.granducatocollection.com\/prodotto\/suite-king-alla-corte-del-re\/","url":"https:\/\/www.granducatocollection.com\/prodotto\/suite-king-alla-corte-del-re\/","name":"Suite King con Vista su Arezzo \u2013 Corte del Re, Piazza Grande | Granducato Collection - Granducato Collection","isPartOf":{"@id":"https:\/\/www.granducatocollection.com\/#website"},"primaryImageOfPage":{"@id":"https:\/\/www.granducatocollection.com\/prodotto\/suite-king-alla-corte-del-re\/#primaryimage"},"image":{"@id":"https:\/\/www.granducatocollection.com\/prodotto\/suite-king-alla-corte-del-re\/#primaryimage"},"thumbnailUrl":"https:\/\/www.granducatocollection.com\/wp-content\/uploads\/2025\/06\/HotelBedBreakfastArezzo-1-scaled-1.jpg","datePublished":"2025-06-27T14:24:23+00:00","dateModified":"2026-03-18T12:32:45+00:00","breadcrumb":{"@id":"https:\/\/www.granducatocollection.com\/prodotto\/suite-king-alla-corte-del-re\/#breadcrumb"},"inLanguage":"pl-PL","potentialAction":[{"@type":"ReadAction","target":["https:\/\/www.granducatocollection.com\/prodotto\/suite-king-alla-corte-del-re\/"]}]},{"@type":"ImageObject","inLanguage":"pl-PL","@id":"https:\/\/www.granducatocollection.com\/prodotto\/suite-king-alla-corte-del-re\/#primaryimage","url":"https:\/\/www.granducatocollection.com\/wp-content\/uploads\/2025\/06\/HotelBedBreakfastArezzo-1-scaled-1.jpg","contentUrl":"https:\/\/www.granducatocollection.com\/wp-content\/uploads\/2025\/06\/HotelBedBreakfastArezzo-1-scaled-1.jpg","width":2560,"height":1707,"caption":"alt=\"Suite King con vista panoramica su Arezzo e Piazza Grande dalla finestra, terrazza privata, arredamento luxury e atmosfera romantica toscana\""},{"@type":"BreadcrumbList","@id":"https:\/\/www.granducatocollection.com\/prodotto\/suite-king-alla-corte-del-re\/#breadcrumb","itemListElement":[{"@type":"ListItem","position":1,"name":"Home","item":"https:\/\/www.granducatocollection.com\/"},{"@type":"ListItem","position":2,"name":"Shop","item":"https:\/\/www.granducatocollection.com\/negozio\/"},{"@type":"ListItem","position":3,"name":"Suite King con Vista su Arezzo \u2013 Corte del Re, Piazza Grande | Granducato Collection"}]},{"@type":"WebSite","@id":"https:\/\/www.granducatocollection.com\/#website","url":"https:\/\/www.granducatocollection.com\/","name":"GranDucato Collection","description":"Prenota la tua vacanza e vivi un&#039;esperienza unica","potentialAction":[{"@type":"SearchAction","target":{"@type":"EntryPoint","urlTemplate":"https:\/\/www.granducatocollection.com\/?s={search_term_string}"},"query-input":{"@type":"PropertyValueSpecification","valueRequired":true,"valueName":"search_term_string"}}],"inLanguage":"pl-PL"}]}},"_links":{"self":[{"href":"https:\/\/www.granducatocollection.com\/pl\/wp-json\/wp\/v2\/product\/7791","targetHints":{"allow":["GET"]}}],"collection":[{"href":"https:\/\/www.granducatocollection.com\/pl\/wp-json\/wp\/v2\/product"}],"about":[{"href":"https:\/\/www.granducatocollection.com\/pl\/wp-json\/wp\/v2\/types\/product"}],"wp:featuredmedia":[{"embeddable":true,"href":"https:\/\/www.granducatocollection.com\/pl\/wp-json\/wp\/v2\/media\/7792"}],"wp:attachment":[{"href":"https:\/\/www.granducatocollection.com\/pl\/wp-json\/wp\/v2\/media?parent=7791"}],"wp:term":[{"taxonomy":"product_brand","embeddable":true,"href":"https:\/\/www.granducatocollection.com\/pl\/wp-json\/wp\/v2\/product_brand?post=7791"},{"taxonomy":"product_cat","embeddable":true,"href":"https:\/\/www.granducatocollection.com\/pl\/wp-json\/wp\/v2\/product_cat?post=7791"},{"taxonomy":"product_tag","embeddable":true,"href":"https:\/\/www.granducatocollection.com\/pl\/wp-json\/wp\/v2\/product_tag?post=7791"}],"curies":[{"name":"wp","href":"https:\/\/api.w.org\/{rel}","templated":true}]}}