{"id":7771,"date":"2025-06-27T13:47:12","date_gmt":"2025-06-27T13:47:12","guid":{"rendered":"https:\/\/www.granducatocollection.com\/?post_type=product&#038;p=7771"},"modified":"2026-03-18T12:40:27","modified_gmt":"2026-03-18T12:40:27","slug":"junior-suite-deluxe-corte-del-re","status":"publish","type":"product","link":"https:\/\/www.granducatocollection.com\/pl\/product\/junior-suite-deluxe-corte-del-re\/","title":{"rendered":"Deluxe Junior Suite \u2013 Dw\u00f3r Kr\u00f3lewski na Piazza Grande, Arezzo | Kolekcja Granducato"},"content":{"rendered":"<p>Apartament typu Deluxe Junior Suite w La Corte del Re, jedynym apartamencie z widokiem na Piazza Grande, historyczne serce Arezzo. Idealny na romantyczny weekend lub kulturaln\u0105 ucieczk\u0119 od Toskanii, oferuje eleganckie wn\u0119trza, bezp\u0142atne Wi-Fi, prywatn\u0105 \u0142azienk\u0119 i zapieraj\u0105ce dech w piersiach widoki na \u015bredniowieczne budynki. Znajduje si\u0119 700 metr\u00f3w od dworca kolejowego i kr\u00f3tki spacer od bazyliki San Francesco i katedry Duomo.<br \/>\n<span style=\"color: white;\">hotelu Arezzo<\/span><br \/>\n<span style=\"color: white;\">Affitto Arezzo<\/span><br \/>\n<span style=\"color: white;\">Suite Arezzo<\/span><br \/>\n<span style=\"color: white;\">Guest House Arezzo<\/span><\/p>","protected":false},"excerpt":{"rendered":"<h1>Junior Suite Deluxe \u2013 Corte Del Re ad Arezzo<\/h1>\n<p>Le nostre\u00a0<strong>Junior Suite Deluxe<\/strong>\u00a0offrono un mix perfetto di comfort e stile: dotate di\u00a0<strong>TV<\/strong>,\u00a0<strong>minibar<\/strong>,\u00a0<strong>area salotto<\/strong>\u00a0e un\u00a0<strong>bagno privato<\/strong>\u00a0con\u00a0<strong>doccia<\/strong>,\u00a0<strong>asciugacapelli<\/strong>\u00a0e\u00a0<strong>set di cortesia<\/strong>, sono ideali per coppie, famiglie o viaggiatori business.<\/p>\n<p>Un\u00a0<strong>servizio di colazione<\/strong>\u00a0(previo acquisto della nostra breakfast box), da consumare comodamente in camera.<\/p>\n<p>Con una\u00a0<strong>reception virtuale aperta 24 ore su 24<\/strong>\u00a0e un servizio in presenza dalle\u00a0<strong>10:00 alle 19:30<\/strong>, siamo sempre a tua disposizione. Offriamo anche un comodo\u00a0<strong>servizio di deposito bagagli<\/strong>, perfetto per chi vuole visitare la citt\u00e0 senza pensieri.<\/p>\n<p><strong>Perch\u00e9 scegliere Corte Del Re?<\/strong><\/p>\n<ul>\n<li>Posizione privilegiata nel\u00a0<strong>centro di Arezzo<\/strong>, vicino alla stazione e ai principali punti d\u2019interesse.<\/li>\n<li>Junior Suite Deluxe con tutti i comfort moderni.<\/li>\n<li>Ideale per scoprire la\u00a0<strong>Toscana<\/strong>, tra\u00a0<strong>Arezzo<\/strong>\u00a0e le citt\u00e0 d\u2019arte circostanti.<\/li>\n<li>Servizi pratici come il\u00a0<strong>WiFi gratuito<\/strong>\u00a0e la\u00a0<strong>reception virtuale<\/strong>.<\/li>\n<\/ul>\n<p>Prenota ora la tua\u00a0<strong>Junior Suite Deluxe<\/strong>\u00a0alla Corte Del Re e vivi un\u2019esperienza indimenticabile nel cuore della\u00a0<strong>Toscana<\/strong>!<\/p>\n<p><center><b><a href=\"https:\/\/www.granducatocollection.com\/contact\/\">Prenota Ora!<\/a><\/b><\/center><script type=\"application\/ld+json\">\n{\n  \"@context\": \"https:\/\/schema.org\",\n  \"@type\": \"HotelRoom\",\n  \"name\": \"Junior Suite Deluxe\",\n  \"description\": \"Junior Suite Deluxe con TV, minibar, area salotto, bagno privato con doccia, asciugacapelli e set di cortesia. Colazione in camera disponibile. Posizione centrale ad Arezzo.\",\n  \"roomCategory\": \"Deluxe Suite\",\n  \"bed\": {\n    \"@type\": \"BedDetails\",\n    \"numberOfBeds\": \"1\"\n  },\n  \"amenityFeature\": [\n    { \"@type\": \"LocationFeatureSpecification\", \"name\": \"Centro di Arezzo\", \"value\": true },\n    { \"@type\": \"LocationFeatureSpecification\", \"name\": \"Vicino stazione ferroviaria\", \"value\": true },\n    { \"@type\": \"LocationFeatureSpecification\", \"name\": \"WiFi gratuito\", \"value\": true },\n    { \"@type\": \"LocationFeatureSpecification\", \"name\": \"Reception virtuale 24\/7\", \"value\": true },\n    { \"@type\": \"LocationFeatureSpecification\", \"name\": \"Colazione in camera\", \"value\": true },\n    { \"@type\": \"LocationFeatureSpecification\", \"name\": \"Deposito bagagli\", \"value\": true }\n  ],\n  \"potentialAction\": {\n    \"@type\": \"ReserveAction\",\n    \"target\": {\n      \"@type\": \"EntryPoint\",\n      \"urlTemplate\": \"https:\/\/www.granducatocollection.com\/prodotto\/junior-suite-deluxe-corte-del-re\/\"\n    },\n    \"result\": {\n      \"@type\": \"Reservation\",\n      \"reservationFor\": {\n        \"@type\": \"Hotel\",\n        \"name\": \"Corte Del Re\",\n        \"address\": {\n          \"@type\": \"PostalAddress\",\n          \"addressLocality\": \"Arezzo\",\n          \"addressRegion\": \"Toscana\",\n          \"addressCountry\": \"IT\"\n        }\n      }\n    }\n  }\n}\n<\/script><br \/>\n<a style=\"text-decoration: none; display: inline-flex; align-items: center; color: #159c7f; font-weight: 600;\" href=\"https:\/\/wa.me\/3772539581\" target=\"_blank\" rel=\"noopener noreferrer\"><br \/>\n<img decoding=\"async\" style=\"width: 24px; height: 24px; margin-right: 8px;\" src=\"https:\/\/upload.wikimedia.org\/wikipedia\/commons\/6\/6b\/WhatsApp.svg\" alt=\"WhatsApp Icon\" \/><br \/>\nPrenota direttamente su WhatsApp<br \/>\n<\/a><\/p>\n","protected":false},"featured_media":7772,"template":"","meta":{"_acf_changed":false},"product_brand":[764],"product_cat":[91],"product_tag":[835,178,817,164,783,837,179,838,165,834,836,182,784,177],"class_list":{"0":"post-7771","1":"product","2":"type-product","3":"status-publish","4":"has-post-thumbnail","6":"product_brand-granducato-collection","7":"product_cat-camere","8":"product_tag-camera-arezzo","9":"product_tag-camera-con-servizi-esclusivi","10":"product_tag-dormire-arezzo","11":"product_tag-hotel","12":"product_tag-hotel-arezzo","13":"product_tag-hotel-piazza-grande","14":"product_tag-lusso","15":"product_tag-piazza-grande-arezzo","16":"product_tag-soggiorno","17":"product_tag-stazione-arezzo","18":"product_tag-suite-arezzo","19":"product_tag-suite-premium","20":"product_tag-vacanza-arezzo","21":"product_tag-vista-panoramica","23":"first","24":"instock","25":"shipping-taxable","26":"product-type-simple"},"acf":[],"yoast_head":"<!-- This site is optimized with the Yoast SEO plugin v26.7 - https:\/\/yoast.com\/wordpress\/plugins\/seo\/ -->\n<title>Junior Suite Deluxe \u2013 La Corte del Re su Piazza Grande, Arezzo | Granducato Collection - Granducato Collection<\/title>\n<meta name=\"robots\" content=\"index, follow, max-snippet:-1, max-image-preview:large, max-video-preview:-1\" \/>\n<link rel=\"canonical\" href=\"https:\/\/www.granducatocollection.com\/pl\/product\/junior-suite-deluxe-corte-del-re\/\" \/>\n<meta property=\"og:locale\" content=\"pl_PL\" \/>\n<meta property=\"og:type\" content=\"article\" \/>\n<meta property=\"og:title\" content=\"Junior Suite Deluxe \u2013 La Corte del Re su Piazza Grande, Arezzo | Granducato Collection - Granducato Collection\" \/>\n<meta property=\"og:description\" content=\"Junior Suite Deluxe \u2013 Corte Del Re ad Arezzo Le nostre\u00a0Junior Suite Deluxe\u00a0offrono un mix perfetto di comfort e stile: dotate di\u00a0TV,\u00a0minibar,\u00a0area salotto\u00a0e un\u00a0bagno privato\u00a0con\u00a0doccia,\u00a0asciugacapelli\u00a0e\u00a0set di cortesia, sono ideali per coppie, famiglie o viaggiatori business.  Un\u00a0servizio di colazione\u00a0(previo acquisto della nostra breakfast box), da consumare comodamente in camera.  Con una\u00a0reception virtuale aperta 24 ore su 24\u00a0e un servizio in presenza dalle\u00a010:00 alle 19:30, siamo sempre a tua disposizione. Offriamo anche un comodo\u00a0servizio di deposito bagagli, perfetto per chi vuole visitare la citt\u00e0 senza pensieri.  Perch\u00e9 scegliere Corte Del Re?   Posizione privilegiata nel\u00a0centro di Arezzo, vicino alla stazione e ai principali punti d\u2019interesse.  Junior Suite Deluxe con tutti i comfort moderni.  Ideale per scoprire la\u00a0Toscana, tra\u00a0Arezzo\u00a0e le citt\u00e0 d\u2019arte circostanti.  Servizi pratici come il\u00a0WiFi gratuito\u00a0e la\u00a0reception virtuale.  Prenota ora la tua\u00a0Junior Suite Deluxe\u00a0alla Corte Del Re e vivi un\u2019esperienza indimenticabile nel cuore della\u00a0Toscana!  Prenota Ora!   Prenota direttamente su WhatsApp\" \/>\n<meta property=\"og:url\" content=\"https:\/\/www.granducatocollection.com\/pl\/product\/junior-suite-deluxe-corte-del-re\/\" \/>\n<meta property=\"og:site_name\" content=\"Granducato Collection\" \/>\n<meta property=\"article:modified_time\" content=\"2026-03-18T12:40:27+00:00\" \/>\n<meta property=\"og:image\" content=\"https:\/\/www.granducatocollection.com\/wp-content\/uploads\/2025\/06\/juniorsuite_arezzo_-5-scaled-1.jpg\" \/>\n\t<meta property=\"og:image:width\" content=\"2560\" \/>\n\t<meta property=\"og:image:height\" content=\"1707\" \/>\n\t<meta property=\"og:image:type\" content=\"image\/jpeg\" \/>\n<meta name=\"twitter:card\" content=\"summary_large_image\" \/>\n<meta name=\"twitter:label1\" content=\"Szacowany czas czytania\" \/>\n\t<meta name=\"twitter:data1\" content=\"1 minuta\" \/>\n<script type=\"application\/ld+json\" class=\"yoast-schema-graph\">{\"@context\":\"https:\/\/schema.org\",\"@graph\":[{\"@type\":\"WebPage\",\"@id\":\"https:\/\/www.granducatocollection.com\/prodotto\/junior-suite-deluxe-corte-del-re\/\",\"url\":\"https:\/\/www.granducatocollection.com\/prodotto\/junior-suite-deluxe-corte-del-re\/\",\"name\":\"Junior Suite Deluxe \u2013 La Corte del Re su Piazza Grande, Arezzo | Granducato Collection - Granducato Collection\",\"isPartOf\":{\"@id\":\"https:\/\/www.granducatocollection.com\/#website\"},\"primaryImageOfPage\":{\"@id\":\"https:\/\/www.granducatocollection.com\/prodotto\/junior-suite-deluxe-corte-del-re\/#primaryimage\"},\"image\":{\"@id\":\"https:\/\/www.granducatocollection.com\/prodotto\/junior-suite-deluxe-corte-del-re\/#primaryimage\"},\"thumbnailUrl\":\"https:\/\/www.granducatocollection.com\/wp-content\/uploads\/2025\/06\/juniorsuite_arezzo_-5-scaled-1.jpg\",\"datePublished\":\"2025-06-27T13:47:12+00:00\",\"dateModified\":\"2026-03-18T12:40:27+00:00\",\"breadcrumb\":{\"@id\":\"https:\/\/www.granducatocollection.com\/prodotto\/junior-suite-deluxe-corte-del-re\/#breadcrumb\"},\"inLanguage\":\"pl-PL\",\"potentialAction\":[{\"@type\":\"ReadAction\",\"target\":[\"https:\/\/www.granducatocollection.com\/prodotto\/junior-suite-deluxe-corte-del-re\/\"]}]},{\"@type\":\"ImageObject\",\"inLanguage\":\"pl-PL\",\"@id\":\"https:\/\/www.granducatocollection.com\/prodotto\/junior-suite-deluxe-corte-del-re\/#primaryimage\",\"url\":\"https:\/\/www.granducatocollection.com\/wp-content\/uploads\/2025\/06\/juniorsuite_arezzo_-5-scaled-1.jpg\",\"contentUrl\":\"https:\/\/www.granducatocollection.com\/wp-content\/uploads\/2025\/06\/juniorsuite_arezzo_-5-scaled-1.jpg\",\"width\":2560,\"height\":1707,\"caption\":\"suite-arezzo-affittacamere-arezzo-guesthouse-arezzo\"},{\"@type\":\"BreadcrumbList\",\"@id\":\"https:\/\/www.granducatocollection.com\/prodotto\/junior-suite-deluxe-corte-del-re\/#breadcrumb\",\"itemListElement\":[{\"@type\":\"ListItem\",\"position\":1,\"name\":\"Home\",\"item\":\"https:\/\/www.granducatocollection.com\/\"},{\"@type\":\"ListItem\",\"position\":2,\"name\":\"Shop\",\"item\":\"https:\/\/www.granducatocollection.com\/negozio\/\"},{\"@type\":\"ListItem\",\"position\":3,\"name\":\"Junior Suite Deluxe \u2013 La Corte del Re su Piazza Grande, Arezzo | Granducato Collection\"}]},{\"@type\":\"WebSite\",\"@id\":\"https:\/\/www.granducatocollection.com\/#website\",\"url\":\"https:\/\/www.granducatocollection.com\/\",\"name\":\"GranDucato Collection\",\"description\":\"Prenota la tua vacanza e vivi un&#039;esperienza unica\",\"potentialAction\":[{\"@type\":\"SearchAction\",\"target\":{\"@type\":\"EntryPoint\",\"urlTemplate\":\"https:\/\/www.granducatocollection.com\/?s={search_term_string}\"},\"query-input\":{\"@type\":\"PropertyValueSpecification\",\"valueRequired\":true,\"valueName\":\"search_term_string\"}}],\"inLanguage\":\"pl-PL\"}]}<\/script>\n<!-- \/ Yoast SEO plugin. -->","yoast_head_json":{"title":"Junior Suite Deluxe \u2013 La Corte del Re su Piazza Grande, Arezzo | Granducato Collection - Granducato Collection","robots":{"index":"index","follow":"follow","max-snippet":"max-snippet:-1","max-image-preview":"max-image-preview:large","max-video-preview":"max-video-preview:-1"},"canonical":"https:\/\/www.granducatocollection.com\/pl\/product\/junior-suite-deluxe-corte-del-re\/","og_locale":"pl_PL","og_type":"article","og_title":"Junior Suite Deluxe \u2013 La Corte del Re su Piazza Grande, Arezzo | Granducato Collection - Granducato Collection","og_description":"Junior Suite Deluxe \u2013 Corte Del Re ad Arezzo Le nostre\u00a0Junior Suite Deluxe\u00a0offrono un mix perfetto di comfort e stile: dotate di\u00a0TV,\u00a0minibar,\u00a0area salotto\u00a0e un\u00a0bagno privato\u00a0con\u00a0doccia,\u00a0asciugacapelli\u00a0e\u00a0set di cortesia, sono ideali per coppie, famiglie o viaggiatori business.  Un\u00a0servizio di colazione\u00a0(previo acquisto della nostra breakfast box), da consumare comodamente in camera.  Con una\u00a0reception virtuale aperta 24 ore su 24\u00a0e un servizio in presenza dalle\u00a010:00 alle 19:30, siamo sempre a tua disposizione. Offriamo anche un comodo\u00a0servizio di deposito bagagli, perfetto per chi vuole visitare la citt\u00e0 senza pensieri.  Perch\u00e9 scegliere Corte Del Re?   Posizione privilegiata nel\u00a0centro di Arezzo, vicino alla stazione e ai principali punti d\u2019interesse.  Junior Suite Deluxe con tutti i comfort moderni.  Ideale per scoprire la\u00a0Toscana, tra\u00a0Arezzo\u00a0e le citt\u00e0 d\u2019arte circostanti.  Servizi pratici come il\u00a0WiFi gratuito\u00a0e la\u00a0reception virtuale.  Prenota ora la tua\u00a0Junior Suite Deluxe\u00a0alla Corte Del Re e vivi un\u2019esperienza indimenticabile nel cuore della\u00a0Toscana!  Prenota Ora!   Prenota direttamente su WhatsApp","og_url":"https:\/\/www.granducatocollection.com\/pl\/product\/junior-suite-deluxe-corte-del-re\/","og_site_name":"Granducato Collection","article_modified_time":"2026-03-18T12:40:27+00:00","og_image":[{"width":2560,"height":1707,"url":"https:\/\/www.granducatocollection.com\/wp-content\/uploads\/2025\/06\/juniorsuite_arezzo_-5-scaled-1.jpg","type":"image\/jpeg"}],"twitter_card":"summary_large_image","twitter_misc":{"Szacowany czas czytania":"1 minuta"},"schema":{"@context":"https:\/\/schema.org","@graph":[{"@type":"WebPage","@id":"https:\/\/www.granducatocollection.com\/prodotto\/junior-suite-deluxe-corte-del-re\/","url":"https:\/\/www.granducatocollection.com\/prodotto\/junior-suite-deluxe-corte-del-re\/","name":"Junior Suite Deluxe \u2013 La Corte del Re su Piazza Grande, Arezzo | Granducato Collection - Granducato Collection","isPartOf":{"@id":"https:\/\/www.granducatocollection.com\/#website"},"primaryImageOfPage":{"@id":"https:\/\/www.granducatocollection.com\/prodotto\/junior-suite-deluxe-corte-del-re\/#primaryimage"},"image":{"@id":"https:\/\/www.granducatocollection.com\/prodotto\/junior-suite-deluxe-corte-del-re\/#primaryimage"},"thumbnailUrl":"https:\/\/www.granducatocollection.com\/wp-content\/uploads\/2025\/06\/juniorsuite_arezzo_-5-scaled-1.jpg","datePublished":"2025-06-27T13:47:12+00:00","dateModified":"2026-03-18T12:40:27+00:00","breadcrumb":{"@id":"https:\/\/www.granducatocollection.com\/prodotto\/junior-suite-deluxe-corte-del-re\/#breadcrumb"},"inLanguage":"pl-PL","potentialAction":[{"@type":"ReadAction","target":["https:\/\/www.granducatocollection.com\/prodotto\/junior-suite-deluxe-corte-del-re\/"]}]},{"@type":"ImageObject","inLanguage":"pl-PL","@id":"https:\/\/www.granducatocollection.com\/prodotto\/junior-suite-deluxe-corte-del-re\/#primaryimage","url":"https:\/\/www.granducatocollection.com\/wp-content\/uploads\/2025\/06\/juniorsuite_arezzo_-5-scaled-1.jpg","contentUrl":"https:\/\/www.granducatocollection.com\/wp-content\/uploads\/2025\/06\/juniorsuite_arezzo_-5-scaled-1.jpg","width":2560,"height":1707,"caption":"suite-arezzo-affittacamere-arezzo-guesthouse-arezzo"},{"@type":"BreadcrumbList","@id":"https:\/\/www.granducatocollection.com\/prodotto\/junior-suite-deluxe-corte-del-re\/#breadcrumb","itemListElement":[{"@type":"ListItem","position":1,"name":"Home","item":"https:\/\/www.granducatocollection.com\/"},{"@type":"ListItem","position":2,"name":"Shop","item":"https:\/\/www.granducatocollection.com\/negozio\/"},{"@type":"ListItem","position":3,"name":"Junior Suite Deluxe \u2013 La Corte del Re su Piazza Grande, Arezzo | Granducato Collection"}]},{"@type":"WebSite","@id":"https:\/\/www.granducatocollection.com\/#website","url":"https:\/\/www.granducatocollection.com\/","name":"GranDucato Collection","description":"Prenota la tua vacanza e vivi un&#039;esperienza unica","potentialAction":[{"@type":"SearchAction","target":{"@type":"EntryPoint","urlTemplate":"https:\/\/www.granducatocollection.com\/?s={search_term_string}"},"query-input":{"@type":"PropertyValueSpecification","valueRequired":true,"valueName":"search_term_string"}}],"inLanguage":"pl-PL"}]}},"_links":{"self":[{"href":"https:\/\/www.granducatocollection.com\/pl\/wp-json\/wp\/v2\/product\/7771","targetHints":{"allow":["GET"]}}],"collection":[{"href":"https:\/\/www.granducatocollection.com\/pl\/wp-json\/wp\/v2\/product"}],"about":[{"href":"https:\/\/www.granducatocollection.com\/pl\/wp-json\/wp\/v2\/types\/product"}],"wp:featuredmedia":[{"embeddable":true,"href":"https:\/\/www.granducatocollection.com\/pl\/wp-json\/wp\/v2\/media\/7772"}],"wp:attachment":[{"href":"https:\/\/www.granducatocollection.com\/pl\/wp-json\/wp\/v2\/media?parent=7771"}],"wp:term":[{"taxonomy":"product_brand","embeddable":true,"href":"https:\/\/www.granducatocollection.com\/pl\/wp-json\/wp\/v2\/product_brand?post=7771"},{"taxonomy":"product_cat","embeddable":true,"href":"https:\/\/www.granducatocollection.com\/pl\/wp-json\/wp\/v2\/product_cat?post=7771"},{"taxonomy":"product_tag","embeddable":true,"href":"https:\/\/www.granducatocollection.com\/pl\/wp-json\/wp\/v2\/product_tag?post=7771"}],"curies":[{"name":"wp","href":"https:\/\/api.w.org\/{rel}","templated":true}]}}