{"id":7736,"date":"2025-06-27T11:10:55","date_gmt":"2025-06-27T11:10:55","guid":{"rendered":"https:\/\/www.granducatocollection.com\/?post_type=product&#038;p=7736"},"modified":"2026-03-18T12:31:52","modified_gmt":"2026-03-18T12:31:52","slug":"suite-terrace-viareggio","status":"publish","type":"product","link":"https:\/\/www.granducatocollection.com\/pl\/product\/suite-terrace-viareggio\/","title":{"rendered":"Apartament z tarasem \u2013 Allegra Viareggio, Taras z widokiem | Kolekcja Granducato"},"content":{"rendered":"<h1>Apartament z tarasem i prywatn\u0105 przestrzeni\u0105 na zewn\u0105trz w historycznym centrum Viareggio, 700 metr\u00f3w od dworca kolejowego<\/h1>\n<h2>Ten apartament typu suite jest cz\u0119\u015bci\u0105 kompleksu Allegra Viareggio i oferuje nowoczesny komfort, bezp\u0142atne WiFi oraz szybki dost\u0119p do pla\u017c Wersylii.<\/h2>\n<p>Idealne dla os\u00f3b poszukuj\u0105cych stylowych i komfortowych wakacji nad morzem<\/p>","protected":false},"excerpt":{"rendered":"<p><!-- H1 visibile e ottimizzato per SEO --><\/p>\n<h1 class=\"fusion-responsive-typography-calculated\" style=\"margin-bottom: 20px;\" data-fontsize=\"32\" data-lineheight=\"36px\">Allegra Viareggio \u2013 Hotel nel Centro di Viareggio | Granducato Collection<\/h1>\n<p><!-- Schema JSON-LD conforme a schema.org per struttura ricettiva --><br \/>\n<script type=\"application\/ld+json\">\n{\n  \"@context\": \"https:\/\/schema.org\",\n  \"@type\": \"Hotel\",\n  \"name\": \"Allegra Viareggio\",\n  \"description\": \"Hotel moderno nel centro di Viareggio, vicino alla stazione e alle spiagge. Camere con TV, minibar, bagno privato e WiFi gratuito. Servizi: colazione in camera, reception virtuale 24\/7, deposito bagagli. Ideale per esplorare la Toscana.\",\n  \"address\": {\n    \"@type\": \"PostalAddress\",\n    \"streetAddress\": \"Via Borgunto 7\",\n    \"addressLocality\": \"Viareggio\",\n    \"postalCode\": \"55049\",\n    \"addressCountry\": \"IT\"\n  },\n  \"geo\": {\n    \"@type\": \"GeoCoordinates\",\n    \"latitude\": 43.8683,\n    \"longitude\": 10.2541\n  },\n  \"url\": \"https:\/\/www.granducatocollection.com\/prodotto\/allegra-viareggio\/\",\n  \"telephone\": \"+393772539581\",\n  \"amenityFeature\": [\n    { \"@type\": \"LocationFeatureSpecification\", \"name\": \"TV\", \"value\": true },\n    { \"@type\": \"LocationFeatureSpecification\", \"name\": \"Minibar\", \"value\": true },\n    { \"@type\": \"LocationFeatureSpecification\", \"name\": \"Area salotto\", \"value\": true },\n    { \"@type\": \"LocationFeatureSpecification\", \"name\": \"Bagno privato\", \"value\": true },\n    { \"@type\": \"LocationFeatureSpecification\", \"name\": \"Doccia\", \"value\": true },\n    { \"@type\": \"LocationFeatureSpecification\", \"name\": \"Asciugacapelli\", \"value\": true },\n    { \"@type\": \"LocationFeatureSpecification\", \"name\": \"Set di cortesia\", \"value\": true },\n    { \"@type\": \"LocationFeatureSpecification\", \"name\": \"WiFi gratuito\", \"value\": true },\n    { \"@type\": \"LocationFeatureSpecification\", \"name\": \"Colazione in camera\", \"value\": true },\n    { \"@type\": \"LocationFeatureSpecification\", \"name\": \"Reception virtuale 24\/7\", \"value\": true },\n    { \"@type\": \"LocationFeatureSpecification\", \"name\": \"Deposito bagagli\", \"value\": true }\n  ],\n  \"offers\": {\n    \"@type\": \"Offer\",\n    \"url\": \"https:\/\/www.granducatocollection.com\/prodotto\/allegra-viareggio\/\",\n    \"priceCurrency\": \"EUR\",\n    \"availability\": \"https:\/\/schema.org\/InStock\"\n  },\n  \"image\": \"https:\/\/www.granducatocollection.com\/wp-content\/uploads\/2025\/01\/allegra-viareggio-camera.jpg\"\n}\n<\/script><\/p>\n<p><!-- Testo originale (inalterato, pronto per TranslatePress) --><br \/>\nLe nostre\u00a0<strong>camere moderne<\/strong>\u00a0sono dotate di ogni comfort:\u00a0<strong>TV<\/strong>,\u00a0<strong>minibar<\/strong>,\u00a0<strong>area salotto<\/strong>\u00a0e un\u00a0<strong>bagno privato<\/strong>\u00a0con\u00a0<strong>doccia<\/strong>,\u00a0<strong>asciugacapelli<\/strong>\u00a0e\u00a0<strong>set di cortesia<\/strong>. Ideali per coppie, famiglie o viaggiatori business, offrono tutto ci\u00f2 che serve per un soggiorno rilassante.<\/p>\n<p>Un\u00a0<strong>servizio di colazione<\/strong>\u00a0(previo acquisto della nostra breakfast box), da consumare comodamente in camera. Allegra Toscana offre anche una\u00a0<strong>reception virtuale aperta 24 ore su 24<\/strong>, con assistenza in presenza dalle\u00a0<strong>10:00 alle 19:30<\/strong>. Tra i servizi aggiuntivi, troverai un comodo\u00a0<strong>deposito bagagli<\/strong>\u00a0situato in\u00a0<strong>Via Borgunto 7<\/strong>, perfetto per chi vuole esplorare Arezzo senza pensieri.<\/p>\n<p><strong>Perch\u00e9 scegliere Allegra Viareggio?<\/strong><\/p>\n<ul>\n<li>Posizione strategica nel\u00a0<strong>centro di Viareggio<\/strong>, vicino alla stazione e alle spiagge.<\/li>\n<li>Camere confortevoli con tutti i servizi essenziali.<\/li>\n<li>Ideale per esplorare la\u00a0<strong>Toscana<\/strong>, tra\u00a0<strong>Viareggio<\/strong>,\u00a0<strong>Arezzo<\/strong>\u00a0e le citt\u00e0 d\u2019arte.<\/li>\n<li>Servizi moderni come il\u00a0<strong>WiFi gratuito<\/strong>\u00a0e la\u00a0<strong>reception virtuale<\/strong>.<\/li>\n<\/ul>\n<p>Prenota ora il tuo soggiorno all\u2019Allegra Viareggio e vivi un\u2019esperienza indimenticabile nella\u00a0<strong>Toscana<\/strong>!<br \/>\n<a style=\"text-decoration: none; display: inline-flex; align-items: center; color: #159c7f; font-weight: 600;\" href=\"https:\/\/wa.me\/3772539581\" target=\"_blank\" rel=\"noopener noreferrer\"><br \/>\n<img decoding=\"async\" style=\"width: 24px; height: 24px; margin-right: 8px;\" src=\"https:\/\/upload.wikimedia.org\/wikipedia\/commons\/6\/6b\/WhatsApp.svg\" alt=\"WhatsApp Icon\" \/><br \/>\nPrenota direttamente su WhatsApp<br \/>\n<\/a><\/p>\n","protected":false},"featured_media":7737,"template":"","meta":{"_acf_changed":false},"product_brand":[764],"product_cat":[91],"product_tag":[154,203,839,840,164,202,165,168,199,204,197,200],"class_list":{"0":"post-7736","1":"product","2":"type-product","3":"status-publish","4":"has-post-thumbnail","6":"product_brand-granducato-collection","7":"product_cat-camere","8":"product_tag-alloggio","9":"product_tag-camera-con-terrazza","10":"product_tag-casa-vacanza","11":"product_tag-case-vacanza","12":"product_tag-hotel","13":"product_tag-hotel-a-mare","14":"product_tag-soggiorno","15":"product_tag-suite","16":"product_tag-suite-con-terrazza","17":"product_tag-vacanze-al-mare","18":"product_tag-viareggio","19":"product_tag-vista-mare","21":"first","22":"instock","23":"shipping-taxable","24":"product-type-simple"},"acf":[],"yoast_head":"<!-- This site is optimized with the Yoast SEO plugin v26.7 - https:\/\/yoast.com\/wordpress\/plugins\/seo\/ -->\n<title>B&amp;B Viareggio -Suite Terrace Viareggio - Granducato Collection<\/title>\n<meta name=\"description\" content=\"&quot;Prenota la tua Suite Terrace a Viareggio: eleganza, comfort e vista mozzafiato.Una vacanza da sogno a pochi passi dal mare.Prenota Ora!\" \/>\n<meta name=\"robots\" content=\"index, follow, max-snippet:-1, max-image-preview:large, max-video-preview:-1\" \/>\n<link rel=\"canonical\" href=\"https:\/\/www.granducatocollection.com\/pl\/product\/suite-terrace\/\" \/>\n<meta property=\"og:locale\" content=\"pl_PL\" \/>\n<meta property=\"og:type\" content=\"article\" \/>\n<meta property=\"og:title\" content=\"B&amp;B Viareggio -Suite Terrace Viareggio - Granducato Collection\" \/>\n<meta property=\"og:description\" content=\"&quot;Prenota la tua Suite Terrace a Viareggio: eleganza, comfort e vista mozzafiato.Una vacanza da sogno a pochi passi dal mare.Prenota Ora!\" \/>\n<meta property=\"og:url\" content=\"https:\/\/www.granducatocollection.com\/pl\/product\/suite-terrace\/\" \/>\n<meta property=\"og:site_name\" content=\"Granducato Collection\" \/>\n<meta property=\"article:modified_time\" content=\"2026-03-18T12:31:52+00:00\" \/>\n<meta property=\"og:image\" content=\"https:\/\/www.granducatocollection.com\/wp-content\/uploads\/2025\/06\/suiteterrasse_-allegraviareggio_-1-scaled-1.jpg\" \/>\n\t<meta property=\"og:image:width\" content=\"2560\" \/>\n\t<meta property=\"og:image:height\" content=\"1920\" \/>\n\t<meta property=\"og:image:type\" content=\"image\/jpeg\" \/>\n<meta name=\"twitter:card\" content=\"summary_large_image\" \/>\n<meta name=\"twitter:label1\" content=\"Szacowany czas czytania\" \/>\n\t<meta name=\"twitter:data1\" content=\"1 minuta\" \/>\n<script type=\"application\/ld+json\" class=\"yoast-schema-graph\">{\"@context\":\"https:\/\/schema.org\",\"@graph\":[{\"@type\":\"WebPage\",\"@id\":\"https:\/\/www.granducatocollection.com\/prodotto\/suite-terrace-viareggio\/\",\"url\":\"https:\/\/www.granducatocollection.com\/prodotto\/suite-terrace\/\",\"name\":\"B&B Viareggio -Suite Terrace Viareggio - Granducato Collection\",\"isPartOf\":{\"@id\":\"https:\/\/www.granducatocollection.com\/#website\"},\"primaryImageOfPage\":{\"@id\":\"https:\/\/www.granducatocollection.com\/prodotto\/suite-terrace\/#primaryimage\"},\"image\":{\"@id\":\"https:\/\/www.granducatocollection.com\/prodotto\/suite-terrace\/#primaryimage\"},\"thumbnailUrl\":\"https:\/\/www.granducatocollection.com\/wp-content\/uploads\/2025\/06\/suiteterrasse_-allegraviareggio_-1-scaled-1.jpg\",\"datePublished\":\"2025-06-27T11:10:55+00:00\",\"dateModified\":\"2026-03-18T12:31:52+00:00\",\"description\":\"\\\"Prenota la tua Suite Terrace a Viareggio: eleganza, comfort e vista mozzafiato.Una vacanza da sogno a pochi passi dal mare.Prenota Ora!\",\"breadcrumb\":{\"@id\":\"https:\/\/www.granducatocollection.com\/prodotto\/suite-terrace\/#breadcrumb\"},\"inLanguage\":\"pl-PL\",\"potentialAction\":[{\"@type\":\"ReadAction\",\"target\":[\"https:\/\/www.granducatocollection.com\/prodotto\/suite-terrace\/\"]}]},{\"@type\":\"ImageObject\",\"inLanguage\":\"pl-PL\",\"@id\":\"https:\/\/www.granducatocollection.com\/prodotto\/suite-terrace\/#primaryimage\",\"url\":\"https:\/\/www.granducatocollection.com\/wp-content\/uploads\/2025\/06\/suiteterrasse_-allegraviareggio_-1-scaled-1.jpg\",\"contentUrl\":\"https:\/\/www.granducatocollection.com\/wp-content\/uploads\/2025\/06\/suiteterrasse_-allegraviareggio_-1-scaled-1.jpg\",\"width\":2560,\"height\":1920,\"caption\":\"suiteterrasse_-allegraviareggio_-1-scaled\"},{\"@type\":\"BreadcrumbList\",\"@id\":\"https:\/\/www.granducatocollection.com\/prodotto\/suite-terrace\/#breadcrumb\",\"itemListElement\":[{\"@type\":\"ListItem\",\"position\":1,\"name\":\"Home\",\"item\":\"https:\/\/www.granducatocollection.com\/\"},{\"@type\":\"ListItem\",\"position\":2,\"name\":\"Shop\",\"item\":\"https:\/\/www.granducatocollection.com\/negozio\/\"},{\"@type\":\"ListItem\",\"position\":3,\"name\":\"Suite Terrace \u2013 Allegra Viareggio, Terrazza con Vista | Granducato Collection\"}]},{\"@type\":\"WebSite\",\"@id\":\"https:\/\/www.granducatocollection.com\/#website\",\"url\":\"https:\/\/www.granducatocollection.com\/\",\"name\":\"GranDucato Collection\",\"description\":\"Prenota la tua vacanza e vivi un&#039;esperienza unica\",\"potentialAction\":[{\"@type\":\"SearchAction\",\"target\":{\"@type\":\"EntryPoint\",\"urlTemplate\":\"https:\/\/www.granducatocollection.com\/?s={search_term_string}\"},\"query-input\":{\"@type\":\"PropertyValueSpecification\",\"valueRequired\":true,\"valueName\":\"search_term_string\"}}],\"inLanguage\":\"pl-PL\"}]}<\/script>\n<!-- \/ Yoast SEO plugin. -->","yoast_head_json":{"title":"B&B Viareggio -Suite Terrace Viareggio - Granducato Collection","description":"\"Prenota la tua Suite Terrace a Viareggio: eleganza, comfort e vista mozzafiato.Una vacanza da sogno a pochi passi dal mare.Prenota Ora!","robots":{"index":"index","follow":"follow","max-snippet":"max-snippet:-1","max-image-preview":"max-image-preview:large","max-video-preview":"max-video-preview:-1"},"canonical":"https:\/\/www.granducatocollection.com\/pl\/product\/suite-terrace\/","og_locale":"pl_PL","og_type":"article","og_title":"B&B Viareggio -Suite Terrace Viareggio - Granducato Collection","og_description":"\"Prenota la tua Suite Terrace a Viareggio: eleganza, comfort e vista mozzafiato.Una vacanza da sogno a pochi passi dal mare.Prenota Ora!","og_url":"https:\/\/www.granducatocollection.com\/pl\/product\/suite-terrace\/","og_site_name":"Granducato Collection","article_modified_time":"2026-03-18T12:31:52+00:00","og_image":[{"width":2560,"height":1920,"url":"https:\/\/www.granducatocollection.com\/wp-content\/uploads\/2025\/06\/suiteterrasse_-allegraviareggio_-1-scaled-1.jpg","type":"image\/jpeg"}],"twitter_card":"summary_large_image","twitter_misc":{"Szacowany czas czytania":"1 minuta"},"schema":{"@context":"https:\/\/schema.org","@graph":[{"@type":"WebPage","@id":"https:\/\/www.granducatocollection.com\/prodotto\/suite-terrace-viareggio\/","url":"https:\/\/www.granducatocollection.com\/prodotto\/suite-terrace\/","name":"B&B Viareggio -Suite Terrace Viareggio - Granducato Collection","isPartOf":{"@id":"https:\/\/www.granducatocollection.com\/#website"},"primaryImageOfPage":{"@id":"https:\/\/www.granducatocollection.com\/prodotto\/suite-terrace\/#primaryimage"},"image":{"@id":"https:\/\/www.granducatocollection.com\/prodotto\/suite-terrace\/#primaryimage"},"thumbnailUrl":"https:\/\/www.granducatocollection.com\/wp-content\/uploads\/2025\/06\/suiteterrasse_-allegraviareggio_-1-scaled-1.jpg","datePublished":"2025-06-27T11:10:55+00:00","dateModified":"2026-03-18T12:31:52+00:00","description":"\"Prenota la tua Suite Terrace a Viareggio: eleganza, comfort e vista mozzafiato.Una vacanza da sogno a pochi passi dal mare.Prenota Ora!","breadcrumb":{"@id":"https:\/\/www.granducatocollection.com\/prodotto\/suite-terrace\/#breadcrumb"},"inLanguage":"pl-PL","potentialAction":[{"@type":"ReadAction","target":["https:\/\/www.granducatocollection.com\/prodotto\/suite-terrace\/"]}]},{"@type":"ImageObject","inLanguage":"pl-PL","@id":"https:\/\/www.granducatocollection.com\/prodotto\/suite-terrace\/#primaryimage","url":"https:\/\/www.granducatocollection.com\/wp-content\/uploads\/2025\/06\/suiteterrasse_-allegraviareggio_-1-scaled-1.jpg","contentUrl":"https:\/\/www.granducatocollection.com\/wp-content\/uploads\/2025\/06\/suiteterrasse_-allegraviareggio_-1-scaled-1.jpg","width":2560,"height":1920,"caption":"suiteterrasse_-allegraviareggio_-1-scaled"},{"@type":"BreadcrumbList","@id":"https:\/\/www.granducatocollection.com\/prodotto\/suite-terrace\/#breadcrumb","itemListElement":[{"@type":"ListItem","position":1,"name":"Home","item":"https:\/\/www.granducatocollection.com\/"},{"@type":"ListItem","position":2,"name":"Shop","item":"https:\/\/www.granducatocollection.com\/negozio\/"},{"@type":"ListItem","position":3,"name":"Suite Terrace \u2013 Allegra Viareggio, Terrazza con Vista | Granducato Collection"}]},{"@type":"WebSite","@id":"https:\/\/www.granducatocollection.com\/#website","url":"https:\/\/www.granducatocollection.com\/","name":"GranDucato Collection","description":"Prenota la tua vacanza e vivi un&#039;esperienza unica","potentialAction":[{"@type":"SearchAction","target":{"@type":"EntryPoint","urlTemplate":"https:\/\/www.granducatocollection.com\/?s={search_term_string}"},"query-input":{"@type":"PropertyValueSpecification","valueRequired":true,"valueName":"search_term_string"}}],"inLanguage":"pl-PL"}]}},"_links":{"self":[{"href":"https:\/\/www.granducatocollection.com\/pl\/wp-json\/wp\/v2\/product\/7736","targetHints":{"allow":["GET"]}}],"collection":[{"href":"https:\/\/www.granducatocollection.com\/pl\/wp-json\/wp\/v2\/product"}],"about":[{"href":"https:\/\/www.granducatocollection.com\/pl\/wp-json\/wp\/v2\/types\/product"}],"wp:featuredmedia":[{"embeddable":true,"href":"https:\/\/www.granducatocollection.com\/pl\/wp-json\/wp\/v2\/media\/7737"}],"wp:attachment":[{"href":"https:\/\/www.granducatocollection.com\/pl\/wp-json\/wp\/v2\/media?parent=7736"}],"wp:term":[{"taxonomy":"product_brand","embeddable":true,"href":"https:\/\/www.granducatocollection.com\/pl\/wp-json\/wp\/v2\/product_brand?post=7736"},{"taxonomy":"product_cat","embeddable":true,"href":"https:\/\/www.granducatocollection.com\/pl\/wp-json\/wp\/v2\/product_cat?post=7736"},{"taxonomy":"product_tag","embeddable":true,"href":"https:\/\/www.granducatocollection.com\/pl\/wp-json\/wp\/v2\/product_tag?post=7736"}],"curies":[{"name":"wp","href":"https:\/\/api.w.org\/{rel}","templated":true}]}}