{"id":7686,"date":"2025-06-26T13:23:59","date_gmt":"2025-06-26T13:23:59","guid":{"rendered":"https:\/\/www.granducatocollection.com\/?post_type=product&#038;p=7686"},"modified":"2026-03-18T12:39:56","modified_gmt":"2026-03-18T12:39:56","slug":"junior-suite-corso-italia-114","status":"publish","type":"product","link":"https:\/\/www.granducatocollection.com\/pl\/product\/junior-suite-corso-italia-114\/","title":{"rendered":"Mniejszy Apartament \u2013 \u200b\u200bCorso Italia 114, Arezzo | Kolekcja Granducato"},"content":{"rendered":"<h1>Apartament Junior w sercu Arezzo<\/h1>\n<h2>Wewn\u0105trz Allegra Toscana, posiad\u0142o\u015bci z kolekcji Granducato<\/h2>\n<h3>Obiekt po\u0142o\u017cony jest przy ulicy Corso Italia 114, zaledwie 700 metr\u00f3w od dworca kolejowego i 850 metr\u00f3w od katedry.<\/h3>\n<p>Ten nocleg jest idealny dla os\u00f3b, kt\u00f3re chc\u0105 zwiedza\u0107 Toskani\u0119 w komforcie i stylu. Jest idealny dla podr\u00f3\u017cuj\u0105cych poci\u0105giem lub na pobyt w pobli\u017cu Centro Chirurgico Toscano.<\/p>","protected":false},"excerpt":{"rendered":"<h1 class=\"fusion-responsive-typography-calculated\" data-fontsize=\"32\" data-lineheight=\"36px\">Junior Suite ad Arezzo \u2013 Allegra Toscana | Comfort, Stile e Posizione Centrale<\/h1>\n<p><script type=\"application\/ld+json\">\n{\n  \"@context\": \"https:\/\/schema.org\",\n  \"@type\": \"Hotel\",\n  \"name\": \"Allegra Toscana \u2013 Junior Suite Corso Italia 114\",\n  \"url\": \"https:\/\/www.granducatocollection.com\/prodotto\/junior-suite-corso-italia-114\/\",\n  \"description\": \"Junior Suite elegante e confortevole nel cuore di Arezzo, con Wi-Fi gratuito, TV satellitare, bagno privato e colazione in camera. Perfetta per viaggiatori culturali, coppie e smart worker.\",\n  \"address\": {\n    \"@type\": \"PostalAddress\",\n    \"streetAddress\": \"Corso Italia 114\",\n    \"addressLocality\": \"Arezzo\",\n    \"postalCode\": \"52100\",\n    \"addressCountry\": \"IT\"\n  },\n  \"telephone\": \"+393772539581\",\n  \"geo\": {\n    \"@type\": \"GeoCoordinates\",\n    \"latitude\": 43.4628,\n    \"longitude\": 11.8782\n  },\n  \"starRating\": {\n    \"@type\": \"Rating\",\n    \"ratingValue\": \"4\"\n  },\n  \"amenityFeature\": [\n    { \"@type\": \"LocationFeatureSpecification\", \"name\": \"Wi-Fi gratuito\", \"value\": true },\n    { \"@type\": \"LocationFeatureSpecification\", \"name\": \"TV satellitare\", \"value\": true },\n    { \"@type\": \"LocationFeatureSpecification\", \"name\": \"Bagno privato con vasca idromassaggio\", \"value\": true },\n    { \"@type\": \"LocationFeatureSpecification\", \"name\": \"Colazione in camera\", \"value\": true },\n    { \"@type\": \"LocationFeatureSpecification\", \"name\": \"Reception virtuale 24\/7\", \"value\": true }\n  ],\n  \"offers\": {\n    \"@type\": \"Offer\",\n    \"url\": \"https:\/\/www.granducatocollection.com\/prodotto\/junior-suite-corso-italia-114\/\",\n    \"priceCurrency\": \"EUR\",\n    \"availability\": \"https:\/\/schema.org\/InStock\"\n  },\n  \"image\": \"https:\/\/www.granducatocollection.com\/wp-content\/uploads\/2025\/01\/junior-suite-allegra-toscana-arezzo.jpg\"\n}\n<\/script><\/p>\n<h3 class=\"fusion-responsive-typography-calculated\" data-start=\"834\" data-end=\"884\" data-fontsize=\"24\" data-lineheight=\"26.64px\"><strong data-start=\"838\" data-end=\"882\">Camere Confortevoli e Servizi di Qualit\u00e0<\/strong><\/h3>\n<p data-start=\"885\" data-end=\"1253\">Le\u00a0<strong data-start=\"888\" data-end=\"917\">camere di Allegra Toscana<\/strong>\u00a0sono progettate per garantire un soggiorno rilassante e funzionale. Ogni sistemazione include:<br data-start=\"1012\" data-end=\"1015\" \/>\u2714\u00a0<strong data-start=\"1017\" data-end=\"1035\">Wi-Fi gratuito<\/strong>\u00a0ad alta velocit\u00e0.<br data-start=\"1053\" data-end=\"1056\" \/>\u2714\u00a0<strong data-start=\"1058\" data-end=\"1076\">TV satellitare<\/strong>\u00a0per intrattenimento.<br data-start=\"1097\" data-end=\"1100\" \/>\u2714\u00a0<strong data-start=\"1102\" data-end=\"1126\">Minibar su richiesta<\/strong>\u00a0e un\u2019accogliente area salotto.<br data-start=\"1157\" data-end=\"1160\" \/>\u2714\u00a0<strong data-start=\"1162\" data-end=\"1179\">Bagno privato<\/strong>\u00a0con\u00a0<strong data-start=\"1184\" data-end=\"1216\">doccia o vasca idromassaggio<\/strong>, asciugacapelli e set di cortesia.<\/p>\n<h3 class=\"fusion-responsive-typography-calculated\" data-start=\"1255\" data-end=\"1290\" data-fontsize=\"24\" data-lineheight=\"26.64px\"><strong data-start=\"1259\" data-end=\"1288\">Colazione e Servizi Extra<\/strong><\/h3>\n<p data-start=\"1291\" data-end=\"1592\">\ud83c\udf7d\u00a0<strong data-start=\"1294\" data-end=\"1317\">Colazione in camera<\/strong>: puoi acquistare la nostra\u00a0<strong data-start=\"1345\" data-end=\"1362\">breakfast box<\/strong>\u00a0per goderti la colazione in totale relax.<br data-start=\"1404\" data-end=\"1407\" \/>\ud83d\udece\u00a0<strong data-start=\"1410\" data-end=\"1437\">Reception virtuale 24\/7<\/strong>, con assistenza in presenza dalle\u00a0<strong data-start=\"1472\" data-end=\"1492\">10:00 alle 19:30<\/strong>.<br data-start=\"1493\" data-end=\"1496\" \/>\ud83c\udf92\u00a0<strong data-start=\"1499\" data-end=\"1537\">Deposito bagagli in Via Borgunto 7<\/strong>, perfetto per esplorare Arezzo senza preoccupazioni.<\/p>\n<h3 class=\"fusion-responsive-typography-calculated\" data-start=\"1594\" data-end=\"1630\" data-fontsize=\"24\" data-lineheight=\"26.64px\"><strong data-start=\"1598\" data-end=\"1628\">Scopri Arezzo e la Toscana<\/strong><\/h3>\n<p data-start=\"1631\" data-end=\"2064\">Soggiornare ad\u00a0<strong data-start=\"1646\" data-end=\"1656\">Arezzo<\/strong>\u00a0significa immergersi nella bellezza della\u00a0<strong data-start=\"1699\" data-end=\"1710\">Toscana<\/strong>, una regione ricca di\u00a0<strong data-start=\"1733\" data-end=\"1763\">storia, arte e gastronomia<\/strong>. Durante il tuo soggiorno potrai visitare:<br data-start=\"1806\" data-end=\"1809\" \/>\ud83c\udff0\u00a0<strong data-start=\"1812\" data-end=\"1843\">Il centro storico di Arezzo<\/strong>, con le sue affascinanti piazze e i negozi tipici.<br data-start=\"1894\" data-end=\"1897\" \/>\ud83d\uddbc\u00a0<strong data-start=\"1900\" data-end=\"1932\">La Basilica di San Francesco<\/strong>, famosa per gli affreschi di Piero della Francesca.<br data-start=\"1984\" data-end=\"1987\" \/>\ud83c\udf77\u00a0<strong data-start=\"1990\" data-end=\"2012\">Le colline toscane<\/strong>, perfette per degustare vini e specialit\u00e0 locali.<\/p>\n<p><center>Prenota Ora!<\/center><br \/>\n<a style=\"text-decoration: none; display: inline-flex; align-items: center; color: #159c7f; font-weight: 600;\" href=\"https:\/\/wa.me\/3772539581\" target=\"_blank\" rel=\"noopener noreferrer\"><br \/>\n<img decoding=\"async\" style=\"width: 24px; height: 24px; margin-right: 8px;\" src=\"https:\/\/upload.wikimedia.org\/wikipedia\/commons\/6\/6b\/WhatsApp.svg\" alt=\"WhatsApp Icon\" \/><br \/>\nPrenota direttamente su WhatsApp<br \/>\n<\/a><\/p>\n","protected":false},"featured_media":7687,"template":"","meta":{"_acf_changed":false},"product_brand":[764],"product_cat":[91],"product_tag":[831,832,833,829,830,834],"class_list":{"0":"post-7686","1":"product","2":"type-product","3":"status-publish","4":"has-post-thumbnail","6":"product_brand-granducato-collection","7":"product_cat-camere","8":"product_tag-affitti-brevi","9":"product_tag-affitti-transitori","10":"product_tag-bedandbreakfastarezzo","11":"product_tag-guest-house","12":"product_tag-shortlets","13":"product_tag-stazione-arezzo","15":"first","16":"instock","17":"shipping-taxable","18":"product-type-simple"},"acf":[],"yoast_head":"<!-- This site is optimized with the Yoast SEO plugin v26.7 - https:\/\/yoast.com\/wordpress\/plugins\/seo\/ -->\n<title>B&amp;B Arezzo - Junior Suite \u2013 Corso Italia 114, Arezzo | Granducato Collection - Gran ducato Collection<\/title>\n<meta name=\"description\" content=\"Scopri la Junior Suite Corso Italia 114 ad Arezzo: eleganza, comfort e vista sul centro storico. Ideale per soggiorni romantici nel cuore della Toscana\" \/>\n<meta name=\"robots\" content=\"index, follow, max-snippet:-1, max-image-preview:large, max-video-preview:-1\" \/>\n<link rel=\"canonical\" href=\"https:\/\/www.granducatocollection.com\/pl\/product\/junior-suite-corso-italia-114\/\" \/>\n<meta property=\"og:locale\" content=\"pl_PL\" \/>\n<meta property=\"og:type\" content=\"article\" \/>\n<meta property=\"og:title\" content=\"B&amp;B Arezzo - Junior Suite \u2013 Corso Italia 114, Arezzo | Granducato Collection - Gran ducato Collection\" \/>\n<meta property=\"og:description\" content=\"Scopri la Junior Suite Corso Italia 114 ad Arezzo: eleganza, comfort e vista sul centro storico. Ideale per soggiorni romantici nel cuore della Toscana\" \/>\n<meta property=\"og:url\" content=\"https:\/\/www.granducatocollection.com\/pl\/product\/junior-suite-corso-italia-114\/\" \/>\n<meta property=\"og:site_name\" content=\"Granducato Collection\" \/>\n<meta property=\"article:modified_time\" content=\"2026-03-18T12:39:56+00:00\" \/>\n<meta property=\"og:image\" content=\"https:\/\/www.granducatocollection.com\/wp-content\/uploads\/2025\/06\/bb_Arezzo-32-scaled-1.jpg\" \/>\n\t<meta property=\"og:image:width\" content=\"2560\" \/>\n\t<meta property=\"og:image:height\" content=\"1696\" \/>\n\t<meta property=\"og:image:type\" content=\"image\/jpeg\" \/>\n<meta name=\"twitter:card\" content=\"summary_large_image\" \/>\n<meta name=\"twitter:label1\" content=\"Szacowany czas czytania\" \/>\n\t<meta name=\"twitter:data1\" content=\"1 minuta\" \/>\n<script type=\"application\/ld+json\" class=\"yoast-schema-graph\">{\"@context\":\"https:\/\/schema.org\",\"@graph\":[{\"@type\":\"WebPage\",\"@id\":\"https:\/\/www.granducatocollection.com\/prodotto\/junior-suite-corso-italia-114\/\",\"url\":\"https:\/\/www.granducatocollection.com\/prodotto\/junior-suite-corso-italia-114\/\",\"name\":\"B&B Arezzo - Junior Suite \u2013 Corso Italia 114, Arezzo | Granducato Collection - Gran ducato Collection\",\"isPartOf\":{\"@id\":\"https:\/\/www.granducatocollection.com\/#website\"},\"primaryImageOfPage\":{\"@id\":\"https:\/\/www.granducatocollection.com\/prodotto\/junior-suite-corso-italia-114\/#primaryimage\"},\"image\":{\"@id\":\"https:\/\/www.granducatocollection.com\/prodotto\/junior-suite-corso-italia-114\/#primaryimage\"},\"thumbnailUrl\":\"https:\/\/www.granducatocollection.com\/wp-content\/uploads\/2025\/06\/bb_Arezzo-32-scaled-1.jpg\",\"datePublished\":\"2025-06-26T13:23:59+00:00\",\"dateModified\":\"2026-03-18T12:39:56+00:00\",\"description\":\"Scopri la Junior Suite Corso Italia 114 ad Arezzo: eleganza, comfort e vista sul centro storico. Ideale per soggiorni romantici nel cuore della Toscana\",\"breadcrumb\":{\"@id\":\"https:\/\/www.granducatocollection.com\/prodotto\/junior-suite-corso-italia-114\/#breadcrumb\"},\"inLanguage\":\"pl-PL\",\"potentialAction\":[{\"@type\":\"ReadAction\",\"target\":[\"https:\/\/www.granducatocollection.com\/prodotto\/junior-suite-corso-italia-114\/\"]}]},{\"@type\":\"ImageObject\",\"inLanguage\":\"pl-PL\",\"@id\":\"https:\/\/www.granducatocollection.com\/prodotto\/junior-suite-corso-italia-114\/#primaryimage\",\"url\":\"https:\/\/www.granducatocollection.com\/wp-content\/uploads\/2025\/06\/bb_Arezzo-32-scaled-1.jpg\",\"contentUrl\":\"https:\/\/www.granducatocollection.com\/wp-content\/uploads\/2025\/06\/bb_Arezzo-32-scaled-1.jpg\",\"width\":2560,\"height\":1696,\"caption\":\"junior-sute-hotel-arezzo-affittacamere-arezzo-guest-house-arezzo\"},{\"@type\":\"BreadcrumbList\",\"@id\":\"https:\/\/www.granducatocollection.com\/prodotto\/junior-suite-corso-italia-114\/#breadcrumb\",\"itemListElement\":[{\"@type\":\"ListItem\",\"position\":1,\"name\":\"Home\",\"item\":\"https:\/\/www.granducatocollection.com\/\"},{\"@type\":\"ListItem\",\"position\":2,\"name\":\"Shop\",\"item\":\"https:\/\/www.granducatocollection.com\/negozio\/\"},{\"@type\":\"ListItem\",\"position\":3,\"name\":\"Junior Suite \u2013 Corso Italia 114, Arezzo | Granducato Collection\"}]},{\"@type\":\"WebSite\",\"@id\":\"https:\/\/www.granducatocollection.com\/#website\",\"url\":\"https:\/\/www.granducatocollection.com\/\",\"name\":\"GranDucato Collection\",\"description\":\"Prenota la tua vacanza e vivi un&#039;esperienza unica\",\"potentialAction\":[{\"@type\":\"SearchAction\",\"target\":{\"@type\":\"EntryPoint\",\"urlTemplate\":\"https:\/\/www.granducatocollection.com\/?s={search_term_string}\"},\"query-input\":{\"@type\":\"PropertyValueSpecification\",\"valueRequired\":true,\"valueName\":\"search_term_string\"}}],\"inLanguage\":\"pl-PL\"}]}<\/script>\n<!-- \/ Yoast SEO plugin. -->","yoast_head_json":{"title":"B&B Arezzo - Junior Suite \u2013 Corso Italia 114, Arezzo | Granducato Collection - Gran ducato Collection","description":"Scopri la Junior Suite Corso Italia 114 ad Arezzo: eleganza, comfort e vista sul centro storico. Ideale per soggiorni romantici nel cuore della Toscana","robots":{"index":"index","follow":"follow","max-snippet":"max-snippet:-1","max-image-preview":"max-image-preview:large","max-video-preview":"max-video-preview:-1"},"canonical":"https:\/\/www.granducatocollection.com\/pl\/product\/junior-suite-corso-italia-114\/","og_locale":"pl_PL","og_type":"article","og_title":"B&B Arezzo - Junior Suite \u2013 Corso Italia 114, Arezzo | Granducato Collection - Gran ducato Collection","og_description":"Scopri la Junior Suite Corso Italia 114 ad Arezzo: eleganza, comfort e vista sul centro storico. Ideale per soggiorni romantici nel cuore della Toscana","og_url":"https:\/\/www.granducatocollection.com\/pl\/product\/junior-suite-corso-italia-114\/","og_site_name":"Granducato Collection","article_modified_time":"2026-03-18T12:39:56+00:00","og_image":[{"width":2560,"height":1696,"url":"https:\/\/www.granducatocollection.com\/wp-content\/uploads\/2025\/06\/bb_Arezzo-32-scaled-1.jpg","type":"image\/jpeg"}],"twitter_card":"summary_large_image","twitter_misc":{"Szacowany czas czytania":"1 minuta"},"schema":{"@context":"https:\/\/schema.org","@graph":[{"@type":"WebPage","@id":"https:\/\/www.granducatocollection.com\/prodotto\/junior-suite-corso-italia-114\/","url":"https:\/\/www.granducatocollection.com\/prodotto\/junior-suite-corso-italia-114\/","name":"B&B Arezzo - Junior Suite \u2013 Corso Italia 114, Arezzo | Granducato Collection - Gran ducato Collection","isPartOf":{"@id":"https:\/\/www.granducatocollection.com\/#website"},"primaryImageOfPage":{"@id":"https:\/\/www.granducatocollection.com\/prodotto\/junior-suite-corso-italia-114\/#primaryimage"},"image":{"@id":"https:\/\/www.granducatocollection.com\/prodotto\/junior-suite-corso-italia-114\/#primaryimage"},"thumbnailUrl":"https:\/\/www.granducatocollection.com\/wp-content\/uploads\/2025\/06\/bb_Arezzo-32-scaled-1.jpg","datePublished":"2025-06-26T13:23:59+00:00","dateModified":"2026-03-18T12:39:56+00:00","description":"Scopri la Junior Suite Corso Italia 114 ad Arezzo: eleganza, comfort e vista sul centro storico. Ideale per soggiorni romantici nel cuore della Toscana","breadcrumb":{"@id":"https:\/\/www.granducatocollection.com\/prodotto\/junior-suite-corso-italia-114\/#breadcrumb"},"inLanguage":"pl-PL","potentialAction":[{"@type":"ReadAction","target":["https:\/\/www.granducatocollection.com\/prodotto\/junior-suite-corso-italia-114\/"]}]},{"@type":"ImageObject","inLanguage":"pl-PL","@id":"https:\/\/www.granducatocollection.com\/prodotto\/junior-suite-corso-italia-114\/#primaryimage","url":"https:\/\/www.granducatocollection.com\/wp-content\/uploads\/2025\/06\/bb_Arezzo-32-scaled-1.jpg","contentUrl":"https:\/\/www.granducatocollection.com\/wp-content\/uploads\/2025\/06\/bb_Arezzo-32-scaled-1.jpg","width":2560,"height":1696,"caption":"junior-sute-hotel-arezzo-affittacamere-arezzo-guest-house-arezzo"},{"@type":"BreadcrumbList","@id":"https:\/\/www.granducatocollection.com\/prodotto\/junior-suite-corso-italia-114\/#breadcrumb","itemListElement":[{"@type":"ListItem","position":1,"name":"Home","item":"https:\/\/www.granducatocollection.com\/"},{"@type":"ListItem","position":2,"name":"Shop","item":"https:\/\/www.granducatocollection.com\/negozio\/"},{"@type":"ListItem","position":3,"name":"Junior Suite \u2013 Corso Italia 114, Arezzo | Granducato Collection"}]},{"@type":"WebSite","@id":"https:\/\/www.granducatocollection.com\/#website","url":"https:\/\/www.granducatocollection.com\/","name":"GranDucato Collection","description":"Prenota la tua vacanza e vivi un&#039;esperienza unica","potentialAction":[{"@type":"SearchAction","target":{"@type":"EntryPoint","urlTemplate":"https:\/\/www.granducatocollection.com\/?s={search_term_string}"},"query-input":{"@type":"PropertyValueSpecification","valueRequired":true,"valueName":"search_term_string"}}],"inLanguage":"pl-PL"}]}},"_links":{"self":[{"href":"https:\/\/www.granducatocollection.com\/pl\/wp-json\/wp\/v2\/product\/7686","targetHints":{"allow":["GET"]}}],"collection":[{"href":"https:\/\/www.granducatocollection.com\/pl\/wp-json\/wp\/v2\/product"}],"about":[{"href":"https:\/\/www.granducatocollection.com\/pl\/wp-json\/wp\/v2\/types\/product"}],"wp:featuredmedia":[{"embeddable":true,"href":"https:\/\/www.granducatocollection.com\/pl\/wp-json\/wp\/v2\/media\/7687"}],"wp:attachment":[{"href":"https:\/\/www.granducatocollection.com\/pl\/wp-json\/wp\/v2\/media?parent=7686"}],"wp:term":[{"taxonomy":"product_brand","embeddable":true,"href":"https:\/\/www.granducatocollection.com\/pl\/wp-json\/wp\/v2\/product_brand?post=7686"},{"taxonomy":"product_cat","embeddable":true,"href":"https:\/\/www.granducatocollection.com\/pl\/wp-json\/wp\/v2\/product_cat?post=7686"},{"taxonomy":"product_tag","embeddable":true,"href":"https:\/\/www.granducatocollection.com\/pl\/wp-json\/wp\/v2\/product_tag?post=7686"}],"curies":[{"name":"wp","href":"https:\/\/api.w.org\/{rel}","templated":true}]}}