{"id":7682,"date":"2025-06-26T12:48:07","date_gmt":"2025-06-26T12:48:07","guid":{"rendered":"https:\/\/www.granducatocollection.com\/?post_type=product&#038;p=7682"},"modified":"2026-03-18T12:33:24","modified_gmt":"2026-03-18T12:33:24","slug":"suite-king-con-jacuzzi-arezzo","status":"publish","type":"product","link":"https:\/\/www.granducatocollection.com\/pl\/product\/suite-king-con-jacuzzi-arezzo\/","title":{"rendered":"Apartament z \u0142\u00f3\u017ckiem typu king-size i jacuzzi \u2013 Corso Italia 108, Arezzo | Kolekcja Granducato"},"content":{"rendered":"<h1>Apartament typu King Suite z luksusow\u0105 wann\u0105 z hydromasa\u017cem, po\u0142o\u017cony pod adresem Corso Italia 108, w historycznym centrum Arezzo.<\/h1>\n<p>Obiekt jest cz\u0119\u015bci\u0105 Allegra Toscana, obiektu nale\u017c\u0105cego do Granducato Collection i zosta\u0142 zaprojektowany tak, aby zapewni\u0107 go\u015bciom autentyczny i relaksuj\u0105cy pobyt w Toskanii.<\/p>\n<h2>Us\u0142ugi noclegowe<\/h2>\n<ul>\n<li>Powierzchnia mieszkalna<\/li>\n<li>Prywatna \u0142azienka z jacuzzi<\/li>\n<li>Bezp\u0142atne Wi-Fi<\/li>\n<li>Telewizja satelitarna<\/li>\n<\/ul>\n<h3>Pozycja<\/h3>\n<p>Kilka krok\u00f3w od Piazza Grande i g\u0142\u00f3wnych atrakcji miasta.<\/p>","protected":false},"excerpt":{"rendered":"<p><!-- H1 visibile per SEO e utenti --><\/p>\n<h1>Suite King con Jacuzzi \u2013 Corso Italia 108, Arezzo | Granducato Collection<\/h1>\n<p><!-- Schema JSON-LD conforme a schema.org per Apartment (suite privata) --><br \/>\n<script type=\"application\/ld+json\">\n{\n  \"@context\": \"https:\/\/schema.org\",\n  \"@type\": \"Apartment\",\n  \"name\": \"Suite King con Jacuzzi \u2013 Corso Italia 108\",\n  \"description\": \"Suite King con jacuzzi nel cuore di Arezzo, a pochi passi dalla Cattedrale e da Piazza Grande. Ideale per coppie romantiche e viaggiatori che cercano comfort, privacy e stile toscano autentico.\",\n  \"address\": {\n    \"@type\": \"PostalAddress\",\n    \"streetAddress\": \"Corso Italia 108\",\n    \"addressLocality\": \"Arezzo\",\n    \"postalCode\": \"52100\",\n    \"addressCountry\": \"IT\"\n  },\n  \"geo\": {\n    \"@type\": \"GeoCoordinates\",\n    \"latitude\": 43.4628,\n    \"longitude\": 11.8789\n  },\n  \"url\": \"https:\/\/www.granducatocollection.com\/prodotto\/suite-king-jacuzzi-corso-italia-108\/\",\n  \"telephone\": \"+393772539581\",\n  \"amenityFeature\": [\n    { \"@type\": \"LocationFeatureSpecification\", \"name\": \"Jacuzzi privata\", \"value\": true },\n    { \"@type\": \"LocationFeatureSpecification\", \"name\": \"Letto king size\", \"value\": true },\n    { \"@type\": \"LocationFeatureSpecification\", \"name\": \"Posizione centrale ad Arezzo\", \"value\": true },\n    { \"@type\": \"LocationFeatureSpecification\", \"name\": \"Reception virtuale 24\/7\", \"value\": true },\n    { \"@type\": \"LocationFeatureSpecification\", \"name\": \"Colazione in camera disponibile\", \"value\": true }\n  ],\n  \"offers\": {\n    \"@type\": \"Offer\",\n    \"url\": \"https:\/\/www.granducatocollection.com\/prodotto\/suite-king-jacuzzi-corso-italia-108\/\",\n    \"priceCurrency\": \"EUR\",\n    \"availability\": \"https:\/\/schema.org\/InStock\"\n  },\n  \"image\": \"https:\/\/www.granducatocollection.com\/wp-content\/uploads\/2025\/01\/suite-king-jacuzzi-arezzo.jpg\",\n  \"numberOfRooms\": \"1\",\n  \"petsAllowed\": false\n}\n<\/script><\/p>\n<p><!-- Testo originale (inalterato, compatibile con TranslatePress) --><\/p>\n<h3 class=\"text-2xl font-bold mt-1 text-text-200 fusion-responsive-typography-calculated\" data-fontsize=\"24\" data-lineheight=\"26.64px\">Allegra Toscana: Soggiorna nel Cuore di Arezzo per Esplorare la Toscana Autentica<\/h3>\n<p class=\"whitespace-pre-wrap break-words\"><strong>Allegra Toscana, guest house nel centro storico di Arezzo<\/strong>, ti accoglie in un'atmosfera incantevole per scoprire le meraviglie della Toscana pi\u00f9 autentica. La nostra struttura gode di una\u00a0<strong>posizione strategica ad Arezzo<\/strong>, a soli 700 metri dalla Stazione Ferroviaria di Arezzo, permettendoti di raggiungere facilmente tutte le attrazioni della citt\u00e0 toscana.<\/p>\n<p><a style=\"text-decoration: none; display: inline-flex; align-items: center; color: #159c7f; font-weight: 600;\" href=\"https:\/\/wa.me\/3772539581\" target=\"_blank\" rel=\"noopener noreferrer\"><br \/>\n<img decoding=\"async\" style=\"width: 24px; height: 24px; margin-right: 8px;\" src=\"https:\/\/upload.wikimedia.org\/wikipedia\/commons\/6\/6b\/WhatsApp.svg\" alt=\"WhatsApp Icon\" \/><br \/>\nPrenota direttamente su WhatsApp<br \/>\n<\/a><\/p>\n","protected":false},"featured_media":4321,"template":"","meta":{"_acf_changed":false},"product_brand":[764],"product_cat":[91],"product_tag":[831,832,833,222,170,225,829,830,219,834,205,785],"class_list":{"0":"post-7682","1":"product","2":"type-product","3":"status-publish","4":"has-post-thumbnail","6":"product_brand-granducato-collection","7":"product_cat-camere","8":"product_tag-affitti-brevi","9":"product_tag-affitti-transitori","10":"product_tag-bedandbreakfastarezzo","11":"product_tag-camera-matrimoniale-lusso","12":"product_tag-camera-premium","13":"product_tag-corso-italia-arezzo","14":"product_tag-guest-house","15":"product_tag-shortlets","16":"product_tag-stanza-con-vista","17":"product_tag-stazione-arezzo","18":"product_tag-suite-con-jacuzzi","19":"product_tag-suite-con-jacuzzi-arezzo","21":"first","22":"instock","23":"shipping-taxable","24":"product-type-simple"},"acf":[],"yoast_head":"<!-- This site is optimized with the Yoast SEO plugin v26.7 - https:\/\/yoast.com\/wordpress\/plugins\/seo\/ -->\n<title>B&amp;B Arezzo - Suite King con Jacuzzi - Gran ducato Collection<\/title>\n<meta name=\"description\" content=\"Scopri la nostra Suite King con Jacuzzi ad Arezzo: eleganza, comfort e relax nel cuore della Toscana. Perfetta per i tuoi soggiorni romantici.\" \/>\n<meta name=\"robots\" content=\"index, follow, max-snippet:-1, max-image-preview:large, max-video-preview:-1\" \/>\n<link rel=\"canonical\" href=\"https:\/\/www.granducatocollection.com\/pl\/product\/suite-king-con-jacuzzi-corso-italia-108\/\" \/>\n<meta property=\"og:locale\" content=\"pl_PL\" \/>\n<meta property=\"og:type\" content=\"article\" \/>\n<meta property=\"og:title\" content=\"B&amp;B Arezzo - Suite King con Jacuzzi - Gran ducato Collection\" \/>\n<meta property=\"og:description\" content=\"Scopri la nostra Suite King con Jacuzzi ad Arezzo: eleganza, comfort e relax nel cuore della Toscana. Perfetta per i tuoi soggiorni romantici.\" \/>\n<meta property=\"og:url\" content=\"https:\/\/www.granducatocollection.com\/pl\/product\/suite-king-con-jacuzzi-corso-italia-108\/\" \/>\n<meta property=\"og:site_name\" content=\"Granducato Collection\" \/>\n<meta property=\"article:modified_time\" content=\"2026-03-18T12:33:24+00:00\" \/>\n<meta property=\"og:image\" content=\"https:\/\/www.granducatocollection.com\/wp-content\/uploads\/2024\/08\/Suite_Jacuzzi_Arezzo_-4-scaled.jpg\" \/>\n\t<meta property=\"og:image:width\" content=\"2560\" \/>\n\t<meta property=\"og:image:height\" content=\"1920\" \/>\n\t<meta property=\"og:image:type\" content=\"image\/jpeg\" \/>\n<meta name=\"twitter:card\" content=\"summary_large_image\" \/>\n<meta name=\"twitter:label1\" content=\"Szacowany czas czytania\" \/>\n\t<meta name=\"twitter:data1\" content=\"1 minuta\" \/>\n<script type=\"application\/ld+json\" class=\"yoast-schema-graph\">{\"@context\":\"https:\/\/schema.org\",\"@graph\":[{\"@type\":\"WebPage\",\"@id\":\"https:\/\/www.granducatocollection.com\/prodotto\/suite-king-con-jacuzzi-arezzo\/\",\"url\":\"https:\/\/www.granducatocollection.com\/prodotto\/suite-king-con-jacuzzi-corso-italia-108\/\",\"name\":\"B&B Arezzo - Suite King con Jacuzzi - Gran ducato Collection\",\"isPartOf\":{\"@id\":\"https:\/\/www.granducatocollection.com\/#website\"},\"primaryImageOfPage\":{\"@id\":\"https:\/\/www.granducatocollection.com\/prodotto\/suite-king-con-jacuzzi-corso-italia-108\/#primaryimage\"},\"image\":{\"@id\":\"https:\/\/www.granducatocollection.com\/prodotto\/suite-king-con-jacuzzi-corso-italia-108\/#primaryimage\"},\"thumbnailUrl\":\"https:\/\/www.granducatocollection.com\/wp-content\/uploads\/2024\/08\/Suite_Jacuzzi_Arezzo_-4-scaled.jpg\",\"datePublished\":\"2025-06-26T12:48:07+00:00\",\"dateModified\":\"2026-03-18T12:33:24+00:00\",\"description\":\"Scopri la nostra Suite King con Jacuzzi ad Arezzo: eleganza, comfort e relax nel cuore della Toscana. Perfetta per i tuoi soggiorni romantici.\",\"breadcrumb\":{\"@id\":\"https:\/\/www.granducatocollection.com\/prodotto\/suite-king-con-jacuzzi-corso-italia-108\/#breadcrumb\"},\"inLanguage\":\"pl-PL\",\"potentialAction\":[{\"@type\":\"ReadAction\",\"target\":[\"https:\/\/www.granducatocollection.com\/prodotto\/suite-king-con-jacuzzi-corso-italia-108\/\"]}]},{\"@type\":\"ImageObject\",\"inLanguage\":\"pl-PL\",\"@id\":\"https:\/\/www.granducatocollection.com\/prodotto\/suite-king-con-jacuzzi-corso-italia-108\/#primaryimage\",\"url\":\"https:\/\/www.granducatocollection.com\/wp-content\/uploads\/2024\/08\/Suite_Jacuzzi_Arezzo_-4-scaled.jpg\",\"contentUrl\":\"https:\/\/www.granducatocollection.com\/wp-content\/uploads\/2024\/08\/Suite_Jacuzzi_Arezzo_-4-scaled.jpg\",\"width\":2560,\"height\":1920,\"caption\":\"suite-con-jacuzzi-arezzo boutique-arezzo Hotel-Arezzo\"},{\"@type\":\"BreadcrumbList\",\"@id\":\"https:\/\/www.granducatocollection.com\/prodotto\/suite-king-con-jacuzzi-corso-italia-108\/#breadcrumb\",\"itemListElement\":[{\"@type\":\"ListItem\",\"position\":1,\"name\":\"Home\",\"item\":\"https:\/\/www.granducatocollection.com\/\"},{\"@type\":\"ListItem\",\"position\":2,\"name\":\"Shop\",\"item\":\"https:\/\/www.granducatocollection.com\/negozio\/\"},{\"@type\":\"ListItem\",\"position\":3,\"name\":\"Suite King con Jacuzzi \u2013 Corso Italia 108, Arezzo | Granducato Collection\"}]},{\"@type\":\"WebSite\",\"@id\":\"https:\/\/www.granducatocollection.com\/#website\",\"url\":\"https:\/\/www.granducatocollection.com\/\",\"name\":\"GranDucato Collection\",\"description\":\"Prenota la tua vacanza e vivi un&#039;esperienza unica\",\"potentialAction\":[{\"@type\":\"SearchAction\",\"target\":{\"@type\":\"EntryPoint\",\"urlTemplate\":\"https:\/\/www.granducatocollection.com\/?s={search_term_string}\"},\"query-input\":{\"@type\":\"PropertyValueSpecification\",\"valueRequired\":true,\"valueName\":\"search_term_string\"}}],\"inLanguage\":\"pl-PL\"}]}<\/script>\n<!-- \/ Yoast SEO plugin. -->","yoast_head_json":{"title":"B&B Arezzo - Suite King con Jacuzzi - Gran ducato Collection","description":"Scopri la nostra Suite King con Jacuzzi ad Arezzo: eleganza, comfort e relax nel cuore della Toscana. Perfetta per i tuoi soggiorni romantici.","robots":{"index":"index","follow":"follow","max-snippet":"max-snippet:-1","max-image-preview":"max-image-preview:large","max-video-preview":"max-video-preview:-1"},"canonical":"https:\/\/www.granducatocollection.com\/pl\/product\/suite-king-con-jacuzzi-corso-italia-108\/","og_locale":"pl_PL","og_type":"article","og_title":"B&B Arezzo - Suite King con Jacuzzi - Gran ducato Collection","og_description":"Scopri la nostra Suite King con Jacuzzi ad Arezzo: eleganza, comfort e relax nel cuore della Toscana. Perfetta per i tuoi soggiorni romantici.","og_url":"https:\/\/www.granducatocollection.com\/pl\/product\/suite-king-con-jacuzzi-corso-italia-108\/","og_site_name":"Granducato Collection","article_modified_time":"2026-03-18T12:33:24+00:00","og_image":[{"width":2560,"height":1920,"url":"https:\/\/www.granducatocollection.com\/wp-content\/uploads\/2024\/08\/Suite_Jacuzzi_Arezzo_-4-scaled.jpg","type":"image\/jpeg"}],"twitter_card":"summary_large_image","twitter_misc":{"Szacowany czas czytania":"1 minuta"},"schema":{"@context":"https:\/\/schema.org","@graph":[{"@type":"WebPage","@id":"https:\/\/www.granducatocollection.com\/prodotto\/suite-king-con-jacuzzi-arezzo\/","url":"https:\/\/www.granducatocollection.com\/prodotto\/suite-king-con-jacuzzi-corso-italia-108\/","name":"B&B Arezzo - Suite King con Jacuzzi - Gran ducato Collection","isPartOf":{"@id":"https:\/\/www.granducatocollection.com\/#website"},"primaryImageOfPage":{"@id":"https:\/\/www.granducatocollection.com\/prodotto\/suite-king-con-jacuzzi-corso-italia-108\/#primaryimage"},"image":{"@id":"https:\/\/www.granducatocollection.com\/prodotto\/suite-king-con-jacuzzi-corso-italia-108\/#primaryimage"},"thumbnailUrl":"https:\/\/www.granducatocollection.com\/wp-content\/uploads\/2024\/08\/Suite_Jacuzzi_Arezzo_-4-scaled.jpg","datePublished":"2025-06-26T12:48:07+00:00","dateModified":"2026-03-18T12:33:24+00:00","description":"Scopri la nostra Suite King con Jacuzzi ad Arezzo: eleganza, comfort e relax nel cuore della Toscana. Perfetta per i tuoi soggiorni romantici.","breadcrumb":{"@id":"https:\/\/www.granducatocollection.com\/prodotto\/suite-king-con-jacuzzi-corso-italia-108\/#breadcrumb"},"inLanguage":"pl-PL","potentialAction":[{"@type":"ReadAction","target":["https:\/\/www.granducatocollection.com\/prodotto\/suite-king-con-jacuzzi-corso-italia-108\/"]}]},{"@type":"ImageObject","inLanguage":"pl-PL","@id":"https:\/\/www.granducatocollection.com\/prodotto\/suite-king-con-jacuzzi-corso-italia-108\/#primaryimage","url":"https:\/\/www.granducatocollection.com\/wp-content\/uploads\/2024\/08\/Suite_Jacuzzi_Arezzo_-4-scaled.jpg","contentUrl":"https:\/\/www.granducatocollection.com\/wp-content\/uploads\/2024\/08\/Suite_Jacuzzi_Arezzo_-4-scaled.jpg","width":2560,"height":1920,"caption":"suite-con-jacuzzi-arezzo boutique-arezzo Hotel-Arezzo"},{"@type":"BreadcrumbList","@id":"https:\/\/www.granducatocollection.com\/prodotto\/suite-king-con-jacuzzi-corso-italia-108\/#breadcrumb","itemListElement":[{"@type":"ListItem","position":1,"name":"Home","item":"https:\/\/www.granducatocollection.com\/"},{"@type":"ListItem","position":2,"name":"Shop","item":"https:\/\/www.granducatocollection.com\/negozio\/"},{"@type":"ListItem","position":3,"name":"Suite King con Jacuzzi \u2013 Corso Italia 108, Arezzo | Granducato Collection"}]},{"@type":"WebSite","@id":"https:\/\/www.granducatocollection.com\/#website","url":"https:\/\/www.granducatocollection.com\/","name":"GranDucato Collection","description":"Prenota la tua vacanza e vivi un&#039;esperienza unica","potentialAction":[{"@type":"SearchAction","target":{"@type":"EntryPoint","urlTemplate":"https:\/\/www.granducatocollection.com\/?s={search_term_string}"},"query-input":{"@type":"PropertyValueSpecification","valueRequired":true,"valueName":"search_term_string"}}],"inLanguage":"pl-PL"}]}},"_links":{"self":[{"href":"https:\/\/www.granducatocollection.com\/pl\/wp-json\/wp\/v2\/product\/7682","targetHints":{"allow":["GET"]}}],"collection":[{"href":"https:\/\/www.granducatocollection.com\/pl\/wp-json\/wp\/v2\/product"}],"about":[{"href":"https:\/\/www.granducatocollection.com\/pl\/wp-json\/wp\/v2\/types\/product"}],"wp:featuredmedia":[{"embeddable":true,"href":"https:\/\/www.granducatocollection.com\/pl\/wp-json\/wp\/v2\/media\/4321"}],"wp:attachment":[{"href":"https:\/\/www.granducatocollection.com\/pl\/wp-json\/wp\/v2\/media?parent=7682"}],"wp:term":[{"taxonomy":"product_brand","embeddable":true,"href":"https:\/\/www.granducatocollection.com\/pl\/wp-json\/wp\/v2\/product_brand?post=7682"},{"taxonomy":"product_cat","embeddable":true,"href":"https:\/\/www.granducatocollection.com\/pl\/wp-json\/wp\/v2\/product_cat?post=7682"},{"taxonomy":"product_tag","embeddable":true,"href":"https:\/\/www.granducatocollection.com\/pl\/wp-json\/wp\/v2\/product_tag?post=7682"}],"curies":[{"name":"wp","href":"https:\/\/api.w.org\/{rel}","templated":true}]}}