{"id":7425,"date":"2025-06-08T14:59:23","date_gmt":"2025-06-08T14:59:23","guid":{"rendered":"https:\/\/www.granducatocollection.com\/?post_type=product&#038;p=7425"},"modified":"2026-03-20T19:15:36","modified_gmt":"2026-03-20T19:15:36","slug":"burro-al-tartufo-bianco-2","status":"publish","type":"product","link":"https:\/\/www.granducatocollection.com\/pl\/product\/burro-al-tartufo-bianco-2\/","title":{"rendered":"Mas\u0142o z bia\u0142ej trufli"},"content":{"rendered":"<p><script type=\"application\/ld+json\">{\n    \"@context\": \"https:\\\/\\\/schema.org\",\n    \"@type\": \"Product\",\n    \"@id\": \"https:\\\/\\\/www.granducatocollection.com\\\/prodotto\\\/burro-al-tartufo-bianco-2\\\/\",\n    \"name\": \"Burro al Tartufo Bianco con Tartufo Bianchetto \\u2013 Borgunto\",\n    \"image\": \"https:\\\/\\\/www.granducatocollection.com\\\/wp-content\\\/uploads\\\/2026\\\/01\\\/burro-al-tartufo-bianco-2-borgunto.jpg\",\n    \"description\": \"Burro al tartufo bianco arricchito con Tartufo Bianco e Tartufo Bianchetto, prodotto artigianale ad Arezzo in Toscana. Condimento gourmet perfetto per piatti raffinati o come regalo gourmet raffinato.\",\n    \"brand\": {\n        \"@type\": \"Organization\",\n        \"name\": \"Borgunto\"\n    },\n    \"offers\": {\n        \"@type\": \"Offer\",\n        \"url\": \"https:\\\/\\\/www.granducatocollection.com\\\/prodotto\\\/burro-al-tartufo-bianco-2\\\/\",\n        \"priceCurrency\": \"EUR\",\n        \"price\": \"12.00\",\n        \"itemCondition\": \"https:\\\/\\\/schema.org\\\/NewCondition\",\n        \"availability\": \"https:\\\/\\\/schema.org\\\/InStock\",\n        \"seller\": {\n            \"@type\": \"Organization\",\n            \"name\": \"Granducato Collection\"\n        }\n    },\n    \"sku\": \"BURRO-TARTUFO-BIANCO-2\"\n}<\/script><\/p>\n<h1>Mas\u0142o Truflowe Bia\u0142e \u2013 Borgunto<\/h1>\n<h2>Sos przygotowany na bazie rzemie\u015blniczego toska\u0144skiego mas\u0142a, wzbogacony dwoma rodzajami trufli<\/h2>\n<p class=\"translation-block\"><strong>Ma\u015blanka z bia\u0142ym trufl\u0105<\/strong> to <strong>wyj\u0105tkowy delikates gastronomiczny<\/strong>, produkowany przez <strong>Borgunto<\/strong> w <strong>Arezzo<\/strong>, w <strong>Toskanii<\/strong>. Ten <strong>produkt na bazie mas\u0142a<\/strong> \u0142\u0105czy kremow\u0105 konsystencj\u0119 starannie wyselekcjonowanego mas\u0142a z intensywnym aromatem cenionego <strong>bia\u0142ego trufla<\/strong> oraz delikatnego <strong>trufla bianchetto<\/strong>, tworz\u0105c niezwyk\u0142e do\u015bwiadczenie sensoryczne. Wyprodukowany z <strong>surowc\u00f3w pochodz\u0105cych z kontrolowanego pochodzenia<\/strong> i bez dodatk\u00f3w, doskonale podkre\u015bla smak jajek, tost\u00f3w, risotto, \u015bwie\u017cych makaron\u00f3w czy delikatnych mi\u0119s.<\/p>\n<h3>Wykwintny prezent dla prawdziwych koneser\u00f3w<\/h3>\n<p class=\"translation-block\">Elegancko zapakowane i wyrafinowane w smaku, to mas\u0142o truflowe stanowi wykwintny prezent dla mi\u0142o\u015bnik\u00f3w dobrego jedzenia. Idealne na Bo\u017ce Narodzenie, rocznice i specjalne okazje, ukazuje doskona\u0142o\u015b\u0107 w\u0142oskiej tradycji kulinarnej poprzez autentyczne i niezapomniane doznania.<\/p>\n<h3>Symbol kolekcji Granducato: kunszt, terytorium i identyfikowalno\u015b\u0107<\/h3>\n<p class=\"translation-block\">Ten <strong>specja\u0142 truflowy<\/strong> uciele\u015bnia warto\u015bci kolekcji <strong>Granducato<\/strong>: rzemie\u015blnicz\u0105 produkcj\u0119, bezpo\u015bredni\u0105 kontrol\u0119 nad surowcami, szacunek dla toska\u0144skiego terroir i najwy\u017csz\u0105 dba\u0142o\u015b\u0107 o szczeg\u00f3\u0142y. Ka\u017cdy s\u0142oik to ho\u0142d dla kultury w\u0142oskich trufli, stworzony z my\u015bl\u0105 o osobach poszukuj\u0105cych autentyczno\u015bci i bezkompromisowej jako\u015bci.<\/p>","protected":false},"excerpt":{"rendered":"<h1>Mas\u0142o truflowe<\/h1>\n<p class=\"translation-block\"><strong>Mas\u0142o z trufl\u0105<\/strong> wzbogacone <strong>bia\u0142\u0105 trufl\u0105<\/strong>, produkt rzemie\u015blniczy od <strong>Borgunto<\/strong> z <strong>Arezzo<\/strong>. <strong>Gastronomiczny smako\u0142yk<\/strong> idealny do urozmaicenia da\u0144 lub jako <strong>rafinowany prezent gastronomiczny<\/strong>.<\/p>","protected":false},"featured_media":7426,"template":"","meta":{"_acf_changed":false},"product_brand":[764],"product_cat":[845],"product_tag":[228,236,231,234,237,229],"class_list":{"0":"post-7425","1":"product","2":"type-product","3":"status-publish","4":"has-post-thumbnail","6":"product_brand-granducato-collection","7":"product_cat-confetture-e-specialita-gourmet","8":"product_tag-burro-al-tartufo","9":"product_tag-burro-artigianale","10":"product_tag-burro-gourmet","11":"product_tag-condimento-gourmet","12":"product_tag-specialita-enogastronomica","13":"product_tag-tartufo-bianco","15":"first","16":"instock","17":"shipping-taxable","18":"purchasable","19":"product-type-simple"},"acf":[],"yoast_head":"<!-- This site is optimized with the Yoast SEO plugin v26.7 - https:\/\/yoast.com\/wordpress\/plugins\/seo\/ -->\n<title>B&amp;B Arezzo | Burro al Tartufo Borgunto |Granducato Collection<\/title>\n<meta name=\"description\" content=\"Burro al Tartufo Bianco pregiato. Profumo intenso e sapore unico: perfetto per primi piatti, uova e bruschette. Spedizione in tutta Europa. Acquista Ora!\" \/>\n<meta name=\"robots\" content=\"index, follow, max-snippet:-1, max-image-preview:large, max-video-preview:-1\" \/>\n<link rel=\"canonical\" href=\"https:\/\/www.granducatocollection.com\/pl\/product\/burro-al-tartufo-bianco-2\/\" \/>\n<meta property=\"og:locale\" content=\"pl_PL\" \/>\n<meta property=\"og:type\" content=\"article\" \/>\n<meta property=\"og:title\" content=\"B&amp;B Arezzo | Burro al Tartufo Borgunto |Granducato Collection\" \/>\n<meta property=\"og:description\" content=\"Burro al Tartufo Bianco pregiato. Profumo intenso e sapore unico: perfetto per primi piatti, uova e bruschette. Spedizione in tutta Europa. Acquista Ora!\" \/>\n<meta property=\"og:url\" content=\"https:\/\/www.granducatocollection.com\/pl\/product\/burro-al-tartufo-bianco-2\/\" \/>\n<meta property=\"og:site_name\" content=\"Granducato Collection\" \/>\n<meta property=\"article:modified_time\" content=\"2026-03-20T19:15:36+00:00\" \/>\n<meta property=\"og:image\" content=\"https:\/\/www.granducatocollection.com\/wp-content\/uploads\/2025\/06\/tartufo.webp\" \/>\n\t<meta property=\"og:image:width\" content=\"801\" \/>\n\t<meta property=\"og:image:height\" content=\"801\" \/>\n\t<meta property=\"og:image:type\" content=\"image\/webp\" \/>\n<meta name=\"twitter:card\" content=\"summary_large_image\" \/>\n<meta name=\"twitter:label1\" content=\"Szacowany czas czytania\" \/>\n\t<meta name=\"twitter:data1\" content=\"2 minuty\" \/>\n<script type=\"application\/ld+json\" class=\"yoast-schema-graph\">{\"@context\":\"https:\/\/schema.org\",\"@graph\":[{\"@type\":\"WebPage\",\"@id\":\"https:\/\/www.granducatocollection.com\/prodotto\/burro-al-tartufo-bianco-2\/\",\"url\":\"https:\/\/www.granducatocollection.com\/prodotto\/burro-al-tartufo-bianco-2\/\",\"name\":\"B&B Arezzo | Burro al Tartufo Borgunto |Granducato Collection\",\"isPartOf\":{\"@id\":\"https:\/\/www.granducatocollection.com\/#website\"},\"primaryImageOfPage\":{\"@id\":\"https:\/\/www.granducatocollection.com\/prodotto\/burro-al-tartufo-bianco-2\/#primaryimage\"},\"image\":{\"@id\":\"https:\/\/www.granducatocollection.com\/prodotto\/burro-al-tartufo-bianco-2\/#primaryimage\"},\"thumbnailUrl\":\"https:\/\/www.granducatocollection.com\/wp-content\/uploads\/2025\/06\/tartufo.webp\",\"datePublished\":\"2025-06-08T14:59:23+00:00\",\"dateModified\":\"2026-03-20T19:15:36+00:00\",\"description\":\"Burro al Tartufo Bianco pregiato. Profumo intenso e sapore unico: perfetto per primi piatti, uova e bruschette. Spedizione in tutta Europa. Acquista Ora!\",\"breadcrumb\":{\"@id\":\"https:\/\/www.granducatocollection.com\/prodotto\/burro-al-tartufo-bianco-2\/#breadcrumb\"},\"inLanguage\":\"pl-PL\",\"potentialAction\":[{\"@type\":\"ReadAction\",\"target\":[\"https:\/\/www.granducatocollection.com\/prodotto\/burro-al-tartufo-bianco-2\/\"]}]},{\"@type\":\"ImageObject\",\"inLanguage\":\"pl-PL\",\"@id\":\"https:\/\/www.granducatocollection.com\/prodotto\/burro-al-tartufo-bianco-2\/#primaryimage\",\"url\":\"https:\/\/www.granducatocollection.com\/wp-content\/uploads\/2025\/06\/tartufo.webp\",\"contentUrl\":\"https:\/\/www.granducatocollection.com\/wp-content\/uploads\/2025\/06\/tartufo.webp\",\"width\":801,\"height\":801,\"caption\":\"burro-al-tartufo-bianco-granducatocollection-arezzo-firenze-toscana-borgunto-affittacamere-B&B-suitelets-azienda-agricola-prodotti-al-tartufo\"},{\"@type\":\"BreadcrumbList\",\"@id\":\"https:\/\/www.granducatocollection.com\/prodotto\/burro-al-tartufo-bianco-2\/#breadcrumb\",\"itemListElement\":[{\"@type\":\"ListItem\",\"position\":1,\"name\":\"Home\",\"item\":\"https:\/\/www.granducatocollection.com\/\"},{\"@type\":\"ListItem\",\"position\":2,\"name\":\"Shop\",\"item\":\"https:\/\/www.granducatocollection.com\/negozio\/\"},{\"@type\":\"ListItem\",\"position\":3,\"name\":\"Burro al Tartufo Bianco\"}]},{\"@type\":\"WebSite\",\"@id\":\"https:\/\/www.granducatocollection.com\/#website\",\"url\":\"https:\/\/www.granducatocollection.com\/\",\"name\":\"GranDucato Collection\",\"description\":\"Prenota la tua vacanza e vivi un&#039;esperienza unica\",\"potentialAction\":[{\"@type\":\"SearchAction\",\"target\":{\"@type\":\"EntryPoint\",\"urlTemplate\":\"https:\/\/www.granducatocollection.com\/?s={search_term_string}\"},\"query-input\":{\"@type\":\"PropertyValueSpecification\",\"valueRequired\":true,\"valueName\":\"search_term_string\"}}],\"inLanguage\":\"pl-PL\"}]}<\/script>\n<!-- \/ Yoast SEO plugin. -->","yoast_head_json":{"title":"B&B Arezzo | Burro al Tartufo Borgunto |Granducato Collection","description":"Burro al Tartufo Bianco pregiato. Profumo intenso e sapore unico: perfetto per primi piatti, uova e bruschette. Spedizione in tutta Europa. Acquista Ora!","robots":{"index":"index","follow":"follow","max-snippet":"max-snippet:-1","max-image-preview":"max-image-preview:large","max-video-preview":"max-video-preview:-1"},"canonical":"https:\/\/www.granducatocollection.com\/pl\/product\/burro-al-tartufo-bianco-2\/","og_locale":"pl_PL","og_type":"article","og_title":"B&B Arezzo | Burro al Tartufo Borgunto |Granducato Collection","og_description":"Burro al Tartufo Bianco pregiato. Profumo intenso e sapore unico: perfetto per primi piatti, uova e bruschette. Spedizione in tutta Europa. Acquista Ora!","og_url":"https:\/\/www.granducatocollection.com\/pl\/product\/burro-al-tartufo-bianco-2\/","og_site_name":"Granducato Collection","article_modified_time":"2026-03-20T19:15:36+00:00","og_image":[{"width":801,"height":801,"url":"https:\/\/www.granducatocollection.com\/wp-content\/uploads\/2025\/06\/tartufo.webp","type":"image\/webp"}],"twitter_card":"summary_large_image","twitter_misc":{"Szacowany czas czytania":"2 minuty"},"schema":{"@context":"https:\/\/schema.org","@graph":[{"@type":"WebPage","@id":"https:\/\/www.granducatocollection.com\/prodotto\/burro-al-tartufo-bianco-2\/","url":"https:\/\/www.granducatocollection.com\/prodotto\/burro-al-tartufo-bianco-2\/","name":"B&B Arezzo | Burro al Tartufo Borgunto |Granducato Collection","isPartOf":{"@id":"https:\/\/www.granducatocollection.com\/#website"},"primaryImageOfPage":{"@id":"https:\/\/www.granducatocollection.com\/prodotto\/burro-al-tartufo-bianco-2\/#primaryimage"},"image":{"@id":"https:\/\/www.granducatocollection.com\/prodotto\/burro-al-tartufo-bianco-2\/#primaryimage"},"thumbnailUrl":"https:\/\/www.granducatocollection.com\/wp-content\/uploads\/2025\/06\/tartufo.webp","datePublished":"2025-06-08T14:59:23+00:00","dateModified":"2026-03-20T19:15:36+00:00","description":"Burro al Tartufo Bianco pregiato. Profumo intenso e sapore unico: perfetto per primi piatti, uova e bruschette. Spedizione in tutta Europa. Acquista Ora!","breadcrumb":{"@id":"https:\/\/www.granducatocollection.com\/prodotto\/burro-al-tartufo-bianco-2\/#breadcrumb"},"inLanguage":"pl-PL","potentialAction":[{"@type":"ReadAction","target":["https:\/\/www.granducatocollection.com\/prodotto\/burro-al-tartufo-bianco-2\/"]}]},{"@type":"ImageObject","inLanguage":"pl-PL","@id":"https:\/\/www.granducatocollection.com\/prodotto\/burro-al-tartufo-bianco-2\/#primaryimage","url":"https:\/\/www.granducatocollection.com\/wp-content\/uploads\/2025\/06\/tartufo.webp","contentUrl":"https:\/\/www.granducatocollection.com\/wp-content\/uploads\/2025\/06\/tartufo.webp","width":801,"height":801,"caption":"burro-al-tartufo-bianco-granducatocollection-arezzo-firenze-toscana-borgunto-affittacamere-B&B-suitelets-azienda-agricola-prodotti-al-tartufo"},{"@type":"BreadcrumbList","@id":"https:\/\/www.granducatocollection.com\/prodotto\/burro-al-tartufo-bianco-2\/#breadcrumb","itemListElement":[{"@type":"ListItem","position":1,"name":"Home","item":"https:\/\/www.granducatocollection.com\/"},{"@type":"ListItem","position":2,"name":"Shop","item":"https:\/\/www.granducatocollection.com\/negozio\/"},{"@type":"ListItem","position":3,"name":"Burro al Tartufo Bianco"}]},{"@type":"WebSite","@id":"https:\/\/www.granducatocollection.com\/#website","url":"https:\/\/www.granducatocollection.com\/","name":"GranDucato Collection","description":"Prenota la tua vacanza e vivi un&#039;esperienza unica","potentialAction":[{"@type":"SearchAction","target":{"@type":"EntryPoint","urlTemplate":"https:\/\/www.granducatocollection.com\/?s={search_term_string}"},"query-input":{"@type":"PropertyValueSpecification","valueRequired":true,"valueName":"search_term_string"}}],"inLanguage":"pl-PL"}]}},"_links":{"self":[{"href":"https:\/\/www.granducatocollection.com\/pl\/wp-json\/wp\/v2\/product\/7425","targetHints":{"allow":["GET"]}}],"collection":[{"href":"https:\/\/www.granducatocollection.com\/pl\/wp-json\/wp\/v2\/product"}],"about":[{"href":"https:\/\/www.granducatocollection.com\/pl\/wp-json\/wp\/v2\/types\/product"}],"wp:featuredmedia":[{"embeddable":true,"href":"https:\/\/www.granducatocollection.com\/pl\/wp-json\/wp\/v2\/media\/7426"}],"wp:attachment":[{"href":"https:\/\/www.granducatocollection.com\/pl\/wp-json\/wp\/v2\/media?parent=7425"}],"wp:term":[{"taxonomy":"product_brand","embeddable":true,"href":"https:\/\/www.granducatocollection.com\/pl\/wp-json\/wp\/v2\/product_brand?post=7425"},{"taxonomy":"product_cat","embeddable":true,"href":"https:\/\/www.granducatocollection.com\/pl\/wp-json\/wp\/v2\/product_cat?post=7425"},{"taxonomy":"product_tag","embeddable":true,"href":"https:\/\/www.granducatocollection.com\/pl\/wp-json\/wp\/v2\/product_tag?post=7425"}],"curies":[{"name":"wp","href":"https:\/\/api.w.org\/{rel}","templated":true}]}}