{"id":7284,"date":"2025-05-24T11:30:56","date_gmt":"2025-05-24T11:30:56","guid":{"rendered":"https:\/\/www.granducatocollection.com\/?post_type=product&#038;p=7284"},"modified":"2026-02-27T16:18:18","modified_gmt":"2026-02-27T16:18:18","slug":"notte-allallegra-toscana","status":"publish","type":"product","link":"https:\/\/www.granducatocollection.com\/pl\/product\/notte-allallegra-toscana\/","title":{"rendered":"Noc w Allegra Toscana"},"content":{"rendered":"<p>Vivi la magia di Arezzo con Notte all\u2019Allegra Toscana, una splendida stanza situata sul corso principale, nel cuore pulsante della citt\u00e0. Un ambiente accogliente, elegante e curato nei dettagli, ideale per chi cerca comfort, charme e la comodit\u00e0 di essere a pochi passi dai principali luoghi d\u2019interesse. Perfetta per una fuga romantica, un weekend culturale o una sosta rilassante durante un tour della Toscana.<\/p>\n<p>Prenota ora e lasciati conquistare dall\u2019autentica atmosfera toscana!<br \/>\n<a style=\"text-decoration: none; display: inline-flex; align-items: center; color: #159c7f; font-weight: 600;\" href=\"https:\/\/wa.me\/3772539581\" target=\"_blank\" rel=\"noopener noreferrer\"><br \/>\n<img class=\"lazyload\" decoding=\"async\" style=\"width: 24px; height: 24px; margin-right: 8px;\" src=\"data:image\/gif;base64,R0lGODlhAQABAAAAACH5BAEKAAEALAAAAAABAAEAAAICTAEAOw==\" data-orig-src=\"https:\/\/upload.wikimedia.org\/wikipedia\/commons\/6\/6b\/WhatsApp.svg\" alt=\"WhatsApp Icon\" \/><br \/>\nZarezerwuj bezpo\u015brednio na WhatsApp<br \/>\n<\/a><\/p>","protected":false},"excerpt":{"rendered":"<h1>Soggiorno all'Allegra Toscana<\/h1>\n<p>Zatrzymaj si\u0119 w eleganckim pokoju w historycznym centrum Arezzo, z widokiem na g\u0142\u00f3wn\u0105 ulic\u0119. Komfort, toska\u0144ski styl i romantyczna atmosfera zapewni\u0105 Ci niezapomniany wiecz\u00f3r.<br \/>\n<a style=\"text-decoration: none; display: inline-flex; align-items: center; color: #159c7f; font-weight: 600;\" href=\"https:\/\/wa.me\/3772539581\" target=\"_blank\" rel=\"noopener noreferrer\"><br \/>\n<img decoding=\"async\" style=\"width: 24px; height: 24px; margin-right: 8px;\" src=\"https:\/\/upload.wikimedia.org\/wikipedia\/commons\/6\/6b\/WhatsApp.svg\" alt=\"WhatsApp Icon\" \/><br \/>\nZarezerwuj bezpo\u015brednio na WhatsApp<br \/>\n<\/a><\/p>","protected":false},"featured_media":9610,"template":"","meta":{"_acf_changed":false},"product_brand":[764],"product_cat":[80],"product_tag":[485,489,487,498,493,492,494,496,386,497,490,274,491,486],"class_list":{"0":"post-7284","1":"product","2":"type-product","3":"status-publish","4":"has-post-thumbnail","6":"product_brand-granducato-collection","7":"product_cat-soggiorni-e-degustazioni","8":"product_tag-coppie-in-vacanza","9":"product_tag-esperienza-da-regalare","10":"product_tag-gruppi-di-amici","11":"product_tag-italia-da-vivere","12":"product_tag-offerta-speciale","13":"product_tag-pacchetto-vacanza","14":"product_tag-pernottamento-incluso","15":"product_tag-prodotti-locali","16":"product_tag-regalo-originale","17":"product_tag-turismo-esperienziale","18":"product_tag-vacanza-last-minute","19":"product_tag-vini-toscani","20":"product_tag-weekend-fuori-porta","21":"product_tag-weekend-romantico","23":"first","24":"instock","25":"shipping-taxable","26":"product-type-simple"},"acf":[],"yoast_head":"<!-- This site is optimized with the Yoast SEO plugin v26.7 - https:\/\/yoast.com\/wordpress\/plugins\/seo\/ -->\n<title>B&amp;B Arezzo - Notte all&#039;Allegra Toscana - Granducato Collection<\/title>\n<meta name=\"description\" content=\"Stanza sul corso principale di Arezzo: Notte all\u2019Allegra Toscana ti offre un soggiorno romantico nel cuore della citt\u00e0. Prenota Ora!\" \/>\n<meta name=\"robots\" content=\"index, follow, max-snippet:-1, max-image-preview:large, max-video-preview:-1\" \/>\n<link rel=\"canonical\" href=\"https:\/\/www.granducatocollection.com\/pl\/product\/notte-allallegra-toscana\/\" \/>\n<meta property=\"og:locale\" content=\"pl_PL\" \/>\n<meta property=\"og:type\" content=\"article\" \/>\n<meta property=\"og:title\" content=\"B&amp;B Arezzo - Notte all&#039;Allegra Toscana - Granducato Collection\" \/>\n<meta property=\"og:description\" content=\"Stanza sul corso principale di Arezzo: Notte all\u2019Allegra Toscana ti offre un soggiorno romantico nel cuore della citt\u00e0. Prenota Ora!\" \/>\n<meta property=\"og:url\" content=\"https:\/\/www.granducatocollection.com\/pl\/product\/notte-allallegra-toscana\/\" \/>\n<meta property=\"og:site_name\" content=\"Granducato Collection\" \/>\n<meta property=\"article:modified_time\" content=\"2026-02-27T16:18:18+00:00\" \/>\n<meta property=\"og:image\" content=\"https:\/\/www.granducatocollection.com\/wp-content\/uploads\/2025\/04\/Soggiorno-di-1-notte-con-degustazione-in-suite-room-alta-stagione-infrasettimanale-DOM-GIO.png\" \/>\n\t<meta property=\"og:image:width\" content=\"300\" \/>\n\t<meta property=\"og:image:height\" content=\"300\" \/>\n\t<meta property=\"og:image:type\" content=\"image\/png\" \/>\n<meta name=\"twitter:card\" content=\"summary_large_image\" \/>\n<meta name=\"twitter:label1\" content=\"Szacowany czas czytania\" \/>\n\t<meta name=\"twitter:data1\" content=\"1 minuta\" \/>\n<script type=\"application\/ld+json\" class=\"yoast-schema-graph\">{\"@context\":\"https:\/\/schema.org\",\"@graph\":[{\"@type\":\"WebPage\",\"@id\":\"https:\/\/www.granducatocollection.com\/prodotto\/notte-allallegra-toscana\/\",\"url\":\"https:\/\/www.granducatocollection.com\/prodotto\/notte-allallegra-toscana\/\",\"name\":\"B&B Arezzo - Notte all'Allegra Toscana - Granducato Collection\",\"isPartOf\":{\"@id\":\"https:\/\/www.granducatocollection.com\/#website\"},\"primaryImageOfPage\":{\"@id\":\"https:\/\/www.granducatocollection.com\/prodotto\/notte-allallegra-toscana\/#primaryimage\"},\"image\":{\"@id\":\"https:\/\/www.granducatocollection.com\/prodotto\/notte-allallegra-toscana\/#primaryimage\"},\"thumbnailUrl\":\"https:\/\/www.granducatocollection.com\/wp-content\/uploads\/2025\/04\/Soggiorno-di-1-notte-con-degustazione-in-suite-room-alta-stagione-infrasettimanale-DOM-GIO.png\",\"datePublished\":\"2025-05-24T11:30:56+00:00\",\"dateModified\":\"2026-02-27T16:18:18+00:00\",\"description\":\"Stanza sul corso principale di Arezzo: Notte all\u2019Allegra Toscana ti offre un soggiorno romantico nel cuore della citt\u00e0. Prenota Ora!\",\"breadcrumb\":{\"@id\":\"https:\/\/www.granducatocollection.com\/prodotto\/notte-allallegra-toscana\/#breadcrumb\"},\"inLanguage\":\"pl-PL\",\"potentialAction\":[{\"@type\":\"ReadAction\",\"target\":[\"https:\/\/www.granducatocollection.com\/prodotto\/notte-allallegra-toscana\/\"]}]},{\"@type\":\"ImageObject\",\"inLanguage\":\"pl-PL\",\"@id\":\"https:\/\/www.granducatocollection.com\/prodotto\/notte-allallegra-toscana\/#primaryimage\",\"url\":\"https:\/\/www.granducatocollection.com\/wp-content\/uploads\/2025\/04\/Soggiorno-di-1-notte-con-degustazione-in-suite-room-alta-stagione-infrasettimanale-DOM-GIO.png\",\"contentUrl\":\"https:\/\/www.granducatocollection.com\/wp-content\/uploads\/2025\/04\/Soggiorno-di-1-notte-con-degustazione-in-suite-room-alta-stagione-infrasettimanale-DOM-GIO.png\",\"width\":300,\"height\":300},{\"@type\":\"BreadcrumbList\",\"@id\":\"https:\/\/www.granducatocollection.com\/prodotto\/notte-allallegra-toscana\/#breadcrumb\",\"itemListElement\":[{\"@type\":\"ListItem\",\"position\":1,\"name\":\"Home\",\"item\":\"https:\/\/www.granducatocollection.com\/\"},{\"@type\":\"ListItem\",\"position\":2,\"name\":\"Shop\",\"item\":\"https:\/\/www.granducatocollection.com\/negozio\/\"},{\"@type\":\"ListItem\",\"position\":3,\"name\":\"Notte all&#8217;Allegra Toscana\"}]},{\"@type\":\"WebSite\",\"@id\":\"https:\/\/www.granducatocollection.com\/#website\",\"url\":\"https:\/\/www.granducatocollection.com\/\",\"name\":\"GranDucato Collection\",\"description\":\"Prenota la tua vacanza e vivi un&#039;esperienza unica\",\"potentialAction\":[{\"@type\":\"SearchAction\",\"target\":{\"@type\":\"EntryPoint\",\"urlTemplate\":\"https:\/\/www.granducatocollection.com\/?s={search_term_string}\"},\"query-input\":{\"@type\":\"PropertyValueSpecification\",\"valueRequired\":true,\"valueName\":\"search_term_string\"}}],\"inLanguage\":\"pl-PL\"}]}<\/script>\n<!-- \/ Yoast SEO plugin. -->","yoast_head_json":{"title":"B&B Arezzo - Notte all'Allegra Toscana - Granducato Collection","description":"Stanza sul corso principale di Arezzo: Notte all\u2019Allegra Toscana ti offre un soggiorno romantico nel cuore della citt\u00e0. Prenota Ora!","robots":{"index":"index","follow":"follow","max-snippet":"max-snippet:-1","max-image-preview":"max-image-preview:large","max-video-preview":"max-video-preview:-1"},"canonical":"https:\/\/www.granducatocollection.com\/pl\/product\/notte-allallegra-toscana\/","og_locale":"pl_PL","og_type":"article","og_title":"B&B Arezzo - Notte all'Allegra Toscana - Granducato Collection","og_description":"Stanza sul corso principale di Arezzo: Notte all\u2019Allegra Toscana ti offre un soggiorno romantico nel cuore della citt\u00e0. Prenota Ora!","og_url":"https:\/\/www.granducatocollection.com\/pl\/product\/notte-allallegra-toscana\/","og_site_name":"Granducato Collection","article_modified_time":"2026-02-27T16:18:18+00:00","og_image":[{"width":300,"height":300,"url":"https:\/\/www.granducatocollection.com\/wp-content\/uploads\/2025\/04\/Soggiorno-di-1-notte-con-degustazione-in-suite-room-alta-stagione-infrasettimanale-DOM-GIO.png","type":"image\/png"}],"twitter_card":"summary_large_image","twitter_misc":{"Szacowany czas czytania":"1 minuta"},"schema":{"@context":"https:\/\/schema.org","@graph":[{"@type":"WebPage","@id":"https:\/\/www.granducatocollection.com\/prodotto\/notte-allallegra-toscana\/","url":"https:\/\/www.granducatocollection.com\/prodotto\/notte-allallegra-toscana\/","name":"B&B Arezzo - Notte all'Allegra Toscana - Granducato Collection","isPartOf":{"@id":"https:\/\/www.granducatocollection.com\/#website"},"primaryImageOfPage":{"@id":"https:\/\/www.granducatocollection.com\/prodotto\/notte-allallegra-toscana\/#primaryimage"},"image":{"@id":"https:\/\/www.granducatocollection.com\/prodotto\/notte-allallegra-toscana\/#primaryimage"},"thumbnailUrl":"https:\/\/www.granducatocollection.com\/wp-content\/uploads\/2025\/04\/Soggiorno-di-1-notte-con-degustazione-in-suite-room-alta-stagione-infrasettimanale-DOM-GIO.png","datePublished":"2025-05-24T11:30:56+00:00","dateModified":"2026-02-27T16:18:18+00:00","description":"Stanza sul corso principale di Arezzo: Notte all\u2019Allegra Toscana ti offre un soggiorno romantico nel cuore della citt\u00e0. Prenota Ora!","breadcrumb":{"@id":"https:\/\/www.granducatocollection.com\/prodotto\/notte-allallegra-toscana\/#breadcrumb"},"inLanguage":"pl-PL","potentialAction":[{"@type":"ReadAction","target":["https:\/\/www.granducatocollection.com\/prodotto\/notte-allallegra-toscana\/"]}]},{"@type":"ImageObject","inLanguage":"pl-PL","@id":"https:\/\/www.granducatocollection.com\/prodotto\/notte-allallegra-toscana\/#primaryimage","url":"https:\/\/www.granducatocollection.com\/wp-content\/uploads\/2025\/04\/Soggiorno-di-1-notte-con-degustazione-in-suite-room-alta-stagione-infrasettimanale-DOM-GIO.png","contentUrl":"https:\/\/www.granducatocollection.com\/wp-content\/uploads\/2025\/04\/Soggiorno-di-1-notte-con-degustazione-in-suite-room-alta-stagione-infrasettimanale-DOM-GIO.png","width":300,"height":300},{"@type":"BreadcrumbList","@id":"https:\/\/www.granducatocollection.com\/prodotto\/notte-allallegra-toscana\/#breadcrumb","itemListElement":[{"@type":"ListItem","position":1,"name":"Home","item":"https:\/\/www.granducatocollection.com\/"},{"@type":"ListItem","position":2,"name":"Shop","item":"https:\/\/www.granducatocollection.com\/negozio\/"},{"@type":"ListItem","position":3,"name":"Notte all&#8217;Allegra Toscana"}]},{"@type":"WebSite","@id":"https:\/\/www.granducatocollection.com\/#website","url":"https:\/\/www.granducatocollection.com\/","name":"GranDucato Collection","description":"Prenota la tua vacanza e vivi un&#039;esperienza unica","potentialAction":[{"@type":"SearchAction","target":{"@type":"EntryPoint","urlTemplate":"https:\/\/www.granducatocollection.com\/?s={search_term_string}"},"query-input":{"@type":"PropertyValueSpecification","valueRequired":true,"valueName":"search_term_string"}}],"inLanguage":"pl-PL"}]}},"_links":{"self":[{"href":"https:\/\/www.granducatocollection.com\/pl\/wp-json\/wp\/v2\/product\/7284","targetHints":{"allow":["GET"]}}],"collection":[{"href":"https:\/\/www.granducatocollection.com\/pl\/wp-json\/wp\/v2\/product"}],"about":[{"href":"https:\/\/www.granducatocollection.com\/pl\/wp-json\/wp\/v2\/types\/product"}],"wp:featuredmedia":[{"embeddable":true,"href":"https:\/\/www.granducatocollection.com\/pl\/wp-json\/wp\/v2\/media\/9610"}],"wp:attachment":[{"href":"https:\/\/www.granducatocollection.com\/pl\/wp-json\/wp\/v2\/media?parent=7284"}],"wp:term":[{"taxonomy":"product_brand","embeddable":true,"href":"https:\/\/www.granducatocollection.com\/pl\/wp-json\/wp\/v2\/product_brand?post=7284"},{"taxonomy":"product_cat","embeddable":true,"href":"https:\/\/www.granducatocollection.com\/pl\/wp-json\/wp\/v2\/product_cat?post=7284"},{"taxonomy":"product_tag","embeddable":true,"href":"https:\/\/www.granducatocollection.com\/pl\/wp-json\/wp\/v2\/product_tag?post=7284"}],"curies":[{"name":"wp","href":"https:\/\/api.w.org\/{rel}","templated":true}]}}