{"id":7281,"date":"2025-05-24T11:14:55","date_gmt":"2025-05-24T11:14:55","guid":{"rendered":"https:\/\/www.granducatocollection.com\/?post_type=product&#038;p=7281"},"modified":"2026-02-27T13:54:42","modified_gmt":"2026-02-27T13:54:42","slug":"una-notte-con-colazione-allallegra-toscana","status":"publish","type":"product","link":"https:\/\/www.granducatocollection.com\/pl\/product\/una-notte-con-colazione-allallegra-toscana\/","title":{"rendered":"Noc ze \u015bniadaniem w Allegra Toscana"},"content":{"rendered":"<p><script type=\"application\/ld+json\">{\n    \"@context\": \"https:\\\/\\\/schema.org\",\n    \"@type\": \"Product\",\n    \"@id\": \"https:\\\/\\\/www.granducatocollection.com\\\/prodotto\\\/una-notte-con-colazione-allallegra-toscana\\\/\",\n    \"name\": \"Una Notte con Colazione all\\u2019Allegra Toscana \\u2013 Arezzo\",\n    \"description\": \"Soggiorno romantico nel cuore di Arezzo con colazione inclusa. Camera elegante affacciata sul corso principale, perfetta per coppie e viaggiatori che cercano charme toscano autentico.\",\n    \"image\": \"https:\\\/\\\/www.granducatocollection.com\\\/wp-content\\\/uploads\\\/2026\\\/01\\\/allegra-toscana-camera-arezzo.jpg\",\n    \"brand\": {\n        \"@type\": \"Organization\",\n        \"name\": \"Granducato Collection\"\n    },\n    \"offers\": {\n        \"@type\": \"Offer\",\n        \"url\": \"https:\\\/\\\/www.granducatocollection.com\\\/prodotto\\\/una-notte-con-colazione-allallegra-toscana\\\/\",\n        \"priceCurrency\": \"EUR\",\n        \"price\": \"59.90\",\n        \"itemCondition\": \"https:\\\/\\\/schema.org\\\/NewCondition\",\n        \"availability\": \"https:\\\/\\\/schema.org\\\/InStock\",\n        \"seller\": {\n            \"@type\": \"Organization\",\n            \"name\": \"Allegra Toscana \\u2013 Granducato Collection\"\n        }\n    },\n    \"sku\": \"NOTTE-COLAZIONE-AREZZO-ALLEGRA-TOSCANA\"\n}<\/script><\/p>\n<h1>Noc ze \u015bniadaniem w Allegra Toscana \u2013 Arezzo<\/h1>\n<h2>Romantyczny pobyt w sercu historycznego centrum Arezzo.<\/h2>\n<p class=\"translation-block\">Poczuj autentyczn\u0105 atmosfer\u0119 Arezzo, sp\u0119dzaj\u0105c noc w naszym pokoju \u201eAllegra Toscana\u201d z eleganckim widokiem na g\u0142\u00f3wn\u0105 ulic\u0119 miasta. Zaprojektowany z my\u015bl\u0105 o parach i podr\u00f3\u017cnych poszukuj\u0105cych toska\u0144skiego uroku, ten pobyt \u0142\u0105czy w sobie dyskretny komfort, w\u0142oski styl i strategiczn\u0105 lokalizacj\u0119, zaledwie kilka krok\u00f3w od Piazza Grande, katedry i renesansowych skarb\u00f3w miasta.<\/p>\n<h3>W cenie \u015bniadanie z lokalnymi specja\u0142ami i \u201eniewidoczne, ale obecne\u201d powitanie<\/h3>\n<p class=\"translation-block\">Rano czeka na Pa\u0144stwa bezp\u0142atne \u015bniadanie, obejmuj\u0105ce \u015bwie\u017ce produkty, domowe desery i lokalne specja\u0142y z Arezzo. Zgodnie z filozofi\u0105 Granducato Collection, nasza obs\u0142uga jest niewidoczna, ale obecna: dyskretna, spersonalizowana i zawsze dost\u0119pna, bez nachalno\u015bci.<\/p>\n<h3>Idealne na romantyczne weekendy, prac\u0119 w domu lub odkrywanie Toskanii<\/h3>\n<p class=\"translation-block\">Ta opcja jest idealna na romantyczny weekend, relaksuj\u0105cy wypoczynek lub jako baza wypadowa do zwiedzania Toskanii \u2013 do Florencji, Sieny i Cortony mo\u017cna dotrze\u0107 w nieca\u0142\u0105 godzin\u0119. Ten pobyt to co\u015b wi\u0119cej ni\u017c nocleg, to prawdziwa podr\u00f3\u017c sensoryczna w g\u0142\u0105b autentycznych W\u0142och.<\/p>","protected":false},"excerpt":{"rendered":"<h1>Nocleg ze \u015bniadaniem w Allegra Toscana<\/h1>\n<p class=\"translation-block\">Zatrzymaj si\u0119 w sercu Arezzo i sp\u0119d\u017a noc w Allegra Toscana: przytulnym pokoju przy g\u0142\u00f3wnej ulicy, w kt\u00f3rym serwowane jest \u015bniadanie sk\u0142adaj\u0105ce si\u0119 z lokalnych specja\u0142\u00f3w.<br>\n<a style=\"text-decoration: none;align-items: center;color: #159c7f;font-weight: 600\" href=\"https:\/\/wa.me\/3772539581\" target=\"_blank\" class=\"fusion-no-lightbox\"><br>\n<img style=\"width: 24px;height: 24px;margin-right: 8px\" src=\"https:\/\/upload.wikimedia.org\/wikipedia\/commons\/6\/6b\/WhatsApp.svg\" alt=\"WhatsApp Icon\"><br>\nRezerwuj bezpo\u015brednio przez WhatsApp<br>\n<\/a><\/p>","protected":false},"featured_media":7714,"template":"","meta":{"_acf_changed":false},"product_brand":[764],"product_cat":[80],"product_tag":[517,160,520,510,522,503,516,518,521,509,507,227,519,523,501],"class_list":{"0":"post-7281","1":"product","2":"type-product","3":"status-publish","4":"has-post-thumbnail","6":"product_brand-granducato-collection","7":"product_cat-soggiorni-e-degustazioni","8":"product_tag-allegra-toscana","9":"product_tag-colazione-inclusa","10":"product_tag-esperienza-toscana","11":"product_tag-fuga-romantica","12":"product_tag-hotel-boutique-toscana","13":"product_tag-hotel-charme","14":"product_tag-notte-con-colazione","15":"product_tag-offerta-hotel-toscana","16":"product_tag-pernottamento-con-colazione","17":"product_tag-regalo-esperienziale","18":"product_tag-soggiorno-benessere","19":"product_tag-soggiorno-romantico","20":"product_tag-vacanza-coppia","21":"product_tag-vacanza-rilassante","22":"product_tag-weekend-in-toscana","24":"first","25":"instock","26":"shipping-taxable","27":"product-type-simple"},"acf":[],"yoast_head":"<!-- This site is optimized with the Yoast SEO plugin v26.7 - https:\/\/yoast.com\/wordpress\/plugins\/seo\/ -->\n<title>B&amp;B Arezzo - Una Notte con Colazione all&#039;Allegra Toscana - Granducato Collection<\/title>\n<meta name=\"description\" content=\"Notte con colazione ad Arezzo in una camera sul corso principale. Comfort, stile toscano e colazione inclusa nel cuore della citt\u00e0.\" \/>\n<meta name=\"robots\" content=\"index, follow, max-snippet:-1, max-image-preview:large, max-video-preview:-1\" \/>\n<link rel=\"canonical\" href=\"https:\/\/www.granducatocollection.com\/pl\/product\/una-notte-con-colazione-allallegra-toscana\/\" \/>\n<meta property=\"og:locale\" content=\"pl_PL\" \/>\n<meta property=\"og:type\" content=\"article\" \/>\n<meta property=\"og:title\" content=\"B&amp;B Arezzo - Una Notte con Colazione all&#039;Allegra Toscana - Granducato Collection\" \/>\n<meta property=\"og:description\" content=\"Notte con colazione ad Arezzo in una camera sul corso principale. Comfort, stile toscano e colazione inclusa nel cuore della citt\u00e0.\" \/>\n<meta property=\"og:url\" content=\"https:\/\/www.granducatocollection.com\/pl\/product\/una-notte-con-colazione-allallegra-toscana\/\" \/>\n<meta property=\"og:site_name\" content=\"Granducato Collection\" \/>\n<meta property=\"article:modified_time\" content=\"2026-02-27T13:54:42+00:00\" \/>\n<meta property=\"og:image\" content=\"https:\/\/www.granducatocollection.com\/wp-content\/uploads\/2025\/06\/Affittacamere_Arezzo_94.jpg\" \/>\n\t<meta property=\"og:image:width\" content=\"960\" \/>\n\t<meta property=\"og:image:height\" content=\"638\" \/>\n\t<meta property=\"og:image:type\" content=\"image\/jpeg\" \/>\n<meta name=\"twitter:card\" content=\"summary_large_image\" \/>\n<meta name=\"twitter:label1\" content=\"Szacowany czas czytania\" \/>\n\t<meta name=\"twitter:data1\" content=\"2 minuty\" \/>\n<script type=\"application\/ld+json\" class=\"yoast-schema-graph\">{\"@context\":\"https:\/\/schema.org\",\"@graph\":[{\"@type\":\"WebPage\",\"@id\":\"https:\/\/www.granducatocollection.com\/prodotto\/una-notte-con-colazione-allallegra-toscana\/\",\"url\":\"https:\/\/www.granducatocollection.com\/prodotto\/una-notte-con-colazione-allallegra-toscana\/\",\"name\":\"B&B Arezzo - Una Notte con Colazione all'Allegra Toscana - Granducato Collection\",\"isPartOf\":{\"@id\":\"https:\/\/www.granducatocollection.com\/#website\"},\"primaryImageOfPage\":{\"@id\":\"https:\/\/www.granducatocollection.com\/prodotto\/una-notte-con-colazione-allallegra-toscana\/#primaryimage\"},\"image\":{\"@id\":\"https:\/\/www.granducatocollection.com\/prodotto\/una-notte-con-colazione-allallegra-toscana\/#primaryimage\"},\"thumbnailUrl\":\"https:\/\/www.granducatocollection.com\/wp-content\/uploads\/2025\/06\/entrata-allegratoscana-shortstays-arezzo-hotel.jpg\",\"datePublished\":\"2025-05-24T11:14:55+00:00\",\"dateModified\":\"2026-02-27T13:54:42+00:00\",\"description\":\"Notte con colazione ad Arezzo in una camera sul corso principale. Comfort, stile toscano e colazione inclusa nel cuore della citt\u00e0.\",\"breadcrumb\":{\"@id\":\"https:\/\/www.granducatocollection.com\/prodotto\/una-notte-con-colazione-allallegra-toscana\/#breadcrumb\"},\"inLanguage\":\"pl-PL\",\"potentialAction\":[{\"@type\":\"ReadAction\",\"target\":[\"https:\/\/www.granducatocollection.com\/prodotto\/una-notte-con-colazione-allallegra-toscana\/\"]}]},{\"@type\":\"ImageObject\",\"inLanguage\":\"pl-PL\",\"@id\":\"https:\/\/www.granducatocollection.com\/prodotto\/una-notte-con-colazione-allallegra-toscana\/#primaryimage\",\"url\":\"https:\/\/www.granducatocollection.com\/wp-content\/uploads\/2025\/06\/entrata-allegratoscana-shortstays-arezzo-hotel.jpg\",\"contentUrl\":\"https:\/\/www.granducatocollection.com\/wp-content\/uploads\/2025\/06\/entrata-allegratoscana-shortstays-arezzo-hotel.jpg\",\"width\":960,\"height\":638,\"caption\":\"dettaglio-allegra-toscana-arezzo\"},{\"@type\":\"BreadcrumbList\",\"@id\":\"https:\/\/www.granducatocollection.com\/prodotto\/una-notte-con-colazione-allallegra-toscana\/#breadcrumb\",\"itemListElement\":[{\"@type\":\"ListItem\",\"position\":1,\"name\":\"Home\",\"item\":\"https:\/\/www.granducatocollection.com\/\"},{\"@type\":\"ListItem\",\"position\":2,\"name\":\"Shop\",\"item\":\"https:\/\/www.granducatocollection.com\/negozio\/\"},{\"@type\":\"ListItem\",\"position\":3,\"name\":\"Una Notte con Colazione all&#8217;Allegra Toscana\"}]},{\"@type\":\"WebSite\",\"@id\":\"https:\/\/www.granducatocollection.com\/#website\",\"url\":\"https:\/\/www.granducatocollection.com\/\",\"name\":\"GranDucato Collection\",\"description\":\"Prenota la tua vacanza e vivi un&#039;esperienza unica\",\"potentialAction\":[{\"@type\":\"SearchAction\",\"target\":{\"@type\":\"EntryPoint\",\"urlTemplate\":\"https:\/\/www.granducatocollection.com\/?s={search_term_string}\"},\"query-input\":{\"@type\":\"PropertyValueSpecification\",\"valueRequired\":true,\"valueName\":\"search_term_string\"}}],\"inLanguage\":\"pl-PL\"}]}<\/script>\n<!-- \/ Yoast SEO plugin. -->","yoast_head_json":{"title":"B&B Arezzo - Una Notte con Colazione all'Allegra Toscana - Granducato Collection","description":"Notte con colazione ad Arezzo in una camera sul corso principale. Comfort, stile toscano e colazione inclusa nel cuore della citt\u00e0.","robots":{"index":"index","follow":"follow","max-snippet":"max-snippet:-1","max-image-preview":"max-image-preview:large","max-video-preview":"max-video-preview:-1"},"canonical":"https:\/\/www.granducatocollection.com\/pl\/product\/una-notte-con-colazione-allallegra-toscana\/","og_locale":"pl_PL","og_type":"article","og_title":"B&B Arezzo - Una Notte con Colazione all'Allegra Toscana - Granducato Collection","og_description":"Notte con colazione ad Arezzo in una camera sul corso principale. Comfort, stile toscano e colazione inclusa nel cuore della citt\u00e0.","og_url":"https:\/\/www.granducatocollection.com\/pl\/product\/una-notte-con-colazione-allallegra-toscana\/","og_site_name":"Granducato Collection","article_modified_time":"2026-02-27T13:54:42+00:00","og_image":[{"width":960,"height":638,"url":"https:\/\/www.granducatocollection.com\/wp-content\/uploads\/2025\/06\/Affittacamere_Arezzo_94.jpg","type":"image\/jpeg"}],"twitter_card":"summary_large_image","twitter_misc":{"Szacowany czas czytania":"2 minuty"},"schema":{"@context":"https:\/\/schema.org","@graph":[{"@type":"WebPage","@id":"https:\/\/www.granducatocollection.com\/prodotto\/una-notte-con-colazione-allallegra-toscana\/","url":"https:\/\/www.granducatocollection.com\/prodotto\/una-notte-con-colazione-allallegra-toscana\/","name":"B&B Arezzo - Una Notte con Colazione all'Allegra Toscana - Granducato Collection","isPartOf":{"@id":"https:\/\/www.granducatocollection.com\/#website"},"primaryImageOfPage":{"@id":"https:\/\/www.granducatocollection.com\/prodotto\/una-notte-con-colazione-allallegra-toscana\/#primaryimage"},"image":{"@id":"https:\/\/www.granducatocollection.com\/prodotto\/una-notte-con-colazione-allallegra-toscana\/#primaryimage"},"thumbnailUrl":"https:\/\/www.granducatocollection.com\/wp-content\/uploads\/2025\/06\/entrata-allegratoscana-shortstays-arezzo-hotel.jpg","datePublished":"2025-05-24T11:14:55+00:00","dateModified":"2026-02-27T13:54:42+00:00","description":"Notte con colazione ad Arezzo in una camera sul corso principale. Comfort, stile toscano e colazione inclusa nel cuore della citt\u00e0.","breadcrumb":{"@id":"https:\/\/www.granducatocollection.com\/prodotto\/una-notte-con-colazione-allallegra-toscana\/#breadcrumb"},"inLanguage":"pl-PL","potentialAction":[{"@type":"ReadAction","target":["https:\/\/www.granducatocollection.com\/prodotto\/una-notte-con-colazione-allallegra-toscana\/"]}]},{"@type":"ImageObject","inLanguage":"pl-PL","@id":"https:\/\/www.granducatocollection.com\/prodotto\/una-notte-con-colazione-allallegra-toscana\/#primaryimage","url":"https:\/\/www.granducatocollection.com\/wp-content\/uploads\/2025\/06\/entrata-allegratoscana-shortstays-arezzo-hotel.jpg","contentUrl":"https:\/\/www.granducatocollection.com\/wp-content\/uploads\/2025\/06\/entrata-allegratoscana-shortstays-arezzo-hotel.jpg","width":960,"height":638,"caption":"dettaglio-allegra-toscana-arezzo"},{"@type":"BreadcrumbList","@id":"https:\/\/www.granducatocollection.com\/prodotto\/una-notte-con-colazione-allallegra-toscana\/#breadcrumb","itemListElement":[{"@type":"ListItem","position":1,"name":"Home","item":"https:\/\/www.granducatocollection.com\/"},{"@type":"ListItem","position":2,"name":"Shop","item":"https:\/\/www.granducatocollection.com\/negozio\/"},{"@type":"ListItem","position":3,"name":"Una Notte con Colazione all&#8217;Allegra Toscana"}]},{"@type":"WebSite","@id":"https:\/\/www.granducatocollection.com\/#website","url":"https:\/\/www.granducatocollection.com\/","name":"GranDucato Collection","description":"Prenota la tua vacanza e vivi un&#039;esperienza unica","potentialAction":[{"@type":"SearchAction","target":{"@type":"EntryPoint","urlTemplate":"https:\/\/www.granducatocollection.com\/?s={search_term_string}"},"query-input":{"@type":"PropertyValueSpecification","valueRequired":true,"valueName":"search_term_string"}}],"inLanguage":"pl-PL"}]}},"_links":{"self":[{"href":"https:\/\/www.granducatocollection.com\/pl\/wp-json\/wp\/v2\/product\/7281","targetHints":{"allow":["GET"]}}],"collection":[{"href":"https:\/\/www.granducatocollection.com\/pl\/wp-json\/wp\/v2\/product"}],"about":[{"href":"https:\/\/www.granducatocollection.com\/pl\/wp-json\/wp\/v2\/types\/product"}],"wp:featuredmedia":[{"embeddable":true,"href":"https:\/\/www.granducatocollection.com\/pl\/wp-json\/wp\/v2\/media\/7714"}],"wp:attachment":[{"href":"https:\/\/www.granducatocollection.com\/pl\/wp-json\/wp\/v2\/media?parent=7281"}],"wp:term":[{"taxonomy":"product_brand","embeddable":true,"href":"https:\/\/www.granducatocollection.com\/pl\/wp-json\/wp\/v2\/product_brand?post=7281"},{"taxonomy":"product_cat","embeddable":true,"href":"https:\/\/www.granducatocollection.com\/pl\/wp-json\/wp\/v2\/product_cat?post=7281"},{"taxonomy":"product_tag","embeddable":true,"href":"https:\/\/www.granducatocollection.com\/pl\/wp-json\/wp\/v2\/product_tag?post=7281"}],"curies":[{"name":"wp","href":"https:\/\/api.w.org\/{rel}","templated":true}]}}